{"id":1877,"date":"2024-10-26T09:40:05","date_gmt":"2024-10-26T02:40:05","guid":{"rendered":"https:\/\/nge.123websitedev.com\/san-pham\/module-bo-chuyen-doi-io2can-v1-0-cho-board-cb1-cm4\/"},"modified":"2024-10-28T15:58:19","modified_gmt":"2024-10-28T08:58:19","slug":"module-bo-chuyen-doi-io2can-v1-0-cho-board-cb1-cm4","status":"publish","type":"product","link":"https:\/\/nge.vn\/en\/product\/module-bo-chuyen-doi-io2can-v1-0-cho-board-cb1-cm4\/","title":{"rendered":"Module b\u1ed9 chuy\u1ec3n \u0111\u1ed5i IO2CAN V1.0 cho board CB1\/CM4"},"content":{"rendered":"<p>Module b\u1ed9 chuy\u1ec3n \u0111\u1ed5i IO2CAN V1.0 cho board \u0111i\u1ec1u khi\u1ec3n m\u00e1y in 3d CB1\/CM4<br \/>\n_Khi \u0111\u01b0\u1ee3c k\u1ebft h\u1ee3p v\u1edbi bo m\u1ea1ch BTT CB1, bo m\u1ea1ch b\u1ed9 \u0111i\u1ec1u h\u1ee3p n\u00e0y t\u0103ng c\u01b0\u1eddng ch\u1ee9c n\u0103ng b\u1eb1ng c\u00e1ch k\u1ebft h\u1ee3p c\u1ed5ng CAN v\u00e0 giao di\u1ec7n SPI \u0111\u01b0\u1ee3c thi\u1ebft k\u1ebf ri\u00eang cho m\u00e0n h\u00ecnh TFT35 SPI. Ngo\u00e0i ra, khi \u0111\u01b0\u1ee3c s\u1eed d\u1ee5ng v\u1edbi Raspberry Pi CM4, n\u00f3 s\u1ebd th\u00eam m\u1ed9t c\u1ed5ng CAN \u0111\u1ec3 m\u1edf r\u1ed9ng k\u1ebft n\u1ed1i.<\/p>\n<p>=&gt; https:\/\/github.com\/bigtreetech\/IO2CAN<\/p>\n<p>_M\u00f4-\u0111un b\u1ed9 \u0111i\u1ec1u h\u1ee3p IO2CAN cho CB1 \/ CM4 l\u00e0 b\u1ed9 \u0111i\u1ec1u h\u1ee3p gi\u1eefa \u0111\u1ea7u v\u00e0o v\u00e0 \u0111\u1ea7u ra m\u1ee5c \u0111\u00edch chung (GPIO) c\u1ee7a bo m\u1ea1ch Raspberry Pi v\u00e0 c\u00e1c d\u1eabn xu\u1ea5t, v\u00e0 c\u00e1c thi\u1ebft b\u1ecb ph\u1ed5 bi\u1ebfn kh\u00e1c nh\u01b0 m\u00f4-\u0111un CANBUS v\u00e0 m\u00e0n h\u00ecnh c\u1ea3m \u1ee9ng cho Klipper.<br \/>\n\u0110\u00f3 l\u00e0 m\u1ed9t c\u00e1ch \u0111\u01a1n gi\u1ea3n v\u00e0 thanh l\u1ecbch \u0111\u1ec3 th\u1ef1c hi\u1ec7n c\u00e1c k\u1ebft n\u1ed1i n\u00e0y.<\/p>\n<p>_T\u1ea5t c\u1ea3 c\u00e1c l\u1ee3i \u00edch c\u1ee7a CAN bus s\u1ebd c\u00f3 s\u1eb5n ch\u1ec9 v\u1edbi m\u1ed9t plug-in.<\/p>\n<p>_I02CAN<br \/>\nK\u00edch ho\u1ea1t CAN bus tr\u00ean bo m\u1ea1ch c\u1ea5p ngu\u1ed3n CB1 c\u1ee7a b\u1ea1n ch\u1ec9 b\u1eb1ng m\u1ed9t plug-in \u0111\u01a1n gi\u1ea3n.<\/p>\n<p>***S\u1ea3n ph\u1ea9m n\u00e0y kh\u00f4ng b\u1ea3o h\u00e0nh, v\u00e0 T\u1ea5t c\u1ea3 linh ki\u1ec7n m\u00e1y in 3d hi\u1ec7n shop \u0111ang cung c\u1ea5p \u0111\u1ec1u kh\u00f4ng b\u1ea3o h\u00e0nh<\/p>\n<p>**To receive a better price, please contact the shop directly.<br \/>\n     0913.939.775 contact A.Quan (for English)<br \/>\n     094.144.0951 contact A.Quynh<br \/>\n**Selling price does not include VAT (+10% if VAT invoice is issued)<\/p>","protected":false},"excerpt":{"rendered":"<p>Module b\u1ed9 chuy\u1ec3n \u0111\u1ed5i IO2CAN V1.0 cho board CB1\/CM4<\/p>","protected":false},"featured_media":1868,"comment_status":"open","ping_status":"closed","template":"","meta":{"inline_featured_image":false},"product_brand":[],"product_cat":[40,58],"product_tag":[],"class_list":{"0":"post-1877","1":"product","2":"type-product","3":"status-publish","4":"has-post-thumbnail","6":"product_cat-linh-kien-va-phu-kien","7":"product_cat-phu-kien-may-in-3d-bigtreetech","9":"first","10":"instock","11":"taxable","12":"shipping-taxable","13":"purchasable","14":"product-type-simple"},"yoast_head":"<!-- This site is optimized with the Yoast SEO Premium plugin v22.8 (Yoast SEO v26.9) - https:\/\/yoast.com\/product\/yoast-seo-premium-wordpress\/ -->\n<title>Module b\u1ed9 chuy\u1ec3n \u0111\u1ed5i IO2CAN V1.0 cho board CB1\/CM4 - NGE 3D Printers Services<\/title>\n<meta name=\"robots\" content=\"index, follow, max-snippet:-1, max-image-preview:large, max-video-preview:-1\" \/>\n<link rel=\"canonical\" href=\"https:\/\/nge.vn\/en\/product\/module-bo-chuyen-doi-io2can-v1-0-cho-board-cb1-cm4\/\" \/>\n<meta property=\"og:locale\" content=\"en_US\" \/>\n<meta property=\"og:type\" content=\"article\" \/>\n<meta property=\"og:title\" content=\"Module b\u1ed9 chuy\u1ec3n \u0111\u1ed5i IO2CAN V1.0 cho board CB1\/CM4\" \/>\n<meta property=\"og:description\" content=\"Module b\u1ed9 chuy\u1ec3n \u0111\u1ed5i IO2CAN V1.0 cho board CB1\/CM4\" \/>\n<meta property=\"og:url\" content=\"https:\/\/nge.vn\/en\/product\/module-bo-chuyen-doi-io2can-v1-0-cho-board-cb1-cm4\/\" \/>\n<meta property=\"og:site_name\" content=\"NGE 3D Printers Services\" \/>\n<meta property=\"article:modified_time\" content=\"2024-10-28T08:58:19+00:00\" \/>\n<meta property=\"og:image\" content=\"https:\/\/nge.vn\/wp-content\/uploads\/2024\/10\/images-upload-woo2F444d47712e222ddfe72666f4dfa53f49.jpg\" \/>\n\t<meta property=\"og:image:width\" content=\"813\" \/>\n\t<meta property=\"og:image:height\" content=\"813\" \/>\n\t<meta property=\"og:image:type\" content=\"image\/jpeg\" \/>\n<meta name=\"twitter:card\" content=\"summary_large_image\" \/>\n<meta name=\"twitter:label1\" content=\"Est. reading time\" \/>\n\t<meta name=\"twitter:data1\" content=\"2 minutes\" \/>\n<script type=\"application\/ld+json\" class=\"yoast-schema-graph\">{\"@context\":\"https:\/\/schema.org\",\"@graph\":[{\"@type\":\"WebPage\",\"@id\":\"https:\/\/nge.vn\/san-pham\/module-bo-chuyen-doi-io2can-v1-0-cho-board-cb1-cm4\/\",\"url\":\"https:\/\/nge.vn\/san-pham\/module-bo-chuyen-doi-io2can-v1-0-cho-board-cb1-cm4\/\",\"name\":\"Module b\u1ed9 chuy\u1ec3n \u0111\u1ed5i IO2CAN V1.0 cho board CB1\/CM4 - NGE 3D Printers Services\",\"isPartOf\":{\"@id\":\"https:\/\/nge.vn\/#website\"},\"primaryImageOfPage\":{\"@id\":\"https:\/\/nge.vn\/san-pham\/module-bo-chuyen-doi-io2can-v1-0-cho-board-cb1-cm4\/#primaryimage\"},\"image\":{\"@id\":\"https:\/\/nge.vn\/san-pham\/module-bo-chuyen-doi-io2can-v1-0-cho-board-cb1-cm4\/#primaryimage\"},\"thumbnailUrl\":\"https:\/\/nge.vn\/wp-content\/uploads\/2024\/10\/images-upload-woo2F444d47712e222ddfe72666f4dfa53f49.jpg\",\"datePublished\":\"2024-10-26T02:40:05+00:00\",\"dateModified\":\"2024-10-28T08:58:19+00:00\",\"breadcrumb\":{\"@id\":\"https:\/\/nge.vn\/san-pham\/module-bo-chuyen-doi-io2can-v1-0-cho-board-cb1-cm4\/#breadcrumb\"},\"inLanguage\":\"en-US\",\"potentialAction\":[{\"@type\":\"ReadAction\",\"target\":[\"https:\/\/nge.vn\/san-pham\/module-bo-chuyen-doi-io2can-v1-0-cho-board-cb1-cm4\/\"]}]},{\"@type\":\"ImageObject\",\"inLanguage\":\"en-US\",\"@id\":\"https:\/\/nge.vn\/san-pham\/module-bo-chuyen-doi-io2can-v1-0-cho-board-cb1-cm4\/#primaryimage\",\"url\":\"https:\/\/nge.vn\/wp-content\/uploads\/2024\/10\/images-upload-woo2F444d47712e222ddfe72666f4dfa53f49.jpg\",\"contentUrl\":\"https:\/\/nge.vn\/wp-content\/uploads\/2024\/10\/images-upload-woo2F444d47712e222ddfe72666f4dfa53f49.jpg\",\"width\":813,\"height\":813},{\"@type\":\"BreadcrumbList\",\"@id\":\"https:\/\/nge.vn\/san-pham\/module-bo-chuyen-doi-io2can-v1-0-cho-board-cb1-cm4\/#breadcrumb\",\"itemListElement\":[{\"@type\":\"ListItem\",\"position\":1,\"name\":\"Trang ch\u1ee7\",\"item\":\"https:\/\/nge.vn\/\"},{\"@type\":\"ListItem\",\"position\":2,\"name\":\"S\u1ea3n ph\u1ea9m\",\"item\":\"https:\/\/nge.vn\/san-pham\/\"},{\"@type\":\"ListItem\",\"position\":3,\"name\":\"Module b\u1ed9 chuy\u1ec3n \u0111\u1ed5i IO2CAN V1.0 cho board CB1\/CM4\"}]},{\"@type\":\"WebSite\",\"@id\":\"https:\/\/nge.vn\/#website\",\"url\":\"https:\/\/nge.vn\/\",\"name\":\"NGE 3D Printers Services\",\"description\":\"\",\"potentialAction\":[{\"@type\":\"SearchAction\",\"target\":{\"@type\":\"EntryPoint\",\"urlTemplate\":\"https:\/\/nge.vn\/?s={search_term_string}\"},\"query-input\":{\"@type\":\"PropertyValueSpecification\",\"valueRequired\":true,\"valueName\":\"search_term_string\"}}],\"inLanguage\":\"en-US\"}]}<\/script>\n<!-- \/ Yoast SEO Premium plugin. -->","yoast_head_json":{"title":"Module b\u1ed9 chuy\u1ec3n \u0111\u1ed5i IO2CAN V1.0 cho board CB1\/CM4 - NGE 3D Printers Services","robots":{"index":"index","follow":"follow","max-snippet":"max-snippet:-1","max-image-preview":"max-image-preview:large","max-video-preview":"max-video-preview:-1"},"canonical":"https:\/\/nge.vn\/en\/product\/module-bo-chuyen-doi-io2can-v1-0-cho-board-cb1-cm4\/","og_locale":"en_US","og_type":"article","og_title":"Module b\u1ed9 chuy\u1ec3n \u0111\u1ed5i IO2CAN V1.0 cho board CB1\/CM4","og_description":"Module b\u1ed9 chuy\u1ec3n \u0111\u1ed5i IO2CAN V1.0 cho board CB1\/CM4","og_url":"https:\/\/nge.vn\/en\/product\/module-bo-chuyen-doi-io2can-v1-0-cho-board-cb1-cm4\/","og_site_name":"NGE 3D Printers Services","article_modified_time":"2024-10-28T08:58:19+00:00","og_image":[{"width":813,"height":813,"url":"https:\/\/nge.vn\/wp-content\/uploads\/2024\/10\/images-upload-woo2F444d47712e222ddfe72666f4dfa53f49.jpg","type":"image\/jpeg"}],"twitter_card":"summary_large_image","twitter_misc":{"Est. reading time":"2 minutes"},"schema":{"@context":"https:\/\/schema.org","@graph":[{"@type":"WebPage","@id":"https:\/\/nge.vn\/san-pham\/module-bo-chuyen-doi-io2can-v1-0-cho-board-cb1-cm4\/","url":"https:\/\/nge.vn\/san-pham\/module-bo-chuyen-doi-io2can-v1-0-cho-board-cb1-cm4\/","name":"Module b\u1ed9 chuy\u1ec3n \u0111\u1ed5i IO2CAN V1.0 cho board CB1\/CM4 - NGE 3D Printers Services","isPartOf":{"@id":"https:\/\/nge.vn\/#website"},"primaryImageOfPage":{"@id":"https:\/\/nge.vn\/san-pham\/module-bo-chuyen-doi-io2can-v1-0-cho-board-cb1-cm4\/#primaryimage"},"image":{"@id":"https:\/\/nge.vn\/san-pham\/module-bo-chuyen-doi-io2can-v1-0-cho-board-cb1-cm4\/#primaryimage"},"thumbnailUrl":"https:\/\/nge.vn\/wp-content\/uploads\/2024\/10\/images-upload-woo2F444d47712e222ddfe72666f4dfa53f49.jpg","datePublished":"2024-10-26T02:40:05+00:00","dateModified":"2024-10-28T08:58:19+00:00","breadcrumb":{"@id":"https:\/\/nge.vn\/san-pham\/module-bo-chuyen-doi-io2can-v1-0-cho-board-cb1-cm4\/#breadcrumb"},"inLanguage":"en-US","potentialAction":[{"@type":"ReadAction","target":["https:\/\/nge.vn\/san-pham\/module-bo-chuyen-doi-io2can-v1-0-cho-board-cb1-cm4\/"]}]},{"@type":"ImageObject","inLanguage":"en-US","@id":"https:\/\/nge.vn\/san-pham\/module-bo-chuyen-doi-io2can-v1-0-cho-board-cb1-cm4\/#primaryimage","url":"https:\/\/nge.vn\/wp-content\/uploads\/2024\/10\/images-upload-woo2F444d47712e222ddfe72666f4dfa53f49.jpg","contentUrl":"https:\/\/nge.vn\/wp-content\/uploads\/2024\/10\/images-upload-woo2F444d47712e222ddfe72666f4dfa53f49.jpg","width":813,"height":813},{"@type":"BreadcrumbList","@id":"https:\/\/nge.vn\/san-pham\/module-bo-chuyen-doi-io2can-v1-0-cho-board-cb1-cm4\/#breadcrumb","itemListElement":[{"@type":"ListItem","position":1,"name":"Trang ch\u1ee7","item":"https:\/\/nge.vn\/"},{"@type":"ListItem","position":2,"name":"S\u1ea3n ph\u1ea9m","item":"https:\/\/nge.vn\/san-pham\/"},{"@type":"ListItem","position":3,"name":"Module b\u1ed9 chuy\u1ec3n \u0111\u1ed5i IO2CAN V1.0 cho board CB1\/CM4"}]},{"@type":"WebSite","@id":"https:\/\/nge.vn\/#website","url":"https:\/\/nge.vn\/","name":"NGE 3D Printers Services","description":"","potentialAction":[{"@type":"SearchAction","target":{"@type":"EntryPoint","urlTemplate":"https:\/\/nge.vn\/?s={search_term_string}"},"query-input":{"@type":"PropertyValueSpecification","valueRequired":true,"valueName":"search_term_string"}}],"inLanguage":"en-US"}]}},"_links":{"self":[{"href":"https:\/\/nge.vn\/en\/wp-json\/wp\/v2\/product\/1877","targetHints":{"allow":["GET"]}}],"collection":[{"href":"https:\/\/nge.vn\/en\/wp-json\/wp\/v2\/product"}],"about":[{"href":"https:\/\/nge.vn\/en\/wp-json\/wp\/v2\/types\/product"}],"replies":[{"embeddable":true,"href":"https:\/\/nge.vn\/en\/wp-json\/wp\/v2\/comments?post=1877"}],"wp:featuredmedia":[{"embeddable":true,"href":"https:\/\/nge.vn\/en\/wp-json\/wp\/v2\/media\/1868"}],"wp:attachment":[{"href":"https:\/\/nge.vn\/en\/wp-json\/wp\/v2\/media?parent=1877"}],"wp:term":[{"taxonomy":"product_brand","embeddable":true,"href":"https:\/\/nge.vn\/en\/wp-json\/wp\/v2\/product_brand?post=1877"},{"taxonomy":"product_cat","embeddable":true,"href":"https:\/\/nge.vn\/en\/wp-json\/wp\/v2\/product_cat?post=1877"},{"taxonomy":"product_tag","embeddable":true,"href":"https:\/\/nge.vn\/en\/wp-json\/wp\/v2\/product_tag?post=1877"}],"curies":[{"name":"wp","href":"https:\/\/api.w.org\/{rel}","templated":true}]}}