{"id":1861,"date":"2024-10-26T09:38:26","date_gmt":"2024-10-26T02:38:26","guid":{"rendered":"https:\/\/nge.123websitedev.com\/san-pham\/trinh-dieu-khien-driver-ez2209-ez5160-pro-cho-board-dieu-khien-may-in-3d-skr-3-ez-manta-e3ez-octopus-max-ez-1-pcs\/"},"modified":"2024-10-28T15:58:02","modified_gmt":"2024-10-28T08:58:02","slug":"trinh-dieu-khien-driver-ez2209-ez5160-pro-cho-board-dieu-khien-may-in-3d-skr-3-ez-manta-e3ez-octopus-max-ez-1-pcs","status":"publish","type":"product","link":"https:\/\/nge.vn\/en\/product\/trinh-dieu-khien-driver-ez2209-ez5160-pro-cho-board-dieu-khien-may-in-3d-skr-3-ez-manta-e3ez-octopus-max-ez-1-pcs\/","title":{"rendered":"Tr\u00ecnh \u0111i\u1ec1u khi\u1ec3n Driver EZ2209\/ EZ5160 Pro cho board \u0111i\u1ec1u khi\u1ec3n m\u00e1y in 3d SKR 3 EZ &amp; Manta E3EZ &amp; Octopus Max EZ&#8230;1 pcs"},"content":{"rendered":"<p>Tr\u00ecnh \u0111i\u1ec1u khi\u1ec3n Driver EZ2209 cho c\u00e1c board \u0111i\u1ec1u khi\u1ec3n m\u00e1y in 3d SKR 3 EZ &amp; Manta E3EZ V1.0 &amp; Octopus Max EZ&#8230;<br \/>\n**T\u1ea1i sao n\u00ean s\u1eed d\u1ee5ng EZ Drive?<br \/>\n40% ng\u01b0\u1eddi d\u00f9ng b\u1ecb h\u01b0 driver do c\u00e0i \u0111\u1eb7t sai. N\u00f3 s\u1ebd l\u00e0m h\u1ecfng mainboard ho\u1eb7c th\u1eadm ch\u00ed g\u00e2y ch\u00e1y n\u1ed5<\/p>\n<p>K\u1ef7 nguy\u00ean m\u1edbi c\u1ee7a h\u1ec7 th\u1ed1ng \u0111i\u1ec1u khi\u1ec3n truy\u1ec1n \u0111\u1ed9ng<br \/>\nS\u1ef1 m\u1ea1nh m\u1ebd v\u00e0 an to\u00e0n h\u00e0ng \u0111\u1ea7u trong ng\u00e0nh<\/p>\n<p>+Tr\u00ecnh \u0111i\u1ec1u khi\u1ec3n 2 trong 1 &amp; t\u1ea3n nhi\u1ec7t<br \/>\n+Thi\u1ebft k\u1ebf ngo\u1ea1i h\u00ecnh s\u00e1ng t\u1ea1o<br \/>\n+C\u1ea5u tr\u00fac kh\u00f4ng ch\u1ed1t<br \/>\n+Cung c\u1ea5p chuy\u1ec3n \u0111\u1ed9ng im l\u1eb7ng<br \/>\n+An to\u00e0n t\u1ed1i cao<br \/>\n+\u0110\u1ed9 b\u1ec1n \u0111\u00e1ng kinh ng\u1ea1c<\/p>\n<p>_Tr\u00e1nh Nh\u1eefng S\u1ef1 c\u1ed1 Ph\u1ed5 bi\u1ebfn \u0111\u00f3 v\u1edbi EZ drive\u2122 c\u1ee7a Ch\u00fang t\u00f4i<br \/>\n+H\u1ecfng bo m\u1ea1ch ch\u1ee7 do c\u1eafm b\u1ea5t c\u1ea9n<br \/>\n+\u0110\u1ea7u ng\u00f3n tay b\u1ecb kim ch\u00e2m<br \/>\n+Tu\u1ed5i th\u1ecd ng\u1eafn h\u01a1n<br \/>\n+Ngo\u1ea1i h\u00ecnh b\u00ecnh th\u01b0\u1eddng<\/p>\n<p>_Tr\u00ecnh \u0111i\u1ec1u khi\u1ec3n \u0111\u1ed9ng c\u01a1 b\u01b0\u1edbc c\u00f4ng su\u1ea5t cao<br \/>\n\u0110\u01b0\u1ee3c thi\u1ebft k\u1ebf v\u1edbi MOSFET c\u00f3 th\u1ec3 duy tr\u00ec d\u00f2ng \u0111i\u1ec7n c\u1ef1c \u0111\u1ea1i 3A<br \/>\n*D\u1eef li\u1ec7u hi\u1ec7n t\u1ea1i ch\u1ec9 d\u00e0nh cho EZ5160 Pro<\/p>\n<p>Vui l\u00f2ng l\u01b0u \u00fd:<br \/>\n\u0110\u1ed1i v\u1edbi EZ5160 Pro, khi s\u1eed d\u1ee5ng \u0111i\u1ec7n \u00e1p cao (&gt; 36V) ho\u1eb7c d\u00f2ng \u0111i\u1ec7n cao (&gt; 1,5A), c\u1ea7n ph\u1ea3i l\u00e0m m\u00e1t ch\u1ee7 \u0111\u1ed9ng \u0111\u1ec3 \u0111\u1ea3m b\u1ea3o tr\u00ecnh \u0111i\u1ec1u khi\u1ec3n c\u00f3 th\u1ec3 ho\u1ea1t \u0111\u1ed9ng b\u00ecnh th\u01b0\u1eddng.<\/p>\n<p>D\u1ec5 d\u00e0ng \u0111\u1ec3 c\u00e0i \u0111\u1eb7t<br \/>\nThi\u1ebft k\u1ebf ch\u1ed1ng c\u1eafm nh\u1ea7m \u0111\u1ed9c \u0111\u00e1o \u0111\u1ea3m b\u1ea3o l\u1eafp \u0111\u1eb7t d\u1ec5 d\u00e0ng<\/p>\n<p>2 ph\u01b0\u01a1ng ph\u00e1p c\u00e0i \u0111\u1eb7t:<br \/>\n_C\u00e1ch 1:<br \/>\n+K\u1ebft n\u1ed1i tr\u00ecnh \u0111i\u1ec1u khi\u1ec3n (EZ adapters kh\u00f4ng bao g\u1ed3m)<br \/>\n+Bo m\u1ea1ch ch\u1ee7 th\u00f4ng th\u01b0\u1eddng<br \/>\n_C\u00e1ch 2:<br \/>\n+Bo m\u1ea1ch ch\u1ee7 \u0111\u01b0\u1ee3c n\u00e2ng c\u1ea5p (giao di\u1ec7n tr\u00ecnh \u0111i\u1ec1u khi\u1ec3n EZ)<\/p>\n<p>_B\u1ed9 \u0111i\u1ec1u khi\u1ec3n chuy\u1ec3n \u0111\u1ed9ng chuy\u00ean d\u1ee5ng<br \/>\nMang l\u1ea1i chuy\u1ec3n \u0111\u1ed9ng y\u00ean t\u0129nh h\u01a1n, hi\u1ec7u qu\u1ea3 h\u01a1n v\u00e0 m\u01b0\u1ee3t m\u00e0 h\u01a1n<br \/>\n+Ho\u1ea1t \u0111\u1ed9ng im l\u1eb7ng<br \/>\n+\u0110\u1ecbnh v\u1ecb ch\u00ednh x\u00e1c<br \/>\n+Hi\u1ec7u su\u1ea5t ch\u1ed1ng rung<\/p>\n<p>_2 trong1<br \/>\nS\u00e1ng t\u1ea1o k\u1ebft h\u1ee3p tr\u00ecnh \u0111i\u1ec1u khi\u1ec3n &amp; t\u1ea3n nhi\u1ec7t gi\u1eef cho s\u1ea3n l\u01b0\u1ee3ng nhi\u1ec7t v\u00e0 ti\u00eau th\u1ee5 n\u0103ng l\u01b0\u1ee3ng \u1edf m\u1ee9c t\u1ed1i thi\u1ec3u<\/p>\n<p>_\u0110\u1ed9 b\u1ec1n cao<br \/>\n\u0110\u01b0\u1ee3c ch\u1ebf t\u1ea1o \u0111\u1ec3 tr\u01b0\u1eddng t\u1ed3n, 4 l\u1edbp PCB cho hi\u1ec7u n\u0103ng v\u01b0\u1ee3t tr\u1ed9i.<\/p>\n<p>_Kh\u00f4ng c\u00f3 g\u00ec quan tr\u1ecdng h\u01a1n s\u1ef1 an to\u00e0n<br \/>\nC\u1ea5u tr\u00fac pinless b\u1ea3o v\u1ec7 b\u1ea1n kh\u1ecfi b\u1ecb ch\u00edch ng\u00f3n tay<\/p>\n<p>_ Th\u00edch nghi r\u1ed9ng r\u00e3i<br \/>\nS\u1ef1 k\u1ebft h\u1ee3p ho\u00e0n h\u1ea3o cho \u0111\u1ed9ng c\u01a1 b\u01b0\u1edbc 57<br \/>\n**EZ5160 Pro \u0111\u01b0\u1ee3c thi\u1ebft k\u1ebf v\u1edbi 6 l\u1edbp PCB<\/p>\n<p>H\u1ec7 th\u1ed1ng ki\u1ec3m so\u00e1t tr\u00ecnh \u0111i\u1ec1u khi\u1ec3n th\u1ebf h\u1ec7 m\u1edbi<\/p>\n<p>_Product Parameters<br \/>\n+Product: EZ5160 Pro \/ EZ2130 \/ EZ2208 \/ EZ2209<br \/>\n+Driver chip: TMC5160-TA \/ TMC2130-LA \/ TMC2208-LA \/ TMC2209-LA<br \/>\n+Supported voltage: 8~48v 12~24V \/ 12~24v \/ 12~24V<br \/>\n+Max current: 2.5A \/ 2A (QFN) \/ 2A \/ 2A<br \/>\n+Recommended current (without fan for heat dissipation): \u22641.6A \/ \u22640.9A \/ \u22641.2A \u22641.3A<br \/>\n+Operation mode: SPI mode \/ SPI mode \/ UART mode \/ UART mode<br \/>\n+Sensing resistance: 0.075\u03a9 \/ 0.11\u03a9 \/ 0.11\u03a9 \/ 0.11\u03a9<br \/>\n+StealthChop: Support \/ Support \/ Support \/ Support<br \/>\n+SpreadCycle: Support \/ Support \/ Support \/ Support<br \/>\n+StallGuard: Support \/ Support \/ \/ Support<br \/>\n+Max subdivision: 256 \/ 256 \/ 256 \/ 256<br \/>\n+Product size: 18.5*20mm \/ 18.5*19.8mm 18.5*19.8mm \/ 18.5*19.8mm<\/p>\n<p>***G\u00f3i s\u1ea3n ph\u1ea9m:<br \/>\nEZ2209 *1 pcs (c\u00e1i)<br \/>\nEZ5160 Pro *1 pcs (c\u00e1i)<br \/>\nEZ-Driver Connector *1 pcs (c\u00e1i)<\/p>\n<p>**To receive a better price, please contact the shop directly.<br \/>\n0913.939.775 contact A.Quan (for English)<br \/>\n094.144.0951 contact A.Quynh<br \/>\n**Selling price does not include VAT (+10% if VAT invoice is issued)<\/p>\n<p>***T\u1ea5t c\u1ea3 s\u1ea3n ph\u1ea9m linh ph\u1ee5 ki\u1ec7n kh\u00f4ng b\u1ea3o h\u00e0nh (c\u00e1c b\u1ea1n c\u00f3 th\u1ec3 li\u00ean h\u1ec7 h\u00e3ng h\u1ed9 tr\u1ee3 th\u00eam)<\/p>","protected":false},"excerpt":{"rendered":"<p>Tr\u00ecnh \u0111i\u1ec1u khi\u1ec3n Driver EZ2209\/ EZ5160 Pro cho board \u0111i\u1ec1u khi\u1ec3n m\u00e1y in 3d SKR 3 EZ &amp; Manta E3EZ &amp; Octopus Max EZ&#8230;1 pcs<\/p>","protected":false},"featured_media":1852,"comment_status":"open","ping_status":"closed","template":"","meta":{"inline_featured_image":false},"product_brand":[],"product_cat":[40,58],"product_tag":[],"class_list":{"0":"post-1861","1":"product","2":"type-product","3":"status-publish","4":"has-post-thumbnail","6":"product_cat-linh-kien-va-phu-kien","7":"product_cat-phu-kien-may-in-3d-bigtreetech","9":"first","10":"instock","11":"taxable","12":"shipping-taxable","13":"purchasable","14":"product-type-variable"},"yoast_head":"<!-- This site is optimized with the Yoast SEO Premium plugin v22.8 (Yoast SEO v26.9) - https:\/\/yoast.com\/product\/yoast-seo-premium-wordpress\/ -->\n<title>Tr\u00ecnh \u0111i\u1ec1u khi\u1ec3n Driver EZ2209\/ EZ5160 Pro cho board \u0111i\u1ec1u khi\u1ec3n m\u00e1y in 3d SKR 3 EZ &amp; Manta E3EZ &amp; Octopus Max EZ...1 pcs - NGE 3D Printers Services<\/title>\n<meta name=\"robots\" content=\"index, follow, max-snippet:-1, max-image-preview:large, max-video-preview:-1\" \/>\n<link rel=\"canonical\" href=\"https:\/\/nge.vn\/en\/product\/trinh-dieu-khien-driver-ez2209-ez5160-pro-cho-board-dieu-khien-may-in-3d-skr-3-ez-manta-e3ez-octopus-max-ez-1-pcs\/\" \/>\n<meta property=\"og:locale\" content=\"en_US\" \/>\n<meta property=\"og:type\" content=\"article\" \/>\n<meta property=\"og:title\" content=\"Tr\u00ecnh \u0111i\u1ec1u khi\u1ec3n Driver EZ2209\/ EZ5160 Pro cho board \u0111i\u1ec1u khi\u1ec3n m\u00e1y in 3d SKR 3 EZ &amp; Manta E3EZ &amp; Octopus Max EZ...1 pcs\" \/>\n<meta property=\"og:description\" content=\"Tr\u00ecnh \u0111i\u1ec1u khi\u1ec3n Driver EZ2209\/ EZ5160 Pro cho board \u0111i\u1ec1u khi\u1ec3n m\u00e1y in 3d SKR 3 EZ &amp; Manta E3EZ &amp; Octopus Max EZ...1 pcs\" \/>\n<meta property=\"og:url\" content=\"https:\/\/nge.vn\/en\/product\/trinh-dieu-khien-driver-ez2209-ez5160-pro-cho-board-dieu-khien-may-in-3d-skr-3-ez-manta-e3ez-octopus-max-ez-1-pcs\/\" \/>\n<meta property=\"og:site_name\" content=\"NGE 3D Printers Services\" \/>\n<meta property=\"article:modified_time\" content=\"2024-10-28T08:58:02+00:00\" \/>\n<meta property=\"og:image\" content=\"https:\/\/nge.vn\/wp-content\/uploads\/2024\/10\/images-upload-woo2F507ea3295bc468773f812826863e3cf3.jpg\" \/>\n\t<meta property=\"og:image:width\" content=\"559\" \/>\n\t<meta property=\"og:image:height\" content=\"559\" \/>\n\t<meta property=\"og:image:type\" content=\"image\/jpeg\" \/>\n<meta name=\"twitter:card\" content=\"summary_large_image\" \/>\n<meta name=\"twitter:label1\" content=\"Est. reading time\" \/>\n\t<meta name=\"twitter:data1\" content=\"4 minutes\" \/>\n<script type=\"application\/ld+json\" class=\"yoast-schema-graph\">{\"@context\":\"https:\/\/schema.org\",\"@graph\":[{\"@type\":\"WebPage\",\"@id\":\"https:\/\/nge.vn\/san-pham\/trinh-dieu-khien-driver-ez2209-ez5160-pro-cho-board-dieu-khien-may-in-3d-skr-3-ez-manta-e3ez-octopus-max-ez-1-pcs\/\",\"url\":\"https:\/\/nge.vn\/san-pham\/trinh-dieu-khien-driver-ez2209-ez5160-pro-cho-board-dieu-khien-may-in-3d-skr-3-ez-manta-e3ez-octopus-max-ez-1-pcs\/\",\"name\":\"Tr\u00ecnh \u0111i\u1ec1u khi\u1ec3n Driver EZ2209\/ EZ5160 Pro cho board \u0111i\u1ec1u khi\u1ec3n m\u00e1y in 3d SKR 3 EZ &amp; Manta E3EZ &amp; Octopus Max EZ...1 pcs - NGE 3D Printers Services\",\"isPartOf\":{\"@id\":\"https:\/\/nge.vn\/#website\"},\"primaryImageOfPage\":{\"@id\":\"https:\/\/nge.vn\/san-pham\/trinh-dieu-khien-driver-ez2209-ez5160-pro-cho-board-dieu-khien-may-in-3d-skr-3-ez-manta-e3ez-octopus-max-ez-1-pcs\/#primaryimage\"},\"image\":{\"@id\":\"https:\/\/nge.vn\/san-pham\/trinh-dieu-khien-driver-ez2209-ez5160-pro-cho-board-dieu-khien-may-in-3d-skr-3-ez-manta-e3ez-octopus-max-ez-1-pcs\/#primaryimage\"},\"thumbnailUrl\":\"https:\/\/nge.vn\/wp-content\/uploads\/2024\/10\/images-upload-woo2F507ea3295bc468773f812826863e3cf3.jpg\",\"datePublished\":\"2024-10-26T02:38:26+00:00\",\"dateModified\":\"2024-10-28T08:58:02+00:00\",\"breadcrumb\":{\"@id\":\"https:\/\/nge.vn\/san-pham\/trinh-dieu-khien-driver-ez2209-ez5160-pro-cho-board-dieu-khien-may-in-3d-skr-3-ez-manta-e3ez-octopus-max-ez-1-pcs\/#breadcrumb\"},\"inLanguage\":\"en-US\",\"potentialAction\":[{\"@type\":\"ReadAction\",\"target\":[\"https:\/\/nge.vn\/san-pham\/trinh-dieu-khien-driver-ez2209-ez5160-pro-cho-board-dieu-khien-may-in-3d-skr-3-ez-manta-e3ez-octopus-max-ez-1-pcs\/\"]}]},{\"@type\":\"ImageObject\",\"inLanguage\":\"en-US\",\"@id\":\"https:\/\/nge.vn\/san-pham\/trinh-dieu-khien-driver-ez2209-ez5160-pro-cho-board-dieu-khien-may-in-3d-skr-3-ez-manta-e3ez-octopus-max-ez-1-pcs\/#primaryimage\",\"url\":\"https:\/\/nge.vn\/wp-content\/uploads\/2024\/10\/images-upload-woo2F507ea3295bc468773f812826863e3cf3.jpg\",\"contentUrl\":\"https:\/\/nge.vn\/wp-content\/uploads\/2024\/10\/images-upload-woo2F507ea3295bc468773f812826863e3cf3.jpg\",\"width\":559,\"height\":559},{\"@type\":\"BreadcrumbList\",\"@id\":\"https:\/\/nge.vn\/san-pham\/trinh-dieu-khien-driver-ez2209-ez5160-pro-cho-board-dieu-khien-may-in-3d-skr-3-ez-manta-e3ez-octopus-max-ez-1-pcs\/#breadcrumb\",\"itemListElement\":[{\"@type\":\"ListItem\",\"position\":1,\"name\":\"Trang ch\u1ee7\",\"item\":\"https:\/\/nge.vn\/\"},{\"@type\":\"ListItem\",\"position\":2,\"name\":\"S\u1ea3n ph\u1ea9m\",\"item\":\"https:\/\/nge.vn\/san-pham\/\"},{\"@type\":\"ListItem\",\"position\":3,\"name\":\"Tr\u00ecnh \u0111i\u1ec1u khi\u1ec3n Driver EZ2209\/ EZ5160 Pro cho board \u0111i\u1ec1u khi\u1ec3n m\u00e1y in 3d SKR 3 EZ &amp; Manta E3EZ &amp; Octopus Max EZ&#8230;1 pcs\"}]},{\"@type\":\"WebSite\",\"@id\":\"https:\/\/nge.vn\/#website\",\"url\":\"https:\/\/nge.vn\/\",\"name\":\"NGE 3D Printers Services\",\"description\":\"\",\"potentialAction\":[{\"@type\":\"SearchAction\",\"target\":{\"@type\":\"EntryPoint\",\"urlTemplate\":\"https:\/\/nge.vn\/?s={search_term_string}\"},\"query-input\":{\"@type\":\"PropertyValueSpecification\",\"valueRequired\":true,\"valueName\":\"search_term_string\"}}],\"inLanguage\":\"en-US\"}]}<\/script>\n<!-- \/ Yoast SEO Premium plugin. -->","yoast_head_json":{"title":"Tr\u00ecnh \u0111i\u1ec1u khi\u1ec3n Driver EZ2209\/ EZ5160 Pro cho board \u0111i\u1ec1u khi\u1ec3n m\u00e1y in 3d SKR 3 EZ &amp; Manta E3EZ &amp; Octopus Max EZ...1 pcs - NGE 3D Printers Services","robots":{"index":"index","follow":"follow","max-snippet":"max-snippet:-1","max-image-preview":"max-image-preview:large","max-video-preview":"max-video-preview:-1"},"canonical":"https:\/\/nge.vn\/en\/product\/trinh-dieu-khien-driver-ez2209-ez5160-pro-cho-board-dieu-khien-may-in-3d-skr-3-ez-manta-e3ez-octopus-max-ez-1-pcs\/","og_locale":"en_US","og_type":"article","og_title":"Tr\u00ecnh \u0111i\u1ec1u khi\u1ec3n Driver EZ2209\/ EZ5160 Pro cho board \u0111i\u1ec1u khi\u1ec3n m\u00e1y in 3d SKR 3 EZ &amp; Manta E3EZ &amp; Octopus Max EZ...1 pcs","og_description":"Tr\u00ecnh \u0111i\u1ec1u khi\u1ec3n Driver EZ2209\/ EZ5160 Pro cho board \u0111i\u1ec1u khi\u1ec3n m\u00e1y in 3d SKR 3 EZ &amp; Manta E3EZ &amp; Octopus Max EZ...1 pcs","og_url":"https:\/\/nge.vn\/en\/product\/trinh-dieu-khien-driver-ez2209-ez5160-pro-cho-board-dieu-khien-may-in-3d-skr-3-ez-manta-e3ez-octopus-max-ez-1-pcs\/","og_site_name":"NGE 3D Printers Services","article_modified_time":"2024-10-28T08:58:02+00:00","og_image":[{"width":559,"height":559,"url":"https:\/\/nge.vn\/wp-content\/uploads\/2024\/10\/images-upload-woo2F507ea3295bc468773f812826863e3cf3.jpg","type":"image\/jpeg"}],"twitter_card":"summary_large_image","twitter_misc":{"Est. reading time":"4 minutes"},"schema":{"@context":"https:\/\/schema.org","@graph":[{"@type":"WebPage","@id":"https:\/\/nge.vn\/san-pham\/trinh-dieu-khien-driver-ez2209-ez5160-pro-cho-board-dieu-khien-may-in-3d-skr-3-ez-manta-e3ez-octopus-max-ez-1-pcs\/","url":"https:\/\/nge.vn\/san-pham\/trinh-dieu-khien-driver-ez2209-ez5160-pro-cho-board-dieu-khien-may-in-3d-skr-3-ez-manta-e3ez-octopus-max-ez-1-pcs\/","name":"Tr\u00ecnh \u0111i\u1ec1u khi\u1ec3n Driver EZ2209\/ EZ5160 Pro cho board \u0111i\u1ec1u khi\u1ec3n m\u00e1y in 3d SKR 3 EZ &amp; Manta E3EZ &amp; Octopus Max EZ...1 pcs - NGE 3D Printers Services","isPartOf":{"@id":"https:\/\/nge.vn\/#website"},"primaryImageOfPage":{"@id":"https:\/\/nge.vn\/san-pham\/trinh-dieu-khien-driver-ez2209-ez5160-pro-cho-board-dieu-khien-may-in-3d-skr-3-ez-manta-e3ez-octopus-max-ez-1-pcs\/#primaryimage"},"image":{"@id":"https:\/\/nge.vn\/san-pham\/trinh-dieu-khien-driver-ez2209-ez5160-pro-cho-board-dieu-khien-may-in-3d-skr-3-ez-manta-e3ez-octopus-max-ez-1-pcs\/#primaryimage"},"thumbnailUrl":"https:\/\/nge.vn\/wp-content\/uploads\/2024\/10\/images-upload-woo2F507ea3295bc468773f812826863e3cf3.jpg","datePublished":"2024-10-26T02:38:26+00:00","dateModified":"2024-10-28T08:58:02+00:00","breadcrumb":{"@id":"https:\/\/nge.vn\/san-pham\/trinh-dieu-khien-driver-ez2209-ez5160-pro-cho-board-dieu-khien-may-in-3d-skr-3-ez-manta-e3ez-octopus-max-ez-1-pcs\/#breadcrumb"},"inLanguage":"en-US","potentialAction":[{"@type":"ReadAction","target":["https:\/\/nge.vn\/san-pham\/trinh-dieu-khien-driver-ez2209-ez5160-pro-cho-board-dieu-khien-may-in-3d-skr-3-ez-manta-e3ez-octopus-max-ez-1-pcs\/"]}]},{"@type":"ImageObject","inLanguage":"en-US","@id":"https:\/\/nge.vn\/san-pham\/trinh-dieu-khien-driver-ez2209-ez5160-pro-cho-board-dieu-khien-may-in-3d-skr-3-ez-manta-e3ez-octopus-max-ez-1-pcs\/#primaryimage","url":"https:\/\/nge.vn\/wp-content\/uploads\/2024\/10\/images-upload-woo2F507ea3295bc468773f812826863e3cf3.jpg","contentUrl":"https:\/\/nge.vn\/wp-content\/uploads\/2024\/10\/images-upload-woo2F507ea3295bc468773f812826863e3cf3.jpg","width":559,"height":559},{"@type":"BreadcrumbList","@id":"https:\/\/nge.vn\/san-pham\/trinh-dieu-khien-driver-ez2209-ez5160-pro-cho-board-dieu-khien-may-in-3d-skr-3-ez-manta-e3ez-octopus-max-ez-1-pcs\/#breadcrumb","itemListElement":[{"@type":"ListItem","position":1,"name":"Trang ch\u1ee7","item":"https:\/\/nge.vn\/"},{"@type":"ListItem","position":2,"name":"S\u1ea3n ph\u1ea9m","item":"https:\/\/nge.vn\/san-pham\/"},{"@type":"ListItem","position":3,"name":"Tr\u00ecnh \u0111i\u1ec1u khi\u1ec3n Driver EZ2209\/ EZ5160 Pro cho board \u0111i\u1ec1u khi\u1ec3n m\u00e1y in 3d SKR 3 EZ &amp; Manta E3EZ &amp; Octopus Max EZ&#8230;1 pcs"}]},{"@type":"WebSite","@id":"https:\/\/nge.vn\/#website","url":"https:\/\/nge.vn\/","name":"NGE 3D Printers Services","description":"","potentialAction":[{"@type":"SearchAction","target":{"@type":"EntryPoint","urlTemplate":"https:\/\/nge.vn\/?s={search_term_string}"},"query-input":{"@type":"PropertyValueSpecification","valueRequired":true,"valueName":"search_term_string"}}],"inLanguage":"en-US"}]}},"_links":{"self":[{"href":"https:\/\/nge.vn\/en\/wp-json\/wp\/v2\/product\/1861","targetHints":{"allow":["GET"]}}],"collection":[{"href":"https:\/\/nge.vn\/en\/wp-json\/wp\/v2\/product"}],"about":[{"href":"https:\/\/nge.vn\/en\/wp-json\/wp\/v2\/types\/product"}],"replies":[{"embeddable":true,"href":"https:\/\/nge.vn\/en\/wp-json\/wp\/v2\/comments?post=1861"}],"wp:featuredmedia":[{"embeddable":true,"href":"https:\/\/nge.vn\/en\/wp-json\/wp\/v2\/media\/1852"}],"wp:attachment":[{"href":"https:\/\/nge.vn\/en\/wp-json\/wp\/v2\/media?parent=1861"}],"wp:term":[{"taxonomy":"product_brand","embeddable":true,"href":"https:\/\/nge.vn\/en\/wp-json\/wp\/v2\/product_brand?post=1861"},{"taxonomy":"product_cat","embeddable":true,"href":"https:\/\/nge.vn\/en\/wp-json\/wp\/v2\/product_cat?post=1861"},{"taxonomy":"product_tag","embeddable":true,"href":"https:\/\/nge.vn\/en\/wp-json\/wp\/v2\/product_tag?post=1861"}],"curies":[{"name":"wp","href":"https:\/\/api.w.org\/{rel}","templated":true}]}}