{"id":1841,"date":"2024-10-26T09:34:43","date_gmt":"2024-10-26T02:34:43","guid":{"rendered":"https:\/\/nge.123websitedev.com\/san-pham\/board-dieu-khien-may-in-3d-btt-octopus-max-ez\/"},"modified":"2024-10-28T15:59:46","modified_gmt":"2024-10-28T08:59:46","slug":"board-dieu-khien-may-in-3d-btt-octopus-max-ez","status":"publish","type":"product","link":"https:\/\/nge.vn\/en\/product\/board-dieu-khien-may-in-3d-btt-octopus-max-ez\/","title":{"rendered":"BTT Octopus Max EZ 3D Printer Control Board"},"content":{"rendered":"<p>_BIGTREETECH Octopus MAX EZ, bo m\u1ea1ch ch\u1ee7 32-bit, l\u00e0 phi\u00ean b\u1ea3n n\u00e2ng c\u1ea5p c\u1ee7a Octopus Pro \u0111\u01b0\u1ee3c ph\u00e1t tri\u1ec3n b\u1edfi nh\u00f3m in 3D c\u1ee7a C\u00f4ng ty TNHH C\u00f4ng ngh\u1ec7 BigTree Th\u00e2m Quy\u1ebfn. m\u1ed9t lo\u1ea1t t\u00ednh n\u0103ng m\u00e0 Octopus Pro kh\u00f4ng c\u00f3, n\u00e2ng cao \u0111\u00e1ng k\u1ec3 kh\u1ea3 n\u0103ng DIY c\u1ee7a n\u00f3<\/p>\n<p>T\u00ednh n\u0103ng ch\u00ednh:<br \/>\n1.MCU d\u00f2ng ARM Cortex-M7 32-bit 550 MHz STM32H723ZET6<br \/>\n2.N\u00fat BOOT tr\u00ean bo m\u1ea1ch \u0111\u1ec3 k\u00edch ho\u1ea1t ch\u1ebf \u0111\u1ed9 DFU \u0111\u1ec3 c\u1eadp nh\u1eadt b\u1ed9 n\u1ea1p kh\u1edfi \u0111\u1ed9ng<br \/>\n3.M\u1ea1ch nhi\u1ec7t \u0111i\u1ec7n tr\u1edf \u0111\u01b0\u1ee3c b\u1ea3o v\u1ec7 \u0111\u1ec3 ng\u0103n ng\u1eeba h\u01b0 h\u1ecfng MCU do k\u1ebft n\u1ed1i h\u1ed9p s\u01b0\u1edfi v\u00e0 h\u1ed9p s\u01b0\u1edfi b\u1ecb ch\u1eadp<br \/>\n4.\u0110i\u1ec7n \u00e1p c\u00f3 th\u1ec3 l\u1ef1a ch\u1ecdn (24V, 12V, 5V) cho qu\u1ea1t CNC, kh\u00f4ng c\u1ea7n th\u00eam b\u01b0\u1edbc gi\u1ea3m \u00e1p b\u00ean ngo\u00e0i do \u0111\u00f3 ng\u0103n ng\u1eeba h\u01b0 h\u1ecfng bo m\u1ea1ch do l\u1ed7i ng\u01b0\u1eddi d\u00f9ng<br \/>\n5.\u0110\u01b0\u1ee3c n\u00e2ng c\u1ea5p v\u1edbi t\u00ednh n\u0103ng b\u1ea3o v\u1ec7 eFuse, ph\u1ea3n h\u1ed3i nhanh h\u01a1n v\u1edbi kh\u1ea3 n\u0103ng b\u1ea3o v\u1ec7 m\u1ea1nh m\u1ebd, b\u1ea3o v\u1ec7 hi\u1ec7u qu\u1ea3 bo m\u1ea1ch ch\u1ee7 kh\u1ecfi b\u1ecb h\u01b0 h\u1ecfng do \u0111o\u1ea3n m\u1ea1ch, qu\u00e1 d\u00f2ng, tia l\u1eeda \u0111i\u1ec7n, v.v.<br \/>\n6.Ph\u1ea7n s\u1ee5n MCU c\u00f3 th\u1ec3 \u0111\u01b0\u1ee3c n\u00e2ng c\u1ea5p qua th\u1ebb SD ho\u1eb7c s\u1eed d\u1ee5ng DFU th\u00f4ng qua \u0111\u00e8n flash c\u1ee7a Klipper y\u00eau c\u1ea7u<br \/>\n7.10 \u1ed5 c\u1eafm tr\u00ecnh \u0111i\u1ec1u khi\u1ec3n EZ, ho\u1ea1t \u0111\u1ed9ng v\u1edbi tr\u00ecnh \u0111i\u1ec1u khi\u1ec3n kh\u00f4ng pin, s\u1eed d\u1ee5ng an to\u00e0n h\u01a1n; SPI tr\u00ean bo m\u1ea1ch v\u00e0 UART, c\u00f3 th\u1ec3 \u0111\u01b0\u1ee3c s\u1eed d\u1ee5ng b\u1eb1ng c\u00e1ch c\u00e0i \u0111\u1eb7t \u0111\u01a1n gi\u1ea3n trong ph\u1ea7n s\u1ee5n, kh\u00f4ng c\u1ea7n d\u00e2y nh\u1ea3y<br \/>\n8.H\u1ed7 tr\u1ee3 ph\u1ee5c h\u1ed3i khi m\u1ea5t \u0111i\u1ec7n, c\u1ea3m bi\u1ebfn h\u1ebft d\u00e2y t\u00f3c, CAN, t\u1ef1 \u0111\u1ed9ng t\u1eaft ngu\u1ed3n, BL Touch, RGB, v.v.<br \/>\n9.C\u1ea7u ch\u00ec c\u00f3 th\u1ec3 thay th\u1ebf \u0111\u1ec3 b\u1ea3o tr\u00ec d\u1ec5 d\u00e0ng<br \/>\n10.C\u1ed5ng qu\u1ea1t 3*4 ch\u00e2n, c\u0169ng \u0111\u1ec3 k\u1ebft n\u1ed1i h\u1ec7 th\u1ed1ng l\u00e0m m\u00e1t b\u1eb1ng n\u01b0\u1edbc<br \/>\n11.C\u1ed5ng c\u00f4ng t\u1eafc l\u00e2n c\u1eadn tr\u00ean bo m\u1ea1ch, h\u1ed7 tr\u1ee3 c\u00e1c lo\u1ea1i NPN v\u00e0 PNP, c\u00f3 th\u1ec3 l\u1ef1a ch\u1ecdn \u0111i\u1ec7n \u00e1p 24V, 12V v\u00e0 5V<br \/>\n12.Giao di\u1ec7n SPI tr\u00ean bo m\u1ea1ch \u0111\u1ec3 k\u1ebft n\u1ed1i c\u1ea3m bi\u1ebfn gia t\u1ed1c \u0111\u1ec3 cho ph\u00e9p \u0111\u1ecbnh h\u00ecnh \u0111\u1ea7u v\u00e0o c\u1ee7a Klipper<\/p>\n<p>T\u1ea1i sao Octopus Max EZ?<br \/>\n+10 \u1ed5 c\u1eafm tr\u00ecnh \u0111i\u1ec1u khi\u1ec3n EZ<br \/>\n+Thi\u1ebft k\u1ebf d\u1ef1 ph\u00f2ng, kh\u1ea3 n\u0103ng m\u1edf r\u1ed9ng l\u1edbn h\u01a1n v\u00e0 \u0111\u1ed9 tin c\u1eady cao h\u01a1n. Thi\u1ebft k\u1ebf ch\u1ed1ng l\u1ed7i, an to\u00e0n h\u01a1n khi s\u1eed d\u1ee5ng<\/p>\n<p>_550MHz<br \/>\nARM Cortex-M7 STM32H723ZET6<br \/>\nC\u1ea5p ngu\u1ed3n tr\u1ef1c ti\u1ebfp cho Raspberry Pi<\/p>\n<p>Thi\u1ebft k\u1ebf d\u1ef1 ph\u00f2ng. Kh\u1ea3 n\u0103ng m\u1edf r\u1ed9ng l\u1edbn h\u01a1n<br \/>\n\u1ed4 c\u1eafm tr\u00ecnh \u0111i\u1ec1u khi\u1ec3n 8+2 EZ<\/p>\n<p>Ngo\u00e0i vi\u1ec7c \u0111\u00e1p \u1ee9ng nhu c\u1ea7u v\u1eadn h\u00e0nh b\u00ecnh th\u01b0\u1eddng, n\u00f3 c\u00f2n h\u1ed7 tr\u1ee3 n\u00e2ng c\u1ea5p l\u00ean m\u00e1y \u0111\u00f9n k\u00e9p ho\u1eb7c d\u1eabn \u0111\u1ed9ng EZ-MAX31865; v\u00e0 ph\u1ee5c v\u1ee5 nh\u01b0 m\u1ed9t b\u1ea3n sao l\u01b0u cho \u1ed5 c\u1eafm tr\u00ecnh \u0111i\u1ec1u khi\u1ec3n b\u1ecb ch\u00e1y<\/p>\n<p>_Thi\u1ebft k\u1ebf ch\u1ed1ng l\u1ed7i<br \/>\nL\u00e0m vi\u1ec7c v\u1edbi tr\u00ecnh \u0111i\u1ec1u khi\u1ec3n EZ ch\u1ed1ng nh\u1ea7m l\u1eabn, do \u0111\u00f3, EZ5160Pro\/EZ2209 c\u00f3 th\u1ec3 \u0111\u01b0\u1ee3c c\u1eafm v\u00e0o m\u1ed9t c\u00e1ch t\u1ef1 tin. SPI v\u00e0 UART t\u00edch h\u1ee3p, kh\u00f4ng c\u1ea7n jumper<\/p>\n<p>ARM Cortex-M7 STM32H723ZET6  32 bit 550MHz, h\u1ed7 tr\u1ee3 Marlin, c\u0169ng l\u00e0 m\u1ed9t l\u1ef1a ch\u1ecdn tuy\u1ec7t v\u1eddi cho Klipper&#8217;s in t\u1ed1c \u0111\u1ed9 cao.<\/p>\n<p>Ch\u1ebf \u0111\u1ed9 b\u1ea3o v\u1ec7 t\u1ef1 \u0111\u1ed9ng eFuse<br \/>\nNg\u1eaft k\u1ebft n\u1ed1i nhanh h\u01a1n khi qu\u00e1 t\u1ea3i v\u00e0 t\u1ef1 \u0111\u1ed9ng k\u1ebft n\u1ed1i l\u1ea1i khi h\u1ebft qu\u00e1 t\u1ea3i, kh\u00f4ng c\u1ea7n b\u1ea3o tr\u00ec, c\u00f3 kh\u1ea3 n\u0103ng ph\u00e1t hi\u1ec7n\/ch\u1ea9n \u0111o\u00e1n b\u1ea5t k\u1ef3 s\u1ef1 c\u1ed1 m\u1ea1ch n\u00e0o, cung c\u1ea5p c\u00e1c bi\u1ec7n ph\u00e1p b\u1ea3o v\u1ec7 c\u00f3 \u0111\u1ed9 ch\u00ednh x\u00e1c cao v\u00e0 \u0111\u00e1p \u1ee9ng c\u00e1c ti\u00eau chu\u1ea9n c\u1ef1c k\u1ef3 cao v\u1ec1 an to\u00e0n m\u1ea1ch<br \/>\n+Ng\u1eaft k\u1ebft n\u1ed1i nhanh h\u01a1n khi qu\u00e1 t\u1ea3i<br \/>\n+T\u1ef1 \u0111\u1ed9ng Reset n\u1ebfu h\u1ebft qu\u00e1 t\u1ea3i<br \/>\n+Ho\u1ea1t \u0111\u1ed9ng \u1edf d\u00f2ng \u0111i\u1ec7n th\u1ea5p<br \/>\n+B\u1ea3o V\u1ec7 Qu\u00e1 D\u00f2ng<br \/>\n+B\u1ea3o V\u1ec7 Ng\u1eafn M\u1ea1ch<br \/>\n+B\u1ea3o v\u1ec7 d\u00f2ng \u0111i\u1ec7n ng\u01b0\u1ee3c<br \/>\n+B\u1ea3o v\u1ec7 qu\u00e1 \u00e1p<br \/>\n+B\u1ea3o v\u1ec7 ph\u00e2n c\u1ef1c ng\u01b0\u1ee3c<\/p>\n<p>**To receive a better price, please contact the shop directly.<br \/>\n     0913.939.775 contact A.Quan (for English)<br \/>\n     094.144.0951 contact A.Quynh<br \/>\n**Selling price does not include VAT (+10% if VAT invoice is issued)<\/p>","protected":false},"excerpt":{"rendered":"<p>BTT Octopus Max EZ 3D Printer Control Board<\/p>","protected":false},"featured_media":1832,"comment_status":"open","ping_status":"closed","template":"","meta":{"inline_featured_image":false},"product_brand":[],"product_cat":[40,39,58],"product_tag":[],"class_list":{"0":"post-1841","1":"product","2":"type-product","3":"status-publish","4":"has-post-thumbnail","6":"product_cat-linh-kien-va-phu-kien","7":"product_cat-may-in-3d","8":"product_cat-phu-kien-may-in-3d-bigtreetech","10":"first","11":"instock","12":"taxable","13":"shipping-taxable","14":"purchasable","15":"product-type-simple"},"yoast_head":"<!-- This site is optimized with the Yoast SEO Premium plugin v22.8 (Yoast SEO v26.9) - https:\/\/yoast.com\/product\/yoast-seo-premium-wordpress\/ -->\n<title>Board \u0111i\u1ec1u khi\u1ec3n m\u00e1y in 3d BTT Octopus Max EZ - NGE 3D Printers Services<\/title>\n<meta name=\"robots\" content=\"index, follow, max-snippet:-1, max-image-preview:large, max-video-preview:-1\" \/>\n<link rel=\"canonical\" href=\"https:\/\/nge.vn\/en\/product\/board-dieu-khien-may-in-3d-btt-octopus-max-ez\/\" \/>\n<meta property=\"og:locale\" content=\"en_US\" \/>\n<meta property=\"og:type\" content=\"article\" \/>\n<meta property=\"og:title\" content=\"Board \u0111i\u1ec1u khi\u1ec3n m\u00e1y in 3d BTT Octopus Max EZ\" \/>\n<meta property=\"og:description\" content=\"Board \u0111i\u1ec1u khi\u1ec3n m\u00e1y in 3d BTT Octopus Max EZ\" \/>\n<meta property=\"og:url\" content=\"https:\/\/nge.vn\/en\/product\/board-dieu-khien-may-in-3d-btt-octopus-max-ez\/\" \/>\n<meta property=\"og:site_name\" content=\"NGE 3D Printers Services\" \/>\n<meta property=\"article:modified_time\" content=\"2024-10-28T08:59:46+00:00\" \/>\n<meta property=\"og:image\" content=\"https:\/\/nge.vn\/wp-content\/uploads\/2024\/10\/images-upload-woo2Fcea26c2dc6c1000551ab41658a8bb04c-1.jpg\" \/>\n\t<meta property=\"og:image:width\" content=\"1021\" \/>\n\t<meta property=\"og:image:height\" content=\"1021\" \/>\n\t<meta property=\"og:image:type\" content=\"image\/jpeg\" \/>\n<meta name=\"twitter:card\" content=\"summary_large_image\" \/>\n<meta name=\"twitter:label1\" content=\"Est. reading time\" \/>\n\t<meta name=\"twitter:data1\" content=\"5 minutes\" \/>\n<script type=\"application\/ld+json\" class=\"yoast-schema-graph\">{\"@context\":\"https:\/\/schema.org\",\"@graph\":[{\"@type\":\"WebPage\",\"@id\":\"https:\/\/nge.vn\/san-pham\/board-dieu-khien-may-in-3d-btt-octopus-max-ez\/\",\"url\":\"https:\/\/nge.vn\/san-pham\/board-dieu-khien-may-in-3d-btt-octopus-max-ez\/\",\"name\":\"Board \u0111i\u1ec1u khi\u1ec3n m\u00e1y in 3d BTT Octopus Max EZ - NGE 3D Printers Services\",\"isPartOf\":{\"@id\":\"https:\/\/nge.vn\/#website\"},\"primaryImageOfPage\":{\"@id\":\"https:\/\/nge.vn\/san-pham\/board-dieu-khien-may-in-3d-btt-octopus-max-ez\/#primaryimage\"},\"image\":{\"@id\":\"https:\/\/nge.vn\/san-pham\/board-dieu-khien-may-in-3d-btt-octopus-max-ez\/#primaryimage\"},\"thumbnailUrl\":\"https:\/\/nge.vn\/wp-content\/uploads\/2024\/10\/images-upload-woo2Fcea26c2dc6c1000551ab41658a8bb04c-1.jpg\",\"datePublished\":\"2024-10-26T02:34:43+00:00\",\"dateModified\":\"2024-10-28T08:59:46+00:00\",\"breadcrumb\":{\"@id\":\"https:\/\/nge.vn\/san-pham\/board-dieu-khien-may-in-3d-btt-octopus-max-ez\/#breadcrumb\"},\"inLanguage\":\"en-US\",\"potentialAction\":[{\"@type\":\"ReadAction\",\"target\":[\"https:\/\/nge.vn\/san-pham\/board-dieu-khien-may-in-3d-btt-octopus-max-ez\/\"]}]},{\"@type\":\"ImageObject\",\"inLanguage\":\"en-US\",\"@id\":\"https:\/\/nge.vn\/san-pham\/board-dieu-khien-may-in-3d-btt-octopus-max-ez\/#primaryimage\",\"url\":\"https:\/\/nge.vn\/wp-content\/uploads\/2024\/10\/images-upload-woo2Fcea26c2dc6c1000551ab41658a8bb04c-1.jpg\",\"contentUrl\":\"https:\/\/nge.vn\/wp-content\/uploads\/2024\/10\/images-upload-woo2Fcea26c2dc6c1000551ab41658a8bb04c-1.jpg\",\"width\":1021,\"height\":1021},{\"@type\":\"BreadcrumbList\",\"@id\":\"https:\/\/nge.vn\/san-pham\/board-dieu-khien-may-in-3d-btt-octopus-max-ez\/#breadcrumb\",\"itemListElement\":[{\"@type\":\"ListItem\",\"position\":1,\"name\":\"Trang ch\u1ee7\",\"item\":\"https:\/\/nge.vn\/\"},{\"@type\":\"ListItem\",\"position\":2,\"name\":\"S\u1ea3n ph\u1ea9m\",\"item\":\"https:\/\/nge.vn\/san-pham\/\"},{\"@type\":\"ListItem\",\"position\":3,\"name\":\"Board \u0111i\u1ec1u khi\u1ec3n m\u00e1y in 3d BTT Octopus Max EZ\"}]},{\"@type\":\"WebSite\",\"@id\":\"https:\/\/nge.vn\/#website\",\"url\":\"https:\/\/nge.vn\/\",\"name\":\"NGE 3D Printers Services\",\"description\":\"\",\"potentialAction\":[{\"@type\":\"SearchAction\",\"target\":{\"@type\":\"EntryPoint\",\"urlTemplate\":\"https:\/\/nge.vn\/?s={search_term_string}\"},\"query-input\":{\"@type\":\"PropertyValueSpecification\",\"valueRequired\":true,\"valueName\":\"search_term_string\"}}],\"inLanguage\":\"en-US\"}]}<\/script>\n<!-- \/ Yoast SEO Premium plugin. -->","yoast_head_json":{"title":"Board \u0111i\u1ec1u khi\u1ec3n m\u00e1y in 3d BTT Octopus Max EZ - NGE 3D Printers Services","robots":{"index":"index","follow":"follow","max-snippet":"max-snippet:-1","max-image-preview":"max-image-preview:large","max-video-preview":"max-video-preview:-1"},"canonical":"https:\/\/nge.vn\/en\/product\/board-dieu-khien-may-in-3d-btt-octopus-max-ez\/","og_locale":"en_US","og_type":"article","og_title":"Board \u0111i\u1ec1u khi\u1ec3n m\u00e1y in 3d BTT Octopus Max EZ","og_description":"Board \u0111i\u1ec1u khi\u1ec3n m\u00e1y in 3d BTT Octopus Max EZ","og_url":"https:\/\/nge.vn\/en\/product\/board-dieu-khien-may-in-3d-btt-octopus-max-ez\/","og_site_name":"NGE 3D Printers Services","article_modified_time":"2024-10-28T08:59:46+00:00","og_image":[{"width":1021,"height":1021,"url":"https:\/\/nge.vn\/wp-content\/uploads\/2024\/10\/images-upload-woo2Fcea26c2dc6c1000551ab41658a8bb04c-1.jpg","type":"image\/jpeg"}],"twitter_card":"summary_large_image","twitter_misc":{"Est. reading time":"5 minutes"},"schema":{"@context":"https:\/\/schema.org","@graph":[{"@type":"WebPage","@id":"https:\/\/nge.vn\/san-pham\/board-dieu-khien-may-in-3d-btt-octopus-max-ez\/","url":"https:\/\/nge.vn\/san-pham\/board-dieu-khien-may-in-3d-btt-octopus-max-ez\/","name":"Board \u0111i\u1ec1u khi\u1ec3n m\u00e1y in 3d BTT Octopus Max EZ - NGE 3D Printers Services","isPartOf":{"@id":"https:\/\/nge.vn\/#website"},"primaryImageOfPage":{"@id":"https:\/\/nge.vn\/san-pham\/board-dieu-khien-may-in-3d-btt-octopus-max-ez\/#primaryimage"},"image":{"@id":"https:\/\/nge.vn\/san-pham\/board-dieu-khien-may-in-3d-btt-octopus-max-ez\/#primaryimage"},"thumbnailUrl":"https:\/\/nge.vn\/wp-content\/uploads\/2024\/10\/images-upload-woo2Fcea26c2dc6c1000551ab41658a8bb04c-1.jpg","datePublished":"2024-10-26T02:34:43+00:00","dateModified":"2024-10-28T08:59:46+00:00","breadcrumb":{"@id":"https:\/\/nge.vn\/san-pham\/board-dieu-khien-may-in-3d-btt-octopus-max-ez\/#breadcrumb"},"inLanguage":"en-US","potentialAction":[{"@type":"ReadAction","target":["https:\/\/nge.vn\/san-pham\/board-dieu-khien-may-in-3d-btt-octopus-max-ez\/"]}]},{"@type":"ImageObject","inLanguage":"en-US","@id":"https:\/\/nge.vn\/san-pham\/board-dieu-khien-may-in-3d-btt-octopus-max-ez\/#primaryimage","url":"https:\/\/nge.vn\/wp-content\/uploads\/2024\/10\/images-upload-woo2Fcea26c2dc6c1000551ab41658a8bb04c-1.jpg","contentUrl":"https:\/\/nge.vn\/wp-content\/uploads\/2024\/10\/images-upload-woo2Fcea26c2dc6c1000551ab41658a8bb04c-1.jpg","width":1021,"height":1021},{"@type":"BreadcrumbList","@id":"https:\/\/nge.vn\/san-pham\/board-dieu-khien-may-in-3d-btt-octopus-max-ez\/#breadcrumb","itemListElement":[{"@type":"ListItem","position":1,"name":"Trang ch\u1ee7","item":"https:\/\/nge.vn\/"},{"@type":"ListItem","position":2,"name":"S\u1ea3n ph\u1ea9m","item":"https:\/\/nge.vn\/san-pham\/"},{"@type":"ListItem","position":3,"name":"Board \u0111i\u1ec1u khi\u1ec3n m\u00e1y in 3d BTT Octopus Max EZ"}]},{"@type":"WebSite","@id":"https:\/\/nge.vn\/#website","url":"https:\/\/nge.vn\/","name":"NGE 3D Printers Services","description":"","potentialAction":[{"@type":"SearchAction","target":{"@type":"EntryPoint","urlTemplate":"https:\/\/nge.vn\/?s={search_term_string}"},"query-input":{"@type":"PropertyValueSpecification","valueRequired":true,"valueName":"search_term_string"}}],"inLanguage":"en-US"}]}},"_links":{"self":[{"href":"https:\/\/nge.vn\/en\/wp-json\/wp\/v2\/product\/1841","targetHints":{"allow":["GET"]}}],"collection":[{"href":"https:\/\/nge.vn\/en\/wp-json\/wp\/v2\/product"}],"about":[{"href":"https:\/\/nge.vn\/en\/wp-json\/wp\/v2\/types\/product"}],"replies":[{"embeddable":true,"href":"https:\/\/nge.vn\/en\/wp-json\/wp\/v2\/comments?post=1841"}],"wp:featuredmedia":[{"embeddable":true,"href":"https:\/\/nge.vn\/en\/wp-json\/wp\/v2\/media\/1832"}],"wp:attachment":[{"href":"https:\/\/nge.vn\/en\/wp-json\/wp\/v2\/media?parent=1841"}],"wp:term":[{"taxonomy":"product_brand","embeddable":true,"href":"https:\/\/nge.vn\/en\/wp-json\/wp\/v2\/product_brand?post=1841"},{"taxonomy":"product_cat","embeddable":true,"href":"https:\/\/nge.vn\/en\/wp-json\/wp\/v2\/product_cat?post=1841"},{"taxonomy":"product_tag","embeddable":true,"href":"https:\/\/nge.vn\/en\/wp-json\/wp\/v2\/product_tag?post=1841"}],"curies":[{"name":"wp","href":"https:\/\/api.w.org\/{rel}","templated":true}]}}