{"id":1821,"date":"2024-10-26T09:32:10","date_gmt":"2024-10-26T02:32:10","guid":{"rendered":"https:\/\/nge.123websitedev.com\/san-pham\/board-dieu-khien-may-in-3d-bigtreetech-manta-e3ez-v1-0-cho-ender-3\/"},"modified":"2024-10-28T15:42:26","modified_gmt":"2024-10-28T08:42:26","slug":"board-dieu-khien-may-in-3d-bigtreetech-manta-e3ez-v1-0-cho-ender-3","status":"publish","type":"product","link":"https:\/\/nge.vn\/en\/product\/board-dieu-khien-may-in-3d-bigtreetech-manta-e3ez-v1-0-cho-ender-3\/","title":{"rendered":"BIGTREETECH Manta E3EZ V1.0 3d printer control board for Ender 3\u2026"},"content":{"rendered":"<p>BIGTREETECH Manta E3EZ V1.0 3d printer control board for Ender 3\u2026<br \/>\n_BIGTREETECH MANTA E3EZ V1.0 l\u00e0 m\u1ed9t bo m\u1ea1ch ch\u1ee7 \u0111\u01b0\u1ee3c ph\u00e1t tri\u1ec3n b\u1edfi nh\u00f3m in 3D c\u1ee7a C\u00f4ng ty C\u00f4ng ngh\u1ec7 Bigtree Th\u00e2m Quy\u1ebfn nh\u1eb1m gi\u00fap b\u1ea1n \u0111\u01b0a m\u00e1y in 3d Ender 3 c\u1ee7a m\u00ecnh l\u00ean m\u1ed9t t\u1ea7m cao m\u1edbi cho d\u00f9 \u0111i\u1ec1u \u0111\u00f3 c\u00f3 ngh\u0129a l\u00e0 ch\u1ea1y Klipper hay th\u1eadm ch\u00ed l\u00e0 Marlin v\u1edbi t\u1ea5t c\u1ea3 c\u00e1c t\u00ednh n\u0103ng m\u1edbi nh\u1ea5t. \u0110\u00e2y l\u00e0 bo m\u1ea1ch ch\u1ee7 \u0111\u1ea7u ti\u00ean c\u1ee7a ch\u00fang t\u00f4i k\u1ebft h\u1ee3p c\u00f4ng ngh\u1ec7 \u201cManta\u201d (\u0111\u1ea7u n\u1ed1i B2B cho m\u00f4-\u0111un CB1 ho\u1eb7c CM4) v\u00e0 c\u00f4ng ngh\u1ec7 \u201cEZ\u201d (kh\u1ea3 n\u0103ng s\u1eed d\u1ee5ng tr\u00ecnh \u0111i\u1ec1u khi\u1ec3n EZ m\u1edbi nh\u1ea5t). Ch\u1ec9 c\u1ea7n c\u1eafm bo m\u1ea1ch l\u00f5i CB1 v\u00e0 \u200b\u200btr\u00ecnh \u0111i\u1ec1u khi\u1ec3n EZ tr\u00ean bo m\u1ea1ch ch\u1ee7 \u0111\u1ec3 n\u00e2ng c\u1ea5p m\u00e1y in Ender 3 c\u1ee7a b\u1ea1n \u0111\u1ec3 ch\u1ea1y Klipper. Do kh\u00f4ng c\u1ea7n raspberry pi b\u00ean ngo\u00e0i, d\u00f2ng Manta gi\u00fap b\u1ea1n ti\u1ebft ki\u1ec7m h\u1ec7 th\u1ed1ng c\u00e1p l\u1ed9n x\u1ed9n v\u00e0 d\u1eabn \u0111\u1ebfn vi\u1ec7c tri\u1ec3n khai r\u1ea5t nh\u1ecf g\u1ecdn.<br \/>\n_Kh\u1ea3 n\u0103ng t\u01b0\u01a1ng th\u00edch hi\u1ec3n th\u1ecb:<br \/>\nBo m\u1ea1ch ch\u1ee7 d\u00f2ng MANTA h\u1ed7 tr\u1ee3 m\u00e0n h\u00ecnh SPI v\u00e0 HDMI.<\/p>\n<p>_C\u00e1c t\u1eadp tin:<br \/>\nManta E3EZ t\u01b0\u01a1ng th\u00edch tr\u1ef1c ti\u1ebfp v\u1edbi Ender-3. V\u00ec ch\u00fang t\u00f4i \u0111\u00e3 nh\u1ed3i nh\u00e9t qu\u00e1 nhi\u1ec1u th\u1ee9 v\u00e0o b\u1ea3ng n\u00e0y n\u00ean ch\u00fang t\u00f4i kh\u00f4ng th\u1ec3 gi\u1eef k\u00edch th\u01b0\u1edbc t\u01b0\u01a1ng th\u00edch 100% v\u1edbi c\u00e1c m\u00e1y Ender kh\u00e1c v\u00e0 do \u0111\u00f3 c\u1ea7n c\u00f3 c\u00e1c b\u1ed9 \u0111i\u1ec1u h\u1ee3p nh\u1ecf, c\u00f3 th\u1ec3 in \u0111\u01b0\u1ee3c. \u0110\u1ec3 ki\u1ec3m tra xem m\u00e1y c\u1ee7a b\u1ea1n c\u00f3 c\u1ea7n b\u1ed9 chuy\u1ec3n \u0111\u1ed5i hay kh\u00f4ng, h\u00e3y xem li\u00ean k\u1ebft n\u00e0y:<br \/>\nhttps:\/\/github.com\/bigtreetech\/Manta-E3EZ<\/p>\n<p>**T\u1ea1i sao l\u1ea1i l\u00e0 Manta E3EZ?<br \/>\nARM Cortex-M0+ STM32G0B1RE 32 bit 64MHz<br \/>\nMCU h\u00e0ng \u0111\u1ea7u trong ng\u00e0nh h\u1ed7 tr\u1ee3 ch\u1ea1y Klipper v\u00e0 Marlin.<\/p>\n<p>_Bo m\u1ea1ch ch\u1ee7 d\u00f2ng Manta<br \/>\nC\u00e0i \u0111\u1eb7t &#8220;Pi&#8221; c\u1ee7a b\u1ea1n tr\u1ef1c ti\u1ebfp l\u00ean b\u1ea3ng b\u1eb1ng \u0111\u1ea7u n\u1ed1i B2B. Ho\u1ea1t \u0111\u1ed9ng v\u1edbi CB1 ho\u1eb7c CM4.<\/p>\n<p>_TPS5450-5A<br \/>\nV\u1eabn th\u00edch m\u1ed9t Pi b\u00ean ngo\u00e0i? C\u1ea5p ngu\u1ed3n tr\u1ef1c ti\u1ebfp t\u1eeb b\u1ea3ng.<\/p>\n<p>_Thay th\u1ebf tr\u1ef1c ti\u1ebfp<br \/>\nC\u00e1c l\u1ed7 l\u1eafp gi\u1ed1ng nh\u01b0 Ender 3.<br \/>\nC\u00e1c th\u00e0nh ph\u1ea7n c\u1ef1c k\u1ef3 ch\u1ea5t l\u01b0\u1ee3ng cao cho ho\u1ea1t \u0111\u1ed9ng \u0111\u00e1ng tin c\u1eady.<\/p>\n<p>_D\u00f2ng MANTA<br \/>\nSinh ra cho Klipper. Ti\u1ebft ki\u1ec7m kh\u00f4ng gian v\u00e0 th\u1eddi gian b\u1eb1ng c\u00e1ch c\u00e0i \u0111\u1eb7t CB1 ho\u1eb7c Raspberry Pi CM4 tr\u1ef1c ti\u1ebfp l\u00ean bo m\u1ea1ch ch\u1ee7 \u0111\u1ec3 ch\u1ea1y Klipper ho\u1eb7c OctoPrint.<\/p>\n<p>\u0110i\u1ec3m n\u1ed5i b\u1eadt:<br \/>\n+\u0110\u01b0\u1ee3c thi\u1ebft k\u1ebf c\u00f9ng \u0111\u1ea7u k\u1ebft n\u1ed1i v\u1edbi Raspberry Pi \u0111\u1ea3m b\u1ea3o k\u1ebft n\u1ed1i ho\u00e0n h\u1ea3o v\u1edbi m\u1ecdi phi\u00ean b\u1ea3n CM4, CB1;<br \/>\n+Thi\u1ebft k\u1ebf t\u00edch h\u1ee3p s\u00e1ng t\u1ea1o, ti\u1ebft ki\u1ec7m chi ph\u00ed cao;<br \/>\n+Chip d\u00f2ng ARM Cortex-M0+ 32-bit 64MHz c\u00f3 th\u1ec3 ch\u1ea1y Marlin m\u00e0 kh\u00f4ng c\u1ea7n CB1\/CM4;<br \/>\n+40 ch\u00e2n GPIO, cung c\u1ea5p nhi\u1ec1u lo\u1ea1i k\u1ebft n\u1ed1i \u0111\u1ec3 \u0111\u00e1p \u1ee9ng nhu c\u1ea7u DIY c\u1ee7a b\u1ea1n.<br \/>\nK\u1ebft n\u1ed1i BTB. N\u00e2ng c\u1ea5p l\u00ean Klipper v\u1edbi CB1\/CM4<\/p>\n<p>_N\u00e2ng c\u1ea5p tr\u1ef1c ti\u1ebfp cho Ender-3<br \/>\nThay th\u1ebf th\u1ea3 v\u00e0o cho Ender-3. C\u00e1c l\u1ed7 g\u1eafn \u1edf c\u00f9ng m\u1ed9t v\u1ecb tr\u00ed c\u00f3 ngh\u0129a l\u00e0 b\u1ea1n ch\u1ec9 c\u1ea7n \u0111\u1ecbnh v\u1ecb n\u00f3 v\u00e0 v\u1eb7n n\u00f3 xu\u1ed1ng.<\/p>\n<p>_5 khe c\u1eafm tr\u00ecnh \u0111i\u1ec1u khi\u1ec3n EZ ch\u1ed1ng l\u1ed7i<br \/>\n+Ch\u1ecdn gi\u1eefa SPI v\u00e0 UART trong ph\u1ea7n s\u1ee5n. Kh\u00f4ng c\u1ea7n jumper.<br \/>\n+Kh\u00f4ng c\u00f3 nguy c\u01a1 ch\u00e8n ng\u01b0\u1ee3c. H\u00e3y c\u1eafm ch\u00fang v\u00e0o v\u1edbi s\u1ef1 t\u1ef1 tin khi bi\u1ebft r\u1eb1ng tr\u00ecnh \u0111i\u1ec1u khi\u1ec3n c\u1ee7a b\u1ea1n s\u1ebd kh\u1edfi \u0111\u1ed9ng m\u00e0 kh\u00f4ng t\u1ea1o ra l\u00e0n kh\u00f3i ma thu\u1eadt.<\/p>\n<p>+5 khe c\u1eafm tr\u00ecnh \u0111i\u1ec1u khi\u1ec3n EZ<br \/>\n+Thi\u1ebft k\u1ebf ch\u1ed1ng l\u1ed7i<br \/>\n+Chip \u0111\u01b0\u1ee3c b\u1ea3o v\u1ec7<br \/>\n+Thi\u1ebft K\u1ebf Pinless S\u1eed D\u1ee5ng An To\u00e0n H\u01a1n<br \/>\n+Kh\u00f4ng c\u1ea7n Jumpers<\/p>\n<p>**To receive a better price, please contact the shop directly.<br \/>\n     0913.939.775 contact A.Quan (for English)<br \/>\n     094.144.0951 contact A.Quynh<br \/>\n**Selling price does not include VAT (+10% if VAT invoice is issued)<\/p>","protected":false},"excerpt":{"rendered":"<p>BIGTREETECH Manta E3EZ V1.0 3d printer control board for Ender 3\u2026<\/p>","protected":false},"featured_media":1812,"comment_status":"open","ping_status":"closed","template":"","meta":{"inline_featured_image":false},"product_brand":[],"product_cat":[40,39,58],"product_tag":[],"class_list":{"0":"post-1821","1":"product","2":"type-product","3":"status-publish","4":"has-post-thumbnail","6":"product_cat-linh-kien-va-phu-kien","7":"product_cat-may-in-3d","8":"product_cat-phu-kien-may-in-3d-bigtreetech","10":"first","11":"instock","12":"taxable","13":"shipping-taxable","14":"purchasable","15":"product-type-simple"},"yoast_head":"<!-- This site is optimized with the Yoast SEO Premium plugin v22.8 (Yoast SEO v26.9) - https:\/\/yoast.com\/product\/yoast-seo-premium-wordpress\/ -->\n<title>Board \u0111i\u1ec1u khi\u1ec3n m\u00e1y in 3d BIGTREETECH Manta E3EZ V1.0 cho Ender 3... - NGE 3D Printers Services<\/title>\n<meta name=\"robots\" content=\"index, follow, max-snippet:-1, max-image-preview:large, max-video-preview:-1\" \/>\n<link rel=\"canonical\" href=\"https:\/\/nge.vn\/en\/product\/board-dieu-khien-may-in-3d-bigtreetech-manta-e3ez-v1-0-cho-ender-3\/\" \/>\n<meta property=\"og:locale\" content=\"en_US\" \/>\n<meta property=\"og:type\" content=\"article\" \/>\n<meta property=\"og:title\" content=\"Board \u0111i\u1ec1u khi\u1ec3n m\u00e1y in 3d BIGTREETECH Manta E3EZ V1.0 cho Ender 3...\" \/>\n<meta property=\"og:description\" content=\"Board \u0111i\u1ec1u khi\u1ec3n m\u00e1y in 3d BIGTREETECH Manta E3EZ V1.0 cho Ender 3...\" \/>\n<meta property=\"og:url\" content=\"https:\/\/nge.vn\/en\/product\/board-dieu-khien-may-in-3d-bigtreetech-manta-e3ez-v1-0-cho-ender-3\/\" \/>\n<meta property=\"og:site_name\" content=\"NGE 3D Printers Services\" \/>\n<meta property=\"article:modified_time\" content=\"2024-10-28T08:42:26+00:00\" \/>\n<meta property=\"og:image\" content=\"https:\/\/nge.vn\/wp-content\/uploads\/2024\/10\/images-upload-woo2Fc58fa49d18c0e49d9683095576d094cd.jpg\" \/>\n\t<meta property=\"og:image:width\" content=\"751\" \/>\n\t<meta property=\"og:image:height\" content=\"751\" \/>\n\t<meta property=\"og:image:type\" content=\"image\/jpeg\" \/>\n<meta name=\"twitter:card\" content=\"summary_large_image\" \/>\n<meta name=\"twitter:label1\" content=\"Est. reading time\" \/>\n\t<meta name=\"twitter:data1\" content=\"5 minutes\" \/>\n<script type=\"application\/ld+json\" class=\"yoast-schema-graph\">{\"@context\":\"https:\/\/schema.org\",\"@graph\":[{\"@type\":\"WebPage\",\"@id\":\"https:\/\/nge.vn\/san-pham\/board-dieu-khien-may-in-3d-bigtreetech-manta-e3ez-v1-0-cho-ender-3\/\",\"url\":\"https:\/\/nge.vn\/san-pham\/board-dieu-khien-may-in-3d-bigtreetech-manta-e3ez-v1-0-cho-ender-3\/\",\"name\":\"Board \u0111i\u1ec1u khi\u1ec3n m\u00e1y in 3d BIGTREETECH Manta E3EZ V1.0 cho Ender 3... - NGE 3D Printers Services\",\"isPartOf\":{\"@id\":\"https:\/\/nge.vn\/#website\"},\"primaryImageOfPage\":{\"@id\":\"https:\/\/nge.vn\/san-pham\/board-dieu-khien-may-in-3d-bigtreetech-manta-e3ez-v1-0-cho-ender-3\/#primaryimage\"},\"image\":{\"@id\":\"https:\/\/nge.vn\/san-pham\/board-dieu-khien-may-in-3d-bigtreetech-manta-e3ez-v1-0-cho-ender-3\/#primaryimage\"},\"thumbnailUrl\":\"https:\/\/nge.vn\/wp-content\/uploads\/2024\/10\/images-upload-woo2Fc58fa49d18c0e49d9683095576d094cd.jpg\",\"datePublished\":\"2024-10-26T02:32:10+00:00\",\"dateModified\":\"2024-10-28T08:42:26+00:00\",\"breadcrumb\":{\"@id\":\"https:\/\/nge.vn\/san-pham\/board-dieu-khien-may-in-3d-bigtreetech-manta-e3ez-v1-0-cho-ender-3\/#breadcrumb\"},\"inLanguage\":\"en-US\",\"potentialAction\":[{\"@type\":\"ReadAction\",\"target\":[\"https:\/\/nge.vn\/san-pham\/board-dieu-khien-may-in-3d-bigtreetech-manta-e3ez-v1-0-cho-ender-3\/\"]}]},{\"@type\":\"ImageObject\",\"inLanguage\":\"en-US\",\"@id\":\"https:\/\/nge.vn\/san-pham\/board-dieu-khien-may-in-3d-bigtreetech-manta-e3ez-v1-0-cho-ender-3\/#primaryimage\",\"url\":\"https:\/\/nge.vn\/wp-content\/uploads\/2024\/10\/images-upload-woo2Fc58fa49d18c0e49d9683095576d094cd.jpg\",\"contentUrl\":\"https:\/\/nge.vn\/wp-content\/uploads\/2024\/10\/images-upload-woo2Fc58fa49d18c0e49d9683095576d094cd.jpg\",\"width\":751,\"height\":751},{\"@type\":\"BreadcrumbList\",\"@id\":\"https:\/\/nge.vn\/san-pham\/board-dieu-khien-may-in-3d-bigtreetech-manta-e3ez-v1-0-cho-ender-3\/#breadcrumb\",\"itemListElement\":[{\"@type\":\"ListItem\",\"position\":1,\"name\":\"Trang ch\u1ee7\",\"item\":\"https:\/\/nge.vn\/\"},{\"@type\":\"ListItem\",\"position\":2,\"name\":\"S\u1ea3n ph\u1ea9m\",\"item\":\"https:\/\/nge.vn\/san-pham\/\"},{\"@type\":\"ListItem\",\"position\":3,\"name\":\"Board \u0111i\u1ec1u khi\u1ec3n m\u00e1y in 3d BIGTREETECH Manta E3EZ V1.0 cho Ender 3&#8230;\"}]},{\"@type\":\"WebSite\",\"@id\":\"https:\/\/nge.vn\/#website\",\"url\":\"https:\/\/nge.vn\/\",\"name\":\"NGE 3D Printers Services\",\"description\":\"\",\"potentialAction\":[{\"@type\":\"SearchAction\",\"target\":{\"@type\":\"EntryPoint\",\"urlTemplate\":\"https:\/\/nge.vn\/?s={search_term_string}\"},\"query-input\":{\"@type\":\"PropertyValueSpecification\",\"valueRequired\":true,\"valueName\":\"search_term_string\"}}],\"inLanguage\":\"en-US\"}]}<\/script>\n<!-- \/ Yoast SEO Premium plugin. -->","yoast_head_json":{"title":"Board \u0111i\u1ec1u khi\u1ec3n m\u00e1y in 3d BIGTREETECH Manta E3EZ V1.0 cho Ender 3... - NGE 3D Printers Services","robots":{"index":"index","follow":"follow","max-snippet":"max-snippet:-1","max-image-preview":"max-image-preview:large","max-video-preview":"max-video-preview:-1"},"canonical":"https:\/\/nge.vn\/en\/product\/board-dieu-khien-may-in-3d-bigtreetech-manta-e3ez-v1-0-cho-ender-3\/","og_locale":"en_US","og_type":"article","og_title":"Board \u0111i\u1ec1u khi\u1ec3n m\u00e1y in 3d BIGTREETECH Manta E3EZ V1.0 cho Ender 3...","og_description":"Board \u0111i\u1ec1u khi\u1ec3n m\u00e1y in 3d BIGTREETECH Manta E3EZ V1.0 cho Ender 3...","og_url":"https:\/\/nge.vn\/en\/product\/board-dieu-khien-may-in-3d-bigtreetech-manta-e3ez-v1-0-cho-ender-3\/","og_site_name":"NGE 3D Printers Services","article_modified_time":"2024-10-28T08:42:26+00:00","og_image":[{"width":751,"height":751,"url":"https:\/\/nge.vn\/wp-content\/uploads\/2024\/10\/images-upload-woo2Fc58fa49d18c0e49d9683095576d094cd.jpg","type":"image\/jpeg"}],"twitter_card":"summary_large_image","twitter_misc":{"Est. reading time":"5 minutes"},"schema":{"@context":"https:\/\/schema.org","@graph":[{"@type":"WebPage","@id":"https:\/\/nge.vn\/san-pham\/board-dieu-khien-may-in-3d-bigtreetech-manta-e3ez-v1-0-cho-ender-3\/","url":"https:\/\/nge.vn\/san-pham\/board-dieu-khien-may-in-3d-bigtreetech-manta-e3ez-v1-0-cho-ender-3\/","name":"Board \u0111i\u1ec1u khi\u1ec3n m\u00e1y in 3d BIGTREETECH Manta E3EZ V1.0 cho Ender 3... - NGE 3D Printers Services","isPartOf":{"@id":"https:\/\/nge.vn\/#website"},"primaryImageOfPage":{"@id":"https:\/\/nge.vn\/san-pham\/board-dieu-khien-may-in-3d-bigtreetech-manta-e3ez-v1-0-cho-ender-3\/#primaryimage"},"image":{"@id":"https:\/\/nge.vn\/san-pham\/board-dieu-khien-may-in-3d-bigtreetech-manta-e3ez-v1-0-cho-ender-3\/#primaryimage"},"thumbnailUrl":"https:\/\/nge.vn\/wp-content\/uploads\/2024\/10\/images-upload-woo2Fc58fa49d18c0e49d9683095576d094cd.jpg","datePublished":"2024-10-26T02:32:10+00:00","dateModified":"2024-10-28T08:42:26+00:00","breadcrumb":{"@id":"https:\/\/nge.vn\/san-pham\/board-dieu-khien-may-in-3d-bigtreetech-manta-e3ez-v1-0-cho-ender-3\/#breadcrumb"},"inLanguage":"en-US","potentialAction":[{"@type":"ReadAction","target":["https:\/\/nge.vn\/san-pham\/board-dieu-khien-may-in-3d-bigtreetech-manta-e3ez-v1-0-cho-ender-3\/"]}]},{"@type":"ImageObject","inLanguage":"en-US","@id":"https:\/\/nge.vn\/san-pham\/board-dieu-khien-may-in-3d-bigtreetech-manta-e3ez-v1-0-cho-ender-3\/#primaryimage","url":"https:\/\/nge.vn\/wp-content\/uploads\/2024\/10\/images-upload-woo2Fc58fa49d18c0e49d9683095576d094cd.jpg","contentUrl":"https:\/\/nge.vn\/wp-content\/uploads\/2024\/10\/images-upload-woo2Fc58fa49d18c0e49d9683095576d094cd.jpg","width":751,"height":751},{"@type":"BreadcrumbList","@id":"https:\/\/nge.vn\/san-pham\/board-dieu-khien-may-in-3d-bigtreetech-manta-e3ez-v1-0-cho-ender-3\/#breadcrumb","itemListElement":[{"@type":"ListItem","position":1,"name":"Trang ch\u1ee7","item":"https:\/\/nge.vn\/"},{"@type":"ListItem","position":2,"name":"S\u1ea3n ph\u1ea9m","item":"https:\/\/nge.vn\/san-pham\/"},{"@type":"ListItem","position":3,"name":"Board \u0111i\u1ec1u khi\u1ec3n m\u00e1y in 3d BIGTREETECH Manta E3EZ V1.0 cho Ender 3&#8230;"}]},{"@type":"WebSite","@id":"https:\/\/nge.vn\/#website","url":"https:\/\/nge.vn\/","name":"NGE 3D Printers Services","description":"","potentialAction":[{"@type":"SearchAction","target":{"@type":"EntryPoint","urlTemplate":"https:\/\/nge.vn\/?s={search_term_string}"},"query-input":{"@type":"PropertyValueSpecification","valueRequired":true,"valueName":"search_term_string"}}],"inLanguage":"en-US"}]}},"_links":{"self":[{"href":"https:\/\/nge.vn\/en\/wp-json\/wp\/v2\/product\/1821","targetHints":{"allow":["GET"]}}],"collection":[{"href":"https:\/\/nge.vn\/en\/wp-json\/wp\/v2\/product"}],"about":[{"href":"https:\/\/nge.vn\/en\/wp-json\/wp\/v2\/types\/product"}],"replies":[{"embeddable":true,"href":"https:\/\/nge.vn\/en\/wp-json\/wp\/v2\/comments?post=1821"}],"wp:featuredmedia":[{"embeddable":true,"href":"https:\/\/nge.vn\/en\/wp-json\/wp\/v2\/media\/1812"}],"wp:attachment":[{"href":"https:\/\/nge.vn\/en\/wp-json\/wp\/v2\/media?parent=1821"}],"wp:term":[{"taxonomy":"product_brand","embeddable":true,"href":"https:\/\/nge.vn\/en\/wp-json\/wp\/v2\/product_brand?post=1821"},{"taxonomy":"product_cat","embeddable":true,"href":"https:\/\/nge.vn\/en\/wp-json\/wp\/v2\/product_cat?post=1821"},{"taxonomy":"product_tag","embeddable":true,"href":"https:\/\/nge.vn\/en\/wp-json\/wp\/v2\/product_tag?post=1821"}],"curies":[{"name":"wp","href":"https:\/\/api.w.org\/{rel}","templated":true}]}}