{"id":1811,"date":"2024-10-26T09:30:32","date_gmt":"2024-10-26T02:30:32","guid":{"rendered":"https:\/\/nge.123websitedev.com\/san-pham\/board-dieu-khien-may-in-3d-bigtreetech-manta-m5p-control-board-chay-klipper-voi-cb1-cm4\/"},"modified":"2024-10-28T15:42:12","modified_gmt":"2024-10-28T08:42:12","slug":"board-dieu-khien-may-in-3d-bigtreetech-manta-m5p-control-board-chay-klipper-voi-cb1-cm4","status":"publish","type":"product","link":"https:\/\/nge.vn\/en\/product\/board-dieu-khien-may-in-3d-bigtreetech-manta-m5p-control-board-chay-klipper-voi-cb1-cm4\/","title":{"rendered":"BIGTREETECH Manta M5P 3d printer control board running Klipper with CB1\/CM4"},"content":{"rendered":"<p>BIGTREETECH Manta M5P 3d printer control board running Klipper with CB1\/CM4<br \/>\n_M\u1ed9t c\u00e1ch s\u00e1ng t\u1ea1o v\u00e0 d\u1ec5 d\u00e0ng h\u01a1n \u0111\u1ec3 ch\u1ea1y Klipper c\u1ee7a b\u1ea1n Manta M4P\/M5P\/M8P \u0111\u01b0\u1ee3c sinh ra \u0111\u1ec3 ch\u1ea1y Klipper, ch\u00fang cho ph\u00e9p c\u00e0i \u0111\u1eb7t tr\u1ef1c ti\u1ebfp BIGTREETECH CB1\/Raspberry Pi CM4 \u0111\u1ec3 ch\u1ea1y h\u1ec7 th\u1ed1ng Linux, sau \u0111\u00f3 l\u00e0 Klipper.<\/p>\n<p>\u0110\u1ea7u n\u1ed1i bo m\u1ea1ch<br \/>\n\u0110\u01b0\u1ee3c thi\u1ebft k\u1ebf v\u1edbi c\u00f9ng m\u1ed9t \u0111\u1ea7u n\u1ed1i v\u1edbi Raspberry Pi, gi\u00fap b\u1ea1n t\u1ef1 tin k\u1ebft n\u1ed1i v\u1edbi t\u1ea5t c\u1ea3 c\u00e1c phi\u00ean b\u1ea3n CM4 v\u00e0 ch\u1eafc ch\u1eafn l\u00e0 CB1 ho\u1eb7c CB1 eMMC. M\u1ed9t c\u00e0i \u0111\u1eb7t gia c\u1ed1 b\u1eb1ng v\u00edt c\u0169ng c\u00f3 s\u1eb5n.<\/p>\n<p>Manta M5P<br \/>\n\u2705 \u0110\u01b0\u1ee3c c\u00e0i \u0111\u1eb7t v\u1edbi chip 32-bit 64MHz ARM\u00ae Cortex-M0+ STM32G0B1RET6, \u1ed5n \u0111\u1ecbnh h\u01a1n v\u00e0 nhanh h\u01a1n.<br \/>\n\u2705 \u0110\u01b0\u1ee3c thi\u1ebft k\u1ebf v\u1edbi c\u00f9ng m\u1ed9t \u0111\u1ea7u n\u1ed1i v\u1edbi Raspberry Pi, gi\u00fap b\u1ea1n k\u1ebft n\u1ed1i t\u1ef1 tin v\u1edbi t\u1ea5t c\u1ea3 c\u00e1c phi\u00ean b\u1ea3n CM4, ch\u1eafc ch\u1eafn l\u00e0 CB1. Ngo\u00e0i ra, c\u00e0i \u0111\u1eb7t gia c\u1ed1 b\u1eb1ng v\u00edt c\u0169ng c\u00f3 s\u1eb5n.<br \/>\n\u2705 N\u00f3 c\u00f3 nhi\u1ec1u c\u1ed5ng m\u1edf r\u1ed9ng, c\u00f3 th\u1ec3 h\u1ed7 tr\u1ee3 nhi\u1ec1u m\u00f4-\u0111un m\u1edf r\u1ed9ng kh\u00e1c nhau, ch\u1eb3ng h\u1ea1n nh\u01b0 BL Touch, m\u00e0n h\u00ecnh LCD, \u0111\u00e8n RGB, t\u1ef1 \u0111\u1ed9ng t\u1eaft, v.v.<br \/>\n\u2705 Chip ngu\u1ed3n TPS5450-5A \u0110\u1ea7u ra 5A ho\u00e0n to\u00e0n ph\u00f9 h\u1ee3p v\u1edbi nhu c\u1ea7u c\u1ea5p ngu\u1ed3n c\u1ee7a Raspberry Pi.<br \/>\n\u2705 \u0110i\u1ec7n \u00e1p qu\u1ea1t CNC c\u00f3 th\u1ec3 l\u1ef1a ch\u1ecdn, 5V\/12V\/24V.<br \/>\n\u2705 \u0110\u00e3 th\u00eam b\u1ea3o v\u1ec7 m\u1ea1ch eFuse. N\u00f3 s\u1ebd ng\u1eaft k\u1ebft n\u1ed1i nhanh h\u01a1n khi qu\u00e1 t\u1ea3i v\u00e0 t\u1ef1 \u0111\u1ed9ng \u0111\u1eb7t l\u1ea1i n\u1ebfu h\u1ebft qu\u00e1 t\u1ea3i, \u0111i\u1ec1u n\u00e0y s\u1ebd gi\u00fap gi\u1ea3m \u0111\u00e1ng k\u1ec3 t\u00ecnh tr\u1ea1ng ch\u00e1y bo m\u1ea1ch ch\u1ee7 do \u0111o\u1ea3n m\u1ea1ch ho\u1eb7c \u0111\u00e1nh l\u1eeda.<br \/>\n\u2705 C\u1ed5ng Bus Can d\u00e0nh ri\u00eang c\u00f3 th\u1ec3 \u0111\u01b0\u1ee3c k\u1ebft n\u1ed1i v\u1edbi EBB CAN, gi\u00fap \u0111\u01a1n gi\u1ea3n h\u00f3a vi\u1ec7c \u0111i d\u00e2y v\u00e0 cung c\u1ea5p kh\u1ea3 n\u0103ng ch\u1ed1ng nhi\u1ec5u m\u1ea1nh m\u1ebd.<br \/>\n\ud83c\udf1fM5P &amp; CB1 c\u00f3 th\u1ec3 l\u00e0 l\u1ef1a ch\u1ecdn t\u1ed1t nh\u1ea5t cho Voron V0, Ender 3, v.v.<\/p>\n<p>***K\u00edch th\u01b0\u1edbc &amp; Th\u00f4ng s\u1ed1 k\u1ef9 thu\u1eadt:<br \/>\nCB1\/CB1 eMMC<br \/>\n+CPU: ALLWINNER H616, Quad-core Cortex-A53 @1.5GHz<br \/>\n+GPU: Mali G31 MP2, Support OpenGL3.2<br \/>\n+RAM: 512MB\/1GB DDR3L SDRAM(The eMMC version has only 1GB available)<br \/>\n+Storage Capacity Options (for eMMC Version Only): 16GB, 32GB<br \/>\n+Input Voltage 5V\u00b15%\/2A<br \/>\n+Output Voltage: 3.3V\u00b12%\/100mA 1.8V\u00b12%\/100mA<br \/>\n+WiFi: 2.4G\/802.11 b\/g\/n<br \/>\n+Display: Compatible with HDMI2.0A Interface, Support 4K Displays<br \/>\n+Connectivity: USB2.0 Interface, supports 100M Ethernet+ 100M WiFi<br \/>\n*The CB1\/CB1 eMMC does not support DSI\/CSI output at this time*<\/p>\n<p>**To receive a better price, please contact the shop directly.<br \/>\n     0913.939.775 contact A.Quan (for English)<br \/>\n     094.144.0951 contact A.Quynh<br \/>\n**Selling price does not include VAT (+10% if VAT invoice is issued)<\/p>","protected":false},"excerpt":{"rendered":"<p>BIGTREETECH Manta M5P 3d printer control board running Klipper with CB1\/CM4<\/p>","protected":false},"featured_media":1802,"comment_status":"open","ping_status":"closed","template":"","meta":{"inline_featured_image":false},"product_brand":[],"product_cat":[40,39,58],"product_tag":[],"class_list":{"0":"post-1811","1":"product","2":"type-product","3":"status-publish","4":"has-post-thumbnail","6":"product_cat-linh-kien-va-phu-kien","7":"product_cat-may-in-3d","8":"product_cat-phu-kien-may-in-3d-bigtreetech","10":"first","11":"instock","12":"taxable","13":"shipping-taxable","14":"purchasable","15":"product-type-simple"},"yoast_head":"<!-- This site is optimized with the Yoast SEO Premium plugin v22.8 (Yoast SEO v26.9) - https:\/\/yoast.com\/product\/yoast-seo-premium-wordpress\/ -->\n<title>Board \u0111i\u1ec1u khi\u1ec3n m\u00e1y in 3d BIGTREETECH Manta M5P Control Board ch\u1ea1y Klipper v\u1edbi CB1\/CM4 - NGE 3D Printers Services<\/title>\n<meta name=\"robots\" content=\"index, follow, max-snippet:-1, max-image-preview:large, max-video-preview:-1\" \/>\n<link rel=\"canonical\" href=\"https:\/\/nge.vn\/en\/product\/board-dieu-khien-may-in-3d-bigtreetech-manta-m5p-control-board-chay-klipper-voi-cb1-cm4\/\" \/>\n<meta property=\"og:locale\" content=\"en_US\" \/>\n<meta property=\"og:type\" content=\"article\" \/>\n<meta property=\"og:title\" content=\"Board \u0111i\u1ec1u khi\u1ec3n m\u00e1y in 3d BIGTREETECH Manta M5P Control Board ch\u1ea1y Klipper v\u1edbi CB1\/CM4\" \/>\n<meta property=\"og:description\" content=\"Board \u0111i\u1ec1u khi\u1ec3n m\u00e1y in 3d BIGTREETECH Manta M5P Control Board ch\u1ea1y Klipper v\u1edbi CB1\/CM4\" \/>\n<meta property=\"og:url\" content=\"https:\/\/nge.vn\/en\/product\/board-dieu-khien-may-in-3d-bigtreetech-manta-m5p-control-board-chay-klipper-voi-cb1-cm4\/\" \/>\n<meta property=\"og:site_name\" content=\"NGE 3D Printers Services\" \/>\n<meta property=\"article:modified_time\" content=\"2024-10-28T08:42:12+00:00\" \/>\n<meta property=\"og:image\" content=\"https:\/\/nge.vn\/wp-content\/uploads\/2024\/10\/images-upload-woo2F3cfc029fd4ec859bf14a060b0f0a2ae8.jpg\" \/>\n\t<meta property=\"og:image:width\" content=\"640\" \/>\n\t<meta property=\"og:image:height\" content=\"640\" \/>\n\t<meta property=\"og:image:type\" content=\"image\/jpeg\" \/>\n<meta name=\"twitter:card\" content=\"summary_large_image\" \/>\n<meta name=\"twitter:label1\" content=\"Est. reading time\" \/>\n\t<meta name=\"twitter:data1\" content=\"3 minutes\" \/>\n<script type=\"application\/ld+json\" class=\"yoast-schema-graph\">{\"@context\":\"https:\/\/schema.org\",\"@graph\":[{\"@type\":\"WebPage\",\"@id\":\"https:\/\/nge.vn\/san-pham\/board-dieu-khien-may-in-3d-bigtreetech-manta-m5p-control-board-chay-klipper-voi-cb1-cm4\/\",\"url\":\"https:\/\/nge.vn\/san-pham\/board-dieu-khien-may-in-3d-bigtreetech-manta-m5p-control-board-chay-klipper-voi-cb1-cm4\/\",\"name\":\"Board \u0111i\u1ec1u khi\u1ec3n m\u00e1y in 3d BIGTREETECH Manta M5P Control Board ch\u1ea1y Klipper v\u1edbi CB1\/CM4 - NGE 3D Printers Services\",\"isPartOf\":{\"@id\":\"https:\/\/nge.vn\/#website\"},\"primaryImageOfPage\":{\"@id\":\"https:\/\/nge.vn\/san-pham\/board-dieu-khien-may-in-3d-bigtreetech-manta-m5p-control-board-chay-klipper-voi-cb1-cm4\/#primaryimage\"},\"image\":{\"@id\":\"https:\/\/nge.vn\/san-pham\/board-dieu-khien-may-in-3d-bigtreetech-manta-m5p-control-board-chay-klipper-voi-cb1-cm4\/#primaryimage\"},\"thumbnailUrl\":\"https:\/\/nge.vn\/wp-content\/uploads\/2024\/10\/images-upload-woo2F3cfc029fd4ec859bf14a060b0f0a2ae8.jpg\",\"datePublished\":\"2024-10-26T02:30:32+00:00\",\"dateModified\":\"2024-10-28T08:42:12+00:00\",\"breadcrumb\":{\"@id\":\"https:\/\/nge.vn\/san-pham\/board-dieu-khien-may-in-3d-bigtreetech-manta-m5p-control-board-chay-klipper-voi-cb1-cm4\/#breadcrumb\"},\"inLanguage\":\"en-US\",\"potentialAction\":[{\"@type\":\"ReadAction\",\"target\":[\"https:\/\/nge.vn\/san-pham\/board-dieu-khien-may-in-3d-bigtreetech-manta-m5p-control-board-chay-klipper-voi-cb1-cm4\/\"]}]},{\"@type\":\"ImageObject\",\"inLanguage\":\"en-US\",\"@id\":\"https:\/\/nge.vn\/san-pham\/board-dieu-khien-may-in-3d-bigtreetech-manta-m5p-control-board-chay-klipper-voi-cb1-cm4\/#primaryimage\",\"url\":\"https:\/\/nge.vn\/wp-content\/uploads\/2024\/10\/images-upload-woo2F3cfc029fd4ec859bf14a060b0f0a2ae8.jpg\",\"contentUrl\":\"https:\/\/nge.vn\/wp-content\/uploads\/2024\/10\/images-upload-woo2F3cfc029fd4ec859bf14a060b0f0a2ae8.jpg\",\"width\":640,\"height\":640},{\"@type\":\"BreadcrumbList\",\"@id\":\"https:\/\/nge.vn\/san-pham\/board-dieu-khien-may-in-3d-bigtreetech-manta-m5p-control-board-chay-klipper-voi-cb1-cm4\/#breadcrumb\",\"itemListElement\":[{\"@type\":\"ListItem\",\"position\":1,\"name\":\"Trang ch\u1ee7\",\"item\":\"https:\/\/nge.vn\/\"},{\"@type\":\"ListItem\",\"position\":2,\"name\":\"S\u1ea3n ph\u1ea9m\",\"item\":\"https:\/\/nge.vn\/san-pham\/\"},{\"@type\":\"ListItem\",\"position\":3,\"name\":\"Board \u0111i\u1ec1u khi\u1ec3n m\u00e1y in 3d BIGTREETECH Manta M5P Control Board ch\u1ea1y Klipper v\u1edbi CB1\/CM4\"}]},{\"@type\":\"WebSite\",\"@id\":\"https:\/\/nge.vn\/#website\",\"url\":\"https:\/\/nge.vn\/\",\"name\":\"NGE 3D Printers Services\",\"description\":\"\",\"potentialAction\":[{\"@type\":\"SearchAction\",\"target\":{\"@type\":\"EntryPoint\",\"urlTemplate\":\"https:\/\/nge.vn\/?s={search_term_string}\"},\"query-input\":{\"@type\":\"PropertyValueSpecification\",\"valueRequired\":true,\"valueName\":\"search_term_string\"}}],\"inLanguage\":\"en-US\"}]}<\/script>\n<!-- \/ Yoast SEO Premium plugin. -->","yoast_head_json":{"title":"Board \u0111i\u1ec1u khi\u1ec3n m\u00e1y in 3d BIGTREETECH Manta M5P Control Board ch\u1ea1y Klipper v\u1edbi CB1\/CM4 - NGE 3D Printers Services","robots":{"index":"index","follow":"follow","max-snippet":"max-snippet:-1","max-image-preview":"max-image-preview:large","max-video-preview":"max-video-preview:-1"},"canonical":"https:\/\/nge.vn\/en\/product\/board-dieu-khien-may-in-3d-bigtreetech-manta-m5p-control-board-chay-klipper-voi-cb1-cm4\/","og_locale":"en_US","og_type":"article","og_title":"Board \u0111i\u1ec1u khi\u1ec3n m\u00e1y in 3d BIGTREETECH Manta M5P Control Board ch\u1ea1y Klipper v\u1edbi CB1\/CM4","og_description":"Board \u0111i\u1ec1u khi\u1ec3n m\u00e1y in 3d BIGTREETECH Manta M5P Control Board ch\u1ea1y Klipper v\u1edbi CB1\/CM4","og_url":"https:\/\/nge.vn\/en\/product\/board-dieu-khien-may-in-3d-bigtreetech-manta-m5p-control-board-chay-klipper-voi-cb1-cm4\/","og_site_name":"NGE 3D Printers Services","article_modified_time":"2024-10-28T08:42:12+00:00","og_image":[{"width":640,"height":640,"url":"https:\/\/nge.vn\/wp-content\/uploads\/2024\/10\/images-upload-woo2F3cfc029fd4ec859bf14a060b0f0a2ae8.jpg","type":"image\/jpeg"}],"twitter_card":"summary_large_image","twitter_misc":{"Est. reading time":"3 minutes"},"schema":{"@context":"https:\/\/schema.org","@graph":[{"@type":"WebPage","@id":"https:\/\/nge.vn\/san-pham\/board-dieu-khien-may-in-3d-bigtreetech-manta-m5p-control-board-chay-klipper-voi-cb1-cm4\/","url":"https:\/\/nge.vn\/san-pham\/board-dieu-khien-may-in-3d-bigtreetech-manta-m5p-control-board-chay-klipper-voi-cb1-cm4\/","name":"Board \u0111i\u1ec1u khi\u1ec3n m\u00e1y in 3d BIGTREETECH Manta M5P Control Board ch\u1ea1y Klipper v\u1edbi CB1\/CM4 - NGE 3D Printers Services","isPartOf":{"@id":"https:\/\/nge.vn\/#website"},"primaryImageOfPage":{"@id":"https:\/\/nge.vn\/san-pham\/board-dieu-khien-may-in-3d-bigtreetech-manta-m5p-control-board-chay-klipper-voi-cb1-cm4\/#primaryimage"},"image":{"@id":"https:\/\/nge.vn\/san-pham\/board-dieu-khien-may-in-3d-bigtreetech-manta-m5p-control-board-chay-klipper-voi-cb1-cm4\/#primaryimage"},"thumbnailUrl":"https:\/\/nge.vn\/wp-content\/uploads\/2024\/10\/images-upload-woo2F3cfc029fd4ec859bf14a060b0f0a2ae8.jpg","datePublished":"2024-10-26T02:30:32+00:00","dateModified":"2024-10-28T08:42:12+00:00","breadcrumb":{"@id":"https:\/\/nge.vn\/san-pham\/board-dieu-khien-may-in-3d-bigtreetech-manta-m5p-control-board-chay-klipper-voi-cb1-cm4\/#breadcrumb"},"inLanguage":"en-US","potentialAction":[{"@type":"ReadAction","target":["https:\/\/nge.vn\/san-pham\/board-dieu-khien-may-in-3d-bigtreetech-manta-m5p-control-board-chay-klipper-voi-cb1-cm4\/"]}]},{"@type":"ImageObject","inLanguage":"en-US","@id":"https:\/\/nge.vn\/san-pham\/board-dieu-khien-may-in-3d-bigtreetech-manta-m5p-control-board-chay-klipper-voi-cb1-cm4\/#primaryimage","url":"https:\/\/nge.vn\/wp-content\/uploads\/2024\/10\/images-upload-woo2F3cfc029fd4ec859bf14a060b0f0a2ae8.jpg","contentUrl":"https:\/\/nge.vn\/wp-content\/uploads\/2024\/10\/images-upload-woo2F3cfc029fd4ec859bf14a060b0f0a2ae8.jpg","width":640,"height":640},{"@type":"BreadcrumbList","@id":"https:\/\/nge.vn\/san-pham\/board-dieu-khien-may-in-3d-bigtreetech-manta-m5p-control-board-chay-klipper-voi-cb1-cm4\/#breadcrumb","itemListElement":[{"@type":"ListItem","position":1,"name":"Trang ch\u1ee7","item":"https:\/\/nge.vn\/"},{"@type":"ListItem","position":2,"name":"S\u1ea3n ph\u1ea9m","item":"https:\/\/nge.vn\/san-pham\/"},{"@type":"ListItem","position":3,"name":"Board \u0111i\u1ec1u khi\u1ec3n m\u00e1y in 3d BIGTREETECH Manta M5P Control Board ch\u1ea1y Klipper v\u1edbi CB1\/CM4"}]},{"@type":"WebSite","@id":"https:\/\/nge.vn\/#website","url":"https:\/\/nge.vn\/","name":"NGE 3D Printers Services","description":"","potentialAction":[{"@type":"SearchAction","target":{"@type":"EntryPoint","urlTemplate":"https:\/\/nge.vn\/?s={search_term_string}"},"query-input":{"@type":"PropertyValueSpecification","valueRequired":true,"valueName":"search_term_string"}}],"inLanguage":"en-US"}]}},"_links":{"self":[{"href":"https:\/\/nge.vn\/en\/wp-json\/wp\/v2\/product\/1811","targetHints":{"allow":["GET"]}}],"collection":[{"href":"https:\/\/nge.vn\/en\/wp-json\/wp\/v2\/product"}],"about":[{"href":"https:\/\/nge.vn\/en\/wp-json\/wp\/v2\/types\/product"}],"replies":[{"embeddable":true,"href":"https:\/\/nge.vn\/en\/wp-json\/wp\/v2\/comments?post=1811"}],"wp:featuredmedia":[{"embeddable":true,"href":"https:\/\/nge.vn\/en\/wp-json\/wp\/v2\/media\/1802"}],"wp:attachment":[{"href":"https:\/\/nge.vn\/en\/wp-json\/wp\/v2\/media?parent=1811"}],"wp:term":[{"taxonomy":"product_brand","embeddable":true,"href":"https:\/\/nge.vn\/en\/wp-json\/wp\/v2\/product_brand?post=1811"},{"taxonomy":"product_cat","embeddable":true,"href":"https:\/\/nge.vn\/en\/wp-json\/wp\/v2\/product_cat?post=1811"},{"taxonomy":"product_tag","embeddable":true,"href":"https:\/\/nge.vn\/en\/wp-json\/wp\/v2\/product_tag?post=1811"}],"curies":[{"name":"wp","href":"https:\/\/api.w.org\/{rel}","templated":true}]}}