{"id":1801,"date":"2024-10-26T09:28:46","date_gmt":"2024-10-26T02:28:46","guid":{"rendered":"https:\/\/nge.123websitedev.com\/san-pham\/bo-tam-ban-in-pei-tu-tinh-linh-hoat-2-mat-nham-cho-may-in-3d-flsun-super-racer-size-270270mm\/"},"modified":"2024-10-29T17:13:04","modified_gmt":"2024-10-29T10:13:04","slug":"bo-tam-ban-in-pei-tu-tinh-linh-hoat-2-mat-nham-cho-may-in-3d-flsun-super-racer-size-270270mm","status":"publish","type":"product","link":"https:\/\/nge.vn\/en\/product\/bo-tam-ban-in-pei-tu-tinh-linh-hoat-2-mat-nham-cho-may-in-3d-flsun-super-racer-size-270270mm\/","title":{"rendered":"B\u1ed9 t\u1ea5m b\u00e0n in PEI t\u1eeb t\u00ednh linh ho\u1ea1t 2 m\u1eb7t nh\u00e1m cho m\u00e1y in 3d FLSUN Super Racer size 270*270mm"},"content":{"rendered":"<p>B\u1ed9 t\u1ea5m b\u00e0n in PEI th\u00e9p l\u00f2 xo t\u1eeb t\u00ednh linh ho\u1ea1t 2 m\u1eb7t Flexible Magnetic Spring Steel PEI Bed Plate cho FLSUN Super Racer size 270*270mm<\/p>\n<p>T\u00ednh n\u0103ng:<br \/>\n1. THI\u1ebeT K\u1ebe TUY\u1ec6T V\u1edcI: Thi\u1ebft k\u1ebf t\u1ea5m \u0111\u1ebf b\u1eb1ng th\u00e9p l\u00f2 xo PEI hai m\u1eb7t. So v\u1edbi PEI nh\u1eb5n, k\u1ebft c\u1ea5u m\u1edd gi\u00fap ch\u1ea5t n\u1ec1n b\u00e1m d\u00ednh v\u00e0o b\u1ec1 m\u1eb7t PEI d\u1ec5 d\u00e0ng h\u01a1n. S\u1eed d\u1ee5ng t\u1ea5m th\u00e9p l\u00f2 xo PEI \u0111\u01b0\u1ee3c phun s\u01a1n hai m\u1eb7t, c\u00f3 \u0111\u1ed9 b\u00e1m d\u00ednh ch\u1eafc ch\u1eafn v\u1edbi m\u00f4 h\u00ecnh. B\u1ea1n c\u00f3 th\u1ec3 s\u1eed d\u1ee5ng m\u1ed9t trong hai b\u00ean.<br \/>\n2. \u0110\u1ed8 PH\u1eb2NG T\u1ed0T: T\u1ea5m PEI c\u00f3 \u0111\u1ed9 b\u00e1m d\u00ednh ch\u1eafc ch\u1eafn, kh\u00f4ng tr\u1ea7y x\u01b0\u1edbc v\u00e0 c\u00f3 th\u1ec3 d\u1ec5 d\u00e0ng th\u00e1o ra kh\u1ecfi b\u1ec7 b\u1eb1ng c\u00e1ch u\u1ed1n cong. Cung c\u1ea5p b\u1ec1 m\u1eb7t x\u00e2y d\u1ef1ng nh\u1eb5n nh\u1ea5t tr\u00ean th\u1ecb tr\u01b0\u1eddng hi\u1ec7n t\u1ea1i, \u0111\u1ea3m b\u1ea3o \u0111\u1ed9 ph\u1eb3ng t\u1ed1t c\u1ee7a \u0111\u00e1y in v\u00e0 \u0111\u1ea3m b\u1ea3o r\u1eb1ng m\u00f4 h\u00ecnh c\u00f3 th\u1ec3 b\u00e1m ch\u1eafc v\u00e0o b\u1ec1 m\u1eb7t c\u1ee7a n\u1ec1n in.<br \/>\n3. CH\u1ea4T LI\u1ec6U TH\u00c9P L\u00d2 XO: T\u1ea5m th\u00e9p d\u1ebbo PEI \u0111\u01b0\u1ee3c l\u00e0m b\u1eb1ng th\u00e9p l\u00f2 xo cao c\u1ea5p, kh\u00f4ng b\u1ecb cong v\u00eanh khi u\u1ed1n nh\u1eb9, c\u00f3 \u0111\u1ed9 b\u1ec1n v\u00e0 kh\u1ea3 n\u0103ng ch\u1ecbu nhi\u1ec7t cao.<br \/>\n4. C\u00d3 TH\u1ec2 T\u00c1I S\u1eec D\u1ee4NG: T\u1ea5m PEI \u0111\u01b0\u1eddng k\u00ednh 270 mm. C\u00f3 th\u1ec3 t\u00e1i s\u1eed d\u1ee5ng nhi\u1ec1u l\u1ea7n, ch\u1ec9 c\u1ea7n lau b\u1eb1ng isopropyl gi\u1eefa c\u00e1c l\u1ea7n in \u0111\u1ec3 c\u00f3 k\u1ebft qu\u1ea3 t\u1ed1i \u01b0u.<br \/>\n5. D\u1ec4 D\u00c0NG L\u1eaeP \u0110\u1eb6T: Ch\u1ec9 c\u1ea7n g\u1eafn t\u1ea5m \u0111\u1ebf t\u1eeb t\u00ednh v\u00e0o gi\u01b0\u1eddng s\u01b0\u1edfi v\u00e0 \u0111\u1eb7t b\u1ec7 th\u00e9p l\u00ean tr\u00ean.<\/p>\n<p>_M\u00f4 t\u1ea3:<br \/>\n+Lo\u1ea1i s\u1ea3n ph\u1ea9m: Th\u00e9p t\u1ea5m PEI tr\u00f2n 2 m\u1eb7t nh\u00e1m<br \/>\n+Ch\u1ea5t li\u1ec7u: Th\u00e9p L\u00f2 Xo, T\u1eeb T\u00ednh M\u1ec1m<br \/>\n+\u0110\u01b0\u1eddng k\u00ednh s\u1ea3n ph\u1ea9m: X\u1ea5p x\u1ec9. 270mm \/ 10,63in\u3001X\u1ea5p x\u1ec9. 215mm \/ 8,5in\uff08T\u00f9y ch\u1ecdn\uff09<\/p>\n<p>Package List:<br \/>\n1 x PEI Steel Plate<br \/>\n1 x Magnetic Base <\/p>\n<p>**To receive a better price, please contact the shop directly.<br \/>\n     0913.939.775 contact A.Quan (for English)<br \/>\n     094.144.0951 contact A.Quynh<br \/>\n**Selling price does not include VAT (+10% if VAT invoice is issued)<\/p>","protected":false},"excerpt":{"rendered":"<p>B\u1ed9 t\u1ea5m b\u00e0n in PEI t\u1eeb t\u00ednh linh ho\u1ea1t 2 m\u1eb7t nh\u00e1m cho m\u00e1y in 3d FLSUN Super Racer size 270*270mm<\/p>","protected":false},"featured_media":1792,"comment_status":"open","ping_status":"closed","template":"","meta":{"inline_featured_image":false},"product_brand":[],"product_cat":[57,40],"product_tag":[],"class_list":{"0":"post-1801","1":"product","2":"type-product","3":"status-publish","4":"has-post-thumbnail","6":"product_cat-linh-kien-may-in-3d-flsun","7":"product_cat-linh-kien-va-phu-kien","9":"first","10":"instock","11":"taxable","12":"shipping-taxable","13":"purchasable","14":"product-type-simple"},"yoast_head":"<!-- This site is optimized with the Yoast SEO Premium plugin v22.8 (Yoast SEO v26.9) - https:\/\/yoast.com\/product\/yoast-seo-premium-wordpress\/ -->\n<title>B\u1ed9 t\u1ea5m b\u00e0n in PEI t\u1eeb t\u00ednh linh ho\u1ea1t 2 m\u1eb7t nh\u00e1m cho m\u00e1y in 3d FLSUN Super Racer size 270*270mm - NGE 3D Printers Services<\/title>\n<meta name=\"robots\" content=\"index, follow, max-snippet:-1, max-image-preview:large, max-video-preview:-1\" \/>\n<link rel=\"canonical\" href=\"https:\/\/nge.vn\/en\/product\/bo-tam-ban-in-pei-tu-tinh-linh-hoat-2-mat-nham-cho-may-in-3d-flsun-super-racer-size-270270mm\/\" \/>\n<meta property=\"og:locale\" content=\"en_US\" \/>\n<meta property=\"og:type\" content=\"article\" \/>\n<meta property=\"og:title\" content=\"B\u1ed9 t\u1ea5m b\u00e0n in PEI t\u1eeb t\u00ednh linh ho\u1ea1t 2 m\u1eb7t nh\u00e1m cho m\u00e1y in 3d FLSUN Super Racer size 270*270mm\" \/>\n<meta property=\"og:description\" content=\"B\u1ed9 t\u1ea5m b\u00e0n in PEI t\u1eeb t\u00ednh linh ho\u1ea1t 2 m\u1eb7t nh\u00e1m cho m\u00e1y in 3d FLSUN Super Racer size 270*270mm\" \/>\n<meta property=\"og:url\" content=\"https:\/\/nge.vn\/en\/product\/bo-tam-ban-in-pei-tu-tinh-linh-hoat-2-mat-nham-cho-may-in-3d-flsun-super-racer-size-270270mm\/\" \/>\n<meta property=\"og:site_name\" content=\"NGE 3D Printers Services\" \/>\n<meta property=\"article:modified_time\" content=\"2024-10-29T10:13:04+00:00\" \/>\n<meta property=\"og:image\" content=\"https:\/\/nge.vn\/wp-content\/uploads\/2024\/10\/images-upload-woo2F16e33cae0212382f1c325d16387f430e.jpg\" \/>\n\t<meta property=\"og:image:width\" content=\"640\" \/>\n\t<meta property=\"og:image:height\" content=\"640\" \/>\n\t<meta property=\"og:image:type\" content=\"image\/jpeg\" \/>\n<meta name=\"twitter:card\" content=\"summary_large_image\" \/>\n<meta name=\"twitter:label1\" content=\"Est. reading time\" \/>\n\t<meta name=\"twitter:data1\" content=\"2 minutes\" \/>\n<script type=\"application\/ld+json\" class=\"yoast-schema-graph\">{\"@context\":\"https:\/\/schema.org\",\"@graph\":[{\"@type\":\"WebPage\",\"@id\":\"https:\/\/nge.vn\/san-pham\/bo-tam-ban-in-pei-tu-tinh-linh-hoat-2-mat-nham-cho-may-in-3d-flsun-super-racer-size-270270mm\/\",\"url\":\"https:\/\/nge.vn\/san-pham\/bo-tam-ban-in-pei-tu-tinh-linh-hoat-2-mat-nham-cho-may-in-3d-flsun-super-racer-size-270270mm\/\",\"name\":\"B\u1ed9 t\u1ea5m b\u00e0n in PEI t\u1eeb t\u00ednh linh ho\u1ea1t 2 m\u1eb7t nh\u00e1m cho m\u00e1y in 3d FLSUN Super Racer size 270*270mm - NGE 3D Printers Services\",\"isPartOf\":{\"@id\":\"https:\/\/nge.vn\/#website\"},\"primaryImageOfPage\":{\"@id\":\"https:\/\/nge.vn\/san-pham\/bo-tam-ban-in-pei-tu-tinh-linh-hoat-2-mat-nham-cho-may-in-3d-flsun-super-racer-size-270270mm\/#primaryimage\"},\"image\":{\"@id\":\"https:\/\/nge.vn\/san-pham\/bo-tam-ban-in-pei-tu-tinh-linh-hoat-2-mat-nham-cho-may-in-3d-flsun-super-racer-size-270270mm\/#primaryimage\"},\"thumbnailUrl\":\"https:\/\/nge.vn\/wp-content\/uploads\/2024\/10\/images-upload-woo2F16e33cae0212382f1c325d16387f430e.jpg\",\"datePublished\":\"2024-10-26T02:28:46+00:00\",\"dateModified\":\"2024-10-29T10:13:04+00:00\",\"breadcrumb\":{\"@id\":\"https:\/\/nge.vn\/san-pham\/bo-tam-ban-in-pei-tu-tinh-linh-hoat-2-mat-nham-cho-may-in-3d-flsun-super-racer-size-270270mm\/#breadcrumb\"},\"inLanguage\":\"en-US\",\"potentialAction\":[{\"@type\":\"ReadAction\",\"target\":[\"https:\/\/nge.vn\/san-pham\/bo-tam-ban-in-pei-tu-tinh-linh-hoat-2-mat-nham-cho-may-in-3d-flsun-super-racer-size-270270mm\/\"]}]},{\"@type\":\"ImageObject\",\"inLanguage\":\"en-US\",\"@id\":\"https:\/\/nge.vn\/san-pham\/bo-tam-ban-in-pei-tu-tinh-linh-hoat-2-mat-nham-cho-may-in-3d-flsun-super-racer-size-270270mm\/#primaryimage\",\"url\":\"https:\/\/nge.vn\/wp-content\/uploads\/2024\/10\/images-upload-woo2F16e33cae0212382f1c325d16387f430e.jpg\",\"contentUrl\":\"https:\/\/nge.vn\/wp-content\/uploads\/2024\/10\/images-upload-woo2F16e33cae0212382f1c325d16387f430e.jpg\",\"width\":640,\"height\":640},{\"@type\":\"BreadcrumbList\",\"@id\":\"https:\/\/nge.vn\/san-pham\/bo-tam-ban-in-pei-tu-tinh-linh-hoat-2-mat-nham-cho-may-in-3d-flsun-super-racer-size-270270mm\/#breadcrumb\",\"itemListElement\":[{\"@type\":\"ListItem\",\"position\":1,\"name\":\"Trang ch\u1ee7\",\"item\":\"https:\/\/nge.vn\/\"},{\"@type\":\"ListItem\",\"position\":2,\"name\":\"S\u1ea3n ph\u1ea9m\",\"item\":\"https:\/\/nge.vn\/san-pham\/\"},{\"@type\":\"ListItem\",\"position\":3,\"name\":\"B\u1ed9 t\u1ea5m b\u00e0n in PEI t\u1eeb t\u00ednh linh ho\u1ea1t 2 m\u1eb7t nh\u00e1m cho m\u00e1y in 3d FLSUN Super Racer size 270*270mm\"}]},{\"@type\":\"WebSite\",\"@id\":\"https:\/\/nge.vn\/#website\",\"url\":\"https:\/\/nge.vn\/\",\"name\":\"NGE 3D Printers Services\",\"description\":\"\",\"potentialAction\":[{\"@type\":\"SearchAction\",\"target\":{\"@type\":\"EntryPoint\",\"urlTemplate\":\"https:\/\/nge.vn\/?s={search_term_string}\"},\"query-input\":{\"@type\":\"PropertyValueSpecification\",\"valueRequired\":true,\"valueName\":\"search_term_string\"}}],\"inLanguage\":\"en-US\"}]}<\/script>\n<!-- \/ Yoast SEO Premium plugin. -->","yoast_head_json":{"title":"B\u1ed9 t\u1ea5m b\u00e0n in PEI t\u1eeb t\u00ednh linh ho\u1ea1t 2 m\u1eb7t nh\u00e1m cho m\u00e1y in 3d FLSUN Super Racer size 270*270mm - NGE 3D Printers Services","robots":{"index":"index","follow":"follow","max-snippet":"max-snippet:-1","max-image-preview":"max-image-preview:large","max-video-preview":"max-video-preview:-1"},"canonical":"https:\/\/nge.vn\/en\/product\/bo-tam-ban-in-pei-tu-tinh-linh-hoat-2-mat-nham-cho-may-in-3d-flsun-super-racer-size-270270mm\/","og_locale":"en_US","og_type":"article","og_title":"B\u1ed9 t\u1ea5m b\u00e0n in PEI t\u1eeb t\u00ednh linh ho\u1ea1t 2 m\u1eb7t nh\u00e1m cho m\u00e1y in 3d FLSUN Super Racer size 270*270mm","og_description":"B\u1ed9 t\u1ea5m b\u00e0n in PEI t\u1eeb t\u00ednh linh ho\u1ea1t 2 m\u1eb7t nh\u00e1m cho m\u00e1y in 3d FLSUN Super Racer size 270*270mm","og_url":"https:\/\/nge.vn\/en\/product\/bo-tam-ban-in-pei-tu-tinh-linh-hoat-2-mat-nham-cho-may-in-3d-flsun-super-racer-size-270270mm\/","og_site_name":"NGE 3D Printers Services","article_modified_time":"2024-10-29T10:13:04+00:00","og_image":[{"width":640,"height":640,"url":"https:\/\/nge.vn\/wp-content\/uploads\/2024\/10\/images-upload-woo2F16e33cae0212382f1c325d16387f430e.jpg","type":"image\/jpeg"}],"twitter_card":"summary_large_image","twitter_misc":{"Est. reading time":"2 minutes"},"schema":{"@context":"https:\/\/schema.org","@graph":[{"@type":"WebPage","@id":"https:\/\/nge.vn\/san-pham\/bo-tam-ban-in-pei-tu-tinh-linh-hoat-2-mat-nham-cho-may-in-3d-flsun-super-racer-size-270270mm\/","url":"https:\/\/nge.vn\/san-pham\/bo-tam-ban-in-pei-tu-tinh-linh-hoat-2-mat-nham-cho-may-in-3d-flsun-super-racer-size-270270mm\/","name":"B\u1ed9 t\u1ea5m b\u00e0n in PEI t\u1eeb t\u00ednh linh ho\u1ea1t 2 m\u1eb7t nh\u00e1m cho m\u00e1y in 3d FLSUN Super Racer size 270*270mm - NGE 3D Printers Services","isPartOf":{"@id":"https:\/\/nge.vn\/#website"},"primaryImageOfPage":{"@id":"https:\/\/nge.vn\/san-pham\/bo-tam-ban-in-pei-tu-tinh-linh-hoat-2-mat-nham-cho-may-in-3d-flsun-super-racer-size-270270mm\/#primaryimage"},"image":{"@id":"https:\/\/nge.vn\/san-pham\/bo-tam-ban-in-pei-tu-tinh-linh-hoat-2-mat-nham-cho-may-in-3d-flsun-super-racer-size-270270mm\/#primaryimage"},"thumbnailUrl":"https:\/\/nge.vn\/wp-content\/uploads\/2024\/10\/images-upload-woo2F16e33cae0212382f1c325d16387f430e.jpg","datePublished":"2024-10-26T02:28:46+00:00","dateModified":"2024-10-29T10:13:04+00:00","breadcrumb":{"@id":"https:\/\/nge.vn\/san-pham\/bo-tam-ban-in-pei-tu-tinh-linh-hoat-2-mat-nham-cho-may-in-3d-flsun-super-racer-size-270270mm\/#breadcrumb"},"inLanguage":"en-US","potentialAction":[{"@type":"ReadAction","target":["https:\/\/nge.vn\/san-pham\/bo-tam-ban-in-pei-tu-tinh-linh-hoat-2-mat-nham-cho-may-in-3d-flsun-super-racer-size-270270mm\/"]}]},{"@type":"ImageObject","inLanguage":"en-US","@id":"https:\/\/nge.vn\/san-pham\/bo-tam-ban-in-pei-tu-tinh-linh-hoat-2-mat-nham-cho-may-in-3d-flsun-super-racer-size-270270mm\/#primaryimage","url":"https:\/\/nge.vn\/wp-content\/uploads\/2024\/10\/images-upload-woo2F16e33cae0212382f1c325d16387f430e.jpg","contentUrl":"https:\/\/nge.vn\/wp-content\/uploads\/2024\/10\/images-upload-woo2F16e33cae0212382f1c325d16387f430e.jpg","width":640,"height":640},{"@type":"BreadcrumbList","@id":"https:\/\/nge.vn\/san-pham\/bo-tam-ban-in-pei-tu-tinh-linh-hoat-2-mat-nham-cho-may-in-3d-flsun-super-racer-size-270270mm\/#breadcrumb","itemListElement":[{"@type":"ListItem","position":1,"name":"Trang ch\u1ee7","item":"https:\/\/nge.vn\/"},{"@type":"ListItem","position":2,"name":"S\u1ea3n ph\u1ea9m","item":"https:\/\/nge.vn\/san-pham\/"},{"@type":"ListItem","position":3,"name":"B\u1ed9 t\u1ea5m b\u00e0n in PEI t\u1eeb t\u00ednh linh ho\u1ea1t 2 m\u1eb7t nh\u00e1m cho m\u00e1y in 3d FLSUN Super Racer size 270*270mm"}]},{"@type":"WebSite","@id":"https:\/\/nge.vn\/#website","url":"https:\/\/nge.vn\/","name":"NGE 3D Printers Services","description":"","potentialAction":[{"@type":"SearchAction","target":{"@type":"EntryPoint","urlTemplate":"https:\/\/nge.vn\/?s={search_term_string}"},"query-input":{"@type":"PropertyValueSpecification","valueRequired":true,"valueName":"search_term_string"}}],"inLanguage":"en-US"}]}},"_links":{"self":[{"href":"https:\/\/nge.vn\/en\/wp-json\/wp\/v2\/product\/1801","targetHints":{"allow":["GET"]}}],"collection":[{"href":"https:\/\/nge.vn\/en\/wp-json\/wp\/v2\/product"}],"about":[{"href":"https:\/\/nge.vn\/en\/wp-json\/wp\/v2\/types\/product"}],"replies":[{"embeddable":true,"href":"https:\/\/nge.vn\/en\/wp-json\/wp\/v2\/comments?post=1801"}],"wp:featuredmedia":[{"embeddable":true,"href":"https:\/\/nge.vn\/en\/wp-json\/wp\/v2\/media\/1792"}],"wp:attachment":[{"href":"https:\/\/nge.vn\/en\/wp-json\/wp\/v2\/media?parent=1801"}],"wp:term":[{"taxonomy":"product_brand","embeddable":true,"href":"https:\/\/nge.vn\/en\/wp-json\/wp\/v2\/product_brand?post=1801"},{"taxonomy":"product_cat","embeddable":true,"href":"https:\/\/nge.vn\/en\/wp-json\/wp\/v2\/product_cat?post=1801"},{"taxonomy":"product_tag","embeddable":true,"href":"https:\/\/nge.vn\/en\/wp-json\/wp\/v2\/product_tag?post=1801"}],"curies":[{"name":"wp","href":"https:\/\/api.w.org\/{rel}","templated":true}]}}