{"id":179,"date":"2024-10-16T09:35:50","date_gmt":"2024-10-16T02:35:50","guid":{"rendered":"https:\/\/nge.123websitedev.com\/san-pham\/nhua-in-3d-esun-abs-cao-cap-1kg-cuon\/"},"modified":"2024-10-28T14:03:49","modified_gmt":"2024-10-28T07:03:49","slug":"nhua-in-3d-esun-abs-cao-cap-1kg-cuon","status":"publish","type":"product","link":"https:\/\/nge.vn\/en\/product\/nhua-in-3d-esun-abs-cao-cap-1kg-cuon\/","title":{"rendered":"Nh\u1ef1a in 3d eSun ABS+ cao c\u1ea5p 1kg\/Cu\u1ed9n"},"content":{"rendered":"<p>Nh\u1ef1a in 3d ESUN ABS+ cao c\u1ea5p 1kg\/Cu\u1ed9n<br \/>\n_ESun ABS+ 3D Filament l\u00e0 m\u1ed9t s\u1ee3i ABS \u0111\u01b0\u1ee3c t\u1ed1i \u01b0u h\u00f3a \u0111\u1ec3 in v\u1edbi \u0111\u1ed9 cong v\u00eanh \u00edt h\u01a1n \u0111\u00e1ng k\u1ec3 so v\u1edbi c\u00e1c lo\u1ea1i s\u1ee3i ABS th\u00f4ng th\u01b0\u1eddng kh\u00e1c.<br \/>\n_C\u1ee9ng b\u1ec1n h\u01a1n. \u0110\u1ed9 cong v\u00eanh \u00edt h\u01a1n nhi\u1ec1u &#8211; kho\u1ea3ng 0,4% so v\u1edbi ABS th\u00f4ng th\u01b0\u1eddng tr\u00ean 0,8%. B\u1ea3n in m\u1ecbn h\u01a1n.<\/p>\n<p>_D\u1ef1a tr\u00ean s\u1ef1 bi\u1ebfn \u0111\u1ed5i c\u1ee7a v\u1eadt li\u1ec7u ABS, n\u00f3 c\u00f3 t\u00ednh ch\u1ea5t c\u01a1 h\u1ecdc cao h\u01a1n, m\u00f9i th\u1ea5p h\u01a1n v\u00e0 t\u1ef7 l\u1ec7 co ng\u00f3t th\u1ea5p h\u01a1n so v\u1edbi v\u1eadt li\u1ec7u ABS th\u00f4ng th\u01b0\u1eddng. V\u1edbi \u0111\u1ed9 d\u1ebbo dai v\u00e0 kh\u1ea3 n\u0103ng ch\u1ed1ng va \u0111\u1eadp cao, ABS+ c\u00f3 th\u1ec3 \u0111\u01b0\u1ee3c s\u1eed d\u1ee5ng \u0111\u1ec3 in c\u00e1c chi ti\u1ebft ch\u1eafc ch\u1eafn v\u00e0 b\u1ec1n; H\u00e0m l\u01b0\u1ee3ng VOC d\u1ec5 bay h\u01a1i th\u1ea5p, \u00edt m\u00f9i trong qu\u00e1 tr\u00ecnh in, in tho\u1ea3i m\u00e1i m\u00e0 kh\u00f4ng c\u1ea7n \u00e1p l\u1ef1c; \u0111\u1ed9 co ng\u00f3t th\u1ea5p, kh\u00f4ng d\u1ec5 cong v\u00eanh v\u00e0 n\u1ee9t trong qu\u00e1 tr\u00ecnh in.<\/p>\n<p>_S\u1ee3i nh\u1ef1a ABS+ m\u1edbi c\u00f3 c\u00e1c t\u00ednh n\u0103ng sau:<br \/>\n+\u0110\u01b0\u1ee3c t\u1ed1i \u01b0u h\u00f3a \u0111\u1ec3 in v\u1edbi \u00edt cong v\u00eanh h\u01a1n \u0111\u00e1ng k\u1ec3<br \/>\n+V\u1edbi t\u00ednh di \u0111\u1ed9ng tan ch\u1ea3y t\u1ed1t v\u00e0 in m\u01b0\u1ee3t m\u00e0;<br \/>\n+V\u1edbi \u0111\u1ed9 d\u1ebbo dai, \u0111\u1ed9 c\u1ee9ng v\u00e0 \u0111\u1ed9 c\u1ee9ng cao c\u00f9ng kh\u1ea3 n\u0103ng ch\u1ed1ng tr\u1ea7y x\u01b0\u1edbc t\u1ed1t;<br \/>\n+Th\u00edch h\u1ee3p h\u01a1n \u0111\u1ec3 in c\u00e1c \u0111\u1ed1i t\u01b0\u1ee3ng c\u00f3 g\u00f3c l\u1edbn;<br \/>\n+V\u1edbi kh\u1ea3 n\u0103ng ch\u1ecbu nhi\u1ec7t v\u00e0 ch\u1ed1ng d\u1ea7u t\u1ed1t;<br \/>\n+B\u1ec1 m\u1eb7t c\u00f3 th\u1ec3 d\u1ec5 d\u00e0ng \u0111\u01b0\u1ee3c nhu\u1ed9m m\u00e0u.<\/p>\n<p>ABS+ \u0111\u01b0\u1ee3c t\u1ed1i \u01b0u h\u00f3a n\u00e0y \u0111\u01b0\u1ee3c thi\u1ebft k\u1ebf \u0111\u1ec3 in v\u1edbi \u0111\u1ed9 co ng\u00f3t \u00edt h\u01a1n \u0111\u00e1ng k\u1ec3. Nh\u01b0ng kh\u00f4ng gi\u1ed1ng nh\u01b0 c\u00e1c s\u1ee3i ABS nguy\u00ean b\u1ea3n kh\u00e1c, kh\u00f4ng tan ho\u00e0n to\u00e0n trong axeton. \u0110\u1ed1i v\u1edbi c\u00e1c \u1ee9ng d\u1ee5ng aceton sau x\u1eed l\u00fd ho\u1eb7c n\u1ebfu b\u1ea1n c\u1ea7n s\u1eed d\u1ee5ng Acetone \u0111\u1ec3 l\u00e0m ph\u1eb3ng b\u1ec1 m\u1eb7t b\u1ea3n in c\u1ee7a m\u00ecnh, ch\u00fang t\u00f4i khuy\u00ean b\u1ea1n n\u00ean th\u1eed d\u00e2y t\u00f3c ABS nguy\u00ean b\u1ea3n c\u1ee7a ch\u00fang t\u00f4i.<\/p>\n<p>_S\u1ee3i nh\u1ef1a eSUN l\u00e0 lo\u1ea1i s\u1ee3i chuy\u00ean nghi\u1ec7p ch\u1ea5t l\u01b0\u1ee3ng cao v\u00e0 t\u01b0\u01a1ng th\u00edch v\u1edbi t\u1ea5t c\u1ea3 c\u00e1c m\u00e1y in FDM nh\u01b0 Makerbot, Reprap, UP, Afinia, Flash Forge v\u00e0 t\u1ea5t c\u1ea3 c\u00e1c M\u00e1y in 3D FDM.<\/p>\n<p>**M\u00f4 t\u1ea3 S\u1ea3n ph\u1ea9m :<br \/>\n+H\u00e3ng s\u1ea3n xu\u1ea5t: ESUN<br \/>\n+\u0110\u01b0\u1eddng k\u00ednh s\u1ee3i: 1.75mm<br \/>\n+Tr\u1ecdng l\u01b0\u1ee3ng: 1kg\/Cu\u1ed9n<br \/>\n+Nhi\u1ec7t \u0111\u1ed9 in t\u1ed1t nh\u1ea5t: 220~260\u2103<br \/>\n+Nhi\u1ec7t \u0111\u1ed9 b\u00e0n nhi\u1ec7t: 90-110\u2103<br \/>\n+Raft \u0111\u01b0\u1ee3c \u0111\u1ec1 xu\u1ea5t khi in<\/p>\n<p>**\u1ee8ng d\u1ee5ng: M\u00e1y m\u00f3c, Khu\u00f4n, \u0110\u1ed3 ch\u01a1i, \u00d4 t\u00f4, C\u00e1c thi\u1ebft b\u1ecb \u0111i\u1ec7n t\u1eed&#8230;<\/p>\n<p>**Ghi ch\u00fa:<br \/>\n1. T\u1ef7 l\u1ec7 co ng\u00f3t c\u1ee7a v\u1eadt li\u1ec7u ABS+ l\u1edbn n\u00ean b\u1ea1n c\u1ea7n ch\u00fa \u00fd gi\u1eef nhi\u1ec7t khi in, in trong m\u00e1y in c\u00f3 bu\u1ed3ng k\u00edn.<br \/>\n2. L\u00e0m m\u00e1t c\u1ee7a ABS+ k\u00e9m h\u01a1n m\u1ed9t ch\u00fat. B\u1ea1n c\u00f3 th\u1ec3 b\u1eadt qu\u1ea1t \u0111\u1ec3 c\u1ea3i thi\u1ec7n hi\u1ec7u \u1ee9ng in ho\u1eb7c gi\u1ea3m c\u1ea5u tr\u00fac g\u00f3c x\u1ebfp n\u1ebfp trong m\u00f4 h\u00ecnh; ho\u1eb7c c\u1ed1 g\u1eafng gi\u1ea3m t\u1ed1c \u0111\u1ed9 in.<\/p>\n<p>**\u0110\u1ec3 \u0111\u01b0\u1ee3c nh\u1eadn h\u1ed9 tr\u1ee3 th\u00eam v\u1ec1 Gi\u00e1 v\u00e0 Th\u00f4ng tin c\u1ee7a s\u1ea3n ph\u1ea9m, vui l\u00f2ng li\u00ean h\u1ec7:<br \/>\n          0913.939.775 g\u1eb7p A. Qu\u00e2n (for English)<br \/>\n          094.144.0951 contact A.Quynh<br \/>\n**Selling price does not include VAT (+10% if VAT invoice is issued)<\/p>","protected":false},"excerpt":{"rendered":"<p>Nh\u1ef1a in 3d eSun ABS+ cao c\u1ea5p 1kg\/Cu\u1ed9n<\/p>","protected":false},"featured_media":170,"comment_status":"open","ping_status":"closed","template":"","meta":{"inline_featured_image":false},"product_brand":[],"product_cat":[43],"product_tag":[],"class_list":{"0":"post-179","1":"product","2":"type-product","3":"status-publish","4":"has-post-thumbnail","6":"product_cat-nhua-in-3d-resin","8":"first","9":"instock","10":"taxable","11":"shipping-taxable","12":"purchasable","13":"product-type-variable"},"yoast_head":"<!-- This site is optimized with the Yoast SEO Premium plugin v22.8 (Yoast SEO v26.9) - https:\/\/yoast.com\/product\/yoast-seo-premium-wordpress\/ -->\n<title>Nh\u1ef1a in 3d eSun ABS+ cao c\u1ea5p 1kg\/Cu\u1ed9n - NGE 3D Printers Services<\/title>\n<meta name=\"robots\" content=\"index, follow, max-snippet:-1, max-image-preview:large, max-video-preview:-1\" \/>\n<link rel=\"canonical\" href=\"https:\/\/nge.vn\/en\/product\/nhua-in-3d-esun-abs-cao-cap-1kg-cuon\/\" \/>\n<meta property=\"og:locale\" content=\"en_US\" \/>\n<meta property=\"og:type\" content=\"article\" \/>\n<meta property=\"og:title\" content=\"Nh\u1ef1a in 3d eSun ABS+ cao c\u1ea5p 1kg\/Cu\u1ed9n\" \/>\n<meta property=\"og:description\" content=\"Nh\u1ef1a in 3d eSun ABS+ cao c\u1ea5p 1kg\/Cu\u1ed9n\" \/>\n<meta property=\"og:url\" content=\"https:\/\/nge.vn\/en\/product\/nhua-in-3d-esun-abs-cao-cap-1kg-cuon\/\" \/>\n<meta property=\"og:site_name\" content=\"NGE 3D Printers Services\" \/>\n<meta property=\"article:modified_time\" content=\"2024-10-28T07:03:49+00:00\" \/>\n<meta property=\"og:image\" content=\"https:\/\/nge.vn\/wp-content\/uploads\/2024\/10\/images-upload-woo2F138c4d2eaea34810f7ac5c9dd74e6d7e.jpg\" \/>\n\t<meta property=\"og:image:width\" content=\"1000\" \/>\n\t<meta property=\"og:image:height\" content=\"1000\" \/>\n\t<meta property=\"og:image:type\" content=\"image\/jpeg\" \/>\n<meta name=\"twitter:card\" content=\"summary_large_image\" \/>\n<meta name=\"twitter:label1\" content=\"Est. reading time\" \/>\n\t<meta name=\"twitter:data1\" content=\"4 minutes\" \/>\n<script type=\"application\/ld+json\" class=\"yoast-schema-graph\">{\"@context\":\"https:\/\/schema.org\",\"@graph\":[{\"@type\":\"WebPage\",\"@id\":\"https:\/\/nge.vn\/san-pham\/nhua-in-3d-esun-abs-cao-cap-1kg-cuon\/\",\"url\":\"https:\/\/nge.vn\/san-pham\/nhua-in-3d-esun-abs-cao-cap-1kg-cuon\/\",\"name\":\"Nh\u1ef1a in 3d eSun ABS+ cao c\u1ea5p 1kg\/Cu\u1ed9n - NGE 3D Printers Services\",\"isPartOf\":{\"@id\":\"https:\/\/nge.vn\/#website\"},\"primaryImageOfPage\":{\"@id\":\"https:\/\/nge.vn\/san-pham\/nhua-in-3d-esun-abs-cao-cap-1kg-cuon\/#primaryimage\"},\"image\":{\"@id\":\"https:\/\/nge.vn\/san-pham\/nhua-in-3d-esun-abs-cao-cap-1kg-cuon\/#primaryimage\"},\"thumbnailUrl\":\"https:\/\/nge.vn\/wp-content\/uploads\/2024\/10\/images-upload-woo2F138c4d2eaea34810f7ac5c9dd74e6d7e.jpg\",\"datePublished\":\"2024-10-16T02:35:50+00:00\",\"dateModified\":\"2024-10-28T07:03:49+00:00\",\"breadcrumb\":{\"@id\":\"https:\/\/nge.vn\/san-pham\/nhua-in-3d-esun-abs-cao-cap-1kg-cuon\/#breadcrumb\"},\"inLanguage\":\"en-US\",\"potentialAction\":[{\"@type\":\"ReadAction\",\"target\":[\"https:\/\/nge.vn\/san-pham\/nhua-in-3d-esun-abs-cao-cap-1kg-cuon\/\"]}]},{\"@type\":\"ImageObject\",\"inLanguage\":\"en-US\",\"@id\":\"https:\/\/nge.vn\/san-pham\/nhua-in-3d-esun-abs-cao-cap-1kg-cuon\/#primaryimage\",\"url\":\"https:\/\/nge.vn\/wp-content\/uploads\/2024\/10\/images-upload-woo2F138c4d2eaea34810f7ac5c9dd74e6d7e.jpg\",\"contentUrl\":\"https:\/\/nge.vn\/wp-content\/uploads\/2024\/10\/images-upload-woo2F138c4d2eaea34810f7ac5c9dd74e6d7e.jpg\",\"width\":1000,\"height\":1000},{\"@type\":\"BreadcrumbList\",\"@id\":\"https:\/\/nge.vn\/san-pham\/nhua-in-3d-esun-abs-cao-cap-1kg-cuon\/#breadcrumb\",\"itemListElement\":[{\"@type\":\"ListItem\",\"position\":1,\"name\":\"Trang ch\u1ee7\",\"item\":\"https:\/\/nge.vn\/\"},{\"@type\":\"ListItem\",\"position\":2,\"name\":\"S\u1ea3n ph\u1ea9m\",\"item\":\"https:\/\/nge.vn\/san-pham\/\"},{\"@type\":\"ListItem\",\"position\":3,\"name\":\"Nh\u1ef1a in 3d eSun ABS+ cao c\u1ea5p 1kg\/Cu\u1ed9n\"}]},{\"@type\":\"WebSite\",\"@id\":\"https:\/\/nge.vn\/#website\",\"url\":\"https:\/\/nge.vn\/\",\"name\":\"NGE 3D Printers Services\",\"description\":\"\",\"potentialAction\":[{\"@type\":\"SearchAction\",\"target\":{\"@type\":\"EntryPoint\",\"urlTemplate\":\"https:\/\/nge.vn\/?s={search_term_string}\"},\"query-input\":{\"@type\":\"PropertyValueSpecification\",\"valueRequired\":true,\"valueName\":\"search_term_string\"}}],\"inLanguage\":\"en-US\"}]}<\/script>\n<!-- \/ Yoast SEO Premium plugin. -->","yoast_head_json":{"title":"Nh\u1ef1a in 3d eSun ABS+ cao c\u1ea5p 1kg\/Cu\u1ed9n - NGE 3D Printers Services","robots":{"index":"index","follow":"follow","max-snippet":"max-snippet:-1","max-image-preview":"max-image-preview:large","max-video-preview":"max-video-preview:-1"},"canonical":"https:\/\/nge.vn\/en\/product\/nhua-in-3d-esun-abs-cao-cap-1kg-cuon\/","og_locale":"en_US","og_type":"article","og_title":"Nh\u1ef1a in 3d eSun ABS+ cao c\u1ea5p 1kg\/Cu\u1ed9n","og_description":"Nh\u1ef1a in 3d eSun ABS+ cao c\u1ea5p 1kg\/Cu\u1ed9n","og_url":"https:\/\/nge.vn\/en\/product\/nhua-in-3d-esun-abs-cao-cap-1kg-cuon\/","og_site_name":"NGE 3D Printers Services","article_modified_time":"2024-10-28T07:03:49+00:00","og_image":[{"width":1000,"height":1000,"url":"https:\/\/nge.vn\/wp-content\/uploads\/2024\/10\/images-upload-woo2F138c4d2eaea34810f7ac5c9dd74e6d7e.jpg","type":"image\/jpeg"}],"twitter_card":"summary_large_image","twitter_misc":{"Est. reading time":"4 minutes"},"schema":{"@context":"https:\/\/schema.org","@graph":[{"@type":"WebPage","@id":"https:\/\/nge.vn\/san-pham\/nhua-in-3d-esun-abs-cao-cap-1kg-cuon\/","url":"https:\/\/nge.vn\/san-pham\/nhua-in-3d-esun-abs-cao-cap-1kg-cuon\/","name":"Nh\u1ef1a in 3d eSun ABS+ cao c\u1ea5p 1kg\/Cu\u1ed9n - NGE 3D Printers Services","isPartOf":{"@id":"https:\/\/nge.vn\/#website"},"primaryImageOfPage":{"@id":"https:\/\/nge.vn\/san-pham\/nhua-in-3d-esun-abs-cao-cap-1kg-cuon\/#primaryimage"},"image":{"@id":"https:\/\/nge.vn\/san-pham\/nhua-in-3d-esun-abs-cao-cap-1kg-cuon\/#primaryimage"},"thumbnailUrl":"https:\/\/nge.vn\/wp-content\/uploads\/2024\/10\/images-upload-woo2F138c4d2eaea34810f7ac5c9dd74e6d7e.jpg","datePublished":"2024-10-16T02:35:50+00:00","dateModified":"2024-10-28T07:03:49+00:00","breadcrumb":{"@id":"https:\/\/nge.vn\/san-pham\/nhua-in-3d-esun-abs-cao-cap-1kg-cuon\/#breadcrumb"},"inLanguage":"en-US","potentialAction":[{"@type":"ReadAction","target":["https:\/\/nge.vn\/san-pham\/nhua-in-3d-esun-abs-cao-cap-1kg-cuon\/"]}]},{"@type":"ImageObject","inLanguage":"en-US","@id":"https:\/\/nge.vn\/san-pham\/nhua-in-3d-esun-abs-cao-cap-1kg-cuon\/#primaryimage","url":"https:\/\/nge.vn\/wp-content\/uploads\/2024\/10\/images-upload-woo2F138c4d2eaea34810f7ac5c9dd74e6d7e.jpg","contentUrl":"https:\/\/nge.vn\/wp-content\/uploads\/2024\/10\/images-upload-woo2F138c4d2eaea34810f7ac5c9dd74e6d7e.jpg","width":1000,"height":1000},{"@type":"BreadcrumbList","@id":"https:\/\/nge.vn\/san-pham\/nhua-in-3d-esun-abs-cao-cap-1kg-cuon\/#breadcrumb","itemListElement":[{"@type":"ListItem","position":1,"name":"Trang ch\u1ee7","item":"https:\/\/nge.vn\/"},{"@type":"ListItem","position":2,"name":"S\u1ea3n ph\u1ea9m","item":"https:\/\/nge.vn\/san-pham\/"},{"@type":"ListItem","position":3,"name":"Nh\u1ef1a in 3d eSun ABS+ cao c\u1ea5p 1kg\/Cu\u1ed9n"}]},{"@type":"WebSite","@id":"https:\/\/nge.vn\/#website","url":"https:\/\/nge.vn\/","name":"NGE 3D Printers Services","description":"","potentialAction":[{"@type":"SearchAction","target":{"@type":"EntryPoint","urlTemplate":"https:\/\/nge.vn\/?s={search_term_string}"},"query-input":{"@type":"PropertyValueSpecification","valueRequired":true,"valueName":"search_term_string"}}],"inLanguage":"en-US"}]}},"_links":{"self":[{"href":"https:\/\/nge.vn\/en\/wp-json\/wp\/v2\/product\/179","targetHints":{"allow":["GET"]}}],"collection":[{"href":"https:\/\/nge.vn\/en\/wp-json\/wp\/v2\/product"}],"about":[{"href":"https:\/\/nge.vn\/en\/wp-json\/wp\/v2\/types\/product"}],"replies":[{"embeddable":true,"href":"https:\/\/nge.vn\/en\/wp-json\/wp\/v2\/comments?post=179"}],"wp:featuredmedia":[{"embeddable":true,"href":"https:\/\/nge.vn\/en\/wp-json\/wp\/v2\/media\/170"}],"wp:attachment":[{"href":"https:\/\/nge.vn\/en\/wp-json\/wp\/v2\/media?parent=179"}],"wp:term":[{"taxonomy":"product_brand","embeddable":true,"href":"https:\/\/nge.vn\/en\/wp-json\/wp\/v2\/product_brand?post=179"},{"taxonomy":"product_cat","embeddable":true,"href":"https:\/\/nge.vn\/en\/wp-json\/wp\/v2\/product_cat?post=179"},{"taxonomy":"product_tag","embeddable":true,"href":"https:\/\/nge.vn\/en\/wp-json\/wp\/v2\/product_tag?post=179"}],"curies":[{"name":"wp","href":"https:\/\/api.w.org\/{rel}","templated":true}]}}