{"id":1775,"date":"2024-10-26T09:25:00","date_gmt":"2024-10-26T02:25:00","guid":{"rendered":"https:\/\/nge.123websitedev.com\/san-pham\/mieng-bao-silicon-giu-nhiet-extruder-nozzle-protective-silicone-cover-cho-may-in-3d-ender-3-s1-pro-ender-3-v2\/"},"modified":"2024-10-29T17:12:43","modified_gmt":"2024-10-29T10:12:43","slug":"mieng-bao-silicon-giu-nhiet-extruder-nozzle-protective-silicone-cover-cho-may-in-3d-ender-3-s1-pro-ender-3-v2","status":"publish","type":"product","link":"https:\/\/nge.vn\/en\/product\/mieng-bao-silicon-giu-nhiet-extruder-nozzle-protective-silicone-cover-cho-may-in-3d-ender-3-s1-pro-ender-3-v2\/","title":{"rendered":"Mi\u1ebfng bao silicon gi\u1eef nhi\u1ec7t Extruder Nozzle Protective Silicone Cover cho m\u00e1y in 3d  Ender 3 S1 Pro\/ Ender 3 V2&#8230;"},"content":{"rendered":"<p>Mi\u1ebfng bao gi\u1eef nhi\u1ec7t Extruder Nozzle Protective Silicone Cover cho m\u00e1y in 3d  Ender 3 S1 Pro\/ Ender 3 V2&#8230;<br \/>\n_Hi\u1ec7u qu\u1ea3 gi\u1eef cho c\u00e1c kh\u1ed1i gia nhi\u1ec7t v\u00e0 v\u00f2i phun s\u1ea1ch s\u1ebd<br \/>\n_Silicone ch\u1ecbu nhi\u1ec7t kh\u00f4ng \u1ea3nh h\u01b0\u1edfng \u0111\u1ebfn b\u1ea5t k\u1ef3 th\u00e0nh ph\u1ea7n n\u00e0o kh\u00e1c c\u1ee7a v\u1eadt li\u1ec7u in<br \/>\n_\u1ed0ng c\u00e1ch nhi\u1ec7t c\u00f3 \u0111\u1eb7c t\u00ednh c\u00e1ch nhi\u1ec7t t\u1ed1t, c\u00f3 th\u1ec3 gi\u1eef \u1ed5n \u0111\u1ecbnh nhi\u1ec7t \u0111\u1ed9 c\u1ee7a kh\u1ed1i gia nhi\u1ec7t m\u1ed9t c\u00e1ch hi\u1ec7u qu\u1ea3, \u0111\u1eb7c bi\u1ec7t n\u1ebfu \u0111\u1ea7u in \u0111\u01b0\u1ee3c l\u00e0m m\u00e1t b\u1eb1ng qu\u1ea1t l\u00e0m m\u00e1t m\u00f4 h\u00ecnh, n\u00f3 c\u00f3 th\u1ec3 gi\u1eef cho nhi\u1ec7t \u0111\u1ed9 c\u1ee7a kh\u1ed1i gia nhi\u1ec7t kh\u00f4ng b\u1ecb \u1ea3nh h\u01b0\u1edfng b\u1edfi gi\u00f3 th\u1ed5i xung quanh m\u1ed9t c\u00e1ch hi\u1ec7u qu\u1ea3 v\u00e0 c\u1ea3i thi\u1ec7n ch\u1ea5t l\u01b0\u1ee3ng in.<br \/>\n_Ch\u1ecbu nhi\u1ec7t \u0111\u1ed9 t\u1ed1t h\u01a1n, tu\u1ed5i th\u1ecd cao h\u01a1n, h\u1ed7 tr\u1ee3 s\u1eed d\u1ee5ng PLA, TPU, HIPS, PETG v\u00e0 c\u00e1c v\u1eadt li\u1ec7u kh\u00e1c<\/p>\n<p>**Specifications:<br \/>\n+Product Name: Heater Block Insulation Cover<br \/>\n+Ch\u1ea5t li\u1ec7u: Silicon<br \/>\n+K\u00edch th\u01b0\u1edbc: 19*23*13mm<br \/>\n+Tr\u1ecdng l\u01b0\u1ee3ng: 3g<br \/>\n+Kh\u1ea3 n\u0103ng ch\u1ecbu nhi\u1ec7t cao: l\u00ean t\u1edbi 300\u2103<br \/>\n**S\u1eed d\u1ee5ng cho m\u00e1y:  Ender-3 S1 Plus\/ Ender-3S1\/ Ender-3S1 Pro\/ CR-10 Smart Pro\/ Sermoon V1\/ Sermoon V1 Pro&#8230;<\/p>\n<p>***G\u00f3i h\u00e0ng bao g\u1ed3m: 1 x V\u1ecf silicon<\/p>\n<p>**To receive a better price, please contact the shop directly.<br \/>\n     0913.939.775 contact A.Quan (for English)<br \/>\n     094.144.0951 contact A.Quynh<br \/>\n**Selling price does not include VAT (+10% if VAT invoice is issued)<\/p>","protected":false},"excerpt":{"rendered":"<p>Mi\u1ebfng bao silicon gi\u1eef nhi\u1ec7t Extruder Nozzle Protective Silicone Cover cho m\u00e1y in 3d  Ender 3 S1 Pro\/ Ender 3 V2&#8230;<\/p>","protected":false},"featured_media":1766,"comment_status":"open","ping_status":"closed","template":"","meta":{"inline_featured_image":false},"product_brand":[],"product_cat":[40],"product_tag":[],"class_list":{"0":"post-1775","1":"product","2":"type-product","3":"status-publish","4":"has-post-thumbnail","6":"product_cat-linh-kien-va-phu-kien","8":"first","9":"instock","10":"taxable","11":"shipping-taxable","12":"purchasable","13":"product-type-simple"},"yoast_head":"<!-- This site is optimized with the Yoast SEO Premium plugin v22.8 (Yoast SEO v26.9) - https:\/\/yoast.com\/product\/yoast-seo-premium-wordpress\/ -->\n<title>Mi\u1ebfng bao silicon gi\u1eef nhi\u1ec7t Extruder Nozzle Protective Silicone Cover cho m\u00e1y in 3d Ender 3 S1 Pro\/ Ender 3 V2... - NGE 3D Printers Services<\/title>\n<meta name=\"robots\" content=\"index, follow, max-snippet:-1, max-image-preview:large, max-video-preview:-1\" \/>\n<link rel=\"canonical\" href=\"https:\/\/nge.vn\/en\/product\/mieng-bao-silicon-giu-nhiet-extruder-nozzle-protective-silicone-cover-cho-may-in-3d-ender-3-s1-pro-ender-3-v2\/\" \/>\n<meta property=\"og:locale\" content=\"en_US\" \/>\n<meta property=\"og:type\" content=\"article\" \/>\n<meta property=\"og:title\" content=\"Mi\u1ebfng bao silicon gi\u1eef nhi\u1ec7t Extruder Nozzle Protective Silicone Cover cho m\u00e1y in 3d Ender 3 S1 Pro\/ Ender 3 V2...\" \/>\n<meta property=\"og:description\" content=\"Mi\u1ebfng bao silicon gi\u1eef nhi\u1ec7t Extruder Nozzle Protective Silicone Cover cho m\u00e1y in 3d Ender 3 S1 Pro\/ Ender 3 V2...\" \/>\n<meta property=\"og:url\" content=\"https:\/\/nge.vn\/en\/product\/mieng-bao-silicon-giu-nhiet-extruder-nozzle-protective-silicone-cover-cho-may-in-3d-ender-3-s1-pro-ender-3-v2\/\" \/>\n<meta property=\"og:site_name\" content=\"NGE 3D Printers Services\" \/>\n<meta property=\"article:modified_time\" content=\"2024-10-29T10:12:43+00:00\" \/>\n<meta property=\"og:image\" content=\"https:\/\/nge.vn\/wp-content\/uploads\/2024\/10\/images-upload-woo2F28f0ae3dabc321a57ce45755acb1fc9d.jpg\" \/>\n\t<meta property=\"og:image:width\" content=\"718\" \/>\n\t<meta property=\"og:image:height\" content=\"718\" \/>\n\t<meta property=\"og:image:type\" content=\"image\/jpeg\" \/>\n<meta name=\"twitter:card\" content=\"summary_large_image\" \/>\n<meta name=\"twitter:label1\" content=\"Est. reading time\" \/>\n\t<meta name=\"twitter:data1\" content=\"2 minutes\" \/>\n<script type=\"application\/ld+json\" class=\"yoast-schema-graph\">{\"@context\":\"https:\/\/schema.org\",\"@graph\":[{\"@type\":\"WebPage\",\"@id\":\"https:\/\/nge.vn\/san-pham\/mieng-bao-silicon-giu-nhiet-extruder-nozzle-protective-silicone-cover-cho-may-in-3d-ender-3-s1-pro-ender-3-v2\/\",\"url\":\"https:\/\/nge.vn\/san-pham\/mieng-bao-silicon-giu-nhiet-extruder-nozzle-protective-silicone-cover-cho-may-in-3d-ender-3-s1-pro-ender-3-v2\/\",\"name\":\"Mi\u1ebfng bao silicon gi\u1eef nhi\u1ec7t Extruder Nozzle Protective Silicone Cover cho m\u00e1y in 3d Ender 3 S1 Pro\/ Ender 3 V2... - NGE 3D Printers Services\",\"isPartOf\":{\"@id\":\"https:\/\/nge.vn\/#website\"},\"primaryImageOfPage\":{\"@id\":\"https:\/\/nge.vn\/san-pham\/mieng-bao-silicon-giu-nhiet-extruder-nozzle-protective-silicone-cover-cho-may-in-3d-ender-3-s1-pro-ender-3-v2\/#primaryimage\"},\"image\":{\"@id\":\"https:\/\/nge.vn\/san-pham\/mieng-bao-silicon-giu-nhiet-extruder-nozzle-protective-silicone-cover-cho-may-in-3d-ender-3-s1-pro-ender-3-v2\/#primaryimage\"},\"thumbnailUrl\":\"https:\/\/nge.vn\/wp-content\/uploads\/2024\/10\/images-upload-woo2F28f0ae3dabc321a57ce45755acb1fc9d.jpg\",\"datePublished\":\"2024-10-26T02:25:00+00:00\",\"dateModified\":\"2024-10-29T10:12:43+00:00\",\"breadcrumb\":{\"@id\":\"https:\/\/nge.vn\/san-pham\/mieng-bao-silicon-giu-nhiet-extruder-nozzle-protective-silicone-cover-cho-may-in-3d-ender-3-s1-pro-ender-3-v2\/#breadcrumb\"},\"inLanguage\":\"en-US\",\"potentialAction\":[{\"@type\":\"ReadAction\",\"target\":[\"https:\/\/nge.vn\/san-pham\/mieng-bao-silicon-giu-nhiet-extruder-nozzle-protective-silicone-cover-cho-may-in-3d-ender-3-s1-pro-ender-3-v2\/\"]}]},{\"@type\":\"ImageObject\",\"inLanguage\":\"en-US\",\"@id\":\"https:\/\/nge.vn\/san-pham\/mieng-bao-silicon-giu-nhiet-extruder-nozzle-protective-silicone-cover-cho-may-in-3d-ender-3-s1-pro-ender-3-v2\/#primaryimage\",\"url\":\"https:\/\/nge.vn\/wp-content\/uploads\/2024\/10\/images-upload-woo2F28f0ae3dabc321a57ce45755acb1fc9d.jpg\",\"contentUrl\":\"https:\/\/nge.vn\/wp-content\/uploads\/2024\/10\/images-upload-woo2F28f0ae3dabc321a57ce45755acb1fc9d.jpg\",\"width\":718,\"height\":718},{\"@type\":\"BreadcrumbList\",\"@id\":\"https:\/\/nge.vn\/san-pham\/mieng-bao-silicon-giu-nhiet-extruder-nozzle-protective-silicone-cover-cho-may-in-3d-ender-3-s1-pro-ender-3-v2\/#breadcrumb\",\"itemListElement\":[{\"@type\":\"ListItem\",\"position\":1,\"name\":\"Trang ch\u1ee7\",\"item\":\"https:\/\/nge.vn\/\"},{\"@type\":\"ListItem\",\"position\":2,\"name\":\"S\u1ea3n ph\u1ea9m\",\"item\":\"https:\/\/nge.vn\/san-pham\/\"},{\"@type\":\"ListItem\",\"position\":3,\"name\":\"Mi\u1ebfng bao silicon gi\u1eef nhi\u1ec7t Extruder Nozzle Protective Silicone Cover cho m\u00e1y in 3d Ender 3 S1 Pro\/ Ender 3 V2&#8230;\"}]},{\"@type\":\"WebSite\",\"@id\":\"https:\/\/nge.vn\/#website\",\"url\":\"https:\/\/nge.vn\/\",\"name\":\"NGE 3D Printers Services\",\"description\":\"\",\"potentialAction\":[{\"@type\":\"SearchAction\",\"target\":{\"@type\":\"EntryPoint\",\"urlTemplate\":\"https:\/\/nge.vn\/?s={search_term_string}\"},\"query-input\":{\"@type\":\"PropertyValueSpecification\",\"valueRequired\":true,\"valueName\":\"search_term_string\"}}],\"inLanguage\":\"en-US\"}]}<\/script>\n<!-- \/ Yoast SEO Premium plugin. -->","yoast_head_json":{"title":"Mi\u1ebfng bao silicon gi\u1eef nhi\u1ec7t Extruder Nozzle Protective Silicone Cover cho m\u00e1y in 3d Ender 3 S1 Pro\/ Ender 3 V2... - NGE 3D Printers Services","robots":{"index":"index","follow":"follow","max-snippet":"max-snippet:-1","max-image-preview":"max-image-preview:large","max-video-preview":"max-video-preview:-1"},"canonical":"https:\/\/nge.vn\/en\/product\/mieng-bao-silicon-giu-nhiet-extruder-nozzle-protective-silicone-cover-cho-may-in-3d-ender-3-s1-pro-ender-3-v2\/","og_locale":"en_US","og_type":"article","og_title":"Mi\u1ebfng bao silicon gi\u1eef nhi\u1ec7t Extruder Nozzle Protective Silicone Cover cho m\u00e1y in 3d Ender 3 S1 Pro\/ Ender 3 V2...","og_description":"Mi\u1ebfng bao silicon gi\u1eef nhi\u1ec7t Extruder Nozzle Protective Silicone Cover cho m\u00e1y in 3d Ender 3 S1 Pro\/ Ender 3 V2...","og_url":"https:\/\/nge.vn\/en\/product\/mieng-bao-silicon-giu-nhiet-extruder-nozzle-protective-silicone-cover-cho-may-in-3d-ender-3-s1-pro-ender-3-v2\/","og_site_name":"NGE 3D Printers Services","article_modified_time":"2024-10-29T10:12:43+00:00","og_image":[{"width":718,"height":718,"url":"https:\/\/nge.vn\/wp-content\/uploads\/2024\/10\/images-upload-woo2F28f0ae3dabc321a57ce45755acb1fc9d.jpg","type":"image\/jpeg"}],"twitter_card":"summary_large_image","twitter_misc":{"Est. reading time":"2 minutes"},"schema":{"@context":"https:\/\/schema.org","@graph":[{"@type":"WebPage","@id":"https:\/\/nge.vn\/san-pham\/mieng-bao-silicon-giu-nhiet-extruder-nozzle-protective-silicone-cover-cho-may-in-3d-ender-3-s1-pro-ender-3-v2\/","url":"https:\/\/nge.vn\/san-pham\/mieng-bao-silicon-giu-nhiet-extruder-nozzle-protective-silicone-cover-cho-may-in-3d-ender-3-s1-pro-ender-3-v2\/","name":"Mi\u1ebfng bao silicon gi\u1eef nhi\u1ec7t Extruder Nozzle Protective Silicone Cover cho m\u00e1y in 3d Ender 3 S1 Pro\/ Ender 3 V2... - NGE 3D Printers Services","isPartOf":{"@id":"https:\/\/nge.vn\/#website"},"primaryImageOfPage":{"@id":"https:\/\/nge.vn\/san-pham\/mieng-bao-silicon-giu-nhiet-extruder-nozzle-protective-silicone-cover-cho-may-in-3d-ender-3-s1-pro-ender-3-v2\/#primaryimage"},"image":{"@id":"https:\/\/nge.vn\/san-pham\/mieng-bao-silicon-giu-nhiet-extruder-nozzle-protective-silicone-cover-cho-may-in-3d-ender-3-s1-pro-ender-3-v2\/#primaryimage"},"thumbnailUrl":"https:\/\/nge.vn\/wp-content\/uploads\/2024\/10\/images-upload-woo2F28f0ae3dabc321a57ce45755acb1fc9d.jpg","datePublished":"2024-10-26T02:25:00+00:00","dateModified":"2024-10-29T10:12:43+00:00","breadcrumb":{"@id":"https:\/\/nge.vn\/san-pham\/mieng-bao-silicon-giu-nhiet-extruder-nozzle-protective-silicone-cover-cho-may-in-3d-ender-3-s1-pro-ender-3-v2\/#breadcrumb"},"inLanguage":"en-US","potentialAction":[{"@type":"ReadAction","target":["https:\/\/nge.vn\/san-pham\/mieng-bao-silicon-giu-nhiet-extruder-nozzle-protective-silicone-cover-cho-may-in-3d-ender-3-s1-pro-ender-3-v2\/"]}]},{"@type":"ImageObject","inLanguage":"en-US","@id":"https:\/\/nge.vn\/san-pham\/mieng-bao-silicon-giu-nhiet-extruder-nozzle-protective-silicone-cover-cho-may-in-3d-ender-3-s1-pro-ender-3-v2\/#primaryimage","url":"https:\/\/nge.vn\/wp-content\/uploads\/2024\/10\/images-upload-woo2F28f0ae3dabc321a57ce45755acb1fc9d.jpg","contentUrl":"https:\/\/nge.vn\/wp-content\/uploads\/2024\/10\/images-upload-woo2F28f0ae3dabc321a57ce45755acb1fc9d.jpg","width":718,"height":718},{"@type":"BreadcrumbList","@id":"https:\/\/nge.vn\/san-pham\/mieng-bao-silicon-giu-nhiet-extruder-nozzle-protective-silicone-cover-cho-may-in-3d-ender-3-s1-pro-ender-3-v2\/#breadcrumb","itemListElement":[{"@type":"ListItem","position":1,"name":"Trang ch\u1ee7","item":"https:\/\/nge.vn\/"},{"@type":"ListItem","position":2,"name":"S\u1ea3n ph\u1ea9m","item":"https:\/\/nge.vn\/san-pham\/"},{"@type":"ListItem","position":3,"name":"Mi\u1ebfng bao silicon gi\u1eef nhi\u1ec7t Extruder Nozzle Protective Silicone Cover cho m\u00e1y in 3d Ender 3 S1 Pro\/ Ender 3 V2&#8230;"}]},{"@type":"WebSite","@id":"https:\/\/nge.vn\/#website","url":"https:\/\/nge.vn\/","name":"NGE 3D Printers Services","description":"","potentialAction":[{"@type":"SearchAction","target":{"@type":"EntryPoint","urlTemplate":"https:\/\/nge.vn\/?s={search_term_string}"},"query-input":{"@type":"PropertyValueSpecification","valueRequired":true,"valueName":"search_term_string"}}],"inLanguage":"en-US"}]}},"_links":{"self":[{"href":"https:\/\/nge.vn\/en\/wp-json\/wp\/v2\/product\/1775","targetHints":{"allow":["GET"]}}],"collection":[{"href":"https:\/\/nge.vn\/en\/wp-json\/wp\/v2\/product"}],"about":[{"href":"https:\/\/nge.vn\/en\/wp-json\/wp\/v2\/types\/product"}],"replies":[{"embeddable":true,"href":"https:\/\/nge.vn\/en\/wp-json\/wp\/v2\/comments?post=1775"}],"wp:featuredmedia":[{"embeddable":true,"href":"https:\/\/nge.vn\/en\/wp-json\/wp\/v2\/media\/1766"}],"wp:attachment":[{"href":"https:\/\/nge.vn\/en\/wp-json\/wp\/v2\/media?parent=1775"}],"wp:term":[{"taxonomy":"product_brand","embeddable":true,"href":"https:\/\/nge.vn\/en\/wp-json\/wp\/v2\/product_brand?post=1775"},{"taxonomy":"product_cat","embeddable":true,"href":"https:\/\/nge.vn\/en\/wp-json\/wp\/v2\/product_cat?post=1775"},{"taxonomy":"product_tag","embeddable":true,"href":"https:\/\/nge.vn\/en\/wp-json\/wp\/v2\/product_tag?post=1775"}],"curies":[{"name":"wp","href":"https:\/\/api.w.org\/{rel}","templated":true}]}}