{"id":1765,"date":"2024-10-26T09:23:25","date_gmt":"2024-10-26T02:23:25","guid":{"rendered":"https:\/\/nge.123websitedev.com\/san-pham\/rong-roc-h-wheel-cho-may-in-3d-flsun-super-racer-v400\/"},"modified":"2024-10-29T17:12:23","modified_gmt":"2024-10-29T10:12:23","slug":"rong-roc-h-wheel-cho-may-in-3d-flsun-super-racer-v400","status":"publish","type":"product","link":"https:\/\/nge.vn\/en\/product\/rong-roc-h-wheel-cho-may-in-3d-flsun-super-racer-v400\/","title":{"rendered":"R\u00f2ng r\u1ecdc H-Wheel cho m\u00e1y in 3d Flsun Super Racer &amp; V400"},"content":{"rendered":"<p>R\u00f2ng r\u1ecdc GT2 Idler Timing Pulley 20 Tooth Wheel Bore 6mm Aluminium Gear Teeth Width 10mm<br \/>\n_Chi\u1ec1u r\u1ed9ng 20 r\u0103ng b\u1ea3ng 10 mm \u0111\u01b0\u1eddng k\u00ednh l\u1ed7 6 mm kh\u00f4ng c\u00f3 r\u0103ng<\/p>\n<p>+T\u00ean s\u1ea3n ph\u1ea9m\uff1aH Wheel<br \/>\n+V\u1eadt li\u1ec7u: h\u1ee3p kim nh\u00f4m<br \/>\n+Lo\u1ea1i s\u1ea3n ph\u1ea9m: R\u00f2ng r\u1ecdc<br \/>\n+S\u1ed1 r\u0103ng: 20T<br \/>\n+\u0110\u01b0\u1eddng k\u00ednh l\u1ed7: 6mm<br \/>\n+Chi\u1ec1u r\u1ed9ng \u0111ai: 10mm<br \/>\n+Tr\u1ecdng l\u01b0\u1ee3ng: 4g<\/p>\n<p>**\u0110\u01b0\u1ee3c s\u1eed d\u1ee5ng c\u0103ng d\u00e2y belt c\u1ee7a c\u00e1c tr\u1ee5c cho c\u00e1c m\u00e1y in 3d FLSUN Super Racer v\u00e0 V400&#8230;v\u00e0 c\u00e1c lo\u1ea1i m\u00e1y in 3d FDM c\u00e1c h\u00e3ng v\u00e0 DIY&#8230;<\/p>\n<p>H Wheel pulley * 1pcs<\/p>\n<p>**To receive a better price, please contact the shop directly.<br \/>\n     0913.939.775 contact A.Quan (for English)<br \/>\n     094.144.0951 contact A.Quynh<br \/>\n**Selling price does not include VAT (+10% if VAT invoice is issued)<\/p>","protected":false},"excerpt":{"rendered":"<p>R\u00f2ng r\u1ecdc H-Wheel cho m\u00e1y in 3d Flsun Super Racer &amp; V400<\/p>","protected":false},"featured_media":1756,"comment_status":"open","ping_status":"closed","template":"","meta":{"inline_featured_image":false},"product_brand":[],"product_cat":[57,40],"product_tag":[],"class_list":{"0":"post-1765","1":"product","2":"type-product","3":"status-publish","4":"has-post-thumbnail","6":"product_cat-linh-kien-may-in-3d-flsun","7":"product_cat-linh-kien-va-phu-kien","9":"first","10":"instock","11":"taxable","12":"shipping-taxable","13":"purchasable","14":"product-type-simple"},"yoast_head":"<!-- This site is optimized with the Yoast SEO Premium plugin v22.8 (Yoast SEO v26.9) - https:\/\/yoast.com\/product\/yoast-seo-premium-wordpress\/ -->\n<title>R\u00f2ng r\u1ecdc H-Wheel cho m\u00e1y in 3d Flsun Super Racer &amp; V400 - NGE 3D Printers Services<\/title>\n<meta name=\"robots\" content=\"index, follow, max-snippet:-1, max-image-preview:large, max-video-preview:-1\" \/>\n<link rel=\"canonical\" href=\"https:\/\/nge.vn\/en\/product\/rong-roc-h-wheel-cho-may-in-3d-flsun-super-racer-v400\/\" \/>\n<meta property=\"og:locale\" content=\"en_US\" \/>\n<meta property=\"og:type\" content=\"article\" \/>\n<meta property=\"og:title\" content=\"R\u00f2ng r\u1ecdc H-Wheel cho m\u00e1y in 3d Flsun Super Racer &amp; V400\" \/>\n<meta property=\"og:description\" content=\"R\u00f2ng r\u1ecdc H-Wheel cho m\u00e1y in 3d Flsun Super Racer &amp; V400\" \/>\n<meta property=\"og:url\" content=\"https:\/\/nge.vn\/en\/product\/rong-roc-h-wheel-cho-may-in-3d-flsun-super-racer-v400\/\" \/>\n<meta property=\"og:site_name\" content=\"NGE 3D Printers Services\" \/>\n<meta property=\"article:modified_time\" content=\"2024-10-29T10:12:23+00:00\" \/>\n<meta property=\"og:image\" content=\"https:\/\/nge.vn\/wp-content\/uploads\/2024\/10\/images-upload-woo2Fa7d67f80c18b71636c7170dca1a0dfe8.jpg\" \/>\n\t<meta property=\"og:image:width\" content=\"750\" \/>\n\t<meta property=\"og:image:height\" content=\"750\" \/>\n\t<meta property=\"og:image:type\" content=\"image\/jpeg\" \/>\n<meta name=\"twitter:card\" content=\"summary_large_image\" \/>\n<meta name=\"twitter:label1\" content=\"Est. reading time\" \/>\n\t<meta name=\"twitter:data1\" content=\"1 minute\" \/>\n<script type=\"application\/ld+json\" class=\"yoast-schema-graph\">{\"@context\":\"https:\/\/schema.org\",\"@graph\":[{\"@type\":\"WebPage\",\"@id\":\"https:\/\/nge.vn\/san-pham\/rong-roc-h-wheel-cho-may-in-3d-flsun-super-racer-v400\/\",\"url\":\"https:\/\/nge.vn\/san-pham\/rong-roc-h-wheel-cho-may-in-3d-flsun-super-racer-v400\/\",\"name\":\"R\u00f2ng r\u1ecdc H-Wheel cho m\u00e1y in 3d Flsun Super Racer &amp; V400 - NGE 3D Printers Services\",\"isPartOf\":{\"@id\":\"https:\/\/nge.vn\/#website\"},\"primaryImageOfPage\":{\"@id\":\"https:\/\/nge.vn\/san-pham\/rong-roc-h-wheel-cho-may-in-3d-flsun-super-racer-v400\/#primaryimage\"},\"image\":{\"@id\":\"https:\/\/nge.vn\/san-pham\/rong-roc-h-wheel-cho-may-in-3d-flsun-super-racer-v400\/#primaryimage\"},\"thumbnailUrl\":\"https:\/\/nge.vn\/wp-content\/uploads\/2024\/10\/images-upload-woo2Fa7d67f80c18b71636c7170dca1a0dfe8.jpg\",\"datePublished\":\"2024-10-26T02:23:25+00:00\",\"dateModified\":\"2024-10-29T10:12:23+00:00\",\"breadcrumb\":{\"@id\":\"https:\/\/nge.vn\/san-pham\/rong-roc-h-wheel-cho-may-in-3d-flsun-super-racer-v400\/#breadcrumb\"},\"inLanguage\":\"en-US\",\"potentialAction\":[{\"@type\":\"ReadAction\",\"target\":[\"https:\/\/nge.vn\/san-pham\/rong-roc-h-wheel-cho-may-in-3d-flsun-super-racer-v400\/\"]}]},{\"@type\":\"ImageObject\",\"inLanguage\":\"en-US\",\"@id\":\"https:\/\/nge.vn\/san-pham\/rong-roc-h-wheel-cho-may-in-3d-flsun-super-racer-v400\/#primaryimage\",\"url\":\"https:\/\/nge.vn\/wp-content\/uploads\/2024\/10\/images-upload-woo2Fa7d67f80c18b71636c7170dca1a0dfe8.jpg\",\"contentUrl\":\"https:\/\/nge.vn\/wp-content\/uploads\/2024\/10\/images-upload-woo2Fa7d67f80c18b71636c7170dca1a0dfe8.jpg\",\"width\":750,\"height\":750},{\"@type\":\"BreadcrumbList\",\"@id\":\"https:\/\/nge.vn\/san-pham\/rong-roc-h-wheel-cho-may-in-3d-flsun-super-racer-v400\/#breadcrumb\",\"itemListElement\":[{\"@type\":\"ListItem\",\"position\":1,\"name\":\"Trang ch\u1ee7\",\"item\":\"https:\/\/nge.vn\/\"},{\"@type\":\"ListItem\",\"position\":2,\"name\":\"S\u1ea3n ph\u1ea9m\",\"item\":\"https:\/\/nge.vn\/san-pham\/\"},{\"@type\":\"ListItem\",\"position\":3,\"name\":\"R\u00f2ng r\u1ecdc H-Wheel cho m\u00e1y in 3d Flsun Super Racer &amp; V400\"}]},{\"@type\":\"WebSite\",\"@id\":\"https:\/\/nge.vn\/#website\",\"url\":\"https:\/\/nge.vn\/\",\"name\":\"NGE 3D Printers Services\",\"description\":\"\",\"potentialAction\":[{\"@type\":\"SearchAction\",\"target\":{\"@type\":\"EntryPoint\",\"urlTemplate\":\"https:\/\/nge.vn\/?s={search_term_string}\"},\"query-input\":{\"@type\":\"PropertyValueSpecification\",\"valueRequired\":true,\"valueName\":\"search_term_string\"}}],\"inLanguage\":\"en-US\"}]}<\/script>\n<!-- \/ Yoast SEO Premium plugin. -->","yoast_head_json":{"title":"R\u00f2ng r\u1ecdc H-Wheel cho m\u00e1y in 3d Flsun Super Racer &amp; V400 - NGE 3D Printers Services","robots":{"index":"index","follow":"follow","max-snippet":"max-snippet:-1","max-image-preview":"max-image-preview:large","max-video-preview":"max-video-preview:-1"},"canonical":"https:\/\/nge.vn\/en\/product\/rong-roc-h-wheel-cho-may-in-3d-flsun-super-racer-v400\/","og_locale":"en_US","og_type":"article","og_title":"R\u00f2ng r\u1ecdc H-Wheel cho m\u00e1y in 3d Flsun Super Racer &amp; V400","og_description":"R\u00f2ng r\u1ecdc H-Wheel cho m\u00e1y in 3d Flsun Super Racer &amp; V400","og_url":"https:\/\/nge.vn\/en\/product\/rong-roc-h-wheel-cho-may-in-3d-flsun-super-racer-v400\/","og_site_name":"NGE 3D Printers Services","article_modified_time":"2024-10-29T10:12:23+00:00","og_image":[{"width":750,"height":750,"url":"https:\/\/nge.vn\/wp-content\/uploads\/2024\/10\/images-upload-woo2Fa7d67f80c18b71636c7170dca1a0dfe8.jpg","type":"image\/jpeg"}],"twitter_card":"summary_large_image","twitter_misc":{"Est. reading time":"1 minute"},"schema":{"@context":"https:\/\/schema.org","@graph":[{"@type":"WebPage","@id":"https:\/\/nge.vn\/san-pham\/rong-roc-h-wheel-cho-may-in-3d-flsun-super-racer-v400\/","url":"https:\/\/nge.vn\/san-pham\/rong-roc-h-wheel-cho-may-in-3d-flsun-super-racer-v400\/","name":"R\u00f2ng r\u1ecdc H-Wheel cho m\u00e1y in 3d Flsun Super Racer &amp; V400 - NGE 3D Printers Services","isPartOf":{"@id":"https:\/\/nge.vn\/#website"},"primaryImageOfPage":{"@id":"https:\/\/nge.vn\/san-pham\/rong-roc-h-wheel-cho-may-in-3d-flsun-super-racer-v400\/#primaryimage"},"image":{"@id":"https:\/\/nge.vn\/san-pham\/rong-roc-h-wheel-cho-may-in-3d-flsun-super-racer-v400\/#primaryimage"},"thumbnailUrl":"https:\/\/nge.vn\/wp-content\/uploads\/2024\/10\/images-upload-woo2Fa7d67f80c18b71636c7170dca1a0dfe8.jpg","datePublished":"2024-10-26T02:23:25+00:00","dateModified":"2024-10-29T10:12:23+00:00","breadcrumb":{"@id":"https:\/\/nge.vn\/san-pham\/rong-roc-h-wheel-cho-may-in-3d-flsun-super-racer-v400\/#breadcrumb"},"inLanguage":"en-US","potentialAction":[{"@type":"ReadAction","target":["https:\/\/nge.vn\/san-pham\/rong-roc-h-wheel-cho-may-in-3d-flsun-super-racer-v400\/"]}]},{"@type":"ImageObject","inLanguage":"en-US","@id":"https:\/\/nge.vn\/san-pham\/rong-roc-h-wheel-cho-may-in-3d-flsun-super-racer-v400\/#primaryimage","url":"https:\/\/nge.vn\/wp-content\/uploads\/2024\/10\/images-upload-woo2Fa7d67f80c18b71636c7170dca1a0dfe8.jpg","contentUrl":"https:\/\/nge.vn\/wp-content\/uploads\/2024\/10\/images-upload-woo2Fa7d67f80c18b71636c7170dca1a0dfe8.jpg","width":750,"height":750},{"@type":"BreadcrumbList","@id":"https:\/\/nge.vn\/san-pham\/rong-roc-h-wheel-cho-may-in-3d-flsun-super-racer-v400\/#breadcrumb","itemListElement":[{"@type":"ListItem","position":1,"name":"Trang ch\u1ee7","item":"https:\/\/nge.vn\/"},{"@type":"ListItem","position":2,"name":"S\u1ea3n ph\u1ea9m","item":"https:\/\/nge.vn\/san-pham\/"},{"@type":"ListItem","position":3,"name":"R\u00f2ng r\u1ecdc H-Wheel cho m\u00e1y in 3d Flsun Super Racer &amp; V400"}]},{"@type":"WebSite","@id":"https:\/\/nge.vn\/#website","url":"https:\/\/nge.vn\/","name":"NGE 3D Printers Services","description":"","potentialAction":[{"@type":"SearchAction","target":{"@type":"EntryPoint","urlTemplate":"https:\/\/nge.vn\/?s={search_term_string}"},"query-input":{"@type":"PropertyValueSpecification","valueRequired":true,"valueName":"search_term_string"}}],"inLanguage":"en-US"}]}},"_links":{"self":[{"href":"https:\/\/nge.vn\/en\/wp-json\/wp\/v2\/product\/1765","targetHints":{"allow":["GET"]}}],"collection":[{"href":"https:\/\/nge.vn\/en\/wp-json\/wp\/v2\/product"}],"about":[{"href":"https:\/\/nge.vn\/en\/wp-json\/wp\/v2\/types\/product"}],"replies":[{"embeddable":true,"href":"https:\/\/nge.vn\/en\/wp-json\/wp\/v2\/comments?post=1765"}],"wp:featuredmedia":[{"embeddable":true,"href":"https:\/\/nge.vn\/en\/wp-json\/wp\/v2\/media\/1756"}],"wp:attachment":[{"href":"https:\/\/nge.vn\/en\/wp-json\/wp\/v2\/media?parent=1765"}],"wp:term":[{"taxonomy":"product_brand","embeddable":true,"href":"https:\/\/nge.vn\/en\/wp-json\/wp\/v2\/product_brand?post=1765"},{"taxonomy":"product_cat","embeddable":true,"href":"https:\/\/nge.vn\/en\/wp-json\/wp\/v2\/product_cat?post=1765"},{"taxonomy":"product_tag","embeddable":true,"href":"https:\/\/nge.vn\/en\/wp-json\/wp\/v2\/product_tag?post=1765"}],"curies":[{"name":"wp","href":"https:\/\/api.w.org\/{rel}","templated":true}]}}