{"id":1755,"date":"2024-10-25T17:02:20","date_gmt":"2024-10-25T10:02:20","guid":{"rendered":"https:\/\/nge.123websitedev.com\/san-pham\/day-dai-truc-xyz-cho-may-in-3d-flsun-v400-timing-belt-2gt-ban-10mm-dai-1470mm\/"},"modified":"2024-10-29T17:12:15","modified_gmt":"2024-10-29T10:12:15","slug":"day-dai-truc-xyz-cho-may-in-3d-flsun-v400-timing-belt-2gt-ban-10mm-dai-1470mm","status":"publish","type":"product","link":"https:\/\/nge.vn\/en\/product\/day-dai-truc-xyz-cho-may-in-3d-flsun-v400-timing-belt-2gt-ban-10mm-dai-1470mm\/","title":{"rendered":"D\u00e2y \u0111ai tr\u1ee5c X,Y,Z cho m\u00e1y in 3d FLSUN V400 Timing Belt 2GT b\u1ea3n 10mm d\u00e0i 1470mm"},"content":{"rendered":"<p>D\u00e2y \u0111ai tr\u1ee5c X,Y,Z cho m\u00e1y in 3d FLSUN V400 Timing Belt 2GT b\u1ea3n 10mm d\u00e0i 1470mm<\/p>\n<p>_Th\u00f4ng tin s\u1ea3n ph\u1ea9m:<br \/>\n+K\u00edch th\u01b0\u1edbc g\u00f3i\uff1a10*7\u00d71cm<br \/>\n+Tr\u1ecdng l\u01b0\u1ee3ng\uff1a22g<br \/>\n+R\u1ed9ng: 10mm<br \/>\n+D\u00e0i: 147cm<\/p>\n<p>_S\u1eed d\u1ee5ng cho c\u00e1c m\u00e1y in 3d: FLSUN V400 v\u00e0 Super Racer (125cm)&#8230;.v\u00e0 c\u00e1c lo\u1ea1i m\u00e1y in 3d DIY tr\u00ean th\u1ecb tr\u01b0\u1eddng<\/p>\n<p>_Package Includes:<br \/>\n1* Timing Belt 2GT W10 L1470mm<\/p>\n<p>**\u0110\u1ec3 \u0111\u01b0\u1ee3c nh\u1eadn h\u1ed9 tr\u1ee3 th\u00eam v\u1ec1 Gi\u00e1 v\u00e0 Th\u00f4ng tin c\u1ee7a s\u1ea3n ph\u1ea9m, vui l\u00f2ng li\u00ean h\u1ec7:<br \/>\n          0913.939.775 g\u1eb7p A. Qu\u00e2n (for English)<br \/>\n          094.144.0951 contact A.Quynh<br \/>\n**Selling price does not include VAT (+10% if VAT invoice is issued)<\/p>","protected":false},"excerpt":{"rendered":"<p>D\u00e2y \u0111ai tr\u1ee5c X,Y,Z cho m\u00e1y in 3d FLSUN V400 Timing Belt 2GT b\u1ea3n 10mm d\u00e0i 1470mm<\/p>","protected":false},"featured_media":1751,"comment_status":"open","ping_status":"closed","template":"","meta":{"inline_featured_image":false},"product_brand":[],"product_cat":[57,40],"product_tag":[],"class_list":{"0":"post-1755","1":"product","2":"type-product","3":"status-publish","4":"has-post-thumbnail","6":"product_cat-linh-kien-may-in-3d-flsun","7":"product_cat-linh-kien-va-phu-kien","9":"first","10":"instock","11":"taxable","12":"shipping-taxable","13":"purchasable","14":"product-type-simple"},"yoast_head":"<!-- This site is optimized with the Yoast SEO Premium plugin v22.8 (Yoast SEO v26.9) - https:\/\/yoast.com\/product\/yoast-seo-premium-wordpress\/ -->\n<title>D\u00e2y \u0111ai tr\u1ee5c X,Y,Z cho m\u00e1y in 3d FLSUN V400 Timing Belt 2GT b\u1ea3n 10mm d\u00e0i 1470mm - NGE 3D Printers Services<\/title>\n<meta name=\"robots\" content=\"index, follow, max-snippet:-1, max-image-preview:large, max-video-preview:-1\" \/>\n<link rel=\"canonical\" href=\"https:\/\/nge.vn\/en\/product\/day-dai-truc-xyz-cho-may-in-3d-flsun-v400-timing-belt-2gt-ban-10mm-dai-1470mm\/\" \/>\n<meta property=\"og:locale\" content=\"en_US\" \/>\n<meta property=\"og:type\" content=\"article\" \/>\n<meta property=\"og:title\" content=\"D\u00e2y \u0111ai tr\u1ee5c X,Y,Z cho m\u00e1y in 3d FLSUN V400 Timing Belt 2GT b\u1ea3n 10mm d\u00e0i 1470mm\" \/>\n<meta property=\"og:description\" content=\"D\u00e2y \u0111ai tr\u1ee5c X,Y,Z cho m\u00e1y in 3d FLSUN V400 Timing Belt 2GT b\u1ea3n 10mm d\u00e0i 1470mm\" \/>\n<meta property=\"og:url\" content=\"https:\/\/nge.vn\/en\/product\/day-dai-truc-xyz-cho-may-in-3d-flsun-v400-timing-belt-2gt-ban-10mm-dai-1470mm\/\" \/>\n<meta property=\"og:site_name\" content=\"NGE 3D Printers Services\" \/>\n<meta property=\"article:modified_time\" content=\"2024-10-29T10:12:15+00:00\" \/>\n<meta property=\"og:image\" content=\"https:\/\/nge.vn\/wp-content\/uploads\/2024\/10\/images-upload-woo2F2cec19b0b43681f8f0c3a32630050892.jpg\" \/>\n\t<meta property=\"og:image:width\" content=\"1000\" \/>\n\t<meta property=\"og:image:height\" content=\"1000\" \/>\n\t<meta property=\"og:image:type\" content=\"image\/jpeg\" \/>\n<meta name=\"twitter:card\" content=\"summary_large_image\" \/>\n<meta name=\"twitter:label1\" content=\"Est. reading time\" \/>\n\t<meta name=\"twitter:data1\" content=\"1 minute\" \/>\n<script type=\"application\/ld+json\" class=\"yoast-schema-graph\">{\"@context\":\"https:\/\/schema.org\",\"@graph\":[{\"@type\":\"WebPage\",\"@id\":\"https:\/\/nge.vn\/san-pham\/day-dai-truc-xyz-cho-may-in-3d-flsun-v400-timing-belt-2gt-ban-10mm-dai-1470mm\/\",\"url\":\"https:\/\/nge.vn\/san-pham\/day-dai-truc-xyz-cho-may-in-3d-flsun-v400-timing-belt-2gt-ban-10mm-dai-1470mm\/\",\"name\":\"D\u00e2y \u0111ai tr\u1ee5c X,Y,Z cho m\u00e1y in 3d FLSUN V400 Timing Belt 2GT b\u1ea3n 10mm d\u00e0i 1470mm - NGE 3D Printers Services\",\"isPartOf\":{\"@id\":\"https:\/\/nge.vn\/#website\"},\"primaryImageOfPage\":{\"@id\":\"https:\/\/nge.vn\/san-pham\/day-dai-truc-xyz-cho-may-in-3d-flsun-v400-timing-belt-2gt-ban-10mm-dai-1470mm\/#primaryimage\"},\"image\":{\"@id\":\"https:\/\/nge.vn\/san-pham\/day-dai-truc-xyz-cho-may-in-3d-flsun-v400-timing-belt-2gt-ban-10mm-dai-1470mm\/#primaryimage\"},\"thumbnailUrl\":\"https:\/\/nge.vn\/wp-content\/uploads\/2024\/10\/images-upload-woo2F2cec19b0b43681f8f0c3a32630050892.jpg\",\"datePublished\":\"2024-10-25T10:02:20+00:00\",\"dateModified\":\"2024-10-29T10:12:15+00:00\",\"breadcrumb\":{\"@id\":\"https:\/\/nge.vn\/san-pham\/day-dai-truc-xyz-cho-may-in-3d-flsun-v400-timing-belt-2gt-ban-10mm-dai-1470mm\/#breadcrumb\"},\"inLanguage\":\"en-US\",\"potentialAction\":[{\"@type\":\"ReadAction\",\"target\":[\"https:\/\/nge.vn\/san-pham\/day-dai-truc-xyz-cho-may-in-3d-flsun-v400-timing-belt-2gt-ban-10mm-dai-1470mm\/\"]}]},{\"@type\":\"ImageObject\",\"inLanguage\":\"en-US\",\"@id\":\"https:\/\/nge.vn\/san-pham\/day-dai-truc-xyz-cho-may-in-3d-flsun-v400-timing-belt-2gt-ban-10mm-dai-1470mm\/#primaryimage\",\"url\":\"https:\/\/nge.vn\/wp-content\/uploads\/2024\/10\/images-upload-woo2F2cec19b0b43681f8f0c3a32630050892.jpg\",\"contentUrl\":\"https:\/\/nge.vn\/wp-content\/uploads\/2024\/10\/images-upload-woo2F2cec19b0b43681f8f0c3a32630050892.jpg\",\"width\":1000,\"height\":1000},{\"@type\":\"BreadcrumbList\",\"@id\":\"https:\/\/nge.vn\/san-pham\/day-dai-truc-xyz-cho-may-in-3d-flsun-v400-timing-belt-2gt-ban-10mm-dai-1470mm\/#breadcrumb\",\"itemListElement\":[{\"@type\":\"ListItem\",\"position\":1,\"name\":\"Trang ch\u1ee7\",\"item\":\"https:\/\/nge.vn\/\"},{\"@type\":\"ListItem\",\"position\":2,\"name\":\"S\u1ea3n ph\u1ea9m\",\"item\":\"https:\/\/nge.vn\/san-pham\/\"},{\"@type\":\"ListItem\",\"position\":3,\"name\":\"D\u00e2y \u0111ai tr\u1ee5c X,Y,Z cho m\u00e1y in 3d FLSUN V400 Timing Belt 2GT b\u1ea3n 10mm d\u00e0i 1470mm\"}]},{\"@type\":\"WebSite\",\"@id\":\"https:\/\/nge.vn\/#website\",\"url\":\"https:\/\/nge.vn\/\",\"name\":\"NGE 3D Printers Services\",\"description\":\"\",\"potentialAction\":[{\"@type\":\"SearchAction\",\"target\":{\"@type\":\"EntryPoint\",\"urlTemplate\":\"https:\/\/nge.vn\/?s={search_term_string}\"},\"query-input\":{\"@type\":\"PropertyValueSpecification\",\"valueRequired\":true,\"valueName\":\"search_term_string\"}}],\"inLanguage\":\"en-US\"}]}<\/script>\n<!-- \/ Yoast SEO Premium plugin. -->","yoast_head_json":{"title":"D\u00e2y \u0111ai tr\u1ee5c X,Y,Z cho m\u00e1y in 3d FLSUN V400 Timing Belt 2GT b\u1ea3n 10mm d\u00e0i 1470mm - NGE 3D Printers Services","robots":{"index":"index","follow":"follow","max-snippet":"max-snippet:-1","max-image-preview":"max-image-preview:large","max-video-preview":"max-video-preview:-1"},"canonical":"https:\/\/nge.vn\/en\/product\/day-dai-truc-xyz-cho-may-in-3d-flsun-v400-timing-belt-2gt-ban-10mm-dai-1470mm\/","og_locale":"en_US","og_type":"article","og_title":"D\u00e2y \u0111ai tr\u1ee5c X,Y,Z cho m\u00e1y in 3d FLSUN V400 Timing Belt 2GT b\u1ea3n 10mm d\u00e0i 1470mm","og_description":"D\u00e2y \u0111ai tr\u1ee5c X,Y,Z cho m\u00e1y in 3d FLSUN V400 Timing Belt 2GT b\u1ea3n 10mm d\u00e0i 1470mm","og_url":"https:\/\/nge.vn\/en\/product\/day-dai-truc-xyz-cho-may-in-3d-flsun-v400-timing-belt-2gt-ban-10mm-dai-1470mm\/","og_site_name":"NGE 3D Printers Services","article_modified_time":"2024-10-29T10:12:15+00:00","og_image":[{"width":1000,"height":1000,"url":"https:\/\/nge.vn\/wp-content\/uploads\/2024\/10\/images-upload-woo2F2cec19b0b43681f8f0c3a32630050892.jpg","type":"image\/jpeg"}],"twitter_card":"summary_large_image","twitter_misc":{"Est. reading time":"1 minute"},"schema":{"@context":"https:\/\/schema.org","@graph":[{"@type":"WebPage","@id":"https:\/\/nge.vn\/san-pham\/day-dai-truc-xyz-cho-may-in-3d-flsun-v400-timing-belt-2gt-ban-10mm-dai-1470mm\/","url":"https:\/\/nge.vn\/san-pham\/day-dai-truc-xyz-cho-may-in-3d-flsun-v400-timing-belt-2gt-ban-10mm-dai-1470mm\/","name":"D\u00e2y \u0111ai tr\u1ee5c X,Y,Z cho m\u00e1y in 3d FLSUN V400 Timing Belt 2GT b\u1ea3n 10mm d\u00e0i 1470mm - NGE 3D Printers Services","isPartOf":{"@id":"https:\/\/nge.vn\/#website"},"primaryImageOfPage":{"@id":"https:\/\/nge.vn\/san-pham\/day-dai-truc-xyz-cho-may-in-3d-flsun-v400-timing-belt-2gt-ban-10mm-dai-1470mm\/#primaryimage"},"image":{"@id":"https:\/\/nge.vn\/san-pham\/day-dai-truc-xyz-cho-may-in-3d-flsun-v400-timing-belt-2gt-ban-10mm-dai-1470mm\/#primaryimage"},"thumbnailUrl":"https:\/\/nge.vn\/wp-content\/uploads\/2024\/10\/images-upload-woo2F2cec19b0b43681f8f0c3a32630050892.jpg","datePublished":"2024-10-25T10:02:20+00:00","dateModified":"2024-10-29T10:12:15+00:00","breadcrumb":{"@id":"https:\/\/nge.vn\/san-pham\/day-dai-truc-xyz-cho-may-in-3d-flsun-v400-timing-belt-2gt-ban-10mm-dai-1470mm\/#breadcrumb"},"inLanguage":"en-US","potentialAction":[{"@type":"ReadAction","target":["https:\/\/nge.vn\/san-pham\/day-dai-truc-xyz-cho-may-in-3d-flsun-v400-timing-belt-2gt-ban-10mm-dai-1470mm\/"]}]},{"@type":"ImageObject","inLanguage":"en-US","@id":"https:\/\/nge.vn\/san-pham\/day-dai-truc-xyz-cho-may-in-3d-flsun-v400-timing-belt-2gt-ban-10mm-dai-1470mm\/#primaryimage","url":"https:\/\/nge.vn\/wp-content\/uploads\/2024\/10\/images-upload-woo2F2cec19b0b43681f8f0c3a32630050892.jpg","contentUrl":"https:\/\/nge.vn\/wp-content\/uploads\/2024\/10\/images-upload-woo2F2cec19b0b43681f8f0c3a32630050892.jpg","width":1000,"height":1000},{"@type":"BreadcrumbList","@id":"https:\/\/nge.vn\/san-pham\/day-dai-truc-xyz-cho-may-in-3d-flsun-v400-timing-belt-2gt-ban-10mm-dai-1470mm\/#breadcrumb","itemListElement":[{"@type":"ListItem","position":1,"name":"Trang ch\u1ee7","item":"https:\/\/nge.vn\/"},{"@type":"ListItem","position":2,"name":"S\u1ea3n ph\u1ea9m","item":"https:\/\/nge.vn\/san-pham\/"},{"@type":"ListItem","position":3,"name":"D\u00e2y \u0111ai tr\u1ee5c X,Y,Z cho m\u00e1y in 3d FLSUN V400 Timing Belt 2GT b\u1ea3n 10mm d\u00e0i 1470mm"}]},{"@type":"WebSite","@id":"https:\/\/nge.vn\/#website","url":"https:\/\/nge.vn\/","name":"NGE 3D Printers Services","description":"","potentialAction":[{"@type":"SearchAction","target":{"@type":"EntryPoint","urlTemplate":"https:\/\/nge.vn\/?s={search_term_string}"},"query-input":{"@type":"PropertyValueSpecification","valueRequired":true,"valueName":"search_term_string"}}],"inLanguage":"en-US"}]}},"_links":{"self":[{"href":"https:\/\/nge.vn\/en\/wp-json\/wp\/v2\/product\/1755","targetHints":{"allow":["GET"]}}],"collection":[{"href":"https:\/\/nge.vn\/en\/wp-json\/wp\/v2\/product"}],"about":[{"href":"https:\/\/nge.vn\/en\/wp-json\/wp\/v2\/types\/product"}],"replies":[{"embeddable":true,"href":"https:\/\/nge.vn\/en\/wp-json\/wp\/v2\/comments?post=1755"}],"wp:featuredmedia":[{"embeddable":true,"href":"https:\/\/nge.vn\/en\/wp-json\/wp\/v2\/media\/1751"}],"wp:attachment":[{"href":"https:\/\/nge.vn\/en\/wp-json\/wp\/v2\/media?parent=1755"}],"wp:term":[{"taxonomy":"product_brand","embeddable":true,"href":"https:\/\/nge.vn\/en\/wp-json\/wp\/v2\/product_brand?post=1755"},{"taxonomy":"product_cat","embeddable":true,"href":"https:\/\/nge.vn\/en\/wp-json\/wp\/v2\/product_cat?post=1755"},{"taxonomy":"product_tag","embeddable":true,"href":"https:\/\/nge.vn\/en\/wp-json\/wp\/v2\/product_tag?post=1755"}],"curies":[{"name":"wp","href":"https:\/\/api.w.org\/{rel}","templated":true}]}}