{"id":1750,"date":"2024-10-25T17:01:33","date_gmt":"2024-10-25T10:01:33","guid":{"rendered":"https:\/\/nge.123websitedev.com\/san-pham\/ong-tan-nhiet-sr-heat-sink-cho-may-in-3d-flsun-super-racer\/"},"modified":"2024-10-29T17:28:31","modified_gmt":"2024-10-29T10:28:31","slug":"ong-tan-nhiet-sr-heat-sink-cho-may-in-3d-flsun-super-racer","status":"publish","type":"product","link":"https:\/\/nge.vn\/en\/product\/ong-tan-nhiet-sr-heat-sink-cho-may-in-3d-flsun-super-racer\/","title":{"rendered":"\u1ed0ng t\u1ea3n nhi\u1ec7t SR Heat Sink cho m\u00e1y in 3d FLSUN Super Racer&#8230;."},"content":{"rendered":"<p>\u1ed0ng t\u1ea3n nhi\u1ec7t SR Heat Sink cho m\u00e1y in 3d FLSUN Super Racer&#8230;.<br \/>\n_\u1ed0ng t\u1ea3n nhi\u1ec7t SR Heat Sink c\u00f3 t\u00e1c d\u1ee5ng t\u1ea3n nhi\u1ec7t \u1ed1ng d\u1eabn nh\u1ef1a \u0111\u1ec3 tr\u00e1nh g\u00e2y t\u1eafc nh\u1ef1a trong qu\u00e1 tr\u00ecnh in.<\/p>\n<p>+H\u00e3ng: FLSUN<br \/>\n+Xu\u1ea5t x\u1ee9: China<br \/>\n+Trong l\u01b0\u1ee3ng: 18g<br \/>\n+K\u00edch th\u01b0\u1edbc: 43*22*16mm<br \/>\n+Ch\u1ea5t li\u1ec7u: Nh\u00f4m<\/p>\n<p>**S\u1eed d\u1ee5ng cho c\u00e1c m\u00e1y in 3d FLSUN Super Racer v\u00e0 c\u00e1c d\u00f2ng m\u00e1y in s\u1ee3i nh\u1ef1a FDM tr\u00ean th\u1ecb tr\u01b0\u1eddng&#8230;.<\/p>\n<p>**To receive a better price, please contact the shop directly.<br \/>\n     0913.939.775 contact A.Quan (for English)<br \/>\n     094.144.0951 contact A.Quynh<br \/>\n**Selling price does not include VAT (+10% if VAT invoice is issued)<\/p>","protected":false},"excerpt":{"rendered":"<p>\u1ed0ng t\u1ea3n nhi\u1ec7t SR Heat Sink cho m\u00e1y in 3d FLSUN Super Racer&#8230;.<\/p>","protected":false},"featured_media":1741,"comment_status":"open","ping_status":"closed","template":"","meta":{"inline_featured_image":false},"product_brand":[],"product_cat":[57,40],"product_tag":[],"class_list":{"0":"post-1750","1":"product","2":"type-product","3":"status-publish","4":"has-post-thumbnail","6":"product_cat-linh-kien-may-in-3d-flsun","7":"product_cat-linh-kien-va-phu-kien","9":"first","10":"instock","11":"taxable","12":"shipping-taxable","13":"purchasable","14":"product-type-simple"},"yoast_head":"<!-- This site is optimized with the Yoast SEO Premium plugin v22.8 (Yoast SEO v26.9) - https:\/\/yoast.com\/product\/yoast-seo-premium-wordpress\/ -->\n<title>\u1ed0ng t\u1ea3n nhi\u1ec7t SR Heat Sink cho m\u00e1y in 3d FLSUN Super Racer.... - NGE 3D Printers Services<\/title>\n<meta name=\"robots\" content=\"index, follow, max-snippet:-1, max-image-preview:large, max-video-preview:-1\" \/>\n<link rel=\"canonical\" href=\"https:\/\/nge.vn\/en\/product\/ong-tan-nhiet-sr-heat-sink-cho-may-in-3d-flsun-super-racer\/\" \/>\n<meta property=\"og:locale\" content=\"en_US\" \/>\n<meta property=\"og:type\" content=\"article\" \/>\n<meta property=\"og:title\" content=\"\u1ed0ng t\u1ea3n nhi\u1ec7t SR Heat Sink cho m\u00e1y in 3d FLSUN Super Racer....\" \/>\n<meta property=\"og:description\" content=\"\u1ed0ng t\u1ea3n nhi\u1ec7t SR Heat Sink cho m\u00e1y in 3d FLSUN Super Racer....\" \/>\n<meta property=\"og:url\" content=\"https:\/\/nge.vn\/en\/product\/ong-tan-nhiet-sr-heat-sink-cho-may-in-3d-flsun-super-racer\/\" \/>\n<meta property=\"og:site_name\" content=\"NGE 3D Printers Services\" \/>\n<meta property=\"article:modified_time\" content=\"2024-10-29T10:28:31+00:00\" \/>\n<meta property=\"og:image\" content=\"https:\/\/nge.vn\/wp-content\/uploads\/2024\/10\/images-upload-woo2F0f40399013dfc6a1f85aba9ec57d006c.jpg\" \/>\n\t<meta property=\"og:image:width\" content=\"431\" \/>\n\t<meta property=\"og:image:height\" content=\"431\" \/>\n\t<meta property=\"og:image:type\" content=\"image\/jpeg\" \/>\n<meta name=\"twitter:card\" content=\"summary_large_image\" \/>\n<meta name=\"twitter:label1\" content=\"Est. reading time\" \/>\n\t<meta name=\"twitter:data1\" content=\"1 minute\" \/>\n<script type=\"application\/ld+json\" class=\"yoast-schema-graph\">{\"@context\":\"https:\/\/schema.org\",\"@graph\":[{\"@type\":\"WebPage\",\"@id\":\"https:\/\/nge.vn\/san-pham\/ong-tan-nhiet-sr-heat-sink-cho-may-in-3d-flsun-super-racer\/\",\"url\":\"https:\/\/nge.vn\/san-pham\/ong-tan-nhiet-sr-heat-sink-cho-may-in-3d-flsun-super-racer\/\",\"name\":\"\u1ed0ng t\u1ea3n nhi\u1ec7t SR Heat Sink cho m\u00e1y in 3d FLSUN Super Racer.... - NGE 3D Printers Services\",\"isPartOf\":{\"@id\":\"https:\/\/nge.vn\/#website\"},\"primaryImageOfPage\":{\"@id\":\"https:\/\/nge.vn\/san-pham\/ong-tan-nhiet-sr-heat-sink-cho-may-in-3d-flsun-super-racer\/#primaryimage\"},\"image\":{\"@id\":\"https:\/\/nge.vn\/san-pham\/ong-tan-nhiet-sr-heat-sink-cho-may-in-3d-flsun-super-racer\/#primaryimage\"},\"thumbnailUrl\":\"https:\/\/nge.vn\/wp-content\/uploads\/2024\/10\/images-upload-woo2F0f40399013dfc6a1f85aba9ec57d006c.jpg\",\"datePublished\":\"2024-10-25T10:01:33+00:00\",\"dateModified\":\"2024-10-29T10:28:31+00:00\",\"breadcrumb\":{\"@id\":\"https:\/\/nge.vn\/san-pham\/ong-tan-nhiet-sr-heat-sink-cho-may-in-3d-flsun-super-racer\/#breadcrumb\"},\"inLanguage\":\"en-US\",\"potentialAction\":[{\"@type\":\"ReadAction\",\"target\":[\"https:\/\/nge.vn\/san-pham\/ong-tan-nhiet-sr-heat-sink-cho-may-in-3d-flsun-super-racer\/\"]}]},{\"@type\":\"ImageObject\",\"inLanguage\":\"en-US\",\"@id\":\"https:\/\/nge.vn\/san-pham\/ong-tan-nhiet-sr-heat-sink-cho-may-in-3d-flsun-super-racer\/#primaryimage\",\"url\":\"https:\/\/nge.vn\/wp-content\/uploads\/2024\/10\/images-upload-woo2F0f40399013dfc6a1f85aba9ec57d006c.jpg\",\"contentUrl\":\"https:\/\/nge.vn\/wp-content\/uploads\/2024\/10\/images-upload-woo2F0f40399013dfc6a1f85aba9ec57d006c.jpg\",\"width\":431,\"height\":431},{\"@type\":\"BreadcrumbList\",\"@id\":\"https:\/\/nge.vn\/san-pham\/ong-tan-nhiet-sr-heat-sink-cho-may-in-3d-flsun-super-racer\/#breadcrumb\",\"itemListElement\":[{\"@type\":\"ListItem\",\"position\":1,\"name\":\"Trang ch\u1ee7\",\"item\":\"https:\/\/nge.vn\/\"},{\"@type\":\"ListItem\",\"position\":2,\"name\":\"S\u1ea3n ph\u1ea9m\",\"item\":\"https:\/\/nge.vn\/san-pham\/\"},{\"@type\":\"ListItem\",\"position\":3,\"name\":\"\u1ed0ng t\u1ea3n nhi\u1ec7t SR Heat Sink cho m\u00e1y in 3d FLSUN Super Racer&#8230;.\"}]},{\"@type\":\"WebSite\",\"@id\":\"https:\/\/nge.vn\/#website\",\"url\":\"https:\/\/nge.vn\/\",\"name\":\"NGE 3D Printers Services\",\"description\":\"\",\"potentialAction\":[{\"@type\":\"SearchAction\",\"target\":{\"@type\":\"EntryPoint\",\"urlTemplate\":\"https:\/\/nge.vn\/?s={search_term_string}\"},\"query-input\":{\"@type\":\"PropertyValueSpecification\",\"valueRequired\":true,\"valueName\":\"search_term_string\"}}],\"inLanguage\":\"en-US\"}]}<\/script>\n<!-- \/ Yoast SEO Premium plugin. -->","yoast_head_json":{"title":"\u1ed0ng t\u1ea3n nhi\u1ec7t SR Heat Sink cho m\u00e1y in 3d FLSUN Super Racer.... - NGE 3D Printers Services","robots":{"index":"index","follow":"follow","max-snippet":"max-snippet:-1","max-image-preview":"max-image-preview:large","max-video-preview":"max-video-preview:-1"},"canonical":"https:\/\/nge.vn\/en\/product\/ong-tan-nhiet-sr-heat-sink-cho-may-in-3d-flsun-super-racer\/","og_locale":"en_US","og_type":"article","og_title":"\u1ed0ng t\u1ea3n nhi\u1ec7t SR Heat Sink cho m\u00e1y in 3d FLSUN Super Racer....","og_description":"\u1ed0ng t\u1ea3n nhi\u1ec7t SR Heat Sink cho m\u00e1y in 3d FLSUN Super Racer....","og_url":"https:\/\/nge.vn\/en\/product\/ong-tan-nhiet-sr-heat-sink-cho-may-in-3d-flsun-super-racer\/","og_site_name":"NGE 3D Printers Services","article_modified_time":"2024-10-29T10:28:31+00:00","og_image":[{"width":431,"height":431,"url":"https:\/\/nge.vn\/wp-content\/uploads\/2024\/10\/images-upload-woo2F0f40399013dfc6a1f85aba9ec57d006c.jpg","type":"image\/jpeg"}],"twitter_card":"summary_large_image","twitter_misc":{"Est. reading time":"1 minute"},"schema":{"@context":"https:\/\/schema.org","@graph":[{"@type":"WebPage","@id":"https:\/\/nge.vn\/san-pham\/ong-tan-nhiet-sr-heat-sink-cho-may-in-3d-flsun-super-racer\/","url":"https:\/\/nge.vn\/san-pham\/ong-tan-nhiet-sr-heat-sink-cho-may-in-3d-flsun-super-racer\/","name":"\u1ed0ng t\u1ea3n nhi\u1ec7t SR Heat Sink cho m\u00e1y in 3d FLSUN Super Racer.... - NGE 3D Printers Services","isPartOf":{"@id":"https:\/\/nge.vn\/#website"},"primaryImageOfPage":{"@id":"https:\/\/nge.vn\/san-pham\/ong-tan-nhiet-sr-heat-sink-cho-may-in-3d-flsun-super-racer\/#primaryimage"},"image":{"@id":"https:\/\/nge.vn\/san-pham\/ong-tan-nhiet-sr-heat-sink-cho-may-in-3d-flsun-super-racer\/#primaryimage"},"thumbnailUrl":"https:\/\/nge.vn\/wp-content\/uploads\/2024\/10\/images-upload-woo2F0f40399013dfc6a1f85aba9ec57d006c.jpg","datePublished":"2024-10-25T10:01:33+00:00","dateModified":"2024-10-29T10:28:31+00:00","breadcrumb":{"@id":"https:\/\/nge.vn\/san-pham\/ong-tan-nhiet-sr-heat-sink-cho-may-in-3d-flsun-super-racer\/#breadcrumb"},"inLanguage":"en-US","potentialAction":[{"@type":"ReadAction","target":["https:\/\/nge.vn\/san-pham\/ong-tan-nhiet-sr-heat-sink-cho-may-in-3d-flsun-super-racer\/"]}]},{"@type":"ImageObject","inLanguage":"en-US","@id":"https:\/\/nge.vn\/san-pham\/ong-tan-nhiet-sr-heat-sink-cho-may-in-3d-flsun-super-racer\/#primaryimage","url":"https:\/\/nge.vn\/wp-content\/uploads\/2024\/10\/images-upload-woo2F0f40399013dfc6a1f85aba9ec57d006c.jpg","contentUrl":"https:\/\/nge.vn\/wp-content\/uploads\/2024\/10\/images-upload-woo2F0f40399013dfc6a1f85aba9ec57d006c.jpg","width":431,"height":431},{"@type":"BreadcrumbList","@id":"https:\/\/nge.vn\/san-pham\/ong-tan-nhiet-sr-heat-sink-cho-may-in-3d-flsun-super-racer\/#breadcrumb","itemListElement":[{"@type":"ListItem","position":1,"name":"Trang ch\u1ee7","item":"https:\/\/nge.vn\/"},{"@type":"ListItem","position":2,"name":"S\u1ea3n ph\u1ea9m","item":"https:\/\/nge.vn\/san-pham\/"},{"@type":"ListItem","position":3,"name":"\u1ed0ng t\u1ea3n nhi\u1ec7t SR Heat Sink cho m\u00e1y in 3d FLSUN Super Racer&#8230;."}]},{"@type":"WebSite","@id":"https:\/\/nge.vn\/#website","url":"https:\/\/nge.vn\/","name":"NGE 3D Printers Services","description":"","potentialAction":[{"@type":"SearchAction","target":{"@type":"EntryPoint","urlTemplate":"https:\/\/nge.vn\/?s={search_term_string}"},"query-input":{"@type":"PropertyValueSpecification","valueRequired":true,"valueName":"search_term_string"}}],"inLanguage":"en-US"}]}},"_links":{"self":[{"href":"https:\/\/nge.vn\/en\/wp-json\/wp\/v2\/product\/1750","targetHints":{"allow":["GET"]}}],"collection":[{"href":"https:\/\/nge.vn\/en\/wp-json\/wp\/v2\/product"}],"about":[{"href":"https:\/\/nge.vn\/en\/wp-json\/wp\/v2\/types\/product"}],"replies":[{"embeddable":true,"href":"https:\/\/nge.vn\/en\/wp-json\/wp\/v2\/comments?post=1750"}],"wp:featuredmedia":[{"embeddable":true,"href":"https:\/\/nge.vn\/en\/wp-json\/wp\/v2\/media\/1741"}],"wp:attachment":[{"href":"https:\/\/nge.vn\/en\/wp-json\/wp\/v2\/media?parent=1750"}],"wp:term":[{"taxonomy":"product_brand","embeddable":true,"href":"https:\/\/nge.vn\/en\/wp-json\/wp\/v2\/product_brand?post=1750"},{"taxonomy":"product_cat","embeddable":true,"href":"https:\/\/nge.vn\/en\/wp-json\/wp\/v2\/product_cat?post=1750"},{"taxonomy":"product_tag","embeddable":true,"href":"https:\/\/nge.vn\/en\/wp-json\/wp\/v2\/product_tag?post=1750"}],"curies":[{"name":"wp","href":"https:\/\/api.w.org\/{rel}","templated":true}]}}