{"id":1740,"date":"2024-10-25T16:58:37","date_gmt":"2024-10-25T09:58:37","guid":{"rendered":"https:\/\/nge.123websitedev.com\/san-pham\/quat-lam-mat-board-dieu-khien-6015-fan-cho-may-in-3d-flsun-super-racer-v400\/"},"modified":"2024-10-29T17:12:05","modified_gmt":"2024-10-29T10:12:05","slug":"quat-lam-mat-board-dieu-khien-6015-fan-cho-may-in-3d-flsun-super-racer-v400","status":"publish","type":"product","link":"https:\/\/nge.vn\/en\/product\/quat-lam-mat-board-dieu-khien-6015-fan-cho-may-in-3d-flsun-super-racer-v400\/","title":{"rendered":"Qu\u1ea1t l\u00e0m m\u00e1t board \u0111i\u1ec1u khi\u1ec3n 6015 Fan cho m\u00e1y in 3d FLSUN Super Racer &amp; V400"},"content":{"rendered":"<p>Qu\u1ea1t l\u00e0m m\u00e1t board \u0111i\u1ec1u khi\u1ec3n 6015 Fan cho m\u00e1y in 3d FLSUN Super Racer v\u00e0 V400<br \/>\n_D\u00f9ng \u0111\u1ec3 th\u1ed5i l\u00e0m m\u00e1t ph\u1ea7n board \u0111i\u1ec1u khi\u1ec3n cho m\u00e1y in 3d FLSUN Super Racer v\u00e0 V400<\/p>\n<p>+Model: JDL6015S<br \/>\n+Tr\u1ecdng l\u01b0\u1ee3ng: 28g<br \/>\n+K\u00edch th\u01b0\u1edbc: 60*60*15mm<br \/>\n+Ngu\u1ed3n: DC 24V 0.06A<br \/>\n+D\u00e2y d\u00e0i: 12cm<br \/>\n+K\u1ebft n\u1ed1i: ph\u00edch c\u1eafm XH2.54 2P<\/p>\n<p>**To receive a better price, please contact the shop directly.<br \/>\n     0913.939.775 contact A.Quan (for English)<br \/>\n     094.144.0951 contact A.Quynh<br \/>\n**Selling price does not include VAT (+10% if VAT invoice is issued)<\/p>","protected":false},"excerpt":{"rendered":"<p>Qu\u1ea1t l\u00e0m m\u00e1t board \u0111i\u1ec1u khi\u1ec3n 6015 Fan cho m\u00e1y in 3d FLSUN Super Racer &amp; V400<\/p>","protected":false},"featured_media":1731,"comment_status":"open","ping_status":"closed","template":"","meta":{"inline_featured_image":false},"product_brand":[],"product_cat":[57,40,459],"product_tag":[],"class_list":{"0":"post-1740","1":"product","2":"type-product","3":"status-publish","4":"has-post-thumbnail","6":"product_cat-linh-kien-may-in-3d-flsun","7":"product_cat-linh-kien-va-phu-kien","8":"product_cat-quat-va-day-belt-truc","10":"first","11":"instock","12":"taxable","13":"shipping-taxable","14":"purchasable","15":"product-type-simple"},"yoast_head":"<!-- This site is optimized with the Yoast SEO Premium plugin v22.8 (Yoast SEO v26.9) - https:\/\/yoast.com\/product\/yoast-seo-premium-wordpress\/ -->\n<title>Qu\u1ea1t l\u00e0m m\u00e1t board \u0111i\u1ec1u khi\u1ec3n 6015 Fan cho m\u00e1y in 3d FLSUN Super Racer &amp; V400 - NGE 3D Printers Services<\/title>\n<meta name=\"robots\" content=\"index, follow, max-snippet:-1, max-image-preview:large, max-video-preview:-1\" \/>\n<link rel=\"canonical\" href=\"https:\/\/nge.vn\/en\/product\/quat-lam-mat-board-dieu-khien-6015-fan-cho-may-in-3d-flsun-super-racer-v400\/\" \/>\n<meta property=\"og:locale\" content=\"en_US\" \/>\n<meta property=\"og:type\" content=\"article\" \/>\n<meta property=\"og:title\" content=\"Qu\u1ea1t l\u00e0m m\u00e1t board \u0111i\u1ec1u khi\u1ec3n 6015 Fan cho m\u00e1y in 3d FLSUN Super Racer &amp; V400\" \/>\n<meta property=\"og:description\" content=\"Qu\u1ea1t l\u00e0m m\u00e1t board \u0111i\u1ec1u khi\u1ec3n 6015 Fan cho m\u00e1y in 3d FLSUN Super Racer &amp; V400\" \/>\n<meta property=\"og:url\" content=\"https:\/\/nge.vn\/en\/product\/quat-lam-mat-board-dieu-khien-6015-fan-cho-may-in-3d-flsun-super-racer-v400\/\" \/>\n<meta property=\"og:site_name\" content=\"NGE 3D Printers Services\" \/>\n<meta property=\"article:modified_time\" content=\"2024-10-29T10:12:05+00:00\" \/>\n<meta property=\"og:image\" content=\"https:\/\/nge.vn\/wp-content\/uploads\/2024\/10\/images-upload-woo2Fa5b94eefd633f3ad207cd2a05e4c4107.jpg\" \/>\n\t<meta property=\"og:image:width\" content=\"1024\" \/>\n\t<meta property=\"og:image:height\" content=\"1024\" \/>\n\t<meta property=\"og:image:type\" content=\"image\/jpeg\" \/>\n<meta name=\"twitter:card\" content=\"summary_large_image\" \/>\n<meta name=\"twitter:label1\" content=\"Est. reading time\" \/>\n\t<meta name=\"twitter:data1\" content=\"1 minute\" \/>\n<script type=\"application\/ld+json\" class=\"yoast-schema-graph\">{\"@context\":\"https:\/\/schema.org\",\"@graph\":[{\"@type\":\"WebPage\",\"@id\":\"https:\/\/nge.vn\/san-pham\/quat-lam-mat-board-dieu-khien-6015-fan-cho-may-in-3d-flsun-super-racer-v400\/\",\"url\":\"https:\/\/nge.vn\/san-pham\/quat-lam-mat-board-dieu-khien-6015-fan-cho-may-in-3d-flsun-super-racer-v400\/\",\"name\":\"Qu\u1ea1t l\u00e0m m\u00e1t board \u0111i\u1ec1u khi\u1ec3n 6015 Fan cho m\u00e1y in 3d FLSUN Super Racer &amp; V400 - NGE 3D Printers Services\",\"isPartOf\":{\"@id\":\"https:\/\/nge.vn\/#website\"},\"primaryImageOfPage\":{\"@id\":\"https:\/\/nge.vn\/san-pham\/quat-lam-mat-board-dieu-khien-6015-fan-cho-may-in-3d-flsun-super-racer-v400\/#primaryimage\"},\"image\":{\"@id\":\"https:\/\/nge.vn\/san-pham\/quat-lam-mat-board-dieu-khien-6015-fan-cho-may-in-3d-flsun-super-racer-v400\/#primaryimage\"},\"thumbnailUrl\":\"https:\/\/nge.vn\/wp-content\/uploads\/2024\/10\/images-upload-woo2Fa5b94eefd633f3ad207cd2a05e4c4107.jpg\",\"datePublished\":\"2024-10-25T09:58:37+00:00\",\"dateModified\":\"2024-10-29T10:12:05+00:00\",\"breadcrumb\":{\"@id\":\"https:\/\/nge.vn\/san-pham\/quat-lam-mat-board-dieu-khien-6015-fan-cho-may-in-3d-flsun-super-racer-v400\/#breadcrumb\"},\"inLanguage\":\"en-US\",\"potentialAction\":[{\"@type\":\"ReadAction\",\"target\":[\"https:\/\/nge.vn\/san-pham\/quat-lam-mat-board-dieu-khien-6015-fan-cho-may-in-3d-flsun-super-racer-v400\/\"]}]},{\"@type\":\"ImageObject\",\"inLanguage\":\"en-US\",\"@id\":\"https:\/\/nge.vn\/san-pham\/quat-lam-mat-board-dieu-khien-6015-fan-cho-may-in-3d-flsun-super-racer-v400\/#primaryimage\",\"url\":\"https:\/\/nge.vn\/wp-content\/uploads\/2024\/10\/images-upload-woo2Fa5b94eefd633f3ad207cd2a05e4c4107.jpg\",\"contentUrl\":\"https:\/\/nge.vn\/wp-content\/uploads\/2024\/10\/images-upload-woo2Fa5b94eefd633f3ad207cd2a05e4c4107.jpg\",\"width\":1024,\"height\":1024},{\"@type\":\"BreadcrumbList\",\"@id\":\"https:\/\/nge.vn\/san-pham\/quat-lam-mat-board-dieu-khien-6015-fan-cho-may-in-3d-flsun-super-racer-v400\/#breadcrumb\",\"itemListElement\":[{\"@type\":\"ListItem\",\"position\":1,\"name\":\"Trang ch\u1ee7\",\"item\":\"https:\/\/nge.vn\/\"},{\"@type\":\"ListItem\",\"position\":2,\"name\":\"S\u1ea3n ph\u1ea9m\",\"item\":\"https:\/\/nge.vn\/san-pham\/\"},{\"@type\":\"ListItem\",\"position\":3,\"name\":\"Qu\u1ea1t l\u00e0m m\u00e1t board \u0111i\u1ec1u khi\u1ec3n 6015 Fan cho m\u00e1y in 3d FLSUN Super Racer &amp; V400\"}]},{\"@type\":\"WebSite\",\"@id\":\"https:\/\/nge.vn\/#website\",\"url\":\"https:\/\/nge.vn\/\",\"name\":\"NGE 3D Printers Services\",\"description\":\"\",\"potentialAction\":[{\"@type\":\"SearchAction\",\"target\":{\"@type\":\"EntryPoint\",\"urlTemplate\":\"https:\/\/nge.vn\/?s={search_term_string}\"},\"query-input\":{\"@type\":\"PropertyValueSpecification\",\"valueRequired\":true,\"valueName\":\"search_term_string\"}}],\"inLanguage\":\"en-US\"}]}<\/script>\n<!-- \/ Yoast SEO Premium plugin. -->","yoast_head_json":{"title":"Qu\u1ea1t l\u00e0m m\u00e1t board \u0111i\u1ec1u khi\u1ec3n 6015 Fan cho m\u00e1y in 3d FLSUN Super Racer &amp; V400 - NGE 3D Printers Services","robots":{"index":"index","follow":"follow","max-snippet":"max-snippet:-1","max-image-preview":"max-image-preview:large","max-video-preview":"max-video-preview:-1"},"canonical":"https:\/\/nge.vn\/en\/product\/quat-lam-mat-board-dieu-khien-6015-fan-cho-may-in-3d-flsun-super-racer-v400\/","og_locale":"en_US","og_type":"article","og_title":"Qu\u1ea1t l\u00e0m m\u00e1t board \u0111i\u1ec1u khi\u1ec3n 6015 Fan cho m\u00e1y in 3d FLSUN Super Racer &amp; V400","og_description":"Qu\u1ea1t l\u00e0m m\u00e1t board \u0111i\u1ec1u khi\u1ec3n 6015 Fan cho m\u00e1y in 3d FLSUN Super Racer &amp; V400","og_url":"https:\/\/nge.vn\/en\/product\/quat-lam-mat-board-dieu-khien-6015-fan-cho-may-in-3d-flsun-super-racer-v400\/","og_site_name":"NGE 3D Printers Services","article_modified_time":"2024-10-29T10:12:05+00:00","og_image":[{"width":1024,"height":1024,"url":"https:\/\/nge.vn\/wp-content\/uploads\/2024\/10\/images-upload-woo2Fa5b94eefd633f3ad207cd2a05e4c4107.jpg","type":"image\/jpeg"}],"twitter_card":"summary_large_image","twitter_misc":{"Est. reading time":"1 minute"},"schema":{"@context":"https:\/\/schema.org","@graph":[{"@type":"WebPage","@id":"https:\/\/nge.vn\/san-pham\/quat-lam-mat-board-dieu-khien-6015-fan-cho-may-in-3d-flsun-super-racer-v400\/","url":"https:\/\/nge.vn\/san-pham\/quat-lam-mat-board-dieu-khien-6015-fan-cho-may-in-3d-flsun-super-racer-v400\/","name":"Qu\u1ea1t l\u00e0m m\u00e1t board \u0111i\u1ec1u khi\u1ec3n 6015 Fan cho m\u00e1y in 3d FLSUN Super Racer &amp; V400 - NGE 3D Printers Services","isPartOf":{"@id":"https:\/\/nge.vn\/#website"},"primaryImageOfPage":{"@id":"https:\/\/nge.vn\/san-pham\/quat-lam-mat-board-dieu-khien-6015-fan-cho-may-in-3d-flsun-super-racer-v400\/#primaryimage"},"image":{"@id":"https:\/\/nge.vn\/san-pham\/quat-lam-mat-board-dieu-khien-6015-fan-cho-may-in-3d-flsun-super-racer-v400\/#primaryimage"},"thumbnailUrl":"https:\/\/nge.vn\/wp-content\/uploads\/2024\/10\/images-upload-woo2Fa5b94eefd633f3ad207cd2a05e4c4107.jpg","datePublished":"2024-10-25T09:58:37+00:00","dateModified":"2024-10-29T10:12:05+00:00","breadcrumb":{"@id":"https:\/\/nge.vn\/san-pham\/quat-lam-mat-board-dieu-khien-6015-fan-cho-may-in-3d-flsun-super-racer-v400\/#breadcrumb"},"inLanguage":"en-US","potentialAction":[{"@type":"ReadAction","target":["https:\/\/nge.vn\/san-pham\/quat-lam-mat-board-dieu-khien-6015-fan-cho-may-in-3d-flsun-super-racer-v400\/"]}]},{"@type":"ImageObject","inLanguage":"en-US","@id":"https:\/\/nge.vn\/san-pham\/quat-lam-mat-board-dieu-khien-6015-fan-cho-may-in-3d-flsun-super-racer-v400\/#primaryimage","url":"https:\/\/nge.vn\/wp-content\/uploads\/2024\/10\/images-upload-woo2Fa5b94eefd633f3ad207cd2a05e4c4107.jpg","contentUrl":"https:\/\/nge.vn\/wp-content\/uploads\/2024\/10\/images-upload-woo2Fa5b94eefd633f3ad207cd2a05e4c4107.jpg","width":1024,"height":1024},{"@type":"BreadcrumbList","@id":"https:\/\/nge.vn\/san-pham\/quat-lam-mat-board-dieu-khien-6015-fan-cho-may-in-3d-flsun-super-racer-v400\/#breadcrumb","itemListElement":[{"@type":"ListItem","position":1,"name":"Trang ch\u1ee7","item":"https:\/\/nge.vn\/"},{"@type":"ListItem","position":2,"name":"S\u1ea3n ph\u1ea9m","item":"https:\/\/nge.vn\/san-pham\/"},{"@type":"ListItem","position":3,"name":"Qu\u1ea1t l\u00e0m m\u00e1t board \u0111i\u1ec1u khi\u1ec3n 6015 Fan cho m\u00e1y in 3d FLSUN Super Racer &amp; V400"}]},{"@type":"WebSite","@id":"https:\/\/nge.vn\/#website","url":"https:\/\/nge.vn\/","name":"NGE 3D Printers Services","description":"","potentialAction":[{"@type":"SearchAction","target":{"@type":"EntryPoint","urlTemplate":"https:\/\/nge.vn\/?s={search_term_string}"},"query-input":{"@type":"PropertyValueSpecification","valueRequired":true,"valueName":"search_term_string"}}],"inLanguage":"en-US"}]}},"_links":{"self":[{"href":"https:\/\/nge.vn\/en\/wp-json\/wp\/v2\/product\/1740","targetHints":{"allow":["GET"]}}],"collection":[{"href":"https:\/\/nge.vn\/en\/wp-json\/wp\/v2\/product"}],"about":[{"href":"https:\/\/nge.vn\/en\/wp-json\/wp\/v2\/types\/product"}],"replies":[{"embeddable":true,"href":"https:\/\/nge.vn\/en\/wp-json\/wp\/v2\/comments?post=1740"}],"wp:featuredmedia":[{"embeddable":true,"href":"https:\/\/nge.vn\/en\/wp-json\/wp\/v2\/media\/1731"}],"wp:attachment":[{"href":"https:\/\/nge.vn\/en\/wp-json\/wp\/v2\/media?parent=1740"}],"wp:term":[{"taxonomy":"product_brand","embeddable":true,"href":"https:\/\/nge.vn\/en\/wp-json\/wp\/v2\/product_brand?post=1740"},{"taxonomy":"product_cat","embeddable":true,"href":"https:\/\/nge.vn\/en\/wp-json\/wp\/v2\/product_cat?post=1740"},{"taxonomy":"product_tag","embeddable":true,"href":"https:\/\/nge.vn\/en\/wp-json\/wp\/v2\/product_tag?post=1740"}],"curies":[{"name":"wp","href":"https:\/\/api.w.org\/{rel}","templated":true}]}}