{"id":1730,"date":"2024-10-25T16:54:06","date_gmt":"2024-10-25T09:54:06","guid":{"rendered":"https:\/\/nge.123websitedev.com\/san-pham\/module-mo-rong-cong-suat-ban-nhiet-flsun-mos-25a-v1-1-cho-may-in-3d-v400\/"},"modified":"2024-10-29T17:11:52","modified_gmt":"2024-10-29T10:11:52","slug":"module-mo-rong-cong-suat-ban-nhiet-flsun-mos-25a-v1-1-cho-may-in-3d-v400","status":"publish","type":"product","link":"https:\/\/nge.vn\/en\/product\/module-mo-rong-cong-suat-ban-nhiet-flsun-mos-25a-v1-1-cho-may-in-3d-v400\/","title":{"rendered":"Module m\u1edf r\u1ed9ng c\u00f4ng su\u1ea5t b\u00e0n nhi\u1ec7t FLSUN Mos 25A V1.1 cho m\u00e1y in 3d V400"},"content":{"rendered":"<p>M\u00f4-\u0111un m\u1edf r\u1ed9ng c\u00f4ng su\u1ea5t b\u00e0n nhi\u1ec7t FLSUN Mos 25A V1.1 cho m\u00e1y in 3d V400<br \/>\nM\u00f4-\u0111un c\u00f4ng su\u1ea5t m\u1edf r\u1ed9ng b\u00e0n nhi\u1ec7t c\u00f3 h\u1ec7 th\u1ed1ng s\u01b0\u1edfi c\u00f4ng su\u1ea5t cao MOS \u1ed0ng cho m\u00e1y in 3D<br \/>\nM\u00f4-\u0111un c\u00f4ng su\u1ea5t cao n\u00e0y l\u00e0 m\u00f4-\u0111un m\u1edf r\u1ed9ng c\u00f4ng su\u1ea5t gi\u01b0\u1eddng s\u01b0\u1edfi b\u1ed5 sung chung cho m\u00e1y in 3D. <\/p>\n<p>+T\u00ean s\u1ea3n ph\u1ea9m: FLSUN Mos 25A V1.1<br \/>\n+H\u00e3ng: FLSUN<br \/>\n+Trong l\u01b0\u1ee3ng: 33g<br \/>\n+K\u00edch th\u01b0\u1edbc: 48*48*30mm<br \/>\n+C\u00f4ng su\u1ea5t: 25A<br \/>\n+\u0110i\u1ec7n \u0111\u1ea7u v\u00e0o: 12\/24V<\/p>\n<p>**To receive a better price, please contact the shop directly.<br \/>\n     0913.939.775 contact A.Quan (for English)<br \/>\n     094.144.0951 contact A.Quynh<br \/>\n**Selling price does not include VAT (+10% if VAT invoice is issued)<\/p>","protected":false},"excerpt":{"rendered":"<p>Module m\u1edf r\u1ed9ng c\u00f4ng su\u1ea5t b\u00e0n nhi\u1ec7t FLSUN Mos 25A V1.1 cho m\u00e1y in 3d V400<\/p>","protected":false},"featured_media":1725,"comment_status":"open","ping_status":"closed","template":"","meta":{"inline_featured_image":false},"product_brand":[],"product_cat":[57,40],"product_tag":[],"class_list":{"0":"post-1730","1":"product","2":"type-product","3":"status-publish","4":"has-post-thumbnail","6":"product_cat-linh-kien-may-in-3d-flsun","7":"product_cat-linh-kien-va-phu-kien","9":"first","10":"instock","11":"taxable","12":"shipping-taxable","13":"purchasable","14":"product-type-simple"},"yoast_head":"<!-- This site is optimized with the Yoast SEO Premium plugin v22.8 (Yoast SEO v26.9) - https:\/\/yoast.com\/product\/yoast-seo-premium-wordpress\/ -->\n<title>Module m\u1edf r\u1ed9ng c\u00f4ng su\u1ea5t b\u00e0n nhi\u1ec7t FLSUN Mos 25A V1.1 cho m\u00e1y in 3d V400 - NGE 3D Printers Services<\/title>\n<meta name=\"robots\" content=\"index, follow, max-snippet:-1, max-image-preview:large, max-video-preview:-1\" \/>\n<link rel=\"canonical\" href=\"https:\/\/nge.vn\/en\/product\/module-mo-rong-cong-suat-ban-nhiet-flsun-mos-25a-v1-1-cho-may-in-3d-v400\/\" \/>\n<meta property=\"og:locale\" content=\"en_US\" \/>\n<meta property=\"og:type\" content=\"article\" \/>\n<meta property=\"og:title\" content=\"Module m\u1edf r\u1ed9ng c\u00f4ng su\u1ea5t b\u00e0n nhi\u1ec7t FLSUN Mos 25A V1.1 cho m\u00e1y in 3d V400\" \/>\n<meta property=\"og:description\" content=\"Module m\u1edf r\u1ed9ng c\u00f4ng su\u1ea5t b\u00e0n nhi\u1ec7t FLSUN Mos 25A V1.1 cho m\u00e1y in 3d V400\" \/>\n<meta property=\"og:url\" content=\"https:\/\/nge.vn\/en\/product\/module-mo-rong-cong-suat-ban-nhiet-flsun-mos-25a-v1-1-cho-may-in-3d-v400\/\" \/>\n<meta property=\"og:site_name\" content=\"NGE 3D Printers Services\" \/>\n<meta property=\"article:modified_time\" content=\"2024-10-29T10:11:52+00:00\" \/>\n<meta property=\"og:image\" content=\"https:\/\/nge.vn\/wp-content\/uploads\/2024\/10\/images-upload-woo2Fdcbb8d2c73ca735bc6173b45616ae844.jpg\" \/>\n\t<meta property=\"og:image:width\" content=\"358\" \/>\n\t<meta property=\"og:image:height\" content=\"358\" \/>\n\t<meta property=\"og:image:type\" content=\"image\/jpeg\" \/>\n<meta name=\"twitter:card\" content=\"summary_large_image\" \/>\n<meta name=\"twitter:label1\" content=\"Est. reading time\" \/>\n\t<meta name=\"twitter:data1\" content=\"1 minute\" \/>\n<script type=\"application\/ld+json\" class=\"yoast-schema-graph\">{\"@context\":\"https:\/\/schema.org\",\"@graph\":[{\"@type\":\"WebPage\",\"@id\":\"https:\/\/nge.vn\/san-pham\/module-mo-rong-cong-suat-ban-nhiet-flsun-mos-25a-v1-1-cho-may-in-3d-v400\/\",\"url\":\"https:\/\/nge.vn\/san-pham\/module-mo-rong-cong-suat-ban-nhiet-flsun-mos-25a-v1-1-cho-may-in-3d-v400\/\",\"name\":\"Module m\u1edf r\u1ed9ng c\u00f4ng su\u1ea5t b\u00e0n nhi\u1ec7t FLSUN Mos 25A V1.1 cho m\u00e1y in 3d V400 - NGE 3D Printers Services\",\"isPartOf\":{\"@id\":\"https:\/\/nge.vn\/#website\"},\"primaryImageOfPage\":{\"@id\":\"https:\/\/nge.vn\/san-pham\/module-mo-rong-cong-suat-ban-nhiet-flsun-mos-25a-v1-1-cho-may-in-3d-v400\/#primaryimage\"},\"image\":{\"@id\":\"https:\/\/nge.vn\/san-pham\/module-mo-rong-cong-suat-ban-nhiet-flsun-mos-25a-v1-1-cho-may-in-3d-v400\/#primaryimage\"},\"thumbnailUrl\":\"https:\/\/nge.vn\/wp-content\/uploads\/2024\/10\/images-upload-woo2Fdcbb8d2c73ca735bc6173b45616ae844.jpg\",\"datePublished\":\"2024-10-25T09:54:06+00:00\",\"dateModified\":\"2024-10-29T10:11:52+00:00\",\"breadcrumb\":{\"@id\":\"https:\/\/nge.vn\/san-pham\/module-mo-rong-cong-suat-ban-nhiet-flsun-mos-25a-v1-1-cho-may-in-3d-v400\/#breadcrumb\"},\"inLanguage\":\"en-US\",\"potentialAction\":[{\"@type\":\"ReadAction\",\"target\":[\"https:\/\/nge.vn\/san-pham\/module-mo-rong-cong-suat-ban-nhiet-flsun-mos-25a-v1-1-cho-may-in-3d-v400\/\"]}]},{\"@type\":\"ImageObject\",\"inLanguage\":\"en-US\",\"@id\":\"https:\/\/nge.vn\/san-pham\/module-mo-rong-cong-suat-ban-nhiet-flsun-mos-25a-v1-1-cho-may-in-3d-v400\/#primaryimage\",\"url\":\"https:\/\/nge.vn\/wp-content\/uploads\/2024\/10\/images-upload-woo2Fdcbb8d2c73ca735bc6173b45616ae844.jpg\",\"contentUrl\":\"https:\/\/nge.vn\/wp-content\/uploads\/2024\/10\/images-upload-woo2Fdcbb8d2c73ca735bc6173b45616ae844.jpg\",\"width\":358,\"height\":358},{\"@type\":\"BreadcrumbList\",\"@id\":\"https:\/\/nge.vn\/san-pham\/module-mo-rong-cong-suat-ban-nhiet-flsun-mos-25a-v1-1-cho-may-in-3d-v400\/#breadcrumb\",\"itemListElement\":[{\"@type\":\"ListItem\",\"position\":1,\"name\":\"Trang ch\u1ee7\",\"item\":\"https:\/\/nge.vn\/\"},{\"@type\":\"ListItem\",\"position\":2,\"name\":\"S\u1ea3n ph\u1ea9m\",\"item\":\"https:\/\/nge.vn\/san-pham\/\"},{\"@type\":\"ListItem\",\"position\":3,\"name\":\"Module m\u1edf r\u1ed9ng c\u00f4ng su\u1ea5t b\u00e0n nhi\u1ec7t FLSUN Mos 25A V1.1 cho m\u00e1y in 3d V400\"}]},{\"@type\":\"WebSite\",\"@id\":\"https:\/\/nge.vn\/#website\",\"url\":\"https:\/\/nge.vn\/\",\"name\":\"NGE 3D Printers Services\",\"description\":\"\",\"potentialAction\":[{\"@type\":\"SearchAction\",\"target\":{\"@type\":\"EntryPoint\",\"urlTemplate\":\"https:\/\/nge.vn\/?s={search_term_string}\"},\"query-input\":{\"@type\":\"PropertyValueSpecification\",\"valueRequired\":true,\"valueName\":\"search_term_string\"}}],\"inLanguage\":\"en-US\"}]}<\/script>\n<!-- \/ Yoast SEO Premium plugin. -->","yoast_head_json":{"title":"Module m\u1edf r\u1ed9ng c\u00f4ng su\u1ea5t b\u00e0n nhi\u1ec7t FLSUN Mos 25A V1.1 cho m\u00e1y in 3d V400 - NGE 3D Printers Services","robots":{"index":"index","follow":"follow","max-snippet":"max-snippet:-1","max-image-preview":"max-image-preview:large","max-video-preview":"max-video-preview:-1"},"canonical":"https:\/\/nge.vn\/en\/product\/module-mo-rong-cong-suat-ban-nhiet-flsun-mos-25a-v1-1-cho-may-in-3d-v400\/","og_locale":"en_US","og_type":"article","og_title":"Module m\u1edf r\u1ed9ng c\u00f4ng su\u1ea5t b\u00e0n nhi\u1ec7t FLSUN Mos 25A V1.1 cho m\u00e1y in 3d V400","og_description":"Module m\u1edf r\u1ed9ng c\u00f4ng su\u1ea5t b\u00e0n nhi\u1ec7t FLSUN Mos 25A V1.1 cho m\u00e1y in 3d V400","og_url":"https:\/\/nge.vn\/en\/product\/module-mo-rong-cong-suat-ban-nhiet-flsun-mos-25a-v1-1-cho-may-in-3d-v400\/","og_site_name":"NGE 3D Printers Services","article_modified_time":"2024-10-29T10:11:52+00:00","og_image":[{"width":358,"height":358,"url":"https:\/\/nge.vn\/wp-content\/uploads\/2024\/10\/images-upload-woo2Fdcbb8d2c73ca735bc6173b45616ae844.jpg","type":"image\/jpeg"}],"twitter_card":"summary_large_image","twitter_misc":{"Est. reading time":"1 minute"},"schema":{"@context":"https:\/\/schema.org","@graph":[{"@type":"WebPage","@id":"https:\/\/nge.vn\/san-pham\/module-mo-rong-cong-suat-ban-nhiet-flsun-mos-25a-v1-1-cho-may-in-3d-v400\/","url":"https:\/\/nge.vn\/san-pham\/module-mo-rong-cong-suat-ban-nhiet-flsun-mos-25a-v1-1-cho-may-in-3d-v400\/","name":"Module m\u1edf r\u1ed9ng c\u00f4ng su\u1ea5t b\u00e0n nhi\u1ec7t FLSUN Mos 25A V1.1 cho m\u00e1y in 3d V400 - NGE 3D Printers Services","isPartOf":{"@id":"https:\/\/nge.vn\/#website"},"primaryImageOfPage":{"@id":"https:\/\/nge.vn\/san-pham\/module-mo-rong-cong-suat-ban-nhiet-flsun-mos-25a-v1-1-cho-may-in-3d-v400\/#primaryimage"},"image":{"@id":"https:\/\/nge.vn\/san-pham\/module-mo-rong-cong-suat-ban-nhiet-flsun-mos-25a-v1-1-cho-may-in-3d-v400\/#primaryimage"},"thumbnailUrl":"https:\/\/nge.vn\/wp-content\/uploads\/2024\/10\/images-upload-woo2Fdcbb8d2c73ca735bc6173b45616ae844.jpg","datePublished":"2024-10-25T09:54:06+00:00","dateModified":"2024-10-29T10:11:52+00:00","breadcrumb":{"@id":"https:\/\/nge.vn\/san-pham\/module-mo-rong-cong-suat-ban-nhiet-flsun-mos-25a-v1-1-cho-may-in-3d-v400\/#breadcrumb"},"inLanguage":"en-US","potentialAction":[{"@type":"ReadAction","target":["https:\/\/nge.vn\/san-pham\/module-mo-rong-cong-suat-ban-nhiet-flsun-mos-25a-v1-1-cho-may-in-3d-v400\/"]}]},{"@type":"ImageObject","inLanguage":"en-US","@id":"https:\/\/nge.vn\/san-pham\/module-mo-rong-cong-suat-ban-nhiet-flsun-mos-25a-v1-1-cho-may-in-3d-v400\/#primaryimage","url":"https:\/\/nge.vn\/wp-content\/uploads\/2024\/10\/images-upload-woo2Fdcbb8d2c73ca735bc6173b45616ae844.jpg","contentUrl":"https:\/\/nge.vn\/wp-content\/uploads\/2024\/10\/images-upload-woo2Fdcbb8d2c73ca735bc6173b45616ae844.jpg","width":358,"height":358},{"@type":"BreadcrumbList","@id":"https:\/\/nge.vn\/san-pham\/module-mo-rong-cong-suat-ban-nhiet-flsun-mos-25a-v1-1-cho-may-in-3d-v400\/#breadcrumb","itemListElement":[{"@type":"ListItem","position":1,"name":"Trang ch\u1ee7","item":"https:\/\/nge.vn\/"},{"@type":"ListItem","position":2,"name":"S\u1ea3n ph\u1ea9m","item":"https:\/\/nge.vn\/san-pham\/"},{"@type":"ListItem","position":3,"name":"Module m\u1edf r\u1ed9ng c\u00f4ng su\u1ea5t b\u00e0n nhi\u1ec7t FLSUN Mos 25A V1.1 cho m\u00e1y in 3d V400"}]},{"@type":"WebSite","@id":"https:\/\/nge.vn\/#website","url":"https:\/\/nge.vn\/","name":"NGE 3D Printers Services","description":"","potentialAction":[{"@type":"SearchAction","target":{"@type":"EntryPoint","urlTemplate":"https:\/\/nge.vn\/?s={search_term_string}"},"query-input":{"@type":"PropertyValueSpecification","valueRequired":true,"valueName":"search_term_string"}}],"inLanguage":"en-US"}]}},"_links":{"self":[{"href":"https:\/\/nge.vn\/en\/wp-json\/wp\/v2\/product\/1730","targetHints":{"allow":["GET"]}}],"collection":[{"href":"https:\/\/nge.vn\/en\/wp-json\/wp\/v2\/product"}],"about":[{"href":"https:\/\/nge.vn\/en\/wp-json\/wp\/v2\/types\/product"}],"replies":[{"embeddable":true,"href":"https:\/\/nge.vn\/en\/wp-json\/wp\/v2\/comments?post=1730"}],"wp:featuredmedia":[{"embeddable":true,"href":"https:\/\/nge.vn\/en\/wp-json\/wp\/v2\/media\/1725"}],"wp:attachment":[{"href":"https:\/\/nge.vn\/en\/wp-json\/wp\/v2\/media?parent=1730"}],"wp:term":[{"taxonomy":"product_brand","embeddable":true,"href":"https:\/\/nge.vn\/en\/wp-json\/wp\/v2\/product_brand?post=1730"},{"taxonomy":"product_cat","embeddable":true,"href":"https:\/\/nge.vn\/en\/wp-json\/wp\/v2\/product_cat?post=1730"},{"taxonomy":"product_tag","embeddable":true,"href":"https:\/\/nge.vn\/en\/wp-json\/wp\/v2\/product_tag?post=1730"}],"curies":[{"name":"wp","href":"https:\/\/api.w.org\/{rel}","templated":true}]}}