{"id":1711,"date":"2024-10-25T16:48:35","date_gmt":"2024-10-25T09:48:35","guid":{"rendered":"https:\/\/nge.123websitedev.com\/san-pham\/day-gia-nhiet-dau-dun-heating-rod-24v-60w-cho-may-in-3d-delta-flsun-v400\/"},"modified":"2024-10-29T17:11:29","modified_gmt":"2024-10-29T10:11:29","slug":"day-gia-nhiet-dau-dun-heating-rod-24v-60w-cho-may-in-3d-delta-flsun-v400","status":"publish","type":"product","link":"https:\/\/nge.vn\/en\/product\/day-gia-nhiet-dau-dun-heating-rod-24v-60w-cho-may-in-3d-delta-flsun-v400\/","title":{"rendered":"D\u00e2y gia nhi\u1ec7t \u0111\u1ea7u \u0111\u00f9n Heating Rod 24V 60W cho m\u00e1y in 3d Delta FLSUN V400"},"content":{"rendered":"<p>D\u00e2y gia nhi\u1ec7t \u0111\u1ea7u \u0111\u00f9n cho m\u00e1y in 3d Delta FLSUN V400 24V 60W<\/p>\n<p>Th\u00f4ng tin s\u1ea3n ph\u1ea9m:<br \/>\n+T\u00ean s\u1ea3n ph\u1ea9m: Heating Rod (cho m\u00e1y in 3d FLSUN V400)<br \/>\n+\u0110i\u1ec7n \u00e1p: 24V<br \/>\n+C\u00f4ng su\u1ea5t: 60W<br \/>\n+Nhi\u1ec7t \u0111\u1ed9 l\u00e0m vi\u1ec7c: \u2264300\u2103<br \/>\n+Chi\u1ec1u d\u00e0i c\u00e1p: 90\u00b15CM<br \/>\n+\u0110i\u00ea\u0323n tr\u01a1\u0309: 13.5-15.5\u03a9<br \/>\n+K\u00edch th\u01b0\u1edbc \u0111\u1ea7u gia nhi\u1ec7t: \u03c66*20mm<br \/>\n+V\u1eadt li\u1ec7u \u0111\u1ea7u gia nhi\u1ec7t: Inox 304<br \/>\n+Tu\u1ed5i th\u1ecd: 10000h<br \/>\n+Tro\u0323ng l\u01b0\u01a1\u0323ng: 14g<br \/>\n+M\u00e0u: Red<\/p>\n<p>**To receive a better price, please contact the shop directly.<br \/>\n     0913.939.775 contact A.Quan (for English)<br \/>\n     094.144.0951 contact A.Quynh<br \/>\n**Selling price does not include VAT (+10% if VAT invoice is issued)<\/p>","protected":false},"excerpt":{"rendered":"<p>D\u00e2y gia nhi\u1ec7t \u0111\u1ea7u \u0111\u00f9n Heating Rod 24V 60W cho m\u00e1y in 3d Delta FLSUN V400<\/p>","protected":false},"featured_media":1704,"comment_status":"open","ping_status":"closed","template":"","meta":{"inline_featured_image":false},"product_brand":[],"product_cat":[57,40],"product_tag":[],"class_list":{"0":"post-1711","1":"product","2":"type-product","3":"status-publish","4":"has-post-thumbnail","6":"product_cat-linh-kien-may-in-3d-flsun","7":"product_cat-linh-kien-va-phu-kien","9":"first","10":"instock","11":"taxable","12":"shipping-taxable","13":"purchasable","14":"product-type-simple"},"yoast_head":"<!-- This site is optimized with the Yoast SEO Premium plugin v22.8 (Yoast SEO v26.9) - https:\/\/yoast.com\/product\/yoast-seo-premium-wordpress\/ -->\n<title>D\u00e2y gia nhi\u1ec7t \u0111\u1ea7u \u0111\u00f9n Heating Rod 24V 60W cho m\u00e1y in 3d Delta FLSUN V400 - NGE 3D Printers Services<\/title>\n<meta name=\"robots\" content=\"index, follow, max-snippet:-1, max-image-preview:large, max-video-preview:-1\" \/>\n<link rel=\"canonical\" href=\"https:\/\/nge.vn\/en\/product\/day-gia-nhiet-dau-dun-heating-rod-24v-60w-cho-may-in-3d-delta-flsun-v400\/\" \/>\n<meta property=\"og:locale\" content=\"en_US\" \/>\n<meta property=\"og:type\" content=\"article\" \/>\n<meta property=\"og:title\" content=\"D\u00e2y gia nhi\u1ec7t \u0111\u1ea7u \u0111\u00f9n Heating Rod 24V 60W cho m\u00e1y in 3d Delta FLSUN V400\" \/>\n<meta property=\"og:description\" content=\"D\u00e2y gia nhi\u1ec7t \u0111\u1ea7u \u0111\u00f9n Heating Rod 24V 60W cho m\u00e1y in 3d Delta FLSUN V400\" \/>\n<meta property=\"og:url\" content=\"https:\/\/nge.vn\/en\/product\/day-gia-nhiet-dau-dun-heating-rod-24v-60w-cho-may-in-3d-delta-flsun-v400\/\" \/>\n<meta property=\"og:site_name\" content=\"NGE 3D Printers Services\" \/>\n<meta property=\"article:modified_time\" content=\"2024-10-29T10:11:29+00:00\" \/>\n<meta property=\"og:image\" content=\"https:\/\/nge.vn\/wp-content\/uploads\/2024\/10\/images-upload-woo2F836b394fb6334df43bde837dd8aa4cfc.jpg\" \/>\n\t<meta property=\"og:image:width\" content=\"668\" \/>\n\t<meta property=\"og:image:height\" content=\"668\" \/>\n\t<meta property=\"og:image:type\" content=\"image\/jpeg\" \/>\n<meta name=\"twitter:card\" content=\"summary_large_image\" \/>\n<meta name=\"twitter:label1\" content=\"Est. reading time\" \/>\n\t<meta name=\"twitter:data1\" content=\"1 minute\" \/>\n<script type=\"application\/ld+json\" class=\"yoast-schema-graph\">{\"@context\":\"https:\/\/schema.org\",\"@graph\":[{\"@type\":\"WebPage\",\"@id\":\"https:\/\/nge.vn\/san-pham\/day-gia-nhiet-dau-dun-heating-rod-24v-60w-cho-may-in-3d-delta-flsun-v400\/\",\"url\":\"https:\/\/nge.vn\/san-pham\/day-gia-nhiet-dau-dun-heating-rod-24v-60w-cho-may-in-3d-delta-flsun-v400\/\",\"name\":\"D\u00e2y gia nhi\u1ec7t \u0111\u1ea7u \u0111\u00f9n Heating Rod 24V 60W cho m\u00e1y in 3d Delta FLSUN V400 - NGE 3D Printers Services\",\"isPartOf\":{\"@id\":\"https:\/\/nge.vn\/#website\"},\"primaryImageOfPage\":{\"@id\":\"https:\/\/nge.vn\/san-pham\/day-gia-nhiet-dau-dun-heating-rod-24v-60w-cho-may-in-3d-delta-flsun-v400\/#primaryimage\"},\"image\":{\"@id\":\"https:\/\/nge.vn\/san-pham\/day-gia-nhiet-dau-dun-heating-rod-24v-60w-cho-may-in-3d-delta-flsun-v400\/#primaryimage\"},\"thumbnailUrl\":\"https:\/\/nge.vn\/wp-content\/uploads\/2024\/10\/images-upload-woo2F836b394fb6334df43bde837dd8aa4cfc.jpg\",\"datePublished\":\"2024-10-25T09:48:35+00:00\",\"dateModified\":\"2024-10-29T10:11:29+00:00\",\"breadcrumb\":{\"@id\":\"https:\/\/nge.vn\/san-pham\/day-gia-nhiet-dau-dun-heating-rod-24v-60w-cho-may-in-3d-delta-flsun-v400\/#breadcrumb\"},\"inLanguage\":\"en-US\",\"potentialAction\":[{\"@type\":\"ReadAction\",\"target\":[\"https:\/\/nge.vn\/san-pham\/day-gia-nhiet-dau-dun-heating-rod-24v-60w-cho-may-in-3d-delta-flsun-v400\/\"]}]},{\"@type\":\"ImageObject\",\"inLanguage\":\"en-US\",\"@id\":\"https:\/\/nge.vn\/san-pham\/day-gia-nhiet-dau-dun-heating-rod-24v-60w-cho-may-in-3d-delta-flsun-v400\/#primaryimage\",\"url\":\"https:\/\/nge.vn\/wp-content\/uploads\/2024\/10\/images-upload-woo2F836b394fb6334df43bde837dd8aa4cfc.jpg\",\"contentUrl\":\"https:\/\/nge.vn\/wp-content\/uploads\/2024\/10\/images-upload-woo2F836b394fb6334df43bde837dd8aa4cfc.jpg\",\"width\":668,\"height\":668},{\"@type\":\"BreadcrumbList\",\"@id\":\"https:\/\/nge.vn\/san-pham\/day-gia-nhiet-dau-dun-heating-rod-24v-60w-cho-may-in-3d-delta-flsun-v400\/#breadcrumb\",\"itemListElement\":[{\"@type\":\"ListItem\",\"position\":1,\"name\":\"Trang ch\u1ee7\",\"item\":\"https:\/\/nge.vn\/\"},{\"@type\":\"ListItem\",\"position\":2,\"name\":\"S\u1ea3n ph\u1ea9m\",\"item\":\"https:\/\/nge.vn\/san-pham\/\"},{\"@type\":\"ListItem\",\"position\":3,\"name\":\"D\u00e2y gia nhi\u1ec7t \u0111\u1ea7u \u0111\u00f9n Heating Rod 24V 60W cho m\u00e1y in 3d Delta FLSUN V400\"}]},{\"@type\":\"WebSite\",\"@id\":\"https:\/\/nge.vn\/#website\",\"url\":\"https:\/\/nge.vn\/\",\"name\":\"NGE 3D Printers Services\",\"description\":\"\",\"potentialAction\":[{\"@type\":\"SearchAction\",\"target\":{\"@type\":\"EntryPoint\",\"urlTemplate\":\"https:\/\/nge.vn\/?s={search_term_string}\"},\"query-input\":{\"@type\":\"PropertyValueSpecification\",\"valueRequired\":true,\"valueName\":\"search_term_string\"}}],\"inLanguage\":\"en-US\"}]}<\/script>\n<!-- \/ Yoast SEO Premium plugin. -->","yoast_head_json":{"title":"D\u00e2y gia nhi\u1ec7t \u0111\u1ea7u \u0111\u00f9n Heating Rod 24V 60W cho m\u00e1y in 3d Delta FLSUN V400 - NGE 3D Printers Services","robots":{"index":"index","follow":"follow","max-snippet":"max-snippet:-1","max-image-preview":"max-image-preview:large","max-video-preview":"max-video-preview:-1"},"canonical":"https:\/\/nge.vn\/en\/product\/day-gia-nhiet-dau-dun-heating-rod-24v-60w-cho-may-in-3d-delta-flsun-v400\/","og_locale":"en_US","og_type":"article","og_title":"D\u00e2y gia nhi\u1ec7t \u0111\u1ea7u \u0111\u00f9n Heating Rod 24V 60W cho m\u00e1y in 3d Delta FLSUN V400","og_description":"D\u00e2y gia nhi\u1ec7t \u0111\u1ea7u \u0111\u00f9n Heating Rod 24V 60W cho m\u00e1y in 3d Delta FLSUN V400","og_url":"https:\/\/nge.vn\/en\/product\/day-gia-nhiet-dau-dun-heating-rod-24v-60w-cho-may-in-3d-delta-flsun-v400\/","og_site_name":"NGE 3D Printers Services","article_modified_time":"2024-10-29T10:11:29+00:00","og_image":[{"width":668,"height":668,"url":"https:\/\/nge.vn\/wp-content\/uploads\/2024\/10\/images-upload-woo2F836b394fb6334df43bde837dd8aa4cfc.jpg","type":"image\/jpeg"}],"twitter_card":"summary_large_image","twitter_misc":{"Est. reading time":"1 minute"},"schema":{"@context":"https:\/\/schema.org","@graph":[{"@type":"WebPage","@id":"https:\/\/nge.vn\/san-pham\/day-gia-nhiet-dau-dun-heating-rod-24v-60w-cho-may-in-3d-delta-flsun-v400\/","url":"https:\/\/nge.vn\/san-pham\/day-gia-nhiet-dau-dun-heating-rod-24v-60w-cho-may-in-3d-delta-flsun-v400\/","name":"D\u00e2y gia nhi\u1ec7t \u0111\u1ea7u \u0111\u00f9n Heating Rod 24V 60W cho m\u00e1y in 3d Delta FLSUN V400 - NGE 3D Printers Services","isPartOf":{"@id":"https:\/\/nge.vn\/#website"},"primaryImageOfPage":{"@id":"https:\/\/nge.vn\/san-pham\/day-gia-nhiet-dau-dun-heating-rod-24v-60w-cho-may-in-3d-delta-flsun-v400\/#primaryimage"},"image":{"@id":"https:\/\/nge.vn\/san-pham\/day-gia-nhiet-dau-dun-heating-rod-24v-60w-cho-may-in-3d-delta-flsun-v400\/#primaryimage"},"thumbnailUrl":"https:\/\/nge.vn\/wp-content\/uploads\/2024\/10\/images-upload-woo2F836b394fb6334df43bde837dd8aa4cfc.jpg","datePublished":"2024-10-25T09:48:35+00:00","dateModified":"2024-10-29T10:11:29+00:00","breadcrumb":{"@id":"https:\/\/nge.vn\/san-pham\/day-gia-nhiet-dau-dun-heating-rod-24v-60w-cho-may-in-3d-delta-flsun-v400\/#breadcrumb"},"inLanguage":"en-US","potentialAction":[{"@type":"ReadAction","target":["https:\/\/nge.vn\/san-pham\/day-gia-nhiet-dau-dun-heating-rod-24v-60w-cho-may-in-3d-delta-flsun-v400\/"]}]},{"@type":"ImageObject","inLanguage":"en-US","@id":"https:\/\/nge.vn\/san-pham\/day-gia-nhiet-dau-dun-heating-rod-24v-60w-cho-may-in-3d-delta-flsun-v400\/#primaryimage","url":"https:\/\/nge.vn\/wp-content\/uploads\/2024\/10\/images-upload-woo2F836b394fb6334df43bde837dd8aa4cfc.jpg","contentUrl":"https:\/\/nge.vn\/wp-content\/uploads\/2024\/10\/images-upload-woo2F836b394fb6334df43bde837dd8aa4cfc.jpg","width":668,"height":668},{"@type":"BreadcrumbList","@id":"https:\/\/nge.vn\/san-pham\/day-gia-nhiet-dau-dun-heating-rod-24v-60w-cho-may-in-3d-delta-flsun-v400\/#breadcrumb","itemListElement":[{"@type":"ListItem","position":1,"name":"Trang ch\u1ee7","item":"https:\/\/nge.vn\/"},{"@type":"ListItem","position":2,"name":"S\u1ea3n ph\u1ea9m","item":"https:\/\/nge.vn\/san-pham\/"},{"@type":"ListItem","position":3,"name":"D\u00e2y gia nhi\u1ec7t \u0111\u1ea7u \u0111\u00f9n Heating Rod 24V 60W cho m\u00e1y in 3d Delta FLSUN V400"}]},{"@type":"WebSite","@id":"https:\/\/nge.vn\/#website","url":"https:\/\/nge.vn\/","name":"NGE 3D Printers Services","description":"","potentialAction":[{"@type":"SearchAction","target":{"@type":"EntryPoint","urlTemplate":"https:\/\/nge.vn\/?s={search_term_string}"},"query-input":{"@type":"PropertyValueSpecification","valueRequired":true,"valueName":"search_term_string"}}],"inLanguage":"en-US"}]}},"_links":{"self":[{"href":"https:\/\/nge.vn\/en\/wp-json\/wp\/v2\/product\/1711","targetHints":{"allow":["GET"]}}],"collection":[{"href":"https:\/\/nge.vn\/en\/wp-json\/wp\/v2\/product"}],"about":[{"href":"https:\/\/nge.vn\/en\/wp-json\/wp\/v2\/types\/product"}],"replies":[{"embeddable":true,"href":"https:\/\/nge.vn\/en\/wp-json\/wp\/v2\/comments?post=1711"}],"wp:featuredmedia":[{"embeddable":true,"href":"https:\/\/nge.vn\/en\/wp-json\/wp\/v2\/media\/1704"}],"wp:attachment":[{"href":"https:\/\/nge.vn\/en\/wp-json\/wp\/v2\/media?parent=1711"}],"wp:term":[{"taxonomy":"product_brand","embeddable":true,"href":"https:\/\/nge.vn\/en\/wp-json\/wp\/v2\/product_brand?post=1711"},{"taxonomy":"product_cat","embeddable":true,"href":"https:\/\/nge.vn\/en\/wp-json\/wp\/v2\/product_cat?post=1711"},{"taxonomy":"product_tag","embeddable":true,"href":"https:\/\/nge.vn\/en\/wp-json\/wp\/v2\/product_tag?post=1711"}],"curies":[{"name":"wp","href":"https:\/\/api.w.org\/{rel}","templated":true}]}}