{"id":1703,"date":"2024-10-25T16:46:41","date_gmt":"2024-10-25T09:46:41","guid":{"rendered":"https:\/\/nge.123websitedev.com\/san-pham\/dau-dun-nhua-may-in-3d-creality-3d-printer-part-3d-printing-brass-nozzle-d8-0-4mm-set-5-pcs\/"},"modified":"2024-10-29T14:52:07","modified_gmt":"2024-10-29T07:52:07","slug":"dau-dun-nhua-may-in-3d-creality-3d-printer-part-3d-printing-brass-nozzle-d8-0-4mm-set-5-pcs","status":"publish","type":"product","link":"https:\/\/nge.vn\/en\/product\/dau-dun-nhua-may-in-3d-creality-3d-printer-part-3d-printing-brass-nozzle-d8-0-4mm-set-5-pcs\/","title":{"rendered":"\u0110\u1ea7u \u0111\u00f9n nh\u1ef1a m\u00e1y in 3d CREALITY 3D Printer Part 3D Printing Brass Nozzle D8 0.4mm set\/ 5 pcs"},"content":{"rendered":"<p>\u0110\u1ea7u \u0111\u00f9n nh\u1ef1a m\u00e1y in 3d CREALITY 3D Printer Part 3D Printing Brass Nozzle D8 0.4mm 5 pcs<\/p>\n<p> ***\u0110\u1ea7u phun nh\u1ef1a b\u1eb1ng \u0111\u1ed3ng s\u1eed d\u1ee5ng cho t\u1ea5t c\u1ea3 c\u00e1c m\u00e1y in 3D FDM c\u1ee7a Creality<br \/>\n_\u0110\u00fac ch\u00ednh x\u00e1c: th\u00e0nh b\u00ean trong m\u1ecbn m\u00e0 kh\u00f4ng l\u00f2i l\u00f5m gi\u00fap \u0111\u1ea9y s\u1ee3i nh\u1ef1a ra m\u01b0\u1ee3t m\u00e0 h\u01a1n<br \/>\n_V\u00e1t m\u00e9p th\u1ee7 c\u00f4ng: M\u0169i c\u00f3 v\u00e1t, v\u00f2i tr\u00f2n<br \/>\n_\u0110\u01b0\u1eddng giao nhau li\u1ec1n m\u1ea1ch: M\u1ed1i n\u1ed1i li\u1ec1n m\u1ea1ch ng\u0103n ng\u1eeba r\u00f2 r\u1ec9 d\u00e2y t\u00f3c t\u1eeb \u0111\u1ea7u v\u00f2i phun<br \/>\n_\u0110\u1ed9 d\u1eabn nhi\u1ec7t t\u1ed1t h\u01a1n, \u0111\u1ed9 c\u1ee9ng cao h\u01a1n<br \/>\n_Ch\u1ea5t l\u01b0\u1ee3ng in t\u1ed1t h\u01a1n v\u1edbi kh\u1ea3 n\u0103ng d\u1eabn nhi\u1ec7t v\u00e0 ch\u1ed1ng m\u00e0i m\u00f2n tuy\u1ec7t v\u1eddi<br \/>\n_B\u1ec1 m\u1eb7t nh\u1eb5n n\u1ebfu m\u00f4 h\u00ecnh \u0111\u01b0\u1ee3c in b\u1eb1ng \u0111\u1ea7u phun b\u1eb1ng \u0111\u1ed3ng qu\u1ed1c t\u1ebf Nozzle D8 c\u1ee7a Creality.<br \/>\n_Kh\u1ea3 n\u0103ng t\u01b0\u01a1ng th\u00edch v\u00e0 \u1ee9ng d\u1ee5ng t\u1ed1t h\u01a1n: \u0110\u1ea7u phun b\u1eb1ng \u0111\u1ed3ng qu\u1ed1c t\u1ebf c\u00f3 th\u1ec3 \u0111\u01b0\u1ee3c s\u1eed d\u1ee5ng v\u1edbi h\u1ea7u h\u1ebft c\u00e1c kh\u1ed1i gia nhi\u1ec7t nh\u01b0 E3D, mk8, v.v.<br \/>\n_N\u00f3 c\u0169ng ph\u00f9 h\u1ee3p v\u1edbi t\u1ea5t c\u1ea3 c\u00e1c m\u00f4 h\u00ecnh c\u1ee7a Creality 3D<\/p>\n<p>**Th\u00f4ng s\u1ed1 \u0110\u1ea7u \u0111\u00f9n nh\u1ef1a m\u00e1y in 3d:<br \/>\n+H\u00e3ng\uff1a Creality<br \/>\n+S\u1ea3n ph\u1ea9m\uff1a Brass Nozzle D8(V\u00f2i phun nh\u1ef1a b\u1eb1ng \u0111\u1ed3ng thau)<br \/>\n+Ch\u1ea5t li\u1ec7u \uff1a \u0110\u1ed3ng thau qu\u1ed1c t\u1ebf<br \/>\n+K\u00edch th\u01b0\u1edbc s\u1ea3n ph\u1ea9m \uff1a 8mm*15mm<br \/>\n+K\u00edch th\u01b0\u1edbc s\u1ee3i t\u01b0\u01a1ng th\u00edch \uff1a 1.75mm<br \/>\n+K\u00edch th\u01b0\u1edbc \u0111\u1ea7u v\u00f2i\uff1a 0.4mm<br \/>\n+K\u00edch th\u01b0\u1edbc \u0111\u00f3ng g\u00f3i: 190\u00d780\u00d720mm<br \/>\n+G.W\uff1a13g<br \/>\n+N.W.\uff1a10g<br \/>\n+S\u1ed1ng l\u01b0\u1ee3ng: 1 g\u00f3i\/ 5 c\u00e1i (pcs)<\/p>\n<p>+S\u1eed d\u1ee5ng cho c\u00e1c m\u00e1y Creality: CR-5060 \/ CR-5080 \/ CR-3040S<\/p>\n<p>**\u0110\u1ec3 \u0111\u01b0\u1ee3c nh\u1eadn h\u1ed9 tr\u1ee3 th\u00eam v\u1ec1 Gi\u00e1 v\u00e0 Th\u00f4ng tin c\u1ee7a s\u1ea3n ph\u1ea9m, vui l\u00f2ng li\u00ean h\u1ec7:<br \/>\n          0913.939.775 &#8211; 0934.156.173 Mr. Qu\u00e2n (for english)<br \/>\n          094.144.0951 contact A.Quynh<br \/>\n**Selling price does not include VAT (+10% if VAT invoice is issued)<\/p>","protected":false},"excerpt":{"rendered":"<p>\u0110\u1ea7u \u0111\u00f9n nh\u1ef1a m\u00e1y in 3d CREALITY 3D Printer Part 3D Printing Brass Nozzle D8 0.4mm set\/ 5 pcs<\/p>","protected":false},"featured_media":1694,"comment_status":"open","ping_status":"closed","template":"","meta":{"inline_featured_image":false},"product_brand":[],"product_cat":[461,40,56],"product_tag":[],"class_list":{"0":"post-1703","1":"product","2":"type-product","3":"status-publish","4":"has-post-thumbnail","6":"product_cat-linh-kien-cum-dun-va-cam-bien","7":"product_cat-linh-kien-va-phu-kien","8":"product_cat-linh-phu-kien-may-in-3d-creality","10":"first","11":"instock","12":"taxable","13":"shipping-taxable","14":"purchasable","15":"product-type-simple"},"yoast_head":"<!-- This site is optimized with the Yoast SEO Premium plugin v22.8 (Yoast SEO v26.9) - https:\/\/yoast.com\/product\/yoast-seo-premium-wordpress\/ -->\n<title>\u0110\u1ea7u \u0111\u00f9n nh\u1ef1a m\u00e1y in 3d CREALITY 3D Printer Part 3D Printing Brass Nozzle D8 0.4mm set\/ 5 pcs - NGE 3D Printers Services<\/title>\n<meta name=\"robots\" content=\"index, follow, max-snippet:-1, max-image-preview:large, max-video-preview:-1\" \/>\n<link rel=\"canonical\" href=\"https:\/\/nge.vn\/en\/product\/dau-dun-nhua-may-in-3d-creality-3d-printer-part-3d-printing-brass-nozzle-d8-0-4mm-set-5-pcs\/\" \/>\n<meta property=\"og:locale\" content=\"en_US\" \/>\n<meta property=\"og:type\" content=\"article\" \/>\n<meta property=\"og:title\" content=\"\u0110\u1ea7u \u0111\u00f9n nh\u1ef1a m\u00e1y in 3d CREALITY 3D Printer Part 3D Printing Brass Nozzle D8 0.4mm set\/ 5 pcs\" \/>\n<meta property=\"og:description\" content=\"\u0110\u1ea7u \u0111\u00f9n nh\u1ef1a m\u00e1y in 3d CREALITY 3D Printer Part 3D Printing Brass Nozzle D8 0.4mm set\/ 5 pcs\" \/>\n<meta property=\"og:url\" content=\"https:\/\/nge.vn\/en\/product\/dau-dun-nhua-may-in-3d-creality-3d-printer-part-3d-printing-brass-nozzle-d8-0-4mm-set-5-pcs\/\" \/>\n<meta property=\"og:site_name\" content=\"NGE 3D Printers Services\" \/>\n<meta property=\"article:modified_time\" content=\"2024-10-29T07:52:07+00:00\" \/>\n<meta property=\"og:image\" content=\"https:\/\/nge.vn\/wp-content\/uploads\/2024\/10\/images-upload-woo2F37a7f53a9d8f1b4429f5262fd3720803.jpg\" \/>\n\t<meta property=\"og:image:width\" content=\"1024\" \/>\n\t<meta property=\"og:image:height\" content=\"1024\" \/>\n\t<meta property=\"og:image:type\" content=\"image\/jpeg\" \/>\n<meta name=\"twitter:card\" content=\"summary_large_image\" \/>\n<meta name=\"twitter:label1\" content=\"Est. reading time\" \/>\n\t<meta name=\"twitter:data1\" content=\"2 minutes\" \/>\n<script type=\"application\/ld+json\" class=\"yoast-schema-graph\">{\"@context\":\"https:\/\/schema.org\",\"@graph\":[{\"@type\":\"WebPage\",\"@id\":\"https:\/\/nge.vn\/san-pham\/dau-dun-nhua-may-in-3d-creality-3d-printer-part-3d-printing-brass-nozzle-d8-0-4mm-set-5-pcs\/\",\"url\":\"https:\/\/nge.vn\/san-pham\/dau-dun-nhua-may-in-3d-creality-3d-printer-part-3d-printing-brass-nozzle-d8-0-4mm-set-5-pcs\/\",\"name\":\"\u0110\u1ea7u \u0111\u00f9n nh\u1ef1a m\u00e1y in 3d CREALITY 3D Printer Part 3D Printing Brass Nozzle D8 0.4mm set\/ 5 pcs - NGE 3D Printers Services\",\"isPartOf\":{\"@id\":\"https:\/\/nge.vn\/#website\"},\"primaryImageOfPage\":{\"@id\":\"https:\/\/nge.vn\/san-pham\/dau-dun-nhua-may-in-3d-creality-3d-printer-part-3d-printing-brass-nozzle-d8-0-4mm-set-5-pcs\/#primaryimage\"},\"image\":{\"@id\":\"https:\/\/nge.vn\/san-pham\/dau-dun-nhua-may-in-3d-creality-3d-printer-part-3d-printing-brass-nozzle-d8-0-4mm-set-5-pcs\/#primaryimage\"},\"thumbnailUrl\":\"https:\/\/nge.vn\/wp-content\/uploads\/2024\/10\/images-upload-woo2F37a7f53a9d8f1b4429f5262fd3720803.jpg\",\"datePublished\":\"2024-10-25T09:46:41+00:00\",\"dateModified\":\"2024-10-29T07:52:07+00:00\",\"breadcrumb\":{\"@id\":\"https:\/\/nge.vn\/san-pham\/dau-dun-nhua-may-in-3d-creality-3d-printer-part-3d-printing-brass-nozzle-d8-0-4mm-set-5-pcs\/#breadcrumb\"},\"inLanguage\":\"en-US\",\"potentialAction\":[{\"@type\":\"ReadAction\",\"target\":[\"https:\/\/nge.vn\/san-pham\/dau-dun-nhua-may-in-3d-creality-3d-printer-part-3d-printing-brass-nozzle-d8-0-4mm-set-5-pcs\/\"]}]},{\"@type\":\"ImageObject\",\"inLanguage\":\"en-US\",\"@id\":\"https:\/\/nge.vn\/san-pham\/dau-dun-nhua-may-in-3d-creality-3d-printer-part-3d-printing-brass-nozzle-d8-0-4mm-set-5-pcs\/#primaryimage\",\"url\":\"https:\/\/nge.vn\/wp-content\/uploads\/2024\/10\/images-upload-woo2F37a7f53a9d8f1b4429f5262fd3720803.jpg\",\"contentUrl\":\"https:\/\/nge.vn\/wp-content\/uploads\/2024\/10\/images-upload-woo2F37a7f53a9d8f1b4429f5262fd3720803.jpg\",\"width\":1024,\"height\":1024},{\"@type\":\"BreadcrumbList\",\"@id\":\"https:\/\/nge.vn\/san-pham\/dau-dun-nhua-may-in-3d-creality-3d-printer-part-3d-printing-brass-nozzle-d8-0-4mm-set-5-pcs\/#breadcrumb\",\"itemListElement\":[{\"@type\":\"ListItem\",\"position\":1,\"name\":\"Trang ch\u1ee7\",\"item\":\"https:\/\/nge.vn\/\"},{\"@type\":\"ListItem\",\"position\":2,\"name\":\"S\u1ea3n ph\u1ea9m\",\"item\":\"https:\/\/nge.vn\/san-pham\/\"},{\"@type\":\"ListItem\",\"position\":3,\"name\":\"\u0110\u1ea7u \u0111\u00f9n nh\u1ef1a m\u00e1y in 3d CREALITY 3D Printer Part 3D Printing Brass Nozzle D8 0.4mm set\/ 5 pcs\"}]},{\"@type\":\"WebSite\",\"@id\":\"https:\/\/nge.vn\/#website\",\"url\":\"https:\/\/nge.vn\/\",\"name\":\"NGE 3D Printers Services\",\"description\":\"\",\"potentialAction\":[{\"@type\":\"SearchAction\",\"target\":{\"@type\":\"EntryPoint\",\"urlTemplate\":\"https:\/\/nge.vn\/?s={search_term_string}\"},\"query-input\":{\"@type\":\"PropertyValueSpecification\",\"valueRequired\":true,\"valueName\":\"search_term_string\"}}],\"inLanguage\":\"en-US\"}]}<\/script>\n<!-- \/ Yoast SEO Premium plugin. -->","yoast_head_json":{"title":"\u0110\u1ea7u \u0111\u00f9n nh\u1ef1a m\u00e1y in 3d CREALITY 3D Printer Part 3D Printing Brass Nozzle D8 0.4mm set\/ 5 pcs - NGE 3D Printers Services","robots":{"index":"index","follow":"follow","max-snippet":"max-snippet:-1","max-image-preview":"max-image-preview:large","max-video-preview":"max-video-preview:-1"},"canonical":"https:\/\/nge.vn\/en\/product\/dau-dun-nhua-may-in-3d-creality-3d-printer-part-3d-printing-brass-nozzle-d8-0-4mm-set-5-pcs\/","og_locale":"en_US","og_type":"article","og_title":"\u0110\u1ea7u \u0111\u00f9n nh\u1ef1a m\u00e1y in 3d CREALITY 3D Printer Part 3D Printing Brass Nozzle D8 0.4mm set\/ 5 pcs","og_description":"\u0110\u1ea7u \u0111\u00f9n nh\u1ef1a m\u00e1y in 3d CREALITY 3D Printer Part 3D Printing Brass Nozzle D8 0.4mm set\/ 5 pcs","og_url":"https:\/\/nge.vn\/en\/product\/dau-dun-nhua-may-in-3d-creality-3d-printer-part-3d-printing-brass-nozzle-d8-0-4mm-set-5-pcs\/","og_site_name":"NGE 3D Printers Services","article_modified_time":"2024-10-29T07:52:07+00:00","og_image":[{"width":1024,"height":1024,"url":"https:\/\/nge.vn\/wp-content\/uploads\/2024\/10\/images-upload-woo2F37a7f53a9d8f1b4429f5262fd3720803.jpg","type":"image\/jpeg"}],"twitter_card":"summary_large_image","twitter_misc":{"Est. reading time":"2 minutes"},"schema":{"@context":"https:\/\/schema.org","@graph":[{"@type":"WebPage","@id":"https:\/\/nge.vn\/san-pham\/dau-dun-nhua-may-in-3d-creality-3d-printer-part-3d-printing-brass-nozzle-d8-0-4mm-set-5-pcs\/","url":"https:\/\/nge.vn\/san-pham\/dau-dun-nhua-may-in-3d-creality-3d-printer-part-3d-printing-brass-nozzle-d8-0-4mm-set-5-pcs\/","name":"\u0110\u1ea7u \u0111\u00f9n nh\u1ef1a m\u00e1y in 3d CREALITY 3D Printer Part 3D Printing Brass Nozzle D8 0.4mm set\/ 5 pcs - NGE 3D Printers Services","isPartOf":{"@id":"https:\/\/nge.vn\/#website"},"primaryImageOfPage":{"@id":"https:\/\/nge.vn\/san-pham\/dau-dun-nhua-may-in-3d-creality-3d-printer-part-3d-printing-brass-nozzle-d8-0-4mm-set-5-pcs\/#primaryimage"},"image":{"@id":"https:\/\/nge.vn\/san-pham\/dau-dun-nhua-may-in-3d-creality-3d-printer-part-3d-printing-brass-nozzle-d8-0-4mm-set-5-pcs\/#primaryimage"},"thumbnailUrl":"https:\/\/nge.vn\/wp-content\/uploads\/2024\/10\/images-upload-woo2F37a7f53a9d8f1b4429f5262fd3720803.jpg","datePublished":"2024-10-25T09:46:41+00:00","dateModified":"2024-10-29T07:52:07+00:00","breadcrumb":{"@id":"https:\/\/nge.vn\/san-pham\/dau-dun-nhua-may-in-3d-creality-3d-printer-part-3d-printing-brass-nozzle-d8-0-4mm-set-5-pcs\/#breadcrumb"},"inLanguage":"en-US","potentialAction":[{"@type":"ReadAction","target":["https:\/\/nge.vn\/san-pham\/dau-dun-nhua-may-in-3d-creality-3d-printer-part-3d-printing-brass-nozzle-d8-0-4mm-set-5-pcs\/"]}]},{"@type":"ImageObject","inLanguage":"en-US","@id":"https:\/\/nge.vn\/san-pham\/dau-dun-nhua-may-in-3d-creality-3d-printer-part-3d-printing-brass-nozzle-d8-0-4mm-set-5-pcs\/#primaryimage","url":"https:\/\/nge.vn\/wp-content\/uploads\/2024\/10\/images-upload-woo2F37a7f53a9d8f1b4429f5262fd3720803.jpg","contentUrl":"https:\/\/nge.vn\/wp-content\/uploads\/2024\/10\/images-upload-woo2F37a7f53a9d8f1b4429f5262fd3720803.jpg","width":1024,"height":1024},{"@type":"BreadcrumbList","@id":"https:\/\/nge.vn\/san-pham\/dau-dun-nhua-may-in-3d-creality-3d-printer-part-3d-printing-brass-nozzle-d8-0-4mm-set-5-pcs\/#breadcrumb","itemListElement":[{"@type":"ListItem","position":1,"name":"Trang ch\u1ee7","item":"https:\/\/nge.vn\/"},{"@type":"ListItem","position":2,"name":"S\u1ea3n ph\u1ea9m","item":"https:\/\/nge.vn\/san-pham\/"},{"@type":"ListItem","position":3,"name":"\u0110\u1ea7u \u0111\u00f9n nh\u1ef1a m\u00e1y in 3d CREALITY 3D Printer Part 3D Printing Brass Nozzle D8 0.4mm set\/ 5 pcs"}]},{"@type":"WebSite","@id":"https:\/\/nge.vn\/#website","url":"https:\/\/nge.vn\/","name":"NGE 3D Printers Services","description":"","potentialAction":[{"@type":"SearchAction","target":{"@type":"EntryPoint","urlTemplate":"https:\/\/nge.vn\/?s={search_term_string}"},"query-input":{"@type":"PropertyValueSpecification","valueRequired":true,"valueName":"search_term_string"}}],"inLanguage":"en-US"}]}},"_links":{"self":[{"href":"https:\/\/nge.vn\/en\/wp-json\/wp\/v2\/product\/1703","targetHints":{"allow":["GET"]}}],"collection":[{"href":"https:\/\/nge.vn\/en\/wp-json\/wp\/v2\/product"}],"about":[{"href":"https:\/\/nge.vn\/en\/wp-json\/wp\/v2\/types\/product"}],"replies":[{"embeddable":true,"href":"https:\/\/nge.vn\/en\/wp-json\/wp\/v2\/comments?post=1703"}],"wp:featuredmedia":[{"embeddable":true,"href":"https:\/\/nge.vn\/en\/wp-json\/wp\/v2\/media\/1694"}],"wp:attachment":[{"href":"https:\/\/nge.vn\/en\/wp-json\/wp\/v2\/media?parent=1703"}],"wp:term":[{"taxonomy":"product_brand","embeddable":true,"href":"https:\/\/nge.vn\/en\/wp-json\/wp\/v2\/product_brand?post=1703"},{"taxonomy":"product_cat","embeddable":true,"href":"https:\/\/nge.vn\/en\/wp-json\/wp\/v2\/product_cat?post=1703"},{"taxonomy":"product_tag","embeddable":true,"href":"https:\/\/nge.vn\/en\/wp-json\/wp\/v2\/product_tag?post=1703"}],"curies":[{"name":"wp","href":"https:\/\/api.w.org\/{rel}","templated":true}]}}