{"id":1693,"date":"2024-10-25T16:44:12","date_gmt":"2024-10-25T09:44:12","guid":{"rendered":"https:\/\/nge.123websitedev.com\/san-pham\/bo-dau-dun-nhua-nozzle-module-for-flsun-v400\/"},"modified":"2024-10-29T17:11:22","modified_gmt":"2024-10-29T10:11:22","slug":"bo-dau-dun-nhua-nozzle-module-for-flsun-v400","status":"publish","type":"product","link":"https:\/\/nge.vn\/en\/product\/bo-dau-dun-nhua-nozzle-module-for-flsun-v400\/","title":{"rendered":"B\u1ed9 \u0111\u1ea7u \u0111\u00f9n nh\u1ef1a Nozzle module for FLSUN V400"},"content":{"rendered":"<p>_Ch\u1ec9 ph\u00f9 h\u1ee3p v\u1edbi M\u00e1y \u0111\u00f9n FLSUN v400. Ch\u00fang kh\u00f4ng th\u1ec3 ph\u00f9 h\u1ee3p v\u1edbi c\u00e1c m\u1eabu FLSUN kh\u00e1c.<br \/>\n_\u0110\u1ea7u phun m\u00e1y in 3D: \u0111\u01b0\u1eddng k\u00ednh \u0111\u1ea7u v\u00e0o: 1,75mm; \u0111\u01b0\u1eddng k\u00ednh \u0111\u1ea7u ra: 0,4mm.<br \/>\n_Ch\u1ea5t l\u01b0\u1ee3ng cao: \u0110\u1ea7u phun m\u00e1y in 3D l\u00e0m b\u1eb1ng \u0111\u1ed3ng thau, ch\u1eafc ch\u1eafn v\u00e0 b\u1ec1n.<br \/>\n_Th\u00edch h\u1ee3p cho c\u00e1c \u1ee9ng d\u1ee5ng nhi\u1ec7t \u0111\u1ed9 cao, kh\u00f4ng m\u00e0i m\u00f2n, c\u1eaft \u0111\u1ea7u phun b\u1eb1ng dao kim c\u01b0\u01a1ng, l\u00e0m cho b\u1ec1 m\u1eb7t ti\u1ebfp x\u00fac ph\u1eb3ng h\u01a1n, N\u00f3 c\u00f3 th\u1ec3 ng\u0103n ch\u1eb7n r\u00f2 r\u1ec9 \u0111\u1ea7u in m\u1ed9t c\u00e1ch hi\u1ec7u qu\u1ea3 v\u00e0 tr\u00e1nh t\u1eafc ngh\u1ebdn \u0111\u1ea7u phun.<br \/>\n_D\u1ec5 d\u00e0ng nh\u1eadn bi\u1ebft v\u1edbi vi\u1ec7c kh\u1eafc k\u00edch th\u01b0\u1edbc tr\u00ean m\u1ed7i v\u00f2i v\u00e0 r\u1ea5t d\u1ec5 s\u1eed d\u1ee5ng.<\/p>\n<p>**To receive a better price, please contact the shop directly.<br \/>\n     0913.939.775 contact A.Quan (for English)<br \/>\n     094.144.0951 contact A.Quynh<br \/>\n**Selling price does not include VAT (+10% if VAT invoice is issued)<\/p>","protected":false},"excerpt":{"rendered":"<p>B\u1ed9 \u0111\u1ea7u \u0111\u00f9n nh\u1ef1a Nozzle module for FLSUN V400<\/p>","protected":false},"featured_media":1684,"comment_status":"open","ping_status":"closed","template":"","meta":{"inline_featured_image":false},"product_brand":[],"product_cat":[57,40],"product_tag":[],"class_list":{"0":"post-1693","1":"product","2":"type-product","3":"status-publish","4":"has-post-thumbnail","6":"product_cat-linh-kien-may-in-3d-flsun","7":"product_cat-linh-kien-va-phu-kien","9":"first","10":"instock","11":"taxable","12":"shipping-taxable","13":"purchasable","14":"product-type-simple"},"yoast_head":"<!-- This site is optimized with the Yoast SEO Premium plugin v22.8 (Yoast SEO v26.9) - https:\/\/yoast.com\/product\/yoast-seo-premium-wordpress\/ -->\n<title>B\u1ed9 \u0111\u1ea7u \u0111\u00f9n nh\u1ef1a Nozzle module for FLSUN V400 - NGE 3D Printers Services<\/title>\n<meta name=\"robots\" content=\"index, follow, max-snippet:-1, max-image-preview:large, max-video-preview:-1\" \/>\n<link rel=\"canonical\" href=\"https:\/\/nge.vn\/en\/product\/bo-dau-dun-nhua-nozzle-module-for-flsun-v400\/\" \/>\n<meta property=\"og:locale\" content=\"en_US\" \/>\n<meta property=\"og:type\" content=\"article\" \/>\n<meta property=\"og:title\" content=\"B\u1ed9 \u0111\u1ea7u \u0111\u00f9n nh\u1ef1a Nozzle module for FLSUN V400\" \/>\n<meta property=\"og:description\" content=\"B\u1ed9 \u0111\u1ea7u \u0111\u00f9n nh\u1ef1a Nozzle module for FLSUN V400\" \/>\n<meta property=\"og:url\" content=\"https:\/\/nge.vn\/en\/product\/bo-dau-dun-nhua-nozzle-module-for-flsun-v400\/\" \/>\n<meta property=\"og:site_name\" content=\"NGE 3D Printers Services\" \/>\n<meta property=\"article:modified_time\" content=\"2024-10-29T10:11:22+00:00\" \/>\n<meta property=\"og:image\" content=\"https:\/\/nge.vn\/wp-content\/uploads\/2024\/10\/images-upload-woo2Fd8a0104b1352c2a1f138b16a045b5128.jpg\" \/>\n\t<meta property=\"og:image:width\" content=\"949\" \/>\n\t<meta property=\"og:image:height\" content=\"949\" \/>\n\t<meta property=\"og:image:type\" content=\"image\/jpeg\" \/>\n<meta name=\"twitter:card\" content=\"summary_large_image\" \/>\n<meta name=\"twitter:label1\" content=\"Est. reading time\" \/>\n\t<meta name=\"twitter:data1\" content=\"1 minute\" \/>\n<script type=\"application\/ld+json\" class=\"yoast-schema-graph\">{\"@context\":\"https:\/\/schema.org\",\"@graph\":[{\"@type\":\"WebPage\",\"@id\":\"https:\/\/nge.vn\/san-pham\/bo-dau-dun-nhua-nozzle-module-for-flsun-v400\/\",\"url\":\"https:\/\/nge.vn\/san-pham\/bo-dau-dun-nhua-nozzle-module-for-flsun-v400\/\",\"name\":\"B\u1ed9 \u0111\u1ea7u \u0111\u00f9n nh\u1ef1a Nozzle module for FLSUN V400 - NGE 3D Printers Services\",\"isPartOf\":{\"@id\":\"https:\/\/nge.vn\/#website\"},\"primaryImageOfPage\":{\"@id\":\"https:\/\/nge.vn\/san-pham\/bo-dau-dun-nhua-nozzle-module-for-flsun-v400\/#primaryimage\"},\"image\":{\"@id\":\"https:\/\/nge.vn\/san-pham\/bo-dau-dun-nhua-nozzle-module-for-flsun-v400\/#primaryimage\"},\"thumbnailUrl\":\"https:\/\/nge.vn\/wp-content\/uploads\/2024\/10\/images-upload-woo2Fd8a0104b1352c2a1f138b16a045b5128.jpg\",\"datePublished\":\"2024-10-25T09:44:12+00:00\",\"dateModified\":\"2024-10-29T10:11:22+00:00\",\"breadcrumb\":{\"@id\":\"https:\/\/nge.vn\/san-pham\/bo-dau-dun-nhua-nozzle-module-for-flsun-v400\/#breadcrumb\"},\"inLanguage\":\"en-US\",\"potentialAction\":[{\"@type\":\"ReadAction\",\"target\":[\"https:\/\/nge.vn\/san-pham\/bo-dau-dun-nhua-nozzle-module-for-flsun-v400\/\"]}]},{\"@type\":\"ImageObject\",\"inLanguage\":\"en-US\",\"@id\":\"https:\/\/nge.vn\/san-pham\/bo-dau-dun-nhua-nozzle-module-for-flsun-v400\/#primaryimage\",\"url\":\"https:\/\/nge.vn\/wp-content\/uploads\/2024\/10\/images-upload-woo2Fd8a0104b1352c2a1f138b16a045b5128.jpg\",\"contentUrl\":\"https:\/\/nge.vn\/wp-content\/uploads\/2024\/10\/images-upload-woo2Fd8a0104b1352c2a1f138b16a045b5128.jpg\",\"width\":949,\"height\":949},{\"@type\":\"BreadcrumbList\",\"@id\":\"https:\/\/nge.vn\/san-pham\/bo-dau-dun-nhua-nozzle-module-for-flsun-v400\/#breadcrumb\",\"itemListElement\":[{\"@type\":\"ListItem\",\"position\":1,\"name\":\"Trang ch\u1ee7\",\"item\":\"https:\/\/nge.vn\/\"},{\"@type\":\"ListItem\",\"position\":2,\"name\":\"S\u1ea3n ph\u1ea9m\",\"item\":\"https:\/\/nge.vn\/san-pham\/\"},{\"@type\":\"ListItem\",\"position\":3,\"name\":\"B\u1ed9 \u0111\u1ea7u \u0111\u00f9n nh\u1ef1a Nozzle module for FLSUN V400\"}]},{\"@type\":\"WebSite\",\"@id\":\"https:\/\/nge.vn\/#website\",\"url\":\"https:\/\/nge.vn\/\",\"name\":\"NGE 3D Printers Services\",\"description\":\"\",\"potentialAction\":[{\"@type\":\"SearchAction\",\"target\":{\"@type\":\"EntryPoint\",\"urlTemplate\":\"https:\/\/nge.vn\/?s={search_term_string}\"},\"query-input\":{\"@type\":\"PropertyValueSpecification\",\"valueRequired\":true,\"valueName\":\"search_term_string\"}}],\"inLanguage\":\"en-US\"}]}<\/script>\n<!-- \/ Yoast SEO Premium plugin. -->","yoast_head_json":{"title":"B\u1ed9 \u0111\u1ea7u \u0111\u00f9n nh\u1ef1a Nozzle module for FLSUN V400 - NGE 3D Printers Services","robots":{"index":"index","follow":"follow","max-snippet":"max-snippet:-1","max-image-preview":"max-image-preview:large","max-video-preview":"max-video-preview:-1"},"canonical":"https:\/\/nge.vn\/en\/product\/bo-dau-dun-nhua-nozzle-module-for-flsun-v400\/","og_locale":"en_US","og_type":"article","og_title":"B\u1ed9 \u0111\u1ea7u \u0111\u00f9n nh\u1ef1a Nozzle module for FLSUN V400","og_description":"B\u1ed9 \u0111\u1ea7u \u0111\u00f9n nh\u1ef1a Nozzle module for FLSUN V400","og_url":"https:\/\/nge.vn\/en\/product\/bo-dau-dun-nhua-nozzle-module-for-flsun-v400\/","og_site_name":"NGE 3D Printers Services","article_modified_time":"2024-10-29T10:11:22+00:00","og_image":[{"width":949,"height":949,"url":"https:\/\/nge.vn\/wp-content\/uploads\/2024\/10\/images-upload-woo2Fd8a0104b1352c2a1f138b16a045b5128.jpg","type":"image\/jpeg"}],"twitter_card":"summary_large_image","twitter_misc":{"Est. reading time":"1 minute"},"schema":{"@context":"https:\/\/schema.org","@graph":[{"@type":"WebPage","@id":"https:\/\/nge.vn\/san-pham\/bo-dau-dun-nhua-nozzle-module-for-flsun-v400\/","url":"https:\/\/nge.vn\/san-pham\/bo-dau-dun-nhua-nozzle-module-for-flsun-v400\/","name":"B\u1ed9 \u0111\u1ea7u \u0111\u00f9n nh\u1ef1a Nozzle module for FLSUN V400 - NGE 3D Printers Services","isPartOf":{"@id":"https:\/\/nge.vn\/#website"},"primaryImageOfPage":{"@id":"https:\/\/nge.vn\/san-pham\/bo-dau-dun-nhua-nozzle-module-for-flsun-v400\/#primaryimage"},"image":{"@id":"https:\/\/nge.vn\/san-pham\/bo-dau-dun-nhua-nozzle-module-for-flsun-v400\/#primaryimage"},"thumbnailUrl":"https:\/\/nge.vn\/wp-content\/uploads\/2024\/10\/images-upload-woo2Fd8a0104b1352c2a1f138b16a045b5128.jpg","datePublished":"2024-10-25T09:44:12+00:00","dateModified":"2024-10-29T10:11:22+00:00","breadcrumb":{"@id":"https:\/\/nge.vn\/san-pham\/bo-dau-dun-nhua-nozzle-module-for-flsun-v400\/#breadcrumb"},"inLanguage":"en-US","potentialAction":[{"@type":"ReadAction","target":["https:\/\/nge.vn\/san-pham\/bo-dau-dun-nhua-nozzle-module-for-flsun-v400\/"]}]},{"@type":"ImageObject","inLanguage":"en-US","@id":"https:\/\/nge.vn\/san-pham\/bo-dau-dun-nhua-nozzle-module-for-flsun-v400\/#primaryimage","url":"https:\/\/nge.vn\/wp-content\/uploads\/2024\/10\/images-upload-woo2Fd8a0104b1352c2a1f138b16a045b5128.jpg","contentUrl":"https:\/\/nge.vn\/wp-content\/uploads\/2024\/10\/images-upload-woo2Fd8a0104b1352c2a1f138b16a045b5128.jpg","width":949,"height":949},{"@type":"BreadcrumbList","@id":"https:\/\/nge.vn\/san-pham\/bo-dau-dun-nhua-nozzle-module-for-flsun-v400\/#breadcrumb","itemListElement":[{"@type":"ListItem","position":1,"name":"Trang ch\u1ee7","item":"https:\/\/nge.vn\/"},{"@type":"ListItem","position":2,"name":"S\u1ea3n ph\u1ea9m","item":"https:\/\/nge.vn\/san-pham\/"},{"@type":"ListItem","position":3,"name":"B\u1ed9 \u0111\u1ea7u \u0111\u00f9n nh\u1ef1a Nozzle module for FLSUN V400"}]},{"@type":"WebSite","@id":"https:\/\/nge.vn\/#website","url":"https:\/\/nge.vn\/","name":"NGE 3D Printers Services","description":"","potentialAction":[{"@type":"SearchAction","target":{"@type":"EntryPoint","urlTemplate":"https:\/\/nge.vn\/?s={search_term_string}"},"query-input":{"@type":"PropertyValueSpecification","valueRequired":true,"valueName":"search_term_string"}}],"inLanguage":"en-US"}]}},"_links":{"self":[{"href":"https:\/\/nge.vn\/en\/wp-json\/wp\/v2\/product\/1693","targetHints":{"allow":["GET"]}}],"collection":[{"href":"https:\/\/nge.vn\/en\/wp-json\/wp\/v2\/product"}],"about":[{"href":"https:\/\/nge.vn\/en\/wp-json\/wp\/v2\/types\/product"}],"replies":[{"embeddable":true,"href":"https:\/\/nge.vn\/en\/wp-json\/wp\/v2\/comments?post=1693"}],"wp:featuredmedia":[{"embeddable":true,"href":"https:\/\/nge.vn\/en\/wp-json\/wp\/v2\/media\/1684"}],"wp:attachment":[{"href":"https:\/\/nge.vn\/en\/wp-json\/wp\/v2\/media?parent=1693"}],"wp:term":[{"taxonomy":"product_brand","embeddable":true,"href":"https:\/\/nge.vn\/en\/wp-json\/wp\/v2\/product_brand?post=1693"},{"taxonomy":"product_cat","embeddable":true,"href":"https:\/\/nge.vn\/en\/wp-json\/wp\/v2\/product_cat?post=1693"},{"taxonomy":"product_tag","embeddable":true,"href":"https:\/\/nge.vn\/en\/wp-json\/wp\/v2\/product_tag?post=1693"}],"curies":[{"name":"wp","href":"https:\/\/api.w.org\/{rel}","templated":true}]}}