{"id":169,"date":"2024-10-15T18:40:34","date_gmt":"2024-10-15T11:40:34","guid":{"rendered":"https:\/\/nge.123websitedev.com\/san-pham\/voi-phun-may-in-3d-e3d-v6-v5-0-4mm-chat-lieu-thep-khong-gi\/"},"modified":"2024-10-28T10:34:21","modified_gmt":"2024-10-28T03:34:21","slug":"voi-phun-may-in-3d-e3d-v6-v5-0-4mm-chat-lieu-thep-khong-gi","status":"publish","type":"product","link":"https:\/\/nge.vn\/en\/product\/voi-phun-may-in-3d-e3d-v6-v5-0-4mm-chat-lieu-thep-khong-gi\/","title":{"rendered":"V\u00f2i phun m\u00e1y in 3D E3D V6 V5 0.4mm ch\u1ea5t li\u1ec7u th\u00e9p kh\u00f4ng g\u1ec9"},"content":{"rendered":"<p>V\u00f2i phun m\u00e1y in 3D E3D V6 V5 ch\u1ea5t li\u1ec7u th\u00e9p kh\u00f4ng g\u1ec9 0.4mm \/ 1,75mm<br \/>\n_\u0110\u1ea7u \u0111\u00f9n m\u00e1y in 3D V6 V5 M\u00e1y \u0111\u00f9n Nozzle J-Head \u0110\u1ea7u phun b\u1eb1ng th\u00e9p kh\u00f4ng g\u1ec9 0,4 \/ 1,75mm<br \/>\n_Ch\u1ea5t li\u1ec7u: th\u00e9p kh\u00f4ng g\u1ec9, b\u1ec1n v\u00e0 tu\u1ed5i th\u1ecd cao<br \/>\n_C\u00e0i \u0111\u1eb7t: k\u1ebft n\u1ed1i lu\u1ed3ng M6 b\u00ean ngo\u00e0i<br \/>\n_M\u00f4 t\u1ea3 S\u1ea3n ph\u1ea9m v\u1eadt li\u1ec7u: th\u00e9p kh\u00f4ng g\u1ec9<br \/>\n_\u0110\u01b0\u1eddng k\u00ednh \u0111\u1ea7u v\u00e0o: 1,75mm<br \/>\n_\u0110\u01b0\u1eddng k\u00ednh \u0111\u1ea7u ra: 0.4mm<br \/>\n_T\u01b0\u01a1ng th\u00edch: T\u01b0\u01a1ng th\u00edch v\u1edbi t\u1ea5t c\u1ea3 c\u00e1c m\u00e1y in v\u00e0 nh\u1ef1a 1.75mm<br \/>\n_\u0110\u00f3ng g\u00f3i:<br \/>\n1 \u0111\u1ea7u phun m\u00e1y in 3D<br \/>\n+M\u00e0u: M\u00e0u kim lo\u1ea1i<br \/>\n+\u0110\u01b0\u1eddng k\u00ednh ron: ~6mm<br \/>\n+Chi\u1ec1u d\u00e0i: 12.54mm<br \/>\n+Chi\u1ec1u d\u00e0i ron: ~8mm<br \/>\n+Tr\u1ecdng l\u01b0\u1ee3ng: 2g<\/p>\n<p>**\u0110\u1ec3 \u0111\u01b0\u1ee3c nh\u1eadn h\u1ed9 tr\u1ee3 th\u00eam v\u1ec1 Gi\u00e1 v\u00e0 Th\u00f4ng tin c\u1ee7a s\u1ea3n ph\u1ea9m, vui l\u00f2ng li\u00ean h\u1ec7:<br \/>\n          0913.939.775 g\u1eb7p A. Qu\u00e2n (for English)<br \/>\n          094.144.0951 contact A.Quynh<br \/>\n**Selling price does not include VAT (+10% if VAT invoice is issued)<\/p>","protected":false},"excerpt":{"rendered":"<p>V\u00f2i phun m\u00e1y in 3D E3D V6 V5 0.4mm ch\u1ea5t li\u1ec7u th\u00e9p kh\u00f4ng g\u1ec9<\/p>","protected":false},"featured_media":162,"comment_status":"open","ping_status":"closed","template":"","meta":{"inline_featured_image":false},"product_brand":[],"product_cat":[40],"product_tag":[],"class_list":{"0":"post-169","1":"product","2":"type-product","3":"status-publish","4":"has-post-thumbnail","6":"product_cat-linh-kien-va-phu-kien","8":"first","9":"instock","10":"taxable","11":"shipping-taxable","12":"purchasable","13":"product-type-simple"},"yoast_head":"<!-- This site is optimized with the Yoast SEO Premium plugin v22.8 (Yoast SEO v26.9) - https:\/\/yoast.com\/product\/yoast-seo-premium-wordpress\/ -->\n<title>V\u00f2i phun m\u00e1y in 3D E3D V6 V5 0.4mm ch\u1ea5t li\u1ec7u th\u00e9p kh\u00f4ng g\u1ec9 - NGE 3D Printers Services<\/title>\n<meta name=\"robots\" content=\"index, follow, max-snippet:-1, max-image-preview:large, max-video-preview:-1\" \/>\n<link rel=\"canonical\" href=\"https:\/\/nge.vn\/en\/product\/voi-phun-may-in-3d-e3d-v6-v5-0-4mm-chat-lieu-thep-khong-gi\/\" \/>\n<meta property=\"og:locale\" content=\"en_US\" \/>\n<meta property=\"og:type\" content=\"article\" \/>\n<meta property=\"og:title\" content=\"V\u00f2i phun m\u00e1y in 3D E3D V6 V5 0.4mm ch\u1ea5t li\u1ec7u th\u00e9p kh\u00f4ng g\u1ec9\" \/>\n<meta property=\"og:description\" content=\"V\u00f2i phun m\u00e1y in 3D E3D V6 V5 0.4mm ch\u1ea5t li\u1ec7u th\u00e9p kh\u00f4ng g\u1ec9\" \/>\n<meta property=\"og:url\" content=\"https:\/\/nge.vn\/en\/product\/voi-phun-may-in-3d-e3d-v6-v5-0-4mm-chat-lieu-thep-khong-gi\/\" \/>\n<meta property=\"og:site_name\" content=\"NGE 3D Printers Services\" \/>\n<meta property=\"article:modified_time\" content=\"2024-10-28T03:34:21+00:00\" \/>\n<meta property=\"og:image\" content=\"https:\/\/nge.vn\/wp-content\/uploads\/2024\/10\/images-upload-woo2F7a12a17843fb4e8deffa12e9611f575a.jpg\" \/>\n\t<meta property=\"og:image:width\" content=\"734\" \/>\n\t<meta property=\"og:image:height\" content=\"734\" \/>\n\t<meta property=\"og:image:type\" content=\"image\/jpeg\" \/>\n<meta name=\"twitter:card\" content=\"summary_large_image\" \/>\n<meta name=\"twitter:label1\" content=\"Est. reading time\" \/>\n\t<meta name=\"twitter:data1\" content=\"1 minute\" \/>\n<script type=\"application\/ld+json\" class=\"yoast-schema-graph\">{\"@context\":\"https:\/\/schema.org\",\"@graph\":[{\"@type\":\"WebPage\",\"@id\":\"https:\/\/nge.vn\/san-pham\/voi-phun-may-in-3d-e3d-v6-v5-0-4mm-chat-lieu-thep-khong-gi\/\",\"url\":\"https:\/\/nge.vn\/san-pham\/voi-phun-may-in-3d-e3d-v6-v5-0-4mm-chat-lieu-thep-khong-gi\/\",\"name\":\"V\u00f2i phun m\u00e1y in 3D E3D V6 V5 0.4mm ch\u1ea5t li\u1ec7u th\u00e9p kh\u00f4ng g\u1ec9 - NGE 3D Printers Services\",\"isPartOf\":{\"@id\":\"https:\/\/nge.vn\/#website\"},\"primaryImageOfPage\":{\"@id\":\"https:\/\/nge.vn\/san-pham\/voi-phun-may-in-3d-e3d-v6-v5-0-4mm-chat-lieu-thep-khong-gi\/#primaryimage\"},\"image\":{\"@id\":\"https:\/\/nge.vn\/san-pham\/voi-phun-may-in-3d-e3d-v6-v5-0-4mm-chat-lieu-thep-khong-gi\/#primaryimage\"},\"thumbnailUrl\":\"https:\/\/nge.vn\/wp-content\/uploads\/2024\/10\/images-upload-woo2F7a12a17843fb4e8deffa12e9611f575a.jpg\",\"datePublished\":\"2024-10-15T11:40:34+00:00\",\"dateModified\":\"2024-10-28T03:34:21+00:00\",\"breadcrumb\":{\"@id\":\"https:\/\/nge.vn\/san-pham\/voi-phun-may-in-3d-e3d-v6-v5-0-4mm-chat-lieu-thep-khong-gi\/#breadcrumb\"},\"inLanguage\":\"en-US\",\"potentialAction\":[{\"@type\":\"ReadAction\",\"target\":[\"https:\/\/nge.vn\/san-pham\/voi-phun-may-in-3d-e3d-v6-v5-0-4mm-chat-lieu-thep-khong-gi\/\"]}]},{\"@type\":\"ImageObject\",\"inLanguage\":\"en-US\",\"@id\":\"https:\/\/nge.vn\/san-pham\/voi-phun-may-in-3d-e3d-v6-v5-0-4mm-chat-lieu-thep-khong-gi\/#primaryimage\",\"url\":\"https:\/\/nge.vn\/wp-content\/uploads\/2024\/10\/images-upload-woo2F7a12a17843fb4e8deffa12e9611f575a.jpg\",\"contentUrl\":\"https:\/\/nge.vn\/wp-content\/uploads\/2024\/10\/images-upload-woo2F7a12a17843fb4e8deffa12e9611f575a.jpg\",\"width\":734,\"height\":734},{\"@type\":\"BreadcrumbList\",\"@id\":\"https:\/\/nge.vn\/san-pham\/voi-phun-may-in-3d-e3d-v6-v5-0-4mm-chat-lieu-thep-khong-gi\/#breadcrumb\",\"itemListElement\":[{\"@type\":\"ListItem\",\"position\":1,\"name\":\"Trang ch\u1ee7\",\"item\":\"https:\/\/nge.vn\/\"},{\"@type\":\"ListItem\",\"position\":2,\"name\":\"S\u1ea3n ph\u1ea9m\",\"item\":\"https:\/\/nge.vn\/san-pham\/\"},{\"@type\":\"ListItem\",\"position\":3,\"name\":\"V\u00f2i phun m\u00e1y in 3D E3D V6 V5 0.4mm ch\u1ea5t li\u1ec7u th\u00e9p kh\u00f4ng g\u1ec9\"}]},{\"@type\":\"WebSite\",\"@id\":\"https:\/\/nge.vn\/#website\",\"url\":\"https:\/\/nge.vn\/\",\"name\":\"NGE 3D Printers Services\",\"description\":\"\",\"potentialAction\":[{\"@type\":\"SearchAction\",\"target\":{\"@type\":\"EntryPoint\",\"urlTemplate\":\"https:\/\/nge.vn\/?s={search_term_string}\"},\"query-input\":{\"@type\":\"PropertyValueSpecification\",\"valueRequired\":true,\"valueName\":\"search_term_string\"}}],\"inLanguage\":\"en-US\"}]}<\/script>\n<!-- \/ Yoast SEO Premium plugin. -->","yoast_head_json":{"title":"V\u00f2i phun m\u00e1y in 3D E3D V6 V5 0.4mm ch\u1ea5t li\u1ec7u th\u00e9p kh\u00f4ng g\u1ec9 - NGE 3D Printers Services","robots":{"index":"index","follow":"follow","max-snippet":"max-snippet:-1","max-image-preview":"max-image-preview:large","max-video-preview":"max-video-preview:-1"},"canonical":"https:\/\/nge.vn\/en\/product\/voi-phun-may-in-3d-e3d-v6-v5-0-4mm-chat-lieu-thep-khong-gi\/","og_locale":"en_US","og_type":"article","og_title":"V\u00f2i phun m\u00e1y in 3D E3D V6 V5 0.4mm ch\u1ea5t li\u1ec7u th\u00e9p kh\u00f4ng g\u1ec9","og_description":"V\u00f2i phun m\u00e1y in 3D E3D V6 V5 0.4mm ch\u1ea5t li\u1ec7u th\u00e9p kh\u00f4ng g\u1ec9","og_url":"https:\/\/nge.vn\/en\/product\/voi-phun-may-in-3d-e3d-v6-v5-0-4mm-chat-lieu-thep-khong-gi\/","og_site_name":"NGE 3D Printers Services","article_modified_time":"2024-10-28T03:34:21+00:00","og_image":[{"width":734,"height":734,"url":"https:\/\/nge.vn\/wp-content\/uploads\/2024\/10\/images-upload-woo2F7a12a17843fb4e8deffa12e9611f575a.jpg","type":"image\/jpeg"}],"twitter_card":"summary_large_image","twitter_misc":{"Est. reading time":"1 minute"},"schema":{"@context":"https:\/\/schema.org","@graph":[{"@type":"WebPage","@id":"https:\/\/nge.vn\/san-pham\/voi-phun-may-in-3d-e3d-v6-v5-0-4mm-chat-lieu-thep-khong-gi\/","url":"https:\/\/nge.vn\/san-pham\/voi-phun-may-in-3d-e3d-v6-v5-0-4mm-chat-lieu-thep-khong-gi\/","name":"V\u00f2i phun m\u00e1y in 3D E3D V6 V5 0.4mm ch\u1ea5t li\u1ec7u th\u00e9p kh\u00f4ng g\u1ec9 - NGE 3D Printers Services","isPartOf":{"@id":"https:\/\/nge.vn\/#website"},"primaryImageOfPage":{"@id":"https:\/\/nge.vn\/san-pham\/voi-phun-may-in-3d-e3d-v6-v5-0-4mm-chat-lieu-thep-khong-gi\/#primaryimage"},"image":{"@id":"https:\/\/nge.vn\/san-pham\/voi-phun-may-in-3d-e3d-v6-v5-0-4mm-chat-lieu-thep-khong-gi\/#primaryimage"},"thumbnailUrl":"https:\/\/nge.vn\/wp-content\/uploads\/2024\/10\/images-upload-woo2F7a12a17843fb4e8deffa12e9611f575a.jpg","datePublished":"2024-10-15T11:40:34+00:00","dateModified":"2024-10-28T03:34:21+00:00","breadcrumb":{"@id":"https:\/\/nge.vn\/san-pham\/voi-phun-may-in-3d-e3d-v6-v5-0-4mm-chat-lieu-thep-khong-gi\/#breadcrumb"},"inLanguage":"en-US","potentialAction":[{"@type":"ReadAction","target":["https:\/\/nge.vn\/san-pham\/voi-phun-may-in-3d-e3d-v6-v5-0-4mm-chat-lieu-thep-khong-gi\/"]}]},{"@type":"ImageObject","inLanguage":"en-US","@id":"https:\/\/nge.vn\/san-pham\/voi-phun-may-in-3d-e3d-v6-v5-0-4mm-chat-lieu-thep-khong-gi\/#primaryimage","url":"https:\/\/nge.vn\/wp-content\/uploads\/2024\/10\/images-upload-woo2F7a12a17843fb4e8deffa12e9611f575a.jpg","contentUrl":"https:\/\/nge.vn\/wp-content\/uploads\/2024\/10\/images-upload-woo2F7a12a17843fb4e8deffa12e9611f575a.jpg","width":734,"height":734},{"@type":"BreadcrumbList","@id":"https:\/\/nge.vn\/san-pham\/voi-phun-may-in-3d-e3d-v6-v5-0-4mm-chat-lieu-thep-khong-gi\/#breadcrumb","itemListElement":[{"@type":"ListItem","position":1,"name":"Trang ch\u1ee7","item":"https:\/\/nge.vn\/"},{"@type":"ListItem","position":2,"name":"S\u1ea3n ph\u1ea9m","item":"https:\/\/nge.vn\/san-pham\/"},{"@type":"ListItem","position":3,"name":"V\u00f2i phun m\u00e1y in 3D E3D V6 V5 0.4mm ch\u1ea5t li\u1ec7u th\u00e9p kh\u00f4ng g\u1ec9"}]},{"@type":"WebSite","@id":"https:\/\/nge.vn\/#website","url":"https:\/\/nge.vn\/","name":"NGE 3D Printers Services","description":"","potentialAction":[{"@type":"SearchAction","target":{"@type":"EntryPoint","urlTemplate":"https:\/\/nge.vn\/?s={search_term_string}"},"query-input":{"@type":"PropertyValueSpecification","valueRequired":true,"valueName":"search_term_string"}}],"inLanguage":"en-US"}]}},"_links":{"self":[{"href":"https:\/\/nge.vn\/en\/wp-json\/wp\/v2\/product\/169","targetHints":{"allow":["GET"]}}],"collection":[{"href":"https:\/\/nge.vn\/en\/wp-json\/wp\/v2\/product"}],"about":[{"href":"https:\/\/nge.vn\/en\/wp-json\/wp\/v2\/types\/product"}],"replies":[{"embeddable":true,"href":"https:\/\/nge.vn\/en\/wp-json\/wp\/v2\/comments?post=169"}],"wp:featuredmedia":[{"embeddable":true,"href":"https:\/\/nge.vn\/en\/wp-json\/wp\/v2\/media\/162"}],"wp:attachment":[{"href":"https:\/\/nge.vn\/en\/wp-json\/wp\/v2\/media?parent=169"}],"wp:term":[{"taxonomy":"product_brand","embeddable":true,"href":"https:\/\/nge.vn\/en\/wp-json\/wp\/v2\/product_brand?post=169"},{"taxonomy":"product_cat","embeddable":true,"href":"https:\/\/nge.vn\/en\/wp-json\/wp\/v2\/product_cat?post=169"},{"taxonomy":"product_tag","embeddable":true,"href":"https:\/\/nge.vn\/en\/wp-json\/wp\/v2\/product_tag?post=169"}],"curies":[{"name":"wp","href":"https:\/\/api.w.org\/{rel}","templated":true}]}}