{"id":1683,"date":"2024-10-25T16:41:26","date_gmt":"2024-10-25T09:41:26","guid":{"rendered":"https:\/\/nge.123websitedev.com\/san-pham\/dong-co-buoc-bo-dun-nhua-cho-may-in-3d-delta-flsun-v400-extruder-motor\/"},"modified":"2024-10-29T17:11:14","modified_gmt":"2024-10-29T10:11:14","slug":"dong-co-buoc-bo-dun-nhua-cho-may-in-3d-delta-flsun-v400-extruder-motor","status":"publish","type":"product","link":"https:\/\/nge.vn\/en\/product\/dong-co-buoc-bo-dun-nhua-cho-may-in-3d-delta-flsun-v400-extruder-motor\/","title":{"rendered":"\u0110\u1ed9ng c\u01a1 b\u01b0\u1edbc b\u1ed9 \u0111\u00f9n nh\u1ef1a cho m\u00e1y in 3d Delta FLSUN V400 Extruder Motor"},"content":{"rendered":"<p>\u0110\u1ed9ng c\u01a1 b\u01b0\u1edbc m\u00e1y \u0111\u00f9n nh\u1ef1a cho m\u00e1y in 3d FLSUN V400 Extruder Motor<\/p>\n<p>+Tr\u1ecdng l\u01b0\u1ee3ng:  100g<br \/>\n+K\u00edch th\u01b0\u1edbc: 36.42*20.24mm<br \/>\n+D\u00e2y d\u00e0i: 85cm<\/p>\n<p>S\u1eed d\u1ee5ng cho c\u1ee5m \u0111\u00f9n tr\u1ef1c ti\u1ebfp c\u1ee7a m\u00e1y in 3d Delta FLSUN V400 v\u00e0 c\u00e1c d\u00f2ng m\u00e1y in 3d, DIY&#8230;<\/p>\n<p>**To receive a better price, please contact the shop directly.<br \/>\n     0913.939.775 contact A.Quan (for English)<br \/>\n     094.144.0951 contact A.Quynh<br \/>\n**Selling price does not include VAT (+10% if VAT invoice is issued)<\/p>","protected":false},"excerpt":{"rendered":"<p>\u0110\u1ed9ng c\u01a1 b\u01b0\u1edbc b\u1ed9 \u0111\u00f9n nh\u1ef1a cho m\u00e1y in 3d Delta FLSUN V400 Extruder Motor<\/p>","protected":false},"featured_media":1674,"comment_status":"open","ping_status":"closed","template":"","meta":{"inline_featured_image":false},"product_brand":[],"product_cat":[57,40],"product_tag":[],"class_list":{"0":"post-1683","1":"product","2":"type-product","3":"status-publish","4":"has-post-thumbnail","6":"product_cat-linh-kien-may-in-3d-flsun","7":"product_cat-linh-kien-va-phu-kien","9":"first","10":"instock","11":"taxable","12":"shipping-taxable","13":"purchasable","14":"product-type-simple"},"yoast_head":"<!-- This site is optimized with the Yoast SEO Premium plugin v22.8 (Yoast SEO v26.9) - https:\/\/yoast.com\/product\/yoast-seo-premium-wordpress\/ -->\n<title>\u0110\u1ed9ng c\u01a1 b\u01b0\u1edbc b\u1ed9 \u0111\u00f9n nh\u1ef1a cho m\u00e1y in 3d Delta FLSUN V400 Extruder Motor - NGE 3D Printers Services<\/title>\n<meta name=\"robots\" content=\"index, follow, max-snippet:-1, max-image-preview:large, max-video-preview:-1\" \/>\n<link rel=\"canonical\" href=\"https:\/\/nge.vn\/en\/product\/dong-co-buoc-bo-dun-nhua-cho-may-in-3d-delta-flsun-v400-extruder-motor\/\" \/>\n<meta property=\"og:locale\" content=\"en_US\" \/>\n<meta property=\"og:type\" content=\"article\" \/>\n<meta property=\"og:title\" content=\"\u0110\u1ed9ng c\u01a1 b\u01b0\u1edbc b\u1ed9 \u0111\u00f9n nh\u1ef1a cho m\u00e1y in 3d Delta FLSUN V400 Extruder Motor\" \/>\n<meta property=\"og:description\" content=\"\u0110\u1ed9ng c\u01a1 b\u01b0\u1edbc b\u1ed9 \u0111\u00f9n nh\u1ef1a cho m\u00e1y in 3d Delta FLSUN V400 Extruder Motor\" \/>\n<meta property=\"og:url\" content=\"https:\/\/nge.vn\/en\/product\/dong-co-buoc-bo-dun-nhua-cho-may-in-3d-delta-flsun-v400-extruder-motor\/\" \/>\n<meta property=\"og:site_name\" content=\"NGE 3D Printers Services\" \/>\n<meta property=\"article:modified_time\" content=\"2024-10-29T10:11:14+00:00\" \/>\n<meta property=\"og:image\" content=\"https:\/\/nge.vn\/wp-content\/uploads\/2024\/10\/images-upload-woo2F659e9e34abf28d02b1c20baac8fb4580.jpg\" \/>\n\t<meta property=\"og:image:width\" content=\"1024\" \/>\n\t<meta property=\"og:image:height\" content=\"1024\" \/>\n\t<meta property=\"og:image:type\" content=\"image\/jpeg\" \/>\n<meta name=\"twitter:card\" content=\"summary_large_image\" \/>\n<meta name=\"twitter:label1\" content=\"Est. reading time\" \/>\n\t<meta name=\"twitter:data1\" content=\"1 minute\" \/>\n<script type=\"application\/ld+json\" class=\"yoast-schema-graph\">{\"@context\":\"https:\/\/schema.org\",\"@graph\":[{\"@type\":\"WebPage\",\"@id\":\"https:\/\/nge.vn\/san-pham\/dong-co-buoc-bo-dun-nhua-cho-may-in-3d-delta-flsun-v400-extruder-motor\/\",\"url\":\"https:\/\/nge.vn\/san-pham\/dong-co-buoc-bo-dun-nhua-cho-may-in-3d-delta-flsun-v400-extruder-motor\/\",\"name\":\"\u0110\u1ed9ng c\u01a1 b\u01b0\u1edbc b\u1ed9 \u0111\u00f9n nh\u1ef1a cho m\u00e1y in 3d Delta FLSUN V400 Extruder Motor - NGE 3D Printers Services\",\"isPartOf\":{\"@id\":\"https:\/\/nge.vn\/#website\"},\"primaryImageOfPage\":{\"@id\":\"https:\/\/nge.vn\/san-pham\/dong-co-buoc-bo-dun-nhua-cho-may-in-3d-delta-flsun-v400-extruder-motor\/#primaryimage\"},\"image\":{\"@id\":\"https:\/\/nge.vn\/san-pham\/dong-co-buoc-bo-dun-nhua-cho-may-in-3d-delta-flsun-v400-extruder-motor\/#primaryimage\"},\"thumbnailUrl\":\"https:\/\/nge.vn\/wp-content\/uploads\/2024\/10\/images-upload-woo2F659e9e34abf28d02b1c20baac8fb4580.jpg\",\"datePublished\":\"2024-10-25T09:41:26+00:00\",\"dateModified\":\"2024-10-29T10:11:14+00:00\",\"breadcrumb\":{\"@id\":\"https:\/\/nge.vn\/san-pham\/dong-co-buoc-bo-dun-nhua-cho-may-in-3d-delta-flsun-v400-extruder-motor\/#breadcrumb\"},\"inLanguage\":\"en-US\",\"potentialAction\":[{\"@type\":\"ReadAction\",\"target\":[\"https:\/\/nge.vn\/san-pham\/dong-co-buoc-bo-dun-nhua-cho-may-in-3d-delta-flsun-v400-extruder-motor\/\"]}]},{\"@type\":\"ImageObject\",\"inLanguage\":\"en-US\",\"@id\":\"https:\/\/nge.vn\/san-pham\/dong-co-buoc-bo-dun-nhua-cho-may-in-3d-delta-flsun-v400-extruder-motor\/#primaryimage\",\"url\":\"https:\/\/nge.vn\/wp-content\/uploads\/2024\/10\/images-upload-woo2F659e9e34abf28d02b1c20baac8fb4580.jpg\",\"contentUrl\":\"https:\/\/nge.vn\/wp-content\/uploads\/2024\/10\/images-upload-woo2F659e9e34abf28d02b1c20baac8fb4580.jpg\",\"width\":1024,\"height\":1024},{\"@type\":\"BreadcrumbList\",\"@id\":\"https:\/\/nge.vn\/san-pham\/dong-co-buoc-bo-dun-nhua-cho-may-in-3d-delta-flsun-v400-extruder-motor\/#breadcrumb\",\"itemListElement\":[{\"@type\":\"ListItem\",\"position\":1,\"name\":\"Trang ch\u1ee7\",\"item\":\"https:\/\/nge.vn\/\"},{\"@type\":\"ListItem\",\"position\":2,\"name\":\"S\u1ea3n ph\u1ea9m\",\"item\":\"https:\/\/nge.vn\/san-pham\/\"},{\"@type\":\"ListItem\",\"position\":3,\"name\":\"\u0110\u1ed9ng c\u01a1 b\u01b0\u1edbc b\u1ed9 \u0111\u00f9n nh\u1ef1a cho m\u00e1y in 3d Delta FLSUN V400 Extruder Motor\"}]},{\"@type\":\"WebSite\",\"@id\":\"https:\/\/nge.vn\/#website\",\"url\":\"https:\/\/nge.vn\/\",\"name\":\"NGE 3D Printers Services\",\"description\":\"\",\"potentialAction\":[{\"@type\":\"SearchAction\",\"target\":{\"@type\":\"EntryPoint\",\"urlTemplate\":\"https:\/\/nge.vn\/?s={search_term_string}\"},\"query-input\":{\"@type\":\"PropertyValueSpecification\",\"valueRequired\":true,\"valueName\":\"search_term_string\"}}],\"inLanguage\":\"en-US\"}]}<\/script>\n<!-- \/ Yoast SEO Premium plugin. -->","yoast_head_json":{"title":"\u0110\u1ed9ng c\u01a1 b\u01b0\u1edbc b\u1ed9 \u0111\u00f9n nh\u1ef1a cho m\u00e1y in 3d Delta FLSUN V400 Extruder Motor - NGE 3D Printers Services","robots":{"index":"index","follow":"follow","max-snippet":"max-snippet:-1","max-image-preview":"max-image-preview:large","max-video-preview":"max-video-preview:-1"},"canonical":"https:\/\/nge.vn\/en\/product\/dong-co-buoc-bo-dun-nhua-cho-may-in-3d-delta-flsun-v400-extruder-motor\/","og_locale":"en_US","og_type":"article","og_title":"\u0110\u1ed9ng c\u01a1 b\u01b0\u1edbc b\u1ed9 \u0111\u00f9n nh\u1ef1a cho m\u00e1y in 3d Delta FLSUN V400 Extruder Motor","og_description":"\u0110\u1ed9ng c\u01a1 b\u01b0\u1edbc b\u1ed9 \u0111\u00f9n nh\u1ef1a cho m\u00e1y in 3d Delta FLSUN V400 Extruder Motor","og_url":"https:\/\/nge.vn\/en\/product\/dong-co-buoc-bo-dun-nhua-cho-may-in-3d-delta-flsun-v400-extruder-motor\/","og_site_name":"NGE 3D Printers Services","article_modified_time":"2024-10-29T10:11:14+00:00","og_image":[{"width":1024,"height":1024,"url":"https:\/\/nge.vn\/wp-content\/uploads\/2024\/10\/images-upload-woo2F659e9e34abf28d02b1c20baac8fb4580.jpg","type":"image\/jpeg"}],"twitter_card":"summary_large_image","twitter_misc":{"Est. reading time":"1 minute"},"schema":{"@context":"https:\/\/schema.org","@graph":[{"@type":"WebPage","@id":"https:\/\/nge.vn\/san-pham\/dong-co-buoc-bo-dun-nhua-cho-may-in-3d-delta-flsun-v400-extruder-motor\/","url":"https:\/\/nge.vn\/san-pham\/dong-co-buoc-bo-dun-nhua-cho-may-in-3d-delta-flsun-v400-extruder-motor\/","name":"\u0110\u1ed9ng c\u01a1 b\u01b0\u1edbc b\u1ed9 \u0111\u00f9n nh\u1ef1a cho m\u00e1y in 3d Delta FLSUN V400 Extruder Motor - NGE 3D Printers Services","isPartOf":{"@id":"https:\/\/nge.vn\/#website"},"primaryImageOfPage":{"@id":"https:\/\/nge.vn\/san-pham\/dong-co-buoc-bo-dun-nhua-cho-may-in-3d-delta-flsun-v400-extruder-motor\/#primaryimage"},"image":{"@id":"https:\/\/nge.vn\/san-pham\/dong-co-buoc-bo-dun-nhua-cho-may-in-3d-delta-flsun-v400-extruder-motor\/#primaryimage"},"thumbnailUrl":"https:\/\/nge.vn\/wp-content\/uploads\/2024\/10\/images-upload-woo2F659e9e34abf28d02b1c20baac8fb4580.jpg","datePublished":"2024-10-25T09:41:26+00:00","dateModified":"2024-10-29T10:11:14+00:00","breadcrumb":{"@id":"https:\/\/nge.vn\/san-pham\/dong-co-buoc-bo-dun-nhua-cho-may-in-3d-delta-flsun-v400-extruder-motor\/#breadcrumb"},"inLanguage":"en-US","potentialAction":[{"@type":"ReadAction","target":["https:\/\/nge.vn\/san-pham\/dong-co-buoc-bo-dun-nhua-cho-may-in-3d-delta-flsun-v400-extruder-motor\/"]}]},{"@type":"ImageObject","inLanguage":"en-US","@id":"https:\/\/nge.vn\/san-pham\/dong-co-buoc-bo-dun-nhua-cho-may-in-3d-delta-flsun-v400-extruder-motor\/#primaryimage","url":"https:\/\/nge.vn\/wp-content\/uploads\/2024\/10\/images-upload-woo2F659e9e34abf28d02b1c20baac8fb4580.jpg","contentUrl":"https:\/\/nge.vn\/wp-content\/uploads\/2024\/10\/images-upload-woo2F659e9e34abf28d02b1c20baac8fb4580.jpg","width":1024,"height":1024},{"@type":"BreadcrumbList","@id":"https:\/\/nge.vn\/san-pham\/dong-co-buoc-bo-dun-nhua-cho-may-in-3d-delta-flsun-v400-extruder-motor\/#breadcrumb","itemListElement":[{"@type":"ListItem","position":1,"name":"Trang ch\u1ee7","item":"https:\/\/nge.vn\/"},{"@type":"ListItem","position":2,"name":"S\u1ea3n ph\u1ea9m","item":"https:\/\/nge.vn\/san-pham\/"},{"@type":"ListItem","position":3,"name":"\u0110\u1ed9ng c\u01a1 b\u01b0\u1edbc b\u1ed9 \u0111\u00f9n nh\u1ef1a cho m\u00e1y in 3d Delta FLSUN V400 Extruder Motor"}]},{"@type":"WebSite","@id":"https:\/\/nge.vn\/#website","url":"https:\/\/nge.vn\/","name":"NGE 3D Printers Services","description":"","potentialAction":[{"@type":"SearchAction","target":{"@type":"EntryPoint","urlTemplate":"https:\/\/nge.vn\/?s={search_term_string}"},"query-input":{"@type":"PropertyValueSpecification","valueRequired":true,"valueName":"search_term_string"}}],"inLanguage":"en-US"}]}},"_links":{"self":[{"href":"https:\/\/nge.vn\/en\/wp-json\/wp\/v2\/product\/1683","targetHints":{"allow":["GET"]}}],"collection":[{"href":"https:\/\/nge.vn\/en\/wp-json\/wp\/v2\/product"}],"about":[{"href":"https:\/\/nge.vn\/en\/wp-json\/wp\/v2\/types\/product"}],"replies":[{"embeddable":true,"href":"https:\/\/nge.vn\/en\/wp-json\/wp\/v2\/comments?post=1683"}],"wp:featuredmedia":[{"embeddable":true,"href":"https:\/\/nge.vn\/en\/wp-json\/wp\/v2\/media\/1674"}],"wp:attachment":[{"href":"https:\/\/nge.vn\/en\/wp-json\/wp\/v2\/media?parent=1683"}],"wp:term":[{"taxonomy":"product_brand","embeddable":true,"href":"https:\/\/nge.vn\/en\/wp-json\/wp\/v2\/product_brand?post=1683"},{"taxonomy":"product_cat","embeddable":true,"href":"https:\/\/nge.vn\/en\/wp-json\/wp\/v2\/product_cat?post=1683"},{"taxonomy":"product_tag","embeddable":true,"href":"https:\/\/nge.vn\/en\/wp-json\/wp\/v2\/product_tag?post=1683"}],"curies":[{"name":"wp","href":"https:\/\/api.w.org\/{rel}","templated":true}]}}