{"id":1631,"date":"2024-10-25T16:33:54","date_gmt":"2024-10-25T09:33:54","guid":{"rendered":"https:\/\/nge.123websitedev.com\/san-pham\/hop-dieu-khien-may-in-3d-tu-xa-creality-wifi-box-2-0\/"},"modified":"2024-10-29T14:51:55","modified_gmt":"2024-10-29T07:51:55","slug":"hop-dieu-khien-may-in-3d-tu-xa-creality-wifi-box-2-0","status":"publish","type":"product","link":"https:\/\/nge.vn\/en\/product\/hop-dieu-khien-may-in-3d-tu-xa-creality-wifi-box-2-0\/","title":{"rendered":"H\u1ed9p \u0111i\u1ec1u khi\u1ec3n m\u00e1y in 3d t\u1eeb xa Creality Wifi Box 2.0"},"content":{"rendered":"<p>H\u1ed9p \u0111i\u1ec1u khi\u1ec3n m\u00e1y in 3d t\u1eeb xa Creality Wifi Box 2.0<br \/>\nN\u00e2ng c\u1ea5p th\u00f4ng minh T\u1eadn h\u01b0\u1edfng ni\u1ec1m vui c\u1ee7a in 3D<br \/>\n+Slice \u0111\u00e1m m\u00e2y<br \/>\n+In \u0111\u00e1m m\u00e2y<br \/>\n+M\u00f4 h\u00ecnh \u0111\u00e1m m\u00e2y<br \/>\n+M\u1ea1ng c\u1ea5u h\u00ecnh Bluetooth<br \/>\n+\u0110i\u1ec1u khi\u1ec3n t\u1eeb xa<br \/>\n+Chia s\u1ebb ni\u1ec1m vui<\/p>\n<p>_L\u00e0m phong ph\u00fa l\u1ed1i ch\u01a1i in 3D v\u1edbi Creality Cloud<br \/>\nSau khi k\u1ebft n\u1ed1i v\u1edbi Creality Box 2.0, m\u00e1y in 3D c\u1ee7a b\u1ea1n c\u00f3 th\u1ec3 th\u1ef1c hi\u1ec7n gi\u00e1m s\u00e1t in v\u00e0 \u0111i\u1ec1u khi\u1ec3n t\u1eeb xa theo th\u1eddi gian th\u1ef1c b\u1eb1ng Creality Cloud APP, \u0111\u1ed3ng th\u1eddi t\u1eadn h\u01b0\u1edfng c\u00e1c t\u00e0i nguy\u00ean m\u00f4 h\u00ecnh phong ph\u00fa c\u1ee7a Creality Cloud.<br \/>\nT\u1ea3i xu\u1ed1ng Crealty Cloud APP trong c\u1eeda h\u00e0ng APP<\/p>\n<p>_Gi\u00e1m s\u00e1t t\u1eeb xa<br \/>\nCreality Smart Kit cho ph\u00e9p gi\u00e1m s\u00e1t t\u1eeb xa v\u00e0 in th\u1eddi gian th\u1ef1c.<br \/>\nKi\u1ec3m so\u00e1t ho\u1ea1t \u0111\u1ed9ng c\u1ee7a m\u00e1y in v\u00e0 ki\u1ec3m tra tr\u1ea1ng th\u00e1i in trong th\u1eddi gian th\u1ef1c tr\u00ean Creality Cloud, gi\u00fap qu\u00e1 tr\u00ecnh in 3D tr\u1edf n\u00ean th\u00f4ng minh h\u01a1n.<\/p>\n<p>_M\u1ea1ng c\u1ea5u h\u00ecnh Bluetooth, thao t\u00e1c \u0111\u01a1n gi\u1ea3n<br \/>\nH\u1ed9p WiFi c\u00f3 th\u1ec3 \u0111\u1ecbnh c\u1ea5u h\u00ecnh m\u1ea1ng d\u1ec5 d\u00e0ng v\u00e0 nhanh ch\u00f3ng th\u00f4ng qua k\u1ebft n\u1ed1i Bluetooth, d\u1ec5 v\u1eadn h\u00e0nh v\u00e0 n\u00e2ng cao tr\u1ea3i nghi\u1ec7m c\u1ea5u h\u00ecnh m\u1ea1ng c\u1ee7a ng\u01b0\u1eddi d\u00f9ng.<\/p>\n<p>_T\u1ea3i l\u00ean nh\u1eadt k\u00fd in<br \/>\nNh\u1eadt k\u00fd in l\u1ecbch s\u1eed H\u1ed9p WiFi c\u00f3 th\u1ec3 \u0111\u01b0\u1ee3c t\u1ea3i l\u00ean \u0111\u00e1m m\u00e2y ch\u1ec9 b\u1eb1ng m\u1ed9t c\u00fa nh\u1ea5p chu\u1ed9t, thu\u1eadn ti\u1ec7n cho vi\u1ec7c h\u1eadu m\u00e3i \u0111\u1ec3 cung c\u1ea5p d\u1ecbch v\u1ee5 b\u1ea3o tr\u00ec t\u1ed1t h\u01a1n.<\/p>\n<p>Product Parameters<br \/>\n+Product size:  90*64*20mm<br \/>\n+Colour: Black<br \/>\n+Material: ABS<br \/>\n+Net weight: 110g<br \/>\n+Input voltage: DC5V<br \/>\n+Input current: 2.4A<br \/>\n+USB: USB2.0*2 HOST TYPE-A<br \/>\n+Bluetooth: BT4.0 Bluetooth<br \/>\n+Ethernet: RJ45 network port, support 10M\/100M adaptive<br \/>\n+WiFi: Wi-Fi 802.11 b\/g\/n, 2.4Ghz<\/p>\n<p>**To receive a better price, please contact the shop directly.<br \/>\n     0913.939.775 contact A.Quan (for English)<br \/>\n     094.144.0951 contact A.Quynh<br \/>\n**Selling price does not include VAT (+10% if VAT invoice is issued)<\/p>","protected":false},"excerpt":{"rendered":"<p>H\u1ed9p \u0111i\u1ec1u khi\u1ec3n m\u00e1y in 3d t\u1eeb xa Creality Wifi Box 2.0<\/p>","protected":false},"featured_media":1622,"comment_status":"open","ping_status":"closed","template":"","meta":{"inline_featured_image":false},"product_brand":[],"product_cat":[40,56],"product_tag":[],"class_list":{"0":"post-1631","1":"product","2":"type-product","3":"status-publish","4":"has-post-thumbnail","6":"product_cat-linh-kien-va-phu-kien","7":"product_cat-linh-phu-kien-may-in-3d-creality","9":"first","10":"instock","11":"taxable","12":"shipping-taxable","13":"purchasable","14":"product-type-simple"},"yoast_head":"<!-- This site is optimized with the Yoast SEO Premium plugin v22.8 (Yoast SEO v26.9) - https:\/\/yoast.com\/product\/yoast-seo-premium-wordpress\/ -->\n<title>H\u1ed9p \u0111i\u1ec1u khi\u1ec3n m\u00e1y in 3d t\u1eeb xa Creality Wifi Box 2.0 - NGE 3D Printers Services<\/title>\n<meta name=\"robots\" content=\"index, follow, max-snippet:-1, max-image-preview:large, max-video-preview:-1\" \/>\n<link rel=\"canonical\" href=\"https:\/\/nge.vn\/en\/product\/hop-dieu-khien-may-in-3d-tu-xa-creality-wifi-box-2-0\/\" \/>\n<meta property=\"og:locale\" content=\"en_US\" \/>\n<meta property=\"og:type\" content=\"article\" \/>\n<meta property=\"og:title\" content=\"H\u1ed9p \u0111i\u1ec1u khi\u1ec3n m\u00e1y in 3d t\u1eeb xa Creality Wifi Box 2.0\" \/>\n<meta property=\"og:description\" content=\"H\u1ed9p \u0111i\u1ec1u khi\u1ec3n m\u00e1y in 3d t\u1eeb xa Creality Wifi Box 2.0\" \/>\n<meta property=\"og:url\" content=\"https:\/\/nge.vn\/en\/product\/hop-dieu-khien-may-in-3d-tu-xa-creality-wifi-box-2-0\/\" \/>\n<meta property=\"og:site_name\" content=\"NGE 3D Printers Services\" \/>\n<meta property=\"article:modified_time\" content=\"2024-10-29T07:51:55+00:00\" \/>\n<meta property=\"og:image\" content=\"https:\/\/nge.vn\/wp-content\/uploads\/2024\/10\/images-upload-woo2F38cefd84a120c488d0b72a1937931adb.jpg\" \/>\n\t<meta property=\"og:image:width\" content=\"900\" \/>\n\t<meta property=\"og:image:height\" content=\"900\" \/>\n\t<meta property=\"og:image:type\" content=\"image\/jpeg\" \/>\n<meta name=\"twitter:card\" content=\"summary_large_image\" \/>\n<meta name=\"twitter:label1\" content=\"Est. reading time\" \/>\n\t<meta name=\"twitter:data1\" content=\"2 minutes\" \/>\n<script type=\"application\/ld+json\" class=\"yoast-schema-graph\">{\"@context\":\"https:\/\/schema.org\",\"@graph\":[{\"@type\":\"WebPage\",\"@id\":\"https:\/\/nge.vn\/san-pham\/hop-dieu-khien-may-in-3d-tu-xa-creality-wifi-box-2-0\/\",\"url\":\"https:\/\/nge.vn\/san-pham\/hop-dieu-khien-may-in-3d-tu-xa-creality-wifi-box-2-0\/\",\"name\":\"H\u1ed9p \u0111i\u1ec1u khi\u1ec3n m\u00e1y in 3d t\u1eeb xa Creality Wifi Box 2.0 - NGE 3D Printers Services\",\"isPartOf\":{\"@id\":\"https:\/\/nge.vn\/#website\"},\"primaryImageOfPage\":{\"@id\":\"https:\/\/nge.vn\/san-pham\/hop-dieu-khien-may-in-3d-tu-xa-creality-wifi-box-2-0\/#primaryimage\"},\"image\":{\"@id\":\"https:\/\/nge.vn\/san-pham\/hop-dieu-khien-may-in-3d-tu-xa-creality-wifi-box-2-0\/#primaryimage\"},\"thumbnailUrl\":\"https:\/\/nge.vn\/wp-content\/uploads\/2024\/10\/images-upload-woo2F38cefd84a120c488d0b72a1937931adb.jpg\",\"datePublished\":\"2024-10-25T09:33:54+00:00\",\"dateModified\":\"2024-10-29T07:51:55+00:00\",\"breadcrumb\":{\"@id\":\"https:\/\/nge.vn\/san-pham\/hop-dieu-khien-may-in-3d-tu-xa-creality-wifi-box-2-0\/#breadcrumb\"},\"inLanguage\":\"en-US\",\"potentialAction\":[{\"@type\":\"ReadAction\",\"target\":[\"https:\/\/nge.vn\/san-pham\/hop-dieu-khien-may-in-3d-tu-xa-creality-wifi-box-2-0\/\"]}]},{\"@type\":\"ImageObject\",\"inLanguage\":\"en-US\",\"@id\":\"https:\/\/nge.vn\/san-pham\/hop-dieu-khien-may-in-3d-tu-xa-creality-wifi-box-2-0\/#primaryimage\",\"url\":\"https:\/\/nge.vn\/wp-content\/uploads\/2024\/10\/images-upload-woo2F38cefd84a120c488d0b72a1937931adb.jpg\",\"contentUrl\":\"https:\/\/nge.vn\/wp-content\/uploads\/2024\/10\/images-upload-woo2F38cefd84a120c488d0b72a1937931adb.jpg\",\"width\":900,\"height\":900},{\"@type\":\"BreadcrumbList\",\"@id\":\"https:\/\/nge.vn\/san-pham\/hop-dieu-khien-may-in-3d-tu-xa-creality-wifi-box-2-0\/#breadcrumb\",\"itemListElement\":[{\"@type\":\"ListItem\",\"position\":1,\"name\":\"Trang ch\u1ee7\",\"item\":\"https:\/\/nge.vn\/\"},{\"@type\":\"ListItem\",\"position\":2,\"name\":\"S\u1ea3n ph\u1ea9m\",\"item\":\"https:\/\/nge.vn\/san-pham\/\"},{\"@type\":\"ListItem\",\"position\":3,\"name\":\"H\u1ed9p \u0111i\u1ec1u khi\u1ec3n m\u00e1y in 3d t\u1eeb xa Creality Wifi Box 2.0\"}]},{\"@type\":\"WebSite\",\"@id\":\"https:\/\/nge.vn\/#website\",\"url\":\"https:\/\/nge.vn\/\",\"name\":\"NGE 3D Printers Services\",\"description\":\"\",\"potentialAction\":[{\"@type\":\"SearchAction\",\"target\":{\"@type\":\"EntryPoint\",\"urlTemplate\":\"https:\/\/nge.vn\/?s={search_term_string}\"},\"query-input\":{\"@type\":\"PropertyValueSpecification\",\"valueRequired\":true,\"valueName\":\"search_term_string\"}}],\"inLanguage\":\"en-US\"}]}<\/script>\n<!-- \/ Yoast SEO Premium plugin. -->","yoast_head_json":{"title":"H\u1ed9p \u0111i\u1ec1u khi\u1ec3n m\u00e1y in 3d t\u1eeb xa Creality Wifi Box 2.0 - NGE 3D Printers Services","robots":{"index":"index","follow":"follow","max-snippet":"max-snippet:-1","max-image-preview":"max-image-preview:large","max-video-preview":"max-video-preview:-1"},"canonical":"https:\/\/nge.vn\/en\/product\/hop-dieu-khien-may-in-3d-tu-xa-creality-wifi-box-2-0\/","og_locale":"en_US","og_type":"article","og_title":"H\u1ed9p \u0111i\u1ec1u khi\u1ec3n m\u00e1y in 3d t\u1eeb xa Creality Wifi Box 2.0","og_description":"H\u1ed9p \u0111i\u1ec1u khi\u1ec3n m\u00e1y in 3d t\u1eeb xa Creality Wifi Box 2.0","og_url":"https:\/\/nge.vn\/en\/product\/hop-dieu-khien-may-in-3d-tu-xa-creality-wifi-box-2-0\/","og_site_name":"NGE 3D Printers Services","article_modified_time":"2024-10-29T07:51:55+00:00","og_image":[{"width":900,"height":900,"url":"https:\/\/nge.vn\/wp-content\/uploads\/2024\/10\/images-upload-woo2F38cefd84a120c488d0b72a1937931adb.jpg","type":"image\/jpeg"}],"twitter_card":"summary_large_image","twitter_misc":{"Est. reading time":"2 minutes"},"schema":{"@context":"https:\/\/schema.org","@graph":[{"@type":"WebPage","@id":"https:\/\/nge.vn\/san-pham\/hop-dieu-khien-may-in-3d-tu-xa-creality-wifi-box-2-0\/","url":"https:\/\/nge.vn\/san-pham\/hop-dieu-khien-may-in-3d-tu-xa-creality-wifi-box-2-0\/","name":"H\u1ed9p \u0111i\u1ec1u khi\u1ec3n m\u00e1y in 3d t\u1eeb xa Creality Wifi Box 2.0 - NGE 3D Printers Services","isPartOf":{"@id":"https:\/\/nge.vn\/#website"},"primaryImageOfPage":{"@id":"https:\/\/nge.vn\/san-pham\/hop-dieu-khien-may-in-3d-tu-xa-creality-wifi-box-2-0\/#primaryimage"},"image":{"@id":"https:\/\/nge.vn\/san-pham\/hop-dieu-khien-may-in-3d-tu-xa-creality-wifi-box-2-0\/#primaryimage"},"thumbnailUrl":"https:\/\/nge.vn\/wp-content\/uploads\/2024\/10\/images-upload-woo2F38cefd84a120c488d0b72a1937931adb.jpg","datePublished":"2024-10-25T09:33:54+00:00","dateModified":"2024-10-29T07:51:55+00:00","breadcrumb":{"@id":"https:\/\/nge.vn\/san-pham\/hop-dieu-khien-may-in-3d-tu-xa-creality-wifi-box-2-0\/#breadcrumb"},"inLanguage":"en-US","potentialAction":[{"@type":"ReadAction","target":["https:\/\/nge.vn\/san-pham\/hop-dieu-khien-may-in-3d-tu-xa-creality-wifi-box-2-0\/"]}]},{"@type":"ImageObject","inLanguage":"en-US","@id":"https:\/\/nge.vn\/san-pham\/hop-dieu-khien-may-in-3d-tu-xa-creality-wifi-box-2-0\/#primaryimage","url":"https:\/\/nge.vn\/wp-content\/uploads\/2024\/10\/images-upload-woo2F38cefd84a120c488d0b72a1937931adb.jpg","contentUrl":"https:\/\/nge.vn\/wp-content\/uploads\/2024\/10\/images-upload-woo2F38cefd84a120c488d0b72a1937931adb.jpg","width":900,"height":900},{"@type":"BreadcrumbList","@id":"https:\/\/nge.vn\/san-pham\/hop-dieu-khien-may-in-3d-tu-xa-creality-wifi-box-2-0\/#breadcrumb","itemListElement":[{"@type":"ListItem","position":1,"name":"Trang ch\u1ee7","item":"https:\/\/nge.vn\/"},{"@type":"ListItem","position":2,"name":"S\u1ea3n ph\u1ea9m","item":"https:\/\/nge.vn\/san-pham\/"},{"@type":"ListItem","position":3,"name":"H\u1ed9p \u0111i\u1ec1u khi\u1ec3n m\u00e1y in 3d t\u1eeb xa Creality Wifi Box 2.0"}]},{"@type":"WebSite","@id":"https:\/\/nge.vn\/#website","url":"https:\/\/nge.vn\/","name":"NGE 3D Printers Services","description":"","potentialAction":[{"@type":"SearchAction","target":{"@type":"EntryPoint","urlTemplate":"https:\/\/nge.vn\/?s={search_term_string}"},"query-input":{"@type":"PropertyValueSpecification","valueRequired":true,"valueName":"search_term_string"}}],"inLanguage":"en-US"}]}},"_links":{"self":[{"href":"https:\/\/nge.vn\/en\/wp-json\/wp\/v2\/product\/1631","targetHints":{"allow":["GET"]}}],"collection":[{"href":"https:\/\/nge.vn\/en\/wp-json\/wp\/v2\/product"}],"about":[{"href":"https:\/\/nge.vn\/en\/wp-json\/wp\/v2\/types\/product"}],"replies":[{"embeddable":true,"href":"https:\/\/nge.vn\/en\/wp-json\/wp\/v2\/comments?post=1631"}],"wp:featuredmedia":[{"embeddable":true,"href":"https:\/\/nge.vn\/en\/wp-json\/wp\/v2\/media\/1622"}],"wp:attachment":[{"href":"https:\/\/nge.vn\/en\/wp-json\/wp\/v2\/media?parent=1631"}],"wp:term":[{"taxonomy":"product_brand","embeddable":true,"href":"https:\/\/nge.vn\/en\/wp-json\/wp\/v2\/product_brand?post=1631"},{"taxonomy":"product_cat","embeddable":true,"href":"https:\/\/nge.vn\/en\/wp-json\/wp\/v2\/product_cat?post=1631"},{"taxonomy":"product_tag","embeddable":true,"href":"https:\/\/nge.vn\/en\/wp-json\/wp\/v2\/product_tag?post=1631"}],"curies":[{"name":"wp","href":"https:\/\/api.w.org\/{rel}","templated":true}]}}