{"id":1621,"date":"2024-10-25T16:31:52","date_gmt":"2024-10-25T09:31:52","guid":{"rendered":"https:\/\/nge.123websitedev.com\/san-pham\/bo-tui-hut-chan-khong-bao-quan-soi-nhua-fdm-filaments-vacuum-bag-kit\/"},"modified":"2024-10-29T17:23:59","modified_gmt":"2024-10-29T10:23:59","slug":"bo-tui-hut-chan-khong-bao-quan-soi-nhua-fdm-filaments-vacuum-bag-kit","status":"publish","type":"product","link":"https:\/\/nge.vn\/en\/product\/bo-tui-hut-chan-khong-bao-quan-soi-nhua-fdm-filaments-vacuum-bag-kit\/","title":{"rendered":"B\u1ed9 t\u00fai h\u00fat ch\u00e2n kh\u00f4ng b\u1ea3o qu\u1ea3n s\u1ee3i nh\u1ef1a FDM Filaments Vacuum Bag Kit"},"content":{"rendered":"<p>B\u1ed9 t\u00fai h\u00fat ch\u00e2n kh\u00f4ng b\u1ea3o qu\u1ea3n s\u1ee3i nh\u1ef1a FDM Filaments Vacuum Bag Kit<br \/>\n_H\u00fat ch\u00e2n kh\u00f4ng hi\u1ec7u qu\u1ea3, Ch\u1ed1ng b\u1ee5i v\u00e0 ch\u1ed1ng th\u1ea5m n\u01b0\u1edbc;<br \/>\n_Gi\u00e1m s\u00e1t \u0111\u1ed9 \u1ea9m. Ho\u00e0n thi\u1ec7n c\u01a1 s\u1edf v\u1eadt ch\u1ea5t h\u1ed7 tr\u1ee3;<br \/>\n_An to\u00e0n v\u00e0 b\u1ec1n b\u1ec9, th\u00e2n thi\u1ec7n v\u1edbi m\u00f4i tr\u01b0\u1eddng v\u00e0 c\u00f3 th\u1ec3 t\u00e1i ch\u1ebf<\/p>\n<p>B\u1ed9 t\u00fai h\u00fat ch\u00e2n kh\u00f4ng s\u1ee3i<br \/>\nS\u1ee3i kh\u00f4ng b\u1ecb \u1ea9m, \u00fd t\u01b0\u1edfng ho\u00e0n h\u1ea3o d\u00e0nh ri\u00eang<br \/>\n+ H\u00fat b\u1ee5i, ch\u1ed1ng b\u1ee5i v\u00e0 ch\u1ed1ng n\u01b0\u1edbc hi\u1ec7u qu\u1ea3<br \/>\n+ Theo d\u00f5i \u0111\u1ed9 \u1ea9m, \u0111\u1ea7y \u0111\u1ee7 c\u01a1 s\u1edf v\u1eadt ch\u1ea5t h\u1ed7 tr\u1ee3.<br \/>\n+ An to\u00e0n v\u00e0 b\u1ec1n b\u1ec9, th\u00e2n thi\u1ec7n v\u1edbi m\u00f4i tr\u01b0\u1eddng v\u00e0 c\u00f3 th\u1ec3 t\u00e1i ch\u1ebf<\/p>\n<p>_Gi\u1eef s\u1ee3i kh\u00f4<br \/>\nThi\u1ebft k\u1ebf d\u00e2y k\u00e9o k\u00e9p k\u00edn v\u00e0 l\u1ed7 si\u00eau nh\u1ecf cung c\u1ea5p kh\u00f4ng gian l\u01b0u tr\u1eef k\u00edn v\u00e0 kh\u00f4 r\u00e1o cho c\u00e1c s\u1ee3i nh\u1ef1a<\/p>\n<p>_H\u00fat ch\u00e2n kh\u00f4ng hi\u1ec7u qu\u1ea3<br \/>\nT\u00fai b\u1ea3o qu\u1ea3n \u0111\u01b0\u1ee3c trang b\u1ecb van t\u1ef1 h\u00e0n k\u00edn v\u00e0 b\u01a1m tay nh\u1ecf, c\u00f3 th\u1ec3 t\u1ea1o ch\u00e2n kh\u00f4ng trong v\u00e0i gi\u00e2y \u0111\u1ec3 duy tr\u00ec h\u00ecnh d\u1ea1ng v\u00e0 t\u00ednh di \u0111\u1ed9ng cao nh\u1ea5t<\/p>\n<p>_Gi\u00e1m s\u00e1t \u0111\u1ed9 \u1ea9m to\u00e0n di\u1ec7n<br \/>\n+Th\u1ebb ch\u1ec9 b\u00e1o \u0111\u1ed9 \u1ea9m kh\u00f4ng c\u00f3 coban, nh\u1edd \u0111\u00f3, b\u1ea1n c\u00f3 th\u1ec3 nhanh ch\u00f3ng ki\u1ec3m tra m\u1ee9c \u0111\u1ed9 \u1ea9m c\u1ee7a s\u1ee3i nh\u1ef1a m\u00e0 kh\u00f4ng c\u1ea7n m\u1edf n\u1eafp.<br \/>\n+Ch\u1ea5t h\u00fat \u1ea9m k\u00e8m theo c\u00f3 th\u1ec3 \u0111\u01b0\u1ee3c s\u1eed d\u1ee5ng b\u1ea3o hi\u1ec3m k\u00e9p.<\/p>\n<p>_H\u01b0\u1edbng d\u1eabn th\u1ebb ch\u1ec9 th\u1ecb \u0111\u1ed9 \u1ea9m kh\u00f4ng c\u00f3 coban<br \/>\n(L\u1ea5y th\u1ebb \u0111\u1ed9 \u1ea9m v\u00e0 \u0111\u1eb7t n\u00f3 v\u00e0o v\u1eadt c\u1ea7n ki\u1ec3m tra, s\u1ef1 thay \u0111\u1ed5i m\u00e0u s\u1eafc th\u1ec3 hi\u1ec7n s\u1ef1 thay \u0111\u1ed5i \u0111\u1ed9 \u1ea9m)<br \/>\n+Kh\u00f4ng \u0111\u1ed5i m\u00e0u c\u00f3 ngh\u0129a l\u00e0 nhi\u1ec7t \u0111\u1ed9 b\u00ecnh th\u01b0\u1eddng<br \/>\n+Chuy\u1ec3n sang m\u00e0u h\u1ed3ng c\u00f3 ngh\u0129a l\u00e0 b\u1ecb \u1ea9m<\/p>\n<p>CH\u1ec8 S\u1ed0 \u0110\u1ed8 \u1ea8M<br \/>\n10% 20% 30% 40% 50% 60%<\/p>\n<p>NGUY HI\u1ec2M N\u1ebeU H\u1ed2NG THAY \u0110\u1ed4I CH\u1ea4T H\u1ea4P D\u01af\u1ee0NG<br \/>\n\u0110\u1eccC T\u1ea0I LAVENDER GI\u1eeeA H\u1ed2NG &amp; XANH<\/p>\n<p>S\u1ea3n ph\u1ea9m g\u1ed3m<br \/>\n+T\u00fai \u0111\u1ef1ng s\u1ee3i nh\u1ef1a (10 c\u00e1i)<br \/>\n+Th\u1ebb b\u00e1o \u0111\u1ed9 \u1ea9m (5 c\u00e1i)<br \/>\n+H\u1ed9t h\u00fat \u1ea9m (20 g\u00f3i)<br \/>\n+K\u1eb9p ni\u00eam phong (5 c\u00e1i)<br \/>\n+B\u01a1m tay (1 c\u00e1i)<\/p>\n<p>Packing Size\uff1a350\u00d7350\u00d730mm<br \/>\nG.W\uff1a470g<br \/>\nCompatible Models: s\u1eed d\u1ee5ng b\u1ea3o qu\u1ea3n cho t\u1ea5t c\u1ea3 c\u00e1c lo\u1ea1i s\u1ee3i nh\u1ef1a in 3d FDM<\/p>\n<p>**To receive a better price, please contact the shop directly.<br \/>\n     0913.939.775 contact A.Quan (for English)<br \/>\n     094.144.0951 contact A.Quynh<br \/>\n**Selling price does not include VAT (+10% if VAT invoice is issued)<\/p>","protected":false},"excerpt":{"rendered":"<p>B\u1ed9 t\u00fai h\u00fat ch\u00e2n kh\u00f4ng b\u1ea3o qu\u1ea3n s\u1ee3i nh\u1ef1a FDM Filaments Vacuum Bag Kit<\/p>","protected":false},"featured_media":1612,"comment_status":"open","ping_status":"closed","template":"","meta":{"inline_featured_image":false},"product_brand":[],"product_cat":[40],"product_tag":[],"class_list":{"0":"post-1621","1":"product","2":"type-product","3":"status-publish","4":"has-post-thumbnail","6":"product_cat-linh-kien-va-phu-kien","8":"first","9":"instock","10":"taxable","11":"shipping-taxable","12":"purchasable","13":"product-type-simple"},"yoast_head":"<!-- This site is optimized with the Yoast SEO Premium plugin v22.8 (Yoast SEO v26.9) - https:\/\/yoast.com\/product\/yoast-seo-premium-wordpress\/ -->\n<title>B\u1ed9 t\u00fai h\u00fat ch\u00e2n kh\u00f4ng b\u1ea3o qu\u1ea3n s\u1ee3i nh\u1ef1a FDM Filaments Vacuum Bag Kit - NGE 3D Printers Services<\/title>\n<meta name=\"robots\" content=\"index, follow, max-snippet:-1, max-image-preview:large, max-video-preview:-1\" \/>\n<link rel=\"canonical\" href=\"https:\/\/nge.vn\/en\/product\/bo-tui-hut-chan-khong-bao-quan-soi-nhua-fdm-filaments-vacuum-bag-kit\/\" \/>\n<meta property=\"og:locale\" content=\"en_US\" \/>\n<meta property=\"og:type\" content=\"article\" \/>\n<meta property=\"og:title\" content=\"B\u1ed9 t\u00fai h\u00fat ch\u00e2n kh\u00f4ng b\u1ea3o qu\u1ea3n s\u1ee3i nh\u1ef1a FDM Filaments Vacuum Bag Kit\" \/>\n<meta property=\"og:description\" content=\"B\u1ed9 t\u00fai h\u00fat ch\u00e2n kh\u00f4ng b\u1ea3o qu\u1ea3n s\u1ee3i nh\u1ef1a FDM Filaments Vacuum Bag Kit\" \/>\n<meta property=\"og:url\" content=\"https:\/\/nge.vn\/en\/product\/bo-tui-hut-chan-khong-bao-quan-soi-nhua-fdm-filaments-vacuum-bag-kit\/\" \/>\n<meta property=\"og:site_name\" content=\"NGE 3D Printers Services\" \/>\n<meta property=\"article:modified_time\" content=\"2024-10-29T10:23:59+00:00\" \/>\n<meta property=\"og:image\" content=\"https:\/\/nge.vn\/wp-content\/uploads\/2024\/10\/images-upload-woo2F24183825600d3db96bcfc1fa98846e82.jpg\" \/>\n\t<meta property=\"og:image:width\" content=\"830\" \/>\n\t<meta property=\"og:image:height\" content=\"830\" \/>\n\t<meta property=\"og:image:type\" content=\"image\/jpeg\" \/>\n<meta name=\"twitter:card\" content=\"summary_large_image\" \/>\n<meta name=\"twitter:label1\" content=\"Est. reading time\" \/>\n\t<meta name=\"twitter:data1\" content=\"3 minutes\" \/>\n<script type=\"application\/ld+json\" class=\"yoast-schema-graph\">{\"@context\":\"https:\/\/schema.org\",\"@graph\":[{\"@type\":\"WebPage\",\"@id\":\"https:\/\/nge.vn\/san-pham\/bo-tui-hut-chan-khong-bao-quan-soi-nhua-fdm-filaments-vacuum-bag-kit\/\",\"url\":\"https:\/\/nge.vn\/san-pham\/bo-tui-hut-chan-khong-bao-quan-soi-nhua-fdm-filaments-vacuum-bag-kit\/\",\"name\":\"B\u1ed9 t\u00fai h\u00fat ch\u00e2n kh\u00f4ng b\u1ea3o qu\u1ea3n s\u1ee3i nh\u1ef1a FDM Filaments Vacuum Bag Kit - NGE 3D Printers Services\",\"isPartOf\":{\"@id\":\"https:\/\/nge.vn\/#website\"},\"primaryImageOfPage\":{\"@id\":\"https:\/\/nge.vn\/san-pham\/bo-tui-hut-chan-khong-bao-quan-soi-nhua-fdm-filaments-vacuum-bag-kit\/#primaryimage\"},\"image\":{\"@id\":\"https:\/\/nge.vn\/san-pham\/bo-tui-hut-chan-khong-bao-quan-soi-nhua-fdm-filaments-vacuum-bag-kit\/#primaryimage\"},\"thumbnailUrl\":\"https:\/\/nge.vn\/wp-content\/uploads\/2024\/10\/images-upload-woo2F24183825600d3db96bcfc1fa98846e82.jpg\",\"datePublished\":\"2024-10-25T09:31:52+00:00\",\"dateModified\":\"2024-10-29T10:23:59+00:00\",\"breadcrumb\":{\"@id\":\"https:\/\/nge.vn\/san-pham\/bo-tui-hut-chan-khong-bao-quan-soi-nhua-fdm-filaments-vacuum-bag-kit\/#breadcrumb\"},\"inLanguage\":\"en-US\",\"potentialAction\":[{\"@type\":\"ReadAction\",\"target\":[\"https:\/\/nge.vn\/san-pham\/bo-tui-hut-chan-khong-bao-quan-soi-nhua-fdm-filaments-vacuum-bag-kit\/\"]}]},{\"@type\":\"ImageObject\",\"inLanguage\":\"en-US\",\"@id\":\"https:\/\/nge.vn\/san-pham\/bo-tui-hut-chan-khong-bao-quan-soi-nhua-fdm-filaments-vacuum-bag-kit\/#primaryimage\",\"url\":\"https:\/\/nge.vn\/wp-content\/uploads\/2024\/10\/images-upload-woo2F24183825600d3db96bcfc1fa98846e82.jpg\",\"contentUrl\":\"https:\/\/nge.vn\/wp-content\/uploads\/2024\/10\/images-upload-woo2F24183825600d3db96bcfc1fa98846e82.jpg\",\"width\":830,\"height\":830},{\"@type\":\"BreadcrumbList\",\"@id\":\"https:\/\/nge.vn\/san-pham\/bo-tui-hut-chan-khong-bao-quan-soi-nhua-fdm-filaments-vacuum-bag-kit\/#breadcrumb\",\"itemListElement\":[{\"@type\":\"ListItem\",\"position\":1,\"name\":\"Trang ch\u1ee7\",\"item\":\"https:\/\/nge.vn\/\"},{\"@type\":\"ListItem\",\"position\":2,\"name\":\"S\u1ea3n ph\u1ea9m\",\"item\":\"https:\/\/nge.vn\/san-pham\/\"},{\"@type\":\"ListItem\",\"position\":3,\"name\":\"B\u1ed9 t\u00fai h\u00fat ch\u00e2n kh\u00f4ng b\u1ea3o qu\u1ea3n s\u1ee3i nh\u1ef1a FDM Filaments Vacuum Bag Kit\"}]},{\"@type\":\"WebSite\",\"@id\":\"https:\/\/nge.vn\/#website\",\"url\":\"https:\/\/nge.vn\/\",\"name\":\"NGE 3D Printers Services\",\"description\":\"\",\"potentialAction\":[{\"@type\":\"SearchAction\",\"target\":{\"@type\":\"EntryPoint\",\"urlTemplate\":\"https:\/\/nge.vn\/?s={search_term_string}\"},\"query-input\":{\"@type\":\"PropertyValueSpecification\",\"valueRequired\":true,\"valueName\":\"search_term_string\"}}],\"inLanguage\":\"en-US\"}]}<\/script>\n<!-- \/ Yoast SEO Premium plugin. -->","yoast_head_json":{"title":"B\u1ed9 t\u00fai h\u00fat ch\u00e2n kh\u00f4ng b\u1ea3o qu\u1ea3n s\u1ee3i nh\u1ef1a FDM Filaments Vacuum Bag Kit - NGE 3D Printers Services","robots":{"index":"index","follow":"follow","max-snippet":"max-snippet:-1","max-image-preview":"max-image-preview:large","max-video-preview":"max-video-preview:-1"},"canonical":"https:\/\/nge.vn\/en\/product\/bo-tui-hut-chan-khong-bao-quan-soi-nhua-fdm-filaments-vacuum-bag-kit\/","og_locale":"en_US","og_type":"article","og_title":"B\u1ed9 t\u00fai h\u00fat ch\u00e2n kh\u00f4ng b\u1ea3o qu\u1ea3n s\u1ee3i nh\u1ef1a FDM Filaments Vacuum Bag Kit","og_description":"B\u1ed9 t\u00fai h\u00fat ch\u00e2n kh\u00f4ng b\u1ea3o qu\u1ea3n s\u1ee3i nh\u1ef1a FDM Filaments Vacuum Bag Kit","og_url":"https:\/\/nge.vn\/en\/product\/bo-tui-hut-chan-khong-bao-quan-soi-nhua-fdm-filaments-vacuum-bag-kit\/","og_site_name":"NGE 3D Printers Services","article_modified_time":"2024-10-29T10:23:59+00:00","og_image":[{"width":830,"height":830,"url":"https:\/\/nge.vn\/wp-content\/uploads\/2024\/10\/images-upload-woo2F24183825600d3db96bcfc1fa98846e82.jpg","type":"image\/jpeg"}],"twitter_card":"summary_large_image","twitter_misc":{"Est. reading time":"3 minutes"},"schema":{"@context":"https:\/\/schema.org","@graph":[{"@type":"WebPage","@id":"https:\/\/nge.vn\/san-pham\/bo-tui-hut-chan-khong-bao-quan-soi-nhua-fdm-filaments-vacuum-bag-kit\/","url":"https:\/\/nge.vn\/san-pham\/bo-tui-hut-chan-khong-bao-quan-soi-nhua-fdm-filaments-vacuum-bag-kit\/","name":"B\u1ed9 t\u00fai h\u00fat ch\u00e2n kh\u00f4ng b\u1ea3o qu\u1ea3n s\u1ee3i nh\u1ef1a FDM Filaments Vacuum Bag Kit - NGE 3D Printers Services","isPartOf":{"@id":"https:\/\/nge.vn\/#website"},"primaryImageOfPage":{"@id":"https:\/\/nge.vn\/san-pham\/bo-tui-hut-chan-khong-bao-quan-soi-nhua-fdm-filaments-vacuum-bag-kit\/#primaryimage"},"image":{"@id":"https:\/\/nge.vn\/san-pham\/bo-tui-hut-chan-khong-bao-quan-soi-nhua-fdm-filaments-vacuum-bag-kit\/#primaryimage"},"thumbnailUrl":"https:\/\/nge.vn\/wp-content\/uploads\/2024\/10\/images-upload-woo2F24183825600d3db96bcfc1fa98846e82.jpg","datePublished":"2024-10-25T09:31:52+00:00","dateModified":"2024-10-29T10:23:59+00:00","breadcrumb":{"@id":"https:\/\/nge.vn\/san-pham\/bo-tui-hut-chan-khong-bao-quan-soi-nhua-fdm-filaments-vacuum-bag-kit\/#breadcrumb"},"inLanguage":"en-US","potentialAction":[{"@type":"ReadAction","target":["https:\/\/nge.vn\/san-pham\/bo-tui-hut-chan-khong-bao-quan-soi-nhua-fdm-filaments-vacuum-bag-kit\/"]}]},{"@type":"ImageObject","inLanguage":"en-US","@id":"https:\/\/nge.vn\/san-pham\/bo-tui-hut-chan-khong-bao-quan-soi-nhua-fdm-filaments-vacuum-bag-kit\/#primaryimage","url":"https:\/\/nge.vn\/wp-content\/uploads\/2024\/10\/images-upload-woo2F24183825600d3db96bcfc1fa98846e82.jpg","contentUrl":"https:\/\/nge.vn\/wp-content\/uploads\/2024\/10\/images-upload-woo2F24183825600d3db96bcfc1fa98846e82.jpg","width":830,"height":830},{"@type":"BreadcrumbList","@id":"https:\/\/nge.vn\/san-pham\/bo-tui-hut-chan-khong-bao-quan-soi-nhua-fdm-filaments-vacuum-bag-kit\/#breadcrumb","itemListElement":[{"@type":"ListItem","position":1,"name":"Trang ch\u1ee7","item":"https:\/\/nge.vn\/"},{"@type":"ListItem","position":2,"name":"S\u1ea3n ph\u1ea9m","item":"https:\/\/nge.vn\/san-pham\/"},{"@type":"ListItem","position":3,"name":"B\u1ed9 t\u00fai h\u00fat ch\u00e2n kh\u00f4ng b\u1ea3o qu\u1ea3n s\u1ee3i nh\u1ef1a FDM Filaments Vacuum Bag Kit"}]},{"@type":"WebSite","@id":"https:\/\/nge.vn\/#website","url":"https:\/\/nge.vn\/","name":"NGE 3D Printers Services","description":"","potentialAction":[{"@type":"SearchAction","target":{"@type":"EntryPoint","urlTemplate":"https:\/\/nge.vn\/?s={search_term_string}"},"query-input":{"@type":"PropertyValueSpecification","valueRequired":true,"valueName":"search_term_string"}}],"inLanguage":"en-US"}]}},"_links":{"self":[{"href":"https:\/\/nge.vn\/en\/wp-json\/wp\/v2\/product\/1621","targetHints":{"allow":["GET"]}}],"collection":[{"href":"https:\/\/nge.vn\/en\/wp-json\/wp\/v2\/product"}],"about":[{"href":"https:\/\/nge.vn\/en\/wp-json\/wp\/v2\/types\/product"}],"replies":[{"embeddable":true,"href":"https:\/\/nge.vn\/en\/wp-json\/wp\/v2\/comments?post=1621"}],"wp:featuredmedia":[{"embeddable":true,"href":"https:\/\/nge.vn\/en\/wp-json\/wp\/v2\/media\/1612"}],"wp:attachment":[{"href":"https:\/\/nge.vn\/en\/wp-json\/wp\/v2\/media?parent=1621"}],"wp:term":[{"taxonomy":"product_brand","embeddable":true,"href":"https:\/\/nge.vn\/en\/wp-json\/wp\/v2\/product_brand?post=1621"},{"taxonomy":"product_cat","embeddable":true,"href":"https:\/\/nge.vn\/en\/wp-json\/wp\/v2\/product_cat?post=1621"},{"taxonomy":"product_tag","embeddable":true,"href":"https:\/\/nge.vn\/en\/wp-json\/wp\/v2\/product_tag?post=1621"}],"curies":[{"name":"wp","href":"https:\/\/api.w.org\/{rel}","templated":true}]}}