{"id":1611,"date":"2024-10-25T16:29:40","date_gmt":"2024-10-25T09:29:40","guid":{"rendered":"https:\/\/nge.123websitedev.com\/san-pham\/quat-lam-mat-creality-4010-axial-fan-24v-cho-may-in-3d-day-dai-1500mm\/"},"modified":"2024-10-29T14:51:37","modified_gmt":"2024-10-29T07:51:37","slug":"quat-lam-mat-creality-4010-axial-fan-24v-cho-may-in-3d-day-dai-1500mm","status":"publish","type":"product","link":"https:\/\/nge.vn\/en\/product\/quat-lam-mat-creality-4010-axial-fan-24v-cho-may-in-3d-day-dai-1500mm\/","title":{"rendered":"Qu\u1ea1t l\u00e0m m\u00e1t Creality 4010 Axial Fan 24V cho m\u00e1y in 3D d\u00e2y d\u00e0i 1500mm"},"content":{"rendered":"<p>Qu\u1ea1t 4010 Axial Fan 24V cho m\u00e1y in 3D d\u00e2y d\u00e0i 1500mm<\/p>\n<p>_Thay th\u1ebf d\u1ec5 d\u00e0ng<br \/>\n_T\u1ea3n nhi\u1ec7t hi\u1ec7u qu\u1ea3<br \/>\n_Im l\u1eb7ng v\u00e0 ti\u1ebfng \u1ed3n th\u1ea5p<\/p>\n<p>_Ba l\u1ee3i th\u1ebf c\u1ed1t l\u00f5i, T\u0103ng c\u01b0\u1eddng to\u00e0n di\u1ec7n<\/p>\n<p>_T\u1ea3n nhi\u1ec7t l\u00f5i c\u1ee9ng \u0111\u1ec3 t\u0103ng t\u1ed1c qu\u00e1 tr\u00ecnh b\u1ea3o d\u01b0\u1ee1ng m\u00f4 h\u00ecnh<br \/>\nGi\u00fap t\u1ea3n nhi\u1ec7t hi\u1ec7u qu\u1ea3 h\u01a1n, tr\u00e1nh tr\u01b0\u1eddng h\u1ee3p b\u1ea3n in b\u1ecb ngh\u1eb9t \u0111\u1ea7u, gi\u00fap m\u00e1y in ch\u1ea1y h\u1ebft t\u1ed1c l\u1ef1c.<\/p>\n<p>_T\u1eadn h\u01b0\u1edfng vi\u1ec7c in nh\u1eb9 nh\u00e0ng, T\u1ea1o ra m\u1ed9t c\u00e1ch nh\u1eb9 nh\u00e0ng<br \/>\nT\u00ednh n\u0103ng kh\u1edfi \u0111\u1ed9ng b\u1eb1ng \u0111i\u1ec7n \u00e1p th\u1ea5p y\u00ean t\u0129nh v\u00e0 hi\u1ec7u su\u1ea5t t\u1ea3n nhi\u1ec7t tuy\u1ec7t v\u1eddi \u1edf tr\u1ea1ng th\u00e1i t\u1ed1c \u0111\u1ed9 th\u1ea5p, mang l\u1ea1i tr\u1ea3i nghi\u1ec7m t\u1ed1t<\/p>\n<p>_Product Information:<br \/>\n+Product name: 4010 Axial Fan 24V<br \/>\n+Voltage: 24V<br \/>\n+Product Size: Axial Fan: 40*10mm<br \/>\n                        Wire length:  1500mm<br \/>\n+Weight: Net Weight: 18g<br \/>\n               Gross Weight: 22<\/p>\n<p>**\u0110\u1ec3 \u0111\u01b0\u1ee3c nh\u1eadn h\u1ed9 tr\u1ee3 th\u00eam v\u1ec1 Gi\u00e1 v\u00e0 Th\u00f4ng tin c\u1ee7a s\u1ea3n ph\u1ea9m, vui l\u00f2ng li\u00ean h\u1ec7:<br \/>\n    0913.939.775 g\u1eb7p A. Qu\u00e2n (for English)<br \/>\n    094.144.0951 contact A.Quynh<br \/>\n**Selling price does not include VAT (+10% if VAT invoice is issued)<\/p>","protected":false},"excerpt":{"rendered":"<p>Qu\u1ea1t l\u00e0m m\u00e1t Creality 4010 Axial Fan 24V cho m\u00e1y in 3D d\u00e2y d\u00e0i 1500mm<\/p>","protected":false},"featured_media":1607,"comment_status":"open","ping_status":"closed","template":"","meta":{"inline_featured_image":false},"product_brand":[],"product_cat":[40,56],"product_tag":[],"class_list":{"0":"post-1611","1":"product","2":"type-product","3":"status-publish","4":"has-post-thumbnail","6":"product_cat-linh-kien-va-phu-kien","7":"product_cat-linh-phu-kien-may-in-3d-creality","9":"first","10":"instock","11":"taxable","12":"shipping-taxable","13":"purchasable","14":"product-type-simple"},"yoast_head":"<!-- This site is optimized with the Yoast SEO Premium plugin v22.8 (Yoast SEO v26.9) - https:\/\/yoast.com\/product\/yoast-seo-premium-wordpress\/ -->\n<title>Qu\u1ea1t l\u00e0m m\u00e1t Creality 4010 Axial Fan 24V cho m\u00e1y in 3D d\u00e2y d\u00e0i 1500mm - NGE 3D Printers Services<\/title>\n<meta name=\"robots\" content=\"index, follow, max-snippet:-1, max-image-preview:large, max-video-preview:-1\" \/>\n<link rel=\"canonical\" href=\"https:\/\/nge.vn\/en\/product\/quat-lam-mat-creality-4010-axial-fan-24v-cho-may-in-3d-day-dai-1500mm\/\" \/>\n<meta property=\"og:locale\" content=\"en_US\" \/>\n<meta property=\"og:type\" content=\"article\" \/>\n<meta property=\"og:title\" content=\"Qu\u1ea1t l\u00e0m m\u00e1t Creality 4010 Axial Fan 24V cho m\u00e1y in 3D d\u00e2y d\u00e0i 1500mm\" \/>\n<meta property=\"og:description\" content=\"Qu\u1ea1t l\u00e0m m\u00e1t Creality 4010 Axial Fan 24V cho m\u00e1y in 3D d\u00e2y d\u00e0i 1500mm\" \/>\n<meta property=\"og:url\" content=\"https:\/\/nge.vn\/en\/product\/quat-lam-mat-creality-4010-axial-fan-24v-cho-may-in-3d-day-dai-1500mm\/\" \/>\n<meta property=\"og:site_name\" content=\"NGE 3D Printers Services\" \/>\n<meta property=\"article:modified_time\" content=\"2024-10-29T07:51:37+00:00\" \/>\n<meta property=\"og:image\" content=\"https:\/\/nge.vn\/wp-content\/uploads\/2024\/10\/images-upload-woo2Ff7f448c90da875d70d1e2b5115c9af9d.jpg\" \/>\n\t<meta property=\"og:image:width\" content=\"1024\" \/>\n\t<meta property=\"og:image:height\" content=\"1024\" \/>\n\t<meta property=\"og:image:type\" content=\"image\/jpeg\" \/>\n<meta name=\"twitter:card\" content=\"summary_large_image\" \/>\n<meta name=\"twitter:label1\" content=\"Est. reading time\" \/>\n\t<meta name=\"twitter:data1\" content=\"1 minute\" \/>\n<script type=\"application\/ld+json\" class=\"yoast-schema-graph\">{\"@context\":\"https:\/\/schema.org\",\"@graph\":[{\"@type\":\"WebPage\",\"@id\":\"https:\/\/nge.vn\/san-pham\/quat-lam-mat-creality-4010-axial-fan-24v-cho-may-in-3d-day-dai-1500mm\/\",\"url\":\"https:\/\/nge.vn\/san-pham\/quat-lam-mat-creality-4010-axial-fan-24v-cho-may-in-3d-day-dai-1500mm\/\",\"name\":\"Qu\u1ea1t l\u00e0m m\u00e1t Creality 4010 Axial Fan 24V cho m\u00e1y in 3D d\u00e2y d\u00e0i 1500mm - NGE 3D Printers Services\",\"isPartOf\":{\"@id\":\"https:\/\/nge.vn\/#website\"},\"primaryImageOfPage\":{\"@id\":\"https:\/\/nge.vn\/san-pham\/quat-lam-mat-creality-4010-axial-fan-24v-cho-may-in-3d-day-dai-1500mm\/#primaryimage\"},\"image\":{\"@id\":\"https:\/\/nge.vn\/san-pham\/quat-lam-mat-creality-4010-axial-fan-24v-cho-may-in-3d-day-dai-1500mm\/#primaryimage\"},\"thumbnailUrl\":\"https:\/\/nge.vn\/wp-content\/uploads\/2024\/10\/images-upload-woo2Ff7f448c90da875d70d1e2b5115c9af9d.jpg\",\"datePublished\":\"2024-10-25T09:29:40+00:00\",\"dateModified\":\"2024-10-29T07:51:37+00:00\",\"breadcrumb\":{\"@id\":\"https:\/\/nge.vn\/san-pham\/quat-lam-mat-creality-4010-axial-fan-24v-cho-may-in-3d-day-dai-1500mm\/#breadcrumb\"},\"inLanguage\":\"en-US\",\"potentialAction\":[{\"@type\":\"ReadAction\",\"target\":[\"https:\/\/nge.vn\/san-pham\/quat-lam-mat-creality-4010-axial-fan-24v-cho-may-in-3d-day-dai-1500mm\/\"]}]},{\"@type\":\"ImageObject\",\"inLanguage\":\"en-US\",\"@id\":\"https:\/\/nge.vn\/san-pham\/quat-lam-mat-creality-4010-axial-fan-24v-cho-may-in-3d-day-dai-1500mm\/#primaryimage\",\"url\":\"https:\/\/nge.vn\/wp-content\/uploads\/2024\/10\/images-upload-woo2Ff7f448c90da875d70d1e2b5115c9af9d.jpg\",\"contentUrl\":\"https:\/\/nge.vn\/wp-content\/uploads\/2024\/10\/images-upload-woo2Ff7f448c90da875d70d1e2b5115c9af9d.jpg\",\"width\":1024,\"height\":1024},{\"@type\":\"BreadcrumbList\",\"@id\":\"https:\/\/nge.vn\/san-pham\/quat-lam-mat-creality-4010-axial-fan-24v-cho-may-in-3d-day-dai-1500mm\/#breadcrumb\",\"itemListElement\":[{\"@type\":\"ListItem\",\"position\":1,\"name\":\"Trang ch\u1ee7\",\"item\":\"https:\/\/nge.vn\/\"},{\"@type\":\"ListItem\",\"position\":2,\"name\":\"S\u1ea3n ph\u1ea9m\",\"item\":\"https:\/\/nge.vn\/san-pham\/\"},{\"@type\":\"ListItem\",\"position\":3,\"name\":\"Qu\u1ea1t l\u00e0m m\u00e1t Creality 4010 Axial Fan 24V cho m\u00e1y in 3D d\u00e2y d\u00e0i 1500mm\"}]},{\"@type\":\"WebSite\",\"@id\":\"https:\/\/nge.vn\/#website\",\"url\":\"https:\/\/nge.vn\/\",\"name\":\"NGE 3D Printers Services\",\"description\":\"\",\"potentialAction\":[{\"@type\":\"SearchAction\",\"target\":{\"@type\":\"EntryPoint\",\"urlTemplate\":\"https:\/\/nge.vn\/?s={search_term_string}\"},\"query-input\":{\"@type\":\"PropertyValueSpecification\",\"valueRequired\":true,\"valueName\":\"search_term_string\"}}],\"inLanguage\":\"en-US\"}]}<\/script>\n<!-- \/ Yoast SEO Premium plugin. -->","yoast_head_json":{"title":"Qu\u1ea1t l\u00e0m m\u00e1t Creality 4010 Axial Fan 24V cho m\u00e1y in 3D d\u00e2y d\u00e0i 1500mm - NGE 3D Printers Services","robots":{"index":"index","follow":"follow","max-snippet":"max-snippet:-1","max-image-preview":"max-image-preview:large","max-video-preview":"max-video-preview:-1"},"canonical":"https:\/\/nge.vn\/en\/product\/quat-lam-mat-creality-4010-axial-fan-24v-cho-may-in-3d-day-dai-1500mm\/","og_locale":"en_US","og_type":"article","og_title":"Qu\u1ea1t l\u00e0m m\u00e1t Creality 4010 Axial Fan 24V cho m\u00e1y in 3D d\u00e2y d\u00e0i 1500mm","og_description":"Qu\u1ea1t l\u00e0m m\u00e1t Creality 4010 Axial Fan 24V cho m\u00e1y in 3D d\u00e2y d\u00e0i 1500mm","og_url":"https:\/\/nge.vn\/en\/product\/quat-lam-mat-creality-4010-axial-fan-24v-cho-may-in-3d-day-dai-1500mm\/","og_site_name":"NGE 3D Printers Services","article_modified_time":"2024-10-29T07:51:37+00:00","og_image":[{"width":1024,"height":1024,"url":"https:\/\/nge.vn\/wp-content\/uploads\/2024\/10\/images-upload-woo2Ff7f448c90da875d70d1e2b5115c9af9d.jpg","type":"image\/jpeg"}],"twitter_card":"summary_large_image","twitter_misc":{"Est. reading time":"1 minute"},"schema":{"@context":"https:\/\/schema.org","@graph":[{"@type":"WebPage","@id":"https:\/\/nge.vn\/san-pham\/quat-lam-mat-creality-4010-axial-fan-24v-cho-may-in-3d-day-dai-1500mm\/","url":"https:\/\/nge.vn\/san-pham\/quat-lam-mat-creality-4010-axial-fan-24v-cho-may-in-3d-day-dai-1500mm\/","name":"Qu\u1ea1t l\u00e0m m\u00e1t Creality 4010 Axial Fan 24V cho m\u00e1y in 3D d\u00e2y d\u00e0i 1500mm - NGE 3D Printers Services","isPartOf":{"@id":"https:\/\/nge.vn\/#website"},"primaryImageOfPage":{"@id":"https:\/\/nge.vn\/san-pham\/quat-lam-mat-creality-4010-axial-fan-24v-cho-may-in-3d-day-dai-1500mm\/#primaryimage"},"image":{"@id":"https:\/\/nge.vn\/san-pham\/quat-lam-mat-creality-4010-axial-fan-24v-cho-may-in-3d-day-dai-1500mm\/#primaryimage"},"thumbnailUrl":"https:\/\/nge.vn\/wp-content\/uploads\/2024\/10\/images-upload-woo2Ff7f448c90da875d70d1e2b5115c9af9d.jpg","datePublished":"2024-10-25T09:29:40+00:00","dateModified":"2024-10-29T07:51:37+00:00","breadcrumb":{"@id":"https:\/\/nge.vn\/san-pham\/quat-lam-mat-creality-4010-axial-fan-24v-cho-may-in-3d-day-dai-1500mm\/#breadcrumb"},"inLanguage":"en-US","potentialAction":[{"@type":"ReadAction","target":["https:\/\/nge.vn\/san-pham\/quat-lam-mat-creality-4010-axial-fan-24v-cho-may-in-3d-day-dai-1500mm\/"]}]},{"@type":"ImageObject","inLanguage":"en-US","@id":"https:\/\/nge.vn\/san-pham\/quat-lam-mat-creality-4010-axial-fan-24v-cho-may-in-3d-day-dai-1500mm\/#primaryimage","url":"https:\/\/nge.vn\/wp-content\/uploads\/2024\/10\/images-upload-woo2Ff7f448c90da875d70d1e2b5115c9af9d.jpg","contentUrl":"https:\/\/nge.vn\/wp-content\/uploads\/2024\/10\/images-upload-woo2Ff7f448c90da875d70d1e2b5115c9af9d.jpg","width":1024,"height":1024},{"@type":"BreadcrumbList","@id":"https:\/\/nge.vn\/san-pham\/quat-lam-mat-creality-4010-axial-fan-24v-cho-may-in-3d-day-dai-1500mm\/#breadcrumb","itemListElement":[{"@type":"ListItem","position":1,"name":"Trang ch\u1ee7","item":"https:\/\/nge.vn\/"},{"@type":"ListItem","position":2,"name":"S\u1ea3n ph\u1ea9m","item":"https:\/\/nge.vn\/san-pham\/"},{"@type":"ListItem","position":3,"name":"Qu\u1ea1t l\u00e0m m\u00e1t Creality 4010 Axial Fan 24V cho m\u00e1y in 3D d\u00e2y d\u00e0i 1500mm"}]},{"@type":"WebSite","@id":"https:\/\/nge.vn\/#website","url":"https:\/\/nge.vn\/","name":"NGE 3D Printers Services","description":"","potentialAction":[{"@type":"SearchAction","target":{"@type":"EntryPoint","urlTemplate":"https:\/\/nge.vn\/?s={search_term_string}"},"query-input":{"@type":"PropertyValueSpecification","valueRequired":true,"valueName":"search_term_string"}}],"inLanguage":"en-US"}]}},"_links":{"self":[{"href":"https:\/\/nge.vn\/en\/wp-json\/wp\/v2\/product\/1611","targetHints":{"allow":["GET"]}}],"collection":[{"href":"https:\/\/nge.vn\/en\/wp-json\/wp\/v2\/product"}],"about":[{"href":"https:\/\/nge.vn\/en\/wp-json\/wp\/v2\/types\/product"}],"replies":[{"embeddable":true,"href":"https:\/\/nge.vn\/en\/wp-json\/wp\/v2\/comments?post=1611"}],"wp:featuredmedia":[{"embeddable":true,"href":"https:\/\/nge.vn\/en\/wp-json\/wp\/v2\/media\/1607"}],"wp:attachment":[{"href":"https:\/\/nge.vn\/en\/wp-json\/wp\/v2\/media?parent=1611"}],"wp:term":[{"taxonomy":"product_brand","embeddable":true,"href":"https:\/\/nge.vn\/en\/wp-json\/wp\/v2\/product_brand?post=1611"},{"taxonomy":"product_cat","embeddable":true,"href":"https:\/\/nge.vn\/en\/wp-json\/wp\/v2\/product_cat?post=1611"},{"taxonomy":"product_tag","embeddable":true,"href":"https:\/\/nge.vn\/en\/wp-json\/wp\/v2\/product_tag?post=1611"}],"curies":[{"name":"wp","href":"https:\/\/api.w.org\/{rel}","templated":true}]}}