{"id":1596,"date":"2024-10-25T16:26:25","date_gmt":"2024-10-25T09:26:25","guid":{"rendered":"https:\/\/nge.123websitedev.com\/san-pham\/cam-bien-bu-rung-adxl345-vibration-compensation-sensor-cho-sonic-pad\/"},"modified":"2024-10-29T17:26:57","modified_gmt":"2024-10-29T10:26:57","slug":"cam-bien-bu-rung-adxl345-vibration-compensation-sensor-cho-sonic-pad","status":"publish","type":"product","link":"https:\/\/nge.vn\/en\/product\/cam-bien-bu-rung-adxl345-vibration-compensation-sensor-cho-sonic-pad\/","title":{"rendered":"C\u1ea3m bi\u1ebfn b\u00f9 rung ADXL345 Vibration Compensation Sensor cho Sonic Pad"},"content":{"rendered":"<p>C\u1ea3m bi\u1ebfn b\u00f9 rung ADXL345 Vibration Compensation Sensor cho Sonic Pad<br \/>\nKi\u1ec3m so\u00e1t c\u1ea3m bi\u1ebfn ch\u00ednh x\u00e1c<br \/>\nGi\u1ea3m \u0111\u1ed5 chu\u00f4ng.<br \/>\nPh\u1ea3i c\u00f3 cho c\u00f4ng vi\u1ec7c ho\u00e0n h\u1ea3o.<\/p>\n<p>**Th\u00f4ng tin s\u1ea3n ph\u1ea9m<br \/>\n+Packing Size: 150\u00d7115\u00d745mm<br \/>\n+G.W: 100g<br \/>\n+N.W.: 40g<br \/>\n+Package Way: 80pcs\/ carton<br \/>\n+Carton size: 480\u00d7490\u00d7350mm<br \/>\n+Carton weight: 8.2kg<\/p>\n<p>M\u00f4 h\u00ecnh t\u01b0\u01a1ng th\u00edch: Creality Sonic Pad<\/p>\n<p>_C\u00e1c lo\u1ea1i m\u00e1y in 3d c\u1ee7a Creality&#8230;sau khi c\u00e0i \u0111\u1eb7t t\u00edch h\u1ee3p b\u1ed9 Sonic Pad v\u00e0 ch\u1ea1y Klipper v\u1edbi t\u1ed1c \u0111\u1ed9 cao s\u1ebd l\u00e0m m\u00e1y rung l\u1eafc, n\u00ean ch\u00fang ta c\u1ea7n c\u00e0i \u0111\u1eb7t th\u00eam &#8220;C\u1ea3m bi\u1ebfn b\u00f9 rung ADXL345 Vibration Compensation Sensor cho Sonic Pad&#8221; n\u00e0y \u0111\u1ec3 h\u1ed9 tr\u1ee3 ch\u1ed1ng xung l\u1eafc gi\u1ea3m \u0111\u1ed9 \u1ed3n c\u1ee7a m\u00e1y khi in \u1edf t\u1ed1c \u0111\u1ed9 cao gi\u00fap m\u00e1y in 3d c\u1ee7a b\u1ea1n c\u00f3 th\u1ec3 in t\u1ed1c \u0111\u1ed9 cao h\u01a1n m\u00e0 \u00edt b\u1ecb rung l\u1eafc h\u01a1n, <\/p>\n<p>**Xem th\u00eam Video =&gt; https:\/\/www.youtube.com\/watch?v=Kr2R5b8Z1y0<br \/>\n**Xem th\u00eam T\u00e0i li\u1ec7u =&gt; https:\/\/www.klipper3d.org\/Resonance_Compensation.<\/p>\n<p>**To receive a better price, please contact the shop directly.<br \/>\n     0913.939.775 contact A.Quan (for English)<br \/>\n     094.144.0951 contact A.Quynh<br \/>\n**Selling price does not include VAT (+10% if VAT invoice is issued)<\/p>","protected":false},"excerpt":{"rendered":"<p>C\u1ea3m bi\u1ebfn b\u00f9 rung ADXL345 Vibration Compensation Sensor cho Sonic Pad<\/p>","protected":false},"featured_media":1587,"comment_status":"open","ping_status":"closed","template":"","meta":{"inline_featured_image":false},"product_brand":[],"product_cat":[458,462,461,40],"product_tag":[],"class_list":{"0":"post-1596","1":"product","2":"type-product","3":"status-publish","4":"has-post-thumbnail","6":"product_cat-ban-kinh-carbon-va-pei","7":"product_cat-board-va-man-hinh-dieu-khien","8":"product_cat-linh-kien-cum-dun-va-cam-bien","9":"product_cat-linh-kien-va-phu-kien","11":"first","12":"instock","13":"taxable","14":"shipping-taxable","15":"purchasable","16":"product-type-simple"},"yoast_head":"<!-- This site is optimized with the Yoast SEO Premium plugin v22.8 (Yoast SEO v26.9) - https:\/\/yoast.com\/product\/yoast-seo-premium-wordpress\/ -->\n<title>C\u1ea3m bi\u1ebfn b\u00f9 rung ADXL345 Vibration Compensation Sensor cho Sonic Pad - NGE 3D Printers Services<\/title>\n<meta name=\"robots\" content=\"index, follow, max-snippet:-1, max-image-preview:large, max-video-preview:-1\" \/>\n<link rel=\"canonical\" href=\"https:\/\/nge.vn\/en\/product\/cam-bien-bu-rung-adxl345-vibration-compensation-sensor-cho-sonic-pad\/\" \/>\n<meta property=\"og:locale\" content=\"en_US\" \/>\n<meta property=\"og:type\" content=\"article\" \/>\n<meta property=\"og:title\" content=\"C\u1ea3m bi\u1ebfn b\u00f9 rung ADXL345 Vibration Compensation Sensor cho Sonic Pad\" \/>\n<meta property=\"og:description\" content=\"C\u1ea3m bi\u1ebfn b\u00f9 rung ADXL345 Vibration Compensation Sensor cho Sonic Pad\" \/>\n<meta property=\"og:url\" content=\"https:\/\/nge.vn\/en\/product\/cam-bien-bu-rung-adxl345-vibration-compensation-sensor-cho-sonic-pad\/\" \/>\n<meta property=\"og:site_name\" content=\"NGE 3D Printers Services\" \/>\n<meta property=\"article:modified_time\" content=\"2024-10-29T10:26:57+00:00\" \/>\n<meta property=\"og:image\" content=\"https:\/\/nge.vn\/wp-content\/uploads\/2024\/10\/images-upload-woo2F25d3a94df4057512b35e301845323620.jpg\" \/>\n\t<meta property=\"og:image:width\" content=\"729\" \/>\n\t<meta property=\"og:image:height\" content=\"729\" \/>\n\t<meta property=\"og:image:type\" content=\"image\/jpeg\" \/>\n<meta name=\"twitter:card\" content=\"summary_large_image\" \/>\n<meta name=\"twitter:label1\" content=\"Est. reading time\" \/>\n\t<meta name=\"twitter:data1\" content=\"1 minute\" \/>\n<script type=\"application\/ld+json\" class=\"yoast-schema-graph\">{\"@context\":\"https:\/\/schema.org\",\"@graph\":[{\"@type\":\"WebPage\",\"@id\":\"https:\/\/nge.vn\/san-pham\/cam-bien-bu-rung-adxl345-vibration-compensation-sensor-cho-sonic-pad\/\",\"url\":\"https:\/\/nge.vn\/san-pham\/cam-bien-bu-rung-adxl345-vibration-compensation-sensor-cho-sonic-pad\/\",\"name\":\"C\u1ea3m bi\u1ebfn b\u00f9 rung ADXL345 Vibration Compensation Sensor cho Sonic Pad - NGE 3D Printers Services\",\"isPartOf\":{\"@id\":\"https:\/\/nge.vn\/#website\"},\"primaryImageOfPage\":{\"@id\":\"https:\/\/nge.vn\/san-pham\/cam-bien-bu-rung-adxl345-vibration-compensation-sensor-cho-sonic-pad\/#primaryimage\"},\"image\":{\"@id\":\"https:\/\/nge.vn\/san-pham\/cam-bien-bu-rung-adxl345-vibration-compensation-sensor-cho-sonic-pad\/#primaryimage\"},\"thumbnailUrl\":\"https:\/\/nge.vn\/wp-content\/uploads\/2024\/10\/images-upload-woo2F25d3a94df4057512b35e301845323620.jpg\",\"datePublished\":\"2024-10-25T09:26:25+00:00\",\"dateModified\":\"2024-10-29T10:26:57+00:00\",\"breadcrumb\":{\"@id\":\"https:\/\/nge.vn\/san-pham\/cam-bien-bu-rung-adxl345-vibration-compensation-sensor-cho-sonic-pad\/#breadcrumb\"},\"inLanguage\":\"en-US\",\"potentialAction\":[{\"@type\":\"ReadAction\",\"target\":[\"https:\/\/nge.vn\/san-pham\/cam-bien-bu-rung-adxl345-vibration-compensation-sensor-cho-sonic-pad\/\"]}]},{\"@type\":\"ImageObject\",\"inLanguage\":\"en-US\",\"@id\":\"https:\/\/nge.vn\/san-pham\/cam-bien-bu-rung-adxl345-vibration-compensation-sensor-cho-sonic-pad\/#primaryimage\",\"url\":\"https:\/\/nge.vn\/wp-content\/uploads\/2024\/10\/images-upload-woo2F25d3a94df4057512b35e301845323620.jpg\",\"contentUrl\":\"https:\/\/nge.vn\/wp-content\/uploads\/2024\/10\/images-upload-woo2F25d3a94df4057512b35e301845323620.jpg\",\"width\":729,\"height\":729},{\"@type\":\"BreadcrumbList\",\"@id\":\"https:\/\/nge.vn\/san-pham\/cam-bien-bu-rung-adxl345-vibration-compensation-sensor-cho-sonic-pad\/#breadcrumb\",\"itemListElement\":[{\"@type\":\"ListItem\",\"position\":1,\"name\":\"Trang ch\u1ee7\",\"item\":\"https:\/\/nge.vn\/\"},{\"@type\":\"ListItem\",\"position\":2,\"name\":\"S\u1ea3n ph\u1ea9m\",\"item\":\"https:\/\/nge.vn\/san-pham\/\"},{\"@type\":\"ListItem\",\"position\":3,\"name\":\"C\u1ea3m bi\u1ebfn b\u00f9 rung ADXL345 Vibration Compensation Sensor cho Sonic Pad\"}]},{\"@type\":\"WebSite\",\"@id\":\"https:\/\/nge.vn\/#website\",\"url\":\"https:\/\/nge.vn\/\",\"name\":\"NGE 3D Printers Services\",\"description\":\"\",\"potentialAction\":[{\"@type\":\"SearchAction\",\"target\":{\"@type\":\"EntryPoint\",\"urlTemplate\":\"https:\/\/nge.vn\/?s={search_term_string}\"},\"query-input\":{\"@type\":\"PropertyValueSpecification\",\"valueRequired\":true,\"valueName\":\"search_term_string\"}}],\"inLanguage\":\"en-US\"}]}<\/script>\n<!-- \/ Yoast SEO Premium plugin. -->","yoast_head_json":{"title":"C\u1ea3m bi\u1ebfn b\u00f9 rung ADXL345 Vibration Compensation Sensor cho Sonic Pad - NGE 3D Printers Services","robots":{"index":"index","follow":"follow","max-snippet":"max-snippet:-1","max-image-preview":"max-image-preview:large","max-video-preview":"max-video-preview:-1"},"canonical":"https:\/\/nge.vn\/en\/product\/cam-bien-bu-rung-adxl345-vibration-compensation-sensor-cho-sonic-pad\/","og_locale":"en_US","og_type":"article","og_title":"C\u1ea3m bi\u1ebfn b\u00f9 rung ADXL345 Vibration Compensation Sensor cho Sonic Pad","og_description":"C\u1ea3m bi\u1ebfn b\u00f9 rung ADXL345 Vibration Compensation Sensor cho Sonic Pad","og_url":"https:\/\/nge.vn\/en\/product\/cam-bien-bu-rung-adxl345-vibration-compensation-sensor-cho-sonic-pad\/","og_site_name":"NGE 3D Printers Services","article_modified_time":"2024-10-29T10:26:57+00:00","og_image":[{"width":729,"height":729,"url":"https:\/\/nge.vn\/wp-content\/uploads\/2024\/10\/images-upload-woo2F25d3a94df4057512b35e301845323620.jpg","type":"image\/jpeg"}],"twitter_card":"summary_large_image","twitter_misc":{"Est. reading time":"1 minute"},"schema":{"@context":"https:\/\/schema.org","@graph":[{"@type":"WebPage","@id":"https:\/\/nge.vn\/san-pham\/cam-bien-bu-rung-adxl345-vibration-compensation-sensor-cho-sonic-pad\/","url":"https:\/\/nge.vn\/san-pham\/cam-bien-bu-rung-adxl345-vibration-compensation-sensor-cho-sonic-pad\/","name":"C\u1ea3m bi\u1ebfn b\u00f9 rung ADXL345 Vibration Compensation Sensor cho Sonic Pad - NGE 3D Printers Services","isPartOf":{"@id":"https:\/\/nge.vn\/#website"},"primaryImageOfPage":{"@id":"https:\/\/nge.vn\/san-pham\/cam-bien-bu-rung-adxl345-vibration-compensation-sensor-cho-sonic-pad\/#primaryimage"},"image":{"@id":"https:\/\/nge.vn\/san-pham\/cam-bien-bu-rung-adxl345-vibration-compensation-sensor-cho-sonic-pad\/#primaryimage"},"thumbnailUrl":"https:\/\/nge.vn\/wp-content\/uploads\/2024\/10\/images-upload-woo2F25d3a94df4057512b35e301845323620.jpg","datePublished":"2024-10-25T09:26:25+00:00","dateModified":"2024-10-29T10:26:57+00:00","breadcrumb":{"@id":"https:\/\/nge.vn\/san-pham\/cam-bien-bu-rung-adxl345-vibration-compensation-sensor-cho-sonic-pad\/#breadcrumb"},"inLanguage":"en-US","potentialAction":[{"@type":"ReadAction","target":["https:\/\/nge.vn\/san-pham\/cam-bien-bu-rung-adxl345-vibration-compensation-sensor-cho-sonic-pad\/"]}]},{"@type":"ImageObject","inLanguage":"en-US","@id":"https:\/\/nge.vn\/san-pham\/cam-bien-bu-rung-adxl345-vibration-compensation-sensor-cho-sonic-pad\/#primaryimage","url":"https:\/\/nge.vn\/wp-content\/uploads\/2024\/10\/images-upload-woo2F25d3a94df4057512b35e301845323620.jpg","contentUrl":"https:\/\/nge.vn\/wp-content\/uploads\/2024\/10\/images-upload-woo2F25d3a94df4057512b35e301845323620.jpg","width":729,"height":729},{"@type":"BreadcrumbList","@id":"https:\/\/nge.vn\/san-pham\/cam-bien-bu-rung-adxl345-vibration-compensation-sensor-cho-sonic-pad\/#breadcrumb","itemListElement":[{"@type":"ListItem","position":1,"name":"Trang ch\u1ee7","item":"https:\/\/nge.vn\/"},{"@type":"ListItem","position":2,"name":"S\u1ea3n ph\u1ea9m","item":"https:\/\/nge.vn\/san-pham\/"},{"@type":"ListItem","position":3,"name":"C\u1ea3m bi\u1ebfn b\u00f9 rung ADXL345 Vibration Compensation Sensor cho Sonic Pad"}]},{"@type":"WebSite","@id":"https:\/\/nge.vn\/#website","url":"https:\/\/nge.vn\/","name":"NGE 3D Printers Services","description":"","potentialAction":[{"@type":"SearchAction","target":{"@type":"EntryPoint","urlTemplate":"https:\/\/nge.vn\/?s={search_term_string}"},"query-input":{"@type":"PropertyValueSpecification","valueRequired":true,"valueName":"search_term_string"}}],"inLanguage":"en-US"}]}},"_links":{"self":[{"href":"https:\/\/nge.vn\/en\/wp-json\/wp\/v2\/product\/1596","targetHints":{"allow":["GET"]}}],"collection":[{"href":"https:\/\/nge.vn\/en\/wp-json\/wp\/v2\/product"}],"about":[{"href":"https:\/\/nge.vn\/en\/wp-json\/wp\/v2\/types\/product"}],"replies":[{"embeddable":true,"href":"https:\/\/nge.vn\/en\/wp-json\/wp\/v2\/comments?post=1596"}],"wp:featuredmedia":[{"embeddable":true,"href":"https:\/\/nge.vn\/en\/wp-json\/wp\/v2\/media\/1587"}],"wp:attachment":[{"href":"https:\/\/nge.vn\/en\/wp-json\/wp\/v2\/media?parent=1596"}],"wp:term":[{"taxonomy":"product_brand","embeddable":true,"href":"https:\/\/nge.vn\/en\/wp-json\/wp\/v2\/product_brand?post=1596"},{"taxonomy":"product_cat","embeddable":true,"href":"https:\/\/nge.vn\/en\/wp-json\/wp\/v2\/product_cat?post=1596"},{"taxonomy":"product_tag","embeddable":true,"href":"https:\/\/nge.vn\/en\/wp-json\/wp\/v2\/product_tag?post=1596"}],"curies":[{"name":"wp","href":"https:\/\/api.w.org\/{rel}","templated":true}]}}