{"id":1586,"date":"2024-10-25T16:23:47","date_gmt":"2024-10-25T09:23:47","guid":{"rendered":"https:\/\/nge.123websitedev.com\/san-pham\/may-in-3d-resin-cap-cong-nghiep-emake3d-sla-galaxy-1-kho-in-lon-40l20w40hcm\/"},"modified":"2025-03-17T10:05:20","modified_gmt":"2025-03-17T03:05:20","slug":"may-in-3d-resin-cong-nghiep-emake3d-sla-galaxy-1","status":"publish","type":"product","link":"https:\/\/nge.vn\/en\/product\/may-in-3d-resin-cong-nghiep-emake3d-sla-galaxy-1\/","title":{"rendered":"M\u00e1y in 3D Resin C\u00f4ng Nghi\u1ec7p eMake3d SLA GALAXY 1 kh\u1ed5 in l\u1edbn 40(L)*20(W)*40(H)cm"},"content":{"rendered":"<p style=\"text-align: center;\"><span style=\"font-size: 115%;\"><strong>M\u00e1y in 3D Resin C\u00f4ng Nghi\u1ec7p eMake3d SLA GALAXY 1 kh\u1ed5 in l\u1edbn 40(L)*20(W)*40(H)cm<\/strong><\/span><\/p>\n<p>_17&#8243; M\u00e1y in 3D SLA quy m\u00f4 l\u1edbn hi\u1ec7n th\u1ef1c h\u00f3a nh\u1eefng \u00fd t\u01b0\u1edfng l\u1edbn c\u1ee7a b\u1ea1n<br \/>\n+X\u00e2y d\u1ef1ng Kh\u1ed1i l\u01b0\u1ee3ng 40*20*40cm<br \/>\n+San l\u1ea5p m\u1eb7t b\u1eb1ng v\u0129nh vi\u1ec5n<br \/>\n+\u0110\u1ed9 ph\u00e2n gi\u1ea3i XY: 25\u03bcm<br \/>\n+Tu\u1ed5i th\u1ecd h\u01a1n 20.000 gi\u1edd<br \/>\n+N\u1ea1p nh\u1ef1a t\u1ef1 \u0111\u1ed9ng<br \/>\n+M\u00e0n h\u00ecnh c\u1ea3m \u1ee9ng 7&#8243;<\/p>\n<p>_PH\u1ea6N L\u1edaN \u00dd T\u01af\u1edeNG L\u1edaN<br \/>\n+EMAKE3D Galaxy 1 c\u00f3 kh\u1ed1i l\u01b0\u1ee3ng in l\u1edbn nh\u1ea5t trong s\u1ed1 c\u00e1c m\u00e1y in 3D SLA \u0111\u1ec3 b\u00e0n<br \/>\n+N\u00f3 \u0111i k\u00e8m v\u1edbi v\u00f9ng in 17&#8243; v\u00e0 kh\u1ed1i l\u01b0\u1ee3ng in 40*20*40cm<br \/>\n+C\u00f3 th\u1ec3 in nguy\u00ean m\u1eabu c\u1ed3ng k\u1ec1nh ho\u1eb7c m\u00f4 h\u00ecnh chi ti\u1ebft<\/p>\n<p>_C\u00c2N B\u1eb0NG V\u0128NH VI\u1ec4N<br \/>\n+T\u1ea1o c\u00e1c thi\u1ebft k\u1ebf 3D ph\u1ee9c t\u1ea1p m\u1ed9t c\u00e1ch nhanh ch\u00f3ng v\u00e0 d\u1ec5 d\u00e0ng v\u1edbi c\u00f4ng ngh\u1ec7 in si\u00eau \u1ed5n \u0111\u1ecbnh nh\u1edd h\u1ec7 th\u1ed1ng san l\u1ea5p m\u1eb7t b\u1eb1ng v\u0129nh vi\u1ec5n<br \/>\n+T\u1eadn h\u01b0\u1edfng tr\u1ea3i nghi\u1ec7m in \u1ea5n d\u1ec5 d\u00e0ng v\u00ec b\u1ea1n kh\u00f4ng ph\u1ea3i \u0111i\u1ec1u ch\u1ec9nh b\u1ea3ng \u0111i\u1ec1u khi\u1ec3n trong qu\u00e1 tr\u00ecnh in l\u00e2u<br \/>\n+B\u1ea1n c\u0169ng c\u00f3 th\u1ec3 s\u1eed d\u1ee5ng m\u00e0n h\u00ecnh c\u1ea3m \u1ee9ng \u0111\u1ec3 th\u1ef1c hi\u1ec7n c\u00e1c tinh ch\u1ec9nh c\u00e2n b\u1eb1ng nh\u1eb1m \u0111\u1ea1t \u0111\u01b0\u1ee3c tr\u1ea1ng th\u00e1i n\u1eb1m ngang ho\u00e0n h\u1ea3o<\/p>\n<p>_MODULE LASER \u0110\u01af\u1ee2C THI\u1ebeT K\u1ebe L\u1ea0I<br \/>\n+Galaxy 1 c\u00f3 tu\u1ed5i th\u1ecd 20.000 gi\u1edd g\u1ea5p 10 l\u1ea7n so v\u1edbi m\u00e1y truy\u1ec1n th\u1ed1ng<br \/>\n+Module Laser c\u00f3 c\u00f4ng ngh\u1ec7 qu\u00e9t laser tuy\u1ebfn t\u00ednh, \u0111\u01b0\u1ee3c trang b\u1ecb b\u1ed9 t\u1ea1o b\u00e1nh \u0111\u00e0 \u0111\u1ec3 \u0111i\u1ec1u khi\u1ec3n tia laser<br \/>\n+Ch\u00f9m tia Laser \u0111\u01b0\u1ee3c ph\u00e2n ph\u1ed1i xu\u1ed1ng \u0111\u00e1y th\u00f9ng b\u1eb1ng g\u01b0\u01a1ng quay<\/p>\n<p>_T\u1ef0 \u0110\u1ed8NG N\u1ea0P NH\u1ef0A<br \/>\n+\u0110\u1ea7u v\u00e0o c\u1ea5p nh\u1ef1a t\u1ef1 \u0111\u1ed9ng \u0111\u01b0\u1ee3c thi\u1ebft k\u1ebf t\u1ed1t cung c\u1ea5p ngu\u1ed3n d\u1ef1 ph\u00f2ng nh\u1ef1a b\u1ea5t c\u1ee9 khi n\u00e0o c\u1ea7n trong su\u1ed1t th\u1eddi gian in. \u0110i\u1ec1u n\u00e0y c\u00f3 ngh\u0129a l\u00e0 b\u1ea1n kh\u00f4ng ph\u1ea3i lo l\u1eafng v\u1ec1 vi\u1ec7c h\u1ebft nh\u1ef1a khi in gi\u1eefa ch\u1eebng<br \/>\n+C\u00f4ng ngh\u1ec7 c\u1ee7a ch\u00fang t\u00f4i s\u1ebd t\u1ef1 \u0111\u1ed9ng cung c\u1ea5p nh\u1ef1a khi l\u01b0\u1ee3ng nh\u1ef1a xu\u1ed1ng qu\u00e1 th\u1ea5p<\/p>\n<p>_VAT C\u00d3 TH\u1ec2 THAY TH\u1ebe<br \/>\n+Galaxy 1 h\u1ed7 tr\u1ee3 nhi\u1ec1u ch\u1ea5t li\u1ec7u in \u1ea5n cho m\u1ecdi lo\u1ea1i c\u00f4ng vi\u1ec7c. B\u1edfi v\u00ec n\u0103ng l\u01b0\u1ee3ng laser, t\u1ed1c \u0111\u1ed9 qu\u00e9t v\u00e0 gi\u1ea3i ph\u00f3ng c\u00e1c th\u00f4ng s\u1ed1 n\u00e0y c\u00f3 th\u1ec3 \u0111\u01b0\u1ee3c \u0111i\u1ec1u ch\u1ec9nh. V\u00ec v\u1eady, b\u1ea5t k\u1ef3 lo\u1ea1i nh\u1ef1a 405nm n\u00e0o c\u0169ng c\u00f3 th\u1ec3 ph\u00f9 h\u1ee3p<br \/>\n+V\u00e0 b\u1ea1n c\u00f3 th\u1ec3 tr\u00e1nh \u0111\u01b0\u1ee3c nh\u1eefng r\u1eafc r\u1ed1i v\u00e0 l\u1ed9n x\u1ed9n khi thanh l\u1ecdc v\u1eadt li\u1ec7u b\u1eb1ng h\u1ec7 th\u1ed1ng h\u1ed9p m\u1ef1c c\u00f3 th\u1ec3 thay th\u1ebf c\u1ee7a ch\u00fang t\u00f4i. Chuy\u1ec3n \u0111\u1ed5i v\u1eadt li\u1ec7u trong v\u00e0i ph\u00fat<\/p>\n<p>_KI\u1ec2M SO\u00c1T NHI\u1ec6T \u0110\u1ed8<br \/>\n+H\u1ec7 th\u1ed1ng ki\u1ec3m so\u00e1t nhi\u1ec7t \u0111\u1ed9 t\u00edch h\u1ee3p gi\u00fap b\u1ea1n \u1ed5n \u0111\u1ecbnh khi in nhi\u1ec1u lo\u1ea1i ch\u1ea5t li\u1ec7u \u0111\u1eb7c bi\u1ec7t kh\u00e1c nhau<br \/>\n+C\u00f3 kh\u1ea3 n\u0103ng l\u00e0m vi\u1ec7c \u1edf nhi\u1ec7t \u0111\u1ed9 tr\u00ean 5\u00b0C<\/p>\n<p>_D\u1ec4 D\u00c0NG S\u1eec D\u1ee4NG<br \/>\n7&#8243; Touch Screen Galaxy 1 tr\u1ef1c quan v\u00e0 th\u00e2n thi\u1ec7n v\u1edbi ng\u01b0\u1eddi d\u00f9ng v\u1edbi m\u00e0n h\u00ecnh c\u1ea3m \u1ee9ng LCD m\u00e0u, th\u00f4ng minh \u0111\u1ec3 \u0111i\u1ec1u khi\u1ec3n c\u00e1c t\u00e1c v\u1ee5 in 3D ph\u1ed5 bi\u1ebfn nh\u1ea5t ngay trong t\u1ea7m tay b\u1ea1n.<\/p>\n<p>\u0110\u1ed8 PH\u00c2N GI\u1ea2I CAO, \u0110\u1ed8 CH\u00cdNH X\u00c1C CAO<br \/>\nV\u1edbi vi\u1ec7c \u0111\u0103ng k\u00fd l\u1edbp ch\u00ednh x\u00e1c v\u00e0 b\u1ec1 m\u1eb7t m\u1ecbn, h\u1ea7u h\u1ebft c\u00e1c v\u1eadt li\u1ec7u \u0111\u1ec1u in r\u00f5 r\u00e0ng h\u01a1n tr\u00ean m\u00e1y in h\u01a1n bao gi\u1edd h\u1ebft<\/p>\n<p>TH\u00d4NG S\u1ed0 GALAXY 1<br \/>\n+K\u00edch th\u01b0\u1edbc in: 40*20*40cm<br \/>\n+K\u00edch th\u01b0\u1edbc s\u1ea3n ph\u1ea9m: 700*432*803mm<br \/>\n+\u0110\u1ed9 ph\u00e2n gi\u1ea3i XY: 25\u03bcm<br \/>\n+K\u00edch th\u01b0\u1edbc th\u00f9ng: 456*256*40mm<br \/>\n+C\u00f4ng su\u1ea5t Laser: 350mw<br \/>\n+Th\u1ec3 t\u00edch th\u00f9ng: 3L<br \/>\n+\u0110\u1ed9 d\u00e0y l\u1edbp: 25-200\u03bcm<br \/>\n+Tr\u1ecdng l\u01b0\u1ee3ng t\u1ecbnh: 57kg<br \/>\n+B\u01b0\u1edbc s\u00f3ng LED: 405nm<br \/>\n+\u0110i\u1ec3m s\u00e1ng Laser: 80\u03bcm<br \/>\n+T\u1ed5ng c\u00f4ng su\u1ea5t: 200W<br \/>\n+T\u1ed1c \u0111\u1ed9 in: L\u00ean t\u1edbi 50mm\/h<br \/>\n+Decibel: Th\u1ea5p h\u01a1n 50db<br \/>\n+K\u1ebft n\u1ed1i: Th\u1ebb SD &amp; USB<br \/>\n+M\u00e0n h\u00ecnh c\u1ea3m \u1ee9ng: 7 Inch<br \/>\n+H\u1ec7 th\u1ed1ng c\u1ea5p nh\u1ef1a: T\u1ef1 \u0111\u1ed9ng<br \/>\n+Ki\u1ec3m so\u00e1t nhi\u1ec7t \u0111\u1ed9: Ph\u00f2ng in l\u00e0m n\u00f3ng b\u1eb1ng kh\u00f4ng kh\u00ed<\/p>\n<p>**To receive a better price, please contact the shop directly.<br \/>\n0913.939.775 contact A.Quan (for English)<br \/>\n094.144.0951 contact A.Quynh<br \/>\n**Selling price does not include VAT (+10% if VAT invoice is issued)<\/p>","protected":false},"excerpt":{"rendered":"<p>M\u00e1y in 3D Resin C\u1ea5p C\u00f4ng Nghi\u1ec7p eMake3d SLA GALAXY 1 kh\u1ed5 in l\u1edbn 40(L)*20(W)*40(H)cm<\/p>","protected":false},"featured_media":1577,"comment_status":"open","ping_status":"closed","template":"","meta":{"inline_featured_image":false},"product_brand":[],"product_cat":[39,53],"product_tag":[],"class_list":{"0":"post-1586","1":"product","2":"type-product","3":"status-publish","4":"has-post-thumbnail","6":"product_cat-may-in-3d","7":"product_cat-may-in-3d-emake3d","9":"first","10":"instock","11":"taxable","12":"shipping-taxable","13":"purchasable","14":"product-type-simple"},"yoast_head":"<!-- This site is optimized with the Yoast SEO Premium plugin v22.8 (Yoast SEO v26.9) - https:\/\/yoast.com\/product\/yoast-seo-premium-wordpress\/ -->\n<title>M\u00e1y in 3D Resin C\u00f4ng Nghi\u1ec7p eMake3d SLA GALAXY 1 kh\u1ed5 in l\u1edbn 40(L)*20(W)*40(H)cm - NGE 3D Printers Services<\/title>\n<meta name=\"robots\" content=\"index, follow, max-snippet:-1, max-image-preview:large, max-video-preview:-1\" \/>\n<link rel=\"canonical\" href=\"https:\/\/nge.vn\/en\/product\/may-in-3d-resin-cong-nghiep-emake3d-sla-galaxy-1\/\" \/>\n<meta property=\"og:locale\" content=\"en_US\" \/>\n<meta property=\"og:type\" content=\"article\" \/>\n<meta property=\"og:title\" content=\"M\u00e1y in 3D Resin C\u00f4ng Nghi\u1ec7p eMake3d SLA GALAXY 1 kh\u1ed5 in l\u1edbn 40(L)*20(W)*40(H)cm\" \/>\n<meta property=\"og:description\" content=\"M\u00e1y in 3D Resin C\u1ea5p C\u00f4ng Nghi\u1ec7p eMake3d SLA GALAXY 1 kh\u1ed5 in l\u1edbn 40(L)*20(W)*40(H)cm\" \/>\n<meta property=\"og:url\" content=\"https:\/\/nge.vn\/en\/product\/may-in-3d-resin-cong-nghiep-emake3d-sla-galaxy-1\/\" \/>\n<meta property=\"og:site_name\" content=\"NGE 3D Printers Services\" \/>\n<meta property=\"article:modified_time\" content=\"2025-03-17T03:05:20+00:00\" \/>\n<meta property=\"og:image\" content=\"https:\/\/nge.vn\/wp-content\/uploads\/2024\/10\/images-upload-woo2Fc332e4effef523d1d520f8b03aaec5d5.jpg\" \/>\n\t<meta property=\"og:image:width\" content=\"1024\" \/>\n\t<meta property=\"og:image:height\" content=\"1024\" \/>\n\t<meta property=\"og:image:type\" content=\"image\/jpeg\" \/>\n<meta name=\"twitter:card\" content=\"summary_large_image\" \/>\n<meta name=\"twitter:label1\" content=\"Est. reading time\" \/>\n\t<meta name=\"twitter:data1\" content=\"4 minutes\" \/>\n<script type=\"application\/ld+json\" class=\"yoast-schema-graph\">{\"@context\":\"https:\/\/schema.org\",\"@graph\":[{\"@type\":\"WebPage\",\"@id\":\"https:\/\/nge.vn\/san-pham\/may-in-3d-resin-cong-nghiep-emake3d-sla-galaxy-1\/\",\"url\":\"https:\/\/nge.vn\/san-pham\/may-in-3d-resin-cong-nghiep-emake3d-sla-galaxy-1\/\",\"name\":\"M\u00e1y in 3D Resin C\u00f4ng Nghi\u1ec7p eMake3d SLA GALAXY 1 kh\u1ed5 in l\u1edbn 40(L)*20(W)*40(H)cm - NGE 3D Printers Services\",\"isPartOf\":{\"@id\":\"https:\/\/nge.vn\/#website\"},\"primaryImageOfPage\":{\"@id\":\"https:\/\/nge.vn\/san-pham\/may-in-3d-resin-cong-nghiep-emake3d-sla-galaxy-1\/#primaryimage\"},\"image\":{\"@id\":\"https:\/\/nge.vn\/san-pham\/may-in-3d-resin-cong-nghiep-emake3d-sla-galaxy-1\/#primaryimage\"},\"thumbnailUrl\":\"https:\/\/nge.vn\/wp-content\/uploads\/2024\/10\/images-upload-woo2Fc332e4effef523d1d520f8b03aaec5d5.jpg\",\"datePublished\":\"2024-10-25T09:23:47+00:00\",\"dateModified\":\"2025-03-17T03:05:20+00:00\",\"breadcrumb\":{\"@id\":\"https:\/\/nge.vn\/san-pham\/may-in-3d-resin-cong-nghiep-emake3d-sla-galaxy-1\/#breadcrumb\"},\"inLanguage\":\"en-US\",\"potentialAction\":[{\"@type\":\"ReadAction\",\"target\":[\"https:\/\/nge.vn\/san-pham\/may-in-3d-resin-cong-nghiep-emake3d-sla-galaxy-1\/\"]}]},{\"@type\":\"ImageObject\",\"inLanguage\":\"en-US\",\"@id\":\"https:\/\/nge.vn\/san-pham\/may-in-3d-resin-cong-nghiep-emake3d-sla-galaxy-1\/#primaryimage\",\"url\":\"https:\/\/nge.vn\/wp-content\/uploads\/2024\/10\/images-upload-woo2Fc332e4effef523d1d520f8b03aaec5d5.jpg\",\"contentUrl\":\"https:\/\/nge.vn\/wp-content\/uploads\/2024\/10\/images-upload-woo2Fc332e4effef523d1d520f8b03aaec5d5.jpg\",\"width\":1024,\"height\":1024},{\"@type\":\"BreadcrumbList\",\"@id\":\"https:\/\/nge.vn\/san-pham\/may-in-3d-resin-cong-nghiep-emake3d-sla-galaxy-1\/#breadcrumb\",\"itemListElement\":[{\"@type\":\"ListItem\",\"position\":1,\"name\":\"Trang ch\u1ee7\",\"item\":\"https:\/\/nge.vn\/\"},{\"@type\":\"ListItem\",\"position\":2,\"name\":\"S\u1ea3n ph\u1ea9m\",\"item\":\"https:\/\/nge.vn\/san-pham\/\"},{\"@type\":\"ListItem\",\"position\":3,\"name\":\"M\u00e1y in 3D Resin C\u00f4ng Nghi\u1ec7p eMake3d SLA GALAXY 1 kh\u1ed5 in l\u1edbn 40(L)*20(W)*40(H)cm\"}]},{\"@type\":\"WebSite\",\"@id\":\"https:\/\/nge.vn\/#website\",\"url\":\"https:\/\/nge.vn\/\",\"name\":\"NGE 3D Printers Services\",\"description\":\"\",\"potentialAction\":[{\"@type\":\"SearchAction\",\"target\":{\"@type\":\"EntryPoint\",\"urlTemplate\":\"https:\/\/nge.vn\/?s={search_term_string}\"},\"query-input\":{\"@type\":\"PropertyValueSpecification\",\"valueRequired\":true,\"valueName\":\"search_term_string\"}}],\"inLanguage\":\"en-US\"}]}<\/script>\n<!-- \/ Yoast SEO Premium plugin. -->","yoast_head_json":{"title":"M\u00e1y in 3D Resin C\u00f4ng Nghi\u1ec7p eMake3d SLA GALAXY 1 kh\u1ed5 in l\u1edbn 40(L)*20(W)*40(H)cm - NGE 3D Printers Services","robots":{"index":"index","follow":"follow","max-snippet":"max-snippet:-1","max-image-preview":"max-image-preview:large","max-video-preview":"max-video-preview:-1"},"canonical":"https:\/\/nge.vn\/en\/product\/may-in-3d-resin-cong-nghiep-emake3d-sla-galaxy-1\/","og_locale":"en_US","og_type":"article","og_title":"M\u00e1y in 3D Resin C\u00f4ng Nghi\u1ec7p eMake3d SLA GALAXY 1 kh\u1ed5 in l\u1edbn 40(L)*20(W)*40(H)cm","og_description":"M\u00e1y in 3D Resin C\u1ea5p C\u00f4ng Nghi\u1ec7p eMake3d SLA GALAXY 1 kh\u1ed5 in l\u1edbn 40(L)*20(W)*40(H)cm","og_url":"https:\/\/nge.vn\/en\/product\/may-in-3d-resin-cong-nghiep-emake3d-sla-galaxy-1\/","og_site_name":"NGE 3D Printers Services","article_modified_time":"2025-03-17T03:05:20+00:00","og_image":[{"width":1024,"height":1024,"url":"https:\/\/nge.vn\/wp-content\/uploads\/2024\/10\/images-upload-woo2Fc332e4effef523d1d520f8b03aaec5d5.jpg","type":"image\/jpeg"}],"twitter_card":"summary_large_image","twitter_misc":{"Est. reading time":"4 minutes"},"schema":{"@context":"https:\/\/schema.org","@graph":[{"@type":"WebPage","@id":"https:\/\/nge.vn\/san-pham\/may-in-3d-resin-cong-nghiep-emake3d-sla-galaxy-1\/","url":"https:\/\/nge.vn\/san-pham\/may-in-3d-resin-cong-nghiep-emake3d-sla-galaxy-1\/","name":"M\u00e1y in 3D Resin C\u00f4ng Nghi\u1ec7p eMake3d SLA GALAXY 1 kh\u1ed5 in l\u1edbn 40(L)*20(W)*40(H)cm - NGE 3D Printers Services","isPartOf":{"@id":"https:\/\/nge.vn\/#website"},"primaryImageOfPage":{"@id":"https:\/\/nge.vn\/san-pham\/may-in-3d-resin-cong-nghiep-emake3d-sla-galaxy-1\/#primaryimage"},"image":{"@id":"https:\/\/nge.vn\/san-pham\/may-in-3d-resin-cong-nghiep-emake3d-sla-galaxy-1\/#primaryimage"},"thumbnailUrl":"https:\/\/nge.vn\/wp-content\/uploads\/2024\/10\/images-upload-woo2Fc332e4effef523d1d520f8b03aaec5d5.jpg","datePublished":"2024-10-25T09:23:47+00:00","dateModified":"2025-03-17T03:05:20+00:00","breadcrumb":{"@id":"https:\/\/nge.vn\/san-pham\/may-in-3d-resin-cong-nghiep-emake3d-sla-galaxy-1\/#breadcrumb"},"inLanguage":"en-US","potentialAction":[{"@type":"ReadAction","target":["https:\/\/nge.vn\/san-pham\/may-in-3d-resin-cong-nghiep-emake3d-sla-galaxy-1\/"]}]},{"@type":"ImageObject","inLanguage":"en-US","@id":"https:\/\/nge.vn\/san-pham\/may-in-3d-resin-cong-nghiep-emake3d-sla-galaxy-1\/#primaryimage","url":"https:\/\/nge.vn\/wp-content\/uploads\/2024\/10\/images-upload-woo2Fc332e4effef523d1d520f8b03aaec5d5.jpg","contentUrl":"https:\/\/nge.vn\/wp-content\/uploads\/2024\/10\/images-upload-woo2Fc332e4effef523d1d520f8b03aaec5d5.jpg","width":1024,"height":1024},{"@type":"BreadcrumbList","@id":"https:\/\/nge.vn\/san-pham\/may-in-3d-resin-cong-nghiep-emake3d-sla-galaxy-1\/#breadcrumb","itemListElement":[{"@type":"ListItem","position":1,"name":"Trang ch\u1ee7","item":"https:\/\/nge.vn\/"},{"@type":"ListItem","position":2,"name":"S\u1ea3n ph\u1ea9m","item":"https:\/\/nge.vn\/san-pham\/"},{"@type":"ListItem","position":3,"name":"M\u00e1y in 3D Resin C\u00f4ng Nghi\u1ec7p eMake3d SLA GALAXY 1 kh\u1ed5 in l\u1edbn 40(L)*20(W)*40(H)cm"}]},{"@type":"WebSite","@id":"https:\/\/nge.vn\/#website","url":"https:\/\/nge.vn\/","name":"NGE 3D Printers Services","description":"","potentialAction":[{"@type":"SearchAction","target":{"@type":"EntryPoint","urlTemplate":"https:\/\/nge.vn\/?s={search_term_string}"},"query-input":{"@type":"PropertyValueSpecification","valueRequired":true,"valueName":"search_term_string"}}],"inLanguage":"en-US"}]}},"_links":{"self":[{"href":"https:\/\/nge.vn\/en\/wp-json\/wp\/v2\/product\/1586","targetHints":{"allow":["GET"]}}],"collection":[{"href":"https:\/\/nge.vn\/en\/wp-json\/wp\/v2\/product"}],"about":[{"href":"https:\/\/nge.vn\/en\/wp-json\/wp\/v2\/types\/product"}],"replies":[{"embeddable":true,"href":"https:\/\/nge.vn\/en\/wp-json\/wp\/v2\/comments?post=1586"}],"wp:featuredmedia":[{"embeddable":true,"href":"https:\/\/nge.vn\/en\/wp-json\/wp\/v2\/media\/1577"}],"wp:attachment":[{"href":"https:\/\/nge.vn\/en\/wp-json\/wp\/v2\/media?parent=1586"}],"wp:term":[{"taxonomy":"product_brand","embeddable":true,"href":"https:\/\/nge.vn\/en\/wp-json\/wp\/v2\/product_brand?post=1586"},{"taxonomy":"product_cat","embeddable":true,"href":"https:\/\/nge.vn\/en\/wp-json\/wp\/v2\/product_cat?post=1586"},{"taxonomy":"product_tag","embeddable":true,"href":"https:\/\/nge.vn\/en\/wp-json\/wp\/v2\/product_tag?post=1586"}],"curies":[{"name":"wp","href":"https:\/\/api.w.org\/{rel}","templated":true}]}}