{"id":1576,"date":"2024-10-25T16:21:37","date_gmt":"2024-10-25T09:21:37","guid":{"rendered":"https:\/\/nge.123websitedev.com\/san-pham\/cum-dun-biqu-h2-v2s-lite-cho-may-in-3d\/"},"modified":"2024-10-28T16:02:51","modified_gmt":"2024-10-28T09:02:51","slug":"cum-dun-biqu-h2-v2s-lite-cho-may-in-3d","status":"publish","type":"product","link":"https:\/\/nge.vn\/en\/product\/cum-dun-biqu-h2-v2s-lite-cho-may-in-3d\/","title":{"rendered":"C\u1ee5m \u0111\u00f9n BIQU H2 V2S Lite cho m\u00e1y in 3d"},"content":{"rendered":"<p>_Nh\u1eb9 h\u01a1n v\u00e0 T\u1ea3n nhi\u1ec7t t\u1ed1t h\u01a1n V\u1edbi thi\u1ebft k\u1ebf r\u1ed7ng v\u1edbi c\u1ea5u tr\u00fac b\u00ean trong c\u00f3 th\u1ec3 nh\u00ecn th\u1ea5y \u0111\u01b0\u1ee3c, H2 V2S Lite ch\u1ec9 n\u1eb7ng 175g, g\u00f3p ph\u1ea7n gi\u1ea3m qu\u00e1n t\u00ednh v\u00e0 \u0111\u1ecbnh v\u1ecb ch\u00ednh x\u00e1c h\u01a1n<\/p>\n<p>_L\u00e0m l\u1ea1nh nhanh<br \/>\n\u0110\u1ed3ng th\u1eddi, lu\u1ed3ng kh\u00f4ng kh\u00ed c\u0169ng \u0111\u01b0\u1ee3c c\u1ea3i thi\u1ec7n \u0111\u1ec3 t\u1ea3n nhi\u1ec7t t\u1ed1t h\u01a1n. C\u00f9ng v\u1edbi b\u1ed9 t\u1ea3n nhi\u1ec7t v\u00e0 qu\u1ea1t, H2 V2S Lite mang \u0111\u1ebfn kh\u1ea3 n\u0103ng l\u00e0m m\u00e1t hi\u1ec7u qu\u1ea3 cao.<\/p>\n<p>_L\u01b0u l\u01b0\u1ee3ng cao h\u01a1n. In nhanh h\u01a1n<br \/>\nS\u1eed d\u1ee5ng v\u00f2i phun b\u1eb1ng \u0111\u1ed3ng thau 0,6mm v\u00e0 kh\u1ed1i gia nhi\u1ec7t d\u00e0i h\u01a1n, H2 V2S Lite c\u00f3 th\u1ec3 \u0111\u1ea1t t\u1ed1c \u0111\u1ed9 in 45mm\u00b3\/gi\u00e2y \u0111\u1ec3 \u0111\u00e1p \u1ee9ng nhu c\u1ea7u in nhanh h\u01a1n.<\/p>\n<p>_\u0110\u00f2n b\u1ea9y ti\u1ebft ki\u1ec7m lao \u0111\u1ed9ng<br \/>\nC\u1ea7n n\u00e2ng c\u1ea5p, m\u1ed9t thi\u1ebft k\u1ebf thu\u1eadn ti\u1ec7n v\u00e0 ti\u1ebft ki\u1ec7m nh\u00e2n c\u00f4ng, lo\u1ea1i b\u1ecf nhu c\u1ea7u gi\u1eef tay c\u1ea7m li\u00ean t\u1ee5c khi l\u1eafp ho\u1eb7c th\u00e1o s\u1ee3i nh\u1ef1a.<\/p>\n<p>_T\u00e1ch nhi\u1ec7t nhanh<br \/>\nGi\u1edd \u0111\u00e2y, v\u1edbi thi\u1ebft k\u1ebf th\u00e1o r\u1eddi nhanh ch\u00f3ng, b\u1ea1n c\u00f3 th\u1ec3 th\u00e1o b\u1ed9 ph\u1eadn ng\u1eaft nhi\u1ec7t b\u1eb1ng c\u00e1ch ch\u1ec9 c\u1ea7n s\u1eed d\u1ee5ng ph\u00edm l\u1ee5c gi\u00e1c, gi\u00fap vi\u1ec7c b\u1ea3o tr\u00ec tr\u1edf n\u00ean d\u1ec5 d\u00e0ng v\u00e0 thu\u1eadn ti\u1ec7n h\u01a1n nhi\u1ec1u.<\/p>\n<p>_C\u00f3 h\u1ec7 th\u1ed1ng b\u00e1nh r\u0103ng k\u00e9p \u0111\u1ec3 cung c\u1ea5p l\u1ef1c \u0111\u1ea9y \u0111\u1eb7c bi\u1ec7t, \u0111\u1ea3m b\u1ea3o cho \u0103n tr\u01a1n tru v\u00e0 r\u00fat l\u1ea1i linh ho\u1ea1t.<\/p>\n<p>_C\u00f3 th\u1ec3 \u0111i\u1ec1u ch\u1ec9nh t\u1ea3i s\u1ee3i nh\u1ef1a<br \/>\n\u0110\u01a1n gi\u1ea3n ch\u1ec9 c\u1ea7n xoay v\u00edt c\u0103ng \u0111\u1ec3 ph\u00f9 h\u1ee3p v\u1edbi c\u00e1c s\u1ee3i kh\u00e1c nhau, c\u1ea3i thi\u1ec7n t\u1ef7 l\u1ec7 in th\u00e0nh c\u00f4ng.<\/p>\n<p>_N\u00f3 c\u00f3 th\u1ec3 t\u01b0\u01a1ng th\u00edch v\u1edbi BIQU B1, BIQU BX Ender-3, Voron 2.4, Voron V0 v\u00e0 Vzbot&#8230;<br \/>\n_V\u1ecf h\u1ee3p kim nh\u00f4m \u0110\u01b0\u1ee3c ch\u1ebf t\u1ea1o t\u1eeb h\u1ee3p kim nh\u00f4m H2 V2S Lite \u0111\u01b0\u1ee3c ch\u1ebf t\u1ea1o \u0111\u1ec3 c\u00f3 \u0111\u1ed9 b\u1ec1n cao, \u0111\u1ed9 b\u1ec1n cao, ch\u1ed1ng \u0103n m\u00f2n v\u00e0 tr\u00ean h\u1ebft l\u00e0 tr\u1ecdng l\u01b0\u1ee3ng nh\u1eb9<\/p>\n<p>_B\u00e1nh r\u0103ng truy\u1ec1n \u0111\u1ed9ng s\u1ee3i nh\u1ef1a: \u0110\u01b0\u1ee3c l\u00e0m b\u1eb1ng th\u00e9p c\u00f4ng c\u1ee5 \u0111\u01b0\u1ee3c m\u1ea1 l\u1edbp ph\u1ee7 nano \u0111\u1ec3 c\u1ea3i thi\u1ec7n \u0111\u1ed9 c\u1ee9ng, kh\u1ea3 n\u0103ng ch\u1ed1ng m\u00e0i m\u00f2n, ch\u1ed1ng \u0103n m\u00f2n v\u00e0 mang l\u1ea1i tu\u1ed5i th\u1ecd cao h\u01a1n khi in v\u1eadt li\u1ec7u m\u00e0i m\u00f2n<\/p>\n<p>_C\u00e1nh tay \u0111\u00f2n Idler: \u0110\u01b0\u1ee3c l\u00e0m b\u1eb1ng nh\u00f4m 7075 T6, v\u1edbi h\u1ed7n h\u1ee3p m\u1ee1 Mos2 ch\u1ed1ng m\u00e0i m\u00f2n hi\u1ec7u su\u1ea5t cao \u0111\u1eb7c bi\u1ec7t \u0111\u1ec3 c\u1ea3i thi\u1ec7n ph\u1ea3n \u1ee9ng c\u1ee7a c\u1ea7n nh\u1ea3 nhanh v\u00e0 t\u0103ng c\u01b0\u1eddng kh\u1ea3 n\u0103ng ch\u1ed1ng m\u00e0i m\u00f2n<\/p>\n<p>_Heat Break: H2 l\u01b0\u1ee1ng kim (h\u1ee3p kim \u0111\u1ed3ng + h\u1ee3p kim titan c\u1ea5p 5). M\u1ee1 t\u1ea3n nhi\u1ec7t hi\u1ec7u su\u1ea5t cao \u0111\u00e3 \u0111\u01b0\u1ee3c b\u00f4i tr\u01b0\u1edbc v\u00e0o khe t\u1ea3n nhi\u1ec7t \u0111\u1ec3 t\u0103ng kh\u1ea3 n\u0103ng d\u1eabn nhi\u1ec7t gi\u1eefa khe t\u1ea3n nhi\u1ec7t v\u00e0 t\u1ea3n nhi\u1ec7t nh\u1eb1m c\u1ea3i thi\u1ec7n hi\u1ec7u su\u1ea5t l\u00e0m m\u00e1t<\/p>\n<p>_Nhi\u1ec1u l\u1ed7 l\u1eafp h\u01a1n: C\u00f3 s\u1eb5n 4 l\u1ed7 l\u1eafp v\u00edt \u0111\u1ec3 l\u1eafp \u0111\u1eb7t tan l\u00e0m m\u00e1t c\u1ea3m bi\u1ebfn c\u00e2n b\u1eb1ng t\u1ef1 \u0111\u1ed9ng<br \/>\n(L\u01b0u \u00fd: V\u00f2i \u0111\u01b0\u1ee3c ch\u1ebf t\u1ea1o ri\u00eang v\u00e0 s\u1ebd \u0111\u01b0\u1ee3c ph\u00e1t h\u00e0nh trong th\u1eddi gian t\u1edbi.)<\/p>\n<p>+Extrusion Method: Dual Gear Extrusion<br \/>\n+Maximum Printing Temperature: 270\u2103<br \/>\n+Weight: 175g (including Heater Cartridge, Thermistor, and Fan)<br \/>\n+Maximum Extrusion Force: 7.5kg (depending on the filament)<br \/>\n+Extrusion (based on the existing): 2700mm3\/min (depending on the filaments)<br \/>\n+E-step: 932\/mm at 16 microstep (Further calibration is recommended)<br \/>\n+Klipper Rotation Distance: 3.433<br \/>\n+Recommended Motor Current: 800mA<br \/>\n+Gear Ratio: 7:1<br \/>\n+Drive Gear Circumference: 24.5mm<br \/>\n+Filament Diameter and Tolerance: 1.75\u00b10.05mm<br \/>\n+Thermistor Type: NTC100K<br \/>\n+Heater Cartridge Power: 70W<br \/>\n+Heater Cartridge Voltage: 24<br \/>\n*L\u01b0u \u00fd: Kh\u00f4ng t\u01b0\u01a1ng th\u00edch v\u1edbi \u0111\u1ed9ng c\u01a1 NEMA14 ti\u00eau chu\u1ea9n<\/p>\n<p>**To receive a better price, please contact the shop directly.<br \/>\n     0913.939.775 contact A.Quan (for English)<br \/>\n     094.144.0951 contact A.Quynh<br \/>\n**Selling price does not include VAT (+10% if VAT invoice is issued)<\/p>","protected":false},"excerpt":{"rendered":"<p>C\u1ee5m \u0111\u00f9n BIQU H2 V2S Lite cho m\u00e1y in 3d<\/p>","protected":false},"featured_media":1567,"comment_status":"open","ping_status":"closed","template":"","meta":{"inline_featured_image":false},"product_brand":[],"product_cat":[40,58],"product_tag":[],"class_list":{"0":"post-1576","1":"product","2":"type-product","3":"status-publish","4":"has-post-thumbnail","6":"product_cat-linh-kien-va-phu-kien","7":"product_cat-phu-kien-may-in-3d-bigtreetech","9":"first","10":"instock","11":"taxable","12":"shipping-taxable","13":"purchasable","14":"product-type-simple"},"yoast_head":"<!-- This site is optimized with the Yoast SEO Premium plugin v22.8 (Yoast SEO v26.9) - https:\/\/yoast.com\/product\/yoast-seo-premium-wordpress\/ -->\n<title>C\u1ee5m \u0111\u00f9n BIQU H2 V2S Lite cho m\u00e1y in 3d - NGE 3D Printers Services<\/title>\n<meta name=\"robots\" content=\"index, follow, max-snippet:-1, max-image-preview:large, max-video-preview:-1\" \/>\n<link rel=\"canonical\" href=\"https:\/\/nge.vn\/en\/product\/cum-dun-biqu-h2-v2s-lite-cho-may-in-3d\/\" \/>\n<meta property=\"og:locale\" content=\"en_US\" \/>\n<meta property=\"og:type\" content=\"article\" \/>\n<meta property=\"og:title\" content=\"C\u1ee5m \u0111\u00f9n BIQU H2 V2S Lite cho m\u00e1y in 3d\" \/>\n<meta property=\"og:description\" content=\"C\u1ee5m \u0111\u00f9n BIQU H2 V2S Lite cho m\u00e1y in 3d\" \/>\n<meta property=\"og:url\" content=\"https:\/\/nge.vn\/en\/product\/cum-dun-biqu-h2-v2s-lite-cho-may-in-3d\/\" \/>\n<meta property=\"og:site_name\" content=\"NGE 3D Printers Services\" \/>\n<meta property=\"article:modified_time\" content=\"2024-10-28T09:02:51+00:00\" \/>\n<meta property=\"og:image\" content=\"https:\/\/nge.vn\/wp-content\/uploads\/2024\/10\/images-upload-woo2F2801cecaf100a07b7f381a59a2dcf211.jpg\" \/>\n\t<meta property=\"og:image:width\" content=\"642\" \/>\n\t<meta property=\"og:image:height\" content=\"642\" \/>\n\t<meta property=\"og:image:type\" content=\"image\/jpeg\" \/>\n<meta name=\"twitter:card\" content=\"summary_large_image\" \/>\n<meta name=\"twitter:label1\" content=\"Est. reading time\" \/>\n\t<meta name=\"twitter:data1\" content=\"4 minutes\" \/>\n<script type=\"application\/ld+json\" class=\"yoast-schema-graph\">{\"@context\":\"https:\/\/schema.org\",\"@graph\":[{\"@type\":\"WebPage\",\"@id\":\"https:\/\/nge.vn\/san-pham\/cum-dun-biqu-h2-v2s-lite-cho-may-in-3d\/\",\"url\":\"https:\/\/nge.vn\/san-pham\/cum-dun-biqu-h2-v2s-lite-cho-may-in-3d\/\",\"name\":\"C\u1ee5m \u0111\u00f9n BIQU H2 V2S Lite cho m\u00e1y in 3d - NGE 3D Printers Services\",\"isPartOf\":{\"@id\":\"https:\/\/nge.vn\/#website\"},\"primaryImageOfPage\":{\"@id\":\"https:\/\/nge.vn\/san-pham\/cum-dun-biqu-h2-v2s-lite-cho-may-in-3d\/#primaryimage\"},\"image\":{\"@id\":\"https:\/\/nge.vn\/san-pham\/cum-dun-biqu-h2-v2s-lite-cho-may-in-3d\/#primaryimage\"},\"thumbnailUrl\":\"https:\/\/nge.vn\/wp-content\/uploads\/2024\/10\/images-upload-woo2F2801cecaf100a07b7f381a59a2dcf211.jpg\",\"datePublished\":\"2024-10-25T09:21:37+00:00\",\"dateModified\":\"2024-10-28T09:02:51+00:00\",\"breadcrumb\":{\"@id\":\"https:\/\/nge.vn\/san-pham\/cum-dun-biqu-h2-v2s-lite-cho-may-in-3d\/#breadcrumb\"},\"inLanguage\":\"en-US\",\"potentialAction\":[{\"@type\":\"ReadAction\",\"target\":[\"https:\/\/nge.vn\/san-pham\/cum-dun-biqu-h2-v2s-lite-cho-may-in-3d\/\"]}]},{\"@type\":\"ImageObject\",\"inLanguage\":\"en-US\",\"@id\":\"https:\/\/nge.vn\/san-pham\/cum-dun-biqu-h2-v2s-lite-cho-may-in-3d\/#primaryimage\",\"url\":\"https:\/\/nge.vn\/wp-content\/uploads\/2024\/10\/images-upload-woo2F2801cecaf100a07b7f381a59a2dcf211.jpg\",\"contentUrl\":\"https:\/\/nge.vn\/wp-content\/uploads\/2024\/10\/images-upload-woo2F2801cecaf100a07b7f381a59a2dcf211.jpg\",\"width\":642,\"height\":642},{\"@type\":\"BreadcrumbList\",\"@id\":\"https:\/\/nge.vn\/san-pham\/cum-dun-biqu-h2-v2s-lite-cho-may-in-3d\/#breadcrumb\",\"itemListElement\":[{\"@type\":\"ListItem\",\"position\":1,\"name\":\"Trang ch\u1ee7\",\"item\":\"https:\/\/nge.vn\/\"},{\"@type\":\"ListItem\",\"position\":2,\"name\":\"S\u1ea3n ph\u1ea9m\",\"item\":\"https:\/\/nge.vn\/san-pham\/\"},{\"@type\":\"ListItem\",\"position\":3,\"name\":\"C\u1ee5m \u0111\u00f9n BIQU H2 V2S Lite cho m\u00e1y in 3d\"}]},{\"@type\":\"WebSite\",\"@id\":\"https:\/\/nge.vn\/#website\",\"url\":\"https:\/\/nge.vn\/\",\"name\":\"NGE 3D Printers Services\",\"description\":\"\",\"potentialAction\":[{\"@type\":\"SearchAction\",\"target\":{\"@type\":\"EntryPoint\",\"urlTemplate\":\"https:\/\/nge.vn\/?s={search_term_string}\"},\"query-input\":{\"@type\":\"PropertyValueSpecification\",\"valueRequired\":true,\"valueName\":\"search_term_string\"}}],\"inLanguage\":\"en-US\"}]}<\/script>\n<!-- \/ Yoast SEO Premium plugin. -->","yoast_head_json":{"title":"C\u1ee5m \u0111\u00f9n BIQU H2 V2S Lite cho m\u00e1y in 3d - NGE 3D Printers Services","robots":{"index":"index","follow":"follow","max-snippet":"max-snippet:-1","max-image-preview":"max-image-preview:large","max-video-preview":"max-video-preview:-1"},"canonical":"https:\/\/nge.vn\/en\/product\/cum-dun-biqu-h2-v2s-lite-cho-may-in-3d\/","og_locale":"en_US","og_type":"article","og_title":"C\u1ee5m \u0111\u00f9n BIQU H2 V2S Lite cho m\u00e1y in 3d","og_description":"C\u1ee5m \u0111\u00f9n BIQU H2 V2S Lite cho m\u00e1y in 3d","og_url":"https:\/\/nge.vn\/en\/product\/cum-dun-biqu-h2-v2s-lite-cho-may-in-3d\/","og_site_name":"NGE 3D Printers Services","article_modified_time":"2024-10-28T09:02:51+00:00","og_image":[{"width":642,"height":642,"url":"https:\/\/nge.vn\/wp-content\/uploads\/2024\/10\/images-upload-woo2F2801cecaf100a07b7f381a59a2dcf211.jpg","type":"image\/jpeg"}],"twitter_card":"summary_large_image","twitter_misc":{"Est. reading time":"4 minutes"},"schema":{"@context":"https:\/\/schema.org","@graph":[{"@type":"WebPage","@id":"https:\/\/nge.vn\/san-pham\/cum-dun-biqu-h2-v2s-lite-cho-may-in-3d\/","url":"https:\/\/nge.vn\/san-pham\/cum-dun-biqu-h2-v2s-lite-cho-may-in-3d\/","name":"C\u1ee5m \u0111\u00f9n BIQU H2 V2S Lite cho m\u00e1y in 3d - NGE 3D Printers Services","isPartOf":{"@id":"https:\/\/nge.vn\/#website"},"primaryImageOfPage":{"@id":"https:\/\/nge.vn\/san-pham\/cum-dun-biqu-h2-v2s-lite-cho-may-in-3d\/#primaryimage"},"image":{"@id":"https:\/\/nge.vn\/san-pham\/cum-dun-biqu-h2-v2s-lite-cho-may-in-3d\/#primaryimage"},"thumbnailUrl":"https:\/\/nge.vn\/wp-content\/uploads\/2024\/10\/images-upload-woo2F2801cecaf100a07b7f381a59a2dcf211.jpg","datePublished":"2024-10-25T09:21:37+00:00","dateModified":"2024-10-28T09:02:51+00:00","breadcrumb":{"@id":"https:\/\/nge.vn\/san-pham\/cum-dun-biqu-h2-v2s-lite-cho-may-in-3d\/#breadcrumb"},"inLanguage":"en-US","potentialAction":[{"@type":"ReadAction","target":["https:\/\/nge.vn\/san-pham\/cum-dun-biqu-h2-v2s-lite-cho-may-in-3d\/"]}]},{"@type":"ImageObject","inLanguage":"en-US","@id":"https:\/\/nge.vn\/san-pham\/cum-dun-biqu-h2-v2s-lite-cho-may-in-3d\/#primaryimage","url":"https:\/\/nge.vn\/wp-content\/uploads\/2024\/10\/images-upload-woo2F2801cecaf100a07b7f381a59a2dcf211.jpg","contentUrl":"https:\/\/nge.vn\/wp-content\/uploads\/2024\/10\/images-upload-woo2F2801cecaf100a07b7f381a59a2dcf211.jpg","width":642,"height":642},{"@type":"BreadcrumbList","@id":"https:\/\/nge.vn\/san-pham\/cum-dun-biqu-h2-v2s-lite-cho-may-in-3d\/#breadcrumb","itemListElement":[{"@type":"ListItem","position":1,"name":"Trang ch\u1ee7","item":"https:\/\/nge.vn\/"},{"@type":"ListItem","position":2,"name":"S\u1ea3n ph\u1ea9m","item":"https:\/\/nge.vn\/san-pham\/"},{"@type":"ListItem","position":3,"name":"C\u1ee5m \u0111\u00f9n BIQU H2 V2S Lite cho m\u00e1y in 3d"}]},{"@type":"WebSite","@id":"https:\/\/nge.vn\/#website","url":"https:\/\/nge.vn\/","name":"NGE 3D Printers Services","description":"","potentialAction":[{"@type":"SearchAction","target":{"@type":"EntryPoint","urlTemplate":"https:\/\/nge.vn\/?s={search_term_string}"},"query-input":{"@type":"PropertyValueSpecification","valueRequired":true,"valueName":"search_term_string"}}],"inLanguage":"en-US"}]}},"_links":{"self":[{"href":"https:\/\/nge.vn\/en\/wp-json\/wp\/v2\/product\/1576","targetHints":{"allow":["GET"]}}],"collection":[{"href":"https:\/\/nge.vn\/en\/wp-json\/wp\/v2\/product"}],"about":[{"href":"https:\/\/nge.vn\/en\/wp-json\/wp\/v2\/types\/product"}],"replies":[{"embeddable":true,"href":"https:\/\/nge.vn\/en\/wp-json\/wp\/v2\/comments?post=1576"}],"wp:featuredmedia":[{"embeddable":true,"href":"https:\/\/nge.vn\/en\/wp-json\/wp\/v2\/media\/1567"}],"wp:attachment":[{"href":"https:\/\/nge.vn\/en\/wp-json\/wp\/v2\/media?parent=1576"}],"wp:term":[{"taxonomy":"product_brand","embeddable":true,"href":"https:\/\/nge.vn\/en\/wp-json\/wp\/v2\/product_brand?post=1576"},{"taxonomy":"product_cat","embeddable":true,"href":"https:\/\/nge.vn\/en\/wp-json\/wp\/v2\/product_cat?post=1576"},{"taxonomy":"product_tag","embeddable":true,"href":"https:\/\/nge.vn\/en\/wp-json\/wp\/v2\/product_tag?post=1576"}],"curies":[{"name":"wp","href":"https:\/\/api.w.org\/{rel}","templated":true}]}}