{"id":1566,"date":"2024-10-25T16:19:29","date_gmt":"2024-10-25T09:19:29","guid":{"rendered":"https:\/\/nge.123websitedev.com\/san-pham\/buong-kin-lon-cho-may-in-3d-big-size-3d-printer-multifunction-enclosure-707590cm\/"},"modified":"2024-10-29T17:27:05","modified_gmt":"2024-10-29T10:27:05","slug":"buong-kin-lon-cho-may-in-3d-big-size-3d-printer-multifunction-enclosure-707590cm","status":"publish","type":"product","link":"https:\/\/nge.vn\/en\/product\/buong-kin-lon-cho-may-in-3d-big-size-3d-printer-multifunction-enclosure-707590cm\/","title":{"rendered":"Bu\u1ed3ng k\u00edn l\u1edbn cho m\u00e1y in 3d Big size 3d printer Multifunction Enclosure 70*75*90cm"},"content":{"rendered":"<p>Bu\u1ed3ng k\u00edn l\u1edbn cho m\u00e1y in 3d Big size 3d printer Multifunction Enclosure 70*75*90cm<br \/>\n_L\u00e1 nh\u00f4m v\u1edbi ch\u1ea5t ch\u1ed1ng ch\u00e1y<br \/>\n+Hi\u1ec7u qu\u1ea3 gi\u1eef nhi\u1ec7t t\u1ed1t<br \/>\n+Ch\u1ed1ng ch\u00e1y<br \/>\n+Rud kh\u00e1ng<br \/>\n+C\u00f3 th\u1ec3 th\u00e1o r\u1eddi<br \/>\n_L\u00e1 nh\u00f4m ch\u1ed1ng ch\u00e1y l\u00e0 v\u1eadt li\u1ec7u c\u00e1ch nhi\u1ec7t t\u1ed1t<\/p>\n<p>_In c\u00e1ch nhi\u1ec7t \u1edf nhi\u1ec7t \u0111\u1ed9 kh\u00f4ng \u0111\u1ed5i:<br \/>\nV\u1ecf b\u1ecdc c\u00f3 l\u1edbp c\u00e1ch nhi\u1ec7t gi\u00fap gi\u1ea3m t\u00e1c \u0111\u1ed9ng c\u1ee7a nhi\u1ec7t \u0111\u1ed9 th\u1ea5p \u0111\u1ebfn qu\u00e1 tr\u00ecnh in, \u0111\u1ec3 m\u00e1y in ho\u1ea1t \u0111\u1ed9ng \u1edf nhi\u1ec7t \u0111\u1ed9 \u1ed5n \u0111\u1ecbnh.<\/p>\n<p>_Ch\u1ed1ng ch\u00e1y, in \u1ea5n an to\u00e0n h\u01a1n:<br \/>\nGi\u1ea5y nh\u00f4m ch\u1ed1ng ch\u00e1y c\u00f3 kh\u1ea3 n\u0103ng ch\u1ecbu nhi\u1ec7t \u0111\u1ed9 cao v\u00e0 ch\u1ed1ng \u0103n m\u00f2n, \u0111\u1ec3 in an to\u00e0n h\u01a1n.<\/p>\n<p>_D\u1ec5 d\u00e0ng c\u00e0i \u0111\u1eb7t v\u00e0 g\u1ee1 b\u1ecf: D\u1ec5 d\u00e0ng c\u00e0i \u0111\u1eb7t, g\u1ee1 b\u1ecf v\u00e0 s\u1eed d\u1ee5ng<br \/>\n_Chi ti\u1ebft tinh t\u1ebf: V\u1ecf b\u1ecdc \u0111\u00e1ng tin c\u1eady v\u1edbi c\u00e1c chi ti\u1ebft tinh t\u1ebf v\u00e0 ch\u1ea5t l\u01b0\u1ee3ng cao<\/p>\n<p>_Thi\u1ebft k\u1ebf ch\u1ed1ng th\u1ea5m n\u01b0\u1edbc:<br \/>\nL\u00e1 nh\u00f4m ch\u1ecdn l\u1ecdc, kh\u00f4ng th\u1ea5m n\u01b0\u1edbc v\u00e0 ch\u1ed1ng gi\u00f3. Gi\u1eef nhi\u1ec7t \u0111\u1ed9 in kh\u00f4ng \u0111\u1ed5i trong bao v\u00e2y trong c\u00e1c \u0111i\u1ec1u ki\u1ec7n ph\u1ee9c t\u1ea1p<\/p>\n<p>_\u0110\u1ea7u n\u1ed1i g\u00f3c 3 chi\u1ec1u:<br \/>\nH\u1ed7 tr\u1ee3 \u1ed5n \u0111\u1ecbnh v\u1edbi \u0111\u1ea7u n\u1ed1i g\u00f3c 3 chi\u1ec1u v\u00e0 kh\u00f3 b\u1ecb rung<\/p>\n<p>_L\u00e1 nh\u00f4m ch\u1ea5t l\u01b0\u1ee3ng cao<br \/>\nTh\u1ee7 c\u00f4ng m\u1ef9 ngh\u1ec7 hi\u1ec3n th\u1ecb c\u00e1c chi ti\u1ebft tinh t\u1ebf<\/p>\n<p>_\u0110\u1ea7u d\u00e2y k\u00e9o ch\u1eb7t ch\u1ebd:<br \/>\n\u0110\u01b0\u1eddng kh\u00e2u tinh t\u1ebf, ch\u1ed1ng \u0103n m\u00f2n v\u00e0 ch\u1ed1ng phai m\u00e0u.<\/p>\n<p>+Packing Size\uff1a45*21.5*11.5cm<br \/>\n+N.W.\uff1a3.58kg<br \/>\n+G.W\uff1a3.84kg<br \/>\n+Product Size\uff1a70*75*90cm<\/p>\n<p>**T\u01b0\u01a1ng th\u00edch:<br \/>\nEnder-2, Ender-2 Pro<br \/>\nEnder-3, Ender-3S, Ender-3 Pro, Ender-3 Max, Ender-3 V2, Ender-3 S1, Ender-3 S1 Pro, Ender-3 S1 Plus<br \/>\nEnder-5, Ender-5S, Ender-5 Pro, Ender-5 Plus, Ender-6, Ender-7<br \/>\nCR-10, CR-10S, CR-10 Mini, CR-10 V2, CR-10 V3, CR-10pro, CR-10pro V2, CR-X, CR-X Pro<br \/>\nCR-6 SE, CR-10 Smart, CR-10 Smart Pro&#8230;<\/p>\n<p>**Ho\u1eb7c \u0111\u1ec3 nh\u1eadn h\u1ed9 tr\u1ee3 th\u00eam v\u1ec1 Gi\u00e1 v\u00e0 Th\u00f4ng tin c\u1ee7a s\u1ea3n ph\u1ea9m, vui l\u00f2ng li\u00ean h\u1ec7:<br \/>\n     0913.939.775 contact A.Quan (for English)<br \/>\n     094.144.0951 contact A.Quynh<br \/>\n**Selling price does not include VAT (+10% if VAT invoice is issued)<\/p>","protected":false},"excerpt":{"rendered":"<p>Bu\u1ed3ng k\u00edn l\u1edbn cho m\u00e1y in 3d Big size 3d printer Multifunction Enclosure 70*75*90cm<\/p>","protected":false},"featured_media":1557,"comment_status":"open","ping_status":"closed","template":"","meta":{"inline_featured_image":false},"product_brand":[],"product_cat":[458,40],"product_tag":[],"class_list":{"0":"post-1566","1":"product","2":"type-product","3":"status-publish","4":"has-post-thumbnail","6":"product_cat-ban-kinh-carbon-va-pei","7":"product_cat-linh-kien-va-phu-kien","9":"first","10":"instock","11":"taxable","12":"shipping-taxable","13":"purchasable","14":"product-type-simple"},"yoast_head":"<!-- This site is optimized with the Yoast SEO Premium plugin v22.8 (Yoast SEO v26.9) - https:\/\/yoast.com\/product\/yoast-seo-premium-wordpress\/ -->\n<title>Bu\u1ed3ng k\u00edn l\u1edbn cho m\u00e1y in 3d Big size 3d printer Multifunction Enclosure 70*75*90cm - NGE 3D Printers Services<\/title>\n<meta name=\"robots\" content=\"index, follow, max-snippet:-1, max-image-preview:large, max-video-preview:-1\" \/>\n<link rel=\"canonical\" href=\"https:\/\/nge.vn\/en\/product\/buong-kin-lon-cho-may-in-3d-big-size-3d-printer-multifunction-enclosure-707590cm\/\" \/>\n<meta property=\"og:locale\" content=\"en_US\" \/>\n<meta property=\"og:type\" content=\"article\" \/>\n<meta property=\"og:title\" content=\"Bu\u1ed3ng k\u00edn l\u1edbn cho m\u00e1y in 3d Big size 3d printer Multifunction Enclosure 70*75*90cm\" \/>\n<meta property=\"og:description\" content=\"Bu\u1ed3ng k\u00edn l\u1edbn cho m\u00e1y in 3d Big size 3d printer Multifunction Enclosure 70*75*90cm\" \/>\n<meta property=\"og:url\" content=\"https:\/\/nge.vn\/en\/product\/buong-kin-lon-cho-may-in-3d-big-size-3d-printer-multifunction-enclosure-707590cm\/\" \/>\n<meta property=\"og:site_name\" content=\"NGE 3D Printers Services\" \/>\n<meta property=\"article:modified_time\" content=\"2024-10-29T10:27:05+00:00\" \/>\n<meta property=\"og:image\" content=\"https:\/\/nge.vn\/wp-content\/uploads\/2024\/10\/images-upload-woo2F277d4d66d19120c6ee826fe6c0f66b57.jpg\" \/>\n\t<meta property=\"og:image:width\" content=\"790\" \/>\n\t<meta property=\"og:image:height\" content=\"790\" \/>\n\t<meta property=\"og:image:type\" content=\"image\/jpeg\" \/>\n<meta name=\"twitter:card\" content=\"summary_large_image\" \/>\n<meta name=\"twitter:label1\" content=\"Est. reading time\" \/>\n\t<meta name=\"twitter:data1\" content=\"2 minutes\" \/>\n<script type=\"application\/ld+json\" class=\"yoast-schema-graph\">{\"@context\":\"https:\/\/schema.org\",\"@graph\":[{\"@type\":\"WebPage\",\"@id\":\"https:\/\/nge.vn\/san-pham\/buong-kin-lon-cho-may-in-3d-big-size-3d-printer-multifunction-enclosure-707590cm\/\",\"url\":\"https:\/\/nge.vn\/san-pham\/buong-kin-lon-cho-may-in-3d-big-size-3d-printer-multifunction-enclosure-707590cm\/\",\"name\":\"Bu\u1ed3ng k\u00edn l\u1edbn cho m\u00e1y in 3d Big size 3d printer Multifunction Enclosure 70*75*90cm - NGE 3D Printers Services\",\"isPartOf\":{\"@id\":\"https:\/\/nge.vn\/#website\"},\"primaryImageOfPage\":{\"@id\":\"https:\/\/nge.vn\/san-pham\/buong-kin-lon-cho-may-in-3d-big-size-3d-printer-multifunction-enclosure-707590cm\/#primaryimage\"},\"image\":{\"@id\":\"https:\/\/nge.vn\/san-pham\/buong-kin-lon-cho-may-in-3d-big-size-3d-printer-multifunction-enclosure-707590cm\/#primaryimage\"},\"thumbnailUrl\":\"https:\/\/nge.vn\/wp-content\/uploads\/2024\/10\/images-upload-woo2F277d4d66d19120c6ee826fe6c0f66b57.jpg\",\"datePublished\":\"2024-10-25T09:19:29+00:00\",\"dateModified\":\"2024-10-29T10:27:05+00:00\",\"breadcrumb\":{\"@id\":\"https:\/\/nge.vn\/san-pham\/buong-kin-lon-cho-may-in-3d-big-size-3d-printer-multifunction-enclosure-707590cm\/#breadcrumb\"},\"inLanguage\":\"en-US\",\"potentialAction\":[{\"@type\":\"ReadAction\",\"target\":[\"https:\/\/nge.vn\/san-pham\/buong-kin-lon-cho-may-in-3d-big-size-3d-printer-multifunction-enclosure-707590cm\/\"]}]},{\"@type\":\"ImageObject\",\"inLanguage\":\"en-US\",\"@id\":\"https:\/\/nge.vn\/san-pham\/buong-kin-lon-cho-may-in-3d-big-size-3d-printer-multifunction-enclosure-707590cm\/#primaryimage\",\"url\":\"https:\/\/nge.vn\/wp-content\/uploads\/2024\/10\/images-upload-woo2F277d4d66d19120c6ee826fe6c0f66b57.jpg\",\"contentUrl\":\"https:\/\/nge.vn\/wp-content\/uploads\/2024\/10\/images-upload-woo2F277d4d66d19120c6ee826fe6c0f66b57.jpg\",\"width\":790,\"height\":790},{\"@type\":\"BreadcrumbList\",\"@id\":\"https:\/\/nge.vn\/san-pham\/buong-kin-lon-cho-may-in-3d-big-size-3d-printer-multifunction-enclosure-707590cm\/#breadcrumb\",\"itemListElement\":[{\"@type\":\"ListItem\",\"position\":1,\"name\":\"Trang ch\u1ee7\",\"item\":\"https:\/\/nge.vn\/\"},{\"@type\":\"ListItem\",\"position\":2,\"name\":\"S\u1ea3n ph\u1ea9m\",\"item\":\"https:\/\/nge.vn\/san-pham\/\"},{\"@type\":\"ListItem\",\"position\":3,\"name\":\"Bu\u1ed3ng k\u00edn l\u1edbn cho m\u00e1y in 3d Big size 3d printer Multifunction Enclosure 70*75*90cm\"}]},{\"@type\":\"WebSite\",\"@id\":\"https:\/\/nge.vn\/#website\",\"url\":\"https:\/\/nge.vn\/\",\"name\":\"NGE 3D Printers Services\",\"description\":\"\",\"potentialAction\":[{\"@type\":\"SearchAction\",\"target\":{\"@type\":\"EntryPoint\",\"urlTemplate\":\"https:\/\/nge.vn\/?s={search_term_string}\"},\"query-input\":{\"@type\":\"PropertyValueSpecification\",\"valueRequired\":true,\"valueName\":\"search_term_string\"}}],\"inLanguage\":\"en-US\"}]}<\/script>\n<!-- \/ Yoast SEO Premium plugin. -->","yoast_head_json":{"title":"Bu\u1ed3ng k\u00edn l\u1edbn cho m\u00e1y in 3d Big size 3d printer Multifunction Enclosure 70*75*90cm - NGE 3D Printers Services","robots":{"index":"index","follow":"follow","max-snippet":"max-snippet:-1","max-image-preview":"max-image-preview:large","max-video-preview":"max-video-preview:-1"},"canonical":"https:\/\/nge.vn\/en\/product\/buong-kin-lon-cho-may-in-3d-big-size-3d-printer-multifunction-enclosure-707590cm\/","og_locale":"en_US","og_type":"article","og_title":"Bu\u1ed3ng k\u00edn l\u1edbn cho m\u00e1y in 3d Big size 3d printer Multifunction Enclosure 70*75*90cm","og_description":"Bu\u1ed3ng k\u00edn l\u1edbn cho m\u00e1y in 3d Big size 3d printer Multifunction Enclosure 70*75*90cm","og_url":"https:\/\/nge.vn\/en\/product\/buong-kin-lon-cho-may-in-3d-big-size-3d-printer-multifunction-enclosure-707590cm\/","og_site_name":"NGE 3D Printers Services","article_modified_time":"2024-10-29T10:27:05+00:00","og_image":[{"width":790,"height":790,"url":"https:\/\/nge.vn\/wp-content\/uploads\/2024\/10\/images-upload-woo2F277d4d66d19120c6ee826fe6c0f66b57.jpg","type":"image\/jpeg"}],"twitter_card":"summary_large_image","twitter_misc":{"Est. reading time":"2 minutes"},"schema":{"@context":"https:\/\/schema.org","@graph":[{"@type":"WebPage","@id":"https:\/\/nge.vn\/san-pham\/buong-kin-lon-cho-may-in-3d-big-size-3d-printer-multifunction-enclosure-707590cm\/","url":"https:\/\/nge.vn\/san-pham\/buong-kin-lon-cho-may-in-3d-big-size-3d-printer-multifunction-enclosure-707590cm\/","name":"Bu\u1ed3ng k\u00edn l\u1edbn cho m\u00e1y in 3d Big size 3d printer Multifunction Enclosure 70*75*90cm - NGE 3D Printers Services","isPartOf":{"@id":"https:\/\/nge.vn\/#website"},"primaryImageOfPage":{"@id":"https:\/\/nge.vn\/san-pham\/buong-kin-lon-cho-may-in-3d-big-size-3d-printer-multifunction-enclosure-707590cm\/#primaryimage"},"image":{"@id":"https:\/\/nge.vn\/san-pham\/buong-kin-lon-cho-may-in-3d-big-size-3d-printer-multifunction-enclosure-707590cm\/#primaryimage"},"thumbnailUrl":"https:\/\/nge.vn\/wp-content\/uploads\/2024\/10\/images-upload-woo2F277d4d66d19120c6ee826fe6c0f66b57.jpg","datePublished":"2024-10-25T09:19:29+00:00","dateModified":"2024-10-29T10:27:05+00:00","breadcrumb":{"@id":"https:\/\/nge.vn\/san-pham\/buong-kin-lon-cho-may-in-3d-big-size-3d-printer-multifunction-enclosure-707590cm\/#breadcrumb"},"inLanguage":"en-US","potentialAction":[{"@type":"ReadAction","target":["https:\/\/nge.vn\/san-pham\/buong-kin-lon-cho-may-in-3d-big-size-3d-printer-multifunction-enclosure-707590cm\/"]}]},{"@type":"ImageObject","inLanguage":"en-US","@id":"https:\/\/nge.vn\/san-pham\/buong-kin-lon-cho-may-in-3d-big-size-3d-printer-multifunction-enclosure-707590cm\/#primaryimage","url":"https:\/\/nge.vn\/wp-content\/uploads\/2024\/10\/images-upload-woo2F277d4d66d19120c6ee826fe6c0f66b57.jpg","contentUrl":"https:\/\/nge.vn\/wp-content\/uploads\/2024\/10\/images-upload-woo2F277d4d66d19120c6ee826fe6c0f66b57.jpg","width":790,"height":790},{"@type":"BreadcrumbList","@id":"https:\/\/nge.vn\/san-pham\/buong-kin-lon-cho-may-in-3d-big-size-3d-printer-multifunction-enclosure-707590cm\/#breadcrumb","itemListElement":[{"@type":"ListItem","position":1,"name":"Trang ch\u1ee7","item":"https:\/\/nge.vn\/"},{"@type":"ListItem","position":2,"name":"S\u1ea3n ph\u1ea9m","item":"https:\/\/nge.vn\/san-pham\/"},{"@type":"ListItem","position":3,"name":"Bu\u1ed3ng k\u00edn l\u1edbn cho m\u00e1y in 3d Big size 3d printer Multifunction Enclosure 70*75*90cm"}]},{"@type":"WebSite","@id":"https:\/\/nge.vn\/#website","url":"https:\/\/nge.vn\/","name":"NGE 3D Printers Services","description":"","potentialAction":[{"@type":"SearchAction","target":{"@type":"EntryPoint","urlTemplate":"https:\/\/nge.vn\/?s={search_term_string}"},"query-input":{"@type":"PropertyValueSpecification","valueRequired":true,"valueName":"search_term_string"}}],"inLanguage":"en-US"}]}},"_links":{"self":[{"href":"https:\/\/nge.vn\/en\/wp-json\/wp\/v2\/product\/1566","targetHints":{"allow":["GET"]}}],"collection":[{"href":"https:\/\/nge.vn\/en\/wp-json\/wp\/v2\/product"}],"about":[{"href":"https:\/\/nge.vn\/en\/wp-json\/wp\/v2\/types\/product"}],"replies":[{"embeddable":true,"href":"https:\/\/nge.vn\/en\/wp-json\/wp\/v2\/comments?post=1566"}],"wp:featuredmedia":[{"embeddable":true,"href":"https:\/\/nge.vn\/en\/wp-json\/wp\/v2\/media\/1557"}],"wp:attachment":[{"href":"https:\/\/nge.vn\/en\/wp-json\/wp\/v2\/media?parent=1566"}],"wp:term":[{"taxonomy":"product_brand","embeddable":true,"href":"https:\/\/nge.vn\/en\/wp-json\/wp\/v2\/product_brand?post=1566"},{"taxonomy":"product_cat","embeddable":true,"href":"https:\/\/nge.vn\/en\/wp-json\/wp\/v2\/product_cat?post=1566"},{"taxonomy":"product_tag","embeddable":true,"href":"https:\/\/nge.vn\/en\/wp-json\/wp\/v2\/product_tag?post=1566"}],"curies":[{"name":"wp","href":"https:\/\/api.w.org\/{rel}","templated":true}]}}