{"id":1534,"date":"2024-10-25T16:14:35","date_gmt":"2024-10-25T09:14:35","guid":{"rendered":"https:\/\/nge.123websitedev.com\/san-pham\/dau-dun-nhua-dong-thau-mk-cho-may-in-3d-ender-3-ender-5-cr-6-cr-10-5pcs-set\/"},"modified":"2024-10-28T16:11:53","modified_gmt":"2024-10-28T09:11:53","slug":"dau-dun-nhua-dong-thau-mk-cho-may-in-3d-ender-3-ender-5-cr-6-cr-10-5pcs-set","status":"publish","type":"product","link":"https:\/\/nge.vn\/en\/product\/dau-dun-nhua-dong-thau-mk-cho-may-in-3d-ender-3-ender-5-cr-6-cr-10-5pcs-set\/","title":{"rendered":"\u0110\u1ea7u \u0111\u00f9n nh\u1ef1a \u0111\u1ed3ng thau MK cho m\u00e1y in 3d Ender 3..\/ Ender 5\/ Cr-6..\/ Cr-10&#8230;5pcs\/Set"},"content":{"rendered":"<p>\u0110\u1ea7u \u0111\u00f9n nh\u1ef1a \u0111\u1ed3ng thau MK cho m\u00e1y in 3d 5pcs\/Set<br \/>\n_So v\u1edbi v\u00f2i phun th\u00f4ng th\u01b0\u1eddng, v\u00f2i phun MK c\u00f3 th\u00e0nh b\u00ean trong m\u1ecbn, \u00edt tr\u1ee5c tr\u1eb7c h\u01a1n, \u0111\u1ed9 nh\u1edbt th\u1ea5p h\u01a1n v\u00e0 \u0111\u1ea9y s\u1ee3i m\u01b0\u1ee3t m\u00e0 h\u01a1n.<\/p>\n<p>_Thi\u1ebft k\u1ebf m\u1edbi<br \/>\n_Ch\u1ea5t l\u01b0\u1ee3ng cao<br \/>\n_Gi\u1eef ch\u00ednh x\u00e1c<\/p>\n<p>_\u0110\u1ed3ng thau qu\u1ed1c t\u1ebf:<br \/>\n\u0110\u1ed9 d\u1eabn nhi\u1ec7t t\u1ed1t, \u0111\u1ed9 b\u1ec1n cao<\/p>\n<p>_Kh\u1ea9u \u0111\u1ed9 tr\u00f2n:<br \/>\nQuy tr\u00ecnh c\u1eaft v\u00e1t m\u00e9p<\/p>\n<p>_T\u01b0\u1eddng b\u00ean trong \u0111\u1eb9p m\u1eaft:<br \/>\n\u0110\u1ed9 m\u1ecbn c\u1ee7a s\u1ee3i t\u1ed1t h\u01a1n<\/p>\n<p>_Ti\u1ebfp li\u1ec7u \u0111\u1ea7u ra d\u1ea1ng s\u1ee3i<br \/>\nL\u01b0\u1ee3ng th\u1ee9c \u0103n \u0111\u1ea7u ra lu\u00f4n ph\u00f9 h\u1ee3p<\/p>\n<p>_S\u1ea3n ph\u1ea9m \u0111\u01b0\u1ee3c ch\u1ebf t\u00e1c tinh x\u1ea3o:<br \/>\nCh\u1ea5t l\u01b0\u1ee3ng ch\u1eafc ch\u1eafn \u0111\u00e1ng tin c\u1eady<\/p>\n<p>_K\u00edch th\u01b0\u1edbc \u0111\u01b0\u1eddng k\u00ednh ti\u00eau chu\u1ea9n<\/p>\n<p>_T\u01b0\u1eddng b\u00ean trong ki\u1ec3u d\u00e1ng \u0111\u1eb9p<br \/>\n\u0110\u1ea7u ra d\u1ea1ng s\u1ee3i m\u1ecbn<\/p>\n<p>_Ngay c\u1ea3 khi ho\u00e0n thi\u1ec7n ch\u00ednh x\u00e1c ngu\u1ed3n c\u1ea5p d\u1eef li\u1ec7u s\u1ee3i tr\u00ean c\u00e1c b\u1ea3n in cu\u1ed1i c\u00f9ng<br \/>\n\u0110\u1ea7u phun MK \u0111\u01b0\u1ee3c thi\u1ebft k\u1ebf \u0111\u1ed9c \u0111\u00e1o \u0111\u01b0\u1ee3c ch\u1ebf t\u00e1c b\u1eb1ng k\u1ef9 thu\u1eadt x\u1eed l\u00fd ti\u00ean ti\u1ebfn, gi\u00fap mang l\u1ea1i nh\u1eefng b\u1ea3n in cu\u1ed1i c\u00f9ng m\u01b0\u1ee3t m\u00e0 h\u01a1n nhi\u1ec1u.<br \/>\n_V\u00f2i phun \u0111\u01b0\u1ee3c thi\u1ebft k\u1ebf theo ki\u1ec3u v\u00e1t m\u00e9p ti\u1ebfp li\u1ec7u m\u1ecbn v\u1edbi kh\u1ea9u \u0111\u1ed9 tr\u00f2n, gi\u00fap gi\u1ea3m \u0111\u00e1ng k\u1ec3 l\u1ef1c c\u1ea3n \u0111\u1ed1i v\u1edbi s\u1ee3i nh\u1ef1a, th\u00fac \u0111\u1ea9y qu\u00e1 tr\u00ecnh n\u1ea1p v\u00e0o c\u1ee7a s\u1ee3i nh\u1ef1a m\u01b0\u1ee3t m\u00e0 h\u01a1n.<\/p>\n<p>_Kh\u1edbp n\u1ed1i li\u1ec1n m\u1ea1ch.<br \/>\nKh\u00f4ng c\u00f3 s\u1ef1 r\u00f2 r\u1ec9 v\u00e0 \u0111\u1ee9t g\u00e3y s\u1ee3i nh\u1ef1a<br \/>\n\u0110i\u1ec3m ti\u1ebfp gi\u00e1p li\u1ec1n m\u1ea1ch gi\u1eefa v\u00f2i phun v\u00e0 b\u1ed9 t\u1ea3n nhi\u1ec7t gi\u00fap ng\u0103n ng\u1eeba r\u00f2 r\u1ec9 v\u00e0 \u0111\u1ee9t d\u00e2y s\u1ee3i m\u1ed9t c\u00e1ch hi\u1ec7u qu\u1ea3, tr\u00e1nh c\u00e1c v\u1ea5n \u0111\u1ec1 in \u1ea5n kh\u00f4ng c\u1ea7n thi\u1ebft.<\/p>\n<p>_Product Information:<br \/>\n+Product name: MK Nozzle<br \/>\n+Product material: International brass<br \/>\n+Packing Size\uff1a60+50\u00d7100mm<br \/>\n+G.W\uff1a5g\/PCS<br \/>\n+N..W\uff1a2g\/ PCS<br \/>\n+Product Size\uff1a6mm*13mm<br \/>\n+Package Way\uff1aPVC Bag<br \/>\n+Feed-in Aperture\uff1a2mm<br \/>\n+Feed-out Aperture\uff1a0.3mm, 0.4mm, 0.5mm, 0.6mm, 0.8mm, 1.0mm<br \/>\n+Filament diameter\uff1a1.75mm<\/p>\n<p>***S\u1eed d\u1ee5ng cho:<br \/>\nCR-6 SE_CR-6 Max..<br \/>\nEnder-2 Pro_Ender 3_Ender-3 Pro_Ender-3 Plus_Ender-3 Max_Ender-3 S1_Ender-3 S1 Pro_Ender-3 Max Neo_Ender-3V2 Neo_Ender-3 Neo..<br \/>\nEnder 5_Ender 5 Pro_Ender 5 Plus..<br \/>\nCR-200B Pro_Sermoon V1_Sermoon V1 Pro_CR-200B_CR-10 smart_CR-5Pro H(CT-380)..<\/p>\n<p>**\u0110\u1ec3 \u0111\u01b0\u1ee3c nh\u1eadn h\u1ed9 tr\u1ee3 th\u00eam v\u1ec1 Gi\u00e1 v\u00e0 Th\u00f4ng tin c\u1ee7a s\u1ea3n ph\u1ea9m, vui l\u00f2ng li\u00ean h\u1ec7:<br \/>\n0913.939.775 g\u1eb7p A. Qu\u00e2n (for English)<br \/>\n094.144.0951 contact A.Quynh<br \/>\n**Selling price does not include VAT (+10% if VAT invoice is issued)<\/p>","protected":false},"excerpt":{"rendered":"<p>\u0110\u1ea7u \u0111\u00f9n nh\u1ef1a \u0111\u1ed3ng thau MK cho m\u00e1y in 3d Ender 3..\/ Ender 5\/ Cr-6..\/ Cr-10&#8230;5pcs\/Set<\/p>","protected":false},"featured_media":1525,"comment_status":"open","ping_status":"closed","template":"","meta":{"inline_featured_image":false},"product_brand":[],"product_cat":[40,56],"product_tag":[],"class_list":{"0":"post-1534","1":"product","2":"type-product","3":"status-publish","4":"has-post-thumbnail","6":"product_cat-linh-kien-va-phu-kien","7":"product_cat-linh-phu-kien-may-in-3d-creality","9":"first","10":"instock","11":"taxable","12":"shipping-taxable","13":"purchasable","14":"product-type-variable"},"yoast_head":"<!-- This site is optimized with the Yoast SEO Premium plugin v22.8 (Yoast SEO v26.9) - https:\/\/yoast.com\/product\/yoast-seo-premium-wordpress\/ -->\n<title>\u0110\u1ea7u \u0111\u00f9n nh\u1ef1a \u0111\u1ed3ng thau MK cho m\u00e1y in 3d Ender 3..\/ Ender 5\/ Cr-6..\/ Cr-10...5pcs\/Set - NGE 3D Printers Services<\/title>\n<meta name=\"robots\" content=\"index, follow, max-snippet:-1, max-image-preview:large, max-video-preview:-1\" \/>\n<link rel=\"canonical\" href=\"https:\/\/nge.vn\/en\/product\/dau-dun-nhua-dong-thau-mk-cho-may-in-3d-ender-3-ender-5-cr-6-cr-10-5pcs-set\/\" \/>\n<meta property=\"og:locale\" content=\"en_US\" \/>\n<meta property=\"og:type\" content=\"article\" \/>\n<meta property=\"og:title\" content=\"\u0110\u1ea7u \u0111\u00f9n nh\u1ef1a \u0111\u1ed3ng thau MK cho m\u00e1y in 3d Ender 3..\/ Ender 5\/ Cr-6..\/ Cr-10...5pcs\/Set\" \/>\n<meta property=\"og:description\" content=\"\u0110\u1ea7u \u0111\u00f9n nh\u1ef1a \u0111\u1ed3ng thau MK cho m\u00e1y in 3d Ender 3..\/ Ender 5\/ Cr-6..\/ Cr-10...5pcs\/Set\" \/>\n<meta property=\"og:url\" content=\"https:\/\/nge.vn\/en\/product\/dau-dun-nhua-dong-thau-mk-cho-may-in-3d-ender-3-ender-5-cr-6-cr-10-5pcs-set\/\" \/>\n<meta property=\"og:site_name\" content=\"NGE 3D Printers Services\" \/>\n<meta property=\"article:modified_time\" content=\"2024-10-28T09:11:53+00:00\" \/>\n<meta property=\"og:image\" content=\"https:\/\/nge.vn\/wp-content\/uploads\/2024\/10\/images-upload-woo2F0604e21c79529a3621cfc5e13afba83d.jpg\" \/>\n\t<meta property=\"og:image:width\" content=\"659\" \/>\n\t<meta property=\"og:image:height\" content=\"659\" \/>\n\t<meta property=\"og:image:type\" content=\"image\/jpeg\" \/>\n<meta name=\"twitter:card\" content=\"summary_large_image\" \/>\n<meta name=\"twitter:label1\" content=\"Est. reading time\" \/>\n\t<meta name=\"twitter:data1\" content=\"3 minutes\" \/>\n<script type=\"application\/ld+json\" class=\"yoast-schema-graph\">{\"@context\":\"https:\/\/schema.org\",\"@graph\":[{\"@type\":\"WebPage\",\"@id\":\"https:\/\/nge.vn\/san-pham\/dau-dun-nhua-dong-thau-mk-cho-may-in-3d-ender-3-ender-5-cr-6-cr-10-5pcs-set\/\",\"url\":\"https:\/\/nge.vn\/san-pham\/dau-dun-nhua-dong-thau-mk-cho-may-in-3d-ender-3-ender-5-cr-6-cr-10-5pcs-set\/\",\"name\":\"\u0110\u1ea7u \u0111\u00f9n nh\u1ef1a \u0111\u1ed3ng thau MK cho m\u00e1y in 3d Ender 3..\/ Ender 5\/ Cr-6..\/ Cr-10...5pcs\/Set - NGE 3D Printers Services\",\"isPartOf\":{\"@id\":\"https:\/\/nge.vn\/#website\"},\"primaryImageOfPage\":{\"@id\":\"https:\/\/nge.vn\/san-pham\/dau-dun-nhua-dong-thau-mk-cho-may-in-3d-ender-3-ender-5-cr-6-cr-10-5pcs-set\/#primaryimage\"},\"image\":{\"@id\":\"https:\/\/nge.vn\/san-pham\/dau-dun-nhua-dong-thau-mk-cho-may-in-3d-ender-3-ender-5-cr-6-cr-10-5pcs-set\/#primaryimage\"},\"thumbnailUrl\":\"https:\/\/nge.vn\/wp-content\/uploads\/2024\/10\/images-upload-woo2F0604e21c79529a3621cfc5e13afba83d.jpg\",\"datePublished\":\"2024-10-25T09:14:35+00:00\",\"dateModified\":\"2024-10-28T09:11:53+00:00\",\"breadcrumb\":{\"@id\":\"https:\/\/nge.vn\/san-pham\/dau-dun-nhua-dong-thau-mk-cho-may-in-3d-ender-3-ender-5-cr-6-cr-10-5pcs-set\/#breadcrumb\"},\"inLanguage\":\"en-US\",\"potentialAction\":[{\"@type\":\"ReadAction\",\"target\":[\"https:\/\/nge.vn\/san-pham\/dau-dun-nhua-dong-thau-mk-cho-may-in-3d-ender-3-ender-5-cr-6-cr-10-5pcs-set\/\"]}]},{\"@type\":\"ImageObject\",\"inLanguage\":\"en-US\",\"@id\":\"https:\/\/nge.vn\/san-pham\/dau-dun-nhua-dong-thau-mk-cho-may-in-3d-ender-3-ender-5-cr-6-cr-10-5pcs-set\/#primaryimage\",\"url\":\"https:\/\/nge.vn\/wp-content\/uploads\/2024\/10\/images-upload-woo2F0604e21c79529a3621cfc5e13afba83d.jpg\",\"contentUrl\":\"https:\/\/nge.vn\/wp-content\/uploads\/2024\/10\/images-upload-woo2F0604e21c79529a3621cfc5e13afba83d.jpg\",\"width\":659,\"height\":659},{\"@type\":\"BreadcrumbList\",\"@id\":\"https:\/\/nge.vn\/san-pham\/dau-dun-nhua-dong-thau-mk-cho-may-in-3d-ender-3-ender-5-cr-6-cr-10-5pcs-set\/#breadcrumb\",\"itemListElement\":[{\"@type\":\"ListItem\",\"position\":1,\"name\":\"Trang ch\u1ee7\",\"item\":\"https:\/\/nge.vn\/\"},{\"@type\":\"ListItem\",\"position\":2,\"name\":\"S\u1ea3n ph\u1ea9m\",\"item\":\"https:\/\/nge.vn\/san-pham\/\"},{\"@type\":\"ListItem\",\"position\":3,\"name\":\"\u0110\u1ea7u \u0111\u00f9n nh\u1ef1a \u0111\u1ed3ng thau MK cho m\u00e1y in 3d Ender 3..\/ Ender 5\/ Cr-6..\/ Cr-10&#8230;5pcs\/Set\"}]},{\"@type\":\"WebSite\",\"@id\":\"https:\/\/nge.vn\/#website\",\"url\":\"https:\/\/nge.vn\/\",\"name\":\"NGE 3D Printers Services\",\"description\":\"\",\"potentialAction\":[{\"@type\":\"SearchAction\",\"target\":{\"@type\":\"EntryPoint\",\"urlTemplate\":\"https:\/\/nge.vn\/?s={search_term_string}\"},\"query-input\":{\"@type\":\"PropertyValueSpecification\",\"valueRequired\":true,\"valueName\":\"search_term_string\"}}],\"inLanguage\":\"en-US\"}]}<\/script>\n<!-- \/ Yoast SEO Premium plugin. -->","yoast_head_json":{"title":"\u0110\u1ea7u \u0111\u00f9n nh\u1ef1a \u0111\u1ed3ng thau MK cho m\u00e1y in 3d Ender 3..\/ Ender 5\/ Cr-6..\/ Cr-10...5pcs\/Set - NGE 3D Printers Services","robots":{"index":"index","follow":"follow","max-snippet":"max-snippet:-1","max-image-preview":"max-image-preview:large","max-video-preview":"max-video-preview:-1"},"canonical":"https:\/\/nge.vn\/en\/product\/dau-dun-nhua-dong-thau-mk-cho-may-in-3d-ender-3-ender-5-cr-6-cr-10-5pcs-set\/","og_locale":"en_US","og_type":"article","og_title":"\u0110\u1ea7u \u0111\u00f9n nh\u1ef1a \u0111\u1ed3ng thau MK cho m\u00e1y in 3d Ender 3..\/ Ender 5\/ Cr-6..\/ Cr-10...5pcs\/Set","og_description":"\u0110\u1ea7u \u0111\u00f9n nh\u1ef1a \u0111\u1ed3ng thau MK cho m\u00e1y in 3d Ender 3..\/ Ender 5\/ Cr-6..\/ Cr-10...5pcs\/Set","og_url":"https:\/\/nge.vn\/en\/product\/dau-dun-nhua-dong-thau-mk-cho-may-in-3d-ender-3-ender-5-cr-6-cr-10-5pcs-set\/","og_site_name":"NGE 3D Printers Services","article_modified_time":"2024-10-28T09:11:53+00:00","og_image":[{"width":659,"height":659,"url":"https:\/\/nge.vn\/wp-content\/uploads\/2024\/10\/images-upload-woo2F0604e21c79529a3621cfc5e13afba83d.jpg","type":"image\/jpeg"}],"twitter_card":"summary_large_image","twitter_misc":{"Est. reading time":"3 minutes"},"schema":{"@context":"https:\/\/schema.org","@graph":[{"@type":"WebPage","@id":"https:\/\/nge.vn\/san-pham\/dau-dun-nhua-dong-thau-mk-cho-may-in-3d-ender-3-ender-5-cr-6-cr-10-5pcs-set\/","url":"https:\/\/nge.vn\/san-pham\/dau-dun-nhua-dong-thau-mk-cho-may-in-3d-ender-3-ender-5-cr-6-cr-10-5pcs-set\/","name":"\u0110\u1ea7u \u0111\u00f9n nh\u1ef1a \u0111\u1ed3ng thau MK cho m\u00e1y in 3d Ender 3..\/ Ender 5\/ Cr-6..\/ Cr-10...5pcs\/Set - NGE 3D Printers Services","isPartOf":{"@id":"https:\/\/nge.vn\/#website"},"primaryImageOfPage":{"@id":"https:\/\/nge.vn\/san-pham\/dau-dun-nhua-dong-thau-mk-cho-may-in-3d-ender-3-ender-5-cr-6-cr-10-5pcs-set\/#primaryimage"},"image":{"@id":"https:\/\/nge.vn\/san-pham\/dau-dun-nhua-dong-thau-mk-cho-may-in-3d-ender-3-ender-5-cr-6-cr-10-5pcs-set\/#primaryimage"},"thumbnailUrl":"https:\/\/nge.vn\/wp-content\/uploads\/2024\/10\/images-upload-woo2F0604e21c79529a3621cfc5e13afba83d.jpg","datePublished":"2024-10-25T09:14:35+00:00","dateModified":"2024-10-28T09:11:53+00:00","breadcrumb":{"@id":"https:\/\/nge.vn\/san-pham\/dau-dun-nhua-dong-thau-mk-cho-may-in-3d-ender-3-ender-5-cr-6-cr-10-5pcs-set\/#breadcrumb"},"inLanguage":"en-US","potentialAction":[{"@type":"ReadAction","target":["https:\/\/nge.vn\/san-pham\/dau-dun-nhua-dong-thau-mk-cho-may-in-3d-ender-3-ender-5-cr-6-cr-10-5pcs-set\/"]}]},{"@type":"ImageObject","inLanguage":"en-US","@id":"https:\/\/nge.vn\/san-pham\/dau-dun-nhua-dong-thau-mk-cho-may-in-3d-ender-3-ender-5-cr-6-cr-10-5pcs-set\/#primaryimage","url":"https:\/\/nge.vn\/wp-content\/uploads\/2024\/10\/images-upload-woo2F0604e21c79529a3621cfc5e13afba83d.jpg","contentUrl":"https:\/\/nge.vn\/wp-content\/uploads\/2024\/10\/images-upload-woo2F0604e21c79529a3621cfc5e13afba83d.jpg","width":659,"height":659},{"@type":"BreadcrumbList","@id":"https:\/\/nge.vn\/san-pham\/dau-dun-nhua-dong-thau-mk-cho-may-in-3d-ender-3-ender-5-cr-6-cr-10-5pcs-set\/#breadcrumb","itemListElement":[{"@type":"ListItem","position":1,"name":"Trang ch\u1ee7","item":"https:\/\/nge.vn\/"},{"@type":"ListItem","position":2,"name":"S\u1ea3n ph\u1ea9m","item":"https:\/\/nge.vn\/san-pham\/"},{"@type":"ListItem","position":3,"name":"\u0110\u1ea7u \u0111\u00f9n nh\u1ef1a \u0111\u1ed3ng thau MK cho m\u00e1y in 3d Ender 3..\/ Ender 5\/ Cr-6..\/ Cr-10&#8230;5pcs\/Set"}]},{"@type":"WebSite","@id":"https:\/\/nge.vn\/#website","url":"https:\/\/nge.vn\/","name":"NGE 3D Printers Services","description":"","potentialAction":[{"@type":"SearchAction","target":{"@type":"EntryPoint","urlTemplate":"https:\/\/nge.vn\/?s={search_term_string}"},"query-input":{"@type":"PropertyValueSpecification","valueRequired":true,"valueName":"search_term_string"}}],"inLanguage":"en-US"}]}},"_links":{"self":[{"href":"https:\/\/nge.vn\/en\/wp-json\/wp\/v2\/product\/1534","targetHints":{"allow":["GET"]}}],"collection":[{"href":"https:\/\/nge.vn\/en\/wp-json\/wp\/v2\/product"}],"about":[{"href":"https:\/\/nge.vn\/en\/wp-json\/wp\/v2\/types\/product"}],"replies":[{"embeddable":true,"href":"https:\/\/nge.vn\/en\/wp-json\/wp\/v2\/comments?post=1534"}],"wp:featuredmedia":[{"embeddable":true,"href":"https:\/\/nge.vn\/en\/wp-json\/wp\/v2\/media\/1525"}],"wp:attachment":[{"href":"https:\/\/nge.vn\/en\/wp-json\/wp\/v2\/media?parent=1534"}],"wp:term":[{"taxonomy":"product_brand","embeddable":true,"href":"https:\/\/nge.vn\/en\/wp-json\/wp\/v2\/product_brand?post=1534"},{"taxonomy":"product_cat","embeddable":true,"href":"https:\/\/nge.vn\/en\/wp-json\/wp\/v2\/product_cat?post=1534"},{"taxonomy":"product_tag","embeddable":true,"href":"https:\/\/nge.vn\/en\/wp-json\/wp\/v2\/product_tag?post=1534"}],"curies":[{"name":"wp","href":"https:\/\/api.w.org\/{rel}","templated":true}]}}