{"id":1522,"date":"2024-10-25T16:10:14","date_gmt":"2024-10-25T09:10:14","guid":{"rendered":"https:\/\/nge.123websitedev.com\/san-pham\/may-in-3d-dong-cong-nghiep-creality-cr-6-se-kho-in-235235250mm\/"},"modified":"2024-12-30T18:37:39","modified_gmt":"2024-12-30T11:37:39","slug":"may-in-3d-dong-cong-nghiep-creality-cr-6-se-kho-in-235235250mm","status":"publish","type":"product","link":"https:\/\/nge.vn\/en\/product\/may-in-3d-dong-cong-nghiep-creality-cr-6-se-kho-in-235235250mm\/","title":{"rendered":"Creality CR-6 SE industrial 3d printer printing size 235*235*250mm"},"content":{"rendered":"<p>_L\u1eafp r\u00e1p si\u00eau d\u1ec5 d\u00e0ng: ch\u1ec9 \u0111\u1eb7t m\u1ed9t v\u00e0i b\u1ed9 ph\u1eadn l\u1ea1i v\u1edbi nhau v\u00e0 b\u1eaft \u0111\u1ea7u in ngay khi RA KH\u1eceI H\u1ed8P.<br \/>\n_Kh\u00f4ng c\u1ea7n san l\u1ea5p m\u1eb7t b\u1eb1ng: T\u1ef1 \u0111\u1ed9ng san l\u1ea5p m\u1eb7t b\u1eb1ng 16 \u0111i\u1ec3m cho l\u1ea7n \u0111\u1ea7u ti\u00ean, kh\u00f4ng kh\u00f3 kh\u0103n v\u00e0 tr\u1edf ng\u1ea1i) l\u00fd t\u01b0\u1edfng cho t\u1ea5t c\u1ea3 m\u1ecdi ng\u01b0\u1eddi ngay c\u1ea3 ng\u01b0\u1eddi m\u1edbi b\u1eaft \u0111\u1ea7u.<br \/>\n_M\u00e1y in \u00eam: Bo m\u1ea1ch ch\u1ee7 32-bit im l\u1eb7ng, chip \u0111i\u1ec1u khi\u1ec3n ATmega2560 v\u00e0 ngu\u1ed3n \u0111i\u1ec7n 24V 350W MeanWell cho ph\u00e9p CR-6 SE n\u00f3ng l\u00ean nhanh ch\u00f3ng v\u00e0 gi\u1ea3m ti\u1ebfng \u1ed3n nh\u1ea5t qu\u00e1n.<br \/>\n_L\u00e0 s\u1ea3n ph\u1ea9m phi\u00ean b\u1ea3n m\u1edbi nh\u1ea5t, CR-6 SE th\u1ef1c s\u1ef1 \u0111\u1ea1t \u0111\u01b0\u1ee3c kh\u1ea3 n\u0103ng in kh\u00f4ng \u1ed3n nh\u1edd b\u1ed9 \u0111i\u1ec1u khi\u1ec3n Trinamic im l\u1eb7ng v\u1edbi chipset STM32F103RET6 v\u00e0 qu\u1ea1t l\u00e0m m\u00e1t kh\u00f4ng \u1ed3n.<br \/>\n_C\u00f3 th\u1ec3 t\u00f9y ch\u1ec9nh, m\u00f4-\u0111un v\u00f2i in: \u0110\u01a1n gi\u1ea3n h\u01a1n trong vi\u1ec7c b\u1ea3o tr\u00ec \u0111\u1ea7u phun. B\u1ea1n c\u00f3 th\u1ec3 t\u00f9y ch\u1ec9nh n\u00f3. T\u1eeb kh\u1ed1i nhi\u1ec7t \u0111\u1ebfn \u0111\u1ea7u v\u00f2i phun, trong s\u1ed1 c\u00e1c b\u1ed9 ph\u1eadn kh\u00e1c, \u0111\u00e2y l\u00e0 m\u1ed9t M\u00e1y in 3D M\u00f4-\u0111un d\u1ec5 b\u1ea3o qu\u1ea3n!<br \/>\n_M\u00e1y \u0111\u00f9n \u0111\u00e1ng tin c\u1eady: V\u1edbi m\u00e1y \u0111\u00f9n nh\u1ecf g\u1ecdn v\u00e0 \u0111\u00e1ng tin c\u1eady, b\u1ea1n bi\u1ebft r\u1eb1ng m\u00e1y \u0111\u00f9n m\u1ecbn h\u01a1n v\u00e0 ngu\u1ed3n c\u1ea5p s\u1ee3i d\u1ec5 d\u00e0ng h\u01a1n cu\u1ed1i c\u00f9ng s\u1ebd t\u1ea1o ra c\u00e1c b\u1ea3n in nhanh h\u01a1n, \u00eam h\u01a1n v\u00e0 m\u01b0\u1ee3t h\u01a1n.<br \/>\n_Tr\u1ea3i nghi\u1ec7m ng\u01b0\u1eddi d\u00f9ng tuy\u1ec7t v\u1eddi: M\u00e0n h\u00ecnh c\u1ea3m \u1ee9ng HD LCD 4,3 inch v\u1edbi giao di\u1ec7n ng\u01b0\u1eddi d\u00f9ng UX tr\u1ef1c quan, C\u1ea3m bi\u1ebfn s\u1ee3i quang \u0111i\u1ec7n v\u00e0 ch\u1ee9c n\u0103ng ti\u1ebfp t\u1ee5c in, nhi\u1ec1u ti\u1ec7n \u00edch b\u1ed5 sung th\u1ef1c t\u1ebf h\u01a1n: B\u1ed9 c\u1ed1 \u0111\u1ecbnh b\u00e0n nhi\u1ec7t (hotbed) linh ho\u1ea1t, gi\u00e1 \u0111\u1ee1 s\u1ee3i nh\u1ef1a c\u00f3 th\u1ec3 g\u1eadp l\u1ea1i,v\u1ecf \u0111\u1ed9ng c\u01a1 b\u01b0\u1edbc, h\u1ed9p c\u00f4ng c\u1ee5&#8230;T\u1ea5t c\u1ea3 nh\u1eefng g\u00ec b\u1ea1n c\u1ea7n \u0111\u1ec1u trong t\u1ea7m tay.<br \/>\n_Nh\u1ecf g\u1ecdn h\u01a1n\uff1aCR-6 SE \u0111\u01b0\u1ee3c thi\u1ebft k\u1ebf v\u1edbi n\u1ec1n t\u1ea3ng r\u1ed9ng h\u01a1n v\u00e0 \u0111\u01b0\u1ee3c trang b\u1ecb tr\u1ee5c Z k\u00e9p k\u1ebft h\u1ee3p v\u1edbi \u0111ai \u0111i\u1ec1u ch\u1ec9nh th\u1eddi gian gi\u00fap gi\u1ea3m chuy\u1ec3n \u0111\u1ed9ng kh\u00f4ng mong mu\u1ed1n v\u00e0 c\u1ea3i thi\u1ec7n k\u1ebft qu\u1ea3 tinh ch\u1ebf.<br \/>\n_ M\u00e1y in 3D Creality CR-6 SE \u0111i k\u00e8m v\u1edbi n\u1ec1n t\u1ea3ng t\u1ea5m l\u00e0m b\u1eb1ng th\u1ee7y tinh carborundum ph\u1eb3ng h\u01a1n nh\u00f4m v\u00e0 cung c\u1ea5p hi\u1ec7u su\u1ea5t nhi\u1ec7t xu\u1ea5t s\u1eafc \u0111\u1ea3m b\u1ea3o l\u00e0m n\u00f3ng nhanh, b\u00e1m d\u00ednh m\u1ea1nh v\u00e0 d\u1ec5 g\u1ee1 c\u00e1c b\u1ea3n in.<br \/>\n_M\u00e1y in 3D di \u0111\u1ed9ng\uff1aCh\u1ec9 n\u1eb7ng 9,2kg v\u00e0 v\u1edbi k\u00edch th\u01b0\u1edbc c\u00f3 th\u1ec3 qu\u1ea3n l\u00fd (442*462*540mm), m\u00e1y in 3d Creality CR-6 SE l\u00e0 m\u1ed9t m\u00e1y in 3D m\u00e0 b\u1ea1n c\u00f3 th\u1ec3 mang theo.<br \/>\n**\u0110\u1eb7c t\u00ednh k\u1ef9 thu\u1eadt<br \/>\n+C\u00f4ng ngh\u1ec7 t\u1ea1o m\u00f4 h\u00ecnh: FDM\uff08L\u1eadp m\u00f4 h\u00ecnh l\u1eafng \u0111\u1ecdng h\u1ee3p nh\u1ea5t\uff09<br \/>\n+K\u00edch th\u01b0\u1edbc in: 235x235x250mm<br \/>\n+\u0110\u1ecbnh d\u1ea1ng t\u1ec7p: STL\/OBJ\/AMF<br \/>\n+Ph\u1ea7n m\u1ec1m: Creality Slicer\/Cura\/Reptier-Host\/Simplify3D<br \/>\n+T\u1ed1c \u0111\u1ed9 in: 80-100mm \/ s<br \/>\n+Ch\u1ee9c n\u0103ng ti\u1ebfp t\u1ee5c in: C\u00f3<br \/>\n+V\u1eadt li\u1ec7u \u0111\u01b0\u1ee3c h\u1ed7 tr\u1ee3: PLA\/TPU\/PETG\/ABS\/WOOD<br \/>\n+File Transfer: USB\/SD card<br \/>\n_CR-6 SE FDM 3D Printer Hardware<br \/>\n+Tr\u1ecdng l\u01b0\u1ee3ng m\u00e1y: 9.5KG<br \/>\n+Bo m\u1ea1ch ch\u1ee7: Bo m\u1ea1ch ch\u1ee7 im l\u1eb7ng<br \/>\n+\u0110i\u1ec7n \u00e1p danh \u0111\u1ecbnh: 100v-240v AC 50 \/ 60HZ<br \/>\n+C\u00f4ng su\u1ea5t danh ngh\u0129a: 350W<br \/>\n+\u0110i\u1ec7n \u00e1p \u0111\u1ea7u ra: DC24V<br \/>\n+Ho\u1ea1t \u0111\u1ed9ng: M\u00e0n h\u00ecnh c\u1ea3m \u1ee9ng m\u00e0u 4.3 inch<br \/>\n+C\u1ea3m bi\u1ebfn s\u1ee3i: C\u1ea3m bi\u1ebfn quang \u0111i\u1ec7n<br \/>\n+K\u00edch th\u01b0\u1edbc m\u00e1y: 442*462*540mm<br \/>\n+Tr\u1ee5c Z: Tr\u1ee5c Z k\u00e9p<br \/>\n+Ng\u00f4n ng\u1eef: Ti\u1ebfng Trung\/Ti\u1ebfng Anh<br \/>\n+Kh\u00f4ng san l\u1ea5p m\u1eb7t b\u1eb1ng: C\u00f3<br \/>\n_Ph\u1ea7n c\u1ee9ng M\u00e1y \u0111\u00f9n M\u00e1y in 3D CR-6 SE FDM<br \/>\n+\u0110\u1ed9 d\u00e0y l\u1edbp: 0,1-0,4mm<br \/>\n+\u0110\u1ed9 ch\u00ednh x\u00e1c v\u1ecb tr\u00ed XY: 0,01mm<br \/>\n+\u0110\u1ed9 ph\u00e2n gi\u1ea3i in: \u00b1 0,1mm<br \/>\n+Nhi\u1ec7t \u0111\u1ed9 v\u00f2i phun: \u2264 260\u2103<br \/>\n+\u0110\u01b0\u1eddng k\u00ednh v\u00f2i phun: 0,4mm (h\u1ed7 tr\u1ee3 nhi\u1ec1u t\u00f9y ch\u1ecdn h\u01a1n)<br \/>\n+Nhi\u1ec7t \u0111\u1ed9 gi\u01b0\u1eddng n\u00f3ng: \u2264110\u2103<\/p>\n<p>**\u0110\u1ec3 \u0111\u01b0\u1ee3c nh\u1eadn h\u1ed9 tr\u1ee3 th\u00eam v\u1ec1 Gi\u00e1 v\u00e0 Th\u00f4ng tin c\u1ee7a s\u1ea3n ph\u1ea9m, vui l\u00f2ng li\u00ean h\u1ec7:<br \/>\n0913.939.775 contact A.Quan (for English)<br \/>\n094.144.0951 contact A.Quynh<br \/>\n**Selling price does not include VAT (+10% if VAT invoice is issued)<\/p>","protected":false},"excerpt":{"rendered":"<p>Creality CR-6 SE industrial 3d printer printing size 235*235*250mm<\/p>","protected":false},"featured_media":1513,"comment_status":"open","ping_status":"closed","template":"","meta":{"inline_featured_image":false},"product_brand":[],"product_cat":[39,51],"product_tag":[],"class_list":{"0":"post-1522","1":"product","2":"type-product","3":"status-publish","4":"has-post-thumbnail","6":"product_cat-may-in-3d","7":"product_cat-may-in-3d-creality","9":"first","10":"instock","11":"taxable","12":"shipping-taxable","13":"purchasable","14":"product-type-variable"},"yoast_head":"<!-- This site is optimized with the Yoast SEO Premium plugin v22.8 (Yoast SEO v26.9) - https:\/\/yoast.com\/product\/yoast-seo-premium-wordpress\/ -->\n<title>M\u00e1y in 3d d\u00f2ng c\u00f4ng nghi\u1ec7p Creality CR-6 SE kh\u1ed5 in 235*235*250mm - NGE 3D Printers Services<\/title>\n<meta name=\"robots\" content=\"index, follow, max-snippet:-1, max-image-preview:large, max-video-preview:-1\" \/>\n<link rel=\"canonical\" href=\"https:\/\/nge.vn\/en\/product\/may-in-3d-dong-cong-nghiep-creality-cr-6-se-kho-in-235235250mm\/\" \/>\n<meta property=\"og:locale\" content=\"en_US\" \/>\n<meta property=\"og:type\" content=\"article\" \/>\n<meta property=\"og:title\" content=\"M\u00e1y in 3d d\u00f2ng c\u00f4ng nghi\u1ec7p Creality CR-6 SE kh\u1ed5 in 235*235*250mm\" \/>\n<meta property=\"og:description\" content=\"M\u00e1y in 3d d\u00f2ng c\u00f4ng nghi\u1ec7p Creality CR-6 SE kh\u1ed5 in 235*235*250mm\" \/>\n<meta property=\"og:url\" content=\"https:\/\/nge.vn\/en\/product\/may-in-3d-dong-cong-nghiep-creality-cr-6-se-kho-in-235235250mm\/\" \/>\n<meta property=\"og:site_name\" content=\"NGE 3D Printers Services\" \/>\n<meta property=\"article:modified_time\" content=\"2024-12-30T11:37:39+00:00\" \/>\n<meta property=\"og:image\" content=\"https:\/\/nge.vn\/wp-content\/uploads\/2024\/10\/images-upload-woo2F3a550fce986492dace5f2a25e5dbbb00.jpg\" \/>\n\t<meta property=\"og:image:width\" content=\"952\" \/>\n\t<meta property=\"og:image:height\" content=\"952\" \/>\n\t<meta property=\"og:image:type\" content=\"image\/jpeg\" \/>\n<meta name=\"twitter:card\" content=\"summary_large_image\" \/>\n<meta name=\"twitter:label1\" content=\"Est. reading time\" \/>\n\t<meta name=\"twitter:data1\" content=\"5 minutes\" \/>\n<script type=\"application\/ld+json\" class=\"yoast-schema-graph\">{\"@context\":\"https:\/\/schema.org\",\"@graph\":[{\"@type\":\"WebPage\",\"@id\":\"https:\/\/nge.vn\/san-pham\/may-in-3d-dong-cong-nghiep-creality-cr-6-se-kho-in-235235250mm\/\",\"url\":\"https:\/\/nge.vn\/san-pham\/may-in-3d-dong-cong-nghiep-creality-cr-6-se-kho-in-235235250mm\/\",\"name\":\"M\u00e1y in 3d d\u00f2ng c\u00f4ng nghi\u1ec7p Creality CR-6 SE kh\u1ed5 in 235*235*250mm - NGE 3D Printers Services\",\"isPartOf\":{\"@id\":\"https:\/\/nge.vn\/#website\"},\"primaryImageOfPage\":{\"@id\":\"https:\/\/nge.vn\/san-pham\/may-in-3d-dong-cong-nghiep-creality-cr-6-se-kho-in-235235250mm\/#primaryimage\"},\"image\":{\"@id\":\"https:\/\/nge.vn\/san-pham\/may-in-3d-dong-cong-nghiep-creality-cr-6-se-kho-in-235235250mm\/#primaryimage\"},\"thumbnailUrl\":\"https:\/\/nge.vn\/wp-content\/uploads\/2024\/10\/images-upload-woo2F3a550fce986492dace5f2a25e5dbbb00.jpg\",\"datePublished\":\"2024-10-25T09:10:14+00:00\",\"dateModified\":\"2024-12-30T11:37:39+00:00\",\"breadcrumb\":{\"@id\":\"https:\/\/nge.vn\/san-pham\/may-in-3d-dong-cong-nghiep-creality-cr-6-se-kho-in-235235250mm\/#breadcrumb\"},\"inLanguage\":\"en-US\",\"potentialAction\":[{\"@type\":\"ReadAction\",\"target\":[\"https:\/\/nge.vn\/san-pham\/may-in-3d-dong-cong-nghiep-creality-cr-6-se-kho-in-235235250mm\/\"]}]},{\"@type\":\"ImageObject\",\"inLanguage\":\"en-US\",\"@id\":\"https:\/\/nge.vn\/san-pham\/may-in-3d-dong-cong-nghiep-creality-cr-6-se-kho-in-235235250mm\/#primaryimage\",\"url\":\"https:\/\/nge.vn\/wp-content\/uploads\/2024\/10\/images-upload-woo2F3a550fce986492dace5f2a25e5dbbb00.jpg\",\"contentUrl\":\"https:\/\/nge.vn\/wp-content\/uploads\/2024\/10\/images-upload-woo2F3a550fce986492dace5f2a25e5dbbb00.jpg\",\"width\":952,\"height\":952},{\"@type\":\"BreadcrumbList\",\"@id\":\"https:\/\/nge.vn\/san-pham\/may-in-3d-dong-cong-nghiep-creality-cr-6-se-kho-in-235235250mm\/#breadcrumb\",\"itemListElement\":[{\"@type\":\"ListItem\",\"position\":1,\"name\":\"Trang ch\u1ee7\",\"item\":\"https:\/\/nge.vn\/\"},{\"@type\":\"ListItem\",\"position\":2,\"name\":\"S\u1ea3n ph\u1ea9m\",\"item\":\"https:\/\/nge.vn\/san-pham\/\"},{\"@type\":\"ListItem\",\"position\":3,\"name\":\"M\u00e1y in 3d d\u00f2ng c\u00f4ng nghi\u1ec7p Creality CR-6 SE kh\u1ed5 in 235*235*250mm\"}]},{\"@type\":\"WebSite\",\"@id\":\"https:\/\/nge.vn\/#website\",\"url\":\"https:\/\/nge.vn\/\",\"name\":\"NGE 3D Printers Services\",\"description\":\"\",\"potentialAction\":[{\"@type\":\"SearchAction\",\"target\":{\"@type\":\"EntryPoint\",\"urlTemplate\":\"https:\/\/nge.vn\/?s={search_term_string}\"},\"query-input\":{\"@type\":\"PropertyValueSpecification\",\"valueRequired\":true,\"valueName\":\"search_term_string\"}}],\"inLanguage\":\"en-US\"}]}<\/script>\n<!-- \/ Yoast SEO Premium plugin. -->","yoast_head_json":{"title":"M\u00e1y in 3d d\u00f2ng c\u00f4ng nghi\u1ec7p Creality CR-6 SE kh\u1ed5 in 235*235*250mm - NGE 3D Printers Services","robots":{"index":"index","follow":"follow","max-snippet":"max-snippet:-1","max-image-preview":"max-image-preview:large","max-video-preview":"max-video-preview:-1"},"canonical":"https:\/\/nge.vn\/en\/product\/may-in-3d-dong-cong-nghiep-creality-cr-6-se-kho-in-235235250mm\/","og_locale":"en_US","og_type":"article","og_title":"M\u00e1y in 3d d\u00f2ng c\u00f4ng nghi\u1ec7p Creality CR-6 SE kh\u1ed5 in 235*235*250mm","og_description":"M\u00e1y in 3d d\u00f2ng c\u00f4ng nghi\u1ec7p Creality CR-6 SE kh\u1ed5 in 235*235*250mm","og_url":"https:\/\/nge.vn\/en\/product\/may-in-3d-dong-cong-nghiep-creality-cr-6-se-kho-in-235235250mm\/","og_site_name":"NGE 3D Printers Services","article_modified_time":"2024-12-30T11:37:39+00:00","og_image":[{"width":952,"height":952,"url":"https:\/\/nge.vn\/wp-content\/uploads\/2024\/10\/images-upload-woo2F3a550fce986492dace5f2a25e5dbbb00.jpg","type":"image\/jpeg"}],"twitter_card":"summary_large_image","twitter_misc":{"Est. reading time":"5 minutes"},"schema":{"@context":"https:\/\/schema.org","@graph":[{"@type":"WebPage","@id":"https:\/\/nge.vn\/san-pham\/may-in-3d-dong-cong-nghiep-creality-cr-6-se-kho-in-235235250mm\/","url":"https:\/\/nge.vn\/san-pham\/may-in-3d-dong-cong-nghiep-creality-cr-6-se-kho-in-235235250mm\/","name":"M\u00e1y in 3d d\u00f2ng c\u00f4ng nghi\u1ec7p Creality CR-6 SE kh\u1ed5 in 235*235*250mm - NGE 3D Printers Services","isPartOf":{"@id":"https:\/\/nge.vn\/#website"},"primaryImageOfPage":{"@id":"https:\/\/nge.vn\/san-pham\/may-in-3d-dong-cong-nghiep-creality-cr-6-se-kho-in-235235250mm\/#primaryimage"},"image":{"@id":"https:\/\/nge.vn\/san-pham\/may-in-3d-dong-cong-nghiep-creality-cr-6-se-kho-in-235235250mm\/#primaryimage"},"thumbnailUrl":"https:\/\/nge.vn\/wp-content\/uploads\/2024\/10\/images-upload-woo2F3a550fce986492dace5f2a25e5dbbb00.jpg","datePublished":"2024-10-25T09:10:14+00:00","dateModified":"2024-12-30T11:37:39+00:00","breadcrumb":{"@id":"https:\/\/nge.vn\/san-pham\/may-in-3d-dong-cong-nghiep-creality-cr-6-se-kho-in-235235250mm\/#breadcrumb"},"inLanguage":"en-US","potentialAction":[{"@type":"ReadAction","target":["https:\/\/nge.vn\/san-pham\/may-in-3d-dong-cong-nghiep-creality-cr-6-se-kho-in-235235250mm\/"]}]},{"@type":"ImageObject","inLanguage":"en-US","@id":"https:\/\/nge.vn\/san-pham\/may-in-3d-dong-cong-nghiep-creality-cr-6-se-kho-in-235235250mm\/#primaryimage","url":"https:\/\/nge.vn\/wp-content\/uploads\/2024\/10\/images-upload-woo2F3a550fce986492dace5f2a25e5dbbb00.jpg","contentUrl":"https:\/\/nge.vn\/wp-content\/uploads\/2024\/10\/images-upload-woo2F3a550fce986492dace5f2a25e5dbbb00.jpg","width":952,"height":952},{"@type":"BreadcrumbList","@id":"https:\/\/nge.vn\/san-pham\/may-in-3d-dong-cong-nghiep-creality-cr-6-se-kho-in-235235250mm\/#breadcrumb","itemListElement":[{"@type":"ListItem","position":1,"name":"Trang ch\u1ee7","item":"https:\/\/nge.vn\/"},{"@type":"ListItem","position":2,"name":"S\u1ea3n ph\u1ea9m","item":"https:\/\/nge.vn\/san-pham\/"},{"@type":"ListItem","position":3,"name":"M\u00e1y in 3d d\u00f2ng c\u00f4ng nghi\u1ec7p Creality CR-6 SE kh\u1ed5 in 235*235*250mm"}]},{"@type":"WebSite","@id":"https:\/\/nge.vn\/#website","url":"https:\/\/nge.vn\/","name":"NGE 3D Printers Services","description":"","potentialAction":[{"@type":"SearchAction","target":{"@type":"EntryPoint","urlTemplate":"https:\/\/nge.vn\/?s={search_term_string}"},"query-input":{"@type":"PropertyValueSpecification","valueRequired":true,"valueName":"search_term_string"}}],"inLanguage":"en-US"}]}},"_links":{"self":[{"href":"https:\/\/nge.vn\/en\/wp-json\/wp\/v2\/product\/1522","targetHints":{"allow":["GET"]}}],"collection":[{"href":"https:\/\/nge.vn\/en\/wp-json\/wp\/v2\/product"}],"about":[{"href":"https:\/\/nge.vn\/en\/wp-json\/wp\/v2\/types\/product"}],"replies":[{"embeddable":true,"href":"https:\/\/nge.vn\/en\/wp-json\/wp\/v2\/comments?post=1522"}],"wp:featuredmedia":[{"embeddable":true,"href":"https:\/\/nge.vn\/en\/wp-json\/wp\/v2\/media\/1513"}],"wp:attachment":[{"href":"https:\/\/nge.vn\/en\/wp-json\/wp\/v2\/media?parent=1522"}],"wp:term":[{"taxonomy":"product_brand","embeddable":true,"href":"https:\/\/nge.vn\/en\/wp-json\/wp\/v2\/product_brand?post=1522"},{"taxonomy":"product_cat","embeddable":true,"href":"https:\/\/nge.vn\/en\/wp-json\/wp\/v2\/product_cat?post=1522"},{"taxonomy":"product_tag","embeddable":true,"href":"https:\/\/nge.vn\/en\/wp-json\/wp\/v2\/product_tag?post=1522"}],"curies":[{"name":"wp","href":"https:\/\/api.w.org\/{rel}","templated":true}]}}