{"id":1501,"date":"2024-10-25T16:04:25","date_gmt":"2024-10-25T09:04:25","guid":{"rendered":"https:\/\/nge.123websitedev.com\/san-pham\/board-dieu-khien-may-in-3d-bigtreetech-manta-m8p-control-board-chay-klipper-voi-cb1-cm4\/"},"modified":"2024-10-28T15:56:22","modified_gmt":"2024-10-28T08:56:22","slug":"board-dieu-khien-may-in-3d-bigtreetech-manta-m8p-control-board-chay-klipper-voi-cb1-cm4","status":"publish","type":"product","link":"https:\/\/nge.vn\/en\/product\/board-dieu-khien-may-in-3d-bigtreetech-manta-m8p-control-board-chay-klipper-voi-cb1-cm4\/","title":{"rendered":"BIGTREETECH Manta M8P 3d printer control board running Klipper with CB1\/CM4"},"content":{"rendered":"<p>_Ghi ch\u00fa:<br \/>\n1.Kh\u00f4ng th\u1ec3 k\u1ebft n\u1ed1i CB1 v\u1edbi m\u00e0n h\u00ecnh PI TFT. C\u1ed5ng DSI\/ CSI s\u1ebd ch\u1ec9 ho\u1ea1t \u0111\u1ed9ng khi s\u1eed d\u1ee5ng CM4.<br \/>\n2.N\u00ean s\u1eed d\u1ee5ng Manta M4P\/ M8P v\u1edbi bo m\u1ea1ch l\u00f5i CB1 ho\u1eb7c CM4 \u0111\u1ec3 ch\u1ea1y Klipper (thay th\u1ebf Raspberry Pi)<\/p>\n<p>1.About the CB1 updating OS image.<br \/>\n+OS image for CB1: https:\/\/github.com\/bigtreetech\/CB1\/releases<br \/>\n+CB1 source: https:\/\/github.com\/bigtreetech\/CB1-Kernel<\/p>\n<p>3.Download<br \/>\n+Manta M8P =&gt; https:\/\/github.com\/bigtreetech\/Manta-M8P<br \/>\n+Marlin =&gt; https:\/\/github.com\/bigtreetech\/marlin\/tree\/Manta<\/p>\n<p>T\u00ednh N\u0103ng Tuy\u1ec7t V\u1eddi<br \/>\n_Chip Ngu\u1ed3n TPS5450-5A<br \/>\n\u0110\u1ea7u ra 5A ph\u00f9 h\u1ee3p v\u1edbi c\u1ea5p ngu\u1ed3n c\u1ee7a Raspberry Pi<\/p>\n<p>_C\u00f3 th\u1ec3 l\u1ef1a ch\u1ecdn 5V, 12V, 24V<br \/>\nT\u01b0\u01a1ng th\u00edch v\u1edbi c\u00e1c lo\u1ea1i qu\u1ea1t CNC kh\u00e1c nhau<\/p>\n<p>_Ba c\u1ed5ng qu\u1ea1t 4 ch\u00e2n<br \/>\n\u0110\u01b0\u1ee3c thi\u1ebft k\u1ebf \u0111\u1ec3 k\u1ebft n\u1ed1i v\u1edbi c\u00e1c thi\u1ebft b\u1ecb t\u1ea3n nhi\u1ec7t n\u01b0\u1edbc<\/p>\n<p>1.K\u1ebft n\u1ed1i c\u1ea3m bi\u1ebfn ph\u00e1t hi\u1ec7n \u0111\u1ee9t s\u1ee3i nh\u1ef1a<br \/>\nN\u1ebfu h\u1ebft s\u1ee3i nh\u1ef1a, c\u1ea3m bi\u1ebfn c\u01a1 h\u1ecdc s\u1ebd thu th\u1eadp th\u00f4ng tin v\u00e0 t\u1ea1m d\u1eebng qu\u00e1 tr\u00ecnh in \u0111\u1ec3 b\u1ea1n c\u00f3 th\u1ec3 ti\u1ebfp t\u1ee5c sau<\/p>\n<p>2.K\u1ebft n\u1ed1i BL-Touch<br \/>\nCung c\u1ea5p cho m\u00e1y in 3D c\u1ee7a b\u1ea1n kh\u1ea3 n\u0103ng tuy\u1ec7t v\u1eddi \u0111\u1ec3 hi\u1ec7u ch\u1ec9nh gi\u01b0\u1eddng c\u00e2n b\u1eb1ng c\u1ee7a ch\u00ednh n\u00f3<\/p>\n<p> 3.K\u1ebft n\u1ed1i M\u00f4-\u0111un T\u1eaft m\u00e1y T\u1ef1 \u0111\u1ed9ng<br \/>\nT\u1ef1 \u0111\u1ed9ng t\u1eaft sau khi in xong \u0111\u1ec3 ti\u1ebft ki\u1ec7m \u0111i\u1ec7n<\/p>\n<p>4.K\u1ebft n\u1ed1i d\u1ea3i \u0111\u00e8n RGB<br \/>\nL\u00e0m cho m\u00e1y in 3D c\u1ee7a b\u1ea1n tr\u1edf n\u00ean m\u00e1t m\u1ebb v\u00e0 kh\u00e1c bi\u1ec7t v\u1edbi \u00e1nh s\u00e1ng Neopixel RGB.<\/p>\n<p>1.K\u1ebft n\u1ed1i M\u00e0n h\u00ecnh c\u1ea3m \u1ee9ng SPI<\/p>\n<p>2.C\u1ed5ng hi\u1ec3n th\u1ecb DSI c\u1ee7a camera CSI<br \/>\nL\u00e0m vi\u1ec7c v\u1edbi m\u00e1y \u1ea3nh CSI \u0111\u1ec3 ghi l\u1ea1i tr\u00ed t\u01b0\u1edfng t\u01b0\u1ee3ng c\u1ee7a b\u1ea1n. L\u00e0m vi\u1ec7c v\u1edbi m\u00e0n h\u00ecnh DSI cho c\u00e1c d\u1ef1 \u00e1n t\u01b0\u01a1ng t\u00e1c nh\u01b0 b\u1ea3ng, h\u1ec7 th\u1ed1ng gi\u1ea3i tr\u00ed..<\/p>\n<p>*C\u1ed5ng DSI\/ CSI s\u1ebd ch\u1ec9 ho\u1ea1t \u0111\u1ed9ng khi s\u1eed d\u1ee5ng CM4 M8P\/M4P+CB1 c\u00f3 th\u1ec3 h\u1ed7 tr\u1ee3 s\u1eed d\u1ee5ng camera USB<\/p>\n<p>_K\u1ebft n\u1ed1i m\u00e1y \u1ea3nh USB C\u1eafm v\u00e0 ch\u1ea1y<br \/>\nGi\u00e1m s\u00e1t c\u00e1c d\u1ef1 \u00e1n in 3d c\u1ee7a b\u1ea1n kh\u00f4ng d\u00e2y<\/p>\n<p>***Nhi\u1ec1u t\u00ednh n\u0103ng b\u1ea1n kh\u00f4ng n\u00ean b\u1ecf l\u1ee1<br \/>\n+Chip b\u1ea3o v\u1ec7 ESD<br \/>\n+M\u1ea1ch b\u1ea3o v\u1ec7.<br \/>\n+MCU c\u00f3 th\u1ec3 \u0111\u01b0\u1ee3c n\u00e2ng c\u1ea5p th\u00f4ng qua th\u1ebb SD.<br \/>\n+H\u1ed7 tr\u1ee3 ch\u1ebf \u0111\u1ed9 l\u00e0m vi\u1ec7c c\u1ee7a driver: SPI, UART, STEP\/DIR<br \/>\n+Ch\u00e2n ch\u1ee9c n\u0103ng DIAG tr\u00ean bo m\u1ea1ch.<br \/>\n+S\u1eed d\u1ee5ng c\u1ea7u ch\u00ec c\u00f3 th\u1ec3 thay th\u1ebf \u0111\u1ec3 thay th\u1ebf d\u1ec5 d\u00e0ng.<br \/>\n+MOSFET hi\u1ec7u su\u1ea5t cao \u00edt sinh nhi\u1ec7t.<br \/>\n+H\u1ed7 tr\u1ee3 t\u1ea5t c\u1ea3 c\u00e1c phi\u00ean b\u1ea3n m\u00e0n h\u00ecnh SPI\/LCD c\u1ee7a BIGTREETECH.<\/p>\n<p>Manta M8P<br \/>\n+Microprocessor: ARM Cortex-M0+ STM32GOBIVET6 64MHz<br \/>\n+Driver input Voltage: 24V, HV(Selectable)<br \/>\n+Motherboard Input Voltage: VIN=DC12V or DC24V<br \/>\n+Heated Bed Input Voltage: BED IN=DC12V or DC24V<br \/>\n+Logic Voltage: DC3.3V<br \/>\n+Heating Port: Heated Bed(HB), Heater Cartridge(HEO, HE1, HE2, HE3)<br \/>\n+The maximum output current of the heated bed port: 10A, Peak Value: 12A<br \/>\n+The maximum output current of the heater cartridge port: 5.5A, Peak Value: 6A<br \/>\n+Fan port: 2-pin CNC Fan (FAN0, FAN1, FAN2, FAN3), 4-pin CNC Fan (FAN4, FAN5, FAN6), Always-on Fan (24V FAN x 2), among which the CNC Fan voltages are 5V, 12V, 24V Selectable<br \/>\n+The maximum output current of the fan port: 1A, Peak Value: 1.5A<br \/>\n+Total current for heater cartridge + driver + fan: &lt;12A<br \/>\n+Extended interface: BLTouch(Servos, Probe), PS-ON, Fil-DET, RGBx2, SPI<br \/>\n+Motor Driver: Support TMC5160, TMC2209, TMC2225, TMC2226, TMC2208, TMC2130, ST820, LV8729, DRV8825, A4988&#8230;<br \/>\n+Driver working mode support: SPI, UART, STEP\/DIR<\/p>\n<p>**Gi\u00e1 ch\u01b0a bao g\u1ed3m VAT (+10% n\u1ebfu xu\u1ea5t ho\u00e1 \u0111\u01a1n GTGT)<br \/>\n094.144.0951 g\u1eb7p Qu\u1ef3nh<\/p>","protected":false},"excerpt":{"rendered":"<p>BIGTREETECH Manta M8P 3d printer control board running Klipper with CB1\/CM4<\/p>","protected":false},"featured_media":1492,"comment_status":"open","ping_status":"closed","template":"","meta":{"inline_featured_image":false},"product_brand":[],"product_cat":[40,39,49,58],"product_tag":[],"class_list":{"0":"post-1501","1":"product","2":"type-product","3":"status-publish","4":"has-post-thumbnail","6":"product_cat-linh-kien-va-phu-kien","7":"product_cat-may-in-3d","8":"product_cat-may-in-3d-biqu","9":"product_cat-phu-kien-may-in-3d-bigtreetech","11":"first","12":"instock","13":"taxable","14":"shipping-taxable","15":"purchasable","16":"product-type-simple"},"yoast_head":"<!-- This site is optimized with the Yoast SEO Premium plugin v22.8 (Yoast SEO v26.9) - https:\/\/yoast.com\/product\/yoast-seo-premium-wordpress\/ -->\n<title>Board \u0111i\u1ec1u khi\u1ec3n m\u00e1y in 3d BIGTREETECH Manta M8P Control Board ch\u1ea1y Klipper v\u1edbi CB1\/CM4 - NGE 3D Printers Services<\/title>\n<meta name=\"robots\" content=\"index, follow, max-snippet:-1, max-image-preview:large, max-video-preview:-1\" \/>\n<link rel=\"canonical\" href=\"https:\/\/nge.vn\/en\/product\/board-dieu-khien-may-in-3d-bigtreetech-manta-m8p-control-board-chay-klipper-voi-cb1-cm4\/\" \/>\n<meta property=\"og:locale\" content=\"en_US\" \/>\n<meta property=\"og:type\" content=\"article\" \/>\n<meta property=\"og:title\" content=\"Board \u0111i\u1ec1u khi\u1ec3n m\u00e1y in 3d BIGTREETECH Manta M8P Control Board ch\u1ea1y Klipper v\u1edbi CB1\/CM4\" \/>\n<meta property=\"og:description\" content=\"Board \u0111i\u1ec1u khi\u1ec3n m\u00e1y in 3d BIGTREETECH Manta M8P Control Board ch\u1ea1y Klipper v\u1edbi CB1\/CM4\" \/>\n<meta property=\"og:url\" content=\"https:\/\/nge.vn\/en\/product\/board-dieu-khien-may-in-3d-bigtreetech-manta-m8p-control-board-chay-klipper-voi-cb1-cm4\/\" \/>\n<meta property=\"og:site_name\" content=\"NGE 3D Printers Services\" \/>\n<meta property=\"article:modified_time\" content=\"2024-10-28T08:56:22+00:00\" \/>\n<meta property=\"og:image\" content=\"https:\/\/nge.vn\/wp-content\/uploads\/2024\/10\/images-upload-woo2Fd3180e26447ee692446c0408613e048f.jpg\" \/>\n\t<meta property=\"og:image:width\" content=\"492\" \/>\n\t<meta property=\"og:image:height\" content=\"492\" \/>\n\t<meta property=\"og:image:type\" content=\"image\/jpeg\" \/>\n<meta name=\"twitter:card\" content=\"summary_large_image\" \/>\n<meta name=\"twitter:label1\" content=\"Est. reading time\" \/>\n\t<meta name=\"twitter:data1\" content=\"4 minutes\" \/>\n<script type=\"application\/ld+json\" class=\"yoast-schema-graph\">{\"@context\":\"https:\/\/schema.org\",\"@graph\":[{\"@type\":\"WebPage\",\"@id\":\"https:\/\/nge.vn\/san-pham\/board-dieu-khien-may-in-3d-bigtreetech-manta-m8p-control-board-chay-klipper-voi-cb1-cm4\/\",\"url\":\"https:\/\/nge.vn\/san-pham\/board-dieu-khien-may-in-3d-bigtreetech-manta-m8p-control-board-chay-klipper-voi-cb1-cm4\/\",\"name\":\"Board \u0111i\u1ec1u khi\u1ec3n m\u00e1y in 3d BIGTREETECH Manta M8P Control Board ch\u1ea1y Klipper v\u1edbi CB1\/CM4 - NGE 3D Printers Services\",\"isPartOf\":{\"@id\":\"https:\/\/nge.vn\/#website\"},\"primaryImageOfPage\":{\"@id\":\"https:\/\/nge.vn\/san-pham\/board-dieu-khien-may-in-3d-bigtreetech-manta-m8p-control-board-chay-klipper-voi-cb1-cm4\/#primaryimage\"},\"image\":{\"@id\":\"https:\/\/nge.vn\/san-pham\/board-dieu-khien-may-in-3d-bigtreetech-manta-m8p-control-board-chay-klipper-voi-cb1-cm4\/#primaryimage\"},\"thumbnailUrl\":\"https:\/\/nge.vn\/wp-content\/uploads\/2024\/10\/images-upload-woo2Fd3180e26447ee692446c0408613e048f.jpg\",\"datePublished\":\"2024-10-25T09:04:25+00:00\",\"dateModified\":\"2024-10-28T08:56:22+00:00\",\"breadcrumb\":{\"@id\":\"https:\/\/nge.vn\/san-pham\/board-dieu-khien-may-in-3d-bigtreetech-manta-m8p-control-board-chay-klipper-voi-cb1-cm4\/#breadcrumb\"},\"inLanguage\":\"en-US\",\"potentialAction\":[{\"@type\":\"ReadAction\",\"target\":[\"https:\/\/nge.vn\/san-pham\/board-dieu-khien-may-in-3d-bigtreetech-manta-m8p-control-board-chay-klipper-voi-cb1-cm4\/\"]}]},{\"@type\":\"ImageObject\",\"inLanguage\":\"en-US\",\"@id\":\"https:\/\/nge.vn\/san-pham\/board-dieu-khien-may-in-3d-bigtreetech-manta-m8p-control-board-chay-klipper-voi-cb1-cm4\/#primaryimage\",\"url\":\"https:\/\/nge.vn\/wp-content\/uploads\/2024\/10\/images-upload-woo2Fd3180e26447ee692446c0408613e048f.jpg\",\"contentUrl\":\"https:\/\/nge.vn\/wp-content\/uploads\/2024\/10\/images-upload-woo2Fd3180e26447ee692446c0408613e048f.jpg\",\"width\":492,\"height\":492},{\"@type\":\"BreadcrumbList\",\"@id\":\"https:\/\/nge.vn\/san-pham\/board-dieu-khien-may-in-3d-bigtreetech-manta-m8p-control-board-chay-klipper-voi-cb1-cm4\/#breadcrumb\",\"itemListElement\":[{\"@type\":\"ListItem\",\"position\":1,\"name\":\"Trang ch\u1ee7\",\"item\":\"https:\/\/nge.vn\/\"},{\"@type\":\"ListItem\",\"position\":2,\"name\":\"S\u1ea3n ph\u1ea9m\",\"item\":\"https:\/\/nge.vn\/san-pham\/\"},{\"@type\":\"ListItem\",\"position\":3,\"name\":\"Board \u0111i\u1ec1u khi\u1ec3n m\u00e1y in 3d BIGTREETECH Manta M8P Control Board ch\u1ea1y Klipper v\u1edbi CB1\/CM4\"}]},{\"@type\":\"WebSite\",\"@id\":\"https:\/\/nge.vn\/#website\",\"url\":\"https:\/\/nge.vn\/\",\"name\":\"NGE 3D Printers Services\",\"description\":\"\",\"potentialAction\":[{\"@type\":\"SearchAction\",\"target\":{\"@type\":\"EntryPoint\",\"urlTemplate\":\"https:\/\/nge.vn\/?s={search_term_string}\"},\"query-input\":{\"@type\":\"PropertyValueSpecification\",\"valueRequired\":true,\"valueName\":\"search_term_string\"}}],\"inLanguage\":\"en-US\"}]}<\/script>\n<!-- \/ Yoast SEO Premium plugin. -->","yoast_head_json":{"title":"Board \u0111i\u1ec1u khi\u1ec3n m\u00e1y in 3d BIGTREETECH Manta M8P Control Board ch\u1ea1y Klipper v\u1edbi CB1\/CM4 - NGE 3D Printers Services","robots":{"index":"index","follow":"follow","max-snippet":"max-snippet:-1","max-image-preview":"max-image-preview:large","max-video-preview":"max-video-preview:-1"},"canonical":"https:\/\/nge.vn\/en\/product\/board-dieu-khien-may-in-3d-bigtreetech-manta-m8p-control-board-chay-klipper-voi-cb1-cm4\/","og_locale":"en_US","og_type":"article","og_title":"Board \u0111i\u1ec1u khi\u1ec3n m\u00e1y in 3d BIGTREETECH Manta M8P Control Board ch\u1ea1y Klipper v\u1edbi CB1\/CM4","og_description":"Board \u0111i\u1ec1u khi\u1ec3n m\u00e1y in 3d BIGTREETECH Manta M8P Control Board ch\u1ea1y Klipper v\u1edbi CB1\/CM4","og_url":"https:\/\/nge.vn\/en\/product\/board-dieu-khien-may-in-3d-bigtreetech-manta-m8p-control-board-chay-klipper-voi-cb1-cm4\/","og_site_name":"NGE 3D Printers Services","article_modified_time":"2024-10-28T08:56:22+00:00","og_image":[{"width":492,"height":492,"url":"https:\/\/nge.vn\/wp-content\/uploads\/2024\/10\/images-upload-woo2Fd3180e26447ee692446c0408613e048f.jpg","type":"image\/jpeg"}],"twitter_card":"summary_large_image","twitter_misc":{"Est. reading time":"4 minutes"},"schema":{"@context":"https:\/\/schema.org","@graph":[{"@type":"WebPage","@id":"https:\/\/nge.vn\/san-pham\/board-dieu-khien-may-in-3d-bigtreetech-manta-m8p-control-board-chay-klipper-voi-cb1-cm4\/","url":"https:\/\/nge.vn\/san-pham\/board-dieu-khien-may-in-3d-bigtreetech-manta-m8p-control-board-chay-klipper-voi-cb1-cm4\/","name":"Board \u0111i\u1ec1u khi\u1ec3n m\u00e1y in 3d BIGTREETECH Manta M8P Control Board ch\u1ea1y Klipper v\u1edbi CB1\/CM4 - NGE 3D Printers Services","isPartOf":{"@id":"https:\/\/nge.vn\/#website"},"primaryImageOfPage":{"@id":"https:\/\/nge.vn\/san-pham\/board-dieu-khien-may-in-3d-bigtreetech-manta-m8p-control-board-chay-klipper-voi-cb1-cm4\/#primaryimage"},"image":{"@id":"https:\/\/nge.vn\/san-pham\/board-dieu-khien-may-in-3d-bigtreetech-manta-m8p-control-board-chay-klipper-voi-cb1-cm4\/#primaryimage"},"thumbnailUrl":"https:\/\/nge.vn\/wp-content\/uploads\/2024\/10\/images-upload-woo2Fd3180e26447ee692446c0408613e048f.jpg","datePublished":"2024-10-25T09:04:25+00:00","dateModified":"2024-10-28T08:56:22+00:00","breadcrumb":{"@id":"https:\/\/nge.vn\/san-pham\/board-dieu-khien-may-in-3d-bigtreetech-manta-m8p-control-board-chay-klipper-voi-cb1-cm4\/#breadcrumb"},"inLanguage":"en-US","potentialAction":[{"@type":"ReadAction","target":["https:\/\/nge.vn\/san-pham\/board-dieu-khien-may-in-3d-bigtreetech-manta-m8p-control-board-chay-klipper-voi-cb1-cm4\/"]}]},{"@type":"ImageObject","inLanguage":"en-US","@id":"https:\/\/nge.vn\/san-pham\/board-dieu-khien-may-in-3d-bigtreetech-manta-m8p-control-board-chay-klipper-voi-cb1-cm4\/#primaryimage","url":"https:\/\/nge.vn\/wp-content\/uploads\/2024\/10\/images-upload-woo2Fd3180e26447ee692446c0408613e048f.jpg","contentUrl":"https:\/\/nge.vn\/wp-content\/uploads\/2024\/10\/images-upload-woo2Fd3180e26447ee692446c0408613e048f.jpg","width":492,"height":492},{"@type":"BreadcrumbList","@id":"https:\/\/nge.vn\/san-pham\/board-dieu-khien-may-in-3d-bigtreetech-manta-m8p-control-board-chay-klipper-voi-cb1-cm4\/#breadcrumb","itemListElement":[{"@type":"ListItem","position":1,"name":"Trang ch\u1ee7","item":"https:\/\/nge.vn\/"},{"@type":"ListItem","position":2,"name":"S\u1ea3n ph\u1ea9m","item":"https:\/\/nge.vn\/san-pham\/"},{"@type":"ListItem","position":3,"name":"Board \u0111i\u1ec1u khi\u1ec3n m\u00e1y in 3d BIGTREETECH Manta M8P Control Board ch\u1ea1y Klipper v\u1edbi CB1\/CM4"}]},{"@type":"WebSite","@id":"https:\/\/nge.vn\/#website","url":"https:\/\/nge.vn\/","name":"NGE 3D Printers Services","description":"","potentialAction":[{"@type":"SearchAction","target":{"@type":"EntryPoint","urlTemplate":"https:\/\/nge.vn\/?s={search_term_string}"},"query-input":{"@type":"PropertyValueSpecification","valueRequired":true,"valueName":"search_term_string"}}],"inLanguage":"en-US"}]}},"_links":{"self":[{"href":"https:\/\/nge.vn\/en\/wp-json\/wp\/v2\/product\/1501","targetHints":{"allow":["GET"]}}],"collection":[{"href":"https:\/\/nge.vn\/en\/wp-json\/wp\/v2\/product"}],"about":[{"href":"https:\/\/nge.vn\/en\/wp-json\/wp\/v2\/types\/product"}],"replies":[{"embeddable":true,"href":"https:\/\/nge.vn\/en\/wp-json\/wp\/v2\/comments?post=1501"}],"wp:featuredmedia":[{"embeddable":true,"href":"https:\/\/nge.vn\/en\/wp-json\/wp\/v2\/media\/1492"}],"wp:attachment":[{"href":"https:\/\/nge.vn\/en\/wp-json\/wp\/v2\/media?parent=1501"}],"wp:term":[{"taxonomy":"product_brand","embeddable":true,"href":"https:\/\/nge.vn\/en\/wp-json\/wp\/v2\/product_brand?post=1501"},{"taxonomy":"product_cat","embeddable":true,"href":"https:\/\/nge.vn\/en\/wp-json\/wp\/v2\/product_cat?post=1501"},{"taxonomy":"product_tag","embeddable":true,"href":"https:\/\/nge.vn\/en\/wp-json\/wp\/v2\/product_tag?post=1501"}],"curies":[{"name":"wp","href":"https:\/\/api.w.org\/{rel}","templated":true}]}}