{"id":1475,"date":"2024-10-25T16:01:40","date_gmt":"2024-10-25T09:01:40","guid":{"rendered":"https:\/\/nge.123websitedev.com\/san-pham\/nhua-in-3d-esun-epla-gloss-cao-cap-1kg-cuon\/"},"modified":"2024-10-28T14:44:01","modified_gmt":"2024-10-28T07:44:01","slug":"nhua-in-3d-esun-epla-gloss-cao-cap-1kg-cuon","status":"publish","type":"product","link":"https:\/\/nge.vn\/en\/product\/nhua-in-3d-esun-epla-gloss-cao-cap-1kg-cuon\/","title":{"rendered":"Nh\u1ef1a in 3d eSun ePLA-Gloss cao c\u1ea5p 1kg\/Cu\u1ed9n"},"content":{"rendered":"<p>Nh\u1ef1a in 3d eSun ePLA-Gloss cao c\u1ea5p 1kg\/Cu\u1ed9n<br \/>\n_ePLA l\u00e0 v\u1eadt li\u1ec7u PLA c\u00f3 hi\u1ec7u qu\u1ea3 cao chi ph\u00ed th\u1ea5p, th\u00e2n thi\u1ec7n v\u1edbi m\u00f4i tr\u01b0\u1eddng, d\u1ec5 in.<br \/>\n_So v\u1edbi ABS, ePLA c\u00f3 \u0111\u1ed9 c\u1ee9ng v\u00e0 \u0111\u1ed9 b\u1ec1n cao h\u01a1n t\u01b0\u01a1ng t\u1ef1 nh\u01b0 PC, kh\u00f4ng c\u1ea7n \u0111\u00f3ng khoang k\u00edn, t\u1ef7 l\u1ec7 co r\u00fat th\u1ea5p, kh\u00f4ng cong v\u00eanh, kh\u00f4ng n\u1ee9t, v\u00e0 c\u00f3 th\u1ec3 in m\u00f4 h\u00ecnh k\u00edch th\u01b0\u1edbc l\u1edbn;<br \/>\n_So v\u1edbi c\u00e1c v\u1eadt li\u1ec7u kh\u00e1c, support (gi\u00e1 \u0111\u1ee1) d\u1ec5 d\u00e0ng th\u00e1o ra kh\u1ecfi m\u00f4 h\u00ecnh h\u01a1n, v\u00e0 b\u1ec1 m\u1eb7t c\u1ee7a m\u00f4 h\u00ecnh in nh\u1eb5n v\u00e0 ph\u1eb3ng;<br \/>\n_Kh\u00f4ng c\u00f3 m\u00f9i h\u0103ng khi in, an to\u00e0n v\u00e0 th\u00e2n thi\u1ec7n v\u1edbi m\u00f4i tr\u01b0\u1eddng;<br \/>\n_\u1ed0ng cu\u1ed9n nh\u1ef1a \u0111\u01b0\u1ee3c l\u00e0m b\u1eb1ng nh\u1ef1a \u00e9p d\u1ef1a tr\u00ean ch\u1ea5t th\u1ea3i s\u1ea3n xu\u1ea5t v\u00e0 ch\u1ea5t th\u1ea3i c\u00f4ng nghi\u1ec7p nh\u01b0 PETG, ABS v\u00e0 PLA.<br \/>\n_H\u1ed9p b\u00ean ngo\u00e0i \u0111\u01b0\u1ee3c l\u00e0m b\u1eb1ng h\u1ed9p gi\u1ea5y c\u00f3 th\u1ec3 t\u00e1i ch\u1ebf.<br \/>\n_Kh\u00e1i ni\u1ec7m th\u00e2n thi\u1ec7n v\u1edbi m\u00f4i tr\u01b0\u1eddng l\u00e0m cho in 3D b\u1ec1n v\u1eefng h\u01a1n.<br \/>\n_B\u1ec1 m\u1eb7t b\u00f3ng v\u00e0 m\u1ecbn;<br \/>\n_D\u00e2y t\u00f3c kh\u00f3 \u0111\u1ee9t, in th\u1eddi gian d\u00e0i m\u01b0\u1ee3t m\u00e0 kh\u00f4ng c\u1ea7n ph\u00edch c\u1eafm, c\u00f3 th\u1ec3 d\u00f9ng cho m\u00f4 h\u00ecnh \u00fd t\u01b0\u1edfng, t\u1ea1o m\u1eabu nhanh.<\/p>\n<p>+Xanh v\u00e0 th\u00e2n thi\u1ec7n v\u1edbi m\u00f4i tr\u01b0\u1eddng<br \/>\n+Chi ph\u00ed th\u1ea5p hi\u1ec7u qu\u1ea3 cao<br \/>\n+In t\u1ed1c \u0111\u1ed9 cao<br \/>\n+Support d\u1ec5 d\u00e0ng th\u00e1o g\u1ee1<br \/>\n+D\u1ec5 in<br \/>\n+Kh\u00f3 c\u00f3 th\u1ec3 ph\u00e1 v\u1ee1<br \/>\n+B\u1ec1 ngo\u00e0i s\u00e1ng b\u00f3ng<\/p>\n<p>_B\u1ea3ng thu\u1ed9c t\u00ednh s\u1ee3i nh\u1ef1a:<br \/>\n+3D PRINTING FILAMENT ePLA-Gloss<br \/>\n+Density(g\/cm3) 1.26<br \/>\n+Heat Distortion Temp(\u2103,0.45MPa) 56.70<br \/>\n+Melt Flow Index(g\/10min) 3.3(190\u2103\/2.16kg)<br \/>\n+Tensile Strength(MPa) 64.51<br \/>\n+Elongation at Break(%) 31.54<br \/>\n+Flexural Strength(MPa) 68.99<br \/>\n+Flexural Modulus(MPa) 1514.78<br \/>\n+IZOD Impact Strength(kJ\/\u33a1) 7.9<br \/>\n+Durability 4\/10<br \/>\n+Printability 9\/10<\/p>\n<p>_C\u00e1c th\u00f4ng s\u1ed1 in \u0111\u1ec1 xu\u1ea5t<br \/>\n+Extruder Temperature(\u2103) 190 \u2013 230\u2103<br \/>\n+Recommended temperature\uff1a210\u2103<br \/>\n+Bed temperature(\u2103) 60\u00b0C<br \/>\n+Fan Speed 100%<br \/>\n+Printing Speed 40 \u2013 100mm\/s<br \/>\n+Heated Bed Optional<br \/>\n+Recommended Build Surfaces Masking paper, PVP solid glue, PEI<\/p>\n<p>**\u0110\u1ec3 \u0111\u01b0\u1ee3c nh\u1eadn h\u1ed9 tr\u1ee3 th\u00eam v\u1ec1 Gi\u00e1 v\u00e0 Th\u00f4ng tin c\u1ee7a s\u1ea3n ph\u1ea9m, vui l\u00f2ng li\u00ean h\u1ec7:<br \/>\n0913.939.775 g\u1eb7p A. Qu\u00e2n (for English)<br \/>\n094.144.0951 contact A.Quynh<br \/>\n**Selling price does not include VAT (+10% if VAT invoice is issued)<\/p>","protected":false},"excerpt":{"rendered":"<p>Nh\u1ef1a in 3d eSun ePLA-Gloss cao c\u1ea5p 1kg\/Cu\u1ed9n<\/p>","protected":false},"featured_media":1466,"comment_status":"open","ping_status":"closed","template":"","meta":{"inline_featured_image":false},"product_brand":[],"product_cat":[43],"product_tag":[],"class_list":{"0":"post-1475","1":"product","2":"type-product","3":"status-publish","4":"has-post-thumbnail","6":"product_cat-nhua-in-3d-resin","8":"first","9":"instock","10":"taxable","11":"shipping-taxable","12":"purchasable","13":"product-type-variable"},"yoast_head":"<!-- This site is optimized with the Yoast SEO Premium plugin v22.8 (Yoast SEO v26.9) - https:\/\/yoast.com\/product\/yoast-seo-premium-wordpress\/ -->\n<title>Nh\u1ef1a in 3d eSun ePLA-Gloss cao c\u1ea5p 1kg\/Cu\u1ed9n - NGE 3D Printers Services<\/title>\n<meta name=\"robots\" content=\"index, follow, max-snippet:-1, max-image-preview:large, max-video-preview:-1\" \/>\n<link rel=\"canonical\" href=\"https:\/\/nge.vn\/en\/product\/nhua-in-3d-esun-epla-gloss-cao-cap-1kg-cuon\/\" \/>\n<meta property=\"og:locale\" content=\"en_US\" \/>\n<meta property=\"og:type\" content=\"article\" \/>\n<meta property=\"og:title\" content=\"Nh\u1ef1a in 3d eSun ePLA-Gloss cao c\u1ea5p 1kg\/Cu\u1ed9n\" \/>\n<meta property=\"og:description\" content=\"Nh\u1ef1a in 3d eSun ePLA-Gloss cao c\u1ea5p 1kg\/Cu\u1ed9n\" \/>\n<meta property=\"og:url\" content=\"https:\/\/nge.vn\/en\/product\/nhua-in-3d-esun-epla-gloss-cao-cap-1kg-cuon\/\" \/>\n<meta property=\"og:site_name\" content=\"NGE 3D Printers Services\" \/>\n<meta property=\"article:modified_time\" content=\"2024-10-28T07:44:01+00:00\" \/>\n<meta property=\"og:image\" content=\"https:\/\/nge.vn\/wp-content\/uploads\/2024\/10\/images-upload-woo2F3bcfa2686a6f5e454ad294bc13f42b12.jpg\" \/>\n\t<meta property=\"og:image:width\" content=\"922\" \/>\n\t<meta property=\"og:image:height\" content=\"922\" \/>\n\t<meta property=\"og:image:type\" content=\"image\/jpeg\" \/>\n<meta name=\"twitter:card\" content=\"summary_large_image\" \/>\n<meta name=\"twitter:label1\" content=\"Est. reading time\" \/>\n\t<meta name=\"twitter:data1\" content=\"2 minutes\" \/>\n<script type=\"application\/ld+json\" class=\"yoast-schema-graph\">{\"@context\":\"https:\/\/schema.org\",\"@graph\":[{\"@type\":\"WebPage\",\"@id\":\"https:\/\/nge.vn\/san-pham\/nhua-in-3d-esun-epla-gloss-cao-cap-1kg-cuon\/\",\"url\":\"https:\/\/nge.vn\/san-pham\/nhua-in-3d-esun-epla-gloss-cao-cap-1kg-cuon\/\",\"name\":\"Nh\u1ef1a in 3d eSun ePLA-Gloss cao c\u1ea5p 1kg\/Cu\u1ed9n - NGE 3D Printers Services\",\"isPartOf\":{\"@id\":\"https:\/\/nge.vn\/#website\"},\"primaryImageOfPage\":{\"@id\":\"https:\/\/nge.vn\/san-pham\/nhua-in-3d-esun-epla-gloss-cao-cap-1kg-cuon\/#primaryimage\"},\"image\":{\"@id\":\"https:\/\/nge.vn\/san-pham\/nhua-in-3d-esun-epla-gloss-cao-cap-1kg-cuon\/#primaryimage\"},\"thumbnailUrl\":\"https:\/\/nge.vn\/wp-content\/uploads\/2024\/10\/images-upload-woo2F3bcfa2686a6f5e454ad294bc13f42b12.jpg\",\"datePublished\":\"2024-10-25T09:01:40+00:00\",\"dateModified\":\"2024-10-28T07:44:01+00:00\",\"breadcrumb\":{\"@id\":\"https:\/\/nge.vn\/san-pham\/nhua-in-3d-esun-epla-gloss-cao-cap-1kg-cuon\/#breadcrumb\"},\"inLanguage\":\"en-US\",\"potentialAction\":[{\"@type\":\"ReadAction\",\"target\":[\"https:\/\/nge.vn\/san-pham\/nhua-in-3d-esun-epla-gloss-cao-cap-1kg-cuon\/\"]}]},{\"@type\":\"ImageObject\",\"inLanguage\":\"en-US\",\"@id\":\"https:\/\/nge.vn\/san-pham\/nhua-in-3d-esun-epla-gloss-cao-cap-1kg-cuon\/#primaryimage\",\"url\":\"https:\/\/nge.vn\/wp-content\/uploads\/2024\/10\/images-upload-woo2F3bcfa2686a6f5e454ad294bc13f42b12.jpg\",\"contentUrl\":\"https:\/\/nge.vn\/wp-content\/uploads\/2024\/10\/images-upload-woo2F3bcfa2686a6f5e454ad294bc13f42b12.jpg\",\"width\":922,\"height\":922},{\"@type\":\"BreadcrumbList\",\"@id\":\"https:\/\/nge.vn\/san-pham\/nhua-in-3d-esun-epla-gloss-cao-cap-1kg-cuon\/#breadcrumb\",\"itemListElement\":[{\"@type\":\"ListItem\",\"position\":1,\"name\":\"Trang ch\u1ee7\",\"item\":\"https:\/\/nge.vn\/\"},{\"@type\":\"ListItem\",\"position\":2,\"name\":\"S\u1ea3n ph\u1ea9m\",\"item\":\"https:\/\/nge.vn\/san-pham\/\"},{\"@type\":\"ListItem\",\"position\":3,\"name\":\"Nh\u1ef1a in 3d eSun ePLA-Gloss cao c\u1ea5p 1kg\/Cu\u1ed9n\"}]},{\"@type\":\"WebSite\",\"@id\":\"https:\/\/nge.vn\/#website\",\"url\":\"https:\/\/nge.vn\/\",\"name\":\"NGE 3D Printers Services\",\"description\":\"\",\"potentialAction\":[{\"@type\":\"SearchAction\",\"target\":{\"@type\":\"EntryPoint\",\"urlTemplate\":\"https:\/\/nge.vn\/?s={search_term_string}\"},\"query-input\":{\"@type\":\"PropertyValueSpecification\",\"valueRequired\":true,\"valueName\":\"search_term_string\"}}],\"inLanguage\":\"en-US\"}]}<\/script>\n<!-- \/ Yoast SEO Premium plugin. -->","yoast_head_json":{"title":"Nh\u1ef1a in 3d eSun ePLA-Gloss cao c\u1ea5p 1kg\/Cu\u1ed9n - NGE 3D Printers Services","robots":{"index":"index","follow":"follow","max-snippet":"max-snippet:-1","max-image-preview":"max-image-preview:large","max-video-preview":"max-video-preview:-1"},"canonical":"https:\/\/nge.vn\/en\/product\/nhua-in-3d-esun-epla-gloss-cao-cap-1kg-cuon\/","og_locale":"en_US","og_type":"article","og_title":"Nh\u1ef1a in 3d eSun ePLA-Gloss cao c\u1ea5p 1kg\/Cu\u1ed9n","og_description":"Nh\u1ef1a in 3d eSun ePLA-Gloss cao c\u1ea5p 1kg\/Cu\u1ed9n","og_url":"https:\/\/nge.vn\/en\/product\/nhua-in-3d-esun-epla-gloss-cao-cap-1kg-cuon\/","og_site_name":"NGE 3D Printers Services","article_modified_time":"2024-10-28T07:44:01+00:00","og_image":[{"width":922,"height":922,"url":"https:\/\/nge.vn\/wp-content\/uploads\/2024\/10\/images-upload-woo2F3bcfa2686a6f5e454ad294bc13f42b12.jpg","type":"image\/jpeg"}],"twitter_card":"summary_large_image","twitter_misc":{"Est. reading time":"2 minutes"},"schema":{"@context":"https:\/\/schema.org","@graph":[{"@type":"WebPage","@id":"https:\/\/nge.vn\/san-pham\/nhua-in-3d-esun-epla-gloss-cao-cap-1kg-cuon\/","url":"https:\/\/nge.vn\/san-pham\/nhua-in-3d-esun-epla-gloss-cao-cap-1kg-cuon\/","name":"Nh\u1ef1a in 3d eSun ePLA-Gloss cao c\u1ea5p 1kg\/Cu\u1ed9n - NGE 3D Printers Services","isPartOf":{"@id":"https:\/\/nge.vn\/#website"},"primaryImageOfPage":{"@id":"https:\/\/nge.vn\/san-pham\/nhua-in-3d-esun-epla-gloss-cao-cap-1kg-cuon\/#primaryimage"},"image":{"@id":"https:\/\/nge.vn\/san-pham\/nhua-in-3d-esun-epla-gloss-cao-cap-1kg-cuon\/#primaryimage"},"thumbnailUrl":"https:\/\/nge.vn\/wp-content\/uploads\/2024\/10\/images-upload-woo2F3bcfa2686a6f5e454ad294bc13f42b12.jpg","datePublished":"2024-10-25T09:01:40+00:00","dateModified":"2024-10-28T07:44:01+00:00","breadcrumb":{"@id":"https:\/\/nge.vn\/san-pham\/nhua-in-3d-esun-epla-gloss-cao-cap-1kg-cuon\/#breadcrumb"},"inLanguage":"en-US","potentialAction":[{"@type":"ReadAction","target":["https:\/\/nge.vn\/san-pham\/nhua-in-3d-esun-epla-gloss-cao-cap-1kg-cuon\/"]}]},{"@type":"ImageObject","inLanguage":"en-US","@id":"https:\/\/nge.vn\/san-pham\/nhua-in-3d-esun-epla-gloss-cao-cap-1kg-cuon\/#primaryimage","url":"https:\/\/nge.vn\/wp-content\/uploads\/2024\/10\/images-upload-woo2F3bcfa2686a6f5e454ad294bc13f42b12.jpg","contentUrl":"https:\/\/nge.vn\/wp-content\/uploads\/2024\/10\/images-upload-woo2F3bcfa2686a6f5e454ad294bc13f42b12.jpg","width":922,"height":922},{"@type":"BreadcrumbList","@id":"https:\/\/nge.vn\/san-pham\/nhua-in-3d-esun-epla-gloss-cao-cap-1kg-cuon\/#breadcrumb","itemListElement":[{"@type":"ListItem","position":1,"name":"Trang ch\u1ee7","item":"https:\/\/nge.vn\/"},{"@type":"ListItem","position":2,"name":"S\u1ea3n ph\u1ea9m","item":"https:\/\/nge.vn\/san-pham\/"},{"@type":"ListItem","position":3,"name":"Nh\u1ef1a in 3d eSun ePLA-Gloss cao c\u1ea5p 1kg\/Cu\u1ed9n"}]},{"@type":"WebSite","@id":"https:\/\/nge.vn\/#website","url":"https:\/\/nge.vn\/","name":"NGE 3D Printers Services","description":"","potentialAction":[{"@type":"SearchAction","target":{"@type":"EntryPoint","urlTemplate":"https:\/\/nge.vn\/?s={search_term_string}"},"query-input":{"@type":"PropertyValueSpecification","valueRequired":true,"valueName":"search_term_string"}}],"inLanguage":"en-US"}]}},"_links":{"self":[{"href":"https:\/\/nge.vn\/en\/wp-json\/wp\/v2\/product\/1475","targetHints":{"allow":["GET"]}}],"collection":[{"href":"https:\/\/nge.vn\/en\/wp-json\/wp\/v2\/product"}],"about":[{"href":"https:\/\/nge.vn\/en\/wp-json\/wp\/v2\/types\/product"}],"replies":[{"embeddable":true,"href":"https:\/\/nge.vn\/en\/wp-json\/wp\/v2\/comments?post=1475"}],"wp:featuredmedia":[{"embeddable":true,"href":"https:\/\/nge.vn\/en\/wp-json\/wp\/v2\/media\/1466"}],"wp:attachment":[{"href":"https:\/\/nge.vn\/en\/wp-json\/wp\/v2\/media?parent=1475"}],"wp:term":[{"taxonomy":"product_brand","embeddable":true,"href":"https:\/\/nge.vn\/en\/wp-json\/wp\/v2\/product_brand?post=1475"},{"taxonomy":"product_cat","embeddable":true,"href":"https:\/\/nge.vn\/en\/wp-json\/wp\/v2\/product_cat?post=1475"},{"taxonomy":"product_tag","embeddable":true,"href":"https:\/\/nge.vn\/en\/wp-json\/wp\/v2\/product_tag?post=1475"}],"curies":[{"name":"wp","href":"https:\/\/api.w.org\/{rel}","templated":true}]}}