{"id":145,"date":"2024-10-15T18:37:14","date_gmt":"2024-10-15T11:37:14","guid":{"rendered":"https:\/\/nge.123websitedev.com\/san-pham\/board-dieu-khien-may-in-3d-ender-6-sermoon-d1-khong-on-noiseless-motherboard-creality-v4-3-1-32bit\/"},"modified":"2024-10-28T10:34:21","modified_gmt":"2024-10-28T03:34:21","slug":"board-dieu-khien-may-in-3d-ender-6-sermoon-d1-khong-on-noiseless-motherboard-creality-v4-3-1-32bit","status":"publish","type":"product","link":"https:\/\/nge.vn\/en\/product\/board-dieu-khien-may-in-3d-ender-6-sermoon-d1-khong-on-noiseless-motherboard-creality-v4-3-1-32bit\/","title":{"rendered":"Board \u0111i\u1ec1u khi\u1ec3n m\u00e1y in 3d Ender 6 &amp; Sermoon D1 kh\u00f4ng \u1ed3n Noiseless Motherboard Creality V4.3.1 32bit"},"content":{"rendered":"<p>Board \u0111i\u1ec1u khi\u1ec3n m\u00e1y in 3d kh\u00f4ng \u1ed3n Noiseless Motherboard Creality V4.3.1 32bit cho Ender 6 &amp; Sermoon D1<br \/>\n_Gi\u1ea3m ti\u1ebfng \u1ed3n hi\u1ec7u qu\u1ea3, Ki\u1ec3m so\u00e1t v\u00e0 \u0111i\u1ec1u khi\u1ec3n m\u1ea1nh m\u1ebb, Hi\u1ec7u su\u1ea5t cao v\u00e0 ti\u00eau th\u1ee5 \u0111i\u1ec7n n\u0103ng th\u1ea5p.<br \/>\n_C\u00f4ng ngh\u1ec7 \u0111\u1ecbnh d\u1ea1ng m\u1edbi<\/p>\n<p>**Bo m\u1ea1ch ch\u1ee7 kh\u00f4ng \u1ed3n \u00e0o<br \/>\n_Gi\u1ea3m ti\u1ebfng \u1ed3n hi\u1ec7u qu\u1ea3<br \/>\n_Ki\u1ec3m so\u00e1t v\u00e0 \u0111i\u1ec1u khi\u1ec3n m\u1ea1nh m\u1ebd<br \/>\n_\u0110\u1ed9 b\u1ec1n cao v\u00e0 ti\u00eau th\u1ee5 \u0111i\u1ec7n n\u0103ng th\u1ea5p<\/p>\n<p>**Chip nh\u1eadp kh\u1ea9u | In im l\u1eb7ng<br \/>\n_C\u1ee7a \u0110\u1ee9c c\u1ef1c k\u1ef3 t\u1ed1t TMC \u226450dB in im l\u1eb7ng<br \/>\n_Chip \u0111i\u1ec1u khi\u1ec3n nh\u1eadp kh\u1ea9u: Ki\u1ec3m so\u00e1t v\u00e0 \u0111i\u1ec1u khi\u1ec3n m\u1ea1nh m\u1ebd<br \/>\n_Chip qu\u1ea3n l\u00fd n\u0103ng l\u01b0\u1ee3ng \u0111\u1eb7c bi\u1ec7t: H\u1ed7 tr\u1ee3 \u0111\u1ea7u v\u00e0o ngu\u1ed3n 24V<br \/>\n_V\u1eadt li\u1ec7u ch\u1ea5t l\u01b0\u1ee3ng \u0111\u01b0\u1ee3c l\u1ef1a ch\u1ecdn k\u1ef9 c\u00e0ng: \u1ed0ng MOS ch\u1ea5t l\u01b0\u1ee3ng cao<br \/>\n_Ho\u00e0n th\u00e0nh ch\u1ee9c n\u0103ng: H\u1ed7 tr\u1ee3 t\u1ef1 \u0111\u1ed9ng san l\u1ea5p m\u1eb7t b\u1eb1ng v\u00e0 c\u1ea3m bi\u1ebfn d\u00e2y t\u00f3c<br \/>\n_Thi\u1ebft k\u1ebf th\u00e2n thi\u1ec7n v\u1edbi ng\u01b0\u1eddi d\u00f9ng: L\u1eafp r\u00e1p v\u00e0 s\u1eed d\u1ee5ng d\u1ec5 d\u00e0ng<br \/>\n_C\u1ed5ng connect Bl-Touch<\/p>\n<p>_Hi\u1ec7u su\u1ea5t m\u1ea1nh m\u1ebd kh\u1ea3 n\u0103ng tuy\u1ec7t v\u1eddi<br \/>\nY\u00ean t\u0129nh, hi\u1ec7u su\u1ea5t cao, t\u1ea3n nhi\u1ec7t \u0111a h\u01b0\u1edbng, \u1ed5 \u0111\u0129a v\u00e0 \u0111i\u1ec1u khi\u1ec3n t\u00edch h\u1ee3p<\/p>\n<p>_Bo m\u1ea1ch ch\u1ee7 t\u1ef1 ph\u00e1t tri\u1ec3n, \u0111\u01b0\u1ee3c trang b\u1ecb chip \u0111i\u1ec1u khi\u1ec3n ch\u00ednh nh\u1eadp kh\u1ea9u, \u1ed5 \u0111\u0129a v\u00e0 \u0111i\u1ec1u khi\u1ec3n t\u00edch h\u1ee3p<br \/>\nC\u1ea3i thi\u1ec7n t\u1ed1c \u0111\u1ed9 t\u00ednh to\u00e1n v\u00e0 \u0111\u1ed9 ch\u00ednh x\u00e1c, l\u00e0m cho c\u00e1c m\u00f4 h\u00ecnh in \u1ea5n sinh \u0111\u1ed9ng h\u01a1n<\/p>\n<p>+T\u1ed1c \u0111\u1ed9 x\u1eed l\u00fd \u0111\u1ed3 h\u1ecda t\u0103ng 70%<br \/>\n+C\u00f4ng su\u1ea5t ti\u00eau th\u1ee5 gi\u1ea3m 30%<br \/>\n+\u0110\u1ed9 ch\u00ednh x\u00e1c in t\u0103ng 40%<\/p>\n<p>_H\u1ec7 th\u1ed1ng l\u00e0m m\u00e1t, c\u00f3 t\u00ednh \u0111\u1ebfn nhi\u1ec7t \u0111\u1ed9 th\u1ea5p v\u00e0 hi\u1ec7u qu\u1ea3 cao<br \/>\n+B\u1ed1 tr\u00ed h\u1ec7 th\u1ed1ng d\u00e2y \u0111i\u1ec7n c\u1ee7a bo m\u1ea1ch ch\u1ee7 \u0111\u01b0\u1ee3c t\u1ed1i \u01b0u h\u00f3a gi\u00fap c\u1ea3i thi\u1ec7n kh\u1ea3 n\u0103ng t\u1ea3n nhi\u1ec7t v\u00e0 k\u00e9o d\u00e0i tu\u1ed5i th\u1ecd.<br \/>\n+C\u00e1c t\u00f9y ch\u1ecdn ki\u1ec3m so\u00e1t t\u1ea3n nhi\u1ec7t to\u00e0n di\u1ec7n h\u01a1n v\u1edbi \u1ed1ng MOS ch\u1ea5t l\u01b0\u1ee3ng cao, \u0111\u1ec3 \u0111\u1ea3m b\u1ea3o hi\u1ec7u qu\u1ea3 t\u1ea3n nhi\u1ec7t t\u1ed1t h\u01a1n v\u00e0 hi\u1ec7u su\u1ea5t cao.<\/p>\n<p>_V\u1eadt li\u1ec7u ch\u1ecdn l\u1ecdc\u00a0&#8211;\u00a0Hi\u1ec7u su\u1ea5t \u1ed5n \u0111\u1ecbnh<br \/>\nThi\u1ebft k\u1ebf nhi\u1ec1u tr\u1ee5c nh\u1ecf g\u1ecdn, v\u1eadt li\u1ec7u d\u1eabn \u0111i\u1ec7n\u00a0\u0111\u01b0\u1ee3c bao b\u1ecdc ho\u00e0n to\u00e0n, kh\u1ea3 n\u0103ng ch\u1ed1ng oxy h\u00f3a, ch\u1ed1ng \u0103n m\u00f2n v\u00e0 ch\u1ecbu nhi\u1ec7t \u0111\u1ed9 cao, \u0111\u1ea3m b\u1ea3o c\u00f4ng vi\u1ec7c \u1ed5n \u0111\u1ecbnh l\u00e2u d\u00e0i.<\/p>\n<p>_\u0110a d\u1ea1ng k\u1ebft n\u1ed1i v\u00e0 ch\u1ee9c n\u0103ng m\u1ea1nh m\u1ebd.<br \/>\nH\u1ed7 tr\u1ee3 ch\u1ee9c n\u0103ng nh\u01b0 in tr\u1ef1c tuy\u1ebfn, c\u00e2n b\u1eb1ng BL-Touch, c\u1ea3m bi\u1ebfn ch\u1ea1y d\u00e2y t\u00f3c, v.v. (USB, th\u1ebb TF, \u0111\u1ed9ng c\u01a1, m\u00e0n h\u00ecnh, t\u1ef1 \u0111\u1ed9ng c\u00e2n b\u1eb1ng, b\u1ed9 x\u1eed l\u00fd, c\u1ea3m bi\u1ebfn ch\u1ea1y s\u1ee3i nh\u1ef1a, hotend, \u0111\u1ec7m n\u00f3ng, cung c\u1ea5p \u0111i\u1ec7n)<\/p>\n<p>_Si\u00eau ti\u1ebft ki\u1ec7m chi ph\u00ed<br \/>\nGi\u00e1 th\u1ea5p h\u01a1n v\u00e0 hi\u1ec7u su\u1ea5t cao h\u01a1n so v\u1edbi c\u00e1c s\u1ea3n ph\u1ea9m t\u01b0\u01a1ng t\u1ef1 tr\u00ean th\u1ecb tr\u01b0\u1eddng<\/p>\n<p>_C\u00e1c ch\u1ee9c n\u0103ng ho\u00e0n ch\u1ec9nh v\u00e0 c\u00e0i \u0111\u1eb7t d\u1ec5 d\u00e0ng:<br \/>\nH\u1ed7 tr\u1ee3 t\u1ef1 \u0111\u1ed9ng san l\u1ea5p m\u1eb7t b\u1eb1ng, c\u1ea3m bi\u1ebfn ch\u1ea1y s\u1ee3i nh\u1ef1a\u00a0v\u00e0 ti\u1ebfp t\u1ee5c in, d\u1ec5 c\u00e0i \u0111\u1eb7t v\u00e0 t\u1ef1 l\u00e0m<\/p>\n<p>_\u1ee8ng d\u1ee5ng r\u1ed9ng r\u00e3i<br \/>\n_Th\u00edch h\u1ee3p cho c\u00e1c m\u00e1y in 3d FDM tr\u00ean th\u1ecb tr\u01b0\u1eddng hi\u1ec7n nay<br \/>\n_Bo m\u1ea1ch ch\u1ee7 t\u1eaft ti\u1ebfng v\u1edbi \u0111\u1ea7y \u0111\u1ee7 c\u00e1c ch\u1ee9c n\u0103ng, kh\u1ea3 n\u0103ng s\u1eed d\u1ee5ng m\u1ea1nh m\u1ebd v\u00e0 \u1ee9ng d\u1ee5ng r\u1ed9ng r\u00e3i, ph\u00f9 h\u1ee3p v\u1edbi t\u1ea5t c\u1ea3 m\u00e1y in tr\u00ean th\u1ecb tr\u01b0\u1eddng nh\u01b0 m\u00e1y DIY&#8230;. m\u00e1y c\u1ee7a c\u00e1c H\u00e3ng nh\u01b0 Creality, c\u00e1c d\u00f2ng Ender 3, Ender 5, Ender 6, v.v.<\/p>\n<p>***Vui l\u00f2ng t\u1eaft ngu\u1ed3n m\u00e1y in khi k\u1ebft n\u1ed1i \u0111\u1ea5u d\u00e2y v\u1edbi board, ho\u1eb7c motor&#8230;. n\u00f3i chung l\u00e0 thi\u1ebft b\u1ecb \u0111i\u1ec7n v\u00ec r\u1ea5t d\u1ec5 ch\u1eadp h\u01b0 Driver&#8230;. tr\u00ean board v\u00e0 board <\/p>\n<p>***S\u1eed dung cho m\u00e1y in 3d Creality: Ender 6 &amp; Sermoon D1&#8230;.<\/p>\n<p>**\u0110\u1ec3 \u0111\u01b0\u1ee3c nh\u1eadn \u0111\u01b0\u1ee3c gi\u00e1 \u01b0u \u0111\u00e3i t\u1ed1t nh\u1ea5t vui l\u00f2ng li\u00ean h\u1ec7 mua tr\u1ef1c ti\u1ebfp shop:<br \/>\n     0913.939.775 contact A.Quan (for English)<br \/>\n     094.144.0951 contact A.Quynh<br \/>\n**Selling price does not include VAT (+10% if VAT invoice is issued)<\/p>","protected":false},"excerpt":{"rendered":"<p>Board \u0111i\u1ec1u khi\u1ec3n m\u00e1y in 3d Ender 6 &amp; Sermoon D1 kh\u00f4ng \u1ed3n Noiseless Motherboard Creality V4.3.1 32bit<\/p>","protected":false},"featured_media":136,"comment_status":"open","ping_status":"closed","template":"","meta":{"inline_featured_image":false},"product_brand":[],"product_cat":[44],"product_tag":[],"class_list":{"0":"post-145","1":"product","2":"type-product","3":"status-publish","4":"has-post-thumbnail","6":"product_cat-may-khac-cat-lazer","8":"first","9":"instock","10":"taxable","11":"shipping-taxable","12":"purchasable","13":"product-type-simple"},"yoast_head":"<!-- This site is optimized with the Yoast SEO Premium plugin v22.8 (Yoast SEO v26.9) - https:\/\/yoast.com\/product\/yoast-seo-premium-wordpress\/ -->\n<title>Board \u0111i\u1ec1u khi\u1ec3n m\u00e1y in 3d Ender 6 &amp; Sermoon D1 kh\u00f4ng \u1ed3n Noiseless Motherboard Creality V4.3.1 32bit - NGE 3D Printers Services<\/title>\n<meta name=\"robots\" content=\"index, follow, max-snippet:-1, max-image-preview:large, max-video-preview:-1\" \/>\n<link rel=\"canonical\" href=\"https:\/\/nge.vn\/en\/product\/board-dieu-khien-may-in-3d-ender-6-sermoon-d1-khong-on-noiseless-motherboard-creality-v4-3-1-32bit\/\" \/>\n<meta property=\"og:locale\" content=\"en_US\" \/>\n<meta property=\"og:type\" content=\"article\" \/>\n<meta property=\"og:title\" content=\"Board \u0111i\u1ec1u khi\u1ec3n m\u00e1y in 3d Ender 6 &amp; Sermoon D1 kh\u00f4ng \u1ed3n Noiseless Motherboard Creality V4.3.1 32bit\" \/>\n<meta property=\"og:description\" content=\"Board \u0111i\u1ec1u khi\u1ec3n m\u00e1y in 3d Ender 6 &amp; Sermoon D1 kh\u00f4ng \u1ed3n Noiseless Motherboard Creality V4.3.1 32bit\" \/>\n<meta property=\"og:url\" content=\"https:\/\/nge.vn\/en\/product\/board-dieu-khien-may-in-3d-ender-6-sermoon-d1-khong-on-noiseless-motherboard-creality-v4-3-1-32bit\/\" \/>\n<meta property=\"og:site_name\" content=\"NGE 3D Printers Services\" \/>\n<meta property=\"article:modified_time\" content=\"2024-10-28T03:34:21+00:00\" \/>\n<meta property=\"og:image\" content=\"https:\/\/nge.vn\/wp-content\/uploads\/2024\/10\/images-upload-woo2Ff783bb7b66129fb67eed4b0bc04b308c.jpg\" \/>\n\t<meta property=\"og:image:width\" content=\"915\" \/>\n\t<meta property=\"og:image:height\" content=\"915\" \/>\n\t<meta property=\"og:image:type\" content=\"image\/jpeg\" \/>\n<meta name=\"twitter:card\" content=\"summary_large_image\" \/>\n<meta name=\"twitter:label1\" content=\"Est. reading time\" \/>\n\t<meta name=\"twitter:data1\" content=\"5 minutes\" \/>\n<script type=\"application\/ld+json\" class=\"yoast-schema-graph\">{\"@context\":\"https:\/\/schema.org\",\"@graph\":[{\"@type\":\"WebPage\",\"@id\":\"https:\/\/nge.vn\/san-pham\/board-dieu-khien-may-in-3d-ender-6-sermoon-d1-khong-on-noiseless-motherboard-creality-v4-3-1-32bit\/\",\"url\":\"https:\/\/nge.vn\/san-pham\/board-dieu-khien-may-in-3d-ender-6-sermoon-d1-khong-on-noiseless-motherboard-creality-v4-3-1-32bit\/\",\"name\":\"Board \u0111i\u1ec1u khi\u1ec3n m\u00e1y in 3d Ender 6 &amp; Sermoon D1 kh\u00f4ng \u1ed3n Noiseless Motherboard Creality V4.3.1 32bit - NGE 3D Printers Services\",\"isPartOf\":{\"@id\":\"https:\/\/nge.vn\/#website\"},\"primaryImageOfPage\":{\"@id\":\"https:\/\/nge.vn\/san-pham\/board-dieu-khien-may-in-3d-ender-6-sermoon-d1-khong-on-noiseless-motherboard-creality-v4-3-1-32bit\/#primaryimage\"},\"image\":{\"@id\":\"https:\/\/nge.vn\/san-pham\/board-dieu-khien-may-in-3d-ender-6-sermoon-d1-khong-on-noiseless-motherboard-creality-v4-3-1-32bit\/#primaryimage\"},\"thumbnailUrl\":\"https:\/\/nge.vn\/wp-content\/uploads\/2024\/10\/images-upload-woo2Ff783bb7b66129fb67eed4b0bc04b308c.jpg\",\"datePublished\":\"2024-10-15T11:37:14+00:00\",\"dateModified\":\"2024-10-28T03:34:21+00:00\",\"breadcrumb\":{\"@id\":\"https:\/\/nge.vn\/san-pham\/board-dieu-khien-may-in-3d-ender-6-sermoon-d1-khong-on-noiseless-motherboard-creality-v4-3-1-32bit\/#breadcrumb\"},\"inLanguage\":\"en-US\",\"potentialAction\":[{\"@type\":\"ReadAction\",\"target\":[\"https:\/\/nge.vn\/san-pham\/board-dieu-khien-may-in-3d-ender-6-sermoon-d1-khong-on-noiseless-motherboard-creality-v4-3-1-32bit\/\"]}]},{\"@type\":\"ImageObject\",\"inLanguage\":\"en-US\",\"@id\":\"https:\/\/nge.vn\/san-pham\/board-dieu-khien-may-in-3d-ender-6-sermoon-d1-khong-on-noiseless-motherboard-creality-v4-3-1-32bit\/#primaryimage\",\"url\":\"https:\/\/nge.vn\/wp-content\/uploads\/2024\/10\/images-upload-woo2Ff783bb7b66129fb67eed4b0bc04b308c.jpg\",\"contentUrl\":\"https:\/\/nge.vn\/wp-content\/uploads\/2024\/10\/images-upload-woo2Ff783bb7b66129fb67eed4b0bc04b308c.jpg\",\"width\":915,\"height\":915},{\"@type\":\"BreadcrumbList\",\"@id\":\"https:\/\/nge.vn\/san-pham\/board-dieu-khien-may-in-3d-ender-6-sermoon-d1-khong-on-noiseless-motherboard-creality-v4-3-1-32bit\/#breadcrumb\",\"itemListElement\":[{\"@type\":\"ListItem\",\"position\":1,\"name\":\"Trang ch\u1ee7\",\"item\":\"https:\/\/nge.vn\/\"},{\"@type\":\"ListItem\",\"position\":2,\"name\":\"S\u1ea3n ph\u1ea9m\",\"item\":\"https:\/\/nge.vn\/san-pham\/\"},{\"@type\":\"ListItem\",\"position\":3,\"name\":\"Board \u0111i\u1ec1u khi\u1ec3n m\u00e1y in 3d Ender 6 &amp; Sermoon D1 kh\u00f4ng \u1ed3n Noiseless Motherboard Creality V4.3.1 32bit\"}]},{\"@type\":\"WebSite\",\"@id\":\"https:\/\/nge.vn\/#website\",\"url\":\"https:\/\/nge.vn\/\",\"name\":\"NGE 3D Printers Services\",\"description\":\"\",\"potentialAction\":[{\"@type\":\"SearchAction\",\"target\":{\"@type\":\"EntryPoint\",\"urlTemplate\":\"https:\/\/nge.vn\/?s={search_term_string}\"},\"query-input\":{\"@type\":\"PropertyValueSpecification\",\"valueRequired\":true,\"valueName\":\"search_term_string\"}}],\"inLanguage\":\"en-US\"}]}<\/script>\n<!-- \/ Yoast SEO Premium plugin. -->","yoast_head_json":{"title":"Board \u0111i\u1ec1u khi\u1ec3n m\u00e1y in 3d Ender 6 &amp; Sermoon D1 kh\u00f4ng \u1ed3n Noiseless Motherboard Creality V4.3.1 32bit - NGE 3D Printers Services","robots":{"index":"index","follow":"follow","max-snippet":"max-snippet:-1","max-image-preview":"max-image-preview:large","max-video-preview":"max-video-preview:-1"},"canonical":"https:\/\/nge.vn\/en\/product\/board-dieu-khien-may-in-3d-ender-6-sermoon-d1-khong-on-noiseless-motherboard-creality-v4-3-1-32bit\/","og_locale":"en_US","og_type":"article","og_title":"Board \u0111i\u1ec1u khi\u1ec3n m\u00e1y in 3d Ender 6 &amp; Sermoon D1 kh\u00f4ng \u1ed3n Noiseless Motherboard Creality V4.3.1 32bit","og_description":"Board \u0111i\u1ec1u khi\u1ec3n m\u00e1y in 3d Ender 6 &amp; Sermoon D1 kh\u00f4ng \u1ed3n Noiseless Motherboard Creality V4.3.1 32bit","og_url":"https:\/\/nge.vn\/en\/product\/board-dieu-khien-may-in-3d-ender-6-sermoon-d1-khong-on-noiseless-motherboard-creality-v4-3-1-32bit\/","og_site_name":"NGE 3D Printers Services","article_modified_time":"2024-10-28T03:34:21+00:00","og_image":[{"width":915,"height":915,"url":"https:\/\/nge.vn\/wp-content\/uploads\/2024\/10\/images-upload-woo2Ff783bb7b66129fb67eed4b0bc04b308c.jpg","type":"image\/jpeg"}],"twitter_card":"summary_large_image","twitter_misc":{"Est. reading time":"5 minutes"},"schema":{"@context":"https:\/\/schema.org","@graph":[{"@type":"WebPage","@id":"https:\/\/nge.vn\/san-pham\/board-dieu-khien-may-in-3d-ender-6-sermoon-d1-khong-on-noiseless-motherboard-creality-v4-3-1-32bit\/","url":"https:\/\/nge.vn\/san-pham\/board-dieu-khien-may-in-3d-ender-6-sermoon-d1-khong-on-noiseless-motherboard-creality-v4-3-1-32bit\/","name":"Board \u0111i\u1ec1u khi\u1ec3n m\u00e1y in 3d Ender 6 &amp; Sermoon D1 kh\u00f4ng \u1ed3n Noiseless Motherboard Creality V4.3.1 32bit - NGE 3D Printers Services","isPartOf":{"@id":"https:\/\/nge.vn\/#website"},"primaryImageOfPage":{"@id":"https:\/\/nge.vn\/san-pham\/board-dieu-khien-may-in-3d-ender-6-sermoon-d1-khong-on-noiseless-motherboard-creality-v4-3-1-32bit\/#primaryimage"},"image":{"@id":"https:\/\/nge.vn\/san-pham\/board-dieu-khien-may-in-3d-ender-6-sermoon-d1-khong-on-noiseless-motherboard-creality-v4-3-1-32bit\/#primaryimage"},"thumbnailUrl":"https:\/\/nge.vn\/wp-content\/uploads\/2024\/10\/images-upload-woo2Ff783bb7b66129fb67eed4b0bc04b308c.jpg","datePublished":"2024-10-15T11:37:14+00:00","dateModified":"2024-10-28T03:34:21+00:00","breadcrumb":{"@id":"https:\/\/nge.vn\/san-pham\/board-dieu-khien-may-in-3d-ender-6-sermoon-d1-khong-on-noiseless-motherboard-creality-v4-3-1-32bit\/#breadcrumb"},"inLanguage":"en-US","potentialAction":[{"@type":"ReadAction","target":["https:\/\/nge.vn\/san-pham\/board-dieu-khien-may-in-3d-ender-6-sermoon-d1-khong-on-noiseless-motherboard-creality-v4-3-1-32bit\/"]}]},{"@type":"ImageObject","inLanguage":"en-US","@id":"https:\/\/nge.vn\/san-pham\/board-dieu-khien-may-in-3d-ender-6-sermoon-d1-khong-on-noiseless-motherboard-creality-v4-3-1-32bit\/#primaryimage","url":"https:\/\/nge.vn\/wp-content\/uploads\/2024\/10\/images-upload-woo2Ff783bb7b66129fb67eed4b0bc04b308c.jpg","contentUrl":"https:\/\/nge.vn\/wp-content\/uploads\/2024\/10\/images-upload-woo2Ff783bb7b66129fb67eed4b0bc04b308c.jpg","width":915,"height":915},{"@type":"BreadcrumbList","@id":"https:\/\/nge.vn\/san-pham\/board-dieu-khien-may-in-3d-ender-6-sermoon-d1-khong-on-noiseless-motherboard-creality-v4-3-1-32bit\/#breadcrumb","itemListElement":[{"@type":"ListItem","position":1,"name":"Trang ch\u1ee7","item":"https:\/\/nge.vn\/"},{"@type":"ListItem","position":2,"name":"S\u1ea3n ph\u1ea9m","item":"https:\/\/nge.vn\/san-pham\/"},{"@type":"ListItem","position":3,"name":"Board \u0111i\u1ec1u khi\u1ec3n m\u00e1y in 3d Ender 6 &amp; Sermoon D1 kh\u00f4ng \u1ed3n Noiseless Motherboard Creality V4.3.1 32bit"}]},{"@type":"WebSite","@id":"https:\/\/nge.vn\/#website","url":"https:\/\/nge.vn\/","name":"NGE 3D Printers Services","description":"","potentialAction":[{"@type":"SearchAction","target":{"@type":"EntryPoint","urlTemplate":"https:\/\/nge.vn\/?s={search_term_string}"},"query-input":{"@type":"PropertyValueSpecification","valueRequired":true,"valueName":"search_term_string"}}],"inLanguage":"en-US"}]}},"_links":{"self":[{"href":"https:\/\/nge.vn\/en\/wp-json\/wp\/v2\/product\/145","targetHints":{"allow":["GET"]}}],"collection":[{"href":"https:\/\/nge.vn\/en\/wp-json\/wp\/v2\/product"}],"about":[{"href":"https:\/\/nge.vn\/en\/wp-json\/wp\/v2\/types\/product"}],"replies":[{"embeddable":true,"href":"https:\/\/nge.vn\/en\/wp-json\/wp\/v2\/comments?post=145"}],"wp:featuredmedia":[{"embeddable":true,"href":"https:\/\/nge.vn\/en\/wp-json\/wp\/v2\/media\/136"}],"wp:attachment":[{"href":"https:\/\/nge.vn\/en\/wp-json\/wp\/v2\/media?parent=145"}],"wp:term":[{"taxonomy":"product_brand","embeddable":true,"href":"https:\/\/nge.vn\/en\/wp-json\/wp\/v2\/product_brand?post=145"},{"taxonomy":"product_cat","embeddable":true,"href":"https:\/\/nge.vn\/en\/wp-json\/wp\/v2\/product_cat?post=145"},{"taxonomy":"product_tag","embeddable":true,"href":"https:\/\/nge.vn\/en\/wp-json\/wp\/v2\/product_tag?post=145"}],"curies":[{"name":"wp","href":"https:\/\/api.w.org\/{rel}","templated":true}]}}