{"id":1438,"date":"2024-10-25T15:52:15","date_gmt":"2024-10-25T08:52:15","guid":{"rendered":"https:\/\/nge.123websitedev.com\/san-pham\/bo-tam-ban-in-pei-printing-platform-kit-3553552mm-son-tinh-dien-2-mat-nham-co-logo-voron\/"},"modified":"2024-10-28T15:58:51","modified_gmt":"2024-10-28T08:58:51","slug":"bo-tam-ban-in-pei-printing-platform-kit-3553552mm-son-tinh-dien-2-mat-nham-co-logo-voron","status":"publish","type":"product","link":"https:\/\/nge.vn\/en\/product\/bo-tam-ban-in-pei-printing-platform-kit-3553552mm-son-tinh-dien-2-mat-nham-co-logo-voron\/","title":{"rendered":"PEI Printing Platform Kit 355*355*2mm double-sided powder coated with Voron logo"},"content":{"rendered":"<p>B\u1ed9 t\u1ea5m b\u00e0n in PEI Printing Platform Kit 355*355*3mm s\u01a1n t\u0129nh \u0111i\u1ec7n 2 m\u1eb7t nh\u00e1m c\u00f3 logo Voron<\/p>\n<p>+H\u00e3ng: Bigtreetech<br \/>\n+T\u1ea5m PEI 355*355*2mm s\u01a1n t\u0129nh \u0111i\u1ec7n 2 m\u1eb7t nh\u00e1m (c\u00f3 Logo Voron) * 1<br \/>\n+Mi\u1ebfng d\u00e1n t\u1eeb t\u00ednh * 1<\/p>\n<p>_PEl v\u1edbi b\u1ec1 m\u1eb7t v\u00e0ng ph\u1ee7 m\u1edd nh\u00e1m ch\u1ed1ng ch\u00e1y v\u00e0 ch\u1ecbu nhi\u1ec7t.<br \/>\n_B\u1ed9 t\u1ea5m b\u00e0n in PEI: N\u1ec1n PEI &amp; mi\u1ebfng d\u00e1n t\u1eeb t\u00ednh m\u1ec1m<br \/>\n_B\u1ec1 m\u1eb7t v\u00e0ng m\u1edd nh\u00e1m: Ch\u1ed1ng ch\u00e1y v\u00e0 ch\u1ecbu nhi\u1ec7t<br \/>\n_T\u1ea5m l\u00f2 xo PEI: \u0110\u1ed9 b\u1ec1n cao v\u00e0 kh\u1ea3 n\u0103ng ch\u1ed1ng m\u00e0i m\u00f2n<br \/>\n_Mi\u1ebfng d\u00e1n t\u1eeb t\u00ednh m\u1ec1m: L\u1ef1c t\u1eeb m\u1ea1nh v\u00e0 th\u00e1o g\u1ee1 \u0111\u01a1n gi\u1ea3n<br \/>\n_B\u1ed9 hai trong m\u1ed9t: \u0110\u1ed9 b\u00e1m d\u00ednh ch\u1eafc ch\u1eafn, d\u1ec5 s\u1eed d\u1ee5ng v\u00e0 thay th\u1ebf.<br \/>\n1.V\u00f9ng in PEI v\u00e0ng m\u1edd nh\u00e1m.<br \/>\n2.Mi\u1ebfng d\u00e1n n\u1ec1n nam ch\u00e2m m\u1ec1m.<\/p>\n<p>_T\u1ea5m b\u00e0n in PEI: Ch\u1ed1ng ch\u00e1y v\u00e0 ch\u1ecbu nhi\u1ec7t \/ \u0110\u1ed9 b\u1ec1n cao v\u00e0 ch\u1ed1ng m\u00e0i m\u00f2n<br \/>\n_PEI v\u00e0ng v\u1edbi b\u1ec1 m\u1eb7t m\u1edd: Ch\u1ed1ng ch\u00e1y v\u00e0 ch\u1ecbu nhi\u1ec7t<br \/>\n_PEI v\u00e0ng v\u1edbi b\u1ec1 m\u1eb7t m\u1edd c\u00f3 \u0111\u1ed9 \u1ed5n \u0111\u1ecbnh nhi\u1ec7t \u0111\u1ed9 cao, ch\u1ed1ng ch\u00e1y, ch\u1ecbu nhi\u1ec7t, \u0111\u1ed9 b\u1ec1n cao, ch\u1ed1ng m\u00e0i m\u00f2n v\u00e0 \u0111\u1ed9 \u1ed5n \u0111\u1ecbnh in t\u1ed1t<br \/>\n_PEI (polyetherimide):<br \/>\nV\u1eadt li\u1ec7u PEI c\u00f3 \u0111\u1ed9 b\u1ec1n cao v\u00e0 t\u00ednh \u1ed5n \u0111\u1ecbnh nhi\u1ec7t \u0111\u1ed9 cao, \u0111\u1ed9 c\u1ee9ng cao v\u00e0 \u00edt kh\u00f3i.<br \/>\n_T\u1ea5m l\u00f2 xo PEI kh\u00f4ng bi\u1ebfn d\u1ea1ng \u1edf 200\u2103<br \/>\n+S\u01a1n t\u0129nh \u0111i\u1ec7n PEI ch\u00ednh h\u00e3ng c\u00f3 kh\u1ea3 n\u0103ng ch\u1ecbu nhi\u1ec7t. T\u1ea5m l\u00f2 xo th\u00e9p c\u1ee9ng c\u00f3 kh\u1ea3 n\u0103ng ch\u1ecbu nhi\u1ec7t \u0111\u1ed9 200\u2103 v\u00e0 kh\u00f4ng b\u1ecb bi\u1ebfn d\u1ea1ng.<\/p>\n<p>_Mi\u1ebfng d\u00e1n t\u1eeb t\u00ednh m\u1ec1m.<br \/>\n_L\u1ef1c t\u1eeb tr\u01b0\u1eddng m\u1ea1nh<br \/>\n_Th\u00e1o g\u1ee1 d\u1ec5 d\u00e0ng<br \/>\n_\u0110\u1ed9 b\u00e1m d\u00ednh ch\u1eafc ch\u1eafn khi in<br \/>\n_Ch\u1ea5t li\u1ec7u composite t\u1eeb t\u00ednh kh\u00f4ng kh\u1eed t\u1eeb d\u1ec5 d\u00e0ng g\u1eafn d\u00e1n v\u00e0 th\u00e1o l\u1ea5y.<br \/>\n_Ch\u1ed1ng ch\u00e1y v\u00e0 ch\u1ecbu nhi\u1ec7t<br \/>\n_Ch\u1ecbu nhi\u1ec7t v\u00e0 kh\u00f4ng kh\u1eed t\u1eeb<br \/>\n_PC thu\u1ed9c lo\u1ea1i nam ch\u00e2m m\u1ec1m, c\u00f3 kh\u1ea3 n\u0103ng ch\u1ed1ng ch\u00e1y, ch\u1ed1ng m\u00e0i m\u00f2n, ch\u1ed1ng oxi h\u00f3a, \u0111\u1ed9 co ng\u00f3t h\u00ecnh th\u00e0nh th\u1ea5p v\u00e0 kh\u1ea3 n\u0103ng ch\u1ecbu nhi\u1ec7t m\u00e0 kh\u00f4ng kh\u1eed t\u1eeb. C\u00f3 s\u1ef1 k\u1ebft h\u1ee3p t\u1ed1t gi\u1eefa v\u1eadt li\u1ec7u nung n\u00f3ng v\u00e0 l\u1edbp in, gi\u00fap gi\u1ea3m bi\u1ebfn d\u1ea1ng do co ng\u00f3t v\u00e0 tr\u00e1nh cong v\u00eanh.<\/p>\n<p>**\u0110\u1ec3 \u0111\u01b0\u1ee3c nh\u1eadn \u0111\u01b0\u1ee3c gi\u00e1 \u01b0u \u0111\u00e3i t\u1ed1t h\u01a1n vui l\u00f2ng li\u00ean h\u1ec7 mua tr\u1ef1c ti\u1ebfp shop:<br \/>\n     0913.939.775 contact A.Quan (for English)<br \/>\n     094.144.0951 contact A.Quynh<br \/>\n**Selling price does not include VAT (+10% if VAT invoice is issued)<\/p>","protected":false},"excerpt":{"rendered":"<p>PEI Printing Platform Kit 355*355*2mm double-sided powder coated with Voron logo<\/p>","protected":false},"featured_media":1432,"comment_status":"open","ping_status":"closed","template":"","meta":{"inline_featured_image":false},"product_brand":[],"product_cat":[40,39,49,58],"product_tag":[],"class_list":{"0":"post-1438","1":"product","2":"type-product","3":"status-publish","4":"has-post-thumbnail","6":"product_cat-linh-kien-va-phu-kien","7":"product_cat-may-in-3d","8":"product_cat-may-in-3d-biqu","9":"product_cat-phu-kien-may-in-3d-bigtreetech","11":"first","12":"instock","13":"taxable","14":"shipping-taxable","15":"purchasable","16":"product-type-simple"},"yoast_head":"<!-- This site is optimized with the Yoast SEO Premium plugin v22.8 (Yoast SEO v26.9) - https:\/\/yoast.com\/product\/yoast-seo-premium-wordpress\/ -->\n<title>B\u1ed9 t\u1ea5m b\u00e0n in PEI Printing Platform Kit 355*355*2mm s\u01a1n t\u0129nh \u0111i\u1ec7n 2 m\u1eb7t nh\u00e1m c\u00f3 logo Voron - NGE 3D Printers Services<\/title>\n<meta name=\"robots\" content=\"index, follow, max-snippet:-1, max-image-preview:large, max-video-preview:-1\" \/>\n<link rel=\"canonical\" href=\"https:\/\/nge.vn\/en\/product\/bo-tam-ban-in-pei-printing-platform-kit-3553552mm-son-tinh-dien-2-mat-nham-co-logo-voron\/\" \/>\n<meta property=\"og:locale\" content=\"en_US\" \/>\n<meta property=\"og:type\" content=\"article\" \/>\n<meta property=\"og:title\" content=\"B\u1ed9 t\u1ea5m b\u00e0n in PEI Printing Platform Kit 355*355*2mm s\u01a1n t\u0129nh \u0111i\u1ec7n 2 m\u1eb7t nh\u00e1m c\u00f3 logo Voron\" \/>\n<meta property=\"og:description\" content=\"B\u1ed9 t\u1ea5m b\u00e0n in PEI Printing Platform Kit 355*355*2mm s\u01a1n t\u0129nh \u0111i\u1ec7n 2 m\u1eb7t nh\u00e1m c\u00f3 logo Voron\" \/>\n<meta property=\"og:url\" content=\"https:\/\/nge.vn\/en\/product\/bo-tam-ban-in-pei-printing-platform-kit-3553552mm-son-tinh-dien-2-mat-nham-co-logo-voron\/\" \/>\n<meta property=\"og:site_name\" content=\"NGE 3D Printers Services\" \/>\n<meta property=\"article:modified_time\" content=\"2024-10-28T08:58:51+00:00\" \/>\n<meta property=\"og:image\" content=\"https:\/\/nge.vn\/wp-content\/uploads\/2024\/10\/images-upload-woo2Fd2931323db8b22d21abcbb6f1061cb81.jpg\" \/>\n\t<meta property=\"og:image:width\" content=\"714\" \/>\n\t<meta property=\"og:image:height\" content=\"714\" \/>\n\t<meta property=\"og:image:type\" content=\"image\/jpeg\" \/>\n<meta name=\"twitter:card\" content=\"summary_large_image\" \/>\n<meta name=\"twitter:label1\" content=\"Est. reading time\" \/>\n\t<meta name=\"twitter:data1\" content=\"3 minutes\" \/>\n<script type=\"application\/ld+json\" class=\"yoast-schema-graph\">{\"@context\":\"https:\/\/schema.org\",\"@graph\":[{\"@type\":\"WebPage\",\"@id\":\"https:\/\/nge.vn\/san-pham\/bo-tam-ban-in-pei-printing-platform-kit-3553552mm-son-tinh-dien-2-mat-nham-co-logo-voron\/\",\"url\":\"https:\/\/nge.vn\/san-pham\/bo-tam-ban-in-pei-printing-platform-kit-3553552mm-son-tinh-dien-2-mat-nham-co-logo-voron\/\",\"name\":\"B\u1ed9 t\u1ea5m b\u00e0n in PEI Printing Platform Kit 355*355*2mm s\u01a1n t\u0129nh \u0111i\u1ec7n 2 m\u1eb7t nh\u00e1m c\u00f3 logo Voron - NGE 3D Printers Services\",\"isPartOf\":{\"@id\":\"https:\/\/nge.vn\/#website\"},\"primaryImageOfPage\":{\"@id\":\"https:\/\/nge.vn\/san-pham\/bo-tam-ban-in-pei-printing-platform-kit-3553552mm-son-tinh-dien-2-mat-nham-co-logo-voron\/#primaryimage\"},\"image\":{\"@id\":\"https:\/\/nge.vn\/san-pham\/bo-tam-ban-in-pei-printing-platform-kit-3553552mm-son-tinh-dien-2-mat-nham-co-logo-voron\/#primaryimage\"},\"thumbnailUrl\":\"https:\/\/nge.vn\/wp-content\/uploads\/2024\/10\/images-upload-woo2Fd2931323db8b22d21abcbb6f1061cb81.jpg\",\"datePublished\":\"2024-10-25T08:52:15+00:00\",\"dateModified\":\"2024-10-28T08:58:51+00:00\",\"breadcrumb\":{\"@id\":\"https:\/\/nge.vn\/san-pham\/bo-tam-ban-in-pei-printing-platform-kit-3553552mm-son-tinh-dien-2-mat-nham-co-logo-voron\/#breadcrumb\"},\"inLanguage\":\"en-US\",\"potentialAction\":[{\"@type\":\"ReadAction\",\"target\":[\"https:\/\/nge.vn\/san-pham\/bo-tam-ban-in-pei-printing-platform-kit-3553552mm-son-tinh-dien-2-mat-nham-co-logo-voron\/\"]}]},{\"@type\":\"ImageObject\",\"inLanguage\":\"en-US\",\"@id\":\"https:\/\/nge.vn\/san-pham\/bo-tam-ban-in-pei-printing-platform-kit-3553552mm-son-tinh-dien-2-mat-nham-co-logo-voron\/#primaryimage\",\"url\":\"https:\/\/nge.vn\/wp-content\/uploads\/2024\/10\/images-upload-woo2Fd2931323db8b22d21abcbb6f1061cb81.jpg\",\"contentUrl\":\"https:\/\/nge.vn\/wp-content\/uploads\/2024\/10\/images-upload-woo2Fd2931323db8b22d21abcbb6f1061cb81.jpg\",\"width\":714,\"height\":714},{\"@type\":\"BreadcrumbList\",\"@id\":\"https:\/\/nge.vn\/san-pham\/bo-tam-ban-in-pei-printing-platform-kit-3553552mm-son-tinh-dien-2-mat-nham-co-logo-voron\/#breadcrumb\",\"itemListElement\":[{\"@type\":\"ListItem\",\"position\":1,\"name\":\"Trang ch\u1ee7\",\"item\":\"https:\/\/nge.vn\/\"},{\"@type\":\"ListItem\",\"position\":2,\"name\":\"S\u1ea3n ph\u1ea9m\",\"item\":\"https:\/\/nge.vn\/san-pham\/\"},{\"@type\":\"ListItem\",\"position\":3,\"name\":\"B\u1ed9 t\u1ea5m b\u00e0n in PEI Printing Platform Kit 355*355*2mm s\u01a1n t\u0129nh \u0111i\u1ec7n 2 m\u1eb7t nh\u00e1m c\u00f3 logo Voron\"}]},{\"@type\":\"WebSite\",\"@id\":\"https:\/\/nge.vn\/#website\",\"url\":\"https:\/\/nge.vn\/\",\"name\":\"NGE 3D Printers Services\",\"description\":\"\",\"potentialAction\":[{\"@type\":\"SearchAction\",\"target\":{\"@type\":\"EntryPoint\",\"urlTemplate\":\"https:\/\/nge.vn\/?s={search_term_string}\"},\"query-input\":{\"@type\":\"PropertyValueSpecification\",\"valueRequired\":true,\"valueName\":\"search_term_string\"}}],\"inLanguage\":\"en-US\"}]}<\/script>\n<!-- \/ Yoast SEO Premium plugin. -->","yoast_head_json":{"title":"B\u1ed9 t\u1ea5m b\u00e0n in PEI Printing Platform Kit 355*355*2mm s\u01a1n t\u0129nh \u0111i\u1ec7n 2 m\u1eb7t nh\u00e1m c\u00f3 logo Voron - NGE 3D Printers Services","robots":{"index":"index","follow":"follow","max-snippet":"max-snippet:-1","max-image-preview":"max-image-preview:large","max-video-preview":"max-video-preview:-1"},"canonical":"https:\/\/nge.vn\/en\/product\/bo-tam-ban-in-pei-printing-platform-kit-3553552mm-son-tinh-dien-2-mat-nham-co-logo-voron\/","og_locale":"en_US","og_type":"article","og_title":"B\u1ed9 t\u1ea5m b\u00e0n in PEI Printing Platform Kit 355*355*2mm s\u01a1n t\u0129nh \u0111i\u1ec7n 2 m\u1eb7t nh\u00e1m c\u00f3 logo Voron","og_description":"B\u1ed9 t\u1ea5m b\u00e0n in PEI Printing Platform Kit 355*355*2mm s\u01a1n t\u0129nh \u0111i\u1ec7n 2 m\u1eb7t nh\u00e1m c\u00f3 logo Voron","og_url":"https:\/\/nge.vn\/en\/product\/bo-tam-ban-in-pei-printing-platform-kit-3553552mm-son-tinh-dien-2-mat-nham-co-logo-voron\/","og_site_name":"NGE 3D Printers Services","article_modified_time":"2024-10-28T08:58:51+00:00","og_image":[{"width":714,"height":714,"url":"https:\/\/nge.vn\/wp-content\/uploads\/2024\/10\/images-upload-woo2Fd2931323db8b22d21abcbb6f1061cb81.jpg","type":"image\/jpeg"}],"twitter_card":"summary_large_image","twitter_misc":{"Est. reading time":"3 minutes"},"schema":{"@context":"https:\/\/schema.org","@graph":[{"@type":"WebPage","@id":"https:\/\/nge.vn\/san-pham\/bo-tam-ban-in-pei-printing-platform-kit-3553552mm-son-tinh-dien-2-mat-nham-co-logo-voron\/","url":"https:\/\/nge.vn\/san-pham\/bo-tam-ban-in-pei-printing-platform-kit-3553552mm-son-tinh-dien-2-mat-nham-co-logo-voron\/","name":"B\u1ed9 t\u1ea5m b\u00e0n in PEI Printing Platform Kit 355*355*2mm s\u01a1n t\u0129nh \u0111i\u1ec7n 2 m\u1eb7t nh\u00e1m c\u00f3 logo Voron - NGE 3D Printers Services","isPartOf":{"@id":"https:\/\/nge.vn\/#website"},"primaryImageOfPage":{"@id":"https:\/\/nge.vn\/san-pham\/bo-tam-ban-in-pei-printing-platform-kit-3553552mm-son-tinh-dien-2-mat-nham-co-logo-voron\/#primaryimage"},"image":{"@id":"https:\/\/nge.vn\/san-pham\/bo-tam-ban-in-pei-printing-platform-kit-3553552mm-son-tinh-dien-2-mat-nham-co-logo-voron\/#primaryimage"},"thumbnailUrl":"https:\/\/nge.vn\/wp-content\/uploads\/2024\/10\/images-upload-woo2Fd2931323db8b22d21abcbb6f1061cb81.jpg","datePublished":"2024-10-25T08:52:15+00:00","dateModified":"2024-10-28T08:58:51+00:00","breadcrumb":{"@id":"https:\/\/nge.vn\/san-pham\/bo-tam-ban-in-pei-printing-platform-kit-3553552mm-son-tinh-dien-2-mat-nham-co-logo-voron\/#breadcrumb"},"inLanguage":"en-US","potentialAction":[{"@type":"ReadAction","target":["https:\/\/nge.vn\/san-pham\/bo-tam-ban-in-pei-printing-platform-kit-3553552mm-son-tinh-dien-2-mat-nham-co-logo-voron\/"]}]},{"@type":"ImageObject","inLanguage":"en-US","@id":"https:\/\/nge.vn\/san-pham\/bo-tam-ban-in-pei-printing-platform-kit-3553552mm-son-tinh-dien-2-mat-nham-co-logo-voron\/#primaryimage","url":"https:\/\/nge.vn\/wp-content\/uploads\/2024\/10\/images-upload-woo2Fd2931323db8b22d21abcbb6f1061cb81.jpg","contentUrl":"https:\/\/nge.vn\/wp-content\/uploads\/2024\/10\/images-upload-woo2Fd2931323db8b22d21abcbb6f1061cb81.jpg","width":714,"height":714},{"@type":"BreadcrumbList","@id":"https:\/\/nge.vn\/san-pham\/bo-tam-ban-in-pei-printing-platform-kit-3553552mm-son-tinh-dien-2-mat-nham-co-logo-voron\/#breadcrumb","itemListElement":[{"@type":"ListItem","position":1,"name":"Trang ch\u1ee7","item":"https:\/\/nge.vn\/"},{"@type":"ListItem","position":2,"name":"S\u1ea3n ph\u1ea9m","item":"https:\/\/nge.vn\/san-pham\/"},{"@type":"ListItem","position":3,"name":"B\u1ed9 t\u1ea5m b\u00e0n in PEI Printing Platform Kit 355*355*2mm s\u01a1n t\u0129nh \u0111i\u1ec7n 2 m\u1eb7t nh\u00e1m c\u00f3 logo Voron"}]},{"@type":"WebSite","@id":"https:\/\/nge.vn\/#website","url":"https:\/\/nge.vn\/","name":"NGE 3D Printers Services","description":"","potentialAction":[{"@type":"SearchAction","target":{"@type":"EntryPoint","urlTemplate":"https:\/\/nge.vn\/?s={search_term_string}"},"query-input":{"@type":"PropertyValueSpecification","valueRequired":true,"valueName":"search_term_string"}}],"inLanguage":"en-US"}]}},"_links":{"self":[{"href":"https:\/\/nge.vn\/en\/wp-json\/wp\/v2\/product\/1438","targetHints":{"allow":["GET"]}}],"collection":[{"href":"https:\/\/nge.vn\/en\/wp-json\/wp\/v2\/product"}],"about":[{"href":"https:\/\/nge.vn\/en\/wp-json\/wp\/v2\/types\/product"}],"replies":[{"embeddable":true,"href":"https:\/\/nge.vn\/en\/wp-json\/wp\/v2\/comments?post=1438"}],"wp:featuredmedia":[{"embeddable":true,"href":"https:\/\/nge.vn\/en\/wp-json\/wp\/v2\/media\/1432"}],"wp:attachment":[{"href":"https:\/\/nge.vn\/en\/wp-json\/wp\/v2\/media?parent=1438"}],"wp:term":[{"taxonomy":"product_brand","embeddable":true,"href":"https:\/\/nge.vn\/en\/wp-json\/wp\/v2\/product_brand?post=1438"},{"taxonomy":"product_cat","embeddable":true,"href":"https:\/\/nge.vn\/en\/wp-json\/wp\/v2\/product_cat?post=1438"},{"taxonomy":"product_tag","embeddable":true,"href":"https:\/\/nge.vn\/en\/wp-json\/wp\/v2\/product_tag?post=1438"}],"curies":[{"name":"wp","href":"https:\/\/api.w.org\/{rel}","templated":true}]}}