{"id":1428,"date":"2024-10-25T15:51:11","date_gmt":"2024-10-25T08:51:11","guid":{"rendered":"https:\/\/nge.123websitedev.com\/san-pham\/man-hinh-dieu-khien-may-in-3d-bigtreetech-pi-tft43-tft50-tft70-v2-0\/"},"modified":"2024-10-28T15:57:44","modified_gmt":"2024-10-28T08:57:44","slug":"man-hinh-dieu-khien-may-in-3d-bigtreetech-pi-tft43-tft50-tft70-v2-0","status":"publish","type":"product","link":"https:\/\/nge.vn\/en\/product\/man-hinh-dieu-khien-may-in-3d-bigtreetech-pi-tft43-tft50-tft70-v2-0\/","title":{"rendered":"BIGTREETECH PI TFT43 \/ TFT50 \/ TFT70 V2.0 3d printer control screen"},"content":{"rendered":"<p>M\u00e0n h\u00ecnh \u0111i\u1ec1u khi\u1ec3n m\u00e1y in 3d BIGTREETECH PI TFT43 \/ TFT50 \/ TFT70 V2.0 cho Raspberry PI<\/p>\n<p>_M\u00e0n h\u00ecnh c\u1ea3m \u1ee9ng \u0111i\u1ec7n dung DSI. T\u01b0\u01a1ng th\u00edch v\u1edbi Raspberry PI<\/p>\n<p>**L\u01b0u \u00fd: \u0110\u1ea3m b\u1ea3o l\u1ea5y d\u00e2y FPC ngay tr\u00ean giao di\u1ec7n DSI.<\/p>\n<p>_T\u01b0\u01a1ng th\u00edch v\u1edbi Raspberry PI<br \/>\nK\u1ebft n\u1ed1i v\u1edbi Raspberry PI qua giao di\u1ec7n DSI<\/p>\n<p>_Thi\u1ebft k\u1ebf l\u1ed7 \u0111\u1eb7c bi\u1ec7t.<br \/>\nN\u00f3 l\u00e0m cho vi\u1ec7c c\u00e0i \u0111\u1eb7t Raspberry PI m\u1ea1nh m\u1ebd h\u01a1n.<\/p>\n<p>_\u0110i\u1ec1u ch\u1ec9nh \u0111\u1ed9 s\u00e1ng d\u1ec5 d\u00e0ng v\u00e0 ti\u1ec7n l\u1ee3i.<\/p>\n<p>_\u0110i\u1ec1u khi\u1ec3n c\u1ea3m \u1ee9ng nh\u1ea1y<br \/>\n+C\u1ea3m \u1ee9ng \u0111i\u1ec7n dung<br \/>\n+C\u1ea3m \u1ee9ng 5 \u0111i\u1ec3m<br \/>\n+K\u00ednh c\u01b0\u1eddng l\u1ef1c<\/p>\n<p>_Specification<br \/>\nPi TFT43 V2.0 | Pi TFTSO V2.0 | Pi TFT70 V2.0<br \/>\n+Size 105.Smm*67mm 12lmm*76mm 165mm*l00mm<br \/>\n+Display area 95.04*53.856mm 108*61.8mm 154*86mm<br \/>\n+Number of screen backlights 16-LED 18-LED 27-LED<br \/>\n+Flip function I vertical flip vertical flip<br \/>\n+Brightness adjustment rotary encoder<br \/>\n+Resolution 800*480<br \/>\n+MCU HK32F030K6T6<br \/>\n+Power input DC 3.3V<br \/>\n+Working mode DSI<br \/>\n+Capacitive touch controller IC-GT911<br \/>\n+Structure G+G<\/p>\n<p>**\u0110\u1ec3 \u0111\u01b0\u1ee3c nh\u1eadn \u0111\u01b0\u1ee3c gi\u00e1 \u01b0u \u0111\u00e3i t\u1ed1t h\u01a1n vui l\u00f2ng li\u00ean h\u1ec7 mua tr\u1ef1c ti\u1ebfp shop:<br \/>\n0913.939.775 contact A.Quan (for English)<br \/>\n094.144.0951 contact A.Quynh<br \/>\n**Selling price does not include VAT (+10% if VAT invoice is issued)<\/p>","protected":false},"excerpt":{"rendered":"<p>BIGTREETECH PI TFT43 \/ TFT50 \/ TFT70 V2.0 3d printer control screen<\/p>","protected":false},"featured_media":1419,"comment_status":"open","ping_status":"closed","template":"","meta":{"inline_featured_image":false},"product_brand":[],"product_cat":[40,39,49,58],"product_tag":[],"class_list":{"0":"post-1428","1":"product","2":"type-product","3":"status-publish","4":"has-post-thumbnail","6":"product_cat-linh-kien-va-phu-kien","7":"product_cat-may-in-3d","8":"product_cat-may-in-3d-biqu","9":"product_cat-phu-kien-may-in-3d-bigtreetech","11":"first","12":"instock","13":"taxable","14":"shipping-taxable","15":"purchasable","16":"product-type-variable"},"yoast_head":"<!-- This site is optimized with the Yoast SEO Premium plugin v22.8 (Yoast SEO v26.9) - https:\/\/yoast.com\/product\/yoast-seo-premium-wordpress\/ -->\n<title>M\u00e0n h\u00ecnh \u0111i\u1ec1u khi\u1ec3n m\u00e1y in 3d BIGTREETECH PI TFT43 \/ TFT50 \/ TFT70 V2.0 - NGE 3D Printers Services<\/title>\n<meta name=\"robots\" content=\"index, follow, max-snippet:-1, max-image-preview:large, max-video-preview:-1\" \/>\n<link rel=\"canonical\" href=\"https:\/\/nge.vn\/en\/product\/man-hinh-dieu-khien-may-in-3d-bigtreetech-pi-tft43-tft50-tft70-v2-0\/\" \/>\n<meta property=\"og:locale\" content=\"en_US\" \/>\n<meta property=\"og:type\" content=\"article\" \/>\n<meta property=\"og:title\" content=\"M\u00e0n h\u00ecnh \u0111i\u1ec1u khi\u1ec3n m\u00e1y in 3d BIGTREETECH PI TFT43 \/ TFT50 \/ TFT70 V2.0\" \/>\n<meta property=\"og:description\" content=\"M\u00e0n h\u00ecnh \u0111i\u1ec1u khi\u1ec3n m\u00e1y in 3d BIGTREETECH PI TFT43 \/ TFT50 \/ TFT70 V2.0\" \/>\n<meta property=\"og:url\" content=\"https:\/\/nge.vn\/en\/product\/man-hinh-dieu-khien-may-in-3d-bigtreetech-pi-tft43-tft50-tft70-v2-0\/\" \/>\n<meta property=\"og:site_name\" content=\"NGE 3D Printers Services\" \/>\n<meta property=\"article:modified_time\" content=\"2024-10-28T08:57:44+00:00\" \/>\n<meta property=\"og:image\" content=\"https:\/\/nge.vn\/wp-content\/uploads\/2024\/10\/images-upload-woo2Fe8acb97a4f8c639491bb69e280507b9d.jpg\" \/>\n\t<meta property=\"og:image:width\" content=\"949\" \/>\n\t<meta property=\"og:image:height\" content=\"949\" \/>\n\t<meta property=\"og:image:type\" content=\"image\/jpeg\" \/>\n<meta name=\"twitter:card\" content=\"summary_large_image\" \/>\n<meta name=\"twitter:label1\" content=\"Est. reading time\" \/>\n\t<meta name=\"twitter:data1\" content=\"1 minute\" \/>\n<script type=\"application\/ld+json\" class=\"yoast-schema-graph\">{\"@context\":\"https:\/\/schema.org\",\"@graph\":[{\"@type\":\"WebPage\",\"@id\":\"https:\/\/nge.vn\/san-pham\/man-hinh-dieu-khien-may-in-3d-bigtreetech-pi-tft43-tft50-tft70-v2-0\/\",\"url\":\"https:\/\/nge.vn\/san-pham\/man-hinh-dieu-khien-may-in-3d-bigtreetech-pi-tft43-tft50-tft70-v2-0\/\",\"name\":\"M\u00e0n h\u00ecnh \u0111i\u1ec1u khi\u1ec3n m\u00e1y in 3d BIGTREETECH PI TFT43 \/ TFT50 \/ TFT70 V2.0 - NGE 3D Printers Services\",\"isPartOf\":{\"@id\":\"https:\/\/nge.vn\/#website\"},\"primaryImageOfPage\":{\"@id\":\"https:\/\/nge.vn\/san-pham\/man-hinh-dieu-khien-may-in-3d-bigtreetech-pi-tft43-tft50-tft70-v2-0\/#primaryimage\"},\"image\":{\"@id\":\"https:\/\/nge.vn\/san-pham\/man-hinh-dieu-khien-may-in-3d-bigtreetech-pi-tft43-tft50-tft70-v2-0\/#primaryimage\"},\"thumbnailUrl\":\"https:\/\/nge.vn\/wp-content\/uploads\/2024\/10\/images-upload-woo2Fe8acb97a4f8c639491bb69e280507b9d.jpg\",\"datePublished\":\"2024-10-25T08:51:11+00:00\",\"dateModified\":\"2024-10-28T08:57:44+00:00\",\"breadcrumb\":{\"@id\":\"https:\/\/nge.vn\/san-pham\/man-hinh-dieu-khien-may-in-3d-bigtreetech-pi-tft43-tft50-tft70-v2-0\/#breadcrumb\"},\"inLanguage\":\"en-US\",\"potentialAction\":[{\"@type\":\"ReadAction\",\"target\":[\"https:\/\/nge.vn\/san-pham\/man-hinh-dieu-khien-may-in-3d-bigtreetech-pi-tft43-tft50-tft70-v2-0\/\"]}]},{\"@type\":\"ImageObject\",\"inLanguage\":\"en-US\",\"@id\":\"https:\/\/nge.vn\/san-pham\/man-hinh-dieu-khien-may-in-3d-bigtreetech-pi-tft43-tft50-tft70-v2-0\/#primaryimage\",\"url\":\"https:\/\/nge.vn\/wp-content\/uploads\/2024\/10\/images-upload-woo2Fe8acb97a4f8c639491bb69e280507b9d.jpg\",\"contentUrl\":\"https:\/\/nge.vn\/wp-content\/uploads\/2024\/10\/images-upload-woo2Fe8acb97a4f8c639491bb69e280507b9d.jpg\",\"width\":949,\"height\":949},{\"@type\":\"BreadcrumbList\",\"@id\":\"https:\/\/nge.vn\/san-pham\/man-hinh-dieu-khien-may-in-3d-bigtreetech-pi-tft43-tft50-tft70-v2-0\/#breadcrumb\",\"itemListElement\":[{\"@type\":\"ListItem\",\"position\":1,\"name\":\"Trang ch\u1ee7\",\"item\":\"https:\/\/nge.vn\/\"},{\"@type\":\"ListItem\",\"position\":2,\"name\":\"S\u1ea3n ph\u1ea9m\",\"item\":\"https:\/\/nge.vn\/san-pham\/\"},{\"@type\":\"ListItem\",\"position\":3,\"name\":\"M\u00e0n h\u00ecnh \u0111i\u1ec1u khi\u1ec3n m\u00e1y in 3d BIGTREETECH PI TFT43 \/ TFT50 \/ TFT70 V2.0\"}]},{\"@type\":\"WebSite\",\"@id\":\"https:\/\/nge.vn\/#website\",\"url\":\"https:\/\/nge.vn\/\",\"name\":\"NGE 3D Printers Services\",\"description\":\"\",\"potentialAction\":[{\"@type\":\"SearchAction\",\"target\":{\"@type\":\"EntryPoint\",\"urlTemplate\":\"https:\/\/nge.vn\/?s={search_term_string}\"},\"query-input\":{\"@type\":\"PropertyValueSpecification\",\"valueRequired\":true,\"valueName\":\"search_term_string\"}}],\"inLanguage\":\"en-US\"}]}<\/script>\n<!-- \/ Yoast SEO Premium plugin. -->","yoast_head_json":{"title":"M\u00e0n h\u00ecnh \u0111i\u1ec1u khi\u1ec3n m\u00e1y in 3d BIGTREETECH PI TFT43 \/ TFT50 \/ TFT70 V2.0 - NGE 3D Printers Services","robots":{"index":"index","follow":"follow","max-snippet":"max-snippet:-1","max-image-preview":"max-image-preview:large","max-video-preview":"max-video-preview:-1"},"canonical":"https:\/\/nge.vn\/en\/product\/man-hinh-dieu-khien-may-in-3d-bigtreetech-pi-tft43-tft50-tft70-v2-0\/","og_locale":"en_US","og_type":"article","og_title":"M\u00e0n h\u00ecnh \u0111i\u1ec1u khi\u1ec3n m\u00e1y in 3d BIGTREETECH PI TFT43 \/ TFT50 \/ TFT70 V2.0","og_description":"M\u00e0n h\u00ecnh \u0111i\u1ec1u khi\u1ec3n m\u00e1y in 3d BIGTREETECH PI TFT43 \/ TFT50 \/ TFT70 V2.0","og_url":"https:\/\/nge.vn\/en\/product\/man-hinh-dieu-khien-may-in-3d-bigtreetech-pi-tft43-tft50-tft70-v2-0\/","og_site_name":"NGE 3D Printers Services","article_modified_time":"2024-10-28T08:57:44+00:00","og_image":[{"width":949,"height":949,"url":"https:\/\/nge.vn\/wp-content\/uploads\/2024\/10\/images-upload-woo2Fe8acb97a4f8c639491bb69e280507b9d.jpg","type":"image\/jpeg"}],"twitter_card":"summary_large_image","twitter_misc":{"Est. reading time":"1 minute"},"schema":{"@context":"https:\/\/schema.org","@graph":[{"@type":"WebPage","@id":"https:\/\/nge.vn\/san-pham\/man-hinh-dieu-khien-may-in-3d-bigtreetech-pi-tft43-tft50-tft70-v2-0\/","url":"https:\/\/nge.vn\/san-pham\/man-hinh-dieu-khien-may-in-3d-bigtreetech-pi-tft43-tft50-tft70-v2-0\/","name":"M\u00e0n h\u00ecnh \u0111i\u1ec1u khi\u1ec3n m\u00e1y in 3d BIGTREETECH PI TFT43 \/ TFT50 \/ TFT70 V2.0 - NGE 3D Printers Services","isPartOf":{"@id":"https:\/\/nge.vn\/#website"},"primaryImageOfPage":{"@id":"https:\/\/nge.vn\/san-pham\/man-hinh-dieu-khien-may-in-3d-bigtreetech-pi-tft43-tft50-tft70-v2-0\/#primaryimage"},"image":{"@id":"https:\/\/nge.vn\/san-pham\/man-hinh-dieu-khien-may-in-3d-bigtreetech-pi-tft43-tft50-tft70-v2-0\/#primaryimage"},"thumbnailUrl":"https:\/\/nge.vn\/wp-content\/uploads\/2024\/10\/images-upload-woo2Fe8acb97a4f8c639491bb69e280507b9d.jpg","datePublished":"2024-10-25T08:51:11+00:00","dateModified":"2024-10-28T08:57:44+00:00","breadcrumb":{"@id":"https:\/\/nge.vn\/san-pham\/man-hinh-dieu-khien-may-in-3d-bigtreetech-pi-tft43-tft50-tft70-v2-0\/#breadcrumb"},"inLanguage":"en-US","potentialAction":[{"@type":"ReadAction","target":["https:\/\/nge.vn\/san-pham\/man-hinh-dieu-khien-may-in-3d-bigtreetech-pi-tft43-tft50-tft70-v2-0\/"]}]},{"@type":"ImageObject","inLanguage":"en-US","@id":"https:\/\/nge.vn\/san-pham\/man-hinh-dieu-khien-may-in-3d-bigtreetech-pi-tft43-tft50-tft70-v2-0\/#primaryimage","url":"https:\/\/nge.vn\/wp-content\/uploads\/2024\/10\/images-upload-woo2Fe8acb97a4f8c639491bb69e280507b9d.jpg","contentUrl":"https:\/\/nge.vn\/wp-content\/uploads\/2024\/10\/images-upload-woo2Fe8acb97a4f8c639491bb69e280507b9d.jpg","width":949,"height":949},{"@type":"BreadcrumbList","@id":"https:\/\/nge.vn\/san-pham\/man-hinh-dieu-khien-may-in-3d-bigtreetech-pi-tft43-tft50-tft70-v2-0\/#breadcrumb","itemListElement":[{"@type":"ListItem","position":1,"name":"Trang ch\u1ee7","item":"https:\/\/nge.vn\/"},{"@type":"ListItem","position":2,"name":"S\u1ea3n ph\u1ea9m","item":"https:\/\/nge.vn\/san-pham\/"},{"@type":"ListItem","position":3,"name":"M\u00e0n h\u00ecnh \u0111i\u1ec1u khi\u1ec3n m\u00e1y in 3d BIGTREETECH PI TFT43 \/ TFT50 \/ TFT70 V2.0"}]},{"@type":"WebSite","@id":"https:\/\/nge.vn\/#website","url":"https:\/\/nge.vn\/","name":"NGE 3D Printers Services","description":"","potentialAction":[{"@type":"SearchAction","target":{"@type":"EntryPoint","urlTemplate":"https:\/\/nge.vn\/?s={search_term_string}"},"query-input":{"@type":"PropertyValueSpecification","valueRequired":true,"valueName":"search_term_string"}}],"inLanguage":"en-US"}]}},"_links":{"self":[{"href":"https:\/\/nge.vn\/en\/wp-json\/wp\/v2\/product\/1428","targetHints":{"allow":["GET"]}}],"collection":[{"href":"https:\/\/nge.vn\/en\/wp-json\/wp\/v2\/product"}],"about":[{"href":"https:\/\/nge.vn\/en\/wp-json\/wp\/v2\/types\/product"}],"replies":[{"embeddable":true,"href":"https:\/\/nge.vn\/en\/wp-json\/wp\/v2\/comments?post=1428"}],"wp:featuredmedia":[{"embeddable":true,"href":"https:\/\/nge.vn\/en\/wp-json\/wp\/v2\/media\/1419"}],"wp:attachment":[{"href":"https:\/\/nge.vn\/en\/wp-json\/wp\/v2\/media?parent=1428"}],"wp:term":[{"taxonomy":"product_brand","embeddable":true,"href":"https:\/\/nge.vn\/en\/wp-json\/wp\/v2\/product_brand?post=1428"},{"taxonomy":"product_cat","embeddable":true,"href":"https:\/\/nge.vn\/en\/wp-json\/wp\/v2\/product_cat?post=1428"},{"taxonomy":"product_tag","embeddable":true,"href":"https:\/\/nge.vn\/en\/wp-json\/wp\/v2\/product_tag?post=1428"}],"curies":[{"name":"wp","href":"https:\/\/api.w.org\/{rel}","templated":true}]}}