{"id":1418,"date":"2024-10-25T15:48:41","date_gmt":"2024-10-25T08:48:41","guid":{"rendered":"https:\/\/nge.123websitedev.com\/san-pham\/board-dieu-khien-may-in-3d-11-truc-bigtreetech-gtr-v1-0-board-mo-rong-m5-v1-0\/"},"modified":"2024-10-28T16:03:06","modified_gmt":"2024-10-28T09:03:06","slug":"board-dieu-khien-may-in-3d-11-truc-bigtreetech-gtr-v1-0-board-mo-rong-m5-v1-0","status":"publish","type":"product","link":"https:\/\/nge.vn\/en\/product\/board-dieu-khien-may-in-3d-11-truc-bigtreetech-gtr-v1-0-board-mo-rong-m5-v1-0\/","title":{"rendered":"Board \u0111i\u1ec1u khi\u1ec3n m\u00e1y in 3d 11 tr\u1ee5c BIGTREETECH GTR V1.0 &amp; board m\u1edf r\u1ed9ng M5 V1.0"},"content":{"rendered":"<p>Board \u0111i\u1ec1u khi\u1ec3n m\u00e1y in 3d 11 tr\u1ee5c BIGTREETECH GTR V1.0 &amp; board m\u1edf r\u1ed9ng M5 V1.0<br \/>\n_Giao di\u1ec7n \u0111\u1eb9p, c\u00f4ng c\u1ee5 v\u00e0 bo m\u1ea1ch ch\u1ee7 \u0111\u00e1ng tin c\u1eady Bo m\u1ea1ch ch\u1ee7 m\u00e1y in 3d 11 tr\u1ee5c, h\u1ed7 tr\u1ee3 in nhi\u1ec1u m\u00e0u<\/p>\n<p>_13 l\u1ee3i th\u1ebf in nhi\u1ec1u m\u00e0u<br \/>\nBo m\u1ea1ch ch\u1ee7 m\u00e1y in 3d 11 tr\u1ee5c, h\u1ed7 tr\u1ee3 in nhi\u1ec1u m\u00e0u.<\/p>\n<p>_GTR V1.0<br \/>\n6 motor drives<br \/>\n3 extruders<br \/>\n3 CNC fan<\/p>\n<p>_M5 V1.0<br \/>\n5 motor drives<br \/>\n5 extruders<br \/>\n5 CNC fan<\/p>\n<p>_Chip \u0111i\u1ec1u khi\u1ec3n ch\u00ednh<br \/>\nS\u1eed d\u1ee5ng chip STM32F407IGT6 d\u00f2ng Cortex-M4 c\u1ea5p ARM 168MHZ t\u1ea7n s\u1ed1 ch\u00ednh 32 bit, hi\u1ec7u su\u1ea5t \u0111\u01b0\u1ee3c c\u1ea3i thi\u1ec7n \u0111\u00e1ng k\u1ec3<\/p>\n<p>_An to\u00e0n v\u00e0 \u0111\u00e1ng tin c\u1eady<br \/>\nPWM, STEP, DIR v\u00e0 MCU ch\u00ednh th\u1ef1c hi\u1ec7n x\u1eed l\u00fd c\u00e1ch ly t\u00edn hi\u1ec7u, t\u0103ng c\u01b0\u1eddng hi\u1ec7u qu\u1ea3 b\u1ea3o v\u1ec7, ch\u1ed1ng nhi\u1ec5u.<\/p>\n<p>_C\u1ea3m bi\u1ebfn c\u1eb7p nhi\u1ec7t \u0111i\u1ec7n lo\u1ea1i K:<br \/>\nBo m\u1ea1ch ch\u00ednh v\u00e0 bo m\u1ea1ch m\u1edf r\u1ed9ng \u0111\u1ec1u \u0111\u01b0\u1ee3c trang b\u1ecb c\u1ea3m bi\u1ebfn c\u1eb7p nhi\u1ec7t \u0111i\u1ec7n lo\u1ea1i k \u0111\u1ed9c l\u1eadp, thu\u1eadn l\u1ee3i cho vi\u1ec7c ki\u1ec3m tra nhi\u1ec7t \u0111\u1ed9, an to\u00e0n h\u01a1n. N\u00f3 c\u00f3 th\u1ec3 \u0111o m\u1ed9t lo\u1ea1t c\u00e1c gi\u00e1 tr\u1ecb nhi\u1ec7t \u0111\u1ed9, (Trong tr\u01b0\u1eddng h\u1ee3p h\u1ed7 tr\u1ee3 ph\u1ea7n s\u1ee5n, v\u1ec1 m\u1eb7t l\u00fd thuy\u1ebft l\u00e0 -100\u2103-1100\u2103)<\/p>\n<p>_Ghi ch\u00fa:<br \/>\n1. Vi\u1ec7c n\u1ed1i d\u00e2y c\u1ef1c d\u01b0\u01a1ng v\u00e0 c\u1ef1c \u00e2m ph\u1ea3i \u0111\u01b0\u1ee3c tu\u00e2n th\u1ee7 nghi\u00eam ng\u1eb7t v\u00e0 d\u00e2y ch\u1eafn kim lo\u1ea1i c\u1ee7a c\u1eb7p nhi\u1ec7t \u0111i\u1ec7n lo\u1ea1i K kh\u00f4ng \u0111\u01b0\u1ee3c ch\u1ea1m v\u00e0o b\u1ea3ng \u0111\u1ec3 tr\u00e1nh \u0111o\u1ea3n m\u1ea1ch.<br \/>\n2.N\u1ebfu x\u1ea3y ra c\u1ea3nh b\u00e1o c\u1eb7p nhi\u1ec7t \u0111i\u1ec7n lo\u1ea1i K:*,Ki\u1ec3m tra xem c\u1eb7p nhi\u1ec7t \u0111i\u1ec7n lo\u1ea1i K c\u00f3 b\u1ecb l\u1ecfng kh\u00f4ng.*,Ki\u1ec3m tra xem c\u00e1c c\u1ef1c d\u01b0\u01a1ng v\u00e0 c\u1ef1c \u00e2m c\u1ee7a c\u1eb7p nhi\u1ec7t \u0111i\u1ec7n lo\u1ea1i K c\u00f3 ch\u00ednh x\u00e1c kh\u00f4ng<\/p>\n<p>_Tr\u1ee5c ph\u1ee5 \u0111a ch\u1ee9c n\u0103ng:<br \/>\nGiao di\u1ec7n \u0111i\u1ec1u khi\u1ec3n \u0111\u1ed9ng c\u01a1<br \/>\n+Bo m\u1ea1ch ch\u00ednh: X, Y, Z, E0, E1, E2, t\u1ed5ng c\u1ed9ng 6 k\u00eanh.<br \/>\n+B\u1ea3ng m\u1edf r\u1ed9ng: M1, M2, M3, M4, M5, t\u1ed5ng c\u1ed9ng 5 k\u00eanh.<\/p>\n<p>_T\u00f9y ch\u1ecdn in \u1ea5n phong ph\u00fa<br \/>\nC\u1ea3i thi\u1ec7n tr\u1ea3i nghi\u1ec7m ng\u01b0\u1eddi d\u00f9ng, \u0111\u1ec3 m\u00e1y in 3d ch\u01a1i nhi\u1ec1u h\u01a1n, linh ho\u1ea1t v\u00e0 h\u1ee3p t\u00e1c.<\/p>\n<p>Raspberry Pi<br \/>\n1.H\u1ed7 tr\u1ee3 in WIFI n\u1ed1i ti\u1ebfp.<br \/>\n2.H\u1ed7 tr\u1ee3 ch\u1ee9c n\u0103ng in th\u1ebb SD tr\u00ean bo m\u1ea1ch.<br \/>\n3.H\u1ed7 tr\u1ee3 in ngo\u1ea1i tuy\u1ebfn v\u00e0 in tr\u1ef1c tuy\u1ebfn.<br \/>\n4.H\u1ed7 tr\u1ee3 bo m\u1ea1ch ch\u1ee7 Raspberry Pi v\u00e0 GTR tr\u1ef1c tuy\u1ebfn,<br \/>\nth\u1ef1c hi\u1ec7n in \u0111i\u1ec1u khi\u1ec3n ph\u00eda WEB (trang web).<\/p>\n<p>_M\u1edf r\u1ed9ng ch\u1ee9c n\u0103ng h\u1ed7 tr\u1ee3<br \/>\nH\u1ed7 tr\u1ee3 c\u00e1c ch\u1ee9c n\u0103ng nh\u01b0 ti\u1ebfp t\u1ee5c in khi t\u1eaft ngu\u1ed3n, ph\u00e1t hi\u1ec7n d\u00e2y t\u00f3c, t\u1ef1 \u0111\u1ed9ng t\u1eaft sau khi t\u1eaft ngu\u1ed3n.<\/p>\n<p>_H\u1ed7 tr\u1ee3 m\u00e0n h\u00ecnh<br \/>\nH\u1ed7 tr\u1ee3 t\u1ea5t c\u1ea3 c\u00e1c m\u00e0n h\u00ecnh c\u1ee7a BIGTREETECH, nh\u01b0 &#8220;24\/28\/35&#8221; TFT, LCD2004, LCD12864, v.v.<\/p>\n<p>_Hi\u1ec7u qu\u1ea3 t\u1ea3n nhi\u1ec7t t\u1ed1t<br \/>\n*S\u1eed d\u1ee5ng \u1ed1ng MOSFET hi\u1ec7u su\u1ea5t cao \u0111\u1ec3 c\u00f3 hi\u1ec7u qu\u1ea3 t\u1ea3n nhi\u1ec7t t\u1ed1t h\u01a1n<br \/>\n*N\u00f3 c\u00f3 th\u1ec3 ch\u1ea5p nh\u1eadn \u0111\u1ea7u v\u00e0o 24V gi\u1ea3i quy\u1ebft hi\u1ec7u qu\u1ea3 v\u1ea5n \u0111\u1ec1 s\u01b0\u1edfi \u1ea5m c\u1ee7a \u1ed1ng MOS gi\u01b0\u1eddng n\u00f3ng<br \/>\n*H\u1ec7 th\u1ed1ng d\u00e2y \u0111i\u1ec7n tr\u00ean bo m\u1ea1ch PCB ch\u1eafc ch\u1eafn v\u00e0 \u0111\u1eb9p m\u1eaft, \u0111\u1ed3ng th\u1eddi \u0111\u01b0\u1ee3c t\u1ed1i \u01b0u h\u00f3a \u0111\u1eb7c bi\u1ec7t \u0111\u1ec3 t\u1ea3n nhi\u1ec7t<\/p>\n<p>_Ch\u1ee9c n\u0103ng ch\u1ed1ng t\u0129nh \u0111i\u1ec7n<br \/>\n\u0110i-\u1ed1t TVS \u0111\u01b0\u1ee3c th\u00eam v\u00e0o ngu\u1ed3n \u0111i\u1ec7n, n\u00f3 c\u00f3 th\u1ec3 ng\u0103n MCU kh\u1ecfi xung nh\u1ea5t th\u1eddi. Ch\u1eb3ng h\u1ea1n nh\u01b0 L\u1ed7i g\u00e2y ra b\u1edfi hi\u1ec7u \u1ee9ng x\u1ea3 t\u0129nh \u0111i\u1ec7n, d\u00f2ng \u0111i\u1ec7n t\u0103ng \u0111\u1ed9t bi\u1ebfn c\u1ee7a ngu\u1ed3n \u0111i\u1ec7n xoay chi\u1ec1u v\u00e0 ti\u1ebfng \u1ed3n c\u1ee7a ngu\u1ed3n \u0111i\u1ec7n chuy\u1ec3n \u0111\u1ed5i.<\/p>\n<p>_EEPROM tr\u00ean bo m\u1ea1ch<br \/>\nH\u1ed7 tr\u1ee3 EEPROM tr\u00ean bo m\u1ea1ch, d\u1eef li\u1ec7u c\u00f3 th\u1ec3 \u0111\u01b0\u1ee3c l\u01b0u tr\u1eef \u0111\u1ec3 tr\u00e1nh m\u1ea5t d\u1eef li\u1ec7u<\/p>\n<p>_Th\u00eam giao di\u1ec7n m\u1edf r\u1ed9ng<br \/>\nGiao di\u1ec7n m\u1edf r\u1ed9ng d\u00e0nh ri\u00eang cho BL touch, PWM, ADC, UART, I2C CAN<\/p>\n<p>**\u0110\u1ec3 \u0111\u01b0\u1ee3c nh\u1eadn \u0111\u01b0\u1ee3c gi\u00e1 \u01b0u \u0111\u00e3i t\u1ed1t nh\u1ea5t vui l\u00f2ng li\u00ean h\u1ec7 mua tr\u1ef1c ti\u1ebfp shop:<br \/>\n     0913.939.775 contact A.Quan (for English)<br \/>\n     094.144.0951 contact A.Quynh<br \/>\n**Selling price does not include VAT (+10% if VAT invoice is issued)<\/p>","protected":false},"excerpt":{"rendered":"<p>Board \u0111i\u1ec1u khi\u1ec3n m\u00e1y in 3d 11 tr\u1ee5c BIGTREETECH GTR V1.0 &amp; board m\u1edf r\u1ed9ng M5 V1.0<\/p>","protected":false},"featured_media":1409,"comment_status":"open","ping_status":"closed","template":"","meta":{"inline_featured_image":false},"product_brand":[],"product_cat":[40,39,49,58],"product_tag":[],"class_list":{"0":"post-1418","1":"product","2":"type-product","3":"status-publish","4":"has-post-thumbnail","6":"product_cat-linh-kien-va-phu-kien","7":"product_cat-may-in-3d","8":"product_cat-may-in-3d-biqu","9":"product_cat-phu-kien-may-in-3d-bigtreetech","11":"first","12":"instock","13":"taxable","14":"shipping-taxable","15":"purchasable","16":"product-type-simple"},"yoast_head":"<!-- This site is optimized with the Yoast SEO Premium plugin v22.8 (Yoast SEO v26.9) - https:\/\/yoast.com\/product\/yoast-seo-premium-wordpress\/ -->\n<title>Board \u0111i\u1ec1u khi\u1ec3n m\u00e1y in 3d 11 tr\u1ee5c BIGTREETECH GTR V1.0 &amp; board m\u1edf r\u1ed9ng M5 V1.0 - NGE 3D Printers Services<\/title>\n<meta name=\"robots\" content=\"index, follow, max-snippet:-1, max-image-preview:large, max-video-preview:-1\" \/>\n<link rel=\"canonical\" href=\"https:\/\/nge.vn\/en\/product\/board-dieu-khien-may-in-3d-11-truc-bigtreetech-gtr-v1-0-board-mo-rong-m5-v1-0\/\" \/>\n<meta property=\"og:locale\" content=\"en_US\" \/>\n<meta property=\"og:type\" content=\"article\" \/>\n<meta property=\"og:title\" content=\"Board \u0111i\u1ec1u khi\u1ec3n m\u00e1y in 3d 11 tr\u1ee5c BIGTREETECH GTR V1.0 &amp; board m\u1edf r\u1ed9ng M5 V1.0\" \/>\n<meta property=\"og:description\" content=\"Board \u0111i\u1ec1u khi\u1ec3n m\u00e1y in 3d 11 tr\u1ee5c BIGTREETECH GTR V1.0 &amp; board m\u1edf r\u1ed9ng M5 V1.0\" \/>\n<meta property=\"og:url\" content=\"https:\/\/nge.vn\/en\/product\/board-dieu-khien-may-in-3d-11-truc-bigtreetech-gtr-v1-0-board-mo-rong-m5-v1-0\/\" \/>\n<meta property=\"og:site_name\" content=\"NGE 3D Printers Services\" \/>\n<meta property=\"article:modified_time\" content=\"2024-10-28T09:03:06+00:00\" \/>\n<meta property=\"og:image\" content=\"https:\/\/nge.vn\/wp-content\/uploads\/2024\/10\/images-upload-woo2F12320b08e6224d9691ce895f85d729d2.jpg\" \/>\n\t<meta property=\"og:image:width\" content=\"1000\" \/>\n\t<meta property=\"og:image:height\" content=\"1000\" \/>\n\t<meta property=\"og:image:type\" content=\"image\/jpeg\" \/>\n<meta name=\"twitter:card\" content=\"summary_large_image\" \/>\n<meta name=\"twitter:label1\" content=\"Est. reading time\" \/>\n\t<meta name=\"twitter:data1\" content=\"5 minutes\" \/>\n<script type=\"application\/ld+json\" class=\"yoast-schema-graph\">{\"@context\":\"https:\/\/schema.org\",\"@graph\":[{\"@type\":\"WebPage\",\"@id\":\"https:\/\/nge.vn\/san-pham\/board-dieu-khien-may-in-3d-11-truc-bigtreetech-gtr-v1-0-board-mo-rong-m5-v1-0\/\",\"url\":\"https:\/\/nge.vn\/san-pham\/board-dieu-khien-may-in-3d-11-truc-bigtreetech-gtr-v1-0-board-mo-rong-m5-v1-0\/\",\"name\":\"Board \u0111i\u1ec1u khi\u1ec3n m\u00e1y in 3d 11 tr\u1ee5c BIGTREETECH GTR V1.0 &amp; board m\u1edf r\u1ed9ng M5 V1.0 - NGE 3D Printers Services\",\"isPartOf\":{\"@id\":\"https:\/\/nge.vn\/#website\"},\"primaryImageOfPage\":{\"@id\":\"https:\/\/nge.vn\/san-pham\/board-dieu-khien-may-in-3d-11-truc-bigtreetech-gtr-v1-0-board-mo-rong-m5-v1-0\/#primaryimage\"},\"image\":{\"@id\":\"https:\/\/nge.vn\/san-pham\/board-dieu-khien-may-in-3d-11-truc-bigtreetech-gtr-v1-0-board-mo-rong-m5-v1-0\/#primaryimage\"},\"thumbnailUrl\":\"https:\/\/nge.vn\/wp-content\/uploads\/2024\/10\/images-upload-woo2F12320b08e6224d9691ce895f85d729d2.jpg\",\"datePublished\":\"2024-10-25T08:48:41+00:00\",\"dateModified\":\"2024-10-28T09:03:06+00:00\",\"breadcrumb\":{\"@id\":\"https:\/\/nge.vn\/san-pham\/board-dieu-khien-may-in-3d-11-truc-bigtreetech-gtr-v1-0-board-mo-rong-m5-v1-0\/#breadcrumb\"},\"inLanguage\":\"en-US\",\"potentialAction\":[{\"@type\":\"ReadAction\",\"target\":[\"https:\/\/nge.vn\/san-pham\/board-dieu-khien-may-in-3d-11-truc-bigtreetech-gtr-v1-0-board-mo-rong-m5-v1-0\/\"]}]},{\"@type\":\"ImageObject\",\"inLanguage\":\"en-US\",\"@id\":\"https:\/\/nge.vn\/san-pham\/board-dieu-khien-may-in-3d-11-truc-bigtreetech-gtr-v1-0-board-mo-rong-m5-v1-0\/#primaryimage\",\"url\":\"https:\/\/nge.vn\/wp-content\/uploads\/2024\/10\/images-upload-woo2F12320b08e6224d9691ce895f85d729d2.jpg\",\"contentUrl\":\"https:\/\/nge.vn\/wp-content\/uploads\/2024\/10\/images-upload-woo2F12320b08e6224d9691ce895f85d729d2.jpg\",\"width\":1000,\"height\":1000},{\"@type\":\"BreadcrumbList\",\"@id\":\"https:\/\/nge.vn\/san-pham\/board-dieu-khien-may-in-3d-11-truc-bigtreetech-gtr-v1-0-board-mo-rong-m5-v1-0\/#breadcrumb\",\"itemListElement\":[{\"@type\":\"ListItem\",\"position\":1,\"name\":\"Trang ch\u1ee7\",\"item\":\"https:\/\/nge.vn\/\"},{\"@type\":\"ListItem\",\"position\":2,\"name\":\"S\u1ea3n ph\u1ea9m\",\"item\":\"https:\/\/nge.vn\/san-pham\/\"},{\"@type\":\"ListItem\",\"position\":3,\"name\":\"Board \u0111i\u1ec1u khi\u1ec3n m\u00e1y in 3d 11 tr\u1ee5c BIGTREETECH GTR V1.0 &amp; board m\u1edf r\u1ed9ng M5 V1.0\"}]},{\"@type\":\"WebSite\",\"@id\":\"https:\/\/nge.vn\/#website\",\"url\":\"https:\/\/nge.vn\/\",\"name\":\"NGE 3D Printers Services\",\"description\":\"\",\"potentialAction\":[{\"@type\":\"SearchAction\",\"target\":{\"@type\":\"EntryPoint\",\"urlTemplate\":\"https:\/\/nge.vn\/?s={search_term_string}\"},\"query-input\":{\"@type\":\"PropertyValueSpecification\",\"valueRequired\":true,\"valueName\":\"search_term_string\"}}],\"inLanguage\":\"en-US\"}]}<\/script>\n<!-- \/ Yoast SEO Premium plugin. -->","yoast_head_json":{"title":"Board \u0111i\u1ec1u khi\u1ec3n m\u00e1y in 3d 11 tr\u1ee5c BIGTREETECH GTR V1.0 &amp; board m\u1edf r\u1ed9ng M5 V1.0 - NGE 3D Printers Services","robots":{"index":"index","follow":"follow","max-snippet":"max-snippet:-1","max-image-preview":"max-image-preview:large","max-video-preview":"max-video-preview:-1"},"canonical":"https:\/\/nge.vn\/en\/product\/board-dieu-khien-may-in-3d-11-truc-bigtreetech-gtr-v1-0-board-mo-rong-m5-v1-0\/","og_locale":"en_US","og_type":"article","og_title":"Board \u0111i\u1ec1u khi\u1ec3n m\u00e1y in 3d 11 tr\u1ee5c BIGTREETECH GTR V1.0 &amp; board m\u1edf r\u1ed9ng M5 V1.0","og_description":"Board \u0111i\u1ec1u khi\u1ec3n m\u00e1y in 3d 11 tr\u1ee5c BIGTREETECH GTR V1.0 &amp; board m\u1edf r\u1ed9ng M5 V1.0","og_url":"https:\/\/nge.vn\/en\/product\/board-dieu-khien-may-in-3d-11-truc-bigtreetech-gtr-v1-0-board-mo-rong-m5-v1-0\/","og_site_name":"NGE 3D Printers Services","article_modified_time":"2024-10-28T09:03:06+00:00","og_image":[{"width":1000,"height":1000,"url":"https:\/\/nge.vn\/wp-content\/uploads\/2024\/10\/images-upload-woo2F12320b08e6224d9691ce895f85d729d2.jpg","type":"image\/jpeg"}],"twitter_card":"summary_large_image","twitter_misc":{"Est. reading time":"5 minutes"},"schema":{"@context":"https:\/\/schema.org","@graph":[{"@type":"WebPage","@id":"https:\/\/nge.vn\/san-pham\/board-dieu-khien-may-in-3d-11-truc-bigtreetech-gtr-v1-0-board-mo-rong-m5-v1-0\/","url":"https:\/\/nge.vn\/san-pham\/board-dieu-khien-may-in-3d-11-truc-bigtreetech-gtr-v1-0-board-mo-rong-m5-v1-0\/","name":"Board \u0111i\u1ec1u khi\u1ec3n m\u00e1y in 3d 11 tr\u1ee5c BIGTREETECH GTR V1.0 &amp; board m\u1edf r\u1ed9ng M5 V1.0 - NGE 3D Printers Services","isPartOf":{"@id":"https:\/\/nge.vn\/#website"},"primaryImageOfPage":{"@id":"https:\/\/nge.vn\/san-pham\/board-dieu-khien-may-in-3d-11-truc-bigtreetech-gtr-v1-0-board-mo-rong-m5-v1-0\/#primaryimage"},"image":{"@id":"https:\/\/nge.vn\/san-pham\/board-dieu-khien-may-in-3d-11-truc-bigtreetech-gtr-v1-0-board-mo-rong-m5-v1-0\/#primaryimage"},"thumbnailUrl":"https:\/\/nge.vn\/wp-content\/uploads\/2024\/10\/images-upload-woo2F12320b08e6224d9691ce895f85d729d2.jpg","datePublished":"2024-10-25T08:48:41+00:00","dateModified":"2024-10-28T09:03:06+00:00","breadcrumb":{"@id":"https:\/\/nge.vn\/san-pham\/board-dieu-khien-may-in-3d-11-truc-bigtreetech-gtr-v1-0-board-mo-rong-m5-v1-0\/#breadcrumb"},"inLanguage":"en-US","potentialAction":[{"@type":"ReadAction","target":["https:\/\/nge.vn\/san-pham\/board-dieu-khien-may-in-3d-11-truc-bigtreetech-gtr-v1-0-board-mo-rong-m5-v1-0\/"]}]},{"@type":"ImageObject","inLanguage":"en-US","@id":"https:\/\/nge.vn\/san-pham\/board-dieu-khien-may-in-3d-11-truc-bigtreetech-gtr-v1-0-board-mo-rong-m5-v1-0\/#primaryimage","url":"https:\/\/nge.vn\/wp-content\/uploads\/2024\/10\/images-upload-woo2F12320b08e6224d9691ce895f85d729d2.jpg","contentUrl":"https:\/\/nge.vn\/wp-content\/uploads\/2024\/10\/images-upload-woo2F12320b08e6224d9691ce895f85d729d2.jpg","width":1000,"height":1000},{"@type":"BreadcrumbList","@id":"https:\/\/nge.vn\/san-pham\/board-dieu-khien-may-in-3d-11-truc-bigtreetech-gtr-v1-0-board-mo-rong-m5-v1-0\/#breadcrumb","itemListElement":[{"@type":"ListItem","position":1,"name":"Trang ch\u1ee7","item":"https:\/\/nge.vn\/"},{"@type":"ListItem","position":2,"name":"S\u1ea3n ph\u1ea9m","item":"https:\/\/nge.vn\/san-pham\/"},{"@type":"ListItem","position":3,"name":"Board \u0111i\u1ec1u khi\u1ec3n m\u00e1y in 3d 11 tr\u1ee5c BIGTREETECH GTR V1.0 &amp; board m\u1edf r\u1ed9ng M5 V1.0"}]},{"@type":"WebSite","@id":"https:\/\/nge.vn\/#website","url":"https:\/\/nge.vn\/","name":"NGE 3D Printers Services","description":"","potentialAction":[{"@type":"SearchAction","target":{"@type":"EntryPoint","urlTemplate":"https:\/\/nge.vn\/?s={search_term_string}"},"query-input":{"@type":"PropertyValueSpecification","valueRequired":true,"valueName":"search_term_string"}}],"inLanguage":"en-US"}]}},"_links":{"self":[{"href":"https:\/\/nge.vn\/en\/wp-json\/wp\/v2\/product\/1418","targetHints":{"allow":["GET"]}}],"collection":[{"href":"https:\/\/nge.vn\/en\/wp-json\/wp\/v2\/product"}],"about":[{"href":"https:\/\/nge.vn\/en\/wp-json\/wp\/v2\/types\/product"}],"replies":[{"embeddable":true,"href":"https:\/\/nge.vn\/en\/wp-json\/wp\/v2\/comments?post=1418"}],"wp:featuredmedia":[{"embeddable":true,"href":"https:\/\/nge.vn\/en\/wp-json\/wp\/v2\/media\/1409"}],"wp:attachment":[{"href":"https:\/\/nge.vn\/en\/wp-json\/wp\/v2\/media?parent=1418"}],"wp:term":[{"taxonomy":"product_brand","embeddable":true,"href":"https:\/\/nge.vn\/en\/wp-json\/wp\/v2\/product_brand?post=1418"},{"taxonomy":"product_cat","embeddable":true,"href":"https:\/\/nge.vn\/en\/wp-json\/wp\/v2\/product_cat?post=1418"},{"taxonomy":"product_tag","embeddable":true,"href":"https:\/\/nge.vn\/en\/wp-json\/wp\/v2\/product_tag?post=1418"}],"curies":[{"name":"wp","href":"https:\/\/api.w.org\/{rel}","templated":true}]}}