{"id":1408,"date":"2024-10-25T15:46:40","date_gmt":"2024-10-25T08:46:40","guid":{"rendered":"https:\/\/nge.123websitedev.com\/san-pham\/bang-dieu-khien-bigtreetech-octopus-v1-1-cho-voron-2-4-rat-rig-blv\/"},"modified":"2024-10-28T16:00:19","modified_gmt":"2024-10-28T09:00:19","slug":"bang-dieu-khien-bigtreetech-octopus-v1-1-cho-voron-2-4-rat-rig-blv","status":"publish","type":"product","link":"https:\/\/nge.vn\/en\/product\/bang-dieu-khien-bigtreetech-octopus-v1-1-cho-voron-2-4-rat-rig-blv\/","title":{"rendered":"BIGTREETECH Octopus V1.1 Control Panel for Voron 2.4 &amp; Rat Rig &amp; BLV\u2026"},"content":{"rendered":"<p>Bo m\u1ea1ch \u0111i\u1ec1u khi\u1ec3n \/ Mainboard Octopus V1.1<\/p>\n<p>\ud83d\udc19 \u3010Chip \u0111i\u1ec1u khi\u1ec3n ch\u00ednh\u3011S\u1eed d\u1ee5ng chip \u0111i\u1ec1u khi\u1ec3n ch\u00ednh d\u00f2ng ARM Cortex-M4 STM32F446ZET6 32 bit v\u1edbi t\u1ea7n s\u1ed1 l\u00f5i l\u00e0 180MHz.<br \/>\n\ud83d\udc19 \u3010H\u1ed7 tr\u1ee3 DIY m\u1ea1nh m\u1ebd\u3011Bo m\u1ea1ch ch\u1ee7 n\u00e0y h\u1ed7 tr\u1ee3 t\u1ed1i \u0111a 8 tr\u00ecnh \u0111i\u1ec1u khi\u1ec3n b\u01b0\u1edbc v\u1edbi t\u1ed5ng c\u1ed9ng 9 \u0111\u1ea7u ra tr\u00ecnh \u0111i\u1ec1u khi\u1ec3n b\u01b0\u1edbc; V\u00e0 t\u1ed1i \u0111a 6 qu\u1ea1t PWM v\u00e0 2 qu\u1ea1t lu\u00f4n b\u1eadt v\u1edbi kh\u1ea3 n\u0103ng ch\u1ecdn ri\u00eang \u0111\u01b0\u1eddng ray \u0111i\u1ec7n \u00e1p s\u1ebd \u0111i\u1ec1u khi\u1ec3n t\u1eebng qu\u1ea1t. Ch\u1ecdn t\u1eeb Vin, 12V ho\u1eb7c 5V.<br \/>\n\ud83d\udc19 \u3010Ch\u1ee9c n\u0103ng m\u1edf r\u1ed9ng bo m\u1ea1ch ch\u1ee7\u3011H\u1ed7 tr\u1ee3 BLTouch, ph\u00e1t hi\u1ec7n r\u00f4-to b\u1ecb kh\u00f3a, t\u1eaft sau khi in, ti\u1ebfp t\u1ee5c in sau khi m\u1ea5t \u0111i\u1ec7n, CAN bus, ch\u1ee9c n\u0103ng \u0111\u0129a U, m\u1edf r\u1ed9ng IIC; \u0111\u1ed3ng th\u1eddi giao di\u1ec7n WIFI d\u00e0nh ri\u00eang, giao di\u1ec7n nhi\u1ec7t \u0111i\u1ec7n tr\u1edf PT100 (t\u00f9y ch\u1ecdn), m\u00e1y in tr\u1ee5c Z k\u00e9p.<br \/>\n\ud83d\udc19 \u3010T\u00ednh n\u0103ng c\u1ee7a Tr\u00ecnh \u0111i\u1ec1u khi\u1ec3n TMC2209\u3011Tr\u00ecnh \u0111i\u1ec1u khi\u1ec3n b\u01b0\u1edbc TMC2209 kh\u00f4ng d\u1ec5 b\u1ecb m\u1ea5t b\u01b0\u1edbc v\u00e0 \u1edf ch\u1ebf \u0111\u1ed9 c\u1ef1c k\u1ef3 y\u00ean t\u0129nh; m\u00f4-\u0111un c\u00f3 di\u1ec7n t\u00edch mi\u1ebfng t\u1ea3n nhi\u1ec7t l\u1edbn, c\u00f3 th\u1ec3 gi\u1ea3m nhi\u1ec7t \u0111\u1ed9 c\u1ee7a tr\u00ecnh \u0111i\u1ec1u khi\u1ec3n khi n\u00f3 ho\u1ea1t \u0111\u1ed9ng; m\u00f4-\u0111un h\u1ed7 tr\u1ee3 ba ch\u1ebf \u0111\u1ed9: B\u01af\u1edaC \/ TR\u1ef0C TI\u1ebeP v\u00e0 UART.<br \/>\n\ud83d\udc19 \u3010Ch\u1ebf \u0111\u1ed9 Tr\u00ecnh \u0111i\u1ec1u khi\u1ec3n TMC2209\u3011Tr\u00ecnh \u0111i\u1ec1u khi\u1ec3n \u0110\u1ed9ng c\u01a1 TMC c\u00f3 th\u1ec3 \u0111\u01b0\u1ee3c s\u1eed d\u1ee5ng \u1edf ch\u1ebf \u0111\u1ed9 SPI ho\u1eb7c UART b\u1eb1ng c\u00e1ch ch\u1ec9 c\u1ea7n \u0111i\u1ec1u ch\u1ec9nh c\u00e1c n\u00fat nh\u1ea3y t\u00edch h\u1ee3p b\u00ean d\u01b0\u1edbi m\u1ed7i tr\u00ecnh \u0111i\u1ec1u khi\u1ec3n \u0111\u1ed9ng c\u01a1. Ngo\u00e0i ra, b\u1ea1n c\u00f3 th\u1ec3 k\u1ebft n\u1ed1i ho\u1eb7c ng\u1eaft k\u1ebft n\u1ed1i ch\u00e2n TMC DIAG b\u1eb1ng c\u00e1ch s\u1eed d\u1ee5ng m\u1ed9t n\u00fat nh\u1ea3y t\u00edch h\u1ee3p cho ph\u00e9p b\u1ea1n s\u1eed d\u1ee5ng c\u00e1c \u0111i\u1ec3m d\u1eebng c\u1ee9ng ho\u1eb7c d\u1eabn h\u01b0\u1edbng kh\u00f4ng c\u1ea3m bi\u1ebfn m\u00e0 kh\u00f4ng c\u1ea7n ph\u1ea3i c\u1eaft b\u1ea5t k\u1ef3 ch\u00e2n n\u00e0o.<\/p>\n<p>***B\u1ea3ng \u0111i\u1ec1u khi\u1ec3n BIGTREETECH Octopus V1.1 \u0111\u01b0\u1ee3c s\u1eed cho m\u00e1y in 3d nh\u01b0 Voron 2.4 &amp; Rat Rig &amp; BLV&#8230;DIY<\/p>\n<p>***BIGTREETECH B\u1ea1ch Tu\u1ed9c V1.1 GitHub:<br \/>\nhttps:\/\/github.com\/bigtreetech\/BIGTREETECH-OCTOPUS-V1.0<\/p>\n<p>**\u0110\u1ec3 \u0111\u01b0\u1ee3c nh\u1eadn \u0111\u01b0\u1ee3c gi\u00e1 \u01b0u \u0111\u00e3i t\u1ed1t nh\u1ea5t vui l\u00f2ng li\u00ean h\u1ec7 mua tr\u1ef1c ti\u1ebfp shop:<br \/>\n     0913.939.775 contact A.Quan (for English)<br \/>\n     094.144.0951 contact A.Quynh<br \/>\n**Selling price does not include VAT (+10% if VAT invoice is issued)<\/p>","protected":false},"excerpt":{"rendered":"<p>BIGTREETECH Octopus V1.1 Control Panel for Voron 2.4 &amp; Rat Rig &amp; BLV\u2026<\/p>","protected":false},"featured_media":1399,"comment_status":"open","ping_status":"closed","template":"","meta":{"inline_featured_image":false},"product_brand":[],"product_cat":[40,39,49,58],"product_tag":[],"class_list":{"0":"post-1408","1":"product","2":"type-product","3":"status-publish","4":"has-post-thumbnail","6":"product_cat-linh-kien-va-phu-kien","7":"product_cat-may-in-3d","8":"product_cat-may-in-3d-biqu","9":"product_cat-phu-kien-may-in-3d-bigtreetech","11":"first","12":"instock","13":"taxable","14":"shipping-taxable","15":"purchasable","16":"product-type-simple"},"yoast_head":"<!-- This site is optimized with the Yoast SEO Premium plugin v22.8 (Yoast SEO v26.9) - https:\/\/yoast.com\/product\/yoast-seo-premium-wordpress\/ -->\n<title>B\u1ea3ng \u0111i\u1ec1u khi\u1ec3n BIGTREETECH Octopus V1.1 cho Voron 2.4 &amp; Rat Rig &amp; BLV... - NGE 3D Printers Services<\/title>\n<meta name=\"robots\" content=\"index, follow, max-snippet:-1, max-image-preview:large, max-video-preview:-1\" \/>\n<link rel=\"canonical\" href=\"https:\/\/nge.vn\/en\/product\/bang-dieu-khien-bigtreetech-octopus-v1-1-cho-voron-2-4-rat-rig-blv\/\" \/>\n<meta property=\"og:locale\" content=\"en_US\" \/>\n<meta property=\"og:type\" content=\"article\" \/>\n<meta property=\"og:title\" content=\"B\u1ea3ng \u0111i\u1ec1u khi\u1ec3n BIGTREETECH Octopus V1.1 cho Voron 2.4 &amp; Rat Rig &amp; BLV...\" \/>\n<meta property=\"og:description\" content=\"B\u1ea3ng \u0111i\u1ec1u khi\u1ec3n BIGTREETECH Octopus V1.1 cho Voron 2.4 &amp; Rat Rig &amp; BLV...\" \/>\n<meta property=\"og:url\" content=\"https:\/\/nge.vn\/en\/product\/bang-dieu-khien-bigtreetech-octopus-v1-1-cho-voron-2-4-rat-rig-blv\/\" \/>\n<meta property=\"og:site_name\" content=\"NGE 3D Printers Services\" \/>\n<meta property=\"article:modified_time\" content=\"2024-10-28T09:00:19+00:00\" \/>\n<meta property=\"og:image\" content=\"https:\/\/nge.vn\/wp-content\/uploads\/2024\/10\/images-upload-woo2F306ad6e55f4c5f19dcdd7f3e1b427aff.jpg\" \/>\n\t<meta property=\"og:image:width\" content=\"560\" \/>\n\t<meta property=\"og:image:height\" content=\"560\" \/>\n\t<meta property=\"og:image:type\" content=\"image\/jpeg\" \/>\n<meta name=\"twitter:card\" content=\"summary_large_image\" \/>\n<meta name=\"twitter:label1\" content=\"Est. reading time\" \/>\n\t<meta name=\"twitter:data1\" content=\"3 minutes\" \/>\n<script type=\"application\/ld+json\" class=\"yoast-schema-graph\">{\"@context\":\"https:\/\/schema.org\",\"@graph\":[{\"@type\":\"WebPage\",\"@id\":\"https:\/\/nge.vn\/san-pham\/bang-dieu-khien-bigtreetech-octopus-v1-1-cho-voron-2-4-rat-rig-blv\/\",\"url\":\"https:\/\/nge.vn\/san-pham\/bang-dieu-khien-bigtreetech-octopus-v1-1-cho-voron-2-4-rat-rig-blv\/\",\"name\":\"B\u1ea3ng \u0111i\u1ec1u khi\u1ec3n BIGTREETECH Octopus V1.1 cho Voron 2.4 &amp; Rat Rig &amp; BLV... - NGE 3D Printers Services\",\"isPartOf\":{\"@id\":\"https:\/\/nge.vn\/#website\"},\"primaryImageOfPage\":{\"@id\":\"https:\/\/nge.vn\/san-pham\/bang-dieu-khien-bigtreetech-octopus-v1-1-cho-voron-2-4-rat-rig-blv\/#primaryimage\"},\"image\":{\"@id\":\"https:\/\/nge.vn\/san-pham\/bang-dieu-khien-bigtreetech-octopus-v1-1-cho-voron-2-4-rat-rig-blv\/#primaryimage\"},\"thumbnailUrl\":\"https:\/\/nge.vn\/wp-content\/uploads\/2024\/10\/images-upload-woo2F306ad6e55f4c5f19dcdd7f3e1b427aff.jpg\",\"datePublished\":\"2024-10-25T08:46:40+00:00\",\"dateModified\":\"2024-10-28T09:00:19+00:00\",\"breadcrumb\":{\"@id\":\"https:\/\/nge.vn\/san-pham\/bang-dieu-khien-bigtreetech-octopus-v1-1-cho-voron-2-4-rat-rig-blv\/#breadcrumb\"},\"inLanguage\":\"en-US\",\"potentialAction\":[{\"@type\":\"ReadAction\",\"target\":[\"https:\/\/nge.vn\/san-pham\/bang-dieu-khien-bigtreetech-octopus-v1-1-cho-voron-2-4-rat-rig-blv\/\"]}]},{\"@type\":\"ImageObject\",\"inLanguage\":\"en-US\",\"@id\":\"https:\/\/nge.vn\/san-pham\/bang-dieu-khien-bigtreetech-octopus-v1-1-cho-voron-2-4-rat-rig-blv\/#primaryimage\",\"url\":\"https:\/\/nge.vn\/wp-content\/uploads\/2024\/10\/images-upload-woo2F306ad6e55f4c5f19dcdd7f3e1b427aff.jpg\",\"contentUrl\":\"https:\/\/nge.vn\/wp-content\/uploads\/2024\/10\/images-upload-woo2F306ad6e55f4c5f19dcdd7f3e1b427aff.jpg\",\"width\":560,\"height\":560},{\"@type\":\"BreadcrumbList\",\"@id\":\"https:\/\/nge.vn\/san-pham\/bang-dieu-khien-bigtreetech-octopus-v1-1-cho-voron-2-4-rat-rig-blv\/#breadcrumb\",\"itemListElement\":[{\"@type\":\"ListItem\",\"position\":1,\"name\":\"Trang ch\u1ee7\",\"item\":\"https:\/\/nge.vn\/\"},{\"@type\":\"ListItem\",\"position\":2,\"name\":\"S\u1ea3n ph\u1ea9m\",\"item\":\"https:\/\/nge.vn\/san-pham\/\"},{\"@type\":\"ListItem\",\"position\":3,\"name\":\"B\u1ea3ng \u0111i\u1ec1u khi\u1ec3n BIGTREETECH Octopus V1.1 cho Voron 2.4 &amp; Rat Rig &amp; BLV&#8230;\"}]},{\"@type\":\"WebSite\",\"@id\":\"https:\/\/nge.vn\/#website\",\"url\":\"https:\/\/nge.vn\/\",\"name\":\"NGE 3D Printers Services\",\"description\":\"\",\"potentialAction\":[{\"@type\":\"SearchAction\",\"target\":{\"@type\":\"EntryPoint\",\"urlTemplate\":\"https:\/\/nge.vn\/?s={search_term_string}\"},\"query-input\":{\"@type\":\"PropertyValueSpecification\",\"valueRequired\":true,\"valueName\":\"search_term_string\"}}],\"inLanguage\":\"en-US\"}]}<\/script>\n<!-- \/ Yoast SEO Premium plugin. -->","yoast_head_json":{"title":"B\u1ea3ng \u0111i\u1ec1u khi\u1ec3n BIGTREETECH Octopus V1.1 cho Voron 2.4 &amp; Rat Rig &amp; BLV... - NGE 3D Printers Services","robots":{"index":"index","follow":"follow","max-snippet":"max-snippet:-1","max-image-preview":"max-image-preview:large","max-video-preview":"max-video-preview:-1"},"canonical":"https:\/\/nge.vn\/en\/product\/bang-dieu-khien-bigtreetech-octopus-v1-1-cho-voron-2-4-rat-rig-blv\/","og_locale":"en_US","og_type":"article","og_title":"B\u1ea3ng \u0111i\u1ec1u khi\u1ec3n BIGTREETECH Octopus V1.1 cho Voron 2.4 &amp; Rat Rig &amp; BLV...","og_description":"B\u1ea3ng \u0111i\u1ec1u khi\u1ec3n BIGTREETECH Octopus V1.1 cho Voron 2.4 &amp; Rat Rig &amp; BLV...","og_url":"https:\/\/nge.vn\/en\/product\/bang-dieu-khien-bigtreetech-octopus-v1-1-cho-voron-2-4-rat-rig-blv\/","og_site_name":"NGE 3D Printers Services","article_modified_time":"2024-10-28T09:00:19+00:00","og_image":[{"width":560,"height":560,"url":"https:\/\/nge.vn\/wp-content\/uploads\/2024\/10\/images-upload-woo2F306ad6e55f4c5f19dcdd7f3e1b427aff.jpg","type":"image\/jpeg"}],"twitter_card":"summary_large_image","twitter_misc":{"Est. reading time":"3 minutes"},"schema":{"@context":"https:\/\/schema.org","@graph":[{"@type":"WebPage","@id":"https:\/\/nge.vn\/san-pham\/bang-dieu-khien-bigtreetech-octopus-v1-1-cho-voron-2-4-rat-rig-blv\/","url":"https:\/\/nge.vn\/san-pham\/bang-dieu-khien-bigtreetech-octopus-v1-1-cho-voron-2-4-rat-rig-blv\/","name":"B\u1ea3ng \u0111i\u1ec1u khi\u1ec3n BIGTREETECH Octopus V1.1 cho Voron 2.4 &amp; Rat Rig &amp; BLV... - NGE 3D Printers Services","isPartOf":{"@id":"https:\/\/nge.vn\/#website"},"primaryImageOfPage":{"@id":"https:\/\/nge.vn\/san-pham\/bang-dieu-khien-bigtreetech-octopus-v1-1-cho-voron-2-4-rat-rig-blv\/#primaryimage"},"image":{"@id":"https:\/\/nge.vn\/san-pham\/bang-dieu-khien-bigtreetech-octopus-v1-1-cho-voron-2-4-rat-rig-blv\/#primaryimage"},"thumbnailUrl":"https:\/\/nge.vn\/wp-content\/uploads\/2024\/10\/images-upload-woo2F306ad6e55f4c5f19dcdd7f3e1b427aff.jpg","datePublished":"2024-10-25T08:46:40+00:00","dateModified":"2024-10-28T09:00:19+00:00","breadcrumb":{"@id":"https:\/\/nge.vn\/san-pham\/bang-dieu-khien-bigtreetech-octopus-v1-1-cho-voron-2-4-rat-rig-blv\/#breadcrumb"},"inLanguage":"en-US","potentialAction":[{"@type":"ReadAction","target":["https:\/\/nge.vn\/san-pham\/bang-dieu-khien-bigtreetech-octopus-v1-1-cho-voron-2-4-rat-rig-blv\/"]}]},{"@type":"ImageObject","inLanguage":"en-US","@id":"https:\/\/nge.vn\/san-pham\/bang-dieu-khien-bigtreetech-octopus-v1-1-cho-voron-2-4-rat-rig-blv\/#primaryimage","url":"https:\/\/nge.vn\/wp-content\/uploads\/2024\/10\/images-upload-woo2F306ad6e55f4c5f19dcdd7f3e1b427aff.jpg","contentUrl":"https:\/\/nge.vn\/wp-content\/uploads\/2024\/10\/images-upload-woo2F306ad6e55f4c5f19dcdd7f3e1b427aff.jpg","width":560,"height":560},{"@type":"BreadcrumbList","@id":"https:\/\/nge.vn\/san-pham\/bang-dieu-khien-bigtreetech-octopus-v1-1-cho-voron-2-4-rat-rig-blv\/#breadcrumb","itemListElement":[{"@type":"ListItem","position":1,"name":"Trang ch\u1ee7","item":"https:\/\/nge.vn\/"},{"@type":"ListItem","position":2,"name":"S\u1ea3n ph\u1ea9m","item":"https:\/\/nge.vn\/san-pham\/"},{"@type":"ListItem","position":3,"name":"B\u1ea3ng \u0111i\u1ec1u khi\u1ec3n BIGTREETECH Octopus V1.1 cho Voron 2.4 &amp; Rat Rig &amp; BLV&#8230;"}]},{"@type":"WebSite","@id":"https:\/\/nge.vn\/#website","url":"https:\/\/nge.vn\/","name":"NGE 3D Printers Services","description":"","potentialAction":[{"@type":"SearchAction","target":{"@type":"EntryPoint","urlTemplate":"https:\/\/nge.vn\/?s={search_term_string}"},"query-input":{"@type":"PropertyValueSpecification","valueRequired":true,"valueName":"search_term_string"}}],"inLanguage":"en-US"}]}},"_links":{"self":[{"href":"https:\/\/nge.vn\/en\/wp-json\/wp\/v2\/product\/1408","targetHints":{"allow":["GET"]}}],"collection":[{"href":"https:\/\/nge.vn\/en\/wp-json\/wp\/v2\/product"}],"about":[{"href":"https:\/\/nge.vn\/en\/wp-json\/wp\/v2\/types\/product"}],"replies":[{"embeddable":true,"href":"https:\/\/nge.vn\/en\/wp-json\/wp\/v2\/comments?post=1408"}],"wp:featuredmedia":[{"embeddable":true,"href":"https:\/\/nge.vn\/en\/wp-json\/wp\/v2\/media\/1399"}],"wp:attachment":[{"href":"https:\/\/nge.vn\/en\/wp-json\/wp\/v2\/media?parent=1408"}],"wp:term":[{"taxonomy":"product_brand","embeddable":true,"href":"https:\/\/nge.vn\/en\/wp-json\/wp\/v2\/product_brand?post=1408"},{"taxonomy":"product_cat","embeddable":true,"href":"https:\/\/nge.vn\/en\/wp-json\/wp\/v2\/product_cat?post=1408"},{"taxonomy":"product_tag","embeddable":true,"href":"https:\/\/nge.vn\/en\/wp-json\/wp\/v2\/product_tag?post=1408"}],"curies":[{"name":"wp","href":"https:\/\/api.w.org\/{rel}","templated":true}]}}