{"id":1394,"date":"2024-10-25T15:44:38","date_gmt":"2024-10-25T08:44:38","guid":{"rendered":"https:\/\/nge.123websitedev.com\/san-pham\/board-dieu-khien-may-in-3d-bigtreetech-octopus-pro-v1-0\/"},"modified":"2024-10-28T15:10:43","modified_gmt":"2024-10-28T08:10:43","slug":"board-dieu-khien-may-in-3d-bigtreetech-octopus-pro-v1-0","status":"publish","type":"product","link":"https:\/\/nge.vn\/en\/product\/board-dieu-khien-may-in-3d-bigtreetech-octopus-pro-v1-0\/","title":{"rendered":"BIGTREETECH Octopus Pro V1.0 3d printer control board"},"content":{"rendered":"<p>BIGTREETECH Octopus Pro V1.0 3d printer control board<br \/>\n\u3010Chip \u0111i\u1ec1u khi\u1ec3n ch\u00ednh\u3011B\u1ea3ng \u0111i\u1ec1u khi\u1ec3n ch\u00ednh s\u1eed d\u1ee5ng chip Cortex-M4 d\u00f2ng 32 bit c\u1ea5p ARM STM32H723ZE\/STM32F429ZE\/STM32F446ZE v\u1edbi t\u1ea7n s\u1ed1 l\u00ean t\u1edbi 168MHz v\u00e0 \u0111\u00e8n flash l\u00e0 1MB.<\/p>\n<p>\u3010H\u1ed7 tr\u1ee3 \u0111\u1ea7u v\u00e0o 60V\u3011H\u1ed7 tr\u1ee3 bo m\u1ea1ch ch\u1ee7 m\u00e1y in 3D t\u1ed1i \u0111a 8 \u0111\u1ed9ng c\u01a1 b\u01b0\u1edbc t\u1ed1i \u0111a 60V. B\u1ed9 ngu\u1ed3n \u1ed5 \u0111\u0129a \u0111\u1ed9ng c\u01a1 h\u1ed7 tr\u1ee3 \u0111\u1ea7u v\u00e0o l\u00ean \u0111\u1ebfn 60V (ch\u1ec9 d\u00e0nh cho ngu\u1ed3n \u0111i\u1ec7n \u1ed5 \u0111\u0129a \u0111\u1ed9ng c\u01a1).<\/p>\n<p>\u30106 Qu\u1ea1t c\u00f3 th\u1ec3 \u0111i\u1ec1u khi\u1ec3n\u3011T\u1ed1i \u0111a 6 qu\u1ea1t c\u00f3 th\u1ec3 \u0111i\u1ec1u khi\u1ec3n, hai qu\u1ea1t th\u01b0\u1eddng m\u1edf v\u00e0 c\u1ea3 hai \u0111\u1ec1u h\u1ed7 tr\u1ee3 \u0111i\u1ec7n \u00e1p ngu\u1ed3n, c\u00e1c t\u00f9y ch\u1ecdn 12V, 5V.<\/p>\n<p>\u3010C\u1eadp nh\u1eadt ch\u01b0\u01a1ng tr\u00ecnh c\u01a1 s\u1edf: Klipper\/Marlin\/RRF\u3011H\u1ed7 tr\u1ee3 c\u1eadp nh\u1eadt ch\u01b0\u01a1ng tr\u00ecnh c\u01a1 s\u1edf qua ch\u1ebf \u0111\u1ed9 DFU. \u0110\u00e2y l\u00e0 n\u01a1i ph\u1ea7n s\u1ee5n \u0111\u01b0\u1ee3c g\u1eedi tr\u1ef1c ti\u1ebfp \u0111\u1ebfn bo m\u1ea1ch t\u1eeb PC v\u00e0 kh\u00f4ng y\u00eau c\u1ea7u b\u1ed9 t\u1ea3i kh\u1edfi \u0111\u1ed9ng, tuy nhi\u00ean ph\u01b0\u01a1ng ph\u00e1p n\u00e0y kh\u00f4ng \u0111\u01b0\u1ee3c khuy\u1ebfn ngh\u1ecb cho ng\u01b0\u1eddi d\u00f9ng m\u1edbi l\u00e0m quen nh\u01b0 s\u1ebd th\u1ea3o lu\u1eadn sau trong t\u00e0i li\u1ec7u n\u00e0y.<\/p>\n<p>\u3010IC chuy\u1ec3n \u0111\u1ed5i m\u1ee9c\u3011H\u1ed7 tr\u1ee3 c\u1ea3m bi\u1ebfn ti\u1ec7m c\u1eadn, \u0111i\u1ec7n tr\u1edf k\u00e9o l\u00ean t\u00f9y ch\u1ecdn jumper, h\u1ed7 tr\u1ee3 nhi\u1ec1u ki\u1ec3u m\u00e1y h\u01a1n, h\u1ed7 tr\u1ee3 BL Touch.<\/p>\n<p>***T\u1ea3i firmware =&gt; https:\/\/github.com\/bigtreetech\/BIGTREETECH-OCTOPUS-V1.0\/tree\/master\/Firmware<\/p>\n<p>**\u0110\u1ec3 \u0111\u01b0\u1ee3c nh\u1eadn \u0111\u01b0\u1ee3c gi\u00e1 \u01b0u \u0111\u00e3i t\u1ed1t nh\u1ea5t vui l\u00f2ng li\u00ean h\u1ec7 mua tr\u1ef1c ti\u1ebfp shop:<br \/>\n0913.939.775 contact A.Quan (for English)<br \/>\n094.144.0951 contact A.Quynh<br \/>\n**Selling price does not include VAT (+10% if VAT invoice is issued)<\/p>","protected":false},"excerpt":{"rendered":"<p>BIGTREETECH Octopus Pro V1.0 3d printer control board<\/p>","protected":false},"featured_media":1385,"comment_status":"open","ping_status":"closed","template":"","meta":{"inline_featured_image":false},"product_brand":[],"product_cat":[39,49],"product_tag":[],"class_list":{"0":"post-1394","1":"product","2":"type-product","3":"status-publish","4":"has-post-thumbnail","6":"product_cat-may-in-3d","7":"product_cat-may-in-3d-biqu","9":"first","10":"instock","11":"taxable","12":"shipping-taxable","13":"purchasable","14":"product-type-variable"},"yoast_head":"<!-- This site is optimized with the Yoast SEO Premium plugin v22.8 (Yoast SEO v26.9) - https:\/\/yoast.com\/product\/yoast-seo-premium-wordpress\/ -->\n<title>Board \u0111i\u1ec1u khi\u1ec3n m\u00e1y in 3d BIGTREETECH Octopus Pro V1.0 - NGE 3D Printers Services<\/title>\n<meta name=\"robots\" content=\"index, follow, max-snippet:-1, max-image-preview:large, max-video-preview:-1\" \/>\n<link rel=\"canonical\" href=\"https:\/\/nge.vn\/en\/product\/board-dieu-khien-may-in-3d-bigtreetech-octopus-pro-v1-0\/\" \/>\n<meta property=\"og:locale\" content=\"en_US\" \/>\n<meta property=\"og:type\" content=\"article\" \/>\n<meta property=\"og:title\" content=\"Board \u0111i\u1ec1u khi\u1ec3n m\u00e1y in 3d BIGTREETECH Octopus Pro V1.0\" \/>\n<meta property=\"og:description\" content=\"Board \u0111i\u1ec1u khi\u1ec3n m\u00e1y in 3d BIGTREETECH Octopus Pro V1.0\" \/>\n<meta property=\"og:url\" content=\"https:\/\/nge.vn\/en\/product\/board-dieu-khien-may-in-3d-bigtreetech-octopus-pro-v1-0\/\" \/>\n<meta property=\"og:site_name\" content=\"NGE 3D Printers Services\" \/>\n<meta property=\"article:modified_time\" content=\"2024-10-28T08:10:43+00:00\" \/>\n<meta property=\"og:image\" content=\"https:\/\/nge.vn\/wp-content\/uploads\/2024\/10\/images-upload-woo2Ff24800e464fd59d6da61394f22a1d9b0.jpg\" \/>\n\t<meta property=\"og:image:width\" content=\"600\" \/>\n\t<meta property=\"og:image:height\" content=\"600\" \/>\n\t<meta property=\"og:image:type\" content=\"image\/jpeg\" \/>\n<meta name=\"twitter:card\" content=\"summary_large_image\" \/>\n<meta name=\"twitter:label1\" content=\"Est. reading time\" \/>\n\t<meta name=\"twitter:data1\" content=\"2 minutes\" \/>\n<script type=\"application\/ld+json\" class=\"yoast-schema-graph\">{\"@context\":\"https:\/\/schema.org\",\"@graph\":[{\"@type\":\"WebPage\",\"@id\":\"https:\/\/nge.vn\/san-pham\/board-dieu-khien-may-in-3d-bigtreetech-octopus-pro-v1-0\/\",\"url\":\"https:\/\/nge.vn\/san-pham\/board-dieu-khien-may-in-3d-bigtreetech-octopus-pro-v1-0\/\",\"name\":\"Board \u0111i\u1ec1u khi\u1ec3n m\u00e1y in 3d BIGTREETECH Octopus Pro V1.0 - NGE 3D Printers Services\",\"isPartOf\":{\"@id\":\"https:\/\/nge.vn\/#website\"},\"primaryImageOfPage\":{\"@id\":\"https:\/\/nge.vn\/san-pham\/board-dieu-khien-may-in-3d-bigtreetech-octopus-pro-v1-0\/#primaryimage\"},\"image\":{\"@id\":\"https:\/\/nge.vn\/san-pham\/board-dieu-khien-may-in-3d-bigtreetech-octopus-pro-v1-0\/#primaryimage\"},\"thumbnailUrl\":\"https:\/\/nge.vn\/wp-content\/uploads\/2024\/10\/images-upload-woo2Ff24800e464fd59d6da61394f22a1d9b0.jpg\",\"datePublished\":\"2024-10-25T08:44:38+00:00\",\"dateModified\":\"2024-10-28T08:10:43+00:00\",\"breadcrumb\":{\"@id\":\"https:\/\/nge.vn\/san-pham\/board-dieu-khien-may-in-3d-bigtreetech-octopus-pro-v1-0\/#breadcrumb\"},\"inLanguage\":\"en-US\",\"potentialAction\":[{\"@type\":\"ReadAction\",\"target\":[\"https:\/\/nge.vn\/san-pham\/board-dieu-khien-may-in-3d-bigtreetech-octopus-pro-v1-0\/\"]}]},{\"@type\":\"ImageObject\",\"inLanguage\":\"en-US\",\"@id\":\"https:\/\/nge.vn\/san-pham\/board-dieu-khien-may-in-3d-bigtreetech-octopus-pro-v1-0\/#primaryimage\",\"url\":\"https:\/\/nge.vn\/wp-content\/uploads\/2024\/10\/images-upload-woo2Ff24800e464fd59d6da61394f22a1d9b0.jpg\",\"contentUrl\":\"https:\/\/nge.vn\/wp-content\/uploads\/2024\/10\/images-upload-woo2Ff24800e464fd59d6da61394f22a1d9b0.jpg\",\"width\":600,\"height\":600},{\"@type\":\"BreadcrumbList\",\"@id\":\"https:\/\/nge.vn\/san-pham\/board-dieu-khien-may-in-3d-bigtreetech-octopus-pro-v1-0\/#breadcrumb\",\"itemListElement\":[{\"@type\":\"ListItem\",\"position\":1,\"name\":\"Trang ch\u1ee7\",\"item\":\"https:\/\/nge.vn\/\"},{\"@type\":\"ListItem\",\"position\":2,\"name\":\"S\u1ea3n ph\u1ea9m\",\"item\":\"https:\/\/nge.vn\/san-pham\/\"},{\"@type\":\"ListItem\",\"position\":3,\"name\":\"Board \u0111i\u1ec1u khi\u1ec3n m\u00e1y in 3d BIGTREETECH Octopus Pro V1.0\"}]},{\"@type\":\"WebSite\",\"@id\":\"https:\/\/nge.vn\/#website\",\"url\":\"https:\/\/nge.vn\/\",\"name\":\"NGE 3D Printers Services\",\"description\":\"\",\"potentialAction\":[{\"@type\":\"SearchAction\",\"target\":{\"@type\":\"EntryPoint\",\"urlTemplate\":\"https:\/\/nge.vn\/?s={search_term_string}\"},\"query-input\":{\"@type\":\"PropertyValueSpecification\",\"valueRequired\":true,\"valueName\":\"search_term_string\"}}],\"inLanguage\":\"en-US\"}]}<\/script>\n<!-- \/ Yoast SEO Premium plugin. -->","yoast_head_json":{"title":"Board \u0111i\u1ec1u khi\u1ec3n m\u00e1y in 3d BIGTREETECH Octopus Pro V1.0 - NGE 3D Printers Services","robots":{"index":"index","follow":"follow","max-snippet":"max-snippet:-1","max-image-preview":"max-image-preview:large","max-video-preview":"max-video-preview:-1"},"canonical":"https:\/\/nge.vn\/en\/product\/board-dieu-khien-may-in-3d-bigtreetech-octopus-pro-v1-0\/","og_locale":"en_US","og_type":"article","og_title":"Board \u0111i\u1ec1u khi\u1ec3n m\u00e1y in 3d BIGTREETECH Octopus Pro V1.0","og_description":"Board \u0111i\u1ec1u khi\u1ec3n m\u00e1y in 3d BIGTREETECH Octopus Pro V1.0","og_url":"https:\/\/nge.vn\/en\/product\/board-dieu-khien-may-in-3d-bigtreetech-octopus-pro-v1-0\/","og_site_name":"NGE 3D Printers Services","article_modified_time":"2024-10-28T08:10:43+00:00","og_image":[{"width":600,"height":600,"url":"https:\/\/nge.vn\/wp-content\/uploads\/2024\/10\/images-upload-woo2Ff24800e464fd59d6da61394f22a1d9b0.jpg","type":"image\/jpeg"}],"twitter_card":"summary_large_image","twitter_misc":{"Est. reading time":"2 minutes"},"schema":{"@context":"https:\/\/schema.org","@graph":[{"@type":"WebPage","@id":"https:\/\/nge.vn\/san-pham\/board-dieu-khien-may-in-3d-bigtreetech-octopus-pro-v1-0\/","url":"https:\/\/nge.vn\/san-pham\/board-dieu-khien-may-in-3d-bigtreetech-octopus-pro-v1-0\/","name":"Board \u0111i\u1ec1u khi\u1ec3n m\u00e1y in 3d BIGTREETECH Octopus Pro V1.0 - NGE 3D Printers Services","isPartOf":{"@id":"https:\/\/nge.vn\/#website"},"primaryImageOfPage":{"@id":"https:\/\/nge.vn\/san-pham\/board-dieu-khien-may-in-3d-bigtreetech-octopus-pro-v1-0\/#primaryimage"},"image":{"@id":"https:\/\/nge.vn\/san-pham\/board-dieu-khien-may-in-3d-bigtreetech-octopus-pro-v1-0\/#primaryimage"},"thumbnailUrl":"https:\/\/nge.vn\/wp-content\/uploads\/2024\/10\/images-upload-woo2Ff24800e464fd59d6da61394f22a1d9b0.jpg","datePublished":"2024-10-25T08:44:38+00:00","dateModified":"2024-10-28T08:10:43+00:00","breadcrumb":{"@id":"https:\/\/nge.vn\/san-pham\/board-dieu-khien-may-in-3d-bigtreetech-octopus-pro-v1-0\/#breadcrumb"},"inLanguage":"en-US","potentialAction":[{"@type":"ReadAction","target":["https:\/\/nge.vn\/san-pham\/board-dieu-khien-may-in-3d-bigtreetech-octopus-pro-v1-0\/"]}]},{"@type":"ImageObject","inLanguage":"en-US","@id":"https:\/\/nge.vn\/san-pham\/board-dieu-khien-may-in-3d-bigtreetech-octopus-pro-v1-0\/#primaryimage","url":"https:\/\/nge.vn\/wp-content\/uploads\/2024\/10\/images-upload-woo2Ff24800e464fd59d6da61394f22a1d9b0.jpg","contentUrl":"https:\/\/nge.vn\/wp-content\/uploads\/2024\/10\/images-upload-woo2Ff24800e464fd59d6da61394f22a1d9b0.jpg","width":600,"height":600},{"@type":"BreadcrumbList","@id":"https:\/\/nge.vn\/san-pham\/board-dieu-khien-may-in-3d-bigtreetech-octopus-pro-v1-0\/#breadcrumb","itemListElement":[{"@type":"ListItem","position":1,"name":"Trang ch\u1ee7","item":"https:\/\/nge.vn\/"},{"@type":"ListItem","position":2,"name":"S\u1ea3n ph\u1ea9m","item":"https:\/\/nge.vn\/san-pham\/"},{"@type":"ListItem","position":3,"name":"Board \u0111i\u1ec1u khi\u1ec3n m\u00e1y in 3d BIGTREETECH Octopus Pro V1.0"}]},{"@type":"WebSite","@id":"https:\/\/nge.vn\/#website","url":"https:\/\/nge.vn\/","name":"NGE 3D Printers Services","description":"","potentialAction":[{"@type":"SearchAction","target":{"@type":"EntryPoint","urlTemplate":"https:\/\/nge.vn\/?s={search_term_string}"},"query-input":{"@type":"PropertyValueSpecification","valueRequired":true,"valueName":"search_term_string"}}],"inLanguage":"en-US"}]}},"_links":{"self":[{"href":"https:\/\/nge.vn\/en\/wp-json\/wp\/v2\/product\/1394","targetHints":{"allow":["GET"]}}],"collection":[{"href":"https:\/\/nge.vn\/en\/wp-json\/wp\/v2\/product"}],"about":[{"href":"https:\/\/nge.vn\/en\/wp-json\/wp\/v2\/types\/product"}],"replies":[{"embeddable":true,"href":"https:\/\/nge.vn\/en\/wp-json\/wp\/v2\/comments?post=1394"}],"wp:featuredmedia":[{"embeddable":true,"href":"https:\/\/nge.vn\/en\/wp-json\/wp\/v2\/media\/1385"}],"wp:attachment":[{"href":"https:\/\/nge.vn\/en\/wp-json\/wp\/v2\/media?parent=1394"}],"wp:term":[{"taxonomy":"product_brand","embeddable":true,"href":"https:\/\/nge.vn\/en\/wp-json\/wp\/v2\/product_brand?post=1394"},{"taxonomy":"product_cat","embeddable":true,"href":"https:\/\/nge.vn\/en\/wp-json\/wp\/v2\/product_cat?post=1394"},{"taxonomy":"product_tag","embeddable":true,"href":"https:\/\/nge.vn\/en\/wp-json\/wp\/v2\/product_tag?post=1394"}],"curies":[{"name":"wp","href":"https:\/\/api.w.org\/{rel}","templated":true}]}}