{"id":1384,"date":"2024-10-25T15:42:30","date_gmt":"2024-10-25T08:42:30","guid":{"rendered":"https:\/\/nge.123websitedev.com\/san-pham\/man-hinh-dieu-khien-may-in-3d-lcd-bigtreetech-tft35-v2-0\/"},"modified":"2024-10-28T15:54:07","modified_gmt":"2024-10-28T08:54:07","slug":"man-hinh-dieu-khien-may-in-3d-lcd-bigtreetech-tft35-v2-0","status":"publish","type":"product","link":"https:\/\/nge.vn\/en\/product\/man-hinh-dieu-khien-may-in-3d-lcd-bigtreetech-tft35-v2-0\/","title":{"rendered":"BIGTREETECH TFT35 V2.0 LCD 3d printer control screen"},"content":{"rendered":"<p>BIGTREETECH TFT35 V2.0 LCD 3d printer control screen<br \/>\nT\u00ednh n\u0103ng<br \/>\n1. M\u00e0n h\u00ecnh m\u00e0u c\u1ea3m \u1ee9ng 3.5 inch<br \/>\n2. Cung c\u1ea5p Li\u00ean t\u1ee5c ph\u1ea7n m\u1ec1m n\u00e2ng c\u1ea5p, d\u1ec5 d\u00e0ng n\u00e2ng c\u1ea5p.<br \/>\n3. C\u00f3 th\u1ec3 s\u1eed d\u1ee5ng \u0111\u01b0\u1ee3c tr\u00ean h\u1ea7u h\u1ebft c\u00e1c bo m\u1ea1ch ch\u1ee7 m\u00e1y in 3d.<br \/>\n4. S\u01b0 ch\u01b0\u01a1ng tr\u00ecnh kh\u00f4ng c\u1ea7n s\u1eeda \u0111\u1ed5i.<br \/>\n5. BIGTREETECH TFT35 V2.0 c\u00f3 th\u1ec3 h\u1ed7 tr\u1ee3 h\u00ecnh \u1ea3nh t\u00f9y bi\u1ebfn, kh\u1edfi \u0111\u1ed9ng logo, t\u1ea5t c\u1ea3 c\u00e1c n\u00fat h\u00ecnh \u1ea3nh c\u00f3 th\u1ec3 \u0111\u01b0\u1ee3c thi\u1ebft k\u1ebf.<\/p>\n<p>B\u1ea1n c\u00f3 th\u1ec3 tham kh\u1ea3o \u0111\u1ec3 ki\u1ec3m tra v\u1edbi link n\u00e0y:<br \/>\nhttps:\/\/github.com\/bigtreetech\/BIGTREETECH-TFT35-V1.2\/blob\/master\/TFT35%20screen%20customize.pdf<\/p>\n<p>C\u00e0ng chi ti\u1ebft c\u1ee7a TFT 3.5 firmware (h\u1ed7 tr\u1ee3 t\u00f9y ch\u1ec9nh), xin Click v\u00e0o link n\u00e0y:<br \/>\nhttps:\/\/github.com\/bigtreetech\/BIGTREETECH-TFT35-V1.2\/tree\/master\/firmware<\/p>\n<p>**\u0110\u1ec3 \u0111\u01b0\u1ee3c nh\u1eadn \u0111\u01b0\u1ee3c gi\u00e1 \u01b0u \u0111\u00e3i t\u1ed1t nh\u1ea5t vui l\u00f2ng li\u00ean h\u1ec7 mua tr\u1ef1c ti\u1ebfp shop:<br \/>\n     0913.939.775 contact A.Quan (for English)<br \/>\n     094.144.0951 contact A.Quynh<br \/>\n**Selling price does not include VAT (+10% if VAT invoice is issued)<\/p>","protected":false},"excerpt":{"rendered":"<p>BIGTREETECH TFT35 V2.0 LCD 3d printer control screen<\/p>","protected":false},"featured_media":1375,"comment_status":"open","ping_status":"closed","template":"","meta":{"inline_featured_image":false},"product_brand":[],"product_cat":[40,39,49,58],"product_tag":[],"class_list":{"0":"post-1384","1":"product","2":"type-product","3":"status-publish","4":"has-post-thumbnail","6":"product_cat-linh-kien-va-phu-kien","7":"product_cat-may-in-3d","8":"product_cat-may-in-3d-biqu","9":"product_cat-phu-kien-may-in-3d-bigtreetech","11":"first","12":"instock","13":"taxable","14":"shipping-taxable","15":"purchasable","16":"product-type-simple"},"yoast_head":"<!-- This site is optimized with the Yoast SEO Premium plugin v22.8 (Yoast SEO v26.9) - https:\/\/yoast.com\/product\/yoast-seo-premium-wordpress\/ -->\n<title>M\u00e0n h\u00ecnh \u0111i\u1ec1u khi\u1ec3n m\u00e1y in 3d LCD BIGTREETECH TFT35 V2.0 - NGE 3D Printers Services<\/title>\n<meta name=\"robots\" content=\"index, follow, max-snippet:-1, max-image-preview:large, max-video-preview:-1\" \/>\n<link rel=\"canonical\" href=\"https:\/\/nge.vn\/en\/product\/man-hinh-dieu-khien-may-in-3d-lcd-bigtreetech-tft35-v2-0\/\" \/>\n<meta property=\"og:locale\" content=\"en_US\" \/>\n<meta property=\"og:type\" content=\"article\" \/>\n<meta property=\"og:title\" content=\"M\u00e0n h\u00ecnh \u0111i\u1ec1u khi\u1ec3n m\u00e1y in 3d LCD BIGTREETECH TFT35 V2.0\" \/>\n<meta property=\"og:description\" content=\"M\u00e0n h\u00ecnh \u0111i\u1ec1u khi\u1ec3n m\u00e1y in 3d LCD BIGTREETECH TFT35 V2.0\" \/>\n<meta property=\"og:url\" content=\"https:\/\/nge.vn\/en\/product\/man-hinh-dieu-khien-may-in-3d-lcd-bigtreetech-tft35-v2-0\/\" \/>\n<meta property=\"og:site_name\" content=\"NGE 3D Printers Services\" \/>\n<meta property=\"article:modified_time\" content=\"2024-10-28T08:54:07+00:00\" \/>\n<meta property=\"og:image\" content=\"https:\/\/nge.vn\/wp-content\/uploads\/2024\/10\/images-upload-woo2F1520a1c5b811ee64f7af1f62228a4a32.jpg\" \/>\n\t<meta property=\"og:image:width\" content=\"1000\" \/>\n\t<meta property=\"og:image:height\" content=\"1000\" \/>\n\t<meta property=\"og:image:type\" content=\"image\/jpeg\" \/>\n<meta name=\"twitter:card\" content=\"summary_large_image\" \/>\n<meta name=\"twitter:label1\" content=\"Est. reading time\" \/>\n\t<meta name=\"twitter:data1\" content=\"1 minute\" \/>\n<script type=\"application\/ld+json\" class=\"yoast-schema-graph\">{\"@context\":\"https:\/\/schema.org\",\"@graph\":[{\"@type\":\"WebPage\",\"@id\":\"https:\/\/nge.vn\/san-pham\/man-hinh-dieu-khien-may-in-3d-lcd-bigtreetech-tft35-v2-0\/\",\"url\":\"https:\/\/nge.vn\/san-pham\/man-hinh-dieu-khien-may-in-3d-lcd-bigtreetech-tft35-v2-0\/\",\"name\":\"M\u00e0n h\u00ecnh \u0111i\u1ec1u khi\u1ec3n m\u00e1y in 3d LCD BIGTREETECH TFT35 V2.0 - NGE 3D Printers Services\",\"isPartOf\":{\"@id\":\"https:\/\/nge.vn\/#website\"},\"primaryImageOfPage\":{\"@id\":\"https:\/\/nge.vn\/san-pham\/man-hinh-dieu-khien-may-in-3d-lcd-bigtreetech-tft35-v2-0\/#primaryimage\"},\"image\":{\"@id\":\"https:\/\/nge.vn\/san-pham\/man-hinh-dieu-khien-may-in-3d-lcd-bigtreetech-tft35-v2-0\/#primaryimage\"},\"thumbnailUrl\":\"https:\/\/nge.vn\/wp-content\/uploads\/2024\/10\/images-upload-woo2F1520a1c5b811ee64f7af1f62228a4a32.jpg\",\"datePublished\":\"2024-10-25T08:42:30+00:00\",\"dateModified\":\"2024-10-28T08:54:07+00:00\",\"breadcrumb\":{\"@id\":\"https:\/\/nge.vn\/san-pham\/man-hinh-dieu-khien-may-in-3d-lcd-bigtreetech-tft35-v2-0\/#breadcrumb\"},\"inLanguage\":\"en-US\",\"potentialAction\":[{\"@type\":\"ReadAction\",\"target\":[\"https:\/\/nge.vn\/san-pham\/man-hinh-dieu-khien-may-in-3d-lcd-bigtreetech-tft35-v2-0\/\"]}]},{\"@type\":\"ImageObject\",\"inLanguage\":\"en-US\",\"@id\":\"https:\/\/nge.vn\/san-pham\/man-hinh-dieu-khien-may-in-3d-lcd-bigtreetech-tft35-v2-0\/#primaryimage\",\"url\":\"https:\/\/nge.vn\/wp-content\/uploads\/2024\/10\/images-upload-woo2F1520a1c5b811ee64f7af1f62228a4a32.jpg\",\"contentUrl\":\"https:\/\/nge.vn\/wp-content\/uploads\/2024\/10\/images-upload-woo2F1520a1c5b811ee64f7af1f62228a4a32.jpg\",\"width\":1000,\"height\":1000},{\"@type\":\"BreadcrumbList\",\"@id\":\"https:\/\/nge.vn\/san-pham\/man-hinh-dieu-khien-may-in-3d-lcd-bigtreetech-tft35-v2-0\/#breadcrumb\",\"itemListElement\":[{\"@type\":\"ListItem\",\"position\":1,\"name\":\"Trang ch\u1ee7\",\"item\":\"https:\/\/nge.vn\/\"},{\"@type\":\"ListItem\",\"position\":2,\"name\":\"S\u1ea3n ph\u1ea9m\",\"item\":\"https:\/\/nge.vn\/san-pham\/\"},{\"@type\":\"ListItem\",\"position\":3,\"name\":\"M\u00e0n h\u00ecnh \u0111i\u1ec1u khi\u1ec3n m\u00e1y in 3d LCD BIGTREETECH TFT35 V2.0\"}]},{\"@type\":\"WebSite\",\"@id\":\"https:\/\/nge.vn\/#website\",\"url\":\"https:\/\/nge.vn\/\",\"name\":\"NGE 3D Printers Services\",\"description\":\"\",\"potentialAction\":[{\"@type\":\"SearchAction\",\"target\":{\"@type\":\"EntryPoint\",\"urlTemplate\":\"https:\/\/nge.vn\/?s={search_term_string}\"},\"query-input\":{\"@type\":\"PropertyValueSpecification\",\"valueRequired\":true,\"valueName\":\"search_term_string\"}}],\"inLanguage\":\"en-US\"}]}<\/script>\n<!-- \/ Yoast SEO Premium plugin. -->","yoast_head_json":{"title":"M\u00e0n h\u00ecnh \u0111i\u1ec1u khi\u1ec3n m\u00e1y in 3d LCD BIGTREETECH TFT35 V2.0 - NGE 3D Printers Services","robots":{"index":"index","follow":"follow","max-snippet":"max-snippet:-1","max-image-preview":"max-image-preview:large","max-video-preview":"max-video-preview:-1"},"canonical":"https:\/\/nge.vn\/en\/product\/man-hinh-dieu-khien-may-in-3d-lcd-bigtreetech-tft35-v2-0\/","og_locale":"en_US","og_type":"article","og_title":"M\u00e0n h\u00ecnh \u0111i\u1ec1u khi\u1ec3n m\u00e1y in 3d LCD BIGTREETECH TFT35 V2.0","og_description":"M\u00e0n h\u00ecnh \u0111i\u1ec1u khi\u1ec3n m\u00e1y in 3d LCD BIGTREETECH TFT35 V2.0","og_url":"https:\/\/nge.vn\/en\/product\/man-hinh-dieu-khien-may-in-3d-lcd-bigtreetech-tft35-v2-0\/","og_site_name":"NGE 3D Printers Services","article_modified_time":"2024-10-28T08:54:07+00:00","og_image":[{"width":1000,"height":1000,"url":"https:\/\/nge.vn\/wp-content\/uploads\/2024\/10\/images-upload-woo2F1520a1c5b811ee64f7af1f62228a4a32.jpg","type":"image\/jpeg"}],"twitter_card":"summary_large_image","twitter_misc":{"Est. reading time":"1 minute"},"schema":{"@context":"https:\/\/schema.org","@graph":[{"@type":"WebPage","@id":"https:\/\/nge.vn\/san-pham\/man-hinh-dieu-khien-may-in-3d-lcd-bigtreetech-tft35-v2-0\/","url":"https:\/\/nge.vn\/san-pham\/man-hinh-dieu-khien-may-in-3d-lcd-bigtreetech-tft35-v2-0\/","name":"M\u00e0n h\u00ecnh \u0111i\u1ec1u khi\u1ec3n m\u00e1y in 3d LCD BIGTREETECH TFT35 V2.0 - NGE 3D Printers Services","isPartOf":{"@id":"https:\/\/nge.vn\/#website"},"primaryImageOfPage":{"@id":"https:\/\/nge.vn\/san-pham\/man-hinh-dieu-khien-may-in-3d-lcd-bigtreetech-tft35-v2-0\/#primaryimage"},"image":{"@id":"https:\/\/nge.vn\/san-pham\/man-hinh-dieu-khien-may-in-3d-lcd-bigtreetech-tft35-v2-0\/#primaryimage"},"thumbnailUrl":"https:\/\/nge.vn\/wp-content\/uploads\/2024\/10\/images-upload-woo2F1520a1c5b811ee64f7af1f62228a4a32.jpg","datePublished":"2024-10-25T08:42:30+00:00","dateModified":"2024-10-28T08:54:07+00:00","breadcrumb":{"@id":"https:\/\/nge.vn\/san-pham\/man-hinh-dieu-khien-may-in-3d-lcd-bigtreetech-tft35-v2-0\/#breadcrumb"},"inLanguage":"en-US","potentialAction":[{"@type":"ReadAction","target":["https:\/\/nge.vn\/san-pham\/man-hinh-dieu-khien-may-in-3d-lcd-bigtreetech-tft35-v2-0\/"]}]},{"@type":"ImageObject","inLanguage":"en-US","@id":"https:\/\/nge.vn\/san-pham\/man-hinh-dieu-khien-may-in-3d-lcd-bigtreetech-tft35-v2-0\/#primaryimage","url":"https:\/\/nge.vn\/wp-content\/uploads\/2024\/10\/images-upload-woo2F1520a1c5b811ee64f7af1f62228a4a32.jpg","contentUrl":"https:\/\/nge.vn\/wp-content\/uploads\/2024\/10\/images-upload-woo2F1520a1c5b811ee64f7af1f62228a4a32.jpg","width":1000,"height":1000},{"@type":"BreadcrumbList","@id":"https:\/\/nge.vn\/san-pham\/man-hinh-dieu-khien-may-in-3d-lcd-bigtreetech-tft35-v2-0\/#breadcrumb","itemListElement":[{"@type":"ListItem","position":1,"name":"Trang ch\u1ee7","item":"https:\/\/nge.vn\/"},{"@type":"ListItem","position":2,"name":"S\u1ea3n ph\u1ea9m","item":"https:\/\/nge.vn\/san-pham\/"},{"@type":"ListItem","position":3,"name":"M\u00e0n h\u00ecnh \u0111i\u1ec1u khi\u1ec3n m\u00e1y in 3d LCD BIGTREETECH TFT35 V2.0"}]},{"@type":"WebSite","@id":"https:\/\/nge.vn\/#website","url":"https:\/\/nge.vn\/","name":"NGE 3D Printers Services","description":"","potentialAction":[{"@type":"SearchAction","target":{"@type":"EntryPoint","urlTemplate":"https:\/\/nge.vn\/?s={search_term_string}"},"query-input":{"@type":"PropertyValueSpecification","valueRequired":true,"valueName":"search_term_string"}}],"inLanguage":"en-US"}]}},"_links":{"self":[{"href":"https:\/\/nge.vn\/en\/wp-json\/wp\/v2\/product\/1384","targetHints":{"allow":["GET"]}}],"collection":[{"href":"https:\/\/nge.vn\/en\/wp-json\/wp\/v2\/product"}],"about":[{"href":"https:\/\/nge.vn\/en\/wp-json\/wp\/v2\/types\/product"}],"replies":[{"embeddable":true,"href":"https:\/\/nge.vn\/en\/wp-json\/wp\/v2\/comments?post=1384"}],"wp:featuredmedia":[{"embeddable":true,"href":"https:\/\/nge.vn\/en\/wp-json\/wp\/v2\/media\/1375"}],"wp:attachment":[{"href":"https:\/\/nge.vn\/en\/wp-json\/wp\/v2\/media?parent=1384"}],"wp:term":[{"taxonomy":"product_brand","embeddable":true,"href":"https:\/\/nge.vn\/en\/wp-json\/wp\/v2\/product_brand?post=1384"},{"taxonomy":"product_cat","embeddable":true,"href":"https:\/\/nge.vn\/en\/wp-json\/wp\/v2\/product_cat?post=1384"},{"taxonomy":"product_tag","embeddable":true,"href":"https:\/\/nge.vn\/en\/wp-json\/wp\/v2\/product_tag?post=1384"}],"curies":[{"name":"wp","href":"https:\/\/api.w.org\/{rel}","templated":true}]}}