{"id":1364,"date":"2024-10-25T15:39:17","date_gmt":"2024-10-25T08:39:17","guid":{"rendered":"https:\/\/nge.123websitedev.com\/san-pham\/man-hinh-dieu-khien-may-in-3d-lcd-bigtreetech-mini-12864-v1-0\/"},"modified":"2024-10-28T15:55:44","modified_gmt":"2024-10-28T08:55:44","slug":"man-hinh-dieu-khien-may-in-3d-lcd-bigtreetech-mini-12864-v1-0","status":"publish","type":"product","link":"https:\/\/nge.vn\/en\/product\/man-hinh-dieu-khien-may-in-3d-lcd-bigtreetech-mini-12864-v1-0\/","title":{"rendered":"BIGTREETECH MINI 12864 V1.0 LCD 3d printer control screen"},"content":{"rendered":"<p>BIGTREETECH MINI 12864 V1.0 LCD 3d printer control screen<\/p>\n<p>_\u0110\u1eb7c \u0111i\u1ec3m k\u1ef9 thu\u1eadt s\u1ea3n ph\u1ea9m<br \/>\n+K\u00edch th\u01b0\u1edbc ngo\u1ea1i h\u00ecnh: 104,99 * 47mm<br \/>\n+K\u00edch th\u01b0\u1edbc l\u1eafp \u0111\u1eb7t: Chi ti\u1ebft xem th\u00eam k\u00edch th\u01b0\u1edbc mini 12864<br \/>\n+Ngu\u1ed3n \u0111i\u1ec7n \u0111\u1ea7u v\u00e0o: DC 5V<br \/>\n+\u0110i\u1ec7n \u00e1p logic th\u1ebb SD: 3.3V\/5V (H\u1ed7 tr\u1ee3 bo m\u1ea1ch ch\u1ee7 c\u1ee7a chip \u0111i\u1ec1u khi\u1ec3n ch\u00ednh MEGA2560, kh\u1ea3 n\u0103ng t\u01b0\u01a1ng th\u00edch cao h\u01a1n)<\/p>\n<p>Ghi ch\u00fa:<br \/>\n1. Gi\u1ed1ng nh\u01b0 LCD 12864, n\u00f3 k\u1ebft n\u1ed1i v\u1edbi EXP1 v\u00e0 EXP 2 c\u1ee7a bo m\u1ea1ch ch\u1ee7.<br \/>\n2. \u0110\u00e8n n\u1ec1n c\u00f3 th\u1ec3 \u0111\u01b0\u1ee3c thi\u1ebft l\u1eadp v\u1edbi giao di\u1ec7n c\u1ee7a n\u00f3.<\/p>\n<p>Mini 12864 V1.0 bao g\u1ed3m EXP1 v\u00e0 EXP2 \u0111\u00f3ng vai tr\u00f2 l\u00e0 giao di\u1ec7n hi\u1ec3n th\u1ecb LCD c\u1ee7a bo m\u1ea1ch ch\u1ee7 th\u00f4ng th\u01b0\u1eddng.<\/p>\n<p>N\u00f3 c\u00f3 \u0111\u00e8n n\u1ec1n RGB nhi\u1ec1u m\u00e0u, l\u00e0m cho n\u00f3 tr\u00f4ng ng\u1ea7u h\u01a1n.<\/p>\n<p>C\u00e1ch s\u1eed d\u1ee5ng<br \/>\n1. B\u1eadt ngu\u1ed3n, sau \u0111\u00f3 nh\u1ea5n b\u1ed9 m\u00e3 h\u00f3a v\u00f2ng quay<br \/>\n2. Ch\u1ecdn \u0111\u00e8n<br \/>\n3. Sau \u0111\u00f3 nh\u1ea5n m\u1ed9t \u0110\u00e8n m\u1edbi: b\u1ea1n c\u00f3 th\u1ec3 quy\u1ebft \u0111\u1ecbnh c\u00f3 b\u1eadt RGB hay kh\u00f4ng.<br \/>\n4. M\u00e0n h\u00ecnh RGB c\u00f3 th\u1ec3 \u0111\u01b0\u1ee3c thi\u1ebft l\u1eadp v\u1edbi C\u00e0i \u0111\u1eb7t s\u1eb5n \u00e1nh s\u00e1ng<\/p>\n<p>**\u0110\u1ec3 \u0111\u01b0\u1ee3c nh\u1eadn \u0111\u01b0\u1ee3c gi\u00e1 \u01b0u \u0111\u00e3i t\u1ed1t nh\u1ea5t vui l\u00f2ng li\u00ean h\u1ec7 mua tr\u1ef1c ti\u1ebfp shop:<br \/>\n     0913.939.775 contact A.Quan (for English)<br \/>\n     094.144.0951 contact A.Quynh<br \/>\n**Selling price does not include VAT (+10% if VAT invoice is issued)<\/p>","protected":false},"excerpt":{"rendered":"<p>BIGTREETECH MINI 12864 V1.0 LCD 3d printer control screen<\/p>","protected":false},"featured_media":1355,"comment_status":"open","ping_status":"closed","template":"","meta":{"inline_featured_image":false},"product_brand":[],"product_cat":[40,39,49,58],"product_tag":[],"class_list":{"0":"post-1364","1":"product","2":"type-product","3":"status-publish","4":"has-post-thumbnail","6":"product_cat-linh-kien-va-phu-kien","7":"product_cat-may-in-3d","8":"product_cat-may-in-3d-biqu","9":"product_cat-phu-kien-may-in-3d-bigtreetech","11":"first","12":"instock","13":"taxable","14":"shipping-taxable","15":"purchasable","16":"product-type-simple"},"yoast_head":"<!-- This site is optimized with the Yoast SEO Premium plugin v22.8 (Yoast SEO v26.9) - https:\/\/yoast.com\/product\/yoast-seo-premium-wordpress\/ -->\n<title>M\u00e0n h\u00ecnh \u0111i\u1ec1u khi\u1ec3n m\u00e1y in 3d LCD BIGTREETECH MINI 12864 V1.0 - NGE 3D Printers Services<\/title>\n<meta name=\"robots\" content=\"index, follow, max-snippet:-1, max-image-preview:large, max-video-preview:-1\" \/>\n<link rel=\"canonical\" href=\"https:\/\/nge.vn\/en\/product\/man-hinh-dieu-khien-may-in-3d-lcd-bigtreetech-mini-12864-v1-0\/\" \/>\n<meta property=\"og:locale\" content=\"en_US\" \/>\n<meta property=\"og:type\" content=\"article\" \/>\n<meta property=\"og:title\" content=\"M\u00e0n h\u00ecnh \u0111i\u1ec1u khi\u1ec3n m\u00e1y in 3d LCD BIGTREETECH MINI 12864 V1.0\" \/>\n<meta property=\"og:description\" content=\"M\u00e0n h\u00ecnh \u0111i\u1ec1u khi\u1ec3n m\u00e1y in 3d LCD BIGTREETECH MINI 12864 V1.0\" \/>\n<meta property=\"og:url\" content=\"https:\/\/nge.vn\/en\/product\/man-hinh-dieu-khien-may-in-3d-lcd-bigtreetech-mini-12864-v1-0\/\" \/>\n<meta property=\"og:site_name\" content=\"NGE 3D Printers Services\" \/>\n<meta property=\"article:modified_time\" content=\"2024-10-28T08:55:44+00:00\" \/>\n<meta property=\"og:image\" content=\"https:\/\/nge.vn\/wp-content\/uploads\/2024\/10\/images-upload-woo2F14de5a7eaadc3a59421e1bcf608addde.jpg\" \/>\n\t<meta property=\"og:image:width\" content=\"600\" \/>\n\t<meta property=\"og:image:height\" content=\"600\" \/>\n\t<meta property=\"og:image:type\" content=\"image\/jpeg\" \/>\n<meta name=\"twitter:card\" content=\"summary_large_image\" \/>\n<meta name=\"twitter:label1\" content=\"Est. reading time\" \/>\n\t<meta name=\"twitter:data1\" content=\"2 minutes\" \/>\n<script type=\"application\/ld+json\" class=\"yoast-schema-graph\">{\"@context\":\"https:\/\/schema.org\",\"@graph\":[{\"@type\":\"WebPage\",\"@id\":\"https:\/\/nge.vn\/san-pham\/man-hinh-dieu-khien-may-in-3d-lcd-bigtreetech-mini-12864-v1-0\/\",\"url\":\"https:\/\/nge.vn\/san-pham\/man-hinh-dieu-khien-may-in-3d-lcd-bigtreetech-mini-12864-v1-0\/\",\"name\":\"M\u00e0n h\u00ecnh \u0111i\u1ec1u khi\u1ec3n m\u00e1y in 3d LCD BIGTREETECH MINI 12864 V1.0 - NGE 3D Printers Services\",\"isPartOf\":{\"@id\":\"https:\/\/nge.vn\/#website\"},\"primaryImageOfPage\":{\"@id\":\"https:\/\/nge.vn\/san-pham\/man-hinh-dieu-khien-may-in-3d-lcd-bigtreetech-mini-12864-v1-0\/#primaryimage\"},\"image\":{\"@id\":\"https:\/\/nge.vn\/san-pham\/man-hinh-dieu-khien-may-in-3d-lcd-bigtreetech-mini-12864-v1-0\/#primaryimage\"},\"thumbnailUrl\":\"https:\/\/nge.vn\/wp-content\/uploads\/2024\/10\/images-upload-woo2F14de5a7eaadc3a59421e1bcf608addde.jpg\",\"datePublished\":\"2024-10-25T08:39:17+00:00\",\"dateModified\":\"2024-10-28T08:55:44+00:00\",\"breadcrumb\":{\"@id\":\"https:\/\/nge.vn\/san-pham\/man-hinh-dieu-khien-may-in-3d-lcd-bigtreetech-mini-12864-v1-0\/#breadcrumb\"},\"inLanguage\":\"en-US\",\"potentialAction\":[{\"@type\":\"ReadAction\",\"target\":[\"https:\/\/nge.vn\/san-pham\/man-hinh-dieu-khien-may-in-3d-lcd-bigtreetech-mini-12864-v1-0\/\"]}]},{\"@type\":\"ImageObject\",\"inLanguage\":\"en-US\",\"@id\":\"https:\/\/nge.vn\/san-pham\/man-hinh-dieu-khien-may-in-3d-lcd-bigtreetech-mini-12864-v1-0\/#primaryimage\",\"url\":\"https:\/\/nge.vn\/wp-content\/uploads\/2024\/10\/images-upload-woo2F14de5a7eaadc3a59421e1bcf608addde.jpg\",\"contentUrl\":\"https:\/\/nge.vn\/wp-content\/uploads\/2024\/10\/images-upload-woo2F14de5a7eaadc3a59421e1bcf608addde.jpg\",\"width\":600,\"height\":600},{\"@type\":\"BreadcrumbList\",\"@id\":\"https:\/\/nge.vn\/san-pham\/man-hinh-dieu-khien-may-in-3d-lcd-bigtreetech-mini-12864-v1-0\/#breadcrumb\",\"itemListElement\":[{\"@type\":\"ListItem\",\"position\":1,\"name\":\"Trang ch\u1ee7\",\"item\":\"https:\/\/nge.vn\/\"},{\"@type\":\"ListItem\",\"position\":2,\"name\":\"S\u1ea3n ph\u1ea9m\",\"item\":\"https:\/\/nge.vn\/san-pham\/\"},{\"@type\":\"ListItem\",\"position\":3,\"name\":\"M\u00e0n h\u00ecnh \u0111i\u1ec1u khi\u1ec3n m\u00e1y in 3d LCD BIGTREETECH MINI 12864 V1.0\"}]},{\"@type\":\"WebSite\",\"@id\":\"https:\/\/nge.vn\/#website\",\"url\":\"https:\/\/nge.vn\/\",\"name\":\"NGE 3D Printers Services\",\"description\":\"\",\"potentialAction\":[{\"@type\":\"SearchAction\",\"target\":{\"@type\":\"EntryPoint\",\"urlTemplate\":\"https:\/\/nge.vn\/?s={search_term_string}\"},\"query-input\":{\"@type\":\"PropertyValueSpecification\",\"valueRequired\":true,\"valueName\":\"search_term_string\"}}],\"inLanguage\":\"en-US\"}]}<\/script>\n<!-- \/ Yoast SEO Premium plugin. -->","yoast_head_json":{"title":"M\u00e0n h\u00ecnh \u0111i\u1ec1u khi\u1ec3n m\u00e1y in 3d LCD BIGTREETECH MINI 12864 V1.0 - NGE 3D Printers Services","robots":{"index":"index","follow":"follow","max-snippet":"max-snippet:-1","max-image-preview":"max-image-preview:large","max-video-preview":"max-video-preview:-1"},"canonical":"https:\/\/nge.vn\/en\/product\/man-hinh-dieu-khien-may-in-3d-lcd-bigtreetech-mini-12864-v1-0\/","og_locale":"en_US","og_type":"article","og_title":"M\u00e0n h\u00ecnh \u0111i\u1ec1u khi\u1ec3n m\u00e1y in 3d LCD BIGTREETECH MINI 12864 V1.0","og_description":"M\u00e0n h\u00ecnh \u0111i\u1ec1u khi\u1ec3n m\u00e1y in 3d LCD BIGTREETECH MINI 12864 V1.0","og_url":"https:\/\/nge.vn\/en\/product\/man-hinh-dieu-khien-may-in-3d-lcd-bigtreetech-mini-12864-v1-0\/","og_site_name":"NGE 3D Printers Services","article_modified_time":"2024-10-28T08:55:44+00:00","og_image":[{"width":600,"height":600,"url":"https:\/\/nge.vn\/wp-content\/uploads\/2024\/10\/images-upload-woo2F14de5a7eaadc3a59421e1bcf608addde.jpg","type":"image\/jpeg"}],"twitter_card":"summary_large_image","twitter_misc":{"Est. reading time":"2 minutes"},"schema":{"@context":"https:\/\/schema.org","@graph":[{"@type":"WebPage","@id":"https:\/\/nge.vn\/san-pham\/man-hinh-dieu-khien-may-in-3d-lcd-bigtreetech-mini-12864-v1-0\/","url":"https:\/\/nge.vn\/san-pham\/man-hinh-dieu-khien-may-in-3d-lcd-bigtreetech-mini-12864-v1-0\/","name":"M\u00e0n h\u00ecnh \u0111i\u1ec1u khi\u1ec3n m\u00e1y in 3d LCD BIGTREETECH MINI 12864 V1.0 - NGE 3D Printers Services","isPartOf":{"@id":"https:\/\/nge.vn\/#website"},"primaryImageOfPage":{"@id":"https:\/\/nge.vn\/san-pham\/man-hinh-dieu-khien-may-in-3d-lcd-bigtreetech-mini-12864-v1-0\/#primaryimage"},"image":{"@id":"https:\/\/nge.vn\/san-pham\/man-hinh-dieu-khien-may-in-3d-lcd-bigtreetech-mini-12864-v1-0\/#primaryimage"},"thumbnailUrl":"https:\/\/nge.vn\/wp-content\/uploads\/2024\/10\/images-upload-woo2F14de5a7eaadc3a59421e1bcf608addde.jpg","datePublished":"2024-10-25T08:39:17+00:00","dateModified":"2024-10-28T08:55:44+00:00","breadcrumb":{"@id":"https:\/\/nge.vn\/san-pham\/man-hinh-dieu-khien-may-in-3d-lcd-bigtreetech-mini-12864-v1-0\/#breadcrumb"},"inLanguage":"en-US","potentialAction":[{"@type":"ReadAction","target":["https:\/\/nge.vn\/san-pham\/man-hinh-dieu-khien-may-in-3d-lcd-bigtreetech-mini-12864-v1-0\/"]}]},{"@type":"ImageObject","inLanguage":"en-US","@id":"https:\/\/nge.vn\/san-pham\/man-hinh-dieu-khien-may-in-3d-lcd-bigtreetech-mini-12864-v1-0\/#primaryimage","url":"https:\/\/nge.vn\/wp-content\/uploads\/2024\/10\/images-upload-woo2F14de5a7eaadc3a59421e1bcf608addde.jpg","contentUrl":"https:\/\/nge.vn\/wp-content\/uploads\/2024\/10\/images-upload-woo2F14de5a7eaadc3a59421e1bcf608addde.jpg","width":600,"height":600},{"@type":"BreadcrumbList","@id":"https:\/\/nge.vn\/san-pham\/man-hinh-dieu-khien-may-in-3d-lcd-bigtreetech-mini-12864-v1-0\/#breadcrumb","itemListElement":[{"@type":"ListItem","position":1,"name":"Trang ch\u1ee7","item":"https:\/\/nge.vn\/"},{"@type":"ListItem","position":2,"name":"S\u1ea3n ph\u1ea9m","item":"https:\/\/nge.vn\/san-pham\/"},{"@type":"ListItem","position":3,"name":"M\u00e0n h\u00ecnh \u0111i\u1ec1u khi\u1ec3n m\u00e1y in 3d LCD BIGTREETECH MINI 12864 V1.0"}]},{"@type":"WebSite","@id":"https:\/\/nge.vn\/#website","url":"https:\/\/nge.vn\/","name":"NGE 3D Printers Services","description":"","potentialAction":[{"@type":"SearchAction","target":{"@type":"EntryPoint","urlTemplate":"https:\/\/nge.vn\/?s={search_term_string}"},"query-input":{"@type":"PropertyValueSpecification","valueRequired":true,"valueName":"search_term_string"}}],"inLanguage":"en-US"}]}},"_links":{"self":[{"href":"https:\/\/nge.vn\/en\/wp-json\/wp\/v2\/product\/1364","targetHints":{"allow":["GET"]}}],"collection":[{"href":"https:\/\/nge.vn\/en\/wp-json\/wp\/v2\/product"}],"about":[{"href":"https:\/\/nge.vn\/en\/wp-json\/wp\/v2\/types\/product"}],"replies":[{"embeddable":true,"href":"https:\/\/nge.vn\/en\/wp-json\/wp\/v2\/comments?post=1364"}],"wp:featuredmedia":[{"embeddable":true,"href":"https:\/\/nge.vn\/en\/wp-json\/wp\/v2\/media\/1355"}],"wp:attachment":[{"href":"https:\/\/nge.vn\/en\/wp-json\/wp\/v2\/media?parent=1364"}],"wp:term":[{"taxonomy":"product_brand","embeddable":true,"href":"https:\/\/nge.vn\/en\/wp-json\/wp\/v2\/product_brand?post=1364"},{"taxonomy":"product_cat","embeddable":true,"href":"https:\/\/nge.vn\/en\/wp-json\/wp\/v2\/product_cat?post=1364"},{"taxonomy":"product_tag","embeddable":true,"href":"https:\/\/nge.vn\/en\/wp-json\/wp\/v2\/product_tag?post=1364"}],"curies":[{"name":"wp","href":"https:\/\/api.w.org\/{rel}","templated":true}]}}