{"id":1354,"date":"2024-10-25T15:37:39","date_gmt":"2024-10-25T08:37:39","guid":{"rendered":"https:\/\/nge.123websitedev.com\/san-pham\/driver-dieu-khien-dong-co-buoc-bigtreetech-tmc2209-v1-3-stepper-motor-driver\/"},"modified":"2024-10-28T15:55:07","modified_gmt":"2024-10-28T08:55:07","slug":"driver-dieu-khien-dong-co-buoc-bigtreetech-tmc2209-v1-3-stepper-motor-driver","status":"publish","type":"product","link":"https:\/\/nge.vn\/en\/product\/driver-dieu-khien-dong-co-buoc-bigtreetech-tmc2209-v1-3-stepper-motor-driver\/","title":{"rendered":"BIGTREETECH TMC2209 V1.3 Stepper Motor Driver"},"content":{"rendered":"<p>BIGTREETECH TMC2209 V1.3 Stepper Motor Driver<br \/>\nBIGTREETECH TMC2209 V1.3<br \/>\nTr\u00e1nh m\u1ea5t b\u01b0\u1edbc v\u00e0 rung l\u1eafc, qu\u00e1 tr\u00ecnh ng\u00e2m v\u00e0ng t\u1ea3n nhi\u1ec7t t\u1ed1t, si\u00eau y\u00ean t\u0129nh.<\/p>\n<p>Ch\u1ebf \u0111\u1ed9 l\u00e0m vi\u1ec7c: B\u01af\u1edaC\/TR\u1ef0C TI\u1ebeP, UART<\/p>\n<p>_Ch\u1ebf \u0111\u1ed9 UART, \u0111\u00e3 \u0111\u01b0\u1ee3c h\u00e0n.<br \/>\nNh\u01b0 th\u1ec3 hi\u1ec7n trong h\u00ecnh b\u00ean ph\u1ea3i, n\u1ebfu Ch\u00e2n th\u1ee9 5 \u0111\u01b0\u1ee3c s\u1eed d\u1ee5ng l\u00e0m Ch\u00e2n UART, \u0111i\u1ec7n tr\u1edf s\u1ebd \u0111\u01b0\u1ee3c lo\u1ea1i b\u1ecf v\u00e0 h\u00e0n v\u00e0o hai mi\u1ebfng \u0111\u1ec7m sau.<\/p>\n<p>_Ch\u1ebf \u0111\u1ed9 UART c\u1ee7a k\u1ebft n\u1ed1i TMC2209 V3.0 v\u1edbi bo m\u1ea1ch ch\u1ee7<\/p>\n<p>H\u01b0\u1edbng d\u1eabn \u0111i\u1ec1u ch\u1ec9nh chi\u1ebft \u00e1p<br \/>\n1. Xoay chi\u1ebft \u00e1p theo chi\u1ec1u kim \u0111\u1ed3ng h\u1ed3: gi\u1ea3m Vref \u0111\u1ec3 gi\u1ea3m d\u00f2ng \u0111i\u1ec1u khi\u1ec3n<br \/>\n2. Xoay chi\u1ebft \u00e1p ng\u01b0\u1ee3c chi\u1ec1u kim \u0111\u1ed3ng h\u1ed3: T\u0103ng Vref \u0111\u1ec3 t\u0103ng d\u00f2ng \u0111i\u1ec1u khi\u1ec3n.<\/p>\n<p>1. Khi l\u1eafp tr\u00ecnh \u0111i\u1ec1u khi\u1ec3n v\u00e0o bo m\u1ea1ch ch\u1ee7, h\u00e3y ch\u00fa \u00fd xem h\u01b0\u1edbng c\u1ee7a drive, kh\u00f4ng th\u1ec3 c\u1eafm ng\u01b0\u1ee3c l\u1ea1i, \u0111\u1ec3 tr\u00e1nh drive b\u1ecb ch\u00e1y.<br \/>\n2. \u0110\u1ea3m b\u1ea3o l\u00e0m t\u1ed1t c\u00f4ng vi\u1ec7c t\u1ea3n nhi\u1ec7t (t\u1ea3n nhi\u1ec7t + qu\u1ea1t) tr\u01b0\u1edbc khi \u0111i\u1ec1u khi\u1ec3n, tr\u00e1nh \u0111\u1ec3 bi\u1ebfn t\u1ea7n ho\u1ea1t \u0111\u1ed9ng kh\u00f4ng b\u00ecnh th\u01b0\u1eddng.<\/p>\n<p>_Specification<br \/>\nOperating Mode: STEP\/DIR or UART<br \/>\nPower Voltage (VM) :  4.75V&#8212;28V DC<br \/>\nPeak Current: 2.8A<br \/>\nCurrent RMS: 2A<br \/>\nMax Microsteps: 256<br \/>\nMicrostep Setting: 2, 4, 8, 16 (can be divided into 256)<\/p>\n<p>**\u0110\u1ec3 \u0111\u01b0\u1ee3c nh\u1eadn \u0111\u01b0\u1ee3c gi\u00e1 \u01b0u \u0111\u00e3i t\u1ed1t nh\u1ea5t vui l\u00f2ng li\u00ean h\u1ec7 mua tr\u1ef1c ti\u1ebfp shop:<br \/>\n     0913.939.775 contact A.Quan (for English)<br \/>\n     094.144.0951 contact A.Quynh<br \/>\n**Selling price does not include VAT (+10% if VAT invoice is issued)<\/p>","protected":false},"excerpt":{"rendered":"<p>BIGTREETECH TMC2209 V1.3 Stepper Motor Driver<\/p>","protected":false},"featured_media":1345,"comment_status":"open","ping_status":"closed","template":"","meta":{"inline_featured_image":false},"product_brand":[],"product_cat":[40,39,49,58],"product_tag":[],"class_list":{"0":"post-1354","1":"product","2":"type-product","3":"status-publish","4":"has-post-thumbnail","6":"product_cat-linh-kien-va-phu-kien","7":"product_cat-may-in-3d","8":"product_cat-may-in-3d-biqu","9":"product_cat-phu-kien-may-in-3d-bigtreetech","11":"first","12":"instock","13":"taxable","14":"shipping-taxable","15":"purchasable","16":"product-type-simple"},"yoast_head":"<!-- This site is optimized with the Yoast SEO Premium plugin v22.8 (Yoast SEO v26.9) - https:\/\/yoast.com\/product\/yoast-seo-premium-wordpress\/ -->\n<title>Driver \u0111i\u1ec1u khi\u1ec3n \u0111\u1ed9ng c\u01a1 b\u01b0\u1edbc BIGTREETECH TMC2209 V1.3 Stepper Motor Driver - NGE 3D Printers Services<\/title>\n<meta name=\"robots\" content=\"index, follow, max-snippet:-1, max-image-preview:large, max-video-preview:-1\" \/>\n<link rel=\"canonical\" href=\"https:\/\/nge.vn\/en\/product\/driver-dieu-khien-dong-co-buoc-bigtreetech-tmc2209-v1-3-stepper-motor-driver\/\" \/>\n<meta property=\"og:locale\" content=\"en_US\" \/>\n<meta property=\"og:type\" content=\"article\" \/>\n<meta property=\"og:title\" content=\"Driver \u0111i\u1ec1u khi\u1ec3n \u0111\u1ed9ng c\u01a1 b\u01b0\u1edbc BIGTREETECH TMC2209 V1.3 Stepper Motor Driver\" \/>\n<meta property=\"og:description\" content=\"Driver \u0111i\u1ec1u khi\u1ec3n \u0111\u1ed9ng c\u01a1 b\u01b0\u1edbc BIGTREETECH TMC2209 V1.3 Stepper Motor Driver\" \/>\n<meta property=\"og:url\" content=\"https:\/\/nge.vn\/en\/product\/driver-dieu-khien-dong-co-buoc-bigtreetech-tmc2209-v1-3-stepper-motor-driver\/\" \/>\n<meta property=\"og:site_name\" content=\"NGE 3D Printers Services\" \/>\n<meta property=\"article:modified_time\" content=\"2024-10-28T08:55:07+00:00\" \/>\n<meta property=\"og:image\" content=\"https:\/\/nge.vn\/wp-content\/uploads\/2024\/10\/images-upload-woo2Fe1995187037d076bfcfe8bb52fcb26bb.jpg\" \/>\n\t<meta property=\"og:image:width\" content=\"1000\" \/>\n\t<meta property=\"og:image:height\" content=\"1000\" \/>\n\t<meta property=\"og:image:type\" content=\"image\/jpeg\" \/>\n<meta name=\"twitter:card\" content=\"summary_large_image\" \/>\n<meta name=\"twitter:label1\" content=\"Est. reading time\" \/>\n\t<meta name=\"twitter:data1\" content=\"2 minutes\" \/>\n<script type=\"application\/ld+json\" class=\"yoast-schema-graph\">{\"@context\":\"https:\/\/schema.org\",\"@graph\":[{\"@type\":\"WebPage\",\"@id\":\"https:\/\/nge.vn\/san-pham\/driver-dieu-khien-dong-co-buoc-bigtreetech-tmc2209-v1-3-stepper-motor-driver\/\",\"url\":\"https:\/\/nge.vn\/san-pham\/driver-dieu-khien-dong-co-buoc-bigtreetech-tmc2209-v1-3-stepper-motor-driver\/\",\"name\":\"Driver \u0111i\u1ec1u khi\u1ec3n \u0111\u1ed9ng c\u01a1 b\u01b0\u1edbc BIGTREETECH TMC2209 V1.3 Stepper Motor Driver - NGE 3D Printers Services\",\"isPartOf\":{\"@id\":\"https:\/\/nge.vn\/#website\"},\"primaryImageOfPage\":{\"@id\":\"https:\/\/nge.vn\/san-pham\/driver-dieu-khien-dong-co-buoc-bigtreetech-tmc2209-v1-3-stepper-motor-driver\/#primaryimage\"},\"image\":{\"@id\":\"https:\/\/nge.vn\/san-pham\/driver-dieu-khien-dong-co-buoc-bigtreetech-tmc2209-v1-3-stepper-motor-driver\/#primaryimage\"},\"thumbnailUrl\":\"https:\/\/nge.vn\/wp-content\/uploads\/2024\/10\/images-upload-woo2Fe1995187037d076bfcfe8bb52fcb26bb.jpg\",\"datePublished\":\"2024-10-25T08:37:39+00:00\",\"dateModified\":\"2024-10-28T08:55:07+00:00\",\"breadcrumb\":{\"@id\":\"https:\/\/nge.vn\/san-pham\/driver-dieu-khien-dong-co-buoc-bigtreetech-tmc2209-v1-3-stepper-motor-driver\/#breadcrumb\"},\"inLanguage\":\"en-US\",\"potentialAction\":[{\"@type\":\"ReadAction\",\"target\":[\"https:\/\/nge.vn\/san-pham\/driver-dieu-khien-dong-co-buoc-bigtreetech-tmc2209-v1-3-stepper-motor-driver\/\"]}]},{\"@type\":\"ImageObject\",\"inLanguage\":\"en-US\",\"@id\":\"https:\/\/nge.vn\/san-pham\/driver-dieu-khien-dong-co-buoc-bigtreetech-tmc2209-v1-3-stepper-motor-driver\/#primaryimage\",\"url\":\"https:\/\/nge.vn\/wp-content\/uploads\/2024\/10\/images-upload-woo2Fe1995187037d076bfcfe8bb52fcb26bb.jpg\",\"contentUrl\":\"https:\/\/nge.vn\/wp-content\/uploads\/2024\/10\/images-upload-woo2Fe1995187037d076bfcfe8bb52fcb26bb.jpg\",\"width\":1000,\"height\":1000},{\"@type\":\"BreadcrumbList\",\"@id\":\"https:\/\/nge.vn\/san-pham\/driver-dieu-khien-dong-co-buoc-bigtreetech-tmc2209-v1-3-stepper-motor-driver\/#breadcrumb\",\"itemListElement\":[{\"@type\":\"ListItem\",\"position\":1,\"name\":\"Trang ch\u1ee7\",\"item\":\"https:\/\/nge.vn\/\"},{\"@type\":\"ListItem\",\"position\":2,\"name\":\"S\u1ea3n ph\u1ea9m\",\"item\":\"https:\/\/nge.vn\/san-pham\/\"},{\"@type\":\"ListItem\",\"position\":3,\"name\":\"Driver \u0111i\u1ec1u khi\u1ec3n \u0111\u1ed9ng c\u01a1 b\u01b0\u1edbc BIGTREETECH TMC2209 V1.3 Stepper Motor Driver\"}]},{\"@type\":\"WebSite\",\"@id\":\"https:\/\/nge.vn\/#website\",\"url\":\"https:\/\/nge.vn\/\",\"name\":\"NGE 3D Printers Services\",\"description\":\"\",\"potentialAction\":[{\"@type\":\"SearchAction\",\"target\":{\"@type\":\"EntryPoint\",\"urlTemplate\":\"https:\/\/nge.vn\/?s={search_term_string}\"},\"query-input\":{\"@type\":\"PropertyValueSpecification\",\"valueRequired\":true,\"valueName\":\"search_term_string\"}}],\"inLanguage\":\"en-US\"}]}<\/script>\n<!-- \/ Yoast SEO Premium plugin. -->","yoast_head_json":{"title":"Driver \u0111i\u1ec1u khi\u1ec3n \u0111\u1ed9ng c\u01a1 b\u01b0\u1edbc BIGTREETECH TMC2209 V1.3 Stepper Motor Driver - NGE 3D Printers Services","robots":{"index":"index","follow":"follow","max-snippet":"max-snippet:-1","max-image-preview":"max-image-preview:large","max-video-preview":"max-video-preview:-1"},"canonical":"https:\/\/nge.vn\/en\/product\/driver-dieu-khien-dong-co-buoc-bigtreetech-tmc2209-v1-3-stepper-motor-driver\/","og_locale":"en_US","og_type":"article","og_title":"Driver \u0111i\u1ec1u khi\u1ec3n \u0111\u1ed9ng c\u01a1 b\u01b0\u1edbc BIGTREETECH TMC2209 V1.3 Stepper Motor Driver","og_description":"Driver \u0111i\u1ec1u khi\u1ec3n \u0111\u1ed9ng c\u01a1 b\u01b0\u1edbc BIGTREETECH TMC2209 V1.3 Stepper Motor Driver","og_url":"https:\/\/nge.vn\/en\/product\/driver-dieu-khien-dong-co-buoc-bigtreetech-tmc2209-v1-3-stepper-motor-driver\/","og_site_name":"NGE 3D Printers Services","article_modified_time":"2024-10-28T08:55:07+00:00","og_image":[{"width":1000,"height":1000,"url":"https:\/\/nge.vn\/wp-content\/uploads\/2024\/10\/images-upload-woo2Fe1995187037d076bfcfe8bb52fcb26bb.jpg","type":"image\/jpeg"}],"twitter_card":"summary_large_image","twitter_misc":{"Est. reading time":"2 minutes"},"schema":{"@context":"https:\/\/schema.org","@graph":[{"@type":"WebPage","@id":"https:\/\/nge.vn\/san-pham\/driver-dieu-khien-dong-co-buoc-bigtreetech-tmc2209-v1-3-stepper-motor-driver\/","url":"https:\/\/nge.vn\/san-pham\/driver-dieu-khien-dong-co-buoc-bigtreetech-tmc2209-v1-3-stepper-motor-driver\/","name":"Driver \u0111i\u1ec1u khi\u1ec3n \u0111\u1ed9ng c\u01a1 b\u01b0\u1edbc BIGTREETECH TMC2209 V1.3 Stepper Motor Driver - NGE 3D Printers Services","isPartOf":{"@id":"https:\/\/nge.vn\/#website"},"primaryImageOfPage":{"@id":"https:\/\/nge.vn\/san-pham\/driver-dieu-khien-dong-co-buoc-bigtreetech-tmc2209-v1-3-stepper-motor-driver\/#primaryimage"},"image":{"@id":"https:\/\/nge.vn\/san-pham\/driver-dieu-khien-dong-co-buoc-bigtreetech-tmc2209-v1-3-stepper-motor-driver\/#primaryimage"},"thumbnailUrl":"https:\/\/nge.vn\/wp-content\/uploads\/2024\/10\/images-upload-woo2Fe1995187037d076bfcfe8bb52fcb26bb.jpg","datePublished":"2024-10-25T08:37:39+00:00","dateModified":"2024-10-28T08:55:07+00:00","breadcrumb":{"@id":"https:\/\/nge.vn\/san-pham\/driver-dieu-khien-dong-co-buoc-bigtreetech-tmc2209-v1-3-stepper-motor-driver\/#breadcrumb"},"inLanguage":"en-US","potentialAction":[{"@type":"ReadAction","target":["https:\/\/nge.vn\/san-pham\/driver-dieu-khien-dong-co-buoc-bigtreetech-tmc2209-v1-3-stepper-motor-driver\/"]}]},{"@type":"ImageObject","inLanguage":"en-US","@id":"https:\/\/nge.vn\/san-pham\/driver-dieu-khien-dong-co-buoc-bigtreetech-tmc2209-v1-3-stepper-motor-driver\/#primaryimage","url":"https:\/\/nge.vn\/wp-content\/uploads\/2024\/10\/images-upload-woo2Fe1995187037d076bfcfe8bb52fcb26bb.jpg","contentUrl":"https:\/\/nge.vn\/wp-content\/uploads\/2024\/10\/images-upload-woo2Fe1995187037d076bfcfe8bb52fcb26bb.jpg","width":1000,"height":1000},{"@type":"BreadcrumbList","@id":"https:\/\/nge.vn\/san-pham\/driver-dieu-khien-dong-co-buoc-bigtreetech-tmc2209-v1-3-stepper-motor-driver\/#breadcrumb","itemListElement":[{"@type":"ListItem","position":1,"name":"Trang ch\u1ee7","item":"https:\/\/nge.vn\/"},{"@type":"ListItem","position":2,"name":"S\u1ea3n ph\u1ea9m","item":"https:\/\/nge.vn\/san-pham\/"},{"@type":"ListItem","position":3,"name":"Driver \u0111i\u1ec1u khi\u1ec3n \u0111\u1ed9ng c\u01a1 b\u01b0\u1edbc BIGTREETECH TMC2209 V1.3 Stepper Motor Driver"}]},{"@type":"WebSite","@id":"https:\/\/nge.vn\/#website","url":"https:\/\/nge.vn\/","name":"NGE 3D Printers Services","description":"","potentialAction":[{"@type":"SearchAction","target":{"@type":"EntryPoint","urlTemplate":"https:\/\/nge.vn\/?s={search_term_string}"},"query-input":{"@type":"PropertyValueSpecification","valueRequired":true,"valueName":"search_term_string"}}],"inLanguage":"en-US"}]}},"_links":{"self":[{"href":"https:\/\/nge.vn\/en\/wp-json\/wp\/v2\/product\/1354","targetHints":{"allow":["GET"]}}],"collection":[{"href":"https:\/\/nge.vn\/en\/wp-json\/wp\/v2\/product"}],"about":[{"href":"https:\/\/nge.vn\/en\/wp-json\/wp\/v2\/types\/product"}],"replies":[{"embeddable":true,"href":"https:\/\/nge.vn\/en\/wp-json\/wp\/v2\/comments?post=1354"}],"wp:featuredmedia":[{"embeddable":true,"href":"https:\/\/nge.vn\/en\/wp-json\/wp\/v2\/media\/1345"}],"wp:attachment":[{"href":"https:\/\/nge.vn\/en\/wp-json\/wp\/v2\/media?parent=1354"}],"wp:term":[{"taxonomy":"product_brand","embeddable":true,"href":"https:\/\/nge.vn\/en\/wp-json\/wp\/v2\/product_brand?post=1354"},{"taxonomy":"product_cat","embeddable":true,"href":"https:\/\/nge.vn\/en\/wp-json\/wp\/v2\/product_cat?post=1354"},{"taxonomy":"product_tag","embeddable":true,"href":"https:\/\/nge.vn\/en\/wp-json\/wp\/v2\/product_tag?post=1354"}],"curies":[{"name":"wp","href":"https:\/\/api.w.org\/{rel}","templated":true}]}}