{"id":1342,"date":"2024-10-25T15:36:00","date_gmt":"2024-10-25T08:36:00","guid":{"rendered":"https:\/\/nge.123websitedev.com\/san-pham\/man-hinh-dieu-khien-may-in-3d-bigtreetech-hdmi5-hdmi7-v1-1\/"},"modified":"2024-10-28T15:55:23","modified_gmt":"2024-10-28T08:55:23","slug":"man-hinh-dieu-khien-may-in-3d-bigtreetech-hdmi5-hdmi7-v1-1","status":"publish","type":"product","link":"https:\/\/nge.vn\/en\/product\/man-hinh-dieu-khien-may-in-3d-bigtreetech-hdmi5-hdmi7-v1-1\/","title":{"rendered":"BIGTREETECH 3D Printer Control Screen HDMI5\/ HDMI7 V1.1"},"content":{"rendered":"<p>M\u00e0n h\u00ecnh \u0111i\u1ec1u khi\u1ec3n m\u00e1y in 3d BIGTREETECH HDMI5 V1.1\/ HDMI7 V1.1<br \/>\n***M\u00f4 t\u1ea3 S\u1ea3n ph\u1ea9m:<br \/>\n_HDMI 5 v\u00e0 HDMI 7 \u0111\u01b0\u1ee3c nh\u00f3m k\u1ef9 thu\u1eadt BIQU ph\u00e1t tri\u1ec3n d\u00e0nh ri\u00eang cho ng\u01b0\u1eddi d\u00f9ng m\u00e1y in 3d s\u1eed d\u1ee5ng h\u1ec7 th\u1ed1ng Klipper. N\u00f3 c\u00f3 th\u1ec3 ho\u1ea1t \u0111\u1ed9ng v\u1edbi Raspberry Pi4, Manta M8P+CB1, Manta M4P+CB1 v\u00e0 \u200b\u200bPC mini kh\u00e1c.<\/p>\n<p>**C\u00e1c t\u00ednh n\u0103ng ch\u00ednh:<br \/>\n_M\u00e0n h\u00ecnh HD IPS t\u00f9y ch\u1ecdn. \u0110\u1ed9 ph\u00e2n gi\u1ea3i c\u1ee7a m\u00e0n h\u00ecnh 7 inch l\u00e0 1024*600, trong khi m\u00e0n h\u00ecnh 5 inch l\u00e0 800*480. \u00c1p d\u1ee5ng m\u00e0n h\u00ecnh c\u1ea3m \u1ee9ng \u0111i\u1ec7n dung IPS, h\u1ed7 tr\u1ee3 c\u1ea3m \u1ee9ng 5 \u0111i\u1ec3m.<\/p>\n<p>_C\u1eafm v\u00e0 ch\u1ea1y. Ch\u1ec9 c\u1ea7n k\u1ebft n\u1ed1i m\u00e0n h\u00ecnh v\u1edbi thi\u1ebft b\u1ecb qua c\u1ed5ng HDMI v\u00e0 c\u1ea5p ngu\u1ed3n cho c\u1ed5ng Type C \u0111\u1ec3 thi\u1ebft b\u1ecb ho\u1ea1t \u0111\u1ed9ng m\u00e0 kh\u00f4ng c\u1ea7n c\u00e0i \u0111\u1eb7t b\u1ea5t k\u1ef3 tr\u00ecnh \u0111i\u1ec1u khi\u1ec3n n\u00e0o. M\u00e0n h\u00ecnh n\u00e0y r\u1ea5t ph\u00f9 h\u1ee3p cho ng\u01b0\u1eddi d\u00f9ng m\u00e1y in 3d \u0111\u1ec3 t\u1ef1 l\u00e0m c\u00e1c d\u1ef1 \u00e1n c\u1ee7a h\u1ecd v\u00e0 n\u00f3 ho\u00e0n to\u00e0n c\u00f3 th\u1ec3 t\u01b0\u01a1ng th\u00edch v\u1edbi bo m\u1ea1ch ch\u1ee7 d\u00f2ng Manta c\u00f9ng v\u1edbi CB1. H\u00e3y \u0111\u1ec3 n\u00f3 b\u1ed5 sung tr\u1ea3i nghi\u1ec7m h\u00ecnh \u1ea3nh li\u1ec1n m\u1ea1ch h\u01a1n cho h\u1ec7 th\u1ed1ng m\u00e1y in c\u1ee7a b\u1ea1n.<\/p>\n<p>_\u0110i\u1ec1u ch\u1ec9nh \u0111\u1ed9 s\u00e1ng v\u00e0 h\u01b0\u1edbng hi\u1ec3n th\u1ecb. B\u1ea1n c\u00f3 th\u1ec3 t\u0103ng gi\u1ea3m \u0111\u1ed9 s\u00e1ng th\u00f4ng qua n\u00fat Ks1, Ks3 \u0111\u1ec3 gi\u1ea3m v\u00e0 Ks2 \u0111\u1ec3 \u0111i\u1ec1u ch\u1ec9nh h\u01b0\u1edbng m\u00e0n h\u00ecnh 180\u00b0 (Tham kh\u1ea3o h\u00ecnh \u1ea3nh chi ti\u1ebft s\u1ea3n ph\u1ea9m sau).<\/p>\n<p>_H\u1ed7 tr\u1ee3 \u0111\u1ea7u ra \u00e2m thanh. M\u1ea1ch gi\u1ea3i m\u00e3 \u00e2m thanh t\u00edch h\u1ee3p, h\u1ed7 tr\u1ee3 \u0111\u1ea7u ra \u00e2m thanh gi\u1eafc c\u1eafm tai nghe 3,5 mm. Giao di\u1ec7n \u00e2m thanh 3,5 mm truy\u1ec1n t\u00edn hi\u1ec7u \u00e2m thanh m\u00e0 kh\u00f4ng c\u00f3 ti\u1ebfng \u1ed3n v\u00e0 d\u00f2ng \u0111i\u1ec7n, mang \u0111\u1ebfn cho b\u1ea1n \u00e2m thanh thu\u1ea7n khi\u1ebft v\u00e0 tinh t\u1ebf.<\/p>\n<p>_C\u1ed5ng ng\u1eaft 4 ch\u00e2n XH2.54. C\u1ed5ng \u0111\u1ed9t ph\u00e1 XH2.54 4 ch\u00e2n cho ph\u00e9p k\u1ebft n\u1ed1i t\u00f9y ch\u1ec9nh th\u00f4ng qua giao th\u1ee9c USB, c\u0169ng nh\u01b0 ngu\u1ed3n \u0111\u1ed9c l\u1eadp v\u1edbi m\u00e0n h\u00ecnh (DC 5V), mang \u0111\u1ebfn cho ng\u01b0\u1eddi d\u00f9ng nhi\u1ec1u t\u00f9y ch\u1ecdn DIY h\u01a1n.<\/p>\n<p>***S\u1eed d\u1ee5ng HDMI5 =&gt; https:\/\/cdn.shopifycdn.net\/s\/files\/1\/1619\/4791\/files\/BIGTREETECH_HDMI5_V1.0_User_Manual.pdf?v=1668580560<br \/>\n***S\u1eed d\u1ee5ng HDMI7 =&gt; https:\/\/cdn.shopifycdn.net\/s\/files\/1\/1619\/4791\/files\/BIGTREETECH_HDMI7_V1.0_User_Manual.pdf?v=1668580570<\/p>\n<p>**\u0110\u1ec3 \u0111\u01b0\u1ee3c nh\u1eadn \u0111\u01b0\u1ee3c gi\u00e1 \u01b0u \u0111\u00e3i t\u1ed1t nh\u1ea5t vui l\u00f2ng li\u00ean h\u1ec7 mua tr\u1ef1c ti\u1ebfp shop:<br \/>\n0913.939.775 contact A.Quan (for English)<br \/>\n094.144.0951 contact A.Quynh<br \/>\n**Selling price does not include VAT (+10% if VAT invoice is issued)<\/p>","protected":false},"excerpt":{"rendered":"<p>BIGTREETECH 3D Printer Control Screen HDMI5\/ HDMI7 V1.1<\/p>","protected":false},"featured_media":1333,"comment_status":"open","ping_status":"closed","template":"","meta":{"inline_featured_image":false},"product_brand":[],"product_cat":[40,39,49,58],"product_tag":[],"class_list":{"0":"post-1342","1":"product","2":"type-product","3":"status-publish","4":"has-post-thumbnail","6":"product_cat-linh-kien-va-phu-kien","7":"product_cat-may-in-3d","8":"product_cat-may-in-3d-biqu","9":"product_cat-phu-kien-may-in-3d-bigtreetech","11":"first","12":"instock","13":"taxable","14":"shipping-taxable","15":"purchasable","16":"product-type-variable"},"yoast_head":"<!-- This site is optimized with the Yoast SEO Premium plugin v22.8 (Yoast SEO v26.9) - https:\/\/yoast.com\/product\/yoast-seo-premium-wordpress\/ -->\n<title>M\u00e0n h\u00ecnh \u0111i\u1ec1u khi\u1ec3n m\u00e1y in 3d BIGTREETECH HDMI5\/ HDMI7 V1.1 - NGE 3D Printers Services<\/title>\n<meta name=\"robots\" content=\"index, follow, max-snippet:-1, max-image-preview:large, max-video-preview:-1\" \/>\n<link rel=\"canonical\" href=\"https:\/\/nge.vn\/en\/product\/man-hinh-dieu-khien-may-in-3d-bigtreetech-hdmi5-hdmi7-v1-1\/\" \/>\n<meta property=\"og:locale\" content=\"en_US\" \/>\n<meta property=\"og:type\" content=\"article\" \/>\n<meta property=\"og:title\" content=\"M\u00e0n h\u00ecnh \u0111i\u1ec1u khi\u1ec3n m\u00e1y in 3d BIGTREETECH HDMI5\/ HDMI7 V1.1\" \/>\n<meta property=\"og:description\" content=\"M\u00e0n h\u00ecnh \u0111i\u1ec1u khi\u1ec3n m\u00e1y in 3d BIGTREETECH HDMI5\/ HDMI7 V1.1\" \/>\n<meta property=\"og:url\" content=\"https:\/\/nge.vn\/en\/product\/man-hinh-dieu-khien-may-in-3d-bigtreetech-hdmi5-hdmi7-v1-1\/\" \/>\n<meta property=\"og:site_name\" content=\"NGE 3D Printers Services\" \/>\n<meta property=\"article:modified_time\" content=\"2024-10-28T08:55:23+00:00\" \/>\n<meta property=\"og:image\" content=\"https:\/\/nge.vn\/wp-content\/uploads\/2024\/10\/images-upload-woo2F84b02d4c9622581d9bdf489328be7329.jpg\" \/>\n\t<meta property=\"og:image:width\" content=\"1000\" \/>\n\t<meta property=\"og:image:height\" content=\"1000\" \/>\n\t<meta property=\"og:image:type\" content=\"image\/jpeg\" \/>\n<meta name=\"twitter:card\" content=\"summary_large_image\" \/>\n<meta name=\"twitter:label1\" content=\"Est. reading time\" \/>\n\t<meta name=\"twitter:data1\" content=\"3 minutes\" \/>\n<script type=\"application\/ld+json\" class=\"yoast-schema-graph\">{\"@context\":\"https:\/\/schema.org\",\"@graph\":[{\"@type\":\"WebPage\",\"@id\":\"https:\/\/nge.vn\/san-pham\/man-hinh-dieu-khien-may-in-3d-bigtreetech-hdmi5-hdmi7-v1-1\/\",\"url\":\"https:\/\/nge.vn\/san-pham\/man-hinh-dieu-khien-may-in-3d-bigtreetech-hdmi5-hdmi7-v1-1\/\",\"name\":\"M\u00e0n h\u00ecnh \u0111i\u1ec1u khi\u1ec3n m\u00e1y in 3d BIGTREETECH HDMI5\/ HDMI7 V1.1 - NGE 3D Printers Services\",\"isPartOf\":{\"@id\":\"https:\/\/nge.vn\/#website\"},\"primaryImageOfPage\":{\"@id\":\"https:\/\/nge.vn\/san-pham\/man-hinh-dieu-khien-may-in-3d-bigtreetech-hdmi5-hdmi7-v1-1\/#primaryimage\"},\"image\":{\"@id\":\"https:\/\/nge.vn\/san-pham\/man-hinh-dieu-khien-may-in-3d-bigtreetech-hdmi5-hdmi7-v1-1\/#primaryimage\"},\"thumbnailUrl\":\"https:\/\/nge.vn\/wp-content\/uploads\/2024\/10\/images-upload-woo2F84b02d4c9622581d9bdf489328be7329.jpg\",\"datePublished\":\"2024-10-25T08:36:00+00:00\",\"dateModified\":\"2024-10-28T08:55:23+00:00\",\"breadcrumb\":{\"@id\":\"https:\/\/nge.vn\/san-pham\/man-hinh-dieu-khien-may-in-3d-bigtreetech-hdmi5-hdmi7-v1-1\/#breadcrumb\"},\"inLanguage\":\"en-US\",\"potentialAction\":[{\"@type\":\"ReadAction\",\"target\":[\"https:\/\/nge.vn\/san-pham\/man-hinh-dieu-khien-may-in-3d-bigtreetech-hdmi5-hdmi7-v1-1\/\"]}]},{\"@type\":\"ImageObject\",\"inLanguage\":\"en-US\",\"@id\":\"https:\/\/nge.vn\/san-pham\/man-hinh-dieu-khien-may-in-3d-bigtreetech-hdmi5-hdmi7-v1-1\/#primaryimage\",\"url\":\"https:\/\/nge.vn\/wp-content\/uploads\/2024\/10\/images-upload-woo2F84b02d4c9622581d9bdf489328be7329.jpg\",\"contentUrl\":\"https:\/\/nge.vn\/wp-content\/uploads\/2024\/10\/images-upload-woo2F84b02d4c9622581d9bdf489328be7329.jpg\",\"width\":1000,\"height\":1000},{\"@type\":\"BreadcrumbList\",\"@id\":\"https:\/\/nge.vn\/san-pham\/man-hinh-dieu-khien-may-in-3d-bigtreetech-hdmi5-hdmi7-v1-1\/#breadcrumb\",\"itemListElement\":[{\"@type\":\"ListItem\",\"position\":1,\"name\":\"Trang ch\u1ee7\",\"item\":\"https:\/\/nge.vn\/\"},{\"@type\":\"ListItem\",\"position\":2,\"name\":\"S\u1ea3n ph\u1ea9m\",\"item\":\"https:\/\/nge.vn\/san-pham\/\"},{\"@type\":\"ListItem\",\"position\":3,\"name\":\"M\u00e0n h\u00ecnh \u0111i\u1ec1u khi\u1ec3n m\u00e1y in 3d BIGTREETECH HDMI5\/ HDMI7 V1.1\"}]},{\"@type\":\"WebSite\",\"@id\":\"https:\/\/nge.vn\/#website\",\"url\":\"https:\/\/nge.vn\/\",\"name\":\"NGE 3D Printers Services\",\"description\":\"\",\"potentialAction\":[{\"@type\":\"SearchAction\",\"target\":{\"@type\":\"EntryPoint\",\"urlTemplate\":\"https:\/\/nge.vn\/?s={search_term_string}\"},\"query-input\":{\"@type\":\"PropertyValueSpecification\",\"valueRequired\":true,\"valueName\":\"search_term_string\"}}],\"inLanguage\":\"en-US\"}]}<\/script>\n<!-- \/ Yoast SEO Premium plugin. -->","yoast_head_json":{"title":"M\u00e0n h\u00ecnh \u0111i\u1ec1u khi\u1ec3n m\u00e1y in 3d BIGTREETECH HDMI5\/ HDMI7 V1.1 - NGE 3D Printers Services","robots":{"index":"index","follow":"follow","max-snippet":"max-snippet:-1","max-image-preview":"max-image-preview:large","max-video-preview":"max-video-preview:-1"},"canonical":"https:\/\/nge.vn\/en\/product\/man-hinh-dieu-khien-may-in-3d-bigtreetech-hdmi5-hdmi7-v1-1\/","og_locale":"en_US","og_type":"article","og_title":"M\u00e0n h\u00ecnh \u0111i\u1ec1u khi\u1ec3n m\u00e1y in 3d BIGTREETECH HDMI5\/ HDMI7 V1.1","og_description":"M\u00e0n h\u00ecnh \u0111i\u1ec1u khi\u1ec3n m\u00e1y in 3d BIGTREETECH HDMI5\/ HDMI7 V1.1","og_url":"https:\/\/nge.vn\/en\/product\/man-hinh-dieu-khien-may-in-3d-bigtreetech-hdmi5-hdmi7-v1-1\/","og_site_name":"NGE 3D Printers Services","article_modified_time":"2024-10-28T08:55:23+00:00","og_image":[{"width":1000,"height":1000,"url":"https:\/\/nge.vn\/wp-content\/uploads\/2024\/10\/images-upload-woo2F84b02d4c9622581d9bdf489328be7329.jpg","type":"image\/jpeg"}],"twitter_card":"summary_large_image","twitter_misc":{"Est. reading time":"3 minutes"},"schema":{"@context":"https:\/\/schema.org","@graph":[{"@type":"WebPage","@id":"https:\/\/nge.vn\/san-pham\/man-hinh-dieu-khien-may-in-3d-bigtreetech-hdmi5-hdmi7-v1-1\/","url":"https:\/\/nge.vn\/san-pham\/man-hinh-dieu-khien-may-in-3d-bigtreetech-hdmi5-hdmi7-v1-1\/","name":"M\u00e0n h\u00ecnh \u0111i\u1ec1u khi\u1ec3n m\u00e1y in 3d BIGTREETECH HDMI5\/ HDMI7 V1.1 - NGE 3D Printers Services","isPartOf":{"@id":"https:\/\/nge.vn\/#website"},"primaryImageOfPage":{"@id":"https:\/\/nge.vn\/san-pham\/man-hinh-dieu-khien-may-in-3d-bigtreetech-hdmi5-hdmi7-v1-1\/#primaryimage"},"image":{"@id":"https:\/\/nge.vn\/san-pham\/man-hinh-dieu-khien-may-in-3d-bigtreetech-hdmi5-hdmi7-v1-1\/#primaryimage"},"thumbnailUrl":"https:\/\/nge.vn\/wp-content\/uploads\/2024\/10\/images-upload-woo2F84b02d4c9622581d9bdf489328be7329.jpg","datePublished":"2024-10-25T08:36:00+00:00","dateModified":"2024-10-28T08:55:23+00:00","breadcrumb":{"@id":"https:\/\/nge.vn\/san-pham\/man-hinh-dieu-khien-may-in-3d-bigtreetech-hdmi5-hdmi7-v1-1\/#breadcrumb"},"inLanguage":"en-US","potentialAction":[{"@type":"ReadAction","target":["https:\/\/nge.vn\/san-pham\/man-hinh-dieu-khien-may-in-3d-bigtreetech-hdmi5-hdmi7-v1-1\/"]}]},{"@type":"ImageObject","inLanguage":"en-US","@id":"https:\/\/nge.vn\/san-pham\/man-hinh-dieu-khien-may-in-3d-bigtreetech-hdmi5-hdmi7-v1-1\/#primaryimage","url":"https:\/\/nge.vn\/wp-content\/uploads\/2024\/10\/images-upload-woo2F84b02d4c9622581d9bdf489328be7329.jpg","contentUrl":"https:\/\/nge.vn\/wp-content\/uploads\/2024\/10\/images-upload-woo2F84b02d4c9622581d9bdf489328be7329.jpg","width":1000,"height":1000},{"@type":"BreadcrumbList","@id":"https:\/\/nge.vn\/san-pham\/man-hinh-dieu-khien-may-in-3d-bigtreetech-hdmi5-hdmi7-v1-1\/#breadcrumb","itemListElement":[{"@type":"ListItem","position":1,"name":"Trang ch\u1ee7","item":"https:\/\/nge.vn\/"},{"@type":"ListItem","position":2,"name":"S\u1ea3n ph\u1ea9m","item":"https:\/\/nge.vn\/san-pham\/"},{"@type":"ListItem","position":3,"name":"M\u00e0n h\u00ecnh \u0111i\u1ec1u khi\u1ec3n m\u00e1y in 3d BIGTREETECH HDMI5\/ HDMI7 V1.1"}]},{"@type":"WebSite","@id":"https:\/\/nge.vn\/#website","url":"https:\/\/nge.vn\/","name":"NGE 3D Printers Services","description":"","potentialAction":[{"@type":"SearchAction","target":{"@type":"EntryPoint","urlTemplate":"https:\/\/nge.vn\/?s={search_term_string}"},"query-input":{"@type":"PropertyValueSpecification","valueRequired":true,"valueName":"search_term_string"}}],"inLanguage":"en-US"}]}},"_links":{"self":[{"href":"https:\/\/nge.vn\/en\/wp-json\/wp\/v2\/product\/1342","targetHints":{"allow":["GET"]}}],"collection":[{"href":"https:\/\/nge.vn\/en\/wp-json\/wp\/v2\/product"}],"about":[{"href":"https:\/\/nge.vn\/en\/wp-json\/wp\/v2\/types\/product"}],"replies":[{"embeddable":true,"href":"https:\/\/nge.vn\/en\/wp-json\/wp\/v2\/comments?post=1342"}],"wp:featuredmedia":[{"embeddable":true,"href":"https:\/\/nge.vn\/en\/wp-json\/wp\/v2\/media\/1333"}],"wp:attachment":[{"href":"https:\/\/nge.vn\/en\/wp-json\/wp\/v2\/media?parent=1342"}],"wp:term":[{"taxonomy":"product_brand","embeddable":true,"href":"https:\/\/nge.vn\/en\/wp-json\/wp\/v2\/product_brand?post=1342"},{"taxonomy":"product_cat","embeddable":true,"href":"https:\/\/nge.vn\/en\/wp-json\/wp\/v2\/product_cat?post=1342"},{"taxonomy":"product_tag","embeddable":true,"href":"https:\/\/nge.vn\/en\/wp-json\/wp\/v2\/product_tag?post=1342"}],"curies":[{"name":"wp","href":"https:\/\/api.w.org\/{rel}","templated":true}]}}