{"id":1332,"date":"2024-10-25T15:34:18","date_gmt":"2024-10-25T08:34:18","guid":{"rendered":"https:\/\/nge.123websitedev.com\/san-pham\/bo-cum-dun-hotend-kit-cho-may-in-3d-cr-30-series-ender-cr\/"},"modified":"2024-10-29T17:27:19","modified_gmt":"2024-10-29T10:27:19","slug":"bo-cum-dun-hotend-kit-cho-may-in-3d-cr-30-series-ender-cr","status":"publish","type":"product","link":"https:\/\/nge.vn\/en\/product\/bo-cum-dun-hotend-kit-cho-may-in-3d-cr-30-series-ender-cr\/","title":{"rendered":"Hotend Kit for 3d printer CR-30 &amp; Ender &amp; CR series"},"content":{"rendered":"<p>B\u1ed9 c\u1ee5m \u0111\u00f9n Hotend Kit cho m\u00e1y in 3d CR-30 &amp; series Ender &amp; CR&#8230;<br \/>\n\u0110\u00f9n s\u1ee3i m\u1ecbn h\u01a1n<br \/>\nHi\u1ec7u su\u1ea5t \u1ed5n \u0111\u1ecbnh. C\u1ea5u tr\u00fac ch\u00ednh x\u00e1c<\/p>\n<p>_T\u1ea5m ph\u1ee7 kim lo\u1ea1i: C\u1ee9ng c\u00e1p v\u00e0 b\u1ec1n<br \/>\n_Hi\u1ec7u su\u1ea5t \u1ed5n \u0111\u1ecbnh: Kh\u00f4ng c\u00f3 r\u00f2 r\u1ec9 v\u00e0 ph\u00edch c\u1eafm<br \/>\n_K\u00edch th\u01b0\u1edbc nh\u1ecf g\u1ecdn v\u00e0 tr\u1ecdng l\u01b0\u1ee3ng nh\u1eb9: D\u1ec5 d\u00e0ng thay th\u1ebf<br \/>\n_B\u1ea3n in ch\u00ednh x\u00e1c cao: H\u1ec7 th\u1ed1ng s\u01b0\u1edfi v\u00e0 l\u00e0m m\u00e1t tuy\u1ec7t v\u1eddi<\/p>\n<p>_Hi\u1ec7u su\u1ea5t \u1ed5n \u0111\u1ecbnh<br \/>\n_Ph\u1ee5 ki\u1ec7n tuy\u1ec7t v\u1eddi<\/p>\n<p>_Thermistor and heating tube: Nhi\u1ec7t \u0111i\u1ec7n tr\u1edf v\u00e0 \u1ed1ng s\u01b0\u1edfi ch\u1ea5t l\u01b0\u1ee3ng cao, t\u0103ng nhi\u1ec7t \u0111\u1ed9 nhanh, ki\u1ec3m so\u00e1t nhi\u1ec7t \u0111\u1ed9 ch\u00ednh x\u00e1c cao<br \/>\n_Heatbreak: T\u1ed1t cho vi\u1ec7c t\u1ea3n nhi\u1ec7t c\u1ee7a m\u00e1y \u0111\u00f9n v\u00e0 c\u00e1ch nhi\u1ec7t c\u1ee7a t\u1ea5m ch\u1eafn nhi\u1ec7t, n\u00f3 \u0111\u1ea3m b\u1ea3o l\u00e0m vi\u1ec7c trong th\u1eddi gian d\u00e0i m\u00e0 kh\u00f4ng c\u1ea7n c\u1eafm ph\u00edch c\u1eafm<br \/>\n_Nozzle: V\u1edbi thi\u1ebft k\u1ebf t\u1ed1i \u01b0u v\u00e0 th\u00e0nh b\u00ean trong nh\u1eb5n, l\u1ed7 th\u00f4ng h\u01a1i li\u1ec1n m\u1ea1ch tr\u01b0\u1edbc l\u1ed7 th\u00f4ng h\u01a1i r\u00f2 r\u1ec9 t\u1eeb \u0111\u1ea7u v\u00f2i phun.<\/p>\n<p>_C\u1ea5u tr\u00fac c\u1ee9ng c\u00e1p ch\u1eafc ch\u1eafn:<br \/>\n+\u0110\u1ea7u phun t\u1ef1 ph\u00e1t tri\u1ec3n v\u00e0 ho\u00e0n to\u00e0n m\u1edbi \u0111\u01b0\u1ee3c trang b\u1ecb b\u1ed9 kim lo\u1ea1i \u0111\u1ea7y \u0111\u1ee7 v\u1edbi \u0111\u01b0\u1eddng d\u1eabn s\u1ee3i m\u1ecbn v\u00e0 b\u1ed9 ph\u1eadn t\u1ea3n nhi\u1ec7t. Nhi\u1ec7t \u0111\u1ed9 l\u00ean \u0111\u1ebfn 260 \u0111\u1ec3 l\u00e0m tan ch\u1ea3y ho\u00e0n to\u00e0n s\u1ee3i t\u00f3c v\u00e0 \u0111\u1ea9y s\u1ee3i m\u1ed9t c\u00e1ch tr\u01a1n tru.<\/p>\n<p>_Ngo\u1ea1i h\u00ecnh tinh t\u1ebf<br \/>\n_V\u1eadt li\u1ec7u kim lo\u1ea1i ch\u1ecbu nhi\u1ec7t<br \/>\n_C\u00e1ch nhi\u1ec7t tuy\u1ec7t v\u1eddi<br \/>\n_C\u1ea5u tr\u00fac c\u1ee9ng c\u00e1p ch\u1eafc ch\u1eafn<\/p>\n<p>_Bao silicone c\u00e1ch nhi\u1ec7t v\u1edbi ch\u1ea5t ch\u1ed1ng ch\u00e1y:<br \/>\n\u0110\u01b0\u1ee3c trang b\u1ecb ch\u1ea5t li\u1ec7u ch\u1ed1ng ch\u00e1y, c\u00f3 t\u00e1c d\u1ee5ng gi\u1eef nhi\u1ec7t t\u1ed1t, gi\u1eef s\u1ea1ch kh\u1ed1i nhi\u1ec7t v\u00e0 v\u00f2i phun m\u1ed9t c\u00e1ch hi\u1ec7u qu\u1ea3.<\/p>\n<p>_Ki\u1ec3m so\u00e1t nhi\u1ec7t \u0111\u1ed9 ch\u00ednh x\u00e1c:<br \/>\n+Thermistor + \u1ed0ng s\u01b0\u1edfi, H\u1ec7 th\u1ed1ng s\u01b0\u1edfi nhanh &amp; Ki\u1ec3m so\u00e1t nhi\u1ec7t \u0111\u1ed9 ch\u00ednh x\u00e1c<br \/>\n+Bao \u00e1o silicone c\u00e1ch nhi\u1ec7t ch\u1ed1ng ch\u00e1y C\u00e1ch nhi\u1ec7t t\u1ed1t;<br \/>\n+Duy tr\u00ec hi\u1ec7u qu\u1ea3 \u0111\u1ed9 s\u1ea1ch c\u1ee7a kh\u1ed1i s\u01b0\u1edfi v\u00e0 v\u00f2i phun<\/p>\n<p>_\u0110\u1ed9 d\u1eabn nhi\u1ec7t cao v\u00e0 l\u00e0m n\u00f3ng nhanh ch\u00f3ng:<br \/>\nC\u1ee5m \u1ed1ng s\u01b0\u1edfi v\u00e0 \u0111i\u1ec7n tr\u1edf nhi\u1ec7t ti\u00ean ti\u1ebfn c\u00f3 th\u1ec3 l\u00e0m n\u00f3ng nhanh ch\u00f3ng v\u00e0 c\u1ea3m nh\u1eadn nhi\u1ec7t \u0111\u1ed9 c\u1ee7a v\u00f2i phun k\u1ecbp th\u1eddi.<\/p>\n<p>_Ho\u1ea1t \u0111\u1ed9ng \u1ed5n \u0111\u1ecbnh:<br \/>\n+H\u1ec7 th\u1ed1ng s\u01b0\u1edfi v\u00e0 l\u00e0m m\u00e1t ch\u1ea5t l\u01b0\u1ee3ng cao<br \/>\n+S\u1eed d\u1ee5ng ch\u1ea5t li\u1ec7u h\u1ee3p kim nh\u00f4m, d\u1eabn nhi\u1ec7t m\u1ea1nh m\u1ebd, gi\u00fap t\u1ed1i \u01b0u h\u00f3a ch\u1ee9c n\u0103ng l\u00e0m n\u00f3ng v\u00e0 t\u1ea3n nhi\u1ec7t, \u0111\u1ea3m b\u1ea3o nhi\u1ec7t \u0111\u1ed9 \u1ed5n \u0111\u1ecbnh, in \u1ea5n \u1ed5n \u0111\u1ecbnh h\u01a1n<\/p>\n<p>_Thi\u1ebft k\u1ebf t\u1ed1i \u01b0u c\u1ee7a t\u1ea3n nhi\u1ec7t:<br \/>\n+Thi\u1ebft k\u1ebf t\u1ed1i \u01b0u c\u1ee7a t\u1ea5m t\u1ea3n nhi\u1ec7t l\u00e0m gi\u1ea3m s\u1ef1 th\u1ea5t tho\u00e1t nhi\u1ec7t \u0111\u1ed9 c\u1ee7a kh\u1ed1i s\u01b0\u1edfi b\u1eb1ng c\u00e1ch gi\u1ea3m s\u1ef1 d\u1eabn nhi\u1ec7t, \u0111\u1ed3ng th\u1eddi, n\u00f3 truy\u1ec1n nhi\u1ec7t \u0111\u1ed9 c\u1ee7a n\u00f3 \u0111\u1ebfn b\u1ed9 t\u1ea3n nhi\u1ec7t, \u0111\u1ea3m b\u1ea3o s\u1ef1 \u1ed5n \u0111\u1ecbnh c\u1ee7a s\u1ea3n xu\u1ea5t.<br \/>\n+V\u00e1ch t\u1ea3n nhi\u1ec7t si\u00eau m\u1ecfng v\u1edbi kh\u1ea3 n\u0103ng c\u00e1ch nhi\u1ec7t tuy\u1ec7t v\u1eddi<br \/>\n+\u0110\u1ed9 nh\u00e1m c\u1ee7a l\u1ed7 b\u00ean trong mi\u1ec7ng phun l\u00e0 Ra0.4, \u0111\u1ea9y d\u1ea1ng s\u1ee3i m\u1ecbn.<\/p>\n<p>+Brand\uff1aCreality<br \/>\n+Model\uff1aHotend Kit CR-30<br \/>\n+Packing Size\uff1a160\u00d7155\u00d770mm<br \/>\n+N.W.\uff1a95g<br \/>\n+G.W.\uff1a173g<br \/>\n+M\u00f4 h\u00ecnh \u00e1p d\u1ee5ng: S\u1eed d\u1ee5ng cho CR-30 &amp; series Ender v\u00e0 CR&#8230;Ender 3 Max<\/p>\n<p>**\u0110\u1ec3 \u0111\u01b0\u1ee3c nh\u1eadn h\u1ed9 tr\u1ee3 th\u00eam v\u1ec1 Gi\u00e1 v\u00e0 Th\u00f4ng tin c\u1ee7a s\u1ea3n ph\u1ea9m, vui l\u00f2ng li\u00ean h\u1ec7:<br \/>\n\u00a0 \u00a0 \u00a0 \u00a0 0913.939.775 g\u1eb7p A.Qu\u00e2n  (for English)<br \/>\n\u00a0 \u00a0 \u00a0 \u00a0 094.144.0951 contact A.Quynh<br \/>\n**Selling price does not include VAT (+10% if VAT invoice is issued)<\/p>","protected":false},"excerpt":{"rendered":"<p>Hotend Kit for 3d printer CR-30 &amp; Ender &amp; CR series<\/p>","protected":false},"featured_media":1323,"comment_status":"open","ping_status":"closed","template":"","meta":{"inline_featured_image":false},"product_brand":[],"product_cat":[461,40],"product_tag":[],"class_list":{"0":"post-1332","1":"product","2":"type-product","3":"status-publish","4":"has-post-thumbnail","6":"product_cat-linh-kien-cum-dun-va-cam-bien","7":"product_cat-linh-kien-va-phu-kien","9":"first","10":"instock","11":"taxable","12":"shipping-taxable","13":"purchasable","14":"product-type-simple"},"yoast_head":"<!-- This site is optimized with the Yoast SEO Premium plugin v22.8 (Yoast SEO v26.9) - https:\/\/yoast.com\/product\/yoast-seo-premium-wordpress\/ -->\n<title>B\u1ed9 c\u1ee5m \u0111\u00f9n Hotend Kit cho m\u00e1y in 3d CR-30 &amp; series Ender &amp; CR - NGE 3D Printers Services<\/title>\n<meta name=\"robots\" content=\"index, follow, max-snippet:-1, max-image-preview:large, max-video-preview:-1\" \/>\n<link rel=\"canonical\" href=\"https:\/\/nge.vn\/en\/product\/bo-cum-dun-hotend-kit-cho-may-in-3d-cr-30-series-ender-cr\/\" \/>\n<meta property=\"og:locale\" content=\"en_US\" \/>\n<meta property=\"og:type\" content=\"article\" \/>\n<meta property=\"og:title\" content=\"B\u1ed9 c\u1ee5m \u0111\u00f9n Hotend Kit cho m\u00e1y in 3d CR-30 &amp; series Ender &amp; CR\" \/>\n<meta property=\"og:description\" content=\"B\u1ed9 c\u1ee5m \u0111\u00f9n Hotend Kit cho m\u00e1y in 3d CR-30 &amp; series Ender &amp; CR\" \/>\n<meta property=\"og:url\" content=\"https:\/\/nge.vn\/en\/product\/bo-cum-dun-hotend-kit-cho-may-in-3d-cr-30-series-ender-cr\/\" \/>\n<meta property=\"og:site_name\" content=\"NGE 3D Printers Services\" \/>\n<meta property=\"article:modified_time\" content=\"2024-10-29T10:27:19+00:00\" \/>\n<meta property=\"og:image\" content=\"https:\/\/nge.vn\/wp-content\/uploads\/2024\/10\/images-upload-woo2F354b62bf5760b66108c1486a3f41958f.jpg\" \/>\n\t<meta property=\"og:image:width\" content=\"1000\" \/>\n\t<meta property=\"og:image:height\" content=\"1000\" \/>\n\t<meta property=\"og:image:type\" content=\"image\/jpeg\" \/>\n<meta name=\"twitter:card\" content=\"summary_large_image\" \/>\n<meta name=\"twitter:label1\" content=\"Est. reading time\" \/>\n\t<meta name=\"twitter:data1\" content=\"4 minutes\" \/>\n<script type=\"application\/ld+json\" class=\"yoast-schema-graph\">{\"@context\":\"https:\/\/schema.org\",\"@graph\":[{\"@type\":\"WebPage\",\"@id\":\"https:\/\/nge.vn\/san-pham\/bo-cum-dun-hotend-kit-cho-may-in-3d-cr-30-series-ender-cr\/\",\"url\":\"https:\/\/nge.vn\/san-pham\/bo-cum-dun-hotend-kit-cho-may-in-3d-cr-30-series-ender-cr\/\",\"name\":\"B\u1ed9 c\u1ee5m \u0111\u00f9n Hotend Kit cho m\u00e1y in 3d CR-30 &amp; series Ender &amp; CR - NGE 3D Printers Services\",\"isPartOf\":{\"@id\":\"https:\/\/nge.vn\/#website\"},\"primaryImageOfPage\":{\"@id\":\"https:\/\/nge.vn\/san-pham\/bo-cum-dun-hotend-kit-cho-may-in-3d-cr-30-series-ender-cr\/#primaryimage\"},\"image\":{\"@id\":\"https:\/\/nge.vn\/san-pham\/bo-cum-dun-hotend-kit-cho-may-in-3d-cr-30-series-ender-cr\/#primaryimage\"},\"thumbnailUrl\":\"https:\/\/nge.vn\/wp-content\/uploads\/2024\/10\/images-upload-woo2F354b62bf5760b66108c1486a3f41958f.jpg\",\"datePublished\":\"2024-10-25T08:34:18+00:00\",\"dateModified\":\"2024-10-29T10:27:19+00:00\",\"breadcrumb\":{\"@id\":\"https:\/\/nge.vn\/san-pham\/bo-cum-dun-hotend-kit-cho-may-in-3d-cr-30-series-ender-cr\/#breadcrumb\"},\"inLanguage\":\"en-US\",\"potentialAction\":[{\"@type\":\"ReadAction\",\"target\":[\"https:\/\/nge.vn\/san-pham\/bo-cum-dun-hotend-kit-cho-may-in-3d-cr-30-series-ender-cr\/\"]}]},{\"@type\":\"ImageObject\",\"inLanguage\":\"en-US\",\"@id\":\"https:\/\/nge.vn\/san-pham\/bo-cum-dun-hotend-kit-cho-may-in-3d-cr-30-series-ender-cr\/#primaryimage\",\"url\":\"https:\/\/nge.vn\/wp-content\/uploads\/2024\/10\/images-upload-woo2F354b62bf5760b66108c1486a3f41958f.jpg\",\"contentUrl\":\"https:\/\/nge.vn\/wp-content\/uploads\/2024\/10\/images-upload-woo2F354b62bf5760b66108c1486a3f41958f.jpg\",\"width\":1000,\"height\":1000},{\"@type\":\"BreadcrumbList\",\"@id\":\"https:\/\/nge.vn\/san-pham\/bo-cum-dun-hotend-kit-cho-may-in-3d-cr-30-series-ender-cr\/#breadcrumb\",\"itemListElement\":[{\"@type\":\"ListItem\",\"position\":1,\"name\":\"Trang ch\u1ee7\",\"item\":\"https:\/\/nge.vn\/\"},{\"@type\":\"ListItem\",\"position\":2,\"name\":\"S\u1ea3n ph\u1ea9m\",\"item\":\"https:\/\/nge.vn\/san-pham\/\"},{\"@type\":\"ListItem\",\"position\":3,\"name\":\"B\u1ed9 c\u1ee5m \u0111\u00f9n Hotend Kit cho m\u00e1y in 3d CR-30 &amp; series Ender &amp; CR\"}]},{\"@type\":\"WebSite\",\"@id\":\"https:\/\/nge.vn\/#website\",\"url\":\"https:\/\/nge.vn\/\",\"name\":\"NGE 3D Printers Services\",\"description\":\"\",\"potentialAction\":[{\"@type\":\"SearchAction\",\"target\":{\"@type\":\"EntryPoint\",\"urlTemplate\":\"https:\/\/nge.vn\/?s={search_term_string}\"},\"query-input\":{\"@type\":\"PropertyValueSpecification\",\"valueRequired\":true,\"valueName\":\"search_term_string\"}}],\"inLanguage\":\"en-US\"}]}<\/script>\n<!-- \/ Yoast SEO Premium plugin. -->","yoast_head_json":{"title":"B\u1ed9 c\u1ee5m \u0111\u00f9n Hotend Kit cho m\u00e1y in 3d CR-30 &amp; series Ender &amp; CR - NGE 3D Printers Services","robots":{"index":"index","follow":"follow","max-snippet":"max-snippet:-1","max-image-preview":"max-image-preview:large","max-video-preview":"max-video-preview:-1"},"canonical":"https:\/\/nge.vn\/en\/product\/bo-cum-dun-hotend-kit-cho-may-in-3d-cr-30-series-ender-cr\/","og_locale":"en_US","og_type":"article","og_title":"B\u1ed9 c\u1ee5m \u0111\u00f9n Hotend Kit cho m\u00e1y in 3d CR-30 &amp; series Ender &amp; CR","og_description":"B\u1ed9 c\u1ee5m \u0111\u00f9n Hotend Kit cho m\u00e1y in 3d CR-30 &amp; series Ender &amp; CR","og_url":"https:\/\/nge.vn\/en\/product\/bo-cum-dun-hotend-kit-cho-may-in-3d-cr-30-series-ender-cr\/","og_site_name":"NGE 3D Printers Services","article_modified_time":"2024-10-29T10:27:19+00:00","og_image":[{"width":1000,"height":1000,"url":"https:\/\/nge.vn\/wp-content\/uploads\/2024\/10\/images-upload-woo2F354b62bf5760b66108c1486a3f41958f.jpg","type":"image\/jpeg"}],"twitter_card":"summary_large_image","twitter_misc":{"Est. reading time":"4 minutes"},"schema":{"@context":"https:\/\/schema.org","@graph":[{"@type":"WebPage","@id":"https:\/\/nge.vn\/san-pham\/bo-cum-dun-hotend-kit-cho-may-in-3d-cr-30-series-ender-cr\/","url":"https:\/\/nge.vn\/san-pham\/bo-cum-dun-hotend-kit-cho-may-in-3d-cr-30-series-ender-cr\/","name":"B\u1ed9 c\u1ee5m \u0111\u00f9n Hotend Kit cho m\u00e1y in 3d CR-30 &amp; series Ender &amp; CR - NGE 3D Printers Services","isPartOf":{"@id":"https:\/\/nge.vn\/#website"},"primaryImageOfPage":{"@id":"https:\/\/nge.vn\/san-pham\/bo-cum-dun-hotend-kit-cho-may-in-3d-cr-30-series-ender-cr\/#primaryimage"},"image":{"@id":"https:\/\/nge.vn\/san-pham\/bo-cum-dun-hotend-kit-cho-may-in-3d-cr-30-series-ender-cr\/#primaryimage"},"thumbnailUrl":"https:\/\/nge.vn\/wp-content\/uploads\/2024\/10\/images-upload-woo2F354b62bf5760b66108c1486a3f41958f.jpg","datePublished":"2024-10-25T08:34:18+00:00","dateModified":"2024-10-29T10:27:19+00:00","breadcrumb":{"@id":"https:\/\/nge.vn\/san-pham\/bo-cum-dun-hotend-kit-cho-may-in-3d-cr-30-series-ender-cr\/#breadcrumb"},"inLanguage":"en-US","potentialAction":[{"@type":"ReadAction","target":["https:\/\/nge.vn\/san-pham\/bo-cum-dun-hotend-kit-cho-may-in-3d-cr-30-series-ender-cr\/"]}]},{"@type":"ImageObject","inLanguage":"en-US","@id":"https:\/\/nge.vn\/san-pham\/bo-cum-dun-hotend-kit-cho-may-in-3d-cr-30-series-ender-cr\/#primaryimage","url":"https:\/\/nge.vn\/wp-content\/uploads\/2024\/10\/images-upload-woo2F354b62bf5760b66108c1486a3f41958f.jpg","contentUrl":"https:\/\/nge.vn\/wp-content\/uploads\/2024\/10\/images-upload-woo2F354b62bf5760b66108c1486a3f41958f.jpg","width":1000,"height":1000},{"@type":"BreadcrumbList","@id":"https:\/\/nge.vn\/san-pham\/bo-cum-dun-hotend-kit-cho-may-in-3d-cr-30-series-ender-cr\/#breadcrumb","itemListElement":[{"@type":"ListItem","position":1,"name":"Trang ch\u1ee7","item":"https:\/\/nge.vn\/"},{"@type":"ListItem","position":2,"name":"S\u1ea3n ph\u1ea9m","item":"https:\/\/nge.vn\/san-pham\/"},{"@type":"ListItem","position":3,"name":"B\u1ed9 c\u1ee5m \u0111\u00f9n Hotend Kit cho m\u00e1y in 3d CR-30 &amp; series Ender &amp; CR"}]},{"@type":"WebSite","@id":"https:\/\/nge.vn\/#website","url":"https:\/\/nge.vn\/","name":"NGE 3D Printers Services","description":"","potentialAction":[{"@type":"SearchAction","target":{"@type":"EntryPoint","urlTemplate":"https:\/\/nge.vn\/?s={search_term_string}"},"query-input":{"@type":"PropertyValueSpecification","valueRequired":true,"valueName":"search_term_string"}}],"inLanguage":"en-US"}]}},"_links":{"self":[{"href":"https:\/\/nge.vn\/en\/wp-json\/wp\/v2\/product\/1332","targetHints":{"allow":["GET"]}}],"collection":[{"href":"https:\/\/nge.vn\/en\/wp-json\/wp\/v2\/product"}],"about":[{"href":"https:\/\/nge.vn\/en\/wp-json\/wp\/v2\/types\/product"}],"replies":[{"embeddable":true,"href":"https:\/\/nge.vn\/en\/wp-json\/wp\/v2\/comments?post=1332"}],"wp:featuredmedia":[{"embeddable":true,"href":"https:\/\/nge.vn\/en\/wp-json\/wp\/v2\/media\/1323"}],"wp:attachment":[{"href":"https:\/\/nge.vn\/en\/wp-json\/wp\/v2\/media?parent=1332"}],"wp:term":[{"taxonomy":"product_brand","embeddable":true,"href":"https:\/\/nge.vn\/en\/wp-json\/wp\/v2\/product_brand?post=1332"},{"taxonomy":"product_cat","embeddable":true,"href":"https:\/\/nge.vn\/en\/wp-json\/wp\/v2\/product_cat?post=1332"},{"taxonomy":"product_tag","embeddable":true,"href":"https:\/\/nge.vn\/en\/wp-json\/wp\/v2\/product_tag?post=1332"}],"curies":[{"name":"wp","href":"https:\/\/api.w.org\/{rel}","templated":true}]}}