{"id":1322,"date":"2024-10-25T15:32:43","date_gmt":"2024-10-25T08:32:43","guid":{"rendered":"https:\/\/nge.123websitedev.com\/san-pham\/tam-ban-in-black-pei-magnetic-flexible-steel-plate-2352350-4mm-cho-may-in-3d-creality-ender-3-ender-5\/"},"modified":"2024-10-29T17:27:25","modified_gmt":"2024-10-29T10:27:25","slug":"tam-ban-in-black-pei-magnetic-flexible-steel-plate-2352350-4mm-cho-may-in-3d-creality-ender-3-ender-5","status":"publish","type":"product","link":"https:\/\/nge.vn\/en\/product\/tam-ban-in-black-pei-magnetic-flexible-steel-plate-2352350-4mm-cho-may-in-3d-creality-ender-3-ender-5\/","title":{"rendered":"T\u1ea5m b\u00e0n in Black PEI Magnetic Flexible Steel Plate 235*235*0.4mm cho m\u00e1y in 3d Creality Ender 3 &amp; Ender 5.."},"content":{"rendered":"<p>T\u1ea5m th\u00e9p d\u1ebbo t\u1eeb t\u00ednh m\u00e0u \u0111en Black PEI Magnetic Flexible Steel Plate 235*235*0.4mm<\/p>\n<p>_M\u00e0u \u0111en m\u1ea1nh m\u1ebd &#8220;King Kong&#8221;<br \/>\nT\u1ea5m th\u00e9p d\u1ebbo t\u1eeb t\u00ednh PEI \u0111en<\/p>\n<p>+\u0110\u1ed9 b\u00e1m d\u00ednh tuy\u1ec7t v\u1eddi<br \/>\n+Lo\u1ea1i b\u1ecf m\u00f4 h\u00ecnh d\u1ec5 d\u00e0ng<br \/>\n+Tay ngh\u1ec1 cao c\u1ea5p<\/p>\n<p>_L\u1edbp s\u01a1n \u0111en \u0111\u1ed9c \u0111\u00e1o<br \/>\nL\u1edbp s\u01a1n t\u0129nh \u0111i\u1ec7n m\u00e0u \u0111en \u0111\u01b0\u1ee3c t\u00edch h\u1ee3p nhi\u1ec1u h\u01a1n v\u1edbi m\u00e1y in cao c\u1ea5p v\u00e0 tuy\u1ec7t v\u1eddi!<\/p>\n<p>_D\u1ec5 d\u00e0ng lo\u1ea1i b\u1ecf c\u00e1c m\u00f4 h\u00ecnh in<br \/>\nM\u1ed9t gi\u00e2y \u0111\u1ec3 th\u00e1o c\u00e1c m\u00f4 h\u00ecnh \u0111\u00e3 in, ch\u1ec9 b\u1eb1ng c\u00e1ch u\u1ed1n cong t\u1ea5m.<\/p>\n<p>_M\u1ecfng v\u00e0 nh\u1eb9<br \/>\nT\u1ea5m th\u00e9p d\u1ebbo d\u00e0y 0,4mm, m\u1ecfng nh\u01b0ng ch\u1eafc<\/p>\n<p>_L\u1edbp in ch\u1ecbu nhi\u1ec7t \u0111\u1ed9 cao.<br \/>\nNhi\u1ec7t \u0111\u1ed9 in khuy\u1ebfn ngh\u1ecb trong kho\u1ea3ng 60\u2103-100\u2103<\/p>\n<p>_\u0110\u1ed9 b\u00e1m d\u00ednh m\u1ea1nh<br \/>\nCh\u1ea5t li\u1ec7u PEI c\u00f3 \u0111\u1ed9 b\u00e1m d\u00ednh t\u1ed1t nh\u1ea5t, cho tr\u1ea3i nghi\u1ec7m in t\u1ed1t nh\u1ea5t<\/p>\n<p>***\u0110\u1ed9 b\u1ec1n b\u1ec1 m\u1eb7t cao kh\u00f4ng bong tr\u00f3c s\u1eed d\u1ee5ng \u1ed5n \u0111\u1ecbnh, c\u00f2n c\u00e1c s\u1ea3n ph\u1ea9m gi\u00e1 r\u1ebb tr\u00ean th\u1ecb tr\u01b0\u1eddng hi\u1ec7n nay b\u1ec1 m\u1eb7t ch\u1ea5t l\u01b0\u1ee3ng k\u00e9m r\u1ea5t d\u1ec5 bong tr\u00f3c v\u00e0 b\u1ec1 m\u1eb7t kh\u00f4ng b\u1eb1ng ph\u1eb3ng (in 1-2 l\u1ea7n l\u00e0 \u0111\u00e3 tr\u00f3c b\u1ec1 m\u1eb7t) <\/p>\n<p>***T\u01b0\u01a1ng th\u00edch v\u1edbi c\u00e1c m\u00e1y in 3d: Ender-3\/ Ender-3 Pro\/ Ender-3S\/ Ender-3 V2\/ Ender-5\/ Ender-5S\/ Ender-5 Pro\/ Ender-3 S1 Pro\/ Ender-3 S1&#8230;<br \/>\n(\u0110\u1ec3 t\u01b0\u01a1ng th\u00edch v\u1edbi Ender-3 S1\/Ender-3 S1 Pro, tr\u01b0\u1edbc ti\u00ean h\u00e3y th\u00e1o hai v\u00edt \u0111\u1ecbnh v\u1ecb tr\u00ean m\u1eb7t b\u00e0n)<\/p>\n<p>**\u0110\u1ec3 \u0111\u01b0\u1ee3c nh\u1eadn \u0111\u01b0\u1ee3c gi\u00e1 \u01b0u \u0111\u00e3i t\u1ed1t nh\u1ea5t vui l\u00f2ng li\u00ean h\u1ec7 mua tr\u1ef1c ti\u1ebfp shop:<br \/>\n     0913.939.775 contact A.Quan (for English)<br \/>\n     094.144.0951 contact A.Quynh<br \/>\n**Selling price does not include VAT (+10% if VAT invoice is issued)<\/p>","protected":false},"excerpt":{"rendered":"<p>T\u1ea5m b\u00e0n in Black PEI Magnetic Flexible Steel Plate 235*235*0.4mm cho m\u00e1y in 3d Creality Ender 3 &amp; Ender 5..<\/p>","protected":false},"featured_media":1313,"comment_status":"open","ping_status":"closed","template":"","meta":{"inline_featured_image":false},"product_brand":[],"product_cat":[458,40],"product_tag":[],"class_list":{"0":"post-1322","1":"product","2":"type-product","3":"status-publish","4":"has-post-thumbnail","6":"product_cat-ban-kinh-carbon-va-pei","7":"product_cat-linh-kien-va-phu-kien","9":"first","10":"instock","11":"taxable","12":"shipping-taxable","13":"purchasable","14":"product-type-simple"},"yoast_head":"<!-- This site is optimized with the Yoast SEO Premium plugin v22.8 (Yoast SEO v26.9) - https:\/\/yoast.com\/product\/yoast-seo-premium-wordpress\/ -->\n<title>T\u1ea5m b\u00e0n in Black PEI Magnetic Flexible Steel Plate 235*235*0.4mm cho m\u00e1y in 3d Creality Ender 3 &amp; Ender 5.. - NGE 3D Printers Services<\/title>\n<meta name=\"robots\" content=\"index, follow, max-snippet:-1, max-image-preview:large, max-video-preview:-1\" \/>\n<link rel=\"canonical\" href=\"https:\/\/nge.vn\/en\/product\/tam-ban-in-black-pei-magnetic-flexible-steel-plate-2352350-4mm-cho-may-in-3d-creality-ender-3-ender-5\/\" \/>\n<meta property=\"og:locale\" content=\"en_US\" \/>\n<meta property=\"og:type\" content=\"article\" \/>\n<meta property=\"og:title\" content=\"T\u1ea5m b\u00e0n in Black PEI Magnetic Flexible Steel Plate 235*235*0.4mm cho m\u00e1y in 3d Creality Ender 3 &amp; Ender 5..\" \/>\n<meta property=\"og:description\" content=\"T\u1ea5m b\u00e0n in Black PEI Magnetic Flexible Steel Plate 235*235*0.4mm cho m\u00e1y in 3d Creality Ender 3 &amp; Ender 5..\" \/>\n<meta property=\"og:url\" content=\"https:\/\/nge.vn\/en\/product\/tam-ban-in-black-pei-magnetic-flexible-steel-plate-2352350-4mm-cho-may-in-3d-creality-ender-3-ender-5\/\" \/>\n<meta property=\"og:site_name\" content=\"NGE 3D Printers Services\" \/>\n<meta property=\"article:modified_time\" content=\"2024-10-29T10:27:25+00:00\" \/>\n<meta property=\"og:image\" content=\"https:\/\/nge.vn\/wp-content\/uploads\/2024\/10\/images-upload-woo2Feec2d3c577fd1eb1ca244cbbef7b50e6.jpg\" \/>\n\t<meta property=\"og:image:width\" content=\"853\" \/>\n\t<meta property=\"og:image:height\" content=\"853\" \/>\n\t<meta property=\"og:image:type\" content=\"image\/jpeg\" \/>\n<meta name=\"twitter:card\" content=\"summary_large_image\" \/>\n<meta name=\"twitter:label1\" content=\"Est. reading time\" \/>\n\t<meta name=\"twitter:data1\" content=\"2 minutes\" \/>\n<script type=\"application\/ld+json\" class=\"yoast-schema-graph\">{\"@context\":\"https:\/\/schema.org\",\"@graph\":[{\"@type\":\"WebPage\",\"@id\":\"https:\/\/nge.vn\/san-pham\/tam-ban-in-black-pei-magnetic-flexible-steel-plate-2352350-4mm-cho-may-in-3d-creality-ender-3-ender-5\/\",\"url\":\"https:\/\/nge.vn\/san-pham\/tam-ban-in-black-pei-magnetic-flexible-steel-plate-2352350-4mm-cho-may-in-3d-creality-ender-3-ender-5\/\",\"name\":\"T\u1ea5m b\u00e0n in Black PEI Magnetic Flexible Steel Plate 235*235*0.4mm cho m\u00e1y in 3d Creality Ender 3 &amp; Ender 5.. - NGE 3D Printers Services\",\"isPartOf\":{\"@id\":\"https:\/\/nge.vn\/#website\"},\"primaryImageOfPage\":{\"@id\":\"https:\/\/nge.vn\/san-pham\/tam-ban-in-black-pei-magnetic-flexible-steel-plate-2352350-4mm-cho-may-in-3d-creality-ender-3-ender-5\/#primaryimage\"},\"image\":{\"@id\":\"https:\/\/nge.vn\/san-pham\/tam-ban-in-black-pei-magnetic-flexible-steel-plate-2352350-4mm-cho-may-in-3d-creality-ender-3-ender-5\/#primaryimage\"},\"thumbnailUrl\":\"https:\/\/nge.vn\/wp-content\/uploads\/2024\/10\/images-upload-woo2Feec2d3c577fd1eb1ca244cbbef7b50e6.jpg\",\"datePublished\":\"2024-10-25T08:32:43+00:00\",\"dateModified\":\"2024-10-29T10:27:25+00:00\",\"breadcrumb\":{\"@id\":\"https:\/\/nge.vn\/san-pham\/tam-ban-in-black-pei-magnetic-flexible-steel-plate-2352350-4mm-cho-may-in-3d-creality-ender-3-ender-5\/#breadcrumb\"},\"inLanguage\":\"en-US\",\"potentialAction\":[{\"@type\":\"ReadAction\",\"target\":[\"https:\/\/nge.vn\/san-pham\/tam-ban-in-black-pei-magnetic-flexible-steel-plate-2352350-4mm-cho-may-in-3d-creality-ender-3-ender-5\/\"]}]},{\"@type\":\"ImageObject\",\"inLanguage\":\"en-US\",\"@id\":\"https:\/\/nge.vn\/san-pham\/tam-ban-in-black-pei-magnetic-flexible-steel-plate-2352350-4mm-cho-may-in-3d-creality-ender-3-ender-5\/#primaryimage\",\"url\":\"https:\/\/nge.vn\/wp-content\/uploads\/2024\/10\/images-upload-woo2Feec2d3c577fd1eb1ca244cbbef7b50e6.jpg\",\"contentUrl\":\"https:\/\/nge.vn\/wp-content\/uploads\/2024\/10\/images-upload-woo2Feec2d3c577fd1eb1ca244cbbef7b50e6.jpg\",\"width\":853,\"height\":853},{\"@type\":\"BreadcrumbList\",\"@id\":\"https:\/\/nge.vn\/san-pham\/tam-ban-in-black-pei-magnetic-flexible-steel-plate-2352350-4mm-cho-may-in-3d-creality-ender-3-ender-5\/#breadcrumb\",\"itemListElement\":[{\"@type\":\"ListItem\",\"position\":1,\"name\":\"Trang ch\u1ee7\",\"item\":\"https:\/\/nge.vn\/\"},{\"@type\":\"ListItem\",\"position\":2,\"name\":\"S\u1ea3n ph\u1ea9m\",\"item\":\"https:\/\/nge.vn\/san-pham\/\"},{\"@type\":\"ListItem\",\"position\":3,\"name\":\"T\u1ea5m b\u00e0n in Black PEI Magnetic Flexible Steel Plate 235*235*0.4mm cho m\u00e1y in 3d Creality Ender 3 &amp; Ender 5..\"}]},{\"@type\":\"WebSite\",\"@id\":\"https:\/\/nge.vn\/#website\",\"url\":\"https:\/\/nge.vn\/\",\"name\":\"NGE 3D Printers Services\",\"description\":\"\",\"potentialAction\":[{\"@type\":\"SearchAction\",\"target\":{\"@type\":\"EntryPoint\",\"urlTemplate\":\"https:\/\/nge.vn\/?s={search_term_string}\"},\"query-input\":{\"@type\":\"PropertyValueSpecification\",\"valueRequired\":true,\"valueName\":\"search_term_string\"}}],\"inLanguage\":\"en-US\"}]}<\/script>\n<!-- \/ Yoast SEO Premium plugin. -->","yoast_head_json":{"title":"T\u1ea5m b\u00e0n in Black PEI Magnetic Flexible Steel Plate 235*235*0.4mm cho m\u00e1y in 3d Creality Ender 3 &amp; Ender 5.. - NGE 3D Printers Services","robots":{"index":"index","follow":"follow","max-snippet":"max-snippet:-1","max-image-preview":"max-image-preview:large","max-video-preview":"max-video-preview:-1"},"canonical":"https:\/\/nge.vn\/en\/product\/tam-ban-in-black-pei-magnetic-flexible-steel-plate-2352350-4mm-cho-may-in-3d-creality-ender-3-ender-5\/","og_locale":"en_US","og_type":"article","og_title":"T\u1ea5m b\u00e0n in Black PEI Magnetic Flexible Steel Plate 235*235*0.4mm cho m\u00e1y in 3d Creality Ender 3 &amp; Ender 5..","og_description":"T\u1ea5m b\u00e0n in Black PEI Magnetic Flexible Steel Plate 235*235*0.4mm cho m\u00e1y in 3d Creality Ender 3 &amp; Ender 5..","og_url":"https:\/\/nge.vn\/en\/product\/tam-ban-in-black-pei-magnetic-flexible-steel-plate-2352350-4mm-cho-may-in-3d-creality-ender-3-ender-5\/","og_site_name":"NGE 3D Printers Services","article_modified_time":"2024-10-29T10:27:25+00:00","og_image":[{"width":853,"height":853,"url":"https:\/\/nge.vn\/wp-content\/uploads\/2024\/10\/images-upload-woo2Feec2d3c577fd1eb1ca244cbbef7b50e6.jpg","type":"image\/jpeg"}],"twitter_card":"summary_large_image","twitter_misc":{"Est. reading time":"2 minutes"},"schema":{"@context":"https:\/\/schema.org","@graph":[{"@type":"WebPage","@id":"https:\/\/nge.vn\/san-pham\/tam-ban-in-black-pei-magnetic-flexible-steel-plate-2352350-4mm-cho-may-in-3d-creality-ender-3-ender-5\/","url":"https:\/\/nge.vn\/san-pham\/tam-ban-in-black-pei-magnetic-flexible-steel-plate-2352350-4mm-cho-may-in-3d-creality-ender-3-ender-5\/","name":"T\u1ea5m b\u00e0n in Black PEI Magnetic Flexible Steel Plate 235*235*0.4mm cho m\u00e1y in 3d Creality Ender 3 &amp; Ender 5.. - NGE 3D Printers Services","isPartOf":{"@id":"https:\/\/nge.vn\/#website"},"primaryImageOfPage":{"@id":"https:\/\/nge.vn\/san-pham\/tam-ban-in-black-pei-magnetic-flexible-steel-plate-2352350-4mm-cho-may-in-3d-creality-ender-3-ender-5\/#primaryimage"},"image":{"@id":"https:\/\/nge.vn\/san-pham\/tam-ban-in-black-pei-magnetic-flexible-steel-plate-2352350-4mm-cho-may-in-3d-creality-ender-3-ender-5\/#primaryimage"},"thumbnailUrl":"https:\/\/nge.vn\/wp-content\/uploads\/2024\/10\/images-upload-woo2Feec2d3c577fd1eb1ca244cbbef7b50e6.jpg","datePublished":"2024-10-25T08:32:43+00:00","dateModified":"2024-10-29T10:27:25+00:00","breadcrumb":{"@id":"https:\/\/nge.vn\/san-pham\/tam-ban-in-black-pei-magnetic-flexible-steel-plate-2352350-4mm-cho-may-in-3d-creality-ender-3-ender-5\/#breadcrumb"},"inLanguage":"en-US","potentialAction":[{"@type":"ReadAction","target":["https:\/\/nge.vn\/san-pham\/tam-ban-in-black-pei-magnetic-flexible-steel-plate-2352350-4mm-cho-may-in-3d-creality-ender-3-ender-5\/"]}]},{"@type":"ImageObject","inLanguage":"en-US","@id":"https:\/\/nge.vn\/san-pham\/tam-ban-in-black-pei-magnetic-flexible-steel-plate-2352350-4mm-cho-may-in-3d-creality-ender-3-ender-5\/#primaryimage","url":"https:\/\/nge.vn\/wp-content\/uploads\/2024\/10\/images-upload-woo2Feec2d3c577fd1eb1ca244cbbef7b50e6.jpg","contentUrl":"https:\/\/nge.vn\/wp-content\/uploads\/2024\/10\/images-upload-woo2Feec2d3c577fd1eb1ca244cbbef7b50e6.jpg","width":853,"height":853},{"@type":"BreadcrumbList","@id":"https:\/\/nge.vn\/san-pham\/tam-ban-in-black-pei-magnetic-flexible-steel-plate-2352350-4mm-cho-may-in-3d-creality-ender-3-ender-5\/#breadcrumb","itemListElement":[{"@type":"ListItem","position":1,"name":"Trang ch\u1ee7","item":"https:\/\/nge.vn\/"},{"@type":"ListItem","position":2,"name":"S\u1ea3n ph\u1ea9m","item":"https:\/\/nge.vn\/san-pham\/"},{"@type":"ListItem","position":3,"name":"T\u1ea5m b\u00e0n in Black PEI Magnetic Flexible Steel Plate 235*235*0.4mm cho m\u00e1y in 3d Creality Ender 3 &amp; Ender 5.."}]},{"@type":"WebSite","@id":"https:\/\/nge.vn\/#website","url":"https:\/\/nge.vn\/","name":"NGE 3D Printers Services","description":"","potentialAction":[{"@type":"SearchAction","target":{"@type":"EntryPoint","urlTemplate":"https:\/\/nge.vn\/?s={search_term_string}"},"query-input":{"@type":"PropertyValueSpecification","valueRequired":true,"valueName":"search_term_string"}}],"inLanguage":"en-US"}]}},"_links":{"self":[{"href":"https:\/\/nge.vn\/en\/wp-json\/wp\/v2\/product\/1322","targetHints":{"allow":["GET"]}}],"collection":[{"href":"https:\/\/nge.vn\/en\/wp-json\/wp\/v2\/product"}],"about":[{"href":"https:\/\/nge.vn\/en\/wp-json\/wp\/v2\/types\/product"}],"replies":[{"embeddable":true,"href":"https:\/\/nge.vn\/en\/wp-json\/wp\/v2\/comments?post=1322"}],"wp:featuredmedia":[{"embeddable":true,"href":"https:\/\/nge.vn\/en\/wp-json\/wp\/v2\/media\/1313"}],"wp:attachment":[{"href":"https:\/\/nge.vn\/en\/wp-json\/wp\/v2\/media?parent=1322"}],"wp:term":[{"taxonomy":"product_brand","embeddable":true,"href":"https:\/\/nge.vn\/en\/wp-json\/wp\/v2\/product_brand?post=1322"},{"taxonomy":"product_cat","embeddable":true,"href":"https:\/\/nge.vn\/en\/wp-json\/wp\/v2\/product_cat?post=1322"},{"taxonomy":"product_tag","embeddable":true,"href":"https:\/\/nge.vn\/en\/wp-json\/wp\/v2\/product_tag?post=1322"}],"curies":[{"name":"wp","href":"https:\/\/api.w.org\/{rel}","templated":true}]}}