{"id":1302,"date":"2024-10-25T15:29:38","date_gmt":"2024-10-25T08:29:38","guid":{"rendered":"https:\/\/nge.123websitedev.com\/san-pham\/bo-ban-in-halot-one-plus-size-176x106x10mm\/"},"modified":"2024-10-29T17:15:06","modified_gmt":"2024-10-29T10:15:06","slug":"bo-ban-in-halot-one-plus-size-176x106x10mm","status":"publish","type":"product","link":"https:\/\/nge.vn\/en\/product\/bo-ban-in-halot-one-plus-size-176x106x10mm\/","title":{"rendered":"Halot One Plus printing table set size 176\u00d7106\u00d710mm"},"content":{"rendered":"<p>Halot One Plus printing table set size 176\u00d7106\u00d710mm<br \/>\n_San l\u1ea5p m\u1eb7t b\u1eb1ng \u0111\u01a1n gi\u1ea3n<br \/>\n_V\u00f9ng m\u00f4 h\u00ecnh l\u1edbn<br \/>\n_Hi\u1ec7u qu\u1ea3 cao d\u1ec5 d\u00e0ng san b\u1eb1ng tay<br \/>\n_H\u1ec7 th\u1ed1ng san l\u1ea5p m\u1eb7t b\u1eb1ng th\u1ee7 c\u00f4ng \u0111\u01a1n gi\u1ea3n v\u00e0 \u0111\u1ed9c \u0111\u00e1o gi\u00fap vi\u1ec7c san l\u1ea5p m\u1eb7t b\u1eb1ng \u0111\u01a1n gi\u1ea3n h\u01a1n<br \/>\n_Khu v\u1ef1c m\u00f4 h\u00ecnh l\u1edbn S\u00e1ng t\u1ea1o kh\u00f4ng c\u00f3 ranh gi\u1edbi<br \/>\n_\u0110\u1ed1i v\u1edbi k\u00edch th\u01b0\u1edbc in l\u1edbn h\u01a1n, ch\u00fang t\u00f4i c\u1ed1 g\u1eafng h\u1ebft s\u1ee9c \u0111\u1ec3 t\u1ea1o v\u00f9ng \u0111\u00fac 119*65*160mm. Ho\u00e0n th\u00e0nh c\u00e1c b\u1ea3n in l\u1edbn h\u01a1n v\u00e0 nhi\u1ec1u h\u01a1n c\u00f9ng m\u1ed9t l\u00fac, \u0111\u1ec3 kh\u1ea3 n\u0103ng s\u00e1ng t\u1ea1o c\u1ee7a b\u1ea1n l\u00e0 kh\u00f4ng c\u00f3 gi\u1edbi h\u1ea1n.<\/p>\n<p>HALOT-ONE Plus:176 \u00d7 106 \u00d7 10_AL6063<\/p>\n<p>**Product Information<br \/>\n+Packing Size\uff1a225\u00d7150\u00d785mm<br \/>\n+G.W\uff1a912g<br \/>\n+N.W.\uff1a407g<\/p>\n<p>**\u0110\u1ec3 \u0111\u01b0\u1ee3c nh\u1eadn h\u1ed9 tr\u1ee3 th\u00eam v\u1ec1 Gi\u00e1 v\u00e0 Th\u00f4ng tin c\u1ee7a s\u1ea3n ph\u1ea9m, vui l\u00f2ng li\u00ean h\u1ec7:<br \/>\n    0913.939.775 g\u1eb7p A. Qu\u00e2n (for English)<br \/>\n    094.144.0951 contact A.Quynh<br \/>\n**Selling price does not include VAT (+10% if VAT invoice is issued)<\/p>","protected":false},"excerpt":{"rendered":"<p>Halot One Plus printing table set size 176\u00d7106\u00d710mm<\/p>","protected":false},"featured_media":1293,"comment_status":"open","ping_status":"closed","template":"","meta":{"inline_featured_image":false},"product_brand":[],"product_cat":[458,40],"product_tag":[],"class_list":{"0":"post-1302","1":"product","2":"type-product","3":"status-publish","4":"has-post-thumbnail","6":"product_cat-ban-kinh-carbon-va-pei","7":"product_cat-linh-kien-va-phu-kien","9":"first","10":"instock","11":"taxable","12":"shipping-taxable","13":"purchasable","14":"product-type-simple"},"yoast_head":"<!-- This site is optimized with the Yoast SEO Premium plugin v22.8 (Yoast SEO v26.9) - https:\/\/yoast.com\/product\/yoast-seo-premium-wordpress\/ -->\n<title>B\u1ed9 b\u00e0n in Halot One Plus size 176\u00d7106\u00d710mm - NGE 3D Printers Services<\/title>\n<meta name=\"robots\" content=\"index, follow, max-snippet:-1, max-image-preview:large, max-video-preview:-1\" \/>\n<link rel=\"canonical\" href=\"https:\/\/nge.vn\/en\/product\/bo-ban-in-halot-one-plus-size-176x106x10mm\/\" \/>\n<meta property=\"og:locale\" content=\"en_US\" \/>\n<meta property=\"og:type\" content=\"article\" \/>\n<meta property=\"og:title\" content=\"B\u1ed9 b\u00e0n in Halot One Plus size 176\u00d7106\u00d710mm\" \/>\n<meta property=\"og:description\" content=\"B\u1ed9 b\u00e0n in Halot One Plus size 176\u00d7106\u00d710mm\" \/>\n<meta property=\"og:url\" content=\"https:\/\/nge.vn\/en\/product\/bo-ban-in-halot-one-plus-size-176x106x10mm\/\" \/>\n<meta property=\"og:site_name\" content=\"NGE 3D Printers Services\" \/>\n<meta property=\"article:modified_time\" content=\"2024-10-29T10:15:06+00:00\" \/>\n<meta property=\"og:image\" content=\"https:\/\/nge.vn\/wp-content\/uploads\/2024\/10\/images-upload-woo2Fd8d940cbae94a2a13a9e67bca3a8a115.jpg\" \/>\n\t<meta property=\"og:image:width\" content=\"920\" \/>\n\t<meta property=\"og:image:height\" content=\"920\" \/>\n\t<meta property=\"og:image:type\" content=\"image\/jpeg\" \/>\n<meta name=\"twitter:card\" content=\"summary_large_image\" \/>\n<meta name=\"twitter:label1\" content=\"Est. reading time\" \/>\n\t<meta name=\"twitter:data1\" content=\"1 minute\" \/>\n<script type=\"application\/ld+json\" class=\"yoast-schema-graph\">{\"@context\":\"https:\/\/schema.org\",\"@graph\":[{\"@type\":\"WebPage\",\"@id\":\"https:\/\/nge.vn\/san-pham\/bo-ban-in-halot-one-plus-size-176x106x10mm\/\",\"url\":\"https:\/\/nge.vn\/san-pham\/bo-ban-in-halot-one-plus-size-176x106x10mm\/\",\"name\":\"B\u1ed9 b\u00e0n in Halot One Plus size 176\u00d7106\u00d710mm - NGE 3D Printers Services\",\"isPartOf\":{\"@id\":\"https:\/\/nge.vn\/#website\"},\"primaryImageOfPage\":{\"@id\":\"https:\/\/nge.vn\/san-pham\/bo-ban-in-halot-one-plus-size-176x106x10mm\/#primaryimage\"},\"image\":{\"@id\":\"https:\/\/nge.vn\/san-pham\/bo-ban-in-halot-one-plus-size-176x106x10mm\/#primaryimage\"},\"thumbnailUrl\":\"https:\/\/nge.vn\/wp-content\/uploads\/2024\/10\/images-upload-woo2Fd8d940cbae94a2a13a9e67bca3a8a115.jpg\",\"datePublished\":\"2024-10-25T08:29:38+00:00\",\"dateModified\":\"2024-10-29T10:15:06+00:00\",\"breadcrumb\":{\"@id\":\"https:\/\/nge.vn\/san-pham\/bo-ban-in-halot-one-plus-size-176x106x10mm\/#breadcrumb\"},\"inLanguage\":\"en-US\",\"potentialAction\":[{\"@type\":\"ReadAction\",\"target\":[\"https:\/\/nge.vn\/san-pham\/bo-ban-in-halot-one-plus-size-176x106x10mm\/\"]}]},{\"@type\":\"ImageObject\",\"inLanguage\":\"en-US\",\"@id\":\"https:\/\/nge.vn\/san-pham\/bo-ban-in-halot-one-plus-size-176x106x10mm\/#primaryimage\",\"url\":\"https:\/\/nge.vn\/wp-content\/uploads\/2024\/10\/images-upload-woo2Fd8d940cbae94a2a13a9e67bca3a8a115.jpg\",\"contentUrl\":\"https:\/\/nge.vn\/wp-content\/uploads\/2024\/10\/images-upload-woo2Fd8d940cbae94a2a13a9e67bca3a8a115.jpg\",\"width\":920,\"height\":920},{\"@type\":\"BreadcrumbList\",\"@id\":\"https:\/\/nge.vn\/san-pham\/bo-ban-in-halot-one-plus-size-176x106x10mm\/#breadcrumb\",\"itemListElement\":[{\"@type\":\"ListItem\",\"position\":1,\"name\":\"Trang ch\u1ee7\",\"item\":\"https:\/\/nge.vn\/\"},{\"@type\":\"ListItem\",\"position\":2,\"name\":\"S\u1ea3n ph\u1ea9m\",\"item\":\"https:\/\/nge.vn\/san-pham\/\"},{\"@type\":\"ListItem\",\"position\":3,\"name\":\"B\u1ed9 b\u00e0n in Halot One Plus size 176\u00d7106\u00d710mm\"}]},{\"@type\":\"WebSite\",\"@id\":\"https:\/\/nge.vn\/#website\",\"url\":\"https:\/\/nge.vn\/\",\"name\":\"NGE 3D Printers Services\",\"description\":\"\",\"potentialAction\":[{\"@type\":\"SearchAction\",\"target\":{\"@type\":\"EntryPoint\",\"urlTemplate\":\"https:\/\/nge.vn\/?s={search_term_string}\"},\"query-input\":{\"@type\":\"PropertyValueSpecification\",\"valueRequired\":true,\"valueName\":\"search_term_string\"}}],\"inLanguage\":\"en-US\"}]}<\/script>\n<!-- \/ Yoast SEO Premium plugin. -->","yoast_head_json":{"title":"B\u1ed9 b\u00e0n in Halot One Plus size 176\u00d7106\u00d710mm - NGE 3D Printers Services","robots":{"index":"index","follow":"follow","max-snippet":"max-snippet:-1","max-image-preview":"max-image-preview:large","max-video-preview":"max-video-preview:-1"},"canonical":"https:\/\/nge.vn\/en\/product\/bo-ban-in-halot-one-plus-size-176x106x10mm\/","og_locale":"en_US","og_type":"article","og_title":"B\u1ed9 b\u00e0n in Halot One Plus size 176\u00d7106\u00d710mm","og_description":"B\u1ed9 b\u00e0n in Halot One Plus size 176\u00d7106\u00d710mm","og_url":"https:\/\/nge.vn\/en\/product\/bo-ban-in-halot-one-plus-size-176x106x10mm\/","og_site_name":"NGE 3D Printers Services","article_modified_time":"2024-10-29T10:15:06+00:00","og_image":[{"width":920,"height":920,"url":"https:\/\/nge.vn\/wp-content\/uploads\/2024\/10\/images-upload-woo2Fd8d940cbae94a2a13a9e67bca3a8a115.jpg","type":"image\/jpeg"}],"twitter_card":"summary_large_image","twitter_misc":{"Est. reading time":"1 minute"},"schema":{"@context":"https:\/\/schema.org","@graph":[{"@type":"WebPage","@id":"https:\/\/nge.vn\/san-pham\/bo-ban-in-halot-one-plus-size-176x106x10mm\/","url":"https:\/\/nge.vn\/san-pham\/bo-ban-in-halot-one-plus-size-176x106x10mm\/","name":"B\u1ed9 b\u00e0n in Halot One Plus size 176\u00d7106\u00d710mm - NGE 3D Printers Services","isPartOf":{"@id":"https:\/\/nge.vn\/#website"},"primaryImageOfPage":{"@id":"https:\/\/nge.vn\/san-pham\/bo-ban-in-halot-one-plus-size-176x106x10mm\/#primaryimage"},"image":{"@id":"https:\/\/nge.vn\/san-pham\/bo-ban-in-halot-one-plus-size-176x106x10mm\/#primaryimage"},"thumbnailUrl":"https:\/\/nge.vn\/wp-content\/uploads\/2024\/10\/images-upload-woo2Fd8d940cbae94a2a13a9e67bca3a8a115.jpg","datePublished":"2024-10-25T08:29:38+00:00","dateModified":"2024-10-29T10:15:06+00:00","breadcrumb":{"@id":"https:\/\/nge.vn\/san-pham\/bo-ban-in-halot-one-plus-size-176x106x10mm\/#breadcrumb"},"inLanguage":"en-US","potentialAction":[{"@type":"ReadAction","target":["https:\/\/nge.vn\/san-pham\/bo-ban-in-halot-one-plus-size-176x106x10mm\/"]}]},{"@type":"ImageObject","inLanguage":"en-US","@id":"https:\/\/nge.vn\/san-pham\/bo-ban-in-halot-one-plus-size-176x106x10mm\/#primaryimage","url":"https:\/\/nge.vn\/wp-content\/uploads\/2024\/10\/images-upload-woo2Fd8d940cbae94a2a13a9e67bca3a8a115.jpg","contentUrl":"https:\/\/nge.vn\/wp-content\/uploads\/2024\/10\/images-upload-woo2Fd8d940cbae94a2a13a9e67bca3a8a115.jpg","width":920,"height":920},{"@type":"BreadcrumbList","@id":"https:\/\/nge.vn\/san-pham\/bo-ban-in-halot-one-plus-size-176x106x10mm\/#breadcrumb","itemListElement":[{"@type":"ListItem","position":1,"name":"Trang ch\u1ee7","item":"https:\/\/nge.vn\/"},{"@type":"ListItem","position":2,"name":"S\u1ea3n ph\u1ea9m","item":"https:\/\/nge.vn\/san-pham\/"},{"@type":"ListItem","position":3,"name":"B\u1ed9 b\u00e0n in Halot One Plus size 176\u00d7106\u00d710mm"}]},{"@type":"WebSite","@id":"https:\/\/nge.vn\/#website","url":"https:\/\/nge.vn\/","name":"NGE 3D Printers Services","description":"","potentialAction":[{"@type":"SearchAction","target":{"@type":"EntryPoint","urlTemplate":"https:\/\/nge.vn\/?s={search_term_string}"},"query-input":{"@type":"PropertyValueSpecification","valueRequired":true,"valueName":"search_term_string"}}],"inLanguage":"en-US"}]}},"_links":{"self":[{"href":"https:\/\/nge.vn\/en\/wp-json\/wp\/v2\/product\/1302","targetHints":{"allow":["GET"]}}],"collection":[{"href":"https:\/\/nge.vn\/en\/wp-json\/wp\/v2\/product"}],"about":[{"href":"https:\/\/nge.vn\/en\/wp-json\/wp\/v2\/types\/product"}],"replies":[{"embeddable":true,"href":"https:\/\/nge.vn\/en\/wp-json\/wp\/v2\/comments?post=1302"}],"wp:featuredmedia":[{"embeddable":true,"href":"https:\/\/nge.vn\/en\/wp-json\/wp\/v2\/media\/1293"}],"wp:attachment":[{"href":"https:\/\/nge.vn\/en\/wp-json\/wp\/v2\/media?parent=1302"}],"wp:term":[{"taxonomy":"product_brand","embeddable":true,"href":"https:\/\/nge.vn\/en\/wp-json\/wp\/v2\/product_brand?post=1302"},{"taxonomy":"product_cat","embeddable":true,"href":"https:\/\/nge.vn\/en\/wp-json\/wp\/v2\/product_cat?post=1302"},{"taxonomy":"product_tag","embeddable":true,"href":"https:\/\/nge.vn\/en\/wp-json\/wp\/v2\/product_tag?post=1302"}],"curies":[{"name":"wp","href":"https:\/\/api.w.org\/{rel}","templated":true}]}}