{"id":1277,"date":"2024-10-25T15:25:46","date_gmt":"2024-10-25T08:25:46","guid":{"rendered":"https:\/\/nge.123websitedev.com\/san-pham\/day-cam-bien-nhiet-do-hotend-thermistor-ntc100-cho-may-in-3d-cr-10-smart\/"},"modified":"2024-10-29T17:14:07","modified_gmt":"2024-10-29T10:14:07","slug":"day-cam-bien-nhiet-do-hotend-thermistor-ntc100-cho-may-in-3d-cr-10-smart","status":"publish","type":"product","link":"https:\/\/nge.vn\/en\/product\/day-cam-bien-nhiet-do-hotend-thermistor-ntc100-cho-may-in-3d-cr-10-smart\/","title":{"rendered":"D\u00e2y c\u1ea3m bi\u1ebfn nhi\u1ec7t \u0111\u1ed9 Hotend Thermistor NTC100 cho m\u00e1y in 3d CR-10 Smart"},"content":{"rendered":"<p>D\u00e2y c\u1ea3m bi\u1ebfn nhi\u1ec7t \u0111\u1ed9 Hotend Thermistor NTC100 cho m\u00e1y in 3d CR-10 Smart<br \/>\nThermistor_NTC100_3\u00d715_LL580_XH2.54-2P<\/p>\n<p>_B\u1ed9 nhi\u1ec7t \u0111i\u1ec7n tr\u1edf:<br \/>\n+C\u1ea5u tr\u00fac \u0111\u01a1n gi\u1ea3n, \u1ed5n \u0111\u1ecbnh t\u1ed1t, Ch\u1ed1ng va ch\u1ea1m c\u01a1 h\u1ecdc, Ch\u1ed1ng u\u1ed1n m\u1ea1nh<br \/>\n+\u0110\u1ed9 nh\u1ea1y cao v\u00e0 ph\u00e1t hi\u1ec7n ch\u00ednh x\u00e1c, c\u00e1ch nhi\u1ec7t v\u00e0 ni\u00eam phong t\u1ed1t<br \/>\n+Hi\u1ec3n th\u1ecb s\u1ea3n ph\u1ea9m, nhi\u1ec7t \u0111i\u1ec7n tr\u1edf, giao di\u1ec7n, d\u00e2y nhi\u1ec7t \u0111i\u1ec7n tr\u1edf<\/p>\n<p>_\u0110\u1ed9 nh\u1ea1y cao, ph\u00e1t hi\u1ec7n ch\u00ednh x\u00e1c:<br \/>\nS\u1eed d\u1ee5ng c\u00f4ng ngh\u1ec7 s\u1ea3n xu\u1ea5t ti\u00ean ti\u1ebfn v\u00e0 v\u1eadt li\u1ec7u polyme, nhi\u1ec7t \u0111i\u1ec7n tr\u1edf c\u00f3 th\u1ec3 nh\u1ea1y h\u01a1n v\u1edbi s\u1ef1 thay \u0111\u1ed5i nhi\u1ec7t \u0111\u1ed9 v\u00e0 ph\u00e1t hi\u1ec7n ch\u00ednh x\u00e1c h\u01a1n. S\u1ef1 ch\u00eanh l\u1ec7ch nhi\u1ec7t \u0111\u1ed9 ph\u00e1t hi\u1ec7n c\u00f3 th\u1ec3 \u0111\u1ea1t -30\u2103 \u0111\u1ebfn 300\u2103.<\/p>\n<p>_C\u1ea5u tr\u00fac \u0111\u01a1n gi\u1ea3n, \u0111\u1ed9 \u1ed5n \u0111\u1ecbnh t\u1ed1t:<br \/>\nC\u1eafm v\u00e0 ch\u1ea1y, d\u1ec5 c\u00e0i \u0111\u1eb7t, an to\u00e0n v\u00e0 b\u1ec1n<\/p>\n<p>_Ch\u1ed1ng va ch\u1ea1m c\u01a1 h\u1ecdc, ch\u1ed1ng u\u1ed1n cong m\u1ea1nh:<br \/>\nV\u1ecf nhi\u1ec7t \u0111i\u1ec7n tr\u1edf ch\u1eafc ch\u1eafn, nh\u1ecf g\u1ecdn gi\u00fap b\u1ea3o v\u1ec7 hi\u1ec7u qu\u1ea3, c\u1ea5u t\u1ea1o b\u00ean trong, ch\u1ecbu va \u0111\u1eadp c\u01a1 h\u1ecdc v\u00e0 ch\u1ecbu u\u1ed1n cong t\u1ed1t.<\/p>\n<p>_Th\u00f4ng s\u1ed1 s\u1ea3n ph\u1ea9m:<br \/>\n+H\u00e3ng\uff1aCreality<br \/>\n+T\u00ean s\u1ea3n ph\u1ea9m: B\u1ed9 nhi\u1ec7t \u0111i\u1ec7n tr\u1edf<br \/>\n+\u0110i\u1ec7n \u00e1p \u0111\u1ea7u cu\u1ed1i: 24V<br \/>\n+Chi\u1ec1u d\u00e0i d\u00e2y: 600mm<br \/>\n+S\u1eed d\u1ee5ng cho: m\u00e1y in 3d CR-10 Smart v\u00e0 c\u00e1c nhi\u1ec1u m\u00e1y kh\u00e1c, DIY&#8230;<\/p>\n<p>**\u0110\u1ec3 \u0111\u01b0\u1ee3c nh\u1eadn \u0111\u01b0\u1ee3c gi\u00e1 \u01b0u \u0111\u00e3i t\u1ed1t nh\u1ea5t vui l\u00f2ng li\u00ean h\u1ec7 mua tr\u1ef1c ti\u1ebfp shop:<br \/>\n     0913.939.775 contact A.Quan (for English)<br \/>\n     094.144.0951 contact A.Quynh<br \/>\n**Gi\u00e1 b\u00e1n ch\u01b0a bao g\u1ed3m VAT (+8 hay 10% n\u1ebfu xu\u1ea5t ho\u00e1 \u0111\u01a1n GTGT)<\/p>","protected":false},"excerpt":{"rendered":"<p>D\u00e2y c\u1ea3m bi\u1ebfn nhi\u1ec7t \u0111\u1ed9 Hotend Thermistor NTC100 cho m\u00e1y in 3d CR-10 Smart<\/p>","protected":false},"featured_media":1273,"comment_status":"open","ping_status":"closed","template":"","meta":{"inline_featured_image":false},"product_brand":[],"product_cat":[457,40,58],"product_tag":[],"class_list":{"0":"post-1277","1":"product","2":"type-product","3":"status-publish","4":"has-post-thumbnail","6":"product_cat-linh-kien-may-in-3d-resin","7":"product_cat-linh-kien-va-phu-kien","8":"product_cat-phu-kien-may-in-3d-bigtreetech","10":"first","11":"instock","12":"taxable","13":"shipping-taxable","14":"purchasable","15":"product-type-simple"},"yoast_head":"<!-- This site is optimized with the Yoast SEO Premium plugin v22.8 (Yoast SEO v26.9) - https:\/\/yoast.com\/product\/yoast-seo-premium-wordpress\/ -->\n<title>D\u00e2y c\u1ea3m bi\u1ebfn nhi\u1ec7t \u0111\u1ed9 Hotend Thermistor NTC100 cho m\u00e1y in 3d CR-10 Smart - NGE 3D Printers Services<\/title>\n<meta name=\"robots\" content=\"index, follow, max-snippet:-1, max-image-preview:large, max-video-preview:-1\" \/>\n<link rel=\"canonical\" href=\"https:\/\/nge.vn\/en\/product\/day-cam-bien-nhiet-do-hotend-thermistor-ntc100-cho-may-in-3d-cr-10-smart\/\" \/>\n<meta property=\"og:locale\" content=\"en_US\" \/>\n<meta property=\"og:type\" content=\"article\" \/>\n<meta property=\"og:title\" content=\"D\u00e2y c\u1ea3m bi\u1ebfn nhi\u1ec7t \u0111\u1ed9 Hotend Thermistor NTC100 cho m\u00e1y in 3d CR-10 Smart\" \/>\n<meta property=\"og:description\" content=\"D\u00e2y c\u1ea3m bi\u1ebfn nhi\u1ec7t \u0111\u1ed9 Hotend Thermistor NTC100 cho m\u00e1y in 3d CR-10 Smart\" \/>\n<meta property=\"og:url\" content=\"https:\/\/nge.vn\/en\/product\/day-cam-bien-nhiet-do-hotend-thermistor-ntc100-cho-may-in-3d-cr-10-smart\/\" \/>\n<meta property=\"og:site_name\" content=\"NGE 3D Printers Services\" \/>\n<meta property=\"article:modified_time\" content=\"2024-10-29T10:14:07+00:00\" \/>\n<meta property=\"og:image\" content=\"https:\/\/nge.vn\/wp-content\/uploads\/2024\/10\/images-upload-woo2F6673381847ee4ded98b03f6858a15a15.jpg\" \/>\n\t<meta property=\"og:image:width\" content=\"1024\" \/>\n\t<meta property=\"og:image:height\" content=\"1024\" \/>\n\t<meta property=\"og:image:type\" content=\"image\/jpeg\" \/>\n<meta name=\"twitter:card\" content=\"summary_large_image\" \/>\n<meta name=\"twitter:label1\" content=\"Est. reading time\" \/>\n\t<meta name=\"twitter:data1\" content=\"2 minutes\" \/>\n<script type=\"application\/ld+json\" class=\"yoast-schema-graph\">{\"@context\":\"https:\/\/schema.org\",\"@graph\":[{\"@type\":\"WebPage\",\"@id\":\"https:\/\/nge.vn\/san-pham\/day-cam-bien-nhiet-do-hotend-thermistor-ntc100-cho-may-in-3d-cr-10-smart\/\",\"url\":\"https:\/\/nge.vn\/san-pham\/day-cam-bien-nhiet-do-hotend-thermistor-ntc100-cho-may-in-3d-cr-10-smart\/\",\"name\":\"D\u00e2y c\u1ea3m bi\u1ebfn nhi\u1ec7t \u0111\u1ed9 Hotend Thermistor NTC100 cho m\u00e1y in 3d CR-10 Smart - NGE 3D Printers Services\",\"isPartOf\":{\"@id\":\"https:\/\/nge.vn\/#website\"},\"primaryImageOfPage\":{\"@id\":\"https:\/\/nge.vn\/san-pham\/day-cam-bien-nhiet-do-hotend-thermistor-ntc100-cho-may-in-3d-cr-10-smart\/#primaryimage\"},\"image\":{\"@id\":\"https:\/\/nge.vn\/san-pham\/day-cam-bien-nhiet-do-hotend-thermistor-ntc100-cho-may-in-3d-cr-10-smart\/#primaryimage\"},\"thumbnailUrl\":\"https:\/\/nge.vn\/wp-content\/uploads\/2024\/10\/images-upload-woo2F6673381847ee4ded98b03f6858a15a15.jpg\",\"datePublished\":\"2024-10-25T08:25:46+00:00\",\"dateModified\":\"2024-10-29T10:14:07+00:00\",\"breadcrumb\":{\"@id\":\"https:\/\/nge.vn\/san-pham\/day-cam-bien-nhiet-do-hotend-thermistor-ntc100-cho-may-in-3d-cr-10-smart\/#breadcrumb\"},\"inLanguage\":\"en-US\",\"potentialAction\":[{\"@type\":\"ReadAction\",\"target\":[\"https:\/\/nge.vn\/san-pham\/day-cam-bien-nhiet-do-hotend-thermistor-ntc100-cho-may-in-3d-cr-10-smart\/\"]}]},{\"@type\":\"ImageObject\",\"inLanguage\":\"en-US\",\"@id\":\"https:\/\/nge.vn\/san-pham\/day-cam-bien-nhiet-do-hotend-thermistor-ntc100-cho-may-in-3d-cr-10-smart\/#primaryimage\",\"url\":\"https:\/\/nge.vn\/wp-content\/uploads\/2024\/10\/images-upload-woo2F6673381847ee4ded98b03f6858a15a15.jpg\",\"contentUrl\":\"https:\/\/nge.vn\/wp-content\/uploads\/2024\/10\/images-upload-woo2F6673381847ee4ded98b03f6858a15a15.jpg\",\"width\":1024,\"height\":1024},{\"@type\":\"BreadcrumbList\",\"@id\":\"https:\/\/nge.vn\/san-pham\/day-cam-bien-nhiet-do-hotend-thermistor-ntc100-cho-may-in-3d-cr-10-smart\/#breadcrumb\",\"itemListElement\":[{\"@type\":\"ListItem\",\"position\":1,\"name\":\"Trang ch\u1ee7\",\"item\":\"https:\/\/nge.vn\/\"},{\"@type\":\"ListItem\",\"position\":2,\"name\":\"S\u1ea3n ph\u1ea9m\",\"item\":\"https:\/\/nge.vn\/san-pham\/\"},{\"@type\":\"ListItem\",\"position\":3,\"name\":\"D\u00e2y c\u1ea3m bi\u1ebfn nhi\u1ec7t \u0111\u1ed9 Hotend Thermistor NTC100 cho m\u00e1y in 3d CR-10 Smart\"}]},{\"@type\":\"WebSite\",\"@id\":\"https:\/\/nge.vn\/#website\",\"url\":\"https:\/\/nge.vn\/\",\"name\":\"NGE 3D Printers Services\",\"description\":\"\",\"potentialAction\":[{\"@type\":\"SearchAction\",\"target\":{\"@type\":\"EntryPoint\",\"urlTemplate\":\"https:\/\/nge.vn\/?s={search_term_string}\"},\"query-input\":{\"@type\":\"PropertyValueSpecification\",\"valueRequired\":true,\"valueName\":\"search_term_string\"}}],\"inLanguage\":\"en-US\"}]}<\/script>\n<!-- \/ Yoast SEO Premium plugin. -->","yoast_head_json":{"title":"D\u00e2y c\u1ea3m bi\u1ebfn nhi\u1ec7t \u0111\u1ed9 Hotend Thermistor NTC100 cho m\u00e1y in 3d CR-10 Smart - NGE 3D Printers Services","robots":{"index":"index","follow":"follow","max-snippet":"max-snippet:-1","max-image-preview":"max-image-preview:large","max-video-preview":"max-video-preview:-1"},"canonical":"https:\/\/nge.vn\/en\/product\/day-cam-bien-nhiet-do-hotend-thermistor-ntc100-cho-may-in-3d-cr-10-smart\/","og_locale":"en_US","og_type":"article","og_title":"D\u00e2y c\u1ea3m bi\u1ebfn nhi\u1ec7t \u0111\u1ed9 Hotend Thermistor NTC100 cho m\u00e1y in 3d CR-10 Smart","og_description":"D\u00e2y c\u1ea3m bi\u1ebfn nhi\u1ec7t \u0111\u1ed9 Hotend Thermistor NTC100 cho m\u00e1y in 3d CR-10 Smart","og_url":"https:\/\/nge.vn\/en\/product\/day-cam-bien-nhiet-do-hotend-thermistor-ntc100-cho-may-in-3d-cr-10-smart\/","og_site_name":"NGE 3D Printers Services","article_modified_time":"2024-10-29T10:14:07+00:00","og_image":[{"width":1024,"height":1024,"url":"https:\/\/nge.vn\/wp-content\/uploads\/2024\/10\/images-upload-woo2F6673381847ee4ded98b03f6858a15a15.jpg","type":"image\/jpeg"}],"twitter_card":"summary_large_image","twitter_misc":{"Est. reading time":"2 minutes"},"schema":{"@context":"https:\/\/schema.org","@graph":[{"@type":"WebPage","@id":"https:\/\/nge.vn\/san-pham\/day-cam-bien-nhiet-do-hotend-thermistor-ntc100-cho-may-in-3d-cr-10-smart\/","url":"https:\/\/nge.vn\/san-pham\/day-cam-bien-nhiet-do-hotend-thermistor-ntc100-cho-may-in-3d-cr-10-smart\/","name":"D\u00e2y c\u1ea3m bi\u1ebfn nhi\u1ec7t \u0111\u1ed9 Hotend Thermistor NTC100 cho m\u00e1y in 3d CR-10 Smart - NGE 3D Printers Services","isPartOf":{"@id":"https:\/\/nge.vn\/#website"},"primaryImageOfPage":{"@id":"https:\/\/nge.vn\/san-pham\/day-cam-bien-nhiet-do-hotend-thermistor-ntc100-cho-may-in-3d-cr-10-smart\/#primaryimage"},"image":{"@id":"https:\/\/nge.vn\/san-pham\/day-cam-bien-nhiet-do-hotend-thermistor-ntc100-cho-may-in-3d-cr-10-smart\/#primaryimage"},"thumbnailUrl":"https:\/\/nge.vn\/wp-content\/uploads\/2024\/10\/images-upload-woo2F6673381847ee4ded98b03f6858a15a15.jpg","datePublished":"2024-10-25T08:25:46+00:00","dateModified":"2024-10-29T10:14:07+00:00","breadcrumb":{"@id":"https:\/\/nge.vn\/san-pham\/day-cam-bien-nhiet-do-hotend-thermistor-ntc100-cho-may-in-3d-cr-10-smart\/#breadcrumb"},"inLanguage":"en-US","potentialAction":[{"@type":"ReadAction","target":["https:\/\/nge.vn\/san-pham\/day-cam-bien-nhiet-do-hotend-thermistor-ntc100-cho-may-in-3d-cr-10-smart\/"]}]},{"@type":"ImageObject","inLanguage":"en-US","@id":"https:\/\/nge.vn\/san-pham\/day-cam-bien-nhiet-do-hotend-thermistor-ntc100-cho-may-in-3d-cr-10-smart\/#primaryimage","url":"https:\/\/nge.vn\/wp-content\/uploads\/2024\/10\/images-upload-woo2F6673381847ee4ded98b03f6858a15a15.jpg","contentUrl":"https:\/\/nge.vn\/wp-content\/uploads\/2024\/10\/images-upload-woo2F6673381847ee4ded98b03f6858a15a15.jpg","width":1024,"height":1024},{"@type":"BreadcrumbList","@id":"https:\/\/nge.vn\/san-pham\/day-cam-bien-nhiet-do-hotend-thermistor-ntc100-cho-may-in-3d-cr-10-smart\/#breadcrumb","itemListElement":[{"@type":"ListItem","position":1,"name":"Trang ch\u1ee7","item":"https:\/\/nge.vn\/"},{"@type":"ListItem","position":2,"name":"S\u1ea3n ph\u1ea9m","item":"https:\/\/nge.vn\/san-pham\/"},{"@type":"ListItem","position":3,"name":"D\u00e2y c\u1ea3m bi\u1ebfn nhi\u1ec7t \u0111\u1ed9 Hotend Thermistor NTC100 cho m\u00e1y in 3d CR-10 Smart"}]},{"@type":"WebSite","@id":"https:\/\/nge.vn\/#website","url":"https:\/\/nge.vn\/","name":"NGE 3D Printers Services","description":"","potentialAction":[{"@type":"SearchAction","target":{"@type":"EntryPoint","urlTemplate":"https:\/\/nge.vn\/?s={search_term_string}"},"query-input":{"@type":"PropertyValueSpecification","valueRequired":true,"valueName":"search_term_string"}}],"inLanguage":"en-US"}]}},"_links":{"self":[{"href":"https:\/\/nge.vn\/en\/wp-json\/wp\/v2\/product\/1277","targetHints":{"allow":["GET"]}}],"collection":[{"href":"https:\/\/nge.vn\/en\/wp-json\/wp\/v2\/product"}],"about":[{"href":"https:\/\/nge.vn\/en\/wp-json\/wp\/v2\/types\/product"}],"replies":[{"embeddable":true,"href":"https:\/\/nge.vn\/en\/wp-json\/wp\/v2\/comments?post=1277"}],"wp:featuredmedia":[{"embeddable":true,"href":"https:\/\/nge.vn\/en\/wp-json\/wp\/v2\/media\/1273"}],"wp:attachment":[{"href":"https:\/\/nge.vn\/en\/wp-json\/wp\/v2\/media?parent=1277"}],"wp:term":[{"taxonomy":"product_brand","embeddable":true,"href":"https:\/\/nge.vn\/en\/wp-json\/wp\/v2\/product_brand?post=1277"},{"taxonomy":"product_cat","embeddable":true,"href":"https:\/\/nge.vn\/en\/wp-json\/wp\/v2\/product_cat?post=1277"},{"taxonomy":"product_tag","embeddable":true,"href":"https:\/\/nge.vn\/en\/wp-json\/wp\/v2\/product_tag?post=1277"}],"curies":[{"name":"wp","href":"https:\/\/api.w.org\/{rel}","templated":true}]}}