{"id":1272,"date":"2024-10-25T15:24:15","date_gmt":"2024-10-25T08:24:15","guid":{"rendered":"https:\/\/nge.123websitedev.com\/san-pham\/tam-mat-ban-dan-platform-sticker-size-470x470x1mm-cho-may-in-3d-cr-10-max\/"},"modified":"2024-10-29T17:13:55","modified_gmt":"2024-10-29T10:13:55","slug":"tam-mat-ban-dan-platform-sticker-size-470x470x1mm-cho-may-in-3d-cr-10-max","status":"publish","type":"product","link":"https:\/\/nge.vn\/en\/product\/tam-mat-ban-dan-platform-sticker-size-470x470x1mm-cho-may-in-3d-cr-10-max\/","title":{"rendered":"T\u1ea5m m\u1eb7t b\u00e0n d\u00e1n Platform Sticker size 470\u00d7470\u00d71mm cho m\u00e1y in 3d CR-10 Max"},"content":{"rendered":"<p>T\u1ea5m m\u1eb7t b\u00e0n d\u00e1n m\u1edd Platform Sticker size 470\u00d7470\u00d71mm cho m\u00e1y in 3d CR-10 Max<br \/>\nT\u00ednh n\u0103ng:<br \/>\n1. Th\u00edch h\u1ee3p cho PLA, ABS, H\u00d4NG, PETG, TPE d\u00e2y t\u00f3c, Nylon, PC, RETT ch\u1ea5t li\u1ec7u. S\u1eed d\u1ee5ng cho CR-10 Max 3D M\u00e1y In<br \/>\n2. Cung c\u1ea5p th\u00eam l\u1ef1c d\u00ednh gi\u1eefa d\u00e2y t\u00f3c v\u00e0 l\u00e0m n\u00f3ng ban.<br \/>\n3. Hi\u1ec7u qu\u1ea3 ng\u0103n ng\u1eeba bi\u1ebfn d\u1ea1ng c\u1ee7a ABS, PLA d\u00e2y t\u00f3c.<br \/>\n4. Thi\u1ebft k\u1ebf \u0111\u01a1n gi\u1ea3n, nhanh ch\u00f3ng.<br \/>\n5. D\u1ec5 d\u00e0ng s\u1eed d\u1ee5ng v\u00e0 \u00e1p d\u1ee5ng.<br \/>\n6. \u0110\u00e1nh b\u00f3ng m\u1edd x\u1eed l\u00fd b\u1ec1 m\u1eb7t, c\u00f3 th\u1ec3 t\u00e1i s\u1eed d\u1ee5ng 3D m\u00e1y in ph\u1ee5 ki\u1ec7n.<\/p>\n<p>_Th\u00f4ng s\u1ed1 k\u1ef9 thu\u1eadt:<br \/>\n+Th\u01b0\u01a1ng hi\u1ec7u: Creality 3D<br \/>\n+M\u00e0u s\u1eafc: \u0110en<br \/>\n+G.W\uff1a750g<br \/>\n+N.W.\uff1a130g<br \/>\n+Product Size\uff1a470x470x4mm<br \/>\n+Packing Size\uff1a550\u00d7550\u00d740mm<\/p>\n<p>B\u1ed9 s\u1ea3n ph\u1ea9m Bao G\u1ed3m:<br \/>\n1 x Mi\u1ebfng m\u1eb7t b\u00e0n d\u00e1n<\/p>\n<p>**\u0110\u1ec3 \u0111\u01b0\u1ee3c nh\u1eadn \u0111\u01b0\u1ee3c gi\u00e1 \u01b0u \u0111\u00e3i t\u1ed1t nh\u1ea5t vui l\u00f2ng li\u00ean h\u1ec7 mua tr\u1ef1c ti\u1ebfp shop:<br \/>\n     0913.939.775 contact A.Quan (for English)<br \/>\n     094.144.0951 contact A.Quynh<br \/>\n**Gi\u00e1 b\u00e1n ch\u01b0a bao g\u1ed3m VAT (+8 hay 10% n\u1ebfu xu\u1ea5t ho\u00e1 \u0111\u01a1n GTGT)<\/p>","protected":false},"excerpt":{"rendered":"<p>T\u1ea5m m\u1eb7t b\u00e0n d\u00e1n Platform Sticker size 470\u00d7470\u00d71mm cho m\u00e1y in 3d CR-10 Max<\/p>","protected":false},"featured_media":1267,"comment_status":"open","ping_status":"closed","template":"","meta":{"inline_featured_image":false},"product_brand":[],"product_cat":[458,40],"product_tag":[],"class_list":{"0":"post-1272","1":"product","2":"type-product","3":"status-publish","4":"has-post-thumbnail","6":"product_cat-ban-kinh-carbon-va-pei","7":"product_cat-linh-kien-va-phu-kien","9":"first","10":"instock","11":"taxable","12":"shipping-taxable","13":"purchasable","14":"product-type-simple"},"yoast_head":"<!-- This site is optimized with the Yoast SEO Premium plugin v22.8 (Yoast SEO v26.9) - https:\/\/yoast.com\/product\/yoast-seo-premium-wordpress\/ -->\n<title>T\u1ea5m m\u1eb7t b\u00e0n d\u00e1n Platform Sticker size 470\u00d7470\u00d71mm cho m\u00e1y in 3d CR-10 Max - NGE 3D Printers Services<\/title>\n<meta name=\"robots\" content=\"index, follow, max-snippet:-1, max-image-preview:large, max-video-preview:-1\" \/>\n<link rel=\"canonical\" href=\"https:\/\/nge.vn\/en\/product\/tam-mat-ban-dan-platform-sticker-size-470x470x1mm-cho-may-in-3d-cr-10-max\/\" \/>\n<meta property=\"og:locale\" content=\"en_US\" \/>\n<meta property=\"og:type\" content=\"article\" \/>\n<meta property=\"og:title\" content=\"T\u1ea5m m\u1eb7t b\u00e0n d\u00e1n Platform Sticker size 470\u00d7470\u00d71mm cho m\u00e1y in 3d CR-10 Max\" \/>\n<meta property=\"og:description\" content=\"T\u1ea5m m\u1eb7t b\u00e0n d\u00e1n Platform Sticker size 470\u00d7470\u00d71mm cho m\u00e1y in 3d CR-10 Max\" \/>\n<meta property=\"og:url\" content=\"https:\/\/nge.vn\/en\/product\/tam-mat-ban-dan-platform-sticker-size-470x470x1mm-cho-may-in-3d-cr-10-max\/\" \/>\n<meta property=\"og:site_name\" content=\"NGE 3D Printers Services\" \/>\n<meta property=\"article:modified_time\" content=\"2024-10-29T10:13:55+00:00\" \/>\n<meta property=\"og:image\" content=\"https:\/\/nge.vn\/wp-content\/uploads\/2024\/10\/images-upload-woo2Fd04a244e6ec47eaae29ee0bd50b5c6a8.jpg\" \/>\n\t<meta property=\"og:image:width\" content=\"842\" \/>\n\t<meta property=\"og:image:height\" content=\"842\" \/>\n\t<meta property=\"og:image:type\" content=\"image\/jpeg\" \/>\n<meta name=\"twitter:card\" content=\"summary_large_image\" \/>\n<meta name=\"twitter:label1\" content=\"Est. reading time\" \/>\n\t<meta name=\"twitter:data1\" content=\"1 minute\" \/>\n<script type=\"application\/ld+json\" class=\"yoast-schema-graph\">{\"@context\":\"https:\/\/schema.org\",\"@graph\":[{\"@type\":\"WebPage\",\"@id\":\"https:\/\/nge.vn\/san-pham\/tam-mat-ban-dan-platform-sticker-size-470x470x1mm-cho-may-in-3d-cr-10-max\/\",\"url\":\"https:\/\/nge.vn\/san-pham\/tam-mat-ban-dan-platform-sticker-size-470x470x1mm-cho-may-in-3d-cr-10-max\/\",\"name\":\"T\u1ea5m m\u1eb7t b\u00e0n d\u00e1n Platform Sticker size 470\u00d7470\u00d71mm cho m\u00e1y in 3d CR-10 Max - NGE 3D Printers Services\",\"isPartOf\":{\"@id\":\"https:\/\/nge.vn\/#website\"},\"primaryImageOfPage\":{\"@id\":\"https:\/\/nge.vn\/san-pham\/tam-mat-ban-dan-platform-sticker-size-470x470x1mm-cho-may-in-3d-cr-10-max\/#primaryimage\"},\"image\":{\"@id\":\"https:\/\/nge.vn\/san-pham\/tam-mat-ban-dan-platform-sticker-size-470x470x1mm-cho-may-in-3d-cr-10-max\/#primaryimage\"},\"thumbnailUrl\":\"https:\/\/nge.vn\/wp-content\/uploads\/2024\/10\/images-upload-woo2Fd04a244e6ec47eaae29ee0bd50b5c6a8.jpg\",\"datePublished\":\"2024-10-25T08:24:15+00:00\",\"dateModified\":\"2024-10-29T10:13:55+00:00\",\"breadcrumb\":{\"@id\":\"https:\/\/nge.vn\/san-pham\/tam-mat-ban-dan-platform-sticker-size-470x470x1mm-cho-may-in-3d-cr-10-max\/#breadcrumb\"},\"inLanguage\":\"en-US\",\"potentialAction\":[{\"@type\":\"ReadAction\",\"target\":[\"https:\/\/nge.vn\/san-pham\/tam-mat-ban-dan-platform-sticker-size-470x470x1mm-cho-may-in-3d-cr-10-max\/\"]}]},{\"@type\":\"ImageObject\",\"inLanguage\":\"en-US\",\"@id\":\"https:\/\/nge.vn\/san-pham\/tam-mat-ban-dan-platform-sticker-size-470x470x1mm-cho-may-in-3d-cr-10-max\/#primaryimage\",\"url\":\"https:\/\/nge.vn\/wp-content\/uploads\/2024\/10\/images-upload-woo2Fd04a244e6ec47eaae29ee0bd50b5c6a8.jpg\",\"contentUrl\":\"https:\/\/nge.vn\/wp-content\/uploads\/2024\/10\/images-upload-woo2Fd04a244e6ec47eaae29ee0bd50b5c6a8.jpg\",\"width\":842,\"height\":842},{\"@type\":\"BreadcrumbList\",\"@id\":\"https:\/\/nge.vn\/san-pham\/tam-mat-ban-dan-platform-sticker-size-470x470x1mm-cho-may-in-3d-cr-10-max\/#breadcrumb\",\"itemListElement\":[{\"@type\":\"ListItem\",\"position\":1,\"name\":\"Trang ch\u1ee7\",\"item\":\"https:\/\/nge.vn\/\"},{\"@type\":\"ListItem\",\"position\":2,\"name\":\"S\u1ea3n ph\u1ea9m\",\"item\":\"https:\/\/nge.vn\/san-pham\/\"},{\"@type\":\"ListItem\",\"position\":3,\"name\":\"T\u1ea5m m\u1eb7t b\u00e0n d\u00e1n Platform Sticker size 470\u00d7470\u00d71mm cho m\u00e1y in 3d CR-10 Max\"}]},{\"@type\":\"WebSite\",\"@id\":\"https:\/\/nge.vn\/#website\",\"url\":\"https:\/\/nge.vn\/\",\"name\":\"NGE 3D Printers Services\",\"description\":\"\",\"potentialAction\":[{\"@type\":\"SearchAction\",\"target\":{\"@type\":\"EntryPoint\",\"urlTemplate\":\"https:\/\/nge.vn\/?s={search_term_string}\"},\"query-input\":{\"@type\":\"PropertyValueSpecification\",\"valueRequired\":true,\"valueName\":\"search_term_string\"}}],\"inLanguage\":\"en-US\"}]}<\/script>\n<!-- \/ Yoast SEO Premium plugin. -->","yoast_head_json":{"title":"T\u1ea5m m\u1eb7t b\u00e0n d\u00e1n Platform Sticker size 470\u00d7470\u00d71mm cho m\u00e1y in 3d CR-10 Max - NGE 3D Printers Services","robots":{"index":"index","follow":"follow","max-snippet":"max-snippet:-1","max-image-preview":"max-image-preview:large","max-video-preview":"max-video-preview:-1"},"canonical":"https:\/\/nge.vn\/en\/product\/tam-mat-ban-dan-platform-sticker-size-470x470x1mm-cho-may-in-3d-cr-10-max\/","og_locale":"en_US","og_type":"article","og_title":"T\u1ea5m m\u1eb7t b\u00e0n d\u00e1n Platform Sticker size 470\u00d7470\u00d71mm cho m\u00e1y in 3d CR-10 Max","og_description":"T\u1ea5m m\u1eb7t b\u00e0n d\u00e1n Platform Sticker size 470\u00d7470\u00d71mm cho m\u00e1y in 3d CR-10 Max","og_url":"https:\/\/nge.vn\/en\/product\/tam-mat-ban-dan-platform-sticker-size-470x470x1mm-cho-may-in-3d-cr-10-max\/","og_site_name":"NGE 3D Printers Services","article_modified_time":"2024-10-29T10:13:55+00:00","og_image":[{"width":842,"height":842,"url":"https:\/\/nge.vn\/wp-content\/uploads\/2024\/10\/images-upload-woo2Fd04a244e6ec47eaae29ee0bd50b5c6a8.jpg","type":"image\/jpeg"}],"twitter_card":"summary_large_image","twitter_misc":{"Est. reading time":"1 minute"},"schema":{"@context":"https:\/\/schema.org","@graph":[{"@type":"WebPage","@id":"https:\/\/nge.vn\/san-pham\/tam-mat-ban-dan-platform-sticker-size-470x470x1mm-cho-may-in-3d-cr-10-max\/","url":"https:\/\/nge.vn\/san-pham\/tam-mat-ban-dan-platform-sticker-size-470x470x1mm-cho-may-in-3d-cr-10-max\/","name":"T\u1ea5m m\u1eb7t b\u00e0n d\u00e1n Platform Sticker size 470\u00d7470\u00d71mm cho m\u00e1y in 3d CR-10 Max - NGE 3D Printers Services","isPartOf":{"@id":"https:\/\/nge.vn\/#website"},"primaryImageOfPage":{"@id":"https:\/\/nge.vn\/san-pham\/tam-mat-ban-dan-platform-sticker-size-470x470x1mm-cho-may-in-3d-cr-10-max\/#primaryimage"},"image":{"@id":"https:\/\/nge.vn\/san-pham\/tam-mat-ban-dan-platform-sticker-size-470x470x1mm-cho-may-in-3d-cr-10-max\/#primaryimage"},"thumbnailUrl":"https:\/\/nge.vn\/wp-content\/uploads\/2024\/10\/images-upload-woo2Fd04a244e6ec47eaae29ee0bd50b5c6a8.jpg","datePublished":"2024-10-25T08:24:15+00:00","dateModified":"2024-10-29T10:13:55+00:00","breadcrumb":{"@id":"https:\/\/nge.vn\/san-pham\/tam-mat-ban-dan-platform-sticker-size-470x470x1mm-cho-may-in-3d-cr-10-max\/#breadcrumb"},"inLanguage":"en-US","potentialAction":[{"@type":"ReadAction","target":["https:\/\/nge.vn\/san-pham\/tam-mat-ban-dan-platform-sticker-size-470x470x1mm-cho-may-in-3d-cr-10-max\/"]}]},{"@type":"ImageObject","inLanguage":"en-US","@id":"https:\/\/nge.vn\/san-pham\/tam-mat-ban-dan-platform-sticker-size-470x470x1mm-cho-may-in-3d-cr-10-max\/#primaryimage","url":"https:\/\/nge.vn\/wp-content\/uploads\/2024\/10\/images-upload-woo2Fd04a244e6ec47eaae29ee0bd50b5c6a8.jpg","contentUrl":"https:\/\/nge.vn\/wp-content\/uploads\/2024\/10\/images-upload-woo2Fd04a244e6ec47eaae29ee0bd50b5c6a8.jpg","width":842,"height":842},{"@type":"BreadcrumbList","@id":"https:\/\/nge.vn\/san-pham\/tam-mat-ban-dan-platform-sticker-size-470x470x1mm-cho-may-in-3d-cr-10-max\/#breadcrumb","itemListElement":[{"@type":"ListItem","position":1,"name":"Trang ch\u1ee7","item":"https:\/\/nge.vn\/"},{"@type":"ListItem","position":2,"name":"S\u1ea3n ph\u1ea9m","item":"https:\/\/nge.vn\/san-pham\/"},{"@type":"ListItem","position":3,"name":"T\u1ea5m m\u1eb7t b\u00e0n d\u00e1n Platform Sticker size 470\u00d7470\u00d71mm cho m\u00e1y in 3d CR-10 Max"}]},{"@type":"WebSite","@id":"https:\/\/nge.vn\/#website","url":"https:\/\/nge.vn\/","name":"NGE 3D Printers Services","description":"","potentialAction":[{"@type":"SearchAction","target":{"@type":"EntryPoint","urlTemplate":"https:\/\/nge.vn\/?s={search_term_string}"},"query-input":{"@type":"PropertyValueSpecification","valueRequired":true,"valueName":"search_term_string"}}],"inLanguage":"en-US"}]}},"_links":{"self":[{"href":"https:\/\/nge.vn\/en\/wp-json\/wp\/v2\/product\/1272","targetHints":{"allow":["GET"]}}],"collection":[{"href":"https:\/\/nge.vn\/en\/wp-json\/wp\/v2\/product"}],"about":[{"href":"https:\/\/nge.vn\/en\/wp-json\/wp\/v2\/types\/product"}],"replies":[{"embeddable":true,"href":"https:\/\/nge.vn\/en\/wp-json\/wp\/v2\/comments?post=1272"}],"wp:featuredmedia":[{"embeddable":true,"href":"https:\/\/nge.vn\/en\/wp-json\/wp\/v2\/media\/1267"}],"wp:attachment":[{"href":"https:\/\/nge.vn\/en\/wp-json\/wp\/v2\/media?parent=1272"}],"wp:term":[{"taxonomy":"product_brand","embeddable":true,"href":"https:\/\/nge.vn\/en\/wp-json\/wp\/v2\/product_brand?post=1272"},{"taxonomy":"product_cat","embeddable":true,"href":"https:\/\/nge.vn\/en\/wp-json\/wp\/v2\/product_cat?post=1272"},{"taxonomy":"product_tag","embeddable":true,"href":"https:\/\/nge.vn\/en\/wp-json\/wp\/v2\/product_tag?post=1272"}],"curies":[{"name":"wp","href":"https:\/\/api.w.org\/{rel}","templated":true}]}}