{"id":1266,"date":"2024-10-25T15:23:19","date_gmt":"2024-10-25T08:23:19","guid":{"rendered":"https:\/\/nge.123websitedev.com\/san-pham\/day-cam-bien-nhiet-dien-tro-hotend-thermistor-creality-ender-3-s1-ntc100k%cf%89-3950k-cho-khoi-gia-nhiet-may-dun-sprite\/"},"modified":"2024-10-29T17:14:41","modified_gmt":"2024-10-29T10:14:41","slug":"day-cam-bien-nhiet-dien-tro-hotend-thermistor-creality-ender-3-s1-ntc100k%cf%89-3950k-cho-khoi-gia-nhiet-may-dun-sprite","status":"publish","type":"product","link":"https:\/\/nge.vn\/en\/product\/day-cam-bien-nhiet-dien-tro-hotend-thermistor-creality-ender-3-s1-ntc100k%cf%89-3950k-cho-khoi-gia-nhiet-may-dun-sprite\/","title":{"rendered":"D\u00e2y c\u1ea3m bi\u1ebfn nhi\u1ec7t \u0111i\u1ec7n tr\u1edf Hotend Thermistor Creality Ender 3 S1 NTC100K\u03a9 3950K cho Kh\u1ed1i gia nhi\u1ec7t m\u00e1y \u0111\u00f9n Sprite"},"content":{"rendered":"<p>C\u1ea3m bi\u1ebfn nhi\u1ec7t \u0111i\u1ec7n tr\u1edf Hotend Thermistor Creality Ender 3 S1 NTC100K\u03a9 3950K cho Kh\u1ed1i gia nhi\u1ec7t m\u00e1y \u0111\u00f9n Sprite<\/p>\n<p>_\u0110i\u1ec7n tr\u1edf nhi\u1ec7t m\u00e1y \u0111\u00f9n Sprite<br \/>\nC\u1ea5u tr\u00fac \u0111\u01a1n gi\u1ea3n, \u1ed5n \u0111\u1ecbnh t\u1ed1t, ch\u1ed1ng va ch\u1ea1m c\u01a1 h\u1ecdc, ch\u1ed1ng u\u1ed1n cong m\u1ea1nh<br \/>\n+\u0110\u1ed9 nh\u1ea1y cao v\u00e0 ph\u00e1t hi\u1ec7n ch\u00ednh x\u00e1c<br \/>\n+C\u00e1ch nhi\u1ec7t v\u00e0 ni\u00eam phong t\u1ed1t<\/p>\n<p>_Th\u1ee7 c\u00f4ng ch\u00ednh x\u00e1c, \u0111\u1ed9 nh\u1ea1y cao<br \/>\nV\u1edbi c\u00f4ng ngh\u1ec7 s\u1ea3n xu\u1ea5t ti\u00ean ti\u1ebfn v\u00e0 v\u1eadt li\u1ec7u polyme, n\u00f3 c\u00f3 th\u1ec3 ph\u00e1t hi\u1ec7n s\u1ef1 thay \u0111\u1ed5i nhi\u1ec7t \u0111\u1ed9 t\u1eeb -30\u2103 \u0111\u1ebfn 300\u2103 m\u1ed9t c\u00e1ch nh\u1ea1y b\u00e9n.<\/p>\n<p>_C\u1ea5u tr\u00fac \u0111\u01a1n gi\u1ea3n, \u1ed5n \u0111\u1ecbnh t\u1ed1t<br \/>\nC\u1eafm v\u00e0 ch\u1ea1y, d\u1ec5 c\u00e0i \u0111\u1eb7t, an to\u00e0n v\u00e0 b\u1ec1n.<\/p>\n<p>+C\u00e1c \u0111i\u1ec7n tr\u1edf nhi\u1ec7t k\u00edch th\u01b0\u1edbc \u0111\u1ea7u: \u03c63*5.5mm;<br \/>\n+Chi\u1ec1u d\u00e0i c\u00e1p: kho\u1ea3ng 45mm<br \/>\n+S\u1eed d\u1ee5ng c\u00e1c tham s\u1ed1 cho c\u1ea3m bi\u1ebfn nhi\u1ec7t: R25 \u2103 = 100K B25\/50 = 3950K \u00b1 1%<br \/>\n+S\u1eed d\u1ee5ng cho m\u00e1y: Ender 3 S1; Ender 3 S1 Plus<\/p>\n<p>**\u0110\u1ec3 \u0111\u01b0\u1ee3c nh\u1eadn \u0111\u01b0\u1ee3c gi\u00e1 \u01b0u \u0111\u00e3i t\u1ed1t nh\u1ea5t vui l\u00f2ng li\u00ean h\u1ec7 mua tr\u1ef1c ti\u1ebfp shop:<br \/>\n     0913.939.775 contact A.Quan (for English)<br \/>\n     094.144.0951 contact A.Quynh<br \/>\n**Gi\u00e1 b\u00e1n ch\u01b0a bao g\u1ed3m VAT (+8 hay 10% n\u1ebfu xu\u1ea5t ho\u00e1 \u0111\u01a1n GTGT)<\/p>","protected":false},"excerpt":{"rendered":"<p>D\u00e2y c\u1ea3m bi\u1ebfn nhi\u1ec7t \u0111i\u1ec7n tr\u1edf Hotend Thermistor Creality Ender 3 S1 NTC100K\u03a9 3950K cho Kh\u1ed1i gia nhi\u1ec7t m\u00e1y \u0111\u00f9n Sprite<\/p>","protected":false},"featured_media":1261,"comment_status":"open","ping_status":"closed","template":"","meta":{"inline_featured_image":false},"product_brand":[],"product_cat":[40,56],"product_tag":[],"class_list":{"0":"post-1266","1":"product","2":"type-product","3":"status-publish","4":"has-post-thumbnail","6":"product_cat-linh-kien-va-phu-kien","7":"product_cat-linh-phu-kien-may-in-3d-creality","9":"first","10":"instock","11":"taxable","12":"shipping-taxable","13":"purchasable","14":"product-type-simple"},"yoast_head":"<!-- This site is optimized with the Yoast SEO Premium plugin v22.8 (Yoast SEO v26.9) - https:\/\/yoast.com\/product\/yoast-seo-premium-wordpress\/ -->\n<title>D\u00e2y c\u1ea3m bi\u1ebfn nhi\u1ec7t \u0111i\u1ec7n tr\u1edf Hotend Thermistor Creality Ender 3 S1 NTC100K\u03a9 3950K cho Kh\u1ed1i gia nhi\u1ec7t m\u00e1y \u0111\u00f9n Sprite - NGE 3D Printers Services<\/title>\n<meta name=\"robots\" content=\"index, follow, max-snippet:-1, max-image-preview:large, max-video-preview:-1\" \/>\n<link rel=\"canonical\" href=\"https:\/\/nge.vn\/en\/product\/day-cam-bien-nhiet-dien-tro-hotend-thermistor-creality-ender-3-s1-ntc100k\u03c9-3950k-cho-khoi-gia-nhiet-may-dun-sprite\/\" \/>\n<meta property=\"og:locale\" content=\"en_US\" \/>\n<meta property=\"og:type\" content=\"article\" \/>\n<meta property=\"og:title\" content=\"D\u00e2y c\u1ea3m bi\u1ebfn nhi\u1ec7t \u0111i\u1ec7n tr\u1edf Hotend Thermistor Creality Ender 3 S1 NTC100K\u03a9 3950K cho Kh\u1ed1i gia nhi\u1ec7t m\u00e1y \u0111\u00f9n Sprite\" \/>\n<meta property=\"og:description\" content=\"D\u00e2y c\u1ea3m bi\u1ebfn nhi\u1ec7t \u0111i\u1ec7n tr\u1edf Hotend Thermistor Creality Ender 3 S1 NTC100K\u03a9 3950K cho Kh\u1ed1i gia nhi\u1ec7t m\u00e1y \u0111\u00f9n Sprite\" \/>\n<meta property=\"og:url\" content=\"https:\/\/nge.vn\/en\/product\/day-cam-bien-nhiet-dien-tro-hotend-thermistor-creality-ender-3-s1-ntc100k\u03c9-3950k-cho-khoi-gia-nhiet-may-dun-sprite\/\" \/>\n<meta property=\"og:site_name\" content=\"NGE 3D Printers Services\" \/>\n<meta property=\"article:modified_time\" content=\"2024-10-29T10:14:41+00:00\" \/>\n<meta property=\"og:image\" content=\"https:\/\/nge.vn\/wp-content\/uploads\/2024\/10\/images-upload-woo2F7a42df371afe00f194c95c07a5808388.jpg\" \/>\n\t<meta property=\"og:image:width\" content=\"1000\" \/>\n\t<meta property=\"og:image:height\" content=\"1000\" \/>\n\t<meta property=\"og:image:type\" content=\"image\/jpeg\" \/>\n<meta name=\"twitter:card\" content=\"summary_large_image\" \/>\n<meta name=\"twitter:label1\" content=\"Est. reading time\" \/>\n\t<meta name=\"twitter:data1\" content=\"1 minute\" \/>\n<script type=\"application\/ld+json\" class=\"yoast-schema-graph\">{\"@context\":\"https:\/\/schema.org\",\"@graph\":[{\"@type\":\"WebPage\",\"@id\":\"https:\/\/nge.vn\/san-pham\/day-cam-bien-nhiet-dien-tro-hotend-thermistor-creality-ender-3-s1-ntc100k%cf%89-3950k-cho-khoi-gia-nhiet-may-dun-sprite\/\",\"url\":\"https:\/\/nge.vn\/san-pham\/day-cam-bien-nhiet-dien-tro-hotend-thermistor-creality-ender-3-s1-ntc100k%cf%89-3950k-cho-khoi-gia-nhiet-may-dun-sprite\/\",\"name\":\"D\u00e2y c\u1ea3m bi\u1ebfn nhi\u1ec7t \u0111i\u1ec7n tr\u1edf Hotend Thermistor Creality Ender 3 S1 NTC100K\u03a9 3950K cho Kh\u1ed1i gia nhi\u1ec7t m\u00e1y \u0111\u00f9n Sprite - NGE 3D Printers Services\",\"isPartOf\":{\"@id\":\"https:\/\/nge.vn\/#website\"},\"primaryImageOfPage\":{\"@id\":\"https:\/\/nge.vn\/san-pham\/day-cam-bien-nhiet-dien-tro-hotend-thermistor-creality-ender-3-s1-ntc100k%cf%89-3950k-cho-khoi-gia-nhiet-may-dun-sprite\/#primaryimage\"},\"image\":{\"@id\":\"https:\/\/nge.vn\/san-pham\/day-cam-bien-nhiet-dien-tro-hotend-thermistor-creality-ender-3-s1-ntc100k%cf%89-3950k-cho-khoi-gia-nhiet-may-dun-sprite\/#primaryimage\"},\"thumbnailUrl\":\"https:\/\/nge.vn\/wp-content\/uploads\/2024\/10\/images-upload-woo2F7a42df371afe00f194c95c07a5808388.jpg\",\"datePublished\":\"2024-10-25T08:23:19+00:00\",\"dateModified\":\"2024-10-29T10:14:41+00:00\",\"breadcrumb\":{\"@id\":\"https:\/\/nge.vn\/san-pham\/day-cam-bien-nhiet-dien-tro-hotend-thermistor-creality-ender-3-s1-ntc100k%cf%89-3950k-cho-khoi-gia-nhiet-may-dun-sprite\/#breadcrumb\"},\"inLanguage\":\"en-US\",\"potentialAction\":[{\"@type\":\"ReadAction\",\"target\":[\"https:\/\/nge.vn\/san-pham\/day-cam-bien-nhiet-dien-tro-hotend-thermistor-creality-ender-3-s1-ntc100k%cf%89-3950k-cho-khoi-gia-nhiet-may-dun-sprite\/\"]}]},{\"@type\":\"ImageObject\",\"inLanguage\":\"en-US\",\"@id\":\"https:\/\/nge.vn\/san-pham\/day-cam-bien-nhiet-dien-tro-hotend-thermistor-creality-ender-3-s1-ntc100k%cf%89-3950k-cho-khoi-gia-nhiet-may-dun-sprite\/#primaryimage\",\"url\":\"https:\/\/nge.vn\/wp-content\/uploads\/2024\/10\/images-upload-woo2F7a42df371afe00f194c95c07a5808388.jpg\",\"contentUrl\":\"https:\/\/nge.vn\/wp-content\/uploads\/2024\/10\/images-upload-woo2F7a42df371afe00f194c95c07a5808388.jpg\",\"width\":1000,\"height\":1000},{\"@type\":\"BreadcrumbList\",\"@id\":\"https:\/\/nge.vn\/san-pham\/day-cam-bien-nhiet-dien-tro-hotend-thermistor-creality-ender-3-s1-ntc100k%cf%89-3950k-cho-khoi-gia-nhiet-may-dun-sprite\/#breadcrumb\",\"itemListElement\":[{\"@type\":\"ListItem\",\"position\":1,\"name\":\"Trang ch\u1ee7\",\"item\":\"https:\/\/nge.vn\/\"},{\"@type\":\"ListItem\",\"position\":2,\"name\":\"S\u1ea3n ph\u1ea9m\",\"item\":\"https:\/\/nge.vn\/san-pham\/\"},{\"@type\":\"ListItem\",\"position\":3,\"name\":\"D\u00e2y c\u1ea3m bi\u1ebfn nhi\u1ec7t \u0111i\u1ec7n tr\u1edf Hotend Thermistor Creality Ender 3 S1 NTC100K\u03a9 3950K cho Kh\u1ed1i gia nhi\u1ec7t m\u00e1y \u0111\u00f9n Sprite\"}]},{\"@type\":\"WebSite\",\"@id\":\"https:\/\/nge.vn\/#website\",\"url\":\"https:\/\/nge.vn\/\",\"name\":\"NGE 3D Printers Services\",\"description\":\"\",\"potentialAction\":[{\"@type\":\"SearchAction\",\"target\":{\"@type\":\"EntryPoint\",\"urlTemplate\":\"https:\/\/nge.vn\/?s={search_term_string}\"},\"query-input\":{\"@type\":\"PropertyValueSpecification\",\"valueRequired\":true,\"valueName\":\"search_term_string\"}}],\"inLanguage\":\"en-US\"}]}<\/script>\n<!-- \/ Yoast SEO Premium plugin. -->","yoast_head_json":{"title":"D\u00e2y c\u1ea3m bi\u1ebfn nhi\u1ec7t \u0111i\u1ec7n tr\u1edf Hotend Thermistor Creality Ender 3 S1 NTC100K\u03a9 3950K cho Kh\u1ed1i gia nhi\u1ec7t m\u00e1y \u0111\u00f9n Sprite - NGE 3D Printers Services","robots":{"index":"index","follow":"follow","max-snippet":"max-snippet:-1","max-image-preview":"max-image-preview:large","max-video-preview":"max-video-preview:-1"},"canonical":"https:\/\/nge.vn\/en\/product\/day-cam-bien-nhiet-dien-tro-hotend-thermistor-creality-ender-3-s1-ntc100k\u03c9-3950k-cho-khoi-gia-nhiet-may-dun-sprite\/","og_locale":"en_US","og_type":"article","og_title":"D\u00e2y c\u1ea3m bi\u1ebfn nhi\u1ec7t \u0111i\u1ec7n tr\u1edf Hotend Thermistor Creality Ender 3 S1 NTC100K\u03a9 3950K cho Kh\u1ed1i gia nhi\u1ec7t m\u00e1y \u0111\u00f9n Sprite","og_description":"D\u00e2y c\u1ea3m bi\u1ebfn nhi\u1ec7t \u0111i\u1ec7n tr\u1edf Hotend Thermistor Creality Ender 3 S1 NTC100K\u03a9 3950K cho Kh\u1ed1i gia nhi\u1ec7t m\u00e1y \u0111\u00f9n Sprite","og_url":"https:\/\/nge.vn\/en\/product\/day-cam-bien-nhiet-dien-tro-hotend-thermistor-creality-ender-3-s1-ntc100k\u03c9-3950k-cho-khoi-gia-nhiet-may-dun-sprite\/","og_site_name":"NGE 3D Printers Services","article_modified_time":"2024-10-29T10:14:41+00:00","og_image":[{"width":1000,"height":1000,"url":"https:\/\/nge.vn\/wp-content\/uploads\/2024\/10\/images-upload-woo2F7a42df371afe00f194c95c07a5808388.jpg","type":"image\/jpeg"}],"twitter_card":"summary_large_image","twitter_misc":{"Est. reading time":"1 minute"},"schema":{"@context":"https:\/\/schema.org","@graph":[{"@type":"WebPage","@id":"https:\/\/nge.vn\/san-pham\/day-cam-bien-nhiet-dien-tro-hotend-thermistor-creality-ender-3-s1-ntc100k%cf%89-3950k-cho-khoi-gia-nhiet-may-dun-sprite\/","url":"https:\/\/nge.vn\/san-pham\/day-cam-bien-nhiet-dien-tro-hotend-thermistor-creality-ender-3-s1-ntc100k%cf%89-3950k-cho-khoi-gia-nhiet-may-dun-sprite\/","name":"D\u00e2y c\u1ea3m bi\u1ebfn nhi\u1ec7t \u0111i\u1ec7n tr\u1edf Hotend Thermistor Creality Ender 3 S1 NTC100K\u03a9 3950K cho Kh\u1ed1i gia nhi\u1ec7t m\u00e1y \u0111\u00f9n Sprite - NGE 3D Printers Services","isPartOf":{"@id":"https:\/\/nge.vn\/#website"},"primaryImageOfPage":{"@id":"https:\/\/nge.vn\/san-pham\/day-cam-bien-nhiet-dien-tro-hotend-thermistor-creality-ender-3-s1-ntc100k%cf%89-3950k-cho-khoi-gia-nhiet-may-dun-sprite\/#primaryimage"},"image":{"@id":"https:\/\/nge.vn\/san-pham\/day-cam-bien-nhiet-dien-tro-hotend-thermistor-creality-ender-3-s1-ntc100k%cf%89-3950k-cho-khoi-gia-nhiet-may-dun-sprite\/#primaryimage"},"thumbnailUrl":"https:\/\/nge.vn\/wp-content\/uploads\/2024\/10\/images-upload-woo2F7a42df371afe00f194c95c07a5808388.jpg","datePublished":"2024-10-25T08:23:19+00:00","dateModified":"2024-10-29T10:14:41+00:00","breadcrumb":{"@id":"https:\/\/nge.vn\/san-pham\/day-cam-bien-nhiet-dien-tro-hotend-thermistor-creality-ender-3-s1-ntc100k%cf%89-3950k-cho-khoi-gia-nhiet-may-dun-sprite\/#breadcrumb"},"inLanguage":"en-US","potentialAction":[{"@type":"ReadAction","target":["https:\/\/nge.vn\/san-pham\/day-cam-bien-nhiet-dien-tro-hotend-thermistor-creality-ender-3-s1-ntc100k%cf%89-3950k-cho-khoi-gia-nhiet-may-dun-sprite\/"]}]},{"@type":"ImageObject","inLanguage":"en-US","@id":"https:\/\/nge.vn\/san-pham\/day-cam-bien-nhiet-dien-tro-hotend-thermistor-creality-ender-3-s1-ntc100k%cf%89-3950k-cho-khoi-gia-nhiet-may-dun-sprite\/#primaryimage","url":"https:\/\/nge.vn\/wp-content\/uploads\/2024\/10\/images-upload-woo2F7a42df371afe00f194c95c07a5808388.jpg","contentUrl":"https:\/\/nge.vn\/wp-content\/uploads\/2024\/10\/images-upload-woo2F7a42df371afe00f194c95c07a5808388.jpg","width":1000,"height":1000},{"@type":"BreadcrumbList","@id":"https:\/\/nge.vn\/san-pham\/day-cam-bien-nhiet-dien-tro-hotend-thermistor-creality-ender-3-s1-ntc100k%cf%89-3950k-cho-khoi-gia-nhiet-may-dun-sprite\/#breadcrumb","itemListElement":[{"@type":"ListItem","position":1,"name":"Trang ch\u1ee7","item":"https:\/\/nge.vn\/"},{"@type":"ListItem","position":2,"name":"S\u1ea3n ph\u1ea9m","item":"https:\/\/nge.vn\/san-pham\/"},{"@type":"ListItem","position":3,"name":"D\u00e2y c\u1ea3m bi\u1ebfn nhi\u1ec7t \u0111i\u1ec7n tr\u1edf Hotend Thermistor Creality Ender 3 S1 NTC100K\u03a9 3950K cho Kh\u1ed1i gia nhi\u1ec7t m\u00e1y \u0111\u00f9n Sprite"}]},{"@type":"WebSite","@id":"https:\/\/nge.vn\/#website","url":"https:\/\/nge.vn\/","name":"NGE 3D Printers Services","description":"","potentialAction":[{"@type":"SearchAction","target":{"@type":"EntryPoint","urlTemplate":"https:\/\/nge.vn\/?s={search_term_string}"},"query-input":{"@type":"PropertyValueSpecification","valueRequired":true,"valueName":"search_term_string"}}],"inLanguage":"en-US"}]}},"_links":{"self":[{"href":"https:\/\/nge.vn\/en\/wp-json\/wp\/v2\/product\/1266","targetHints":{"allow":["GET"]}}],"collection":[{"href":"https:\/\/nge.vn\/en\/wp-json\/wp\/v2\/product"}],"about":[{"href":"https:\/\/nge.vn\/en\/wp-json\/wp\/v2\/types\/product"}],"replies":[{"embeddable":true,"href":"https:\/\/nge.vn\/en\/wp-json\/wp\/v2\/comments?post=1266"}],"wp:featuredmedia":[{"embeddable":true,"href":"https:\/\/nge.vn\/en\/wp-json\/wp\/v2\/media\/1261"}],"wp:attachment":[{"href":"https:\/\/nge.vn\/en\/wp-json\/wp\/v2\/media?parent=1266"}],"wp:term":[{"taxonomy":"product_brand","embeddable":true,"href":"https:\/\/nge.vn\/en\/wp-json\/wp\/v2\/product_brand?post=1266"},{"taxonomy":"product_cat","embeddable":true,"href":"https:\/\/nge.vn\/en\/wp-json\/wp\/v2\/product_cat?post=1266"},{"taxonomy":"product_tag","embeddable":true,"href":"https:\/\/nge.vn\/en\/wp-json\/wp\/v2\/product_tag?post=1266"}],"curies":[{"name":"wp","href":"https:\/\/api.w.org\/{rel}","templated":true}]}}