{"id":125,"date":"2024-10-15T18:34:01","date_gmt":"2024-10-15T11:34:01","guid":{"rendered":"https:\/\/nge.123websitedev.com\/san-pham\/board-may-in-3d-khong-on-motherboard-creality-noiseless-v4-2-7-cho-series-ender-3-va-ender-5\/"},"modified":"2024-10-28T10:34:21","modified_gmt":"2024-10-28T03:34:21","slug":"board-may-in-3d-khong-on-motherboard-creality-noiseless-v4-2-7-cho-series-ender-3-va-ender-5","status":"publish","type":"product","link":"https:\/\/nge.vn\/en\/product\/board-may-in-3d-khong-on-motherboard-creality-noiseless-v4-2-7-cho-series-ender-3-va-ender-5\/","title":{"rendered":"Board m\u00e1y in 3d kh\u00f4ng \u1ed3n Motherboard Creality Noiseless V4.2.7 cho Series Ender 3 v\u00e0 Ender 5"},"content":{"rendered":"<p>Board m\u00e1y in 3d kh\u00f4ng \u1ed3n Motherboard Creality Noiseless V4.2.7 32 bit<br \/>\n**Bo m\u1ea1ch ch\u1ee7 t\u1eaft ti\u1ebfng d\u00f2ng Ender s\u1eed d\u1ee5ng \u0111\u01b0\u1ee3c cho c\u00e1c m\u00e1y: Ender 3, Ender 3 Pro, Ender 3 V2, Ender 5, Ender 5 Pro<\/p>\n<p>_\u0110\u1ecbnh ngh\u0129a m\u1edbi:<br \/>\n+Bo m\u1ea1ch ch\u1ee7 kh\u00f4ng \u1ed3n \u00e0o<br \/>\n+Gi\u1ea3m ti\u1ebfng \u1ed3n hi\u1ec7u qu\u1ea3<br \/>\n+Ki\u1ec3m so\u00e1t v\u00e0 \u0111i\u1ec1u khi\u1ec3n m\u1ea1nh m\u1ebd<br \/>\n+\u0110\u1ed9 b\u1ec1n cao v\u00e0 ti\u00eau th\u1ee5 \u0111i\u1ec7n n\u0103ng th\u1ea5p<\/p>\n<p>_Chip nh\u1eadp kh\u1ea9u | In im l\u1eb7ng<br \/>\n+\u0110\u1ee9c si\u00eau kh\u00e1 TMC<br \/>\n+In im l\u1eb7ng &lt;50dB<\/p>\n<p>_Chip \u0111i\u1ec1u khi\u1ec3n nh\u1eadp kh\u1ea9u: Ki\u1ec3m so\u00e1t v\u00e0 \u0111i\u1ec1u khi\u1ec3n n\u00f3i chung<\/p>\n<p>_Chip qu\u1ea3n l\u00fd n\u0103ng l\u01b0\u1ee3ng \u0111\u1eb7c bi\u1ec7t: H\u1ed7 tr\u1ee3 \u0111\u1ea7u v\u00e0o ngu\u1ed3n 24V<\/p>\n<p>_V\u1eadt li\u1ec7u ch\u1ea5t l\u01b0\u1ee3ng \u0111\u01b0\u1ee3c l\u1ef1a ch\u1ecdn k\u1ef9 c\u00e0ng: \u1ed0ng MOS ch\u1ea5t l\u01b0\u1ee3ng cao<\/p>\n<p>_Ch\u1ee9c n\u0103ng ho\u00e0n ch\u1ec9nh: H\u1ed7 tr\u1ee3 t\u1ef1 \u0111\u1ed9ng c\u00e2n b\u1eb1ng v\u00e0 c\u1ea3m bi\u1ebfn d\u00e2y t\u00f3c<br \/>\n_Thi\u1ebft k\u1ebf th\u00e2n thi\u1ec7n v\u1edbi ng\u01b0\u1eddi d\u00f9ng: L\u1eafp r\u00e1p v\u00e0 s\u1eed d\u1ee5ng d\u1ec5 d\u00e0ng<\/p>\n<p>_Chip TMC c\u1ef1c t\u1ed1t c\u1ee7a \u0110\u1ee9c<br \/>\n_Gi\u1ea3m ti\u1ebfng \u1ed3n hi\u1ec7u qu\u1ea3 | In im l\u1eb7ng<br \/>\n+\u0110i\u1ec1u ch\u1ebf s\u00f3ng mang \u0111i\u1ec7n \u00e1p c\u1ee7a chip \u0111i\u1ec1u khi\u1ec3n TMC gi\u1ea3m thi\u1ec3u s\u00f3ng hi\u1ec7n t\u1ea1i v\u00e0 kh\u1eed nhi\u1ec5u hi\u1ec7u qu\u1ea3; decibel th\u1ea5p v\u00e0 b\u1ed9 \u0111i\u1ec1u khi\u1ec3n TMC im l\u1eb7ng l\u00e0m cho \u00e2m thanh c\u1ee7a bo m\u1ea1ch ch\u00ednh ch\u1ea1y d\u01b0\u1edbi 50dB.<br \/>\n+\u1ed4 \u0111\u0129a TMC si\u00eau kh\u00e1<br \/>\n+Ti\u1ebfng \u1ed3n:  60dB =&gt; Tr\u01b0\u1edbc khi gi\u1ea3m ti\u1ebfng \u1ed3n<br \/>\n+Bo m\u1ea1ch ch\u1ee7 t\u1eaft ti\u1ebfng  Sau khi gi\u1ea3m ti\u1ebfng \u1ed3n<\/p>\n<p>**Chip ngu\u1ed3n<br \/>\n_Hi\u1ec7u su\u1ea5t \u0111\u00e1ng ch\u00fa \u00fd<br \/>\n+\u0110\u01b0\u1ee3c trang b\u1ecb chip \u0111i\u1ec1u khi\u1ec3n, \u0111i\u1ec1u khi\u1ec3n v\u00e0 truy\u1ec1n \u0111\u1ed9ng nh\u1eadp kh\u1ea9u, t\u1ed1c \u0111\u1ed9 ch\u1ea1y nhanh h\u01a1n, h\u1ec7 th\u1ed1ng \u0111i\u1ec1u khi\u1ec3n nh\u1ea1y h\u01a1n, in ch\u00ednh x\u00e1c cao h\u01a1n, hi\u1ec7u su\u1ea5t m\u1ea1nh m\u1ebd h\u01a1n.<br \/>\n+N\u00e2ng c\u1ea5p l\u00ean Mcu 32bit<br \/>\n+T\u1ef7 l\u1ec7 x\u1eed l\u00fd \u0111\u1ed3 h\u1ecda: + 90%<br \/>\n+\u0110i\u1ec7n n\u0103ng ti\u00eau th\u1ee5: -40%<br \/>\n+In ch\u00ednh x\u00e1c: + 50%<\/p>\n<p>**\u0110\u1ec3 \u0111\u01b0\u1ee3c nh\u1eadn h\u1ed9 tr\u1ee3 th\u00eam v\u1ec1 Gi\u00e1 v\u00e0 Th\u00f4ng tin c\u1ee7a s\u1ea3n ph\u1ea9m, vui l\u00f2ng li\u00ean h\u1ec7:<br \/>\n          0913.939.775 g\u1eb7p A. Qu\u00e2n (for English)<br \/>\n          094.144.0951 contact A.Quynh<br \/>\n**Selling price does not include VAT (+10% if VAT invoice is issued)<\/p>","protected":false},"excerpt":{"rendered":"<p>Board m\u00e1y in 3d kh\u00f4ng \u1ed3n Motherboard Creality Noiseless V4.2.7 cho Series Ender 3 v\u00e0 Ender 5<\/p>","protected":false},"featured_media":116,"comment_status":"open","ping_status":"closed","template":"","meta":{"inline_featured_image":false},"product_brand":[],"product_cat":[42],"product_tag":[],"class_list":{"0":"post-125","1":"product","2":"type-product","3":"status-publish","4":"has-post-thumbnail","6":"product_cat-may-rua-va-may-say","8":"first","9":"instock","10":"taxable","11":"shipping-taxable","12":"purchasable","13":"product-type-simple"},"yoast_head":"<!-- This site is optimized with the Yoast SEO Premium plugin v22.8 (Yoast SEO v26.9) - https:\/\/yoast.com\/product\/yoast-seo-premium-wordpress\/ -->\n<title>Board m\u00e1y in 3d kh\u00f4ng \u1ed3n Motherboard Creality Noiseless V4.2.7 cho Series Ender 3 v\u00e0 Ender 5 - NGE 3D Printers Services<\/title>\n<meta name=\"robots\" content=\"index, follow, max-snippet:-1, max-image-preview:large, max-video-preview:-1\" \/>\n<link rel=\"canonical\" href=\"https:\/\/nge.vn\/en\/product\/board-may-in-3d-khong-on-motherboard-creality-noiseless-v4-2-7-cho-series-ender-3-va-ender-5\/\" \/>\n<meta property=\"og:locale\" content=\"en_US\" \/>\n<meta property=\"og:type\" content=\"article\" \/>\n<meta property=\"og:title\" content=\"Board m\u00e1y in 3d kh\u00f4ng \u1ed3n Motherboard Creality Noiseless V4.2.7 cho Series Ender 3 v\u00e0 Ender 5\" \/>\n<meta property=\"og:description\" content=\"Board m\u00e1y in 3d kh\u00f4ng \u1ed3n Motherboard Creality Noiseless V4.2.7 cho Series Ender 3 v\u00e0 Ender 5\" \/>\n<meta property=\"og:url\" content=\"https:\/\/nge.vn\/en\/product\/board-may-in-3d-khong-on-motherboard-creality-noiseless-v4-2-7-cho-series-ender-3-va-ender-5\/\" \/>\n<meta property=\"og:site_name\" content=\"NGE 3D Printers Services\" \/>\n<meta property=\"article:modified_time\" content=\"2024-10-28T03:34:21+00:00\" \/>\n<meta property=\"og:image\" content=\"https:\/\/nge.vn\/wp-content\/uploads\/2024\/10\/images-upload-woo2F4ba998ace2e4c84dedac007c0dc21873.jpg\" \/>\n\t<meta property=\"og:image:width\" content=\"720\" \/>\n\t<meta property=\"og:image:height\" content=\"720\" \/>\n\t<meta property=\"og:image:type\" content=\"image\/jpeg\" \/>\n<meta name=\"twitter:card\" content=\"summary_large_image\" \/>\n<meta name=\"twitter:label1\" content=\"Est. reading time\" \/>\n\t<meta name=\"twitter:data1\" content=\"2 minutes\" \/>\n<script type=\"application\/ld+json\" class=\"yoast-schema-graph\">{\"@context\":\"https:\/\/schema.org\",\"@graph\":[{\"@type\":\"WebPage\",\"@id\":\"https:\/\/nge.vn\/san-pham\/board-may-in-3d-khong-on-motherboard-creality-noiseless-v4-2-7-cho-series-ender-3-va-ender-5\/\",\"url\":\"https:\/\/nge.vn\/san-pham\/board-may-in-3d-khong-on-motherboard-creality-noiseless-v4-2-7-cho-series-ender-3-va-ender-5\/\",\"name\":\"Board m\u00e1y in 3d kh\u00f4ng \u1ed3n Motherboard Creality Noiseless V4.2.7 cho Series Ender 3 v\u00e0 Ender 5 - NGE 3D Printers Services\",\"isPartOf\":{\"@id\":\"https:\/\/nge.vn\/#website\"},\"primaryImageOfPage\":{\"@id\":\"https:\/\/nge.vn\/san-pham\/board-may-in-3d-khong-on-motherboard-creality-noiseless-v4-2-7-cho-series-ender-3-va-ender-5\/#primaryimage\"},\"image\":{\"@id\":\"https:\/\/nge.vn\/san-pham\/board-may-in-3d-khong-on-motherboard-creality-noiseless-v4-2-7-cho-series-ender-3-va-ender-5\/#primaryimage\"},\"thumbnailUrl\":\"https:\/\/nge.vn\/wp-content\/uploads\/2024\/10\/images-upload-woo2F4ba998ace2e4c84dedac007c0dc21873.jpg\",\"datePublished\":\"2024-10-15T11:34:01+00:00\",\"dateModified\":\"2024-10-28T03:34:21+00:00\",\"breadcrumb\":{\"@id\":\"https:\/\/nge.vn\/san-pham\/board-may-in-3d-khong-on-motherboard-creality-noiseless-v4-2-7-cho-series-ender-3-va-ender-5\/#breadcrumb\"},\"inLanguage\":\"en-US\",\"potentialAction\":[{\"@type\":\"ReadAction\",\"target\":[\"https:\/\/nge.vn\/san-pham\/board-may-in-3d-khong-on-motherboard-creality-noiseless-v4-2-7-cho-series-ender-3-va-ender-5\/\"]}]},{\"@type\":\"ImageObject\",\"inLanguage\":\"en-US\",\"@id\":\"https:\/\/nge.vn\/san-pham\/board-may-in-3d-khong-on-motherboard-creality-noiseless-v4-2-7-cho-series-ender-3-va-ender-5\/#primaryimage\",\"url\":\"https:\/\/nge.vn\/wp-content\/uploads\/2024\/10\/images-upload-woo2F4ba998ace2e4c84dedac007c0dc21873.jpg\",\"contentUrl\":\"https:\/\/nge.vn\/wp-content\/uploads\/2024\/10\/images-upload-woo2F4ba998ace2e4c84dedac007c0dc21873.jpg\",\"width\":720,\"height\":720},{\"@type\":\"BreadcrumbList\",\"@id\":\"https:\/\/nge.vn\/san-pham\/board-may-in-3d-khong-on-motherboard-creality-noiseless-v4-2-7-cho-series-ender-3-va-ender-5\/#breadcrumb\",\"itemListElement\":[{\"@type\":\"ListItem\",\"position\":1,\"name\":\"Trang ch\u1ee7\",\"item\":\"https:\/\/nge.vn\/\"},{\"@type\":\"ListItem\",\"position\":2,\"name\":\"S\u1ea3n ph\u1ea9m\",\"item\":\"https:\/\/nge.vn\/san-pham\/\"},{\"@type\":\"ListItem\",\"position\":3,\"name\":\"Board m\u00e1y in 3d kh\u00f4ng \u1ed3n Motherboard Creality Noiseless V4.2.7 cho Series Ender 3 v\u00e0 Ender 5\"}]},{\"@type\":\"WebSite\",\"@id\":\"https:\/\/nge.vn\/#website\",\"url\":\"https:\/\/nge.vn\/\",\"name\":\"NGE 3D Printers Services\",\"description\":\"\",\"potentialAction\":[{\"@type\":\"SearchAction\",\"target\":{\"@type\":\"EntryPoint\",\"urlTemplate\":\"https:\/\/nge.vn\/?s={search_term_string}\"},\"query-input\":{\"@type\":\"PropertyValueSpecification\",\"valueRequired\":true,\"valueName\":\"search_term_string\"}}],\"inLanguage\":\"en-US\"}]}<\/script>\n<!-- \/ Yoast SEO Premium plugin. -->","yoast_head_json":{"title":"Board m\u00e1y in 3d kh\u00f4ng \u1ed3n Motherboard Creality Noiseless V4.2.7 cho Series Ender 3 v\u00e0 Ender 5 - NGE 3D Printers Services","robots":{"index":"index","follow":"follow","max-snippet":"max-snippet:-1","max-image-preview":"max-image-preview:large","max-video-preview":"max-video-preview:-1"},"canonical":"https:\/\/nge.vn\/en\/product\/board-may-in-3d-khong-on-motherboard-creality-noiseless-v4-2-7-cho-series-ender-3-va-ender-5\/","og_locale":"en_US","og_type":"article","og_title":"Board m\u00e1y in 3d kh\u00f4ng \u1ed3n Motherboard Creality Noiseless V4.2.7 cho Series Ender 3 v\u00e0 Ender 5","og_description":"Board m\u00e1y in 3d kh\u00f4ng \u1ed3n Motherboard Creality Noiseless V4.2.7 cho Series Ender 3 v\u00e0 Ender 5","og_url":"https:\/\/nge.vn\/en\/product\/board-may-in-3d-khong-on-motherboard-creality-noiseless-v4-2-7-cho-series-ender-3-va-ender-5\/","og_site_name":"NGE 3D Printers Services","article_modified_time":"2024-10-28T03:34:21+00:00","og_image":[{"width":720,"height":720,"url":"https:\/\/nge.vn\/wp-content\/uploads\/2024\/10\/images-upload-woo2F4ba998ace2e4c84dedac007c0dc21873.jpg","type":"image\/jpeg"}],"twitter_card":"summary_large_image","twitter_misc":{"Est. reading time":"2 minutes"},"schema":{"@context":"https:\/\/schema.org","@graph":[{"@type":"WebPage","@id":"https:\/\/nge.vn\/san-pham\/board-may-in-3d-khong-on-motherboard-creality-noiseless-v4-2-7-cho-series-ender-3-va-ender-5\/","url":"https:\/\/nge.vn\/san-pham\/board-may-in-3d-khong-on-motherboard-creality-noiseless-v4-2-7-cho-series-ender-3-va-ender-5\/","name":"Board m\u00e1y in 3d kh\u00f4ng \u1ed3n Motherboard Creality Noiseless V4.2.7 cho Series Ender 3 v\u00e0 Ender 5 - NGE 3D Printers Services","isPartOf":{"@id":"https:\/\/nge.vn\/#website"},"primaryImageOfPage":{"@id":"https:\/\/nge.vn\/san-pham\/board-may-in-3d-khong-on-motherboard-creality-noiseless-v4-2-7-cho-series-ender-3-va-ender-5\/#primaryimage"},"image":{"@id":"https:\/\/nge.vn\/san-pham\/board-may-in-3d-khong-on-motherboard-creality-noiseless-v4-2-7-cho-series-ender-3-va-ender-5\/#primaryimage"},"thumbnailUrl":"https:\/\/nge.vn\/wp-content\/uploads\/2024\/10\/images-upload-woo2F4ba998ace2e4c84dedac007c0dc21873.jpg","datePublished":"2024-10-15T11:34:01+00:00","dateModified":"2024-10-28T03:34:21+00:00","breadcrumb":{"@id":"https:\/\/nge.vn\/san-pham\/board-may-in-3d-khong-on-motherboard-creality-noiseless-v4-2-7-cho-series-ender-3-va-ender-5\/#breadcrumb"},"inLanguage":"en-US","potentialAction":[{"@type":"ReadAction","target":["https:\/\/nge.vn\/san-pham\/board-may-in-3d-khong-on-motherboard-creality-noiseless-v4-2-7-cho-series-ender-3-va-ender-5\/"]}]},{"@type":"ImageObject","inLanguage":"en-US","@id":"https:\/\/nge.vn\/san-pham\/board-may-in-3d-khong-on-motherboard-creality-noiseless-v4-2-7-cho-series-ender-3-va-ender-5\/#primaryimage","url":"https:\/\/nge.vn\/wp-content\/uploads\/2024\/10\/images-upload-woo2F4ba998ace2e4c84dedac007c0dc21873.jpg","contentUrl":"https:\/\/nge.vn\/wp-content\/uploads\/2024\/10\/images-upload-woo2F4ba998ace2e4c84dedac007c0dc21873.jpg","width":720,"height":720},{"@type":"BreadcrumbList","@id":"https:\/\/nge.vn\/san-pham\/board-may-in-3d-khong-on-motherboard-creality-noiseless-v4-2-7-cho-series-ender-3-va-ender-5\/#breadcrumb","itemListElement":[{"@type":"ListItem","position":1,"name":"Trang ch\u1ee7","item":"https:\/\/nge.vn\/"},{"@type":"ListItem","position":2,"name":"S\u1ea3n ph\u1ea9m","item":"https:\/\/nge.vn\/san-pham\/"},{"@type":"ListItem","position":3,"name":"Board m\u00e1y in 3d kh\u00f4ng \u1ed3n Motherboard Creality Noiseless V4.2.7 cho Series Ender 3 v\u00e0 Ender 5"}]},{"@type":"WebSite","@id":"https:\/\/nge.vn\/#website","url":"https:\/\/nge.vn\/","name":"NGE 3D Printers Services","description":"","potentialAction":[{"@type":"SearchAction","target":{"@type":"EntryPoint","urlTemplate":"https:\/\/nge.vn\/?s={search_term_string}"},"query-input":{"@type":"PropertyValueSpecification","valueRequired":true,"valueName":"search_term_string"}}],"inLanguage":"en-US"}]}},"_links":{"self":[{"href":"https:\/\/nge.vn\/en\/wp-json\/wp\/v2\/product\/125","targetHints":{"allow":["GET"]}}],"collection":[{"href":"https:\/\/nge.vn\/en\/wp-json\/wp\/v2\/product"}],"about":[{"href":"https:\/\/nge.vn\/en\/wp-json\/wp\/v2\/types\/product"}],"replies":[{"embeddable":true,"href":"https:\/\/nge.vn\/en\/wp-json\/wp\/v2\/comments?post=125"}],"wp:featuredmedia":[{"embeddable":true,"href":"https:\/\/nge.vn\/en\/wp-json\/wp\/v2\/media\/116"}],"wp:attachment":[{"href":"https:\/\/nge.vn\/en\/wp-json\/wp\/v2\/media?parent=125"}],"wp:term":[{"taxonomy":"product_brand","embeddable":true,"href":"https:\/\/nge.vn\/en\/wp-json\/wp\/v2\/product_brand?post=125"},{"taxonomy":"product_cat","embeddable":true,"href":"https:\/\/nge.vn\/en\/wp-json\/wp\/v2\/product_cat?post=125"},{"taxonomy":"product_tag","embeddable":true,"href":"https:\/\/nge.vn\/en\/wp-json\/wp\/v2\/product_tag?post=125"}],"curies":[{"name":"wp","href":"https:\/\/api.w.org\/{rel}","templated":true}]}}