{"id":1244,"date":"2024-10-25T15:21:03","date_gmt":"2024-10-25T08:21:03","guid":{"rendered":"https:\/\/nge.123websitedev.com\/san-pham\/bo-can-ban-tu-dong-creality-cr-touch-cho-may-in-3d\/"},"modified":"2024-10-29T14:57:02","modified_gmt":"2024-10-29T07:57:02","slug":"bo-can-ban-tu-dong-creality-cr-touch-cho-may-in-3d","status":"publish","type":"product","link":"https:\/\/nge.vn\/en\/product\/bo-can-ban-tu-dong-creality-cr-touch-cho-may-in-3d\/","title":{"rendered":"Creality CR Touch automatic leveling table for 3d printers"},"content":{"rendered":"<p>B\u1ed9 c\u00e2n b\u1eb1ng t\u1ef1 \u0111\u1ed9ng CR-Touch ti\u00eau chu\u1ea9n<br \/>\n_C\u00f3 bao g\u1ed3m gi\u00e1 \u0111\u1ee1, l\u1ef1a ch\u1ecdn t\u1ed1t \u0111\u1ec3 thay th\u1ebf v\u00e0 b\u1ea3o tr\u00ec.<br \/>\n_T\u00ednh n\u0103ng b\u00f9 tr\u1eeb th\u00f4ng minh ph\u00e1t hi\u1ec7n \u0111a \u0111i\u1ec3m.<br \/>\n_\u0110\u1ed9 ch\u00ednh x\u00e1c cao, ti\u00eau th\u1ee5 \u0111i\u1ec7n n\u0103ng th\u1ea5p.<br \/>\n_D\u1ec5 d\u00e0ng c\u00e0i \u0111\u1eb7t, kh\u1ea3 n\u0103ng t\u01b0\u01a1ng th\u00edch m\u1ea1nh m\u1ebd.<br \/>\n_Nghi\u00ean c\u1ee9u \u0111\u1ed9c l\u1eadp v\u00e0 ph\u00e1t tri\u1ec3n ch\u1ee9c n\u0103ng \u1ed5n \u0111\u1ecbnh.<\/p>\n<p>_Ph\u00e1t hi\u1ec7n \u0111a \u0111i\u1ec3m: S\u1ef1 b\u00f9 tr\u1eeb th\u00f4ng minh.<br \/>\n_\u0110\u1ed9 ch\u00ednh x\u00e1c cao: S\u1ef1 ti\u00eau th\u1ee5 \u00edt \u0111i\u1ec7n n\u0103ng<br \/>\n_D\u1ec5 d\u00e0ng \u0111\u1ec3 c\u00e0i \u0111\u1eb7t: Kh\u1ea3 n\u0103ng t\u01b0\u01a1ng th\u00edch m\u1ea1nh m\u1ebd<br \/>\n_Nghi\u00ean c\u1ee9u v\u00e0 ph\u00e1t tri\u1ec3n \u0111\u1ed9c l\u1eadp: Ch\u1ee9c n\u0103ng \u1ed5n \u0111\u1ecbnh<\/p>\n<p>_T\u01b0\u01a1ng th\u00edch r\u1ed9ng r\u00e3i v\u1edbi nhi\u1ec1u lo\u1ea1i m\u00e1y in<br \/>\nT\u01b0\u01a1ng th\u00edch v\u1edbi h\u1ea7u h\u1ebft c\u00e1c m\u00e1y in 3D FDM v\u00e0 h\u1ea7u h\u1ebft c\u00e1c s\u1ea3n ph\u1ea9m t\u1ef1 \u0111\u1ed9ng san l\u1ea5p m\u1eb7t b\u1eb1ng<\/p>\n<p>_Ph\u00e1t hi\u1ec7n \u0111a \u0111i\u1ec3m: B\u00f9 tr\u1eeb th\u00f4ng minh<\/p>\n<p>CR Touch th\u1ef1c hi\u1ec7n ph\u00e1t hi\u1ec7n \u0111a \u0111i\u1ec3m tr\u00ean n\u1ec1n in v\u00e0 ghi l\u1ea1i \u0111\u1ed9 cao c\u1ee7a t\u1eebng \u0111i\u1ec3m ph\u00e1t hi\u1ec7n. H\u1ec7 th\u1ed1ng x\u00e2y d\u1ef1ng m\u1ed9t m\u1eb7t ph\u1eb3ng \u1ea3o d\u1ef1a tr\u00ean \u0111\u1ed9 cao c\u1ee7a t\u1eebng \u0111i\u1ec3m v\u00e0 t\u00ednh to\u00e1n g\u00f3c nghi\u00eang gi\u1eefa v\u00f2i phun v\u00e0 b\u1ec7 \u0111\u1ec3 t\u1ef1 \u0111\u1ed9ng b\u00f9 \u0111\u1eafp cho c\u00e1c \u0111i\u1ec3m kh\u00e1c nhau.<\/p>\n<p>+Chi\u1ec1u d\u00e0i ph\u1ea7n m\u1edf r\u1ed9ng 0-6mm<br \/>\n+\u0110\u1ed9 ch\u00ednh x\u00e1c \u0111\u1ecbnh v\u1ecb 0,04mm<br \/>\n+T\u1ef1 \u0111\u1ed9ng ph\u00e1t hi\u1ec7n v\u00e0 san l\u1ea5p m\u1eb7t b\u1eb1ng<\/p>\n<p>Ch\u1ea5t l\u01b0\u1ee3ng \u1ed5n \u0111\u1ecbnh v\u00e0 tu\u1ed5i th\u1ecd l\u00e2u d\u00e0i.<br \/>\nN\u00f3 c\u00f3 th\u1ec3 \u0111\u01b0\u1ee3c s\u1eed d\u1ee5ng l\u1ea1i h\u01a1n 100.000 l\u1ea7n.<\/p>\n<p>_Nghi\u00ean c\u1ee9u v\u00e0 ph\u00e1t tri\u1ec3n \u0111\u1ed9c l\u1eadp Ch\u1ee9c n\u0103ng \u1ed5n \u0111\u1ecbnh<br \/>\nCR Touch l\u00e0 gi\u1ea3i ph\u00e1p c\u00e2n b\u1eb1ng n\u1ec1n t\u1ea3ng M\u00e1y in 3D do Creality t\u1ef1 ph\u00e1t tri\u1ec3n d\u1ef1a tr\u00ean h\u00e0ng tr\u0103m tri\u1ec7u d\u1eef li\u1ec7u ng\u01b0\u1eddi d\u00f9ng \u0111\u01b0\u1ee3c ng\u01b0\u1eddi t\u1ea1o s\u1eed d\u1ee5ng. So v\u1edbi san l\u1ea5p m\u1eb7t b\u1eb1ng t\u1ef1 \u0111\u1ed9ng truy\u1ec1n th\u1ed1ng, n\u00f3 t\u01b0\u01a1ng th\u00edch v\u1edbi nhi\u1ec1u n\u1ec1n t\u1ea3ng m\u00e1y in 3D h\u01a1n, \u1ed5n \u0111\u1ecbnh h\u01a1n v\u00e0 ti\u1ebft ki\u1ec7m chi ph\u00ed h\u01a1n.<\/p>\n<p>_\u0110\u1ea7u d\u00f2 kim lo\u1ea1i b\u1ec1n h\u01a1n<br \/>\nCR Touch \u0111\u01b0\u1ee3c n\u00e2ng c\u1ea5p th\u00e0nh \u0111\u1ea7u d\u00f2 kim lo\u1ea1i, gi\u00fap gi\u1ea3m hao m\u00f2n v\u00e0 k\u00e9o d\u00e0i tu\u1ed5i th\u1ecd c\u1ee7a n\u00f3.<\/p>\n<p>_C\u00e1c th\u00e0nh ph\u1ea7n \u0111i\u1ec7n t\u1eeb ch\u00ednh x\u00e1c cao + C\u1ea3m bi\u1ebfn quang \u0111i\u1ec7n<br \/>\nSau khi b\u1ed9 ph\u1eadn \u0111i\u1ec7n t\u1eeb \u0111\u01b0\u1ee3c b\u1eadt ngu\u1ed3n, \u0111\u1ea7u d\u00f2 \u0111\u01b0\u1ee3c k\u00e9o d\u00e0i d\u01b0\u1edbi s\u1ef1 h\u00fat. Khi \u0111\u1ea7u d\u00f2 ch\u1ea1m v\u00e0o n\u1ec1n in, c\u1ea3m bi\u1ebfn quang \u0111i\u1ec7n tr\u00ean b\u1ea3ng PCB s\u1ebd ph\u00e1t hi\u1ec7n t\u00edn hi\u1ec7u ti\u1ebfp x\u00fac v\u00e0 h\u1ec7 th\u1ed1ng ghi l\u1ea1i chi\u1ec1u cao hi\u1ec7n t\u1ea1i c\u1ee7a n\u1ec1n.<\/p>\n<p>***Product Parameter<br \/>\n+Product Name: CR Touch Auto Leveling Standard Kit (Bracket Included: option)<br \/>\n+Size: 27*17.5*39.3mm<br \/>\n+Work rate: &lt; 1W<br \/>\n+Rated voltage: 5V<br \/>\n+Probe Route: 6mm<br \/>\n+Operating Temperature: \u226465\u00b0C<br \/>\n+Accuracy: Positioning accuracy \u22640.04<br \/>\n+Product Weight: 11.5g \u00b12g<br \/>\n+Service Life: About 100.000 probe detection times.<br \/>\n+Packing Size\uff1a100\u00d760\u00d743mm<br \/>\n+G.W\uff1a91g<br \/>\n+N.W.\uff1a12g<\/p>\n<p>***\u0110\u00f3ng g\u00f3i:<br \/>\n+1 * CR Touch<br \/>\n+2 * D\u00e2y<br \/>\n+1 part treo (t\u00f9y ch\u1ecdn)<br \/>\n+\u1ed0c v\u00e0 D\u00e2y R\u00fat<\/p>\n<p>**T\u01b0\u01a1ng th\u00edch: Ender Series, CR series&#8230;Ender-3 S1\/Ender-3 S1 Pro\/CR-10 Smart Pro&#8230;.<\/p>\n<p>**\u0110\u1ec3 \u0111\u01b0\u1ee3c nh\u1eadn \u0111\u01b0\u1ee3c gi\u00e1 \u01b0u \u0111\u00e3i t\u1ed1t nh\u1ea5t vui l\u00f2ng li\u00ean h\u1ec7 mua tr\u1ef1c ti\u1ebfp shop:<br \/>\n0913.939.775 contact A.Quan (for English)<br \/>\n094.144.0951 contact A.Quynh<br \/>\n**Selling price does not include VAT (+10% if VAT invoice is issued)<\/p>","protected":false},"excerpt":{"rendered":"<p>Creality CR Touch automatic leveling table for 3d printers<\/p>","protected":false},"featured_media":1235,"comment_status":"open","ping_status":"closed","template":"","meta":{"inline_featured_image":false},"product_brand":[],"product_cat":[40,56],"product_tag":[],"class_list":{"0":"post-1244","1":"product","2":"type-product","3":"status-publish","4":"has-post-thumbnail","6":"product_cat-linh-kien-va-phu-kien","7":"product_cat-linh-phu-kien-may-in-3d-creality","9":"first","10":"instock","11":"taxable","12":"shipping-taxable","13":"purchasable","14":"product-type-variable"},"yoast_head":"<!-- This site is optimized with the Yoast SEO Premium plugin v22.8 (Yoast SEO v26.9) - https:\/\/yoast.com\/product\/yoast-seo-premium-wordpress\/ -->\n<title>B\u1ed9 c\u00e2n b\u00e0n t\u1ef1 \u0111\u1ed9ng Creality CR Touch cho m\u00e1y in 3d - NGE 3D Printers Services<\/title>\n<meta name=\"robots\" content=\"index, follow, max-snippet:-1, max-image-preview:large, max-video-preview:-1\" \/>\n<link rel=\"canonical\" href=\"https:\/\/nge.vn\/en\/product\/bo-can-ban-tu-dong-creality-cr-touch-cho-may-in-3d\/\" \/>\n<meta property=\"og:locale\" content=\"en_US\" \/>\n<meta property=\"og:type\" content=\"article\" \/>\n<meta property=\"og:title\" content=\"B\u1ed9 c\u00e2n b\u00e0n t\u1ef1 \u0111\u1ed9ng Creality CR Touch cho m\u00e1y in 3d\" \/>\n<meta property=\"og:description\" content=\"B\u1ed9 c\u00e2n b\u00e0n t\u1ef1 \u0111\u1ed9ng Creality CR Touch cho m\u00e1y in 3d\" \/>\n<meta property=\"og:url\" content=\"https:\/\/nge.vn\/en\/product\/bo-can-ban-tu-dong-creality-cr-touch-cho-may-in-3d\/\" \/>\n<meta property=\"og:site_name\" content=\"NGE 3D Printers Services\" \/>\n<meta property=\"article:modified_time\" content=\"2024-10-29T07:57:02+00:00\" \/>\n<meta property=\"og:image\" content=\"https:\/\/nge.vn\/wp-content\/uploads\/2024\/10\/images-upload-woo2F11214c050569960043e2063df612e71a.jpg\" \/>\n\t<meta property=\"og:image:width\" content=\"790\" \/>\n\t<meta property=\"og:image:height\" content=\"790\" \/>\n\t<meta property=\"og:image:type\" content=\"image\/jpeg\" \/>\n<meta name=\"twitter:card\" content=\"summary_large_image\" \/>\n<meta name=\"twitter:label1\" content=\"Est. reading time\" \/>\n\t<meta name=\"twitter:data1\" content=\"4 minutes\" \/>\n<script type=\"application\/ld+json\" class=\"yoast-schema-graph\">{\"@context\":\"https:\/\/schema.org\",\"@graph\":[{\"@type\":\"WebPage\",\"@id\":\"https:\/\/nge.vn\/san-pham\/bo-can-ban-tu-dong-creality-cr-touch-cho-may-in-3d\/\",\"url\":\"https:\/\/nge.vn\/san-pham\/bo-can-ban-tu-dong-creality-cr-touch-cho-may-in-3d\/\",\"name\":\"B\u1ed9 c\u00e2n b\u00e0n t\u1ef1 \u0111\u1ed9ng Creality CR Touch cho m\u00e1y in 3d - NGE 3D Printers Services\",\"isPartOf\":{\"@id\":\"https:\/\/nge.vn\/#website\"},\"primaryImageOfPage\":{\"@id\":\"https:\/\/nge.vn\/san-pham\/bo-can-ban-tu-dong-creality-cr-touch-cho-may-in-3d\/#primaryimage\"},\"image\":{\"@id\":\"https:\/\/nge.vn\/san-pham\/bo-can-ban-tu-dong-creality-cr-touch-cho-may-in-3d\/#primaryimage\"},\"thumbnailUrl\":\"https:\/\/nge.vn\/wp-content\/uploads\/2024\/10\/images-upload-woo2F11214c050569960043e2063df612e71a.jpg\",\"datePublished\":\"2024-10-25T08:21:03+00:00\",\"dateModified\":\"2024-10-29T07:57:02+00:00\",\"breadcrumb\":{\"@id\":\"https:\/\/nge.vn\/san-pham\/bo-can-ban-tu-dong-creality-cr-touch-cho-may-in-3d\/#breadcrumb\"},\"inLanguage\":\"en-US\",\"potentialAction\":[{\"@type\":\"ReadAction\",\"target\":[\"https:\/\/nge.vn\/san-pham\/bo-can-ban-tu-dong-creality-cr-touch-cho-may-in-3d\/\"]}]},{\"@type\":\"ImageObject\",\"inLanguage\":\"en-US\",\"@id\":\"https:\/\/nge.vn\/san-pham\/bo-can-ban-tu-dong-creality-cr-touch-cho-may-in-3d\/#primaryimage\",\"url\":\"https:\/\/nge.vn\/wp-content\/uploads\/2024\/10\/images-upload-woo2F11214c050569960043e2063df612e71a.jpg\",\"contentUrl\":\"https:\/\/nge.vn\/wp-content\/uploads\/2024\/10\/images-upload-woo2F11214c050569960043e2063df612e71a.jpg\",\"width\":790,\"height\":790},{\"@type\":\"BreadcrumbList\",\"@id\":\"https:\/\/nge.vn\/san-pham\/bo-can-ban-tu-dong-creality-cr-touch-cho-may-in-3d\/#breadcrumb\",\"itemListElement\":[{\"@type\":\"ListItem\",\"position\":1,\"name\":\"Trang ch\u1ee7\",\"item\":\"https:\/\/nge.vn\/\"},{\"@type\":\"ListItem\",\"position\":2,\"name\":\"S\u1ea3n ph\u1ea9m\",\"item\":\"https:\/\/nge.vn\/san-pham\/\"},{\"@type\":\"ListItem\",\"position\":3,\"name\":\"B\u1ed9 c\u00e2n b\u00e0n t\u1ef1 \u0111\u1ed9ng Creality CR Touch cho m\u00e1y in 3d\"}]},{\"@type\":\"WebSite\",\"@id\":\"https:\/\/nge.vn\/#website\",\"url\":\"https:\/\/nge.vn\/\",\"name\":\"NGE 3D Printers Services\",\"description\":\"\",\"potentialAction\":[{\"@type\":\"SearchAction\",\"target\":{\"@type\":\"EntryPoint\",\"urlTemplate\":\"https:\/\/nge.vn\/?s={search_term_string}\"},\"query-input\":{\"@type\":\"PropertyValueSpecification\",\"valueRequired\":true,\"valueName\":\"search_term_string\"}}],\"inLanguage\":\"en-US\"}]}<\/script>\n<!-- \/ Yoast SEO Premium plugin. -->","yoast_head_json":{"title":"B\u1ed9 c\u00e2n b\u00e0n t\u1ef1 \u0111\u1ed9ng Creality CR Touch cho m\u00e1y in 3d - NGE 3D Printers Services","robots":{"index":"index","follow":"follow","max-snippet":"max-snippet:-1","max-image-preview":"max-image-preview:large","max-video-preview":"max-video-preview:-1"},"canonical":"https:\/\/nge.vn\/en\/product\/bo-can-ban-tu-dong-creality-cr-touch-cho-may-in-3d\/","og_locale":"en_US","og_type":"article","og_title":"B\u1ed9 c\u00e2n b\u00e0n t\u1ef1 \u0111\u1ed9ng Creality CR Touch cho m\u00e1y in 3d","og_description":"B\u1ed9 c\u00e2n b\u00e0n t\u1ef1 \u0111\u1ed9ng Creality CR Touch cho m\u00e1y in 3d","og_url":"https:\/\/nge.vn\/en\/product\/bo-can-ban-tu-dong-creality-cr-touch-cho-may-in-3d\/","og_site_name":"NGE 3D Printers Services","article_modified_time":"2024-10-29T07:57:02+00:00","og_image":[{"width":790,"height":790,"url":"https:\/\/nge.vn\/wp-content\/uploads\/2024\/10\/images-upload-woo2F11214c050569960043e2063df612e71a.jpg","type":"image\/jpeg"}],"twitter_card":"summary_large_image","twitter_misc":{"Est. reading time":"4 minutes"},"schema":{"@context":"https:\/\/schema.org","@graph":[{"@type":"WebPage","@id":"https:\/\/nge.vn\/san-pham\/bo-can-ban-tu-dong-creality-cr-touch-cho-may-in-3d\/","url":"https:\/\/nge.vn\/san-pham\/bo-can-ban-tu-dong-creality-cr-touch-cho-may-in-3d\/","name":"B\u1ed9 c\u00e2n b\u00e0n t\u1ef1 \u0111\u1ed9ng Creality CR Touch cho m\u00e1y in 3d - NGE 3D Printers Services","isPartOf":{"@id":"https:\/\/nge.vn\/#website"},"primaryImageOfPage":{"@id":"https:\/\/nge.vn\/san-pham\/bo-can-ban-tu-dong-creality-cr-touch-cho-may-in-3d\/#primaryimage"},"image":{"@id":"https:\/\/nge.vn\/san-pham\/bo-can-ban-tu-dong-creality-cr-touch-cho-may-in-3d\/#primaryimage"},"thumbnailUrl":"https:\/\/nge.vn\/wp-content\/uploads\/2024\/10\/images-upload-woo2F11214c050569960043e2063df612e71a.jpg","datePublished":"2024-10-25T08:21:03+00:00","dateModified":"2024-10-29T07:57:02+00:00","breadcrumb":{"@id":"https:\/\/nge.vn\/san-pham\/bo-can-ban-tu-dong-creality-cr-touch-cho-may-in-3d\/#breadcrumb"},"inLanguage":"en-US","potentialAction":[{"@type":"ReadAction","target":["https:\/\/nge.vn\/san-pham\/bo-can-ban-tu-dong-creality-cr-touch-cho-may-in-3d\/"]}]},{"@type":"ImageObject","inLanguage":"en-US","@id":"https:\/\/nge.vn\/san-pham\/bo-can-ban-tu-dong-creality-cr-touch-cho-may-in-3d\/#primaryimage","url":"https:\/\/nge.vn\/wp-content\/uploads\/2024\/10\/images-upload-woo2F11214c050569960043e2063df612e71a.jpg","contentUrl":"https:\/\/nge.vn\/wp-content\/uploads\/2024\/10\/images-upload-woo2F11214c050569960043e2063df612e71a.jpg","width":790,"height":790},{"@type":"BreadcrumbList","@id":"https:\/\/nge.vn\/san-pham\/bo-can-ban-tu-dong-creality-cr-touch-cho-may-in-3d\/#breadcrumb","itemListElement":[{"@type":"ListItem","position":1,"name":"Trang ch\u1ee7","item":"https:\/\/nge.vn\/"},{"@type":"ListItem","position":2,"name":"S\u1ea3n ph\u1ea9m","item":"https:\/\/nge.vn\/san-pham\/"},{"@type":"ListItem","position":3,"name":"B\u1ed9 c\u00e2n b\u00e0n t\u1ef1 \u0111\u1ed9ng Creality CR Touch cho m\u00e1y in 3d"}]},{"@type":"WebSite","@id":"https:\/\/nge.vn\/#website","url":"https:\/\/nge.vn\/","name":"NGE 3D Printers Services","description":"","potentialAction":[{"@type":"SearchAction","target":{"@type":"EntryPoint","urlTemplate":"https:\/\/nge.vn\/?s={search_term_string}"},"query-input":{"@type":"PropertyValueSpecification","valueRequired":true,"valueName":"search_term_string"}}],"inLanguage":"en-US"}]}},"_links":{"self":[{"href":"https:\/\/nge.vn\/en\/wp-json\/wp\/v2\/product\/1244","targetHints":{"allow":["GET"]}}],"collection":[{"href":"https:\/\/nge.vn\/en\/wp-json\/wp\/v2\/product"}],"about":[{"href":"https:\/\/nge.vn\/en\/wp-json\/wp\/v2\/types\/product"}],"replies":[{"embeddable":true,"href":"https:\/\/nge.vn\/en\/wp-json\/wp\/v2\/comments?post=1244"}],"wp:featuredmedia":[{"embeddable":true,"href":"https:\/\/nge.vn\/en\/wp-json\/wp\/v2\/media\/1235"}],"wp:attachment":[{"href":"https:\/\/nge.vn\/en\/wp-json\/wp\/v2\/media?parent=1244"}],"wp:term":[{"taxonomy":"product_brand","embeddable":true,"href":"https:\/\/nge.vn\/en\/wp-json\/wp\/v2\/product_brand?post=1244"},{"taxonomy":"product_cat","embeddable":true,"href":"https:\/\/nge.vn\/en\/wp-json\/wp\/v2\/product_cat?post=1244"},{"taxonomy":"product_tag","embeddable":true,"href":"https:\/\/nge.vn\/en\/wp-json\/wp\/v2\/product_tag?post=1244"}],"curies":[{"name":"wp","href":"https:\/\/api.w.org\/{rel}","templated":true}]}}