{"id":1234,"date":"2024-10-25T15:18:56","date_gmt":"2024-10-25T08:18:56","guid":{"rendered":"https:\/\/nge.123websitedev.com\/san-pham\/bo-cum-dun-cr-10-max-hotend-kit-cho-may-in-3d\/"},"modified":"2024-10-29T17:13:33","modified_gmt":"2024-10-29T10:13:33","slug":"bo-cum-dun-cr-10-max-hotend-kit-cho-may-in-3d","status":"publish","type":"product","link":"https:\/\/nge.vn\/en\/product\/bo-cum-dun-cr-10-max-hotend-kit-cho-may-in-3d\/","title":{"rendered":"CR-10 Max Hotend Kit for 3d printer"},"content":{"rendered":"<p>CR-10 Max Hotend Kit for 3d printer<br \/>\nB\u1ed9 Hotend Kim lo\u1ea1i \u0111\u1ecf CR-10 MAX<\/p>\n<p>_Hi\u1ec7u su\u1ea5t t\u1ed1t, In t\u1ed1c \u0111\u1ed9 cao<br \/>\n+ \u0110\u1ed9 ch\u00ednh x\u00e1c in cao<br \/>\n+ Ho\u1ea1t \u0111\u1ed9ng \u1ed5n \u0111\u1ecbnh<br \/>\n+ Kh\u00f4ng t\u1eafc ngh\u1ebdn ho\u1eb7c r\u00f2 r\u1ec9<\/p>\n<p>_Hotend Hi\u1ec7u su\u1ea5t cao, N\u0103ng l\u1ef1c &amp; Tinh t\u1ebf.<br \/>\nH\u1ed7 tr\u1ee3 b\u1ea1n t\u1eeb c\u1ea3m h\u1ee9ng \u0111\u1ebfn s\u00e1ng t\u1ea1o<br \/>\n+\u0110\u1ed9 ch\u00ednh x\u00e1c in cao<br \/>\n+C\u1ea5u tr\u00fac \u1ed5n \u0111\u1ecbnh<br \/>\n+Ho\u1ea1t \u0111\u1ed9ng \u1ed5n \u0111\u1ecbnh<\/p>\n<p>G\u1eb7p r\u1eafc r\u1ed1i v\u1edbi nh\u1eefng \u0111i\u1ec1u n\u00e0y<br \/>\nC\u00e1c v\u1ea5n \u0111\u1ec1 v\u1ec1 in \u1ea5n?<br \/>\n+ Ch\u1eb7n<br \/>\n+ Kh\u00f4ng ch\u1ea1y tr\u01a1n tru<br \/>\n+ Hi\u1ec7u qu\u1ea3 th\u1ea5p<\/p>\n<p>_N\u00f3i l\u1eddi t\u1ea1m bi\u1ec7t v\u1edbi t\u1eafc ngh\u1ebdn, tr\u1edf th\u00e0nh b\u1eadc th\u1ea7y c\u1ee7a in 3D.<br \/>\nC\u1ea5u tr\u00fac c\u01a1 h\u1ecdc tinh vi<br \/>\nC\u00f4ng ngh\u1ec7 ch\u00ednh x\u00e1c cao, m\u1ea1nh m\u1ebd v\u00e0 ch\u1ed1ng m\u00e0i m\u00f2n<br \/>\nThi\u1ebft k\u1ebf t\u00edch h\u1ee3p, C\u00e0i \u0111\u1eb7t \u0111\u01a1n gi\u1ea3n, Th\u00e1o l\u1eafp v\u00e0 b\u1ea3o tr\u00ec d\u1ec5 d\u00e0ng.<\/p>\n<p>_\u1ed0ng Teflon cao c\u1ea5p<br \/>\n\u00cdt t\u1eafc ngh\u1ebdn h\u01a1n v\u00e0 \u0111\u00f9n m\u1ecbn.<br \/>\n [N\u00f3i l\u1eddi t\u1ea1m bi\u1ec7t v\u1edbi t\u1eafc ngh\u1ebdn]\n<p>_Thermistor (nhi\u1ec7t \u0111i\u1ec7n tr\u1edf) + Heating Tube (\u1ed0ng s\u01b0\u1edfi)<br \/>\nL\u00e0m n\u00f3ng nhanh, ki\u1ec3m so\u00e1t nhi\u1ec7t \u0111\u1ed9 ch\u00ednh x\u00e1c,<br \/>\nNhi\u1ec7t \u0111\u1ed9 ph\u00e1t hi\u1ec7n l\u00ean \u0111\u1ebfn 260\u00b0C.<br \/>\n[Ki\u1ec3m so\u00e1t nhi\u1ec7t \u0111\u1ed9 tuy\u1ec7t v\u1eddi]\n<p>_Optimized Throat Tube (\u1ed0ng c\u1ed5 h\u1ecdng \u0111\u01b0\u1ee3c t\u1ed1i \u01b0u h\u00f3a)<br \/>\nKh\u1ea3 n\u0103ng d\u1eabn nhi\u1ec7t t\u1ed1t h\u01a1n gi\u00fap v\u00f2i phun ho\u1ea1t \u0111\u1ed9ng \u1ed5n \u0111\u1ecbnh h\u01a1n.<br \/>\n[T\u1eadn h\u01b0\u1edfng khi in \u1ed5n \u0111\u1ecbnh]\n<p>_S\u1ef1 k\u1ebft h\u1ee3p kh\u00e9o l\u00e9o gi\u1eefa v\u00f2i v\u00e0 h\u1ecdng (Nozzle and Throat)<br \/>\nK\u1ebft n\u1ed1i li\u1ec1n m\u1ea1ch, thi\u1ebft k\u1ebf n\u1ed9i th\u1ea5t \u0111\u01b0\u1ee3c n\u00e2ng c\u1ea5p, kh\u00f4ng c\u00f2n t\u1eafc ngh\u1ebdn v\u1edbi th\u1eddi gian in l\u00e2u d\u00e0i!<br \/>\n [S\u1ef1 k\u1ebft h\u1ee3p m\u1ea1nh m\u1ebd \u0111\u1ea3m b\u1ea3o in m\u01b0\u1ee3t m\u00e0]\n<p>**S\u1ef1 kh\u00f4n ngoan tuy\u1ec7t v\u1eddi n\u1eb1m trong c\u00e1c chi ti\u1ebft<br \/>\n_H\u1ec7 th\u1ed1ng s\u01b0\u1edfi v\u00e0 t\u1ea3n nhi\u1ec7t cao c\u1ea5p<br \/>\nKh\u1ed1i gia nhi\u1ec7t v\u1edbi tay \u00e1o h\u00ecnh n\u00f3n sili c\u00e1ch nhi\u1ec7t \u0111\u1ec3 l\u00e0m n\u00f3ng \u1ed5n \u0111\u1ecbnh v\u00e0 in \u0111\u1ed3ng \u0111\u1ec1u; Thi\u1ebft k\u1ebf tinh t\u1ebf c\u1ee7a kh\u1ed1i t\u1ea3n nhi\u1ec7t cho kh\u1ea3 n\u0103ng l\u00e0m m\u00e1t v\u00e0 h\u00ecnh th\u1ee9c tuy\u1ec7t v\u1eddi.<\/p>\n<p>_V\u00f2i phun b\u1eb1ng \u0111\u1ed3ng thau m\u1ea1nh m\u1ebd<br \/>\nThi\u1ebft k\u1ebf vi\u00ean \u0111\u1ea1n s\u00e1ng t\u1ea1o<br \/>\nT\u01b0\u1eddng b\u00ean trong nh\u1eb5n \u0111\u1ec3 \u00e9p \u0111\u00f9n t\u1ed1t h\u01a1n.<\/p>\n<p>_Bao silicon c\u00e1ch nhi\u1ec7t<br \/>\nV\u1eadt li\u1ec7u ch\u1ed1ng ch\u00e1y, c\u00e1ch nhi\u1ec7t t\u1ed1t, duy tr\u00ec hi\u1ec7u qu\u1ea3 s\u1ef1 s\u1ea1ch s\u1ebd c\u1ee7a kh\u1ed1i s\u01b0\u1edfi v\u00e0 v\u00f2i phun.<\/p>\n<p>_Hotend t\u1ed1t, s\u00e1ng t\u1ea1o tuy\u1ec7t v\u1eddi<\/p>\n<p>+Packing Size\uff1a160\u00d7155\u00d750mm<br \/>\n+G.W\uff1a170g<br \/>\n+N.W\uff1a89g<br \/>\n+Compatible Models: CR-10 MAX<\/p>\n<p>**\u0110\u1ec3 \u0111\u01b0\u1ee3c nh\u1eadn \u0111\u01b0\u1ee3c gi\u00e1 \u01b0u \u0111\u00e3i t\u1ed1t nh\u1ea5t vui l\u00f2ng li\u00ean h\u1ec7 mua tr\u1ef1c ti\u1ebfp shop:<br \/>\n     0913.939.775 contact A.Quan (for English)<br \/>\n     094.144.0951 contact A.Quynh<br \/>\n**Gi\u00e1 b\u00e1n ch\u01b0a bao g\u1ed3m VAT (+8 hay 10% n\u1ebfu xu\u1ea5t ho\u00e1 \u0111\u01a1n GTGT)<\/p>","protected":false},"excerpt":{"rendered":"<p>CR-10 Max Hotend Kit for 3d printer<\/p>","protected":false},"featured_media":1225,"comment_status":"open","ping_status":"closed","template":"","meta":{"inline_featured_image":false},"product_brand":[],"product_cat":[59,57,457,40],"product_tag":[],"class_list":{"0":"post-1234","1":"product","2":"type-product","3":"status-publish","4":"has-post-thumbnail","6":"product_cat-linh-kien-may-in-3d-elegoo","7":"product_cat-linh-kien-may-in-3d-flsun","8":"product_cat-linh-kien-may-in-3d-resin","9":"product_cat-linh-kien-va-phu-kien","11":"first","12":"instock","13":"taxable","14":"shipping-taxable","15":"purchasable","16":"product-type-simple"},"yoast_head":"<!-- This site is optimized with the Yoast SEO Premium plugin v22.8 (Yoast SEO v26.9) - https:\/\/yoast.com\/product\/yoast-seo-premium-wordpress\/ -->\n<title>B\u1ed9 c\u1ee5m \u0111\u00f9n CR-10 Max Hotend Kit cho m\u00e1y in 3d - NGE 3D Printers Services<\/title>\n<meta name=\"robots\" content=\"index, follow, max-snippet:-1, max-image-preview:large, max-video-preview:-1\" \/>\n<link rel=\"canonical\" href=\"https:\/\/nge.vn\/en\/product\/bo-cum-dun-cr-10-max-hotend-kit-cho-may-in-3d\/\" \/>\n<meta property=\"og:locale\" content=\"en_US\" \/>\n<meta property=\"og:type\" content=\"article\" \/>\n<meta property=\"og:title\" content=\"B\u1ed9 c\u1ee5m \u0111\u00f9n CR-10 Max Hotend Kit cho m\u00e1y in 3d\" \/>\n<meta property=\"og:description\" content=\"B\u1ed9 c\u1ee5m \u0111\u00f9n CR-10 Max Hotend Kit cho m\u00e1y in 3d\" \/>\n<meta property=\"og:url\" content=\"https:\/\/nge.vn\/en\/product\/bo-cum-dun-cr-10-max-hotend-kit-cho-may-in-3d\/\" \/>\n<meta property=\"og:site_name\" content=\"NGE 3D Printers Services\" \/>\n<meta property=\"article:modified_time\" content=\"2024-10-29T10:13:33+00:00\" \/>\n<meta property=\"og:image\" content=\"https:\/\/nge.vn\/wp-content\/uploads\/2024\/10\/images-upload-woo2F380c13049d0ae937e08e86f94398e07e.jpg\" \/>\n\t<meta property=\"og:image:width\" content=\"910\" \/>\n\t<meta property=\"og:image:height\" content=\"910\" \/>\n\t<meta property=\"og:image:type\" content=\"image\/jpeg\" \/>\n<meta name=\"twitter:card\" content=\"summary_large_image\" \/>\n<meta name=\"twitter:label1\" content=\"Est. reading time\" \/>\n\t<meta name=\"twitter:data1\" content=\"3 minutes\" \/>\n<script type=\"application\/ld+json\" class=\"yoast-schema-graph\">{\"@context\":\"https:\/\/schema.org\",\"@graph\":[{\"@type\":\"WebPage\",\"@id\":\"https:\/\/nge.vn\/san-pham\/bo-cum-dun-cr-10-max-hotend-kit-cho-may-in-3d\/\",\"url\":\"https:\/\/nge.vn\/san-pham\/bo-cum-dun-cr-10-max-hotend-kit-cho-may-in-3d\/\",\"name\":\"B\u1ed9 c\u1ee5m \u0111\u00f9n CR-10 Max Hotend Kit cho m\u00e1y in 3d - NGE 3D Printers Services\",\"isPartOf\":{\"@id\":\"https:\/\/nge.vn\/#website\"},\"primaryImageOfPage\":{\"@id\":\"https:\/\/nge.vn\/san-pham\/bo-cum-dun-cr-10-max-hotend-kit-cho-may-in-3d\/#primaryimage\"},\"image\":{\"@id\":\"https:\/\/nge.vn\/san-pham\/bo-cum-dun-cr-10-max-hotend-kit-cho-may-in-3d\/#primaryimage\"},\"thumbnailUrl\":\"https:\/\/nge.vn\/wp-content\/uploads\/2024\/10\/images-upload-woo2F380c13049d0ae937e08e86f94398e07e.jpg\",\"datePublished\":\"2024-10-25T08:18:56+00:00\",\"dateModified\":\"2024-10-29T10:13:33+00:00\",\"breadcrumb\":{\"@id\":\"https:\/\/nge.vn\/san-pham\/bo-cum-dun-cr-10-max-hotend-kit-cho-may-in-3d\/#breadcrumb\"},\"inLanguage\":\"en-US\",\"potentialAction\":[{\"@type\":\"ReadAction\",\"target\":[\"https:\/\/nge.vn\/san-pham\/bo-cum-dun-cr-10-max-hotend-kit-cho-may-in-3d\/\"]}]},{\"@type\":\"ImageObject\",\"inLanguage\":\"en-US\",\"@id\":\"https:\/\/nge.vn\/san-pham\/bo-cum-dun-cr-10-max-hotend-kit-cho-may-in-3d\/#primaryimage\",\"url\":\"https:\/\/nge.vn\/wp-content\/uploads\/2024\/10\/images-upload-woo2F380c13049d0ae937e08e86f94398e07e.jpg\",\"contentUrl\":\"https:\/\/nge.vn\/wp-content\/uploads\/2024\/10\/images-upload-woo2F380c13049d0ae937e08e86f94398e07e.jpg\",\"width\":910,\"height\":910},{\"@type\":\"BreadcrumbList\",\"@id\":\"https:\/\/nge.vn\/san-pham\/bo-cum-dun-cr-10-max-hotend-kit-cho-may-in-3d\/#breadcrumb\",\"itemListElement\":[{\"@type\":\"ListItem\",\"position\":1,\"name\":\"Trang ch\u1ee7\",\"item\":\"https:\/\/nge.vn\/\"},{\"@type\":\"ListItem\",\"position\":2,\"name\":\"S\u1ea3n ph\u1ea9m\",\"item\":\"https:\/\/nge.vn\/san-pham\/\"},{\"@type\":\"ListItem\",\"position\":3,\"name\":\"B\u1ed9 c\u1ee5m \u0111\u00f9n CR-10 Max Hotend Kit cho m\u00e1y in 3d\"}]},{\"@type\":\"WebSite\",\"@id\":\"https:\/\/nge.vn\/#website\",\"url\":\"https:\/\/nge.vn\/\",\"name\":\"NGE 3D Printers Services\",\"description\":\"\",\"potentialAction\":[{\"@type\":\"SearchAction\",\"target\":{\"@type\":\"EntryPoint\",\"urlTemplate\":\"https:\/\/nge.vn\/?s={search_term_string}\"},\"query-input\":{\"@type\":\"PropertyValueSpecification\",\"valueRequired\":true,\"valueName\":\"search_term_string\"}}],\"inLanguage\":\"en-US\"}]}<\/script>\n<!-- \/ Yoast SEO Premium plugin. -->","yoast_head_json":{"title":"B\u1ed9 c\u1ee5m \u0111\u00f9n CR-10 Max Hotend Kit cho m\u00e1y in 3d - NGE 3D Printers Services","robots":{"index":"index","follow":"follow","max-snippet":"max-snippet:-1","max-image-preview":"max-image-preview:large","max-video-preview":"max-video-preview:-1"},"canonical":"https:\/\/nge.vn\/en\/product\/bo-cum-dun-cr-10-max-hotend-kit-cho-may-in-3d\/","og_locale":"en_US","og_type":"article","og_title":"B\u1ed9 c\u1ee5m \u0111\u00f9n CR-10 Max Hotend Kit cho m\u00e1y in 3d","og_description":"B\u1ed9 c\u1ee5m \u0111\u00f9n CR-10 Max Hotend Kit cho m\u00e1y in 3d","og_url":"https:\/\/nge.vn\/en\/product\/bo-cum-dun-cr-10-max-hotend-kit-cho-may-in-3d\/","og_site_name":"NGE 3D Printers Services","article_modified_time":"2024-10-29T10:13:33+00:00","og_image":[{"width":910,"height":910,"url":"https:\/\/nge.vn\/wp-content\/uploads\/2024\/10\/images-upload-woo2F380c13049d0ae937e08e86f94398e07e.jpg","type":"image\/jpeg"}],"twitter_card":"summary_large_image","twitter_misc":{"Est. reading time":"3 minutes"},"schema":{"@context":"https:\/\/schema.org","@graph":[{"@type":"WebPage","@id":"https:\/\/nge.vn\/san-pham\/bo-cum-dun-cr-10-max-hotend-kit-cho-may-in-3d\/","url":"https:\/\/nge.vn\/san-pham\/bo-cum-dun-cr-10-max-hotend-kit-cho-may-in-3d\/","name":"B\u1ed9 c\u1ee5m \u0111\u00f9n CR-10 Max Hotend Kit cho m\u00e1y in 3d - NGE 3D Printers Services","isPartOf":{"@id":"https:\/\/nge.vn\/#website"},"primaryImageOfPage":{"@id":"https:\/\/nge.vn\/san-pham\/bo-cum-dun-cr-10-max-hotend-kit-cho-may-in-3d\/#primaryimage"},"image":{"@id":"https:\/\/nge.vn\/san-pham\/bo-cum-dun-cr-10-max-hotend-kit-cho-may-in-3d\/#primaryimage"},"thumbnailUrl":"https:\/\/nge.vn\/wp-content\/uploads\/2024\/10\/images-upload-woo2F380c13049d0ae937e08e86f94398e07e.jpg","datePublished":"2024-10-25T08:18:56+00:00","dateModified":"2024-10-29T10:13:33+00:00","breadcrumb":{"@id":"https:\/\/nge.vn\/san-pham\/bo-cum-dun-cr-10-max-hotend-kit-cho-may-in-3d\/#breadcrumb"},"inLanguage":"en-US","potentialAction":[{"@type":"ReadAction","target":["https:\/\/nge.vn\/san-pham\/bo-cum-dun-cr-10-max-hotend-kit-cho-may-in-3d\/"]}]},{"@type":"ImageObject","inLanguage":"en-US","@id":"https:\/\/nge.vn\/san-pham\/bo-cum-dun-cr-10-max-hotend-kit-cho-may-in-3d\/#primaryimage","url":"https:\/\/nge.vn\/wp-content\/uploads\/2024\/10\/images-upload-woo2F380c13049d0ae937e08e86f94398e07e.jpg","contentUrl":"https:\/\/nge.vn\/wp-content\/uploads\/2024\/10\/images-upload-woo2F380c13049d0ae937e08e86f94398e07e.jpg","width":910,"height":910},{"@type":"BreadcrumbList","@id":"https:\/\/nge.vn\/san-pham\/bo-cum-dun-cr-10-max-hotend-kit-cho-may-in-3d\/#breadcrumb","itemListElement":[{"@type":"ListItem","position":1,"name":"Trang ch\u1ee7","item":"https:\/\/nge.vn\/"},{"@type":"ListItem","position":2,"name":"S\u1ea3n ph\u1ea9m","item":"https:\/\/nge.vn\/san-pham\/"},{"@type":"ListItem","position":3,"name":"B\u1ed9 c\u1ee5m \u0111\u00f9n CR-10 Max Hotend Kit cho m\u00e1y in 3d"}]},{"@type":"WebSite","@id":"https:\/\/nge.vn\/#website","url":"https:\/\/nge.vn\/","name":"NGE 3D Printers Services","description":"","potentialAction":[{"@type":"SearchAction","target":{"@type":"EntryPoint","urlTemplate":"https:\/\/nge.vn\/?s={search_term_string}"},"query-input":{"@type":"PropertyValueSpecification","valueRequired":true,"valueName":"search_term_string"}}],"inLanguage":"en-US"}]}},"_links":{"self":[{"href":"https:\/\/nge.vn\/en\/wp-json\/wp\/v2\/product\/1234","targetHints":{"allow":["GET"]}}],"collection":[{"href":"https:\/\/nge.vn\/en\/wp-json\/wp\/v2\/product"}],"about":[{"href":"https:\/\/nge.vn\/en\/wp-json\/wp\/v2\/types\/product"}],"replies":[{"embeddable":true,"href":"https:\/\/nge.vn\/en\/wp-json\/wp\/v2\/comments?post=1234"}],"wp:featuredmedia":[{"embeddable":true,"href":"https:\/\/nge.vn\/en\/wp-json\/wp\/v2\/media\/1225"}],"wp:attachment":[{"href":"https:\/\/nge.vn\/en\/wp-json\/wp\/v2\/media?parent=1234"}],"wp:term":[{"taxonomy":"product_brand","embeddable":true,"href":"https:\/\/nge.vn\/en\/wp-json\/wp\/v2\/product_brand?post=1234"},{"taxonomy":"product_cat","embeddable":true,"href":"https:\/\/nge.vn\/en\/wp-json\/wp\/v2\/product_cat?post=1234"},{"taxonomy":"product_tag","embeddable":true,"href":"https:\/\/nge.vn\/en\/wp-json\/wp\/v2\/product_tag?post=1234"}],"curies":[{"name":"wp","href":"https:\/\/api.w.org\/{rel}","templated":true}]}}