{"id":1215,"date":"2024-10-25T15:15:49","date_gmt":"2024-10-25T08:15:49","guid":{"rendered":"https:\/\/nge.123websitedev.com\/san-pham\/tam-fep-film-cho-may-in-3d-creality-resin-halot-one-plus-kho-2161580-15mm\/"},"modified":"2024-10-29T14:57:12","modified_gmt":"2024-10-29T07:57:12","slug":"tam-fep-film-cho-may-in-3d-creality-resin-halot-one-plus-kho-2161580-15mm","status":"publish","type":"product","link":"https:\/\/nge.vn\/en\/product\/tam-fep-film-cho-may-in-3d-creality-resin-halot-one-plus-kho-2161580-15mm\/","title":{"rendered":"T\u1ea5m FEP Film cho m\u00e1y in 3d Creality resin Halot-One Plus kh\u1ed5 216*158*0.15mm"},"content":{"rendered":"<p>T\u1ea5m FEP Film cho m\u00e1y in 3d Creality resin Halot-One Plus kh\u1ed5 216*158*0.15mm<br \/>\n_M\u00e0n resin FEP v\u1edbi \u0111\u1ed9 tinh khi\u1ebft cao;<br \/>\n_Truy\u1ec1n t\u1ea3i cao, truy\u1ec1n v\u01b0\u1ee3t qu\u00e1 95%.<br \/>\n_H\u1ec7 s\u1ed1 truy\u1ec1n cao.<br \/>\n_Ph\u00e2n t\u00e1ch hi\u1ec7u qu\u1ea3.<br \/>\n_Kh\u1ea3 n\u0103ng ch\u1ecbu nhi\u1ec7t.<\/p>\n<p>_M\u00e0ng film FEP 3d c\u00f3 \u0111\u1ed9 truy\u1ec1n qua cao v\u00e0 \u0111\u1ed9 truy\u1ec1n tia UV tr\u00ean 95%, gi\u00fap s\u1ea3n ph\u1ea9m in ho\u00e0n h\u1ea3o h\u01a1n v\u00e0 mang l\u1ea1i ch\u1ea5t l\u01b0\u1ee3ng s\u1ea3n ph\u1ea9m<br \/>\n_M\u00e0ng film n\u00e0y v\u1edbi \u0111\u1ed9 \u0111\u1ed3ng \u0111\u1ec1u c\u1ee7a l\u1edbp ph\u1ee7 v\u00e0 l\u1ef1c nh\u1ea3 \u1ed5n \u0111\u1ecbnh c\u00f3 kh\u1ea3 n\u0103ng t\u00e1ch hi\u1ec7u qu\u1ea3 \u0111\u1ed1i v\u1edbi h\u1ea7u h\u1ebft c\u00e1c lo\u1ea1i nh\u1ef1a; N\u00f3 c\u00f3 b\u1ec1 m\u1eb7t m\u1ecbn, kh\u00f4ng c\u00f3 n\u1ebfp nh\u0103n, tr\u1ea7y x\u01b0\u1edbc v\u00e0 bong b\u00f3ng, \u0111\u00e1p \u1ee9ng c\u00e1c y\u00eau c\u1ea7u ph\u00e1t h\u00e0nh c\u1ee7a c\u00e1c s\u1ea3n ph\u1ea9m kh\u00e1c nhau v\u00e0 c\u00f3 th\u1ec3 \u0111\u01b0\u1ee3c s\u1eed d\u1ee5ng nhi\u1ec1u l\u1ea7n<br \/>\n_M\u00e0ng quang h\u1ecdc, \u0111\u1ed9 truy\u1ec1n qua v\u01b0\u1ee3t qu\u00e1 95%, gi\u00fap s\u1ea3n ph\u1ea9m in ra ho\u00e0n h\u1ea3o h\u01a1n v\u00e0 ch\u1ea5t l\u01b0\u1ee3ng s\u1ea3n ph\u1ea9m cao h\u01a1n.<br \/>\n_\u0110\u01b0\u1ee3c l\u00e0m b\u1eb1ng nh\u1ef1a FEP c\u00f3 \u0111\u1ed9 tinh khi\u1ebft cao, n\u00f3 c\u00f3 \u0111\u1ed9 kh\u00f4ng nh\u1edbt t\u1ed1t, kh\u1ea3 n\u0103ng ch\u1ecbu nhi\u1ec7t, c\u00e1ch \u0111i\u1ec7n, t\u00ednh ch\u1ea5t c\u01a1 h\u1ecdc, kh\u1ea3 n\u0103ng ch\u1ed1ng m\u00e0i m\u00f2n, v.v.<br \/>\n_V\u1edbi b\u1ec1 m\u1eb7t nh\u1eb5n, kh\u00f4ng c\u00f3 n\u1ebfp nh\u0103n, kh\u00f4ng b\u1ecb tr\u1ea7y x\u01b0\u1edbc v\u00e0 bong b\u00f3ng, \u0111\u00e1p \u1ee9ng y\u00eau c\u1ea7u ph\u00e1t h\u00e0nh c\u1ee7a c\u00e1c s\u1ea3n ph\u1ea9m kh\u00e1c nhau v\u00e0 c\u00f3 th\u1ec3 \u0111\u01b0\u1ee3c s\u1eed d\u1ee5ng nhi\u1ec1u l\u1ea7n.<br \/>\n_Th\u1eddi gian \u0111\u00f3ng r\u1eafn ng\u1eafn h\u01a1n, hi\u1ec7u qu\u1ea3 \u0111\u00f3ng r\u1eafn t\u1ed1t h\u01a1n v\u00e0 \u0111\u1ed9 ch\u00ednh x\u00e1c in cao h\u01a1n. FEP tr\u01a1 v\u1ec1 m\u1eb7t h\u00f3a h\u1ecdc, kh\u00f4ng ph\u1ea3n \u1ee9ng v\u1edbi c\u00e1c ch\u1ea5t kh\u00e1c.<br \/>\n_T\u01b0\u01a1ng th\u00edch v\u1edbi M\u00e1y in 3D Resin Creality resin Halot-One Plus..v\u00e0 c\u00e1c m\u00e1y c\u00f3 c\u00f9ng k\u00edch th\u01b0\u1edbc 216*158*0.15mm<\/p>\n<p>**Th\u00f4ng s\u1ed1 k\u1ef9 thu\u1eadt:<br \/>\n+Color: Transparent<br \/>\n+Material: FEP<br \/>\n+Quantity: 1pc<br \/>\n+Flatness: 0.001mm<br \/>\n+Applicable Model:Halot-One Plus<br \/>\n+Item Size: 216*158mm\/ 8.5 * 6.22 inch<br \/>\n+Item Weight: 22g\/ 0.77 oz<br \/>\n+Package Size: 282\u00d7206\u00d75mm\/ 11.1 * 8.11 * 0.19 inch<br \/>\n+Package Weight: 122g\/ 4.3 oz<br \/>\n+Packing List: 1 * Release Film <\/p>\n<p>**\u0110\u1ec3 \u0111\u01b0\u1ee3c nh\u1eadn \u0111\u01b0\u1ee3c gi\u00e1 \u01b0u \u0111\u00e3i t\u1ed1t nh\u1ea5t vui l\u00f2ng li\u00ean h\u1ec7 mua tr\u1ef1c ti\u1ebfp shop:<br \/>\n     0913.939.775 contact A.Quan (for English)<br \/>\n     094.144.0951 contact A.Quynh<br \/>\n**Selling price does not include VAT (+10% if VAT invoice is issued)<\/p>","protected":false},"excerpt":{"rendered":"<p>T\u1ea5m FEP Film cho m\u00e1y in 3d Creality resin Halot-One Plus kh\u1ed5 216*158*0.15mm<\/p>","protected":false},"featured_media":1206,"comment_status":"open","ping_status":"closed","template":"","meta":{"inline_featured_image":false},"product_brand":[],"product_cat":[40,56],"product_tag":[],"class_list":{"0":"post-1215","1":"product","2":"type-product","3":"status-publish","4":"has-post-thumbnail","6":"product_cat-linh-kien-va-phu-kien","7":"product_cat-linh-phu-kien-may-in-3d-creality","9":"first","10":"instock","11":"taxable","12":"shipping-taxable","13":"purchasable","14":"product-type-simple"},"yoast_head":"<!-- This site is optimized with the Yoast SEO Premium plugin v22.8 (Yoast SEO v26.9) - https:\/\/yoast.com\/product\/yoast-seo-premium-wordpress\/ -->\n<title>T\u1ea5m FEP Film cho m\u00e1y in 3d Creality resin Halot-One Plus kh\u1ed5 216*158*0.15mm - NGE 3D Printers Services<\/title>\n<meta name=\"robots\" content=\"index, follow, max-snippet:-1, max-image-preview:large, max-video-preview:-1\" \/>\n<link rel=\"canonical\" href=\"https:\/\/nge.vn\/en\/product\/tam-fep-film-cho-may-in-3d-creality-resin-halot-one-plus-kho-2161580-15mm\/\" \/>\n<meta property=\"og:locale\" content=\"en_US\" \/>\n<meta property=\"og:type\" content=\"article\" \/>\n<meta property=\"og:title\" content=\"T\u1ea5m FEP Film cho m\u00e1y in 3d Creality resin Halot-One Plus kh\u1ed5 216*158*0.15mm\" \/>\n<meta property=\"og:description\" content=\"T\u1ea5m FEP Film cho m\u00e1y in 3d Creality resin Halot-One Plus kh\u1ed5 216*158*0.15mm\" \/>\n<meta property=\"og:url\" content=\"https:\/\/nge.vn\/en\/product\/tam-fep-film-cho-may-in-3d-creality-resin-halot-one-plus-kho-2161580-15mm\/\" \/>\n<meta property=\"og:site_name\" content=\"NGE 3D Printers Services\" \/>\n<meta property=\"article:modified_time\" content=\"2024-10-29T07:57:12+00:00\" \/>\n<meta property=\"og:image\" content=\"https:\/\/nge.vn\/wp-content\/uploads\/2024\/10\/images-upload-woo2F5fb584fff627ae22ce8bf948e9066c6b.jpg\" \/>\n\t<meta property=\"og:image:width\" content=\"943\" \/>\n\t<meta property=\"og:image:height\" content=\"943\" \/>\n\t<meta property=\"og:image:type\" content=\"image\/jpeg\" \/>\n<meta name=\"twitter:card\" content=\"summary_large_image\" \/>\n<meta name=\"twitter:label1\" content=\"Est. reading time\" \/>\n\t<meta name=\"twitter:data1\" content=\"3 minutes\" \/>\n<script type=\"application\/ld+json\" class=\"yoast-schema-graph\">{\"@context\":\"https:\/\/schema.org\",\"@graph\":[{\"@type\":\"WebPage\",\"@id\":\"https:\/\/nge.vn\/san-pham\/tam-fep-film-cho-may-in-3d-creality-resin-halot-one-plus-kho-2161580-15mm\/\",\"url\":\"https:\/\/nge.vn\/san-pham\/tam-fep-film-cho-may-in-3d-creality-resin-halot-one-plus-kho-2161580-15mm\/\",\"name\":\"T\u1ea5m FEP Film cho m\u00e1y in 3d Creality resin Halot-One Plus kh\u1ed5 216*158*0.15mm - NGE 3D Printers Services\",\"isPartOf\":{\"@id\":\"https:\/\/nge.vn\/#website\"},\"primaryImageOfPage\":{\"@id\":\"https:\/\/nge.vn\/san-pham\/tam-fep-film-cho-may-in-3d-creality-resin-halot-one-plus-kho-2161580-15mm\/#primaryimage\"},\"image\":{\"@id\":\"https:\/\/nge.vn\/san-pham\/tam-fep-film-cho-may-in-3d-creality-resin-halot-one-plus-kho-2161580-15mm\/#primaryimage\"},\"thumbnailUrl\":\"https:\/\/nge.vn\/wp-content\/uploads\/2024\/10\/images-upload-woo2F5fb584fff627ae22ce8bf948e9066c6b.jpg\",\"datePublished\":\"2024-10-25T08:15:49+00:00\",\"dateModified\":\"2024-10-29T07:57:12+00:00\",\"breadcrumb\":{\"@id\":\"https:\/\/nge.vn\/san-pham\/tam-fep-film-cho-may-in-3d-creality-resin-halot-one-plus-kho-2161580-15mm\/#breadcrumb\"},\"inLanguage\":\"en-US\",\"potentialAction\":[{\"@type\":\"ReadAction\",\"target\":[\"https:\/\/nge.vn\/san-pham\/tam-fep-film-cho-may-in-3d-creality-resin-halot-one-plus-kho-2161580-15mm\/\"]}]},{\"@type\":\"ImageObject\",\"inLanguage\":\"en-US\",\"@id\":\"https:\/\/nge.vn\/san-pham\/tam-fep-film-cho-may-in-3d-creality-resin-halot-one-plus-kho-2161580-15mm\/#primaryimage\",\"url\":\"https:\/\/nge.vn\/wp-content\/uploads\/2024\/10\/images-upload-woo2F5fb584fff627ae22ce8bf948e9066c6b.jpg\",\"contentUrl\":\"https:\/\/nge.vn\/wp-content\/uploads\/2024\/10\/images-upload-woo2F5fb584fff627ae22ce8bf948e9066c6b.jpg\",\"width\":943,\"height\":943},{\"@type\":\"BreadcrumbList\",\"@id\":\"https:\/\/nge.vn\/san-pham\/tam-fep-film-cho-may-in-3d-creality-resin-halot-one-plus-kho-2161580-15mm\/#breadcrumb\",\"itemListElement\":[{\"@type\":\"ListItem\",\"position\":1,\"name\":\"Trang ch\u1ee7\",\"item\":\"https:\/\/nge.vn\/\"},{\"@type\":\"ListItem\",\"position\":2,\"name\":\"S\u1ea3n ph\u1ea9m\",\"item\":\"https:\/\/nge.vn\/san-pham\/\"},{\"@type\":\"ListItem\",\"position\":3,\"name\":\"T\u1ea5m FEP Film cho m\u00e1y in 3d Creality resin Halot-One Plus kh\u1ed5 216*158*0.15mm\"}]},{\"@type\":\"WebSite\",\"@id\":\"https:\/\/nge.vn\/#website\",\"url\":\"https:\/\/nge.vn\/\",\"name\":\"NGE 3D Printers Services\",\"description\":\"\",\"potentialAction\":[{\"@type\":\"SearchAction\",\"target\":{\"@type\":\"EntryPoint\",\"urlTemplate\":\"https:\/\/nge.vn\/?s={search_term_string}\"},\"query-input\":{\"@type\":\"PropertyValueSpecification\",\"valueRequired\":true,\"valueName\":\"search_term_string\"}}],\"inLanguage\":\"en-US\"}]}<\/script>\n<!-- \/ Yoast SEO Premium plugin. -->","yoast_head_json":{"title":"T\u1ea5m FEP Film cho m\u00e1y in 3d Creality resin Halot-One Plus kh\u1ed5 216*158*0.15mm - NGE 3D Printers Services","robots":{"index":"index","follow":"follow","max-snippet":"max-snippet:-1","max-image-preview":"max-image-preview:large","max-video-preview":"max-video-preview:-1"},"canonical":"https:\/\/nge.vn\/en\/product\/tam-fep-film-cho-may-in-3d-creality-resin-halot-one-plus-kho-2161580-15mm\/","og_locale":"en_US","og_type":"article","og_title":"T\u1ea5m FEP Film cho m\u00e1y in 3d Creality resin Halot-One Plus kh\u1ed5 216*158*0.15mm","og_description":"T\u1ea5m FEP Film cho m\u00e1y in 3d Creality resin Halot-One Plus kh\u1ed5 216*158*0.15mm","og_url":"https:\/\/nge.vn\/en\/product\/tam-fep-film-cho-may-in-3d-creality-resin-halot-one-plus-kho-2161580-15mm\/","og_site_name":"NGE 3D Printers Services","article_modified_time":"2024-10-29T07:57:12+00:00","og_image":[{"width":943,"height":943,"url":"https:\/\/nge.vn\/wp-content\/uploads\/2024\/10\/images-upload-woo2F5fb584fff627ae22ce8bf948e9066c6b.jpg","type":"image\/jpeg"}],"twitter_card":"summary_large_image","twitter_misc":{"Est. reading time":"3 minutes"},"schema":{"@context":"https:\/\/schema.org","@graph":[{"@type":"WebPage","@id":"https:\/\/nge.vn\/san-pham\/tam-fep-film-cho-may-in-3d-creality-resin-halot-one-plus-kho-2161580-15mm\/","url":"https:\/\/nge.vn\/san-pham\/tam-fep-film-cho-may-in-3d-creality-resin-halot-one-plus-kho-2161580-15mm\/","name":"T\u1ea5m FEP Film cho m\u00e1y in 3d Creality resin Halot-One Plus kh\u1ed5 216*158*0.15mm - NGE 3D Printers Services","isPartOf":{"@id":"https:\/\/nge.vn\/#website"},"primaryImageOfPage":{"@id":"https:\/\/nge.vn\/san-pham\/tam-fep-film-cho-may-in-3d-creality-resin-halot-one-plus-kho-2161580-15mm\/#primaryimage"},"image":{"@id":"https:\/\/nge.vn\/san-pham\/tam-fep-film-cho-may-in-3d-creality-resin-halot-one-plus-kho-2161580-15mm\/#primaryimage"},"thumbnailUrl":"https:\/\/nge.vn\/wp-content\/uploads\/2024\/10\/images-upload-woo2F5fb584fff627ae22ce8bf948e9066c6b.jpg","datePublished":"2024-10-25T08:15:49+00:00","dateModified":"2024-10-29T07:57:12+00:00","breadcrumb":{"@id":"https:\/\/nge.vn\/san-pham\/tam-fep-film-cho-may-in-3d-creality-resin-halot-one-plus-kho-2161580-15mm\/#breadcrumb"},"inLanguage":"en-US","potentialAction":[{"@type":"ReadAction","target":["https:\/\/nge.vn\/san-pham\/tam-fep-film-cho-may-in-3d-creality-resin-halot-one-plus-kho-2161580-15mm\/"]}]},{"@type":"ImageObject","inLanguage":"en-US","@id":"https:\/\/nge.vn\/san-pham\/tam-fep-film-cho-may-in-3d-creality-resin-halot-one-plus-kho-2161580-15mm\/#primaryimage","url":"https:\/\/nge.vn\/wp-content\/uploads\/2024\/10\/images-upload-woo2F5fb584fff627ae22ce8bf948e9066c6b.jpg","contentUrl":"https:\/\/nge.vn\/wp-content\/uploads\/2024\/10\/images-upload-woo2F5fb584fff627ae22ce8bf948e9066c6b.jpg","width":943,"height":943},{"@type":"BreadcrumbList","@id":"https:\/\/nge.vn\/san-pham\/tam-fep-film-cho-may-in-3d-creality-resin-halot-one-plus-kho-2161580-15mm\/#breadcrumb","itemListElement":[{"@type":"ListItem","position":1,"name":"Trang ch\u1ee7","item":"https:\/\/nge.vn\/"},{"@type":"ListItem","position":2,"name":"S\u1ea3n ph\u1ea9m","item":"https:\/\/nge.vn\/san-pham\/"},{"@type":"ListItem","position":3,"name":"T\u1ea5m FEP Film cho m\u00e1y in 3d Creality resin Halot-One Plus kh\u1ed5 216*158*0.15mm"}]},{"@type":"WebSite","@id":"https:\/\/nge.vn\/#website","url":"https:\/\/nge.vn\/","name":"NGE 3D Printers Services","description":"","potentialAction":[{"@type":"SearchAction","target":{"@type":"EntryPoint","urlTemplate":"https:\/\/nge.vn\/?s={search_term_string}"},"query-input":{"@type":"PropertyValueSpecification","valueRequired":true,"valueName":"search_term_string"}}],"inLanguage":"en-US"}]}},"_links":{"self":[{"href":"https:\/\/nge.vn\/en\/wp-json\/wp\/v2\/product\/1215","targetHints":{"allow":["GET"]}}],"collection":[{"href":"https:\/\/nge.vn\/en\/wp-json\/wp\/v2\/product"}],"about":[{"href":"https:\/\/nge.vn\/en\/wp-json\/wp\/v2\/types\/product"}],"replies":[{"embeddable":true,"href":"https:\/\/nge.vn\/en\/wp-json\/wp\/v2\/comments?post=1215"}],"wp:featuredmedia":[{"embeddable":true,"href":"https:\/\/nge.vn\/en\/wp-json\/wp\/v2\/media\/1206"}],"wp:attachment":[{"href":"https:\/\/nge.vn\/en\/wp-json\/wp\/v2\/media?parent=1215"}],"wp:term":[{"taxonomy":"product_brand","embeddable":true,"href":"https:\/\/nge.vn\/en\/wp-json\/wp\/v2\/product_brand?post=1215"},{"taxonomy":"product_cat","embeddable":true,"href":"https:\/\/nge.vn\/en\/wp-json\/wp\/v2\/product_cat?post=1215"},{"taxonomy":"product_tag","embeddable":true,"href":"https:\/\/nge.vn\/en\/wp-json\/wp\/v2\/product_tag?post=1215"}],"curies":[{"name":"wp","href":"https:\/\/api.w.org\/{rel}","templated":true}]}}