{"id":1205,"date":"2024-10-25T15:14:11","date_gmt":"2024-10-25T08:14:11","guid":{"rendered":"https:\/\/nge.123websitedev.com\/san-pham\/loi-nhua-dung-cho-cac-cuon-nhua-khong-co-loi-refilament\/"},"modified":"2024-10-29T17:14:14","modified_gmt":"2024-10-29T10:14:14","slug":"loi-nhua-dung-cho-cac-cuon-nhua-khong-co-loi-refilament","status":"publish","type":"product","link":"https:\/\/nge.vn\/en\/product\/loi-nhua-dung-cho-cac-cuon-nhua-khong-co-loi-refilament\/","title":{"rendered":"L\u00f5i nh\u1ef1a d\u00f9ng cho c\u00e1c cu\u1ed9n nh\u1ef1a kh\u00f4ng c\u00f3 l\u1ecfi Refilament"},"content":{"rendered":"<p>L\u00f5i nh\u1ef1a d\u00f9ng cho c\u00e1c lo\u1ea1i nh\u1ef1a kh\u00f4ng l\u00f5i Refilament<br \/>\n_L\u00f5i n\u00e0y \u0111\u00e3 \u0111\u01b0\u1ee3c t\u00ednh to\u00e1n r\u00fat ra sai s\u00f3t t\u1eeb l\u00f5i eSpool c\u1ee7a h\u00e3ng eSun, nh\u01b0 kh\u00f4ng x\u00e1t kh\u00edt cu\u1ed9n nh\u1ef1a n\u00ean s\u1ee3i nh\u1ef1a d\u1ec5 b\u1ecb l\u1ecdt xu\u1ed1ng khe, d\u00f9 l\u00e0 l\u00f5i l\u1eafp r\u00e1p t\u1eeb c\u00e1c part kh\u1edbp nh\u01b0ng v\u1eabn r\u1ea5t kh\u00f3 khi g\u1ee1 ra thay cu\u1ed9n nh\u1ef1a Refilament kh\u00e1c<\/p>\n<p> _T\u00ednh n\u0103ng: \u0111\u01b0\u1ee3c do ch\u00ednh x\u00e1c n\u00ean l\u00f5i r\u1ea5t x\u00e1t v\u1eeba kh\u00edt v\u1edbi l\u00f5i gi\u1ea5y c\u1ee7a cu\u1ed9n nh\u1ef1a Refilament kh\u00f4ng b\u1ecb l\u1ecdt v\u00e0 k\u1eb9t s\u1ee3i nh\u1ef1a v\u00e0o gi\u1eefa l\u00f5i gi\u1ea5y v\u00e0 l\u00f5i nh\u1ef1a n\u00e0y nh\u01b0 l\u00f5i eSpool m\u1eafc ph\u1ea3i, l\u00f5i n\u00e0y s\u1eed d\u1ee5ng n\u1ed1i v\u00e0 kh\u1edbp v\u1edbi nhau b\u1eb1ng ba con \u1ed1c, n\u00ean r\u1ea5t d\u1ec5 th\u00e1o r\u00e1p thay cu\u1ed9n nh\u1ef1a<\/p>\n<p>+Xu\u1ea5t x\u1ee9: Vi\u1ec7t Nam<br \/>\n+\u0110\u01b0\u1eddng k\u00ednh l\u00f5i: 20cm<br \/>\n+Chi\u1ec1u r\u1ed9ng ngo\u00e0i: 6,4cm<br \/>\n+Chi\u1ec1u r\u1ed9ng trong: 5.8cm<br \/>\n+Trong l\u01b0\u1ee3ng: 185g (C\u00f3 3 con \u1ed1c)<br \/>\n+Ch\u1ea5t li\u1ec7u: PP<\/p>\n<p>**\u0110\u1ec3 \u0111\u01b0\u1ee3c nh\u1eadn \u0111\u01b0\u1ee3c gi\u00e1 \u01b0u \u0111\u00e3i t\u1ed1t nh\u1ea5t vui l\u00f2ng li\u00ean h\u1ec7 mua tr\u1ef1c ti\u1ebfp shop:<br \/>\n     0913.939.775 contact A.Quan (for English)<br \/>\n     094.144.0951 contact A.Quynh<br \/>\n**Selling price does not include VAT (+10% if VAT invoice is issued)<\/p>","protected":false},"excerpt":{"rendered":"<p>L\u00f5i nh\u1ef1a d\u00f9ng cho c\u00e1c cu\u1ed9n nh\u1ef1a kh\u00f4ng c\u00f3 l\u1ecfi Refilament<\/p>","protected":false},"featured_media":1196,"comment_status":"open","ping_status":"closed","template":"","meta":{"inline_featured_image":false},"product_brand":[],"product_cat":[40],"product_tag":[],"class_list":{"0":"post-1205","1":"product","2":"type-product","3":"status-publish","4":"has-post-thumbnail","6":"product_cat-linh-kien-va-phu-kien","8":"first","9":"instock","10":"taxable","11":"shipping-taxable","12":"purchasable","13":"product-type-simple"},"yoast_head":"<!-- This site is optimized with the Yoast SEO Premium plugin v22.8 (Yoast SEO v26.9) - https:\/\/yoast.com\/product\/yoast-seo-premium-wordpress\/ -->\n<title>L\u00f5i nh\u1ef1a d\u00f9ng cho c\u00e1c cu\u1ed9n nh\u1ef1a kh\u00f4ng c\u00f3 l\u1ecfi Refilament - NGE 3D Printers Services<\/title>\n<meta name=\"robots\" content=\"index, follow, max-snippet:-1, max-image-preview:large, max-video-preview:-1\" \/>\n<link rel=\"canonical\" href=\"https:\/\/nge.vn\/en\/product\/loi-nhua-dung-cho-cac-cuon-nhua-khong-co-loi-refilament\/\" \/>\n<meta property=\"og:locale\" content=\"en_US\" \/>\n<meta property=\"og:type\" content=\"article\" \/>\n<meta property=\"og:title\" content=\"L\u00f5i nh\u1ef1a d\u00f9ng cho c\u00e1c cu\u1ed9n nh\u1ef1a kh\u00f4ng c\u00f3 l\u1ecfi Refilament\" \/>\n<meta property=\"og:description\" content=\"L\u00f5i nh\u1ef1a d\u00f9ng cho c\u00e1c cu\u1ed9n nh\u1ef1a kh\u00f4ng c\u00f3 l\u1ecfi Refilament\" \/>\n<meta property=\"og:url\" content=\"https:\/\/nge.vn\/en\/product\/loi-nhua-dung-cho-cac-cuon-nhua-khong-co-loi-refilament\/\" \/>\n<meta property=\"og:site_name\" content=\"NGE 3D Printers Services\" \/>\n<meta property=\"article:modified_time\" content=\"2024-10-29T10:14:14+00:00\" \/>\n<meta property=\"og:image\" content=\"https:\/\/nge.vn\/wp-content\/uploads\/2024\/10\/images-upload-woo2F2cc8f7ed73ab88fb9a832d2658466c06.jpg\" \/>\n\t<meta property=\"og:image:width\" content=\"770\" \/>\n\t<meta property=\"og:image:height\" content=\"770\" \/>\n\t<meta property=\"og:image:type\" content=\"image\/jpeg\" \/>\n<meta name=\"twitter:card\" content=\"summary_large_image\" \/>\n<meta name=\"twitter:label1\" content=\"Est. reading time\" \/>\n\t<meta name=\"twitter:data1\" content=\"1 minute\" \/>\n<script type=\"application\/ld+json\" class=\"yoast-schema-graph\">{\"@context\":\"https:\/\/schema.org\",\"@graph\":[{\"@type\":\"WebPage\",\"@id\":\"https:\/\/nge.vn\/san-pham\/loi-nhua-dung-cho-cac-cuon-nhua-khong-co-loi-refilament\/\",\"url\":\"https:\/\/nge.vn\/san-pham\/loi-nhua-dung-cho-cac-cuon-nhua-khong-co-loi-refilament\/\",\"name\":\"L\u00f5i nh\u1ef1a d\u00f9ng cho c\u00e1c cu\u1ed9n nh\u1ef1a kh\u00f4ng c\u00f3 l\u1ecfi Refilament - NGE 3D Printers Services\",\"isPartOf\":{\"@id\":\"https:\/\/nge.vn\/#website\"},\"primaryImageOfPage\":{\"@id\":\"https:\/\/nge.vn\/san-pham\/loi-nhua-dung-cho-cac-cuon-nhua-khong-co-loi-refilament\/#primaryimage\"},\"image\":{\"@id\":\"https:\/\/nge.vn\/san-pham\/loi-nhua-dung-cho-cac-cuon-nhua-khong-co-loi-refilament\/#primaryimage\"},\"thumbnailUrl\":\"https:\/\/nge.vn\/wp-content\/uploads\/2024\/10\/images-upload-woo2F2cc8f7ed73ab88fb9a832d2658466c06.jpg\",\"datePublished\":\"2024-10-25T08:14:11+00:00\",\"dateModified\":\"2024-10-29T10:14:14+00:00\",\"breadcrumb\":{\"@id\":\"https:\/\/nge.vn\/san-pham\/loi-nhua-dung-cho-cac-cuon-nhua-khong-co-loi-refilament\/#breadcrumb\"},\"inLanguage\":\"en-US\",\"potentialAction\":[{\"@type\":\"ReadAction\",\"target\":[\"https:\/\/nge.vn\/san-pham\/loi-nhua-dung-cho-cac-cuon-nhua-khong-co-loi-refilament\/\"]}]},{\"@type\":\"ImageObject\",\"inLanguage\":\"en-US\",\"@id\":\"https:\/\/nge.vn\/san-pham\/loi-nhua-dung-cho-cac-cuon-nhua-khong-co-loi-refilament\/#primaryimage\",\"url\":\"https:\/\/nge.vn\/wp-content\/uploads\/2024\/10\/images-upload-woo2F2cc8f7ed73ab88fb9a832d2658466c06.jpg\",\"contentUrl\":\"https:\/\/nge.vn\/wp-content\/uploads\/2024\/10\/images-upload-woo2F2cc8f7ed73ab88fb9a832d2658466c06.jpg\",\"width\":770,\"height\":770},{\"@type\":\"BreadcrumbList\",\"@id\":\"https:\/\/nge.vn\/san-pham\/loi-nhua-dung-cho-cac-cuon-nhua-khong-co-loi-refilament\/#breadcrumb\",\"itemListElement\":[{\"@type\":\"ListItem\",\"position\":1,\"name\":\"Trang ch\u1ee7\",\"item\":\"https:\/\/nge.vn\/\"},{\"@type\":\"ListItem\",\"position\":2,\"name\":\"S\u1ea3n ph\u1ea9m\",\"item\":\"https:\/\/nge.vn\/san-pham\/\"},{\"@type\":\"ListItem\",\"position\":3,\"name\":\"L\u00f5i nh\u1ef1a d\u00f9ng cho c\u00e1c cu\u1ed9n nh\u1ef1a kh\u00f4ng c\u00f3 l\u1ecfi Refilament\"}]},{\"@type\":\"WebSite\",\"@id\":\"https:\/\/nge.vn\/#website\",\"url\":\"https:\/\/nge.vn\/\",\"name\":\"NGE 3D Printers Services\",\"description\":\"\",\"potentialAction\":[{\"@type\":\"SearchAction\",\"target\":{\"@type\":\"EntryPoint\",\"urlTemplate\":\"https:\/\/nge.vn\/?s={search_term_string}\"},\"query-input\":{\"@type\":\"PropertyValueSpecification\",\"valueRequired\":true,\"valueName\":\"search_term_string\"}}],\"inLanguage\":\"en-US\"}]}<\/script>\n<!-- \/ Yoast SEO Premium plugin. -->","yoast_head_json":{"title":"L\u00f5i nh\u1ef1a d\u00f9ng cho c\u00e1c cu\u1ed9n nh\u1ef1a kh\u00f4ng c\u00f3 l\u1ecfi Refilament - NGE 3D Printers Services","robots":{"index":"index","follow":"follow","max-snippet":"max-snippet:-1","max-image-preview":"max-image-preview:large","max-video-preview":"max-video-preview:-1"},"canonical":"https:\/\/nge.vn\/en\/product\/loi-nhua-dung-cho-cac-cuon-nhua-khong-co-loi-refilament\/","og_locale":"en_US","og_type":"article","og_title":"L\u00f5i nh\u1ef1a d\u00f9ng cho c\u00e1c cu\u1ed9n nh\u1ef1a kh\u00f4ng c\u00f3 l\u1ecfi Refilament","og_description":"L\u00f5i nh\u1ef1a d\u00f9ng cho c\u00e1c cu\u1ed9n nh\u1ef1a kh\u00f4ng c\u00f3 l\u1ecfi Refilament","og_url":"https:\/\/nge.vn\/en\/product\/loi-nhua-dung-cho-cac-cuon-nhua-khong-co-loi-refilament\/","og_site_name":"NGE 3D Printers Services","article_modified_time":"2024-10-29T10:14:14+00:00","og_image":[{"width":770,"height":770,"url":"https:\/\/nge.vn\/wp-content\/uploads\/2024\/10\/images-upload-woo2F2cc8f7ed73ab88fb9a832d2658466c06.jpg","type":"image\/jpeg"}],"twitter_card":"summary_large_image","twitter_misc":{"Est. reading time":"1 minute"},"schema":{"@context":"https:\/\/schema.org","@graph":[{"@type":"WebPage","@id":"https:\/\/nge.vn\/san-pham\/loi-nhua-dung-cho-cac-cuon-nhua-khong-co-loi-refilament\/","url":"https:\/\/nge.vn\/san-pham\/loi-nhua-dung-cho-cac-cuon-nhua-khong-co-loi-refilament\/","name":"L\u00f5i nh\u1ef1a d\u00f9ng cho c\u00e1c cu\u1ed9n nh\u1ef1a kh\u00f4ng c\u00f3 l\u1ecfi Refilament - NGE 3D Printers Services","isPartOf":{"@id":"https:\/\/nge.vn\/#website"},"primaryImageOfPage":{"@id":"https:\/\/nge.vn\/san-pham\/loi-nhua-dung-cho-cac-cuon-nhua-khong-co-loi-refilament\/#primaryimage"},"image":{"@id":"https:\/\/nge.vn\/san-pham\/loi-nhua-dung-cho-cac-cuon-nhua-khong-co-loi-refilament\/#primaryimage"},"thumbnailUrl":"https:\/\/nge.vn\/wp-content\/uploads\/2024\/10\/images-upload-woo2F2cc8f7ed73ab88fb9a832d2658466c06.jpg","datePublished":"2024-10-25T08:14:11+00:00","dateModified":"2024-10-29T10:14:14+00:00","breadcrumb":{"@id":"https:\/\/nge.vn\/san-pham\/loi-nhua-dung-cho-cac-cuon-nhua-khong-co-loi-refilament\/#breadcrumb"},"inLanguage":"en-US","potentialAction":[{"@type":"ReadAction","target":["https:\/\/nge.vn\/san-pham\/loi-nhua-dung-cho-cac-cuon-nhua-khong-co-loi-refilament\/"]}]},{"@type":"ImageObject","inLanguage":"en-US","@id":"https:\/\/nge.vn\/san-pham\/loi-nhua-dung-cho-cac-cuon-nhua-khong-co-loi-refilament\/#primaryimage","url":"https:\/\/nge.vn\/wp-content\/uploads\/2024\/10\/images-upload-woo2F2cc8f7ed73ab88fb9a832d2658466c06.jpg","contentUrl":"https:\/\/nge.vn\/wp-content\/uploads\/2024\/10\/images-upload-woo2F2cc8f7ed73ab88fb9a832d2658466c06.jpg","width":770,"height":770},{"@type":"BreadcrumbList","@id":"https:\/\/nge.vn\/san-pham\/loi-nhua-dung-cho-cac-cuon-nhua-khong-co-loi-refilament\/#breadcrumb","itemListElement":[{"@type":"ListItem","position":1,"name":"Trang ch\u1ee7","item":"https:\/\/nge.vn\/"},{"@type":"ListItem","position":2,"name":"S\u1ea3n ph\u1ea9m","item":"https:\/\/nge.vn\/san-pham\/"},{"@type":"ListItem","position":3,"name":"L\u00f5i nh\u1ef1a d\u00f9ng cho c\u00e1c cu\u1ed9n nh\u1ef1a kh\u00f4ng c\u00f3 l\u1ecfi Refilament"}]},{"@type":"WebSite","@id":"https:\/\/nge.vn\/#website","url":"https:\/\/nge.vn\/","name":"NGE 3D Printers Services","description":"","potentialAction":[{"@type":"SearchAction","target":{"@type":"EntryPoint","urlTemplate":"https:\/\/nge.vn\/?s={search_term_string}"},"query-input":{"@type":"PropertyValueSpecification","valueRequired":true,"valueName":"search_term_string"}}],"inLanguage":"en-US"}]}},"_links":{"self":[{"href":"https:\/\/nge.vn\/en\/wp-json\/wp\/v2\/product\/1205","targetHints":{"allow":["GET"]}}],"collection":[{"href":"https:\/\/nge.vn\/en\/wp-json\/wp\/v2\/product"}],"about":[{"href":"https:\/\/nge.vn\/en\/wp-json\/wp\/v2\/types\/product"}],"replies":[{"embeddable":true,"href":"https:\/\/nge.vn\/en\/wp-json\/wp\/v2\/comments?post=1205"}],"wp:featuredmedia":[{"embeddable":true,"href":"https:\/\/nge.vn\/en\/wp-json\/wp\/v2\/media\/1196"}],"wp:attachment":[{"href":"https:\/\/nge.vn\/en\/wp-json\/wp\/v2\/media?parent=1205"}],"wp:term":[{"taxonomy":"product_brand","embeddable":true,"href":"https:\/\/nge.vn\/en\/wp-json\/wp\/v2\/product_brand?post=1205"},{"taxonomy":"product_cat","embeddable":true,"href":"https:\/\/nge.vn\/en\/wp-json\/wp\/v2\/product_cat?post=1205"},{"taxonomy":"product_tag","embeddable":true,"href":"https:\/\/nge.vn\/en\/wp-json\/wp\/v2\/product_tag?post=1205"}],"curies":[{"name":"wp","href":"https:\/\/api.w.org\/{rel}","templated":true}]}}